{"id":115,"date":"2024-07-17T08:53:40","date_gmt":"2024-07-17T08:53:40","guid":{"rendered":"https:\/\/worldsofmagic.net\/?post_type=product&#038;p=115"},"modified":"2025-05-13T11:58:06","modified_gmt":"2025-05-13T11:58:06","slug":"magic-the-gathering-bloomburrow-deck-commander-display-4-decks-fr","status":"publish","type":"product","link":"https:\/\/worldsofmagic.net\/fr\/produit\/magic-the-gathering-bloomburrow-deck-commander-display-4-decks-fr\/","title":{"rendered":"Magic: The Gathering \u2013 Bloomburrow\u00a0\u2013 Deck Commander Display (4 decks) \u2013 FR\ud83c\uddeb\ud83c\uddf7"},"content":{"rendered":"<p><u><b>Magic: The Gathering \u2013 Bloomburrow \u2013 Pr\u00e9sentoir de deck Commander (4 decks) \u2013 FR<\/b><\/u><\/p>\n<p><b>\u00e9diteur : Les Sorciers de la C\u00f4te<\/b><\/p>\n<p><b>version anglaise<\/b><\/p>\n<p>&nbsp;<\/p>\n<p>&nbsp;<\/p>\n<p>Dans Bloomburrow, Vall\u00e9e est menac\u00e9e par des forces \u00e9l\u00e9mentaires qui se d\u00e9cha\u00eenent, et son salut repose sur les \u00e9paules de ses plus minuscules protecteurs.<\/p>\n<p>Les joueurs devront p\u00e9n\u00e9trer de patte ferme dans ce monde, et combattre aux c\u00f4t\u00e9s de souris, de grenouilles, de chauves-souris, d&#039;oiseaux et d&#039;une myriade d&#039;autres petites cr\u00e9atures pour restaurer l&#039;\u00e9quilibre de la paix et prouver que le courage n\u2019est pas une question de taille.<\/p>\n<p>&nbsp;<\/p>\n<p>En Commander, quatre joueurs s&#039;affrontent pour montrer leur force et leur strat\u00e9gie ; mais seulement l&#039;un d&#039;entre eux sortira vainqueur de cette bataille.<\/p>\n<p>&nbsp;<\/p>\n<p><strong>Contenu :<\/strong><\/p>\n<p>Ce pack contient 4 decks Commander Magic: The Gathering \u2013 Bloomburrow.<\/p>\n<p>&nbsp;<\/p>\n<p><strong>Chaque deck contient :<\/strong><\/p>\n<p>1 jeu pr\u00eat-\u00e0-jouer de 100 cartes Magic (1 carte principale Premium sans bordure, 1 carte Premium Imaginez : courageuses bestioles sans bordure, 98 cartes non Premium)<\/p>\n<p>Un booster collector \u00e9chantillon de 2 cartes<\/p>\n<p>10 jetons recto-verso<\/p>\n<p>1 bo\u00eete de deck (pouvant contenir 100 cartes avec prot\u00e8ge-cartes)<\/p>\n<p>1 roue \u00e0 points de vie<\/p>\n<p>1 feuillet de strat\u00e9gie<\/p>\n<p>1 fiche de r\u00e9f\u00e9rence<img fetchpriority=\"high\" decoding=\"async\" class=\"alignnone size-full wp-image-114\" src=\"https:\/\/worldsofmagic.net\/wp-content\/uploads\/2024\/07\/774140.png\" alt=\"\" width=\"300\" height=\"300\" srcset=\"https:\/\/worldsofmagic.net\/wp-content\/uploads\/2024\/07\/774140.png 300w, https:\/\/worldsofmagic.net\/wp-content\/uploads\/2024\/07\/774140-100x100.png 100w, https:\/\/worldsofmagic.net\/wp-content\/uploads\/2024\/07\/774140-200x200.png 200w\" sizes=\"(max-width: 300px) 100vw, 300px\" \/><\/p>","protected":false},"excerpt":{"rendered":"<p><img fetchpriority=\"high\" decoding=\"async\" class=\"alignnone size-full wp-image-114\" src=\"https:\/\/worldsofmagic.net\/wp-content\/uploads\/2024\/07\/774140.png\" alt=\"\" width=\"300\" height=\"300\" srcset=\"https:\/\/worldsofmagic.net\/wp-content\/uploads\/2024\/07\/774140.png 300w, https:\/\/worldsofmagic.net\/wp-content\/uploads\/2024\/07\/774140-100x100.png 100w, https:\/\/worldsofmagic.net\/wp-content\/uploads\/2024\/07\/774140-200x200.png 200w\" sizes=\"(max-width: 300px) 100vw, 300px\" \/><\/p>","protected":false},"featured_media":114,"comment_status":"open","ping_status":"closed","template":"","meta":[],"product_cat":[21],"product_tag":[],"class_list":{"0":"post-115","1":"product","2":"type-product","3":"status-publish","4":"has-post-thumbnail","6":"product_cat-magic-the-gathering","8":"first","9":"outofstock","10":"taxable","11":"shipping-taxable","12":"purchasable","13":"product-type-simple"},"yoast_head":"<!-- This site is optimized with the Yoast SEO plugin v23.6 - https:\/\/yoast.com\/wordpress\/plugins\/seo\/ -->\n<title>\ud83c\uddeb\ud83c\uddf7Magic: The Gathering - Bloomburrow\u00a0- Deck Commander Display (4 decks) - FR - Worlds Of Magic<\/title>\n<meta name=\"robots\" content=\"index, follow, max-snippet:-1, max-image-preview:large, max-video-preview:-1\" \/>\n<link rel=\"canonical\" href=\"https:\/\/worldsofmagic.net\/fr\/produit\/magic-the-gathering-bloomburrow-deck-commander-display-4-decks-fr\/\" \/>\n<meta property=\"og:locale\" content=\"fr_FR\" \/>\n<meta property=\"og:type\" content=\"article\" \/>\n<meta property=\"og:title\" content=\"\ud83c\uddeb\ud83c\uddf7Magic: The Gathering - Bloomburrow\u00a0- Deck Commander Display (4 decks) - FR - Worlds Of Magic\" \/>\n<meta property=\"og:url\" content=\"https:\/\/worldsofmagic.net\/fr\/produit\/magic-the-gathering-bloomburrow-deck-commander-display-4-decks-fr\/\" \/>\n<meta property=\"og:site_name\" content=\"Worlds Of Magic\" \/>\n<meta property=\"article:modified_time\" content=\"2025-05-13T11:58:06+00:00\" \/>\n<meta property=\"og:image\" content=\"https:\/\/worldsofmagic.net\/wp-content\/uploads\/2024\/07\/774140.png\" \/>\n\t<meta property=\"og:image:width\" content=\"300\" \/>\n\t<meta property=\"og:image:height\" content=\"300\" \/>\n\t<meta property=\"og:image:type\" content=\"image\/png\" \/>\n<meta name=\"twitter:card\" content=\"summary_large_image\" \/>\n<meta name=\"twitter:label1\" content=\"Dur\u00e9e de lecture estim\u00e9e\" \/>\n\t<meta name=\"twitter:data1\" content=\"2 minutes\" \/>\n<script type=\"application\/ld+json\" class=\"yoast-schema-graph\">{\"@context\":\"https:\/\/schema.org\",\"@graph\":[{\"@type\":\"WebPage\",\"@id\":\"https:\/\/worldsofmagic.net\/product\/magic-the-gathering-bloomburrow-deck-commander-display-4-decks-fr\/\",\"url\":\"https:\/\/worldsofmagic.net\/product\/magic-the-gathering-bloomburrow-deck-commander-display-4-decks-fr\/\",\"name\":\"\ud83c\uddeb\ud83c\uddf7Magic: The Gathering - Bloomburrow\u00a0- Deck Commander Display (4 decks) - FR - Worlds Of Magic\",\"isPartOf\":{\"@id\":\"https:\/\/worldsofmagic.net\/#website\"},\"primaryImageOfPage\":{\"@id\":\"https:\/\/worldsofmagic.net\/product\/magic-the-gathering-bloomburrow-deck-commander-display-4-decks-fr\/#primaryimage\"},\"image\":{\"@id\":\"https:\/\/worldsofmagic.net\/product\/magic-the-gathering-bloomburrow-deck-commander-display-4-decks-fr\/#primaryimage\"},\"thumbnailUrl\":\"https:\/\/worldsofmagic.net\/wp-content\/uploads\/2024\/07\/774140.png\",\"datePublished\":\"2024-07-17T08:53:40+00:00\",\"dateModified\":\"2025-05-13T11:58:06+00:00\",\"breadcrumb\":{\"@id\":\"https:\/\/worldsofmagic.net\/product\/magic-the-gathering-bloomburrow-deck-commander-display-4-decks-fr\/#breadcrumb\"},\"inLanguage\":\"fr-FR\",\"potentialAction\":[{\"@type\":\"ReadAction\",\"target\":[\"https:\/\/worldsofmagic.net\/product\/magic-the-gathering-bloomburrow-deck-commander-display-4-decks-fr\/\"]}]},{\"@type\":\"ImageObject\",\"inLanguage\":\"fr-FR\",\"@id\":\"https:\/\/worldsofmagic.net\/product\/magic-the-gathering-bloomburrow-deck-commander-display-4-decks-fr\/#primaryimage\",\"url\":\"https:\/\/worldsofmagic.net\/wp-content\/uploads\/2024\/07\/774140.png\",\"contentUrl\":\"https:\/\/worldsofmagic.net\/wp-content\/uploads\/2024\/07\/774140.png\",\"width\":300,\"height\":300},{\"@type\":\"BreadcrumbList\",\"@id\":\"https:\/\/worldsofmagic.net\/product\/magic-the-gathering-bloomburrow-deck-commander-display-4-decks-fr\/#breadcrumb\",\"itemListElement\":[{\"@type\":\"ListItem\",\"position\":1,\"name\":\"Accueil\",\"item\":\"https:\/\/worldsofmagic.net\/\"},{\"@type\":\"ListItem\",\"position\":2,\"name\":\"Shop\",\"item\":\"https:\/\/worldsofmagic.net\/shop\/\"},{\"@type\":\"ListItem\",\"position\":3,\"name\":\"\ud83c\uddeb\ud83c\uddf7Magic: The Gathering &#8211; Bloomburrow\u00a0&#8211; Deck Commander Display (4 decks) &#8211; FR\"}]},{\"@type\":\"WebSite\",\"@id\":\"https:\/\/worldsofmagic.net\/#website\",\"url\":\"https:\/\/worldsofmagic.net\/\",\"name\":\"Worlds Of Magic\",\"description\":\"\",\"publisher\":{\"@id\":\"https:\/\/worldsofmagic.net\/#organization\"},\"potentialAction\":[{\"@type\":\"SearchAction\",\"target\":{\"@type\":\"EntryPoint\",\"urlTemplate\":\"https:\/\/worldsofmagic.net\/?s={search_term_string}\"},\"query-input\":{\"@type\":\"PropertyValueSpecification\",\"valueRequired\":true,\"valueName\":\"search_term_string\"}}],\"inLanguage\":\"fr-FR\"},{\"@type\":\"Organization\",\"@id\":\"https:\/\/worldsofmagic.net\/#organization\",\"name\":\"Worlds Of Magic\",\"alternateName\":\"Worlds Of Magic\",\"url\":\"https:\/\/worldsofmagic.net\/\",\"logo\":{\"@type\":\"ImageObject\",\"inLanguage\":\"fr-FR\",\"@id\":\"https:\/\/worldsofmagic.net\/#\/schema\/logo\/image\/\",\"url\":\"https:\/\/worldsofmagic.net\/wp-content\/uploads\/2024\/07\/image.png\",\"contentUrl\":\"https:\/\/worldsofmagic.net\/wp-content\/uploads\/2024\/07\/image.png\",\"width\":1072,\"height\":341,\"caption\":\"Worlds Of Magic\"},\"image\":{\"@id\":\"https:\/\/worldsofmagic.net\/#\/schema\/logo\/image\/\"}}]}<\/script>\n<!-- \/ Yoast SEO plugin. -->","yoast_head_json":{"title":"\ud83c\uddeb\ud83c\uddf7Magic: The Gathering - Bloomburrow\u00a0- Deck Commander Display (4 decks) - FR - Worlds Of Magic","robots":{"index":"index","follow":"follow","max-snippet":"max-snippet:-1","max-image-preview":"max-image-preview:large","max-video-preview":"max-video-preview:-1"},"canonical":"https:\/\/worldsofmagic.net\/fr\/produit\/magic-the-gathering-bloomburrow-deck-commander-display-4-decks-fr\/","og_locale":"fr_FR","og_type":"article","og_title":"\ud83c\uddeb\ud83c\uddf7Magic: The Gathering - Bloomburrow\u00a0- Deck Commander Display (4 decks) - FR - Worlds Of Magic","og_url":"https:\/\/worldsofmagic.net\/fr\/produit\/magic-the-gathering-bloomburrow-deck-commander-display-4-decks-fr\/","og_site_name":"Worlds Of Magic","article_modified_time":"2025-05-13T11:58:06+00:00","og_image":[{"width":300,"height":300,"url":"https:\/\/worldsofmagic.net\/wp-content\/uploads\/2024\/07\/774140.png","type":"image\/png"}],"twitter_card":"summary_large_image","twitter_misc":{"Dur\u00e9e de lecture estim\u00e9e":"2 minutes"},"schema":{"@context":"https:\/\/schema.org","@graph":[{"@type":"WebPage","@id":"https:\/\/worldsofmagic.net\/product\/magic-the-gathering-bloomburrow-deck-commander-display-4-decks-fr\/","url":"https:\/\/worldsofmagic.net\/product\/magic-the-gathering-bloomburrow-deck-commander-display-4-decks-fr\/","name":"\ud83c\uddeb\ud83c\uddf7Magic: The Gathering - Bloomburrow\u00a0- Deck Commander Display (4 decks) - FR - Worlds Of Magic","isPartOf":{"@id":"https:\/\/worldsofmagic.net\/#website"},"primaryImageOfPage":{"@id":"https:\/\/worldsofmagic.net\/product\/magic-the-gathering-bloomburrow-deck-commander-display-4-decks-fr\/#primaryimage"},"image":{"@id":"https:\/\/worldsofmagic.net\/product\/magic-the-gathering-bloomburrow-deck-commander-display-4-decks-fr\/#primaryimage"},"thumbnailUrl":"https:\/\/worldsofmagic.net\/wp-content\/uploads\/2024\/07\/774140.png","datePublished":"2024-07-17T08:53:40+00:00","dateModified":"2025-05-13T11:58:06+00:00","breadcrumb":{"@id":"https:\/\/worldsofmagic.net\/product\/magic-the-gathering-bloomburrow-deck-commander-display-4-decks-fr\/#breadcrumb"},"inLanguage":"fr-FR","potentialAction":[{"@type":"ReadAction","target":["https:\/\/worldsofmagic.net\/product\/magic-the-gathering-bloomburrow-deck-commander-display-4-decks-fr\/"]}]},{"@type":"ImageObject","inLanguage":"fr-FR","@id":"https:\/\/worldsofmagic.net\/product\/magic-the-gathering-bloomburrow-deck-commander-display-4-decks-fr\/#primaryimage","url":"https:\/\/worldsofmagic.net\/wp-content\/uploads\/2024\/07\/774140.png","contentUrl":"https:\/\/worldsofmagic.net\/wp-content\/uploads\/2024\/07\/774140.png","width":300,"height":300},{"@type":"BreadcrumbList","@id":"https:\/\/worldsofmagic.net\/product\/magic-the-gathering-bloomburrow-deck-commander-display-4-decks-fr\/#breadcrumb","itemListElement":[{"@type":"ListItem","position":1,"name":"Accueil","item":"https:\/\/worldsofmagic.net\/"},{"@type":"ListItem","position":2,"name":"Shop","item":"https:\/\/worldsofmagic.net\/shop\/"},{"@type":"ListItem","position":3,"name":"\ud83c\uddeb\ud83c\uddf7Magic: The Gathering &#8211; Bloomburrow\u00a0&#8211; Deck Commander Display (4 decks) &#8211; FR"}]},{"@type":"WebSite","@id":"https:\/\/worldsofmagic.net\/#website","url":"https:\/\/worldsofmagic.net\/","name":"Worlds Of Magic","description":"","publisher":{"@id":"https:\/\/worldsofmagic.net\/#organization"},"potentialAction":[{"@type":"SearchAction","target":{"@type":"EntryPoint","urlTemplate":"https:\/\/worldsofmagic.net\/?s={search_term_string}"},"query-input":{"@type":"PropertyValueSpecification","valueRequired":true,"valueName":"search_term_string"}}],"inLanguage":"fr-FR"},{"@type":"Organization","@id":"https:\/\/worldsofmagic.net\/#organization","name":"Worlds Of Magic","alternateName":"Worlds Of Magic","url":"https:\/\/worldsofmagic.net\/","logo":{"@type":"ImageObject","inLanguage":"fr-FR","@id":"https:\/\/worldsofmagic.net\/#\/schema\/logo\/image\/","url":"https:\/\/worldsofmagic.net\/wp-content\/uploads\/2024\/07\/image.png","contentUrl":"https:\/\/worldsofmagic.net\/wp-content\/uploads\/2024\/07\/image.png","width":1072,"height":341,"caption":"Worlds Of Magic"},"image":{"@id":"https:\/\/worldsofmagic.net\/#\/schema\/logo\/image\/"}}]}},"jetpack_sharing_enabled":true,"_links":{"self":[{"href":"https:\/\/worldsofmagic.net\/fr\/wp-json\/wp\/v2\/product\/115"}],"collection":[{"href":"https:\/\/worldsofmagic.net\/fr\/wp-json\/wp\/v2\/product"}],"about":[{"href":"https:\/\/worldsofmagic.net\/fr\/wp-json\/wp\/v2\/types\/product"}],"replies":[{"embeddable":true,"href":"https:\/\/worldsofmagic.net\/fr\/wp-json\/wp\/v2\/comments?post=115"}],"wp:featuredmedia":[{"embeddable":true,"href":"https:\/\/worldsofmagic.net\/fr\/wp-json\/wp\/v2\/media\/114"}],"wp:attachment":[{"href":"https:\/\/worldsofmagic.net\/fr\/wp-json\/wp\/v2\/media?parent=115"}],"wp:term":[{"taxonomy":"product_cat","embeddable":true,"href":"https:\/\/worldsofmagic.net\/fr\/wp-json\/wp\/v2\/product_cat?post=115"},{"taxonomy":"product_tag","embeddable":true,"href":"https:\/\/worldsofmagic.net\/fr\/wp-json\/wp\/v2\/product_tag?post=115"}],"curies":[{"name":"wp","href":"https:\/\/api.w.org\/{rel}","templated":true}]}}