{"id":1361,"date":"2024-10-19T13:29:31","date_gmt":"2024-10-19T13:29:31","guid":{"rendered":"https:\/\/worldsofmagic.net\/?post_type=product&#038;p=1361"},"modified":"2025-08-04T19:20:50","modified_gmt":"2025-08-04T19:20:50","slug":"100-dragon-shield-sleeves-dual-matte-justice","status":"publish","type":"product","link":"https:\/\/worldsofmagic.net\/fr\/produit\/100-dragon-shield-sleeves-dual-matte-justice\/","title":{"rendered":"100  prot\u00e8ge-cartes Dragon Shield \u2013  Dual Matte Justice"},"content":{"rendered":"<div id=\"short_description_content\" class=\"rte align_justify\">\n<div class=\"desc\">\n<p>Pochettes Dragon Shield Dual Matte. Recto transparent et verso mat textur\u00e9. Pochettes enti\u00e8rement opaques avec un int\u00e9rieur noir, une toile de fond \u00e9l\u00e9gante pour les cartes \u00e0 bordure noire.<\/p>\n<p>La bo\u00eete en carton robuste peut contenir plus de 75 cartes \u00e0 pochette simple ou plus de 65 cartes \u00e0 pochette double. Chaque bo\u00eete est dot\u00e9e d&#039;une \u00e9tiquette sur le dessus pour la personnalisation.<\/p>\n<p><strong>Mat\u00e9riau de la manche<\/strong><\/p>\n<ul>\n<li>Pochettes en polypropyl\u00e8ne sans PVC, sans acide. Archivage s\u00e9curis\u00e9.<\/li>\n<\/ul>\n<p><strong>Qualit\u00e9 des manches<\/strong><\/p>\n<ul>\n<li>\u00c9paisseur de qualit\u00e9 120 \u03bcm.<\/li>\n<\/ul>\n<p><strong>Taille des manches<\/strong><\/p>\n<ul>\n<li>Pour les cartes de taille standard mesurant jusqu&#039;\u00e0 63 \u00d7 88 mm (2\u00bd\u201d x 3\u00bd\u201d).<\/li>\n<\/ul>\n<\/div>\n<\/div>","protected":false},"excerpt":{"rendered":"<div class=\"desc\">\n<p>Pochettes Dragon Shield Dual Matte. Recto transparent et verso mat textur\u00e9. Pochettes enti\u00e8rement opaques avec un int\u00e9rieur noir, une toile de fond \u00e9l\u00e9gante pour les cartes \u00e0 bordure noire.<\/p>\n<p>La bo\u00eete en carton robuste peut contenir plus de 75 cartes \u00e0 pochette simple ou plus de 65 cartes \u00e0 pochette double. Chaque bo\u00eete est dot\u00e9e d&#039;une \u00e9tiquette sur le dessus pour la personnalisation.<\/p>\n<\/div>","protected":false},"featured_media":1362,"comment_status":"open","ping_status":"closed","template":"","meta":[],"product_cat":[42,56],"product_tag":[],"class_list":{"0":"post-1361","1":"product","2":"type-product","3":"status-publish","4":"has-post-thumbnail","6":"product_cat-accesories","7":"product_cat-sleeves","9":"first","10":"instock","11":"purchasable","12":"product-type-variable"},"yoast_head":"<!-- This site is optimized with the Yoast SEO plugin v23.6 - https:\/\/yoast.com\/wordpress\/plugins\/seo\/ -->\n<title>100 Dragon Shield Sleeves - Dual Matte Justice - Worlds Of Magic<\/title>\n<meta name=\"description\" content=\"100 prot\u00e8ges cartes &quot;dual matte&quot; de la marque Dragon Shield vendues dans une boite cartonn\u00e9e pouvant accueillir votre deck.Compatible avec des cartes de dimensions standardes (Magic, etc 63*88)\" \/>\n<meta name=\"robots\" content=\"index, follow, max-snippet:-1, max-image-preview:large, max-video-preview:-1\" \/>\n<link rel=\"canonical\" href=\"https:\/\/worldsofmagic.net\/fr\/produit\/100-dragon-shield-sleeves-dual-matte-justice\/\" \/>\n<meta property=\"og:locale\" content=\"fr_FR\" \/>\n<meta property=\"og:type\" content=\"article\" \/>\n<meta property=\"og:title\" content=\"100 Dragon Shield Sleeves - Dual Matte Justice - Worlds Of Magic\" \/>\n<meta property=\"og:description\" content=\"100 prot\u00e8ges cartes &quot;dual matte&quot; de la marque Dragon Shield vendues dans une boite cartonn\u00e9e pouvant accueillir votre deck.Compatible avec des cartes de dimensions standardes (Magic, etc 63*88)\" \/>\n<meta property=\"og:url\" content=\"https:\/\/worldsofmagic.net\/fr\/produit\/100-dragon-shield-sleeves-dual-matte-justice\/\" \/>\n<meta property=\"og:site_name\" content=\"Worlds Of Magic\" \/>\n<meta property=\"article:modified_time\" content=\"2025-08-04T19:20:50+00:00\" \/>\n<meta property=\"og:image\" content=\"https:\/\/worldsofmagic.net\/wp-content\/uploads\/2024\/10\/741078.png\" \/>\n\t<meta property=\"og:image:width\" content=\"300\" \/>\n\t<meta property=\"og:image:height\" content=\"300\" \/>\n\t<meta property=\"og:image:type\" content=\"image\/png\" \/>\n<meta name=\"twitter:card\" content=\"summary_large_image\" \/>\n<meta name=\"twitter:label1\" content=\"Dur\u00e9e de lecture estim\u00e9e\" \/>\n\t<meta name=\"twitter:data1\" content=\"1 minute\" \/>\n<script type=\"application\/ld+json\" class=\"yoast-schema-graph\">{\"@context\":\"https:\/\/schema.org\",\"@graph\":[{\"@type\":\"WebPage\",\"@id\":\"https:\/\/worldsofmagic.net\/product\/100-dragon-shield-sleeves-dual-matte-justice\/\",\"url\":\"https:\/\/worldsofmagic.net\/product\/100-dragon-shield-sleeves-dual-matte-justice\/\",\"name\":\"100 Dragon Shield Sleeves - Dual Matte Justice - Worlds Of Magic\",\"isPartOf\":{\"@id\":\"https:\/\/worldsofmagic.net\/#website\"},\"primaryImageOfPage\":{\"@id\":\"https:\/\/worldsofmagic.net\/product\/100-dragon-shield-sleeves-dual-matte-justice\/#primaryimage\"},\"image\":{\"@id\":\"https:\/\/worldsofmagic.net\/product\/100-dragon-shield-sleeves-dual-matte-justice\/#primaryimage\"},\"thumbnailUrl\":\"https:\/\/worldsofmagic.net\/wp-content\/uploads\/2024\/10\/741078.png\",\"datePublished\":\"2024-10-19T13:29:31+00:00\",\"dateModified\":\"2025-08-04T19:20:50+00:00\",\"description\":\"100 prot\u00e8ges cartes \\\"dual matte\\\" de la marque Dragon Shield vendues dans une boite cartonn\u00e9e pouvant accueillir votre deck.Compatible avec des cartes de dimensions standardes (Magic, etc 63*88)\",\"breadcrumb\":{\"@id\":\"https:\/\/worldsofmagic.net\/product\/100-dragon-shield-sleeves-dual-matte-justice\/#breadcrumb\"},\"inLanguage\":\"fr-FR\",\"potentialAction\":[{\"@type\":\"ReadAction\",\"target\":[\"https:\/\/worldsofmagic.net\/product\/100-dragon-shield-sleeves-dual-matte-justice\/\"]}]},{\"@type\":\"ImageObject\",\"inLanguage\":\"fr-FR\",\"@id\":\"https:\/\/worldsofmagic.net\/product\/100-dragon-shield-sleeves-dual-matte-justice\/#primaryimage\",\"url\":\"https:\/\/worldsofmagic.net\/wp-content\/uploads\/2024\/10\/741078.png\",\"contentUrl\":\"https:\/\/worldsofmagic.net\/wp-content\/uploads\/2024\/10\/741078.png\",\"width\":300,\"height\":300},{\"@type\":\"BreadcrumbList\",\"@id\":\"https:\/\/worldsofmagic.net\/product\/100-dragon-shield-sleeves-dual-matte-justice\/#breadcrumb\",\"itemListElement\":[{\"@type\":\"ListItem\",\"position\":1,\"name\":\"Accueil\",\"item\":\"https:\/\/worldsofmagic.net\/\"},{\"@type\":\"ListItem\",\"position\":2,\"name\":\"Shop\",\"item\":\"https:\/\/worldsofmagic.net\/shop\/\"},{\"@type\":\"ListItem\",\"position\":3,\"name\":\"100 Dragon Shield Sleeves &#8211; Dual Matte Justice\"}]},{\"@type\":\"WebSite\",\"@id\":\"https:\/\/worldsofmagic.net\/#website\",\"url\":\"https:\/\/worldsofmagic.net\/\",\"name\":\"Worlds Of Magic\",\"description\":\"\",\"publisher\":{\"@id\":\"https:\/\/worldsofmagic.net\/#organization\"},\"potentialAction\":[{\"@type\":\"SearchAction\",\"target\":{\"@type\":\"EntryPoint\",\"urlTemplate\":\"https:\/\/worldsofmagic.net\/?s={search_term_string}\"},\"query-input\":{\"@type\":\"PropertyValueSpecification\",\"valueRequired\":true,\"valueName\":\"search_term_string\"}}],\"inLanguage\":\"fr-FR\"},{\"@type\":\"Organization\",\"@id\":\"https:\/\/worldsofmagic.net\/#organization\",\"name\":\"Worlds Of Magic\",\"alternateName\":\"Worlds Of Magic\",\"url\":\"https:\/\/worldsofmagic.net\/\",\"logo\":{\"@type\":\"ImageObject\",\"inLanguage\":\"fr-FR\",\"@id\":\"https:\/\/worldsofmagic.net\/#\/schema\/logo\/image\/\",\"url\":\"https:\/\/worldsofmagic.net\/wp-content\/uploads\/2024\/07\/image.png\",\"contentUrl\":\"https:\/\/worldsofmagic.net\/wp-content\/uploads\/2024\/07\/image.png\",\"width\":1072,\"height\":341,\"caption\":\"Worlds Of Magic\"},\"image\":{\"@id\":\"https:\/\/worldsofmagic.net\/#\/schema\/logo\/image\/\"}}]}<\/script>\n<!-- \/ Yoast SEO plugin. -->","yoast_head_json":{"title":"100 Dragon Shield Sleeves - Dual Matte Justice - Worlds Of Magic","description":"100 prot\u00e8ges cartes \"dual matte\" de la marque Dragon Shield vendues dans une boite cartonn\u00e9e pouvant accueillir votre deck.Compatible avec des cartes de dimensions standardes (Magic, etc 63*88)","robots":{"index":"index","follow":"follow","max-snippet":"max-snippet:-1","max-image-preview":"max-image-preview:large","max-video-preview":"max-video-preview:-1"},"canonical":"https:\/\/worldsofmagic.net\/fr\/produit\/100-dragon-shield-sleeves-dual-matte-justice\/","og_locale":"fr_FR","og_type":"article","og_title":"100 Dragon Shield Sleeves - Dual Matte Justice - Worlds Of Magic","og_description":"100 prot\u00e8ges cartes \"dual matte\" de la marque Dragon Shield vendues dans une boite cartonn\u00e9e pouvant accueillir votre deck.Compatible avec des cartes de dimensions standardes (Magic, etc 63*88)","og_url":"https:\/\/worldsofmagic.net\/fr\/produit\/100-dragon-shield-sleeves-dual-matte-justice\/","og_site_name":"Worlds Of Magic","article_modified_time":"2025-08-04T19:20:50+00:00","og_image":[{"width":300,"height":300,"url":"https:\/\/worldsofmagic.net\/wp-content\/uploads\/2024\/10\/741078.png","type":"image\/png"}],"twitter_card":"summary_large_image","twitter_misc":{"Dur\u00e9e de lecture estim\u00e9e":"1 minute"},"schema":{"@context":"https:\/\/schema.org","@graph":[{"@type":"WebPage","@id":"https:\/\/worldsofmagic.net\/product\/100-dragon-shield-sleeves-dual-matte-justice\/","url":"https:\/\/worldsofmagic.net\/product\/100-dragon-shield-sleeves-dual-matte-justice\/","name":"100 Dragon Shield Sleeves - Dual Matte Justice - Worlds Of Magic","isPartOf":{"@id":"https:\/\/worldsofmagic.net\/#website"},"primaryImageOfPage":{"@id":"https:\/\/worldsofmagic.net\/product\/100-dragon-shield-sleeves-dual-matte-justice\/#primaryimage"},"image":{"@id":"https:\/\/worldsofmagic.net\/product\/100-dragon-shield-sleeves-dual-matte-justice\/#primaryimage"},"thumbnailUrl":"https:\/\/worldsofmagic.net\/wp-content\/uploads\/2024\/10\/741078.png","datePublished":"2024-10-19T13:29:31+00:00","dateModified":"2025-08-04T19:20:50+00:00","description":"100 prot\u00e8ges cartes \"dual matte\" de la marque Dragon Shield vendues dans une boite cartonn\u00e9e pouvant accueillir votre deck.Compatible avec des cartes de dimensions standardes (Magic, etc 63*88)","breadcrumb":{"@id":"https:\/\/worldsofmagic.net\/product\/100-dragon-shield-sleeves-dual-matte-justice\/#breadcrumb"},"inLanguage":"fr-FR","potentialAction":[{"@type":"ReadAction","target":["https:\/\/worldsofmagic.net\/product\/100-dragon-shield-sleeves-dual-matte-justice\/"]}]},{"@type":"ImageObject","inLanguage":"fr-FR","@id":"https:\/\/worldsofmagic.net\/product\/100-dragon-shield-sleeves-dual-matte-justice\/#primaryimage","url":"https:\/\/worldsofmagic.net\/wp-content\/uploads\/2024\/10\/741078.png","contentUrl":"https:\/\/worldsofmagic.net\/wp-content\/uploads\/2024\/10\/741078.png","width":300,"height":300},{"@type":"BreadcrumbList","@id":"https:\/\/worldsofmagic.net\/product\/100-dragon-shield-sleeves-dual-matte-justice\/#breadcrumb","itemListElement":[{"@type":"ListItem","position":1,"name":"Accueil","item":"https:\/\/worldsofmagic.net\/"},{"@type":"ListItem","position":2,"name":"Shop","item":"https:\/\/worldsofmagic.net\/shop\/"},{"@type":"ListItem","position":3,"name":"100 Dragon Shield Sleeves &#8211; Dual Matte Justice"}]},{"@type":"WebSite","@id":"https:\/\/worldsofmagic.net\/#website","url":"https:\/\/worldsofmagic.net\/","name":"Worlds Of Magic","description":"","publisher":{"@id":"https:\/\/worldsofmagic.net\/#organization"},"potentialAction":[{"@type":"SearchAction","target":{"@type":"EntryPoint","urlTemplate":"https:\/\/worldsofmagic.net\/?s={search_term_string}"},"query-input":{"@type":"PropertyValueSpecification","valueRequired":true,"valueName":"search_term_string"}}],"inLanguage":"fr-FR"},{"@type":"Organization","@id":"https:\/\/worldsofmagic.net\/#organization","name":"Worlds Of Magic","alternateName":"Worlds Of Magic","url":"https:\/\/worldsofmagic.net\/","logo":{"@type":"ImageObject","inLanguage":"fr-FR","@id":"https:\/\/worldsofmagic.net\/#\/schema\/logo\/image\/","url":"https:\/\/worldsofmagic.net\/wp-content\/uploads\/2024\/07\/image.png","contentUrl":"https:\/\/worldsofmagic.net\/wp-content\/uploads\/2024\/07\/image.png","width":1072,"height":341,"caption":"Worlds Of Magic"},"image":{"@id":"https:\/\/worldsofmagic.net\/#\/schema\/logo\/image\/"}}]}},"jetpack_sharing_enabled":true,"_links":{"self":[{"href":"https:\/\/worldsofmagic.net\/fr\/wp-json\/wp\/v2\/product\/1361"}],"collection":[{"href":"https:\/\/worldsofmagic.net\/fr\/wp-json\/wp\/v2\/product"}],"about":[{"href":"https:\/\/worldsofmagic.net\/fr\/wp-json\/wp\/v2\/types\/product"}],"replies":[{"embeddable":true,"href":"https:\/\/worldsofmagic.net\/fr\/wp-json\/wp\/v2\/comments?post=1361"}],"wp:featuredmedia":[{"embeddable":true,"href":"https:\/\/worldsofmagic.net\/fr\/wp-json\/wp\/v2\/media\/1362"}],"wp:attachment":[{"href":"https:\/\/worldsofmagic.net\/fr\/wp-json\/wp\/v2\/media?parent=1361"}],"wp:term":[{"taxonomy":"product_cat","embeddable":true,"href":"https:\/\/worldsofmagic.net\/fr\/wp-json\/wp\/v2\/product_cat?post=1361"},{"taxonomy":"product_tag","embeddable":true,"href":"https:\/\/worldsofmagic.net\/fr\/wp-json\/wp\/v2\/product_tag?post=1361"}],"curies":[{"name":"wp","href":"https:\/\/api.w.org\/{rel}","templated":true}]}}