{"id":1424,"date":"2024-10-19T14:58:59","date_gmt":"2024-10-19T14:58:59","guid":{"rendered":"https:\/\/worldsofmagic.net\/?post_type=product&#038;p=1424"},"modified":"2024-10-21T16:22:15","modified_gmt":"2024-10-21T16:22:15","slug":"100-dragon-shield-sleeves-matte-dual-gaial","status":"publish","type":"product","link":"https:\/\/worldsofmagic.net\/fr\/produit\/100-dragon-shield-sleeves-matte-dual-gaial\/","title":{"rendered":"100  prot\u00e8ge-cartes Dragon Shield \u2013 Matte Dual Gaial"},"content":{"rendered":"<p><span class=\"Text_bodyMedium__ePdcE\">Livr\u00e9 avec 100 pochettes de taille standard pour cartes \u00e0 collectionner mesurant jusqu&#039;\u00e0 63 \u00d7 88 mm (2\u00bd&quot;x3\u00bd&quot;). Id\u00e9al pour les TCG comme MTG, Pok\u00e9mon, Lorcana et Flesh and Blood !<\/span><\/p>","protected":false},"excerpt":{"rendered":"<p><span class=\"Text_bodyMedium__ePdcE\">Livr\u00e9 avec 100 pochettes de taille standard pour cartes \u00e0 collectionner mesurant jusqu&#039;\u00e0 63 \u00d7 88 mm (2\u00bd&quot;x3\u00bd&quot;). Id\u00e9al pour les TCG comme MTG, Pok\u00e9mon, Lorcana et Flesh and Blood !<\/span><\/p>","protected":false},"featured_media":1425,"comment_status":"open","ping_status":"closed","template":"","meta":[],"product_cat":[42,56],"product_tag":[],"class_list":{"0":"post-1424","1":"product","2":"type-product","3":"status-publish","4":"has-post-thumbnail","6":"product_cat-accesories","7":"product_cat-sleeves","9":"first","10":"instock","11":"purchasable","12":"product-type-simple"},"yoast_head":"<!-- This site is optimized with the Yoast SEO plugin v23.6 - https:\/\/yoast.com\/wordpress\/plugins\/seo\/ -->\n<title>100 Dragon Shield Sleeves - Matte Dual Gaial - Worlds Of Magic<\/title>\n<meta name=\"description\" content=\"Comes with 100 Standard size card sleeves for trading cards measuring up to 63x88 mm&#039;s (2\u00bd&quot;x3\u00bd&quot;). Great for TCGs like MTG, Pok\u00e9mon, Lorcana &amp; Flesh and Blood!\" \/>\n<meta name=\"robots\" content=\"index, follow, max-snippet:-1, max-image-preview:large, max-video-preview:-1\" \/>\n<link rel=\"canonical\" href=\"https:\/\/worldsofmagic.net\/fr\/produit\/100-dragon-shield-sleeves-matte-dual-gaial\/\" \/>\n<meta property=\"og:locale\" content=\"fr_FR\" \/>\n<meta property=\"og:type\" content=\"article\" \/>\n<meta property=\"og:title\" content=\"100 Dragon Shield Sleeves - Matte Dual Gaial - Worlds Of Magic\" \/>\n<meta property=\"og:description\" content=\"Comes with 100 Standard size card sleeves for trading cards measuring up to 63x88 mm&#039;s (2\u00bd&quot;x3\u00bd&quot;). Great for TCGs like MTG, Pok\u00e9mon, Lorcana &amp; Flesh and Blood!\" \/>\n<meta property=\"og:url\" content=\"https:\/\/worldsofmagic.net\/fr\/produit\/100-dragon-shield-sleeves-matte-dual-gaial\/\" \/>\n<meta property=\"og:site_name\" content=\"Worlds Of Magic\" \/>\n<meta property=\"article:modified_time\" content=\"2024-10-21T16:22:15+00:00\" \/>\n<meta property=\"og:image\" content=\"https:\/\/worldsofmagic.net\/wp-content\/uploads\/2024\/10\/gaial.png\" \/>\n\t<meta property=\"og:image:width\" content=\"300\" \/>\n\t<meta property=\"og:image:height\" content=\"300\" \/>\n\t<meta property=\"og:image:type\" content=\"image\/png\" \/>\n<meta name=\"twitter:card\" content=\"summary_large_image\" \/>\n<meta name=\"twitter:label1\" content=\"Dur\u00e9e de lecture estim\u00e9e\" \/>\n\t<meta name=\"twitter:data1\" content=\"1 minute\" \/>\n<script type=\"application\/ld+json\" class=\"yoast-schema-graph\">{\"@context\":\"https:\/\/schema.org\",\"@graph\":[{\"@type\":\"WebPage\",\"@id\":\"https:\/\/worldsofmagic.net\/product\/100-dragon-shield-sleeves-matte-dual-gaial\/\",\"url\":\"https:\/\/worldsofmagic.net\/product\/100-dragon-shield-sleeves-matte-dual-gaial\/\",\"name\":\"100 Dragon Shield Sleeves - Matte Dual Gaial - Worlds Of Magic\",\"isPartOf\":{\"@id\":\"https:\/\/worldsofmagic.net\/#website\"},\"primaryImageOfPage\":{\"@id\":\"https:\/\/worldsofmagic.net\/product\/100-dragon-shield-sleeves-matte-dual-gaial\/#primaryimage\"},\"image\":{\"@id\":\"https:\/\/worldsofmagic.net\/product\/100-dragon-shield-sleeves-matte-dual-gaial\/#primaryimage\"},\"thumbnailUrl\":\"https:\/\/worldsofmagic.net\/wp-content\/uploads\/2024\/10\/gaial.png\",\"datePublished\":\"2024-10-19T14:58:59+00:00\",\"dateModified\":\"2024-10-21T16:22:15+00:00\",\"description\":\"Comes with 100 Standard size card sleeves for trading cards measuring up to 63x88 mm's (2\u00bd\\\"x3\u00bd\\\"). Great for TCGs like MTG, Pok\u00e9mon, Lorcana & Flesh and Blood!\",\"breadcrumb\":{\"@id\":\"https:\/\/worldsofmagic.net\/product\/100-dragon-shield-sleeves-matte-dual-gaial\/#breadcrumb\"},\"inLanguage\":\"fr-FR\",\"potentialAction\":[{\"@type\":\"ReadAction\",\"target\":[\"https:\/\/worldsofmagic.net\/product\/100-dragon-shield-sleeves-matte-dual-gaial\/\"]}]},{\"@type\":\"ImageObject\",\"inLanguage\":\"fr-FR\",\"@id\":\"https:\/\/worldsofmagic.net\/product\/100-dragon-shield-sleeves-matte-dual-gaial\/#primaryimage\",\"url\":\"https:\/\/worldsofmagic.net\/wp-content\/uploads\/2024\/10\/gaial.png\",\"contentUrl\":\"https:\/\/worldsofmagic.net\/wp-content\/uploads\/2024\/10\/gaial.png\",\"width\":300,\"height\":300},{\"@type\":\"BreadcrumbList\",\"@id\":\"https:\/\/worldsofmagic.net\/product\/100-dragon-shield-sleeves-matte-dual-gaial\/#breadcrumb\",\"itemListElement\":[{\"@type\":\"ListItem\",\"position\":1,\"name\":\"Accueil\",\"item\":\"https:\/\/worldsofmagic.net\/\"},{\"@type\":\"ListItem\",\"position\":2,\"name\":\"Shop\",\"item\":\"https:\/\/worldsofmagic.net\/shop\/\"},{\"@type\":\"ListItem\",\"position\":3,\"name\":\"100 Dragon Shield Sleeves &#8211; Matte Dual Gaial\"}]},{\"@type\":\"WebSite\",\"@id\":\"https:\/\/worldsofmagic.net\/#website\",\"url\":\"https:\/\/worldsofmagic.net\/\",\"name\":\"Worlds Of Magic\",\"description\":\"\",\"publisher\":{\"@id\":\"https:\/\/worldsofmagic.net\/#organization\"},\"potentialAction\":[{\"@type\":\"SearchAction\",\"target\":{\"@type\":\"EntryPoint\",\"urlTemplate\":\"https:\/\/worldsofmagic.net\/?s={search_term_string}\"},\"query-input\":{\"@type\":\"PropertyValueSpecification\",\"valueRequired\":true,\"valueName\":\"search_term_string\"}}],\"inLanguage\":\"fr-FR\"},{\"@type\":\"Organization\",\"@id\":\"https:\/\/worldsofmagic.net\/#organization\",\"name\":\"Worlds Of Magic\",\"alternateName\":\"Worlds Of Magic\",\"url\":\"https:\/\/worldsofmagic.net\/\",\"logo\":{\"@type\":\"ImageObject\",\"inLanguage\":\"fr-FR\",\"@id\":\"https:\/\/worldsofmagic.net\/#\/schema\/logo\/image\/\",\"url\":\"https:\/\/worldsofmagic.net\/wp-content\/uploads\/2024\/07\/image.png\",\"contentUrl\":\"https:\/\/worldsofmagic.net\/wp-content\/uploads\/2024\/07\/image.png\",\"width\":1072,\"height\":341,\"caption\":\"Worlds Of Magic\"},\"image\":{\"@id\":\"https:\/\/worldsofmagic.net\/#\/schema\/logo\/image\/\"}}]}<\/script>\n<!-- \/ Yoast SEO plugin. -->","yoast_head_json":{"title":"100 Dragon Shield Sleeves - Matte Dual Gaial - Worlds Of Magic","description":"Comes with 100 Standard size card sleeves for trading cards measuring up to 63x88 mm's (2\u00bd\"x3\u00bd\"). Great for TCGs like MTG, Pok\u00e9mon, Lorcana & Flesh and Blood!","robots":{"index":"index","follow":"follow","max-snippet":"max-snippet:-1","max-image-preview":"max-image-preview:large","max-video-preview":"max-video-preview:-1"},"canonical":"https:\/\/worldsofmagic.net\/fr\/produit\/100-dragon-shield-sleeves-matte-dual-gaial\/","og_locale":"fr_FR","og_type":"article","og_title":"100 Dragon Shield Sleeves - Matte Dual Gaial - Worlds Of Magic","og_description":"Comes with 100 Standard size card sleeves for trading cards measuring up to 63x88 mm's (2\u00bd\"x3\u00bd\"). Great for TCGs like MTG, Pok\u00e9mon, Lorcana & Flesh and Blood!","og_url":"https:\/\/worldsofmagic.net\/fr\/produit\/100-dragon-shield-sleeves-matte-dual-gaial\/","og_site_name":"Worlds Of Magic","article_modified_time":"2024-10-21T16:22:15+00:00","og_image":[{"width":300,"height":300,"url":"https:\/\/worldsofmagic.net\/wp-content\/uploads\/2024\/10\/gaial.png","type":"image\/png"}],"twitter_card":"summary_large_image","twitter_misc":{"Dur\u00e9e de lecture estim\u00e9e":"1 minute"},"schema":{"@context":"https:\/\/schema.org","@graph":[{"@type":"WebPage","@id":"https:\/\/worldsofmagic.net\/product\/100-dragon-shield-sleeves-matte-dual-gaial\/","url":"https:\/\/worldsofmagic.net\/product\/100-dragon-shield-sleeves-matte-dual-gaial\/","name":"100 Dragon Shield Sleeves - Matte Dual Gaial - Worlds Of Magic","isPartOf":{"@id":"https:\/\/worldsofmagic.net\/#website"},"primaryImageOfPage":{"@id":"https:\/\/worldsofmagic.net\/product\/100-dragon-shield-sleeves-matte-dual-gaial\/#primaryimage"},"image":{"@id":"https:\/\/worldsofmagic.net\/product\/100-dragon-shield-sleeves-matte-dual-gaial\/#primaryimage"},"thumbnailUrl":"https:\/\/worldsofmagic.net\/wp-content\/uploads\/2024\/10\/gaial.png","datePublished":"2024-10-19T14:58:59+00:00","dateModified":"2024-10-21T16:22:15+00:00","description":"Comes with 100 Standard size card sleeves for trading cards measuring up to 63x88 mm's (2\u00bd\"x3\u00bd\"). Great for TCGs like MTG, Pok\u00e9mon, Lorcana & Flesh and Blood!","breadcrumb":{"@id":"https:\/\/worldsofmagic.net\/product\/100-dragon-shield-sleeves-matte-dual-gaial\/#breadcrumb"},"inLanguage":"fr-FR","potentialAction":[{"@type":"ReadAction","target":["https:\/\/worldsofmagic.net\/product\/100-dragon-shield-sleeves-matte-dual-gaial\/"]}]},{"@type":"ImageObject","inLanguage":"fr-FR","@id":"https:\/\/worldsofmagic.net\/product\/100-dragon-shield-sleeves-matte-dual-gaial\/#primaryimage","url":"https:\/\/worldsofmagic.net\/wp-content\/uploads\/2024\/10\/gaial.png","contentUrl":"https:\/\/worldsofmagic.net\/wp-content\/uploads\/2024\/10\/gaial.png","width":300,"height":300},{"@type":"BreadcrumbList","@id":"https:\/\/worldsofmagic.net\/product\/100-dragon-shield-sleeves-matte-dual-gaial\/#breadcrumb","itemListElement":[{"@type":"ListItem","position":1,"name":"Accueil","item":"https:\/\/worldsofmagic.net\/"},{"@type":"ListItem","position":2,"name":"Shop","item":"https:\/\/worldsofmagic.net\/shop\/"},{"@type":"ListItem","position":3,"name":"100 Dragon Shield Sleeves &#8211; Matte Dual Gaial"}]},{"@type":"WebSite","@id":"https:\/\/worldsofmagic.net\/#website","url":"https:\/\/worldsofmagic.net\/","name":"Worlds Of Magic","description":"","publisher":{"@id":"https:\/\/worldsofmagic.net\/#organization"},"potentialAction":[{"@type":"SearchAction","target":{"@type":"EntryPoint","urlTemplate":"https:\/\/worldsofmagic.net\/?s={search_term_string}"},"query-input":{"@type":"PropertyValueSpecification","valueRequired":true,"valueName":"search_term_string"}}],"inLanguage":"fr-FR"},{"@type":"Organization","@id":"https:\/\/worldsofmagic.net\/#organization","name":"Worlds Of Magic","alternateName":"Worlds Of Magic","url":"https:\/\/worldsofmagic.net\/","logo":{"@type":"ImageObject","inLanguage":"fr-FR","@id":"https:\/\/worldsofmagic.net\/#\/schema\/logo\/image\/","url":"https:\/\/worldsofmagic.net\/wp-content\/uploads\/2024\/07\/image.png","contentUrl":"https:\/\/worldsofmagic.net\/wp-content\/uploads\/2024\/07\/image.png","width":1072,"height":341,"caption":"Worlds Of Magic"},"image":{"@id":"https:\/\/worldsofmagic.net\/#\/schema\/logo\/image\/"}}]}},"jetpack_sharing_enabled":true,"_links":{"self":[{"href":"https:\/\/worldsofmagic.net\/fr\/wp-json\/wp\/v2\/product\/1424"}],"collection":[{"href":"https:\/\/worldsofmagic.net\/fr\/wp-json\/wp\/v2\/product"}],"about":[{"href":"https:\/\/worldsofmagic.net\/fr\/wp-json\/wp\/v2\/types\/product"}],"replies":[{"embeddable":true,"href":"https:\/\/worldsofmagic.net\/fr\/wp-json\/wp\/v2\/comments?post=1424"}],"wp:featuredmedia":[{"embeddable":true,"href":"https:\/\/worldsofmagic.net\/fr\/wp-json\/wp\/v2\/media\/1425"}],"wp:attachment":[{"href":"https:\/\/worldsofmagic.net\/fr\/wp-json\/wp\/v2\/media?parent=1424"}],"wp:term":[{"taxonomy":"product_cat","embeddable":true,"href":"https:\/\/worldsofmagic.net\/fr\/wp-json\/wp\/v2\/product_cat?post=1424"},{"taxonomy":"product_tag","embeddable":true,"href":"https:\/\/worldsofmagic.net\/fr\/wp-json\/wp\/v2\/product_tag?post=1424"}],"curies":[{"name":"wp","href":"https:\/\/api.w.org\/{rel}","templated":true}]}}