{"id":1429,"date":"2024-10-19T15:16:04","date_gmt":"2024-10-19T15:16:04","guid":{"rendered":"https:\/\/worldsofmagic.net\/?post_type=product&#038;p=1429"},"modified":"2025-05-21T15:40:12","modified_gmt":"2025-05-21T15:40:12","slug":"100-dragon-shield-sleeves-matte-dual-great-wave","status":"publish","type":"product","link":"https:\/\/worldsofmagic.net\/fr\/produit\/100-dragon-shield-sleeves-matte-dual-great-wave\/","title":{"rendered":"100  prot\u00e8ge-cartes Dragon Shield \u2013 Matte Dual Great Wave"},"content":{"rendered":"<p>Une \u0153uvre d&#039;art intemporelle repr\u00e9sentant un dragon, d\u00e9sormais r\u00e9imagin\u00e9e sous la forme d&#039;une pochette Matte Dual Art avec des d\u00e9tails argent\u00e9s. Voici Great Wave, d\u00e9sormais en \u00e9dition sp\u00e9ciale pour le 25e anniversaire !<br \/>\nD\u00e9couvrez la qualit\u00e9 et la durabilit\u00e9 de deux de nos pochettes les plus populaires. Les pochettes Matte Dual enti\u00e8rement opaques ont un dos textur\u00e9 pour une sensation de m\u00e9lange fantastique et disposent d&#039;un int\u00e9rieur noir spectaculaire pour faire ressortir vos cartes. Profitez de l&#039;impression de haute qualit\u00e9 sur nos pochettes Art qui prot\u00e8ge les illustrations color\u00e9es contre le pelage et les fissures.<\/p>\n<p>Livr\u00e9 avec 100 pochettes de taille standard pour cartes \u00e0 collectionner mesurant jusqu&#039;\u00e0 63 x 88 mm (2\u00bd&quot; x 3\u00bd&quot;). Id\u00e9al pour les TCG comme MTG, Pok\u00e9mon, Lorcana, Flesh &amp; Blood, et plus encore ! Un ajustement parfait pour les pochettes ext\u00e9rieures Dragon Shield.<\/p>","protected":false},"excerpt":{"rendered":"<p>Une \u0153uvre d&#039;art intemporelle repr\u00e9sentant un dragon, d\u00e9sormais r\u00e9imagin\u00e9e sous la forme d&#039;une pochette Matte Dual Art avec des d\u00e9tails argent\u00e9s. Voici Great Wave, d\u00e9sormais en \u00e9dition sp\u00e9ciale pour le 25e anniversaire !<br \/>\nD\u00e9couvrez la qualit\u00e9 et la durabilit\u00e9 de deux de nos pochettes les plus populaires. Les pochettes Matte Dual enti\u00e8rement opaques ont un dos textur\u00e9 pour une sensation de m\u00e9lange fantastique et disposent d&#039;un int\u00e9rieur noir spectaculaire pour faire ressortir vos cartes. Profitez de l&#039;impression de haute qualit\u00e9 sur nos pochettes Art qui prot\u00e8ge les illustrations color\u00e9es contre le pelage et les fissures.<\/p>\n<p>Livr\u00e9 avec 100 pochettes de taille standard pour cartes \u00e0 collectionner mesurant jusqu&#039;\u00e0 63 x 88 mm (2\u00bd&quot; x 3\u00bd&quot;). Id\u00e9al pour les TCG comme MTG, Pok\u00e9mon, Lorcana, Flesh &amp; Blood, et plus encore ! Un ajustement parfait pour les pochettes ext\u00e9rieures Dragon Shield.<\/p>","protected":false},"featured_media":1430,"comment_status":"open","ping_status":"closed","template":"","meta":[],"product_cat":[15,42,56],"product_tag":[],"class_list":{"0":"post-1429","1":"product","2":"type-product","3":"status-publish","4":"has-post-thumbnail","6":"product_cat-uncategorized","7":"product_cat-accesories","8":"product_cat-sleeves","10":"first","11":"outofstock","12":"purchasable","13":"product-type-simple"},"yoast_head":"<!-- This site is optimized with the Yoast SEO plugin v23.6 - https:\/\/yoast.com\/wordpress\/plugins\/seo\/ -->\n<title>100 Dragon Shield Sleeves - Matte Dual Great Wave - Worlds Of Magic<\/title>\n<meta name=\"description\" content=\"A timeless piece of dragon art, now reimagined as a Matte Dual Art sleeve with silver details. Behold Great Wave, now as a 25th anniversary Special Edition!Experience the quality and durability from two of our most popular sleeves. The fully opaque Matte Dual sleeves have a textured back for a fantastic shuffle-feel, and feature a dramatic black interior to make your cards stand out. Enjoy with the high-quality printing on our Art sleeves which protects the colorful artwork from peeling and splitting.Comes with 100 Standard size card sleeves for trading cards measuring up to 63 x 88 mm (2\u00bd&quot; x 3\u00bd&quot;). Great for TCGs like MTG, Pok\u00e9mon, Lorcana, Flesh &amp; Blood, and more! A perfect fit for Dragon Shield Outer Sleeves.\" \/>\n<meta name=\"robots\" content=\"index, follow, max-snippet:-1, max-image-preview:large, max-video-preview:-1\" \/>\n<link rel=\"canonical\" href=\"https:\/\/worldsofmagic.net\/fr\/produit\/100-dragon-shield-sleeves-matte-dual-great-wave\/\" \/>\n<meta property=\"og:locale\" content=\"fr_FR\" \/>\n<meta property=\"og:type\" content=\"article\" \/>\n<meta property=\"og:title\" content=\"100 Dragon Shield Sleeves - Matte Dual Great Wave - Worlds Of Magic\" \/>\n<meta property=\"og:description\" content=\"A timeless piece of dragon art, now reimagined as a Matte Dual Art sleeve with silver details. Behold Great Wave, now as a 25th anniversary Special Edition!Experience the quality and durability from two of our most popular sleeves. The fully opaque Matte Dual sleeves have a textured back for a fantastic shuffle-feel, and feature a dramatic black interior to make your cards stand out. Enjoy with the high-quality printing on our Art sleeves which protects the colorful artwork from peeling and splitting.Comes with 100 Standard size card sleeves for trading cards measuring up to 63 x 88 mm (2\u00bd&quot; x 3\u00bd&quot;). Great for TCGs like MTG, Pok\u00e9mon, Lorcana, Flesh &amp; Blood, and more! A perfect fit for Dragon Shield Outer Sleeves.\" \/>\n<meta property=\"og:url\" content=\"https:\/\/worldsofmagic.net\/fr\/produit\/100-dragon-shield-sleeves-matte-dual-great-wave\/\" \/>\n<meta property=\"og:site_name\" content=\"Worlds Of Magic\" \/>\n<meta property=\"article:modified_time\" content=\"2025-05-21T15:40:12+00:00\" \/>\n<meta property=\"og:image\" content=\"https:\/\/worldsofmagic.net\/wp-content\/uploads\/2024\/10\/776284.png\" \/>\n\t<meta property=\"og:image:width\" content=\"300\" \/>\n\t<meta property=\"og:image:height\" content=\"300\" \/>\n\t<meta property=\"og:image:type\" content=\"image\/png\" \/>\n<meta name=\"twitter:card\" content=\"summary_large_image\" \/>\n<meta name=\"twitter:label1\" content=\"Dur\u00e9e de lecture estim\u00e9e\" \/>\n\t<meta name=\"twitter:data1\" content=\"1 minute\" \/>\n<script type=\"application\/ld+json\" class=\"yoast-schema-graph\">{\"@context\":\"https:\/\/schema.org\",\"@graph\":[{\"@type\":\"WebPage\",\"@id\":\"https:\/\/worldsofmagic.net\/product\/100-dragon-shield-sleeves-matte-dual-great-wave\/\",\"url\":\"https:\/\/worldsofmagic.net\/product\/100-dragon-shield-sleeves-matte-dual-great-wave\/\",\"name\":\"100 Dragon Shield Sleeves - Matte Dual Great Wave - Worlds Of Magic\",\"isPartOf\":{\"@id\":\"https:\/\/worldsofmagic.net\/#website\"},\"primaryImageOfPage\":{\"@id\":\"https:\/\/worldsofmagic.net\/product\/100-dragon-shield-sleeves-matte-dual-great-wave\/#primaryimage\"},\"image\":{\"@id\":\"https:\/\/worldsofmagic.net\/product\/100-dragon-shield-sleeves-matte-dual-great-wave\/#primaryimage\"},\"thumbnailUrl\":\"https:\/\/worldsofmagic.net\/wp-content\/uploads\/2024\/10\/776284.png\",\"datePublished\":\"2024-10-19T15:16:04+00:00\",\"dateModified\":\"2025-05-21T15:40:12+00:00\",\"description\":\"A timeless piece of dragon art, now reimagined as a Matte Dual Art sleeve with silver details. Behold Great Wave, now as a 25th anniversary Special Edition!Experience the quality and durability from two of our most popular sleeves. The fully opaque Matte Dual sleeves have a textured back for a fantastic shuffle-feel, and feature a dramatic black interior to make your cards stand out. Enjoy with the high-quality printing on our Art sleeves which protects the colorful artwork from peeling and splitting.Comes with 100 Standard size card sleeves for trading cards measuring up to 63 x 88 mm (2\u00bd\\\" x 3\u00bd\\\"). Great for TCGs like MTG, Pok\u00e9mon, Lorcana, Flesh & Blood, and more! A perfect fit for Dragon Shield Outer Sleeves.\",\"breadcrumb\":{\"@id\":\"https:\/\/worldsofmagic.net\/product\/100-dragon-shield-sleeves-matte-dual-great-wave\/#breadcrumb\"},\"inLanguage\":\"fr-FR\",\"potentialAction\":[{\"@type\":\"ReadAction\",\"target\":[\"https:\/\/worldsofmagic.net\/product\/100-dragon-shield-sleeves-matte-dual-great-wave\/\"]}]},{\"@type\":\"ImageObject\",\"inLanguage\":\"fr-FR\",\"@id\":\"https:\/\/worldsofmagic.net\/product\/100-dragon-shield-sleeves-matte-dual-great-wave\/#primaryimage\",\"url\":\"https:\/\/worldsofmagic.net\/wp-content\/uploads\/2024\/10\/776284.png\",\"contentUrl\":\"https:\/\/worldsofmagic.net\/wp-content\/uploads\/2024\/10\/776284.png\",\"width\":300,\"height\":300},{\"@type\":\"BreadcrumbList\",\"@id\":\"https:\/\/worldsofmagic.net\/product\/100-dragon-shield-sleeves-matte-dual-great-wave\/#breadcrumb\",\"itemListElement\":[{\"@type\":\"ListItem\",\"position\":1,\"name\":\"Accueil\",\"item\":\"https:\/\/worldsofmagic.net\/\"},{\"@type\":\"ListItem\",\"position\":2,\"name\":\"Shop\",\"item\":\"https:\/\/worldsofmagic.net\/shop\/\"},{\"@type\":\"ListItem\",\"position\":3,\"name\":\"100 Dragon Shield Sleeves &#8211; Matte Dual Great Wave\"}]},{\"@type\":\"WebSite\",\"@id\":\"https:\/\/worldsofmagic.net\/#website\",\"url\":\"https:\/\/worldsofmagic.net\/\",\"name\":\"Worlds Of Magic\",\"description\":\"\",\"publisher\":{\"@id\":\"https:\/\/worldsofmagic.net\/#organization\"},\"potentialAction\":[{\"@type\":\"SearchAction\",\"target\":{\"@type\":\"EntryPoint\",\"urlTemplate\":\"https:\/\/worldsofmagic.net\/?s={search_term_string}\"},\"query-input\":{\"@type\":\"PropertyValueSpecification\",\"valueRequired\":true,\"valueName\":\"search_term_string\"}}],\"inLanguage\":\"fr-FR\"},{\"@type\":\"Organization\",\"@id\":\"https:\/\/worldsofmagic.net\/#organization\",\"name\":\"Worlds Of Magic\",\"alternateName\":\"Worlds Of Magic\",\"url\":\"https:\/\/worldsofmagic.net\/\",\"logo\":{\"@type\":\"ImageObject\",\"inLanguage\":\"fr-FR\",\"@id\":\"https:\/\/worldsofmagic.net\/#\/schema\/logo\/image\/\",\"url\":\"https:\/\/worldsofmagic.net\/wp-content\/uploads\/2024\/07\/image.png\",\"contentUrl\":\"https:\/\/worldsofmagic.net\/wp-content\/uploads\/2024\/07\/image.png\",\"width\":1072,\"height\":341,\"caption\":\"Worlds Of Magic\"},\"image\":{\"@id\":\"https:\/\/worldsofmagic.net\/#\/schema\/logo\/image\/\"}}]}<\/script>\n<!-- \/ Yoast SEO plugin. -->","yoast_head_json":{"title":"100 Dragon Shield Sleeves - Matte Dual Great Wave - Worlds Of Magic","description":"A timeless piece of dragon art, now reimagined as a Matte Dual Art sleeve with silver details. Behold Great Wave, now as a 25th anniversary Special Edition!Experience the quality and durability from two of our most popular sleeves. The fully opaque Matte Dual sleeves have a textured back for a fantastic shuffle-feel, and feature a dramatic black interior to make your cards stand out. Enjoy with the high-quality printing on our Art sleeves which protects the colorful artwork from peeling and splitting.Comes with 100 Standard size card sleeves for trading cards measuring up to 63 x 88 mm (2\u00bd\" x 3\u00bd\"). Great for TCGs like MTG, Pok\u00e9mon, Lorcana, Flesh & Blood, and more! A perfect fit for Dragon Shield Outer Sleeves.","robots":{"index":"index","follow":"follow","max-snippet":"max-snippet:-1","max-image-preview":"max-image-preview:large","max-video-preview":"max-video-preview:-1"},"canonical":"https:\/\/worldsofmagic.net\/fr\/produit\/100-dragon-shield-sleeves-matte-dual-great-wave\/","og_locale":"fr_FR","og_type":"article","og_title":"100 Dragon Shield Sleeves - Matte Dual Great Wave - Worlds Of Magic","og_description":"A timeless piece of dragon art, now reimagined as a Matte Dual Art sleeve with silver details. Behold Great Wave, now as a 25th anniversary Special Edition!Experience the quality and durability from two of our most popular sleeves. The fully opaque Matte Dual sleeves have a textured back for a fantastic shuffle-feel, and feature a dramatic black interior to make your cards stand out. Enjoy with the high-quality printing on our Art sleeves which protects the colorful artwork from peeling and splitting.Comes with 100 Standard size card sleeves for trading cards measuring up to 63 x 88 mm (2\u00bd\" x 3\u00bd\"). Great for TCGs like MTG, Pok\u00e9mon, Lorcana, Flesh & Blood, and more! A perfect fit for Dragon Shield Outer Sleeves.","og_url":"https:\/\/worldsofmagic.net\/fr\/produit\/100-dragon-shield-sleeves-matte-dual-great-wave\/","og_site_name":"Worlds Of Magic","article_modified_time":"2025-05-21T15:40:12+00:00","og_image":[{"width":300,"height":300,"url":"https:\/\/worldsofmagic.net\/wp-content\/uploads\/2024\/10\/776284.png","type":"image\/png"}],"twitter_card":"summary_large_image","twitter_misc":{"Dur\u00e9e de lecture estim\u00e9e":"1 minute"},"schema":{"@context":"https:\/\/schema.org","@graph":[{"@type":"WebPage","@id":"https:\/\/worldsofmagic.net\/product\/100-dragon-shield-sleeves-matte-dual-great-wave\/","url":"https:\/\/worldsofmagic.net\/product\/100-dragon-shield-sleeves-matte-dual-great-wave\/","name":"100 Dragon Shield Sleeves - Matte Dual Great Wave - Worlds Of Magic","isPartOf":{"@id":"https:\/\/worldsofmagic.net\/#website"},"primaryImageOfPage":{"@id":"https:\/\/worldsofmagic.net\/product\/100-dragon-shield-sleeves-matte-dual-great-wave\/#primaryimage"},"image":{"@id":"https:\/\/worldsofmagic.net\/product\/100-dragon-shield-sleeves-matte-dual-great-wave\/#primaryimage"},"thumbnailUrl":"https:\/\/worldsofmagic.net\/wp-content\/uploads\/2024\/10\/776284.png","datePublished":"2024-10-19T15:16:04+00:00","dateModified":"2025-05-21T15:40:12+00:00","description":"A timeless piece of dragon art, now reimagined as a Matte Dual Art sleeve with silver details. Behold Great Wave, now as a 25th anniversary Special Edition!Experience the quality and durability from two of our most popular sleeves. The fully opaque Matte Dual sleeves have a textured back for a fantastic shuffle-feel, and feature a dramatic black interior to make your cards stand out. Enjoy with the high-quality printing on our Art sleeves which protects the colorful artwork from peeling and splitting.Comes with 100 Standard size card sleeves for trading cards measuring up to 63 x 88 mm (2\u00bd\" x 3\u00bd\"). Great for TCGs like MTG, Pok\u00e9mon, Lorcana, Flesh & Blood, and more! A perfect fit for Dragon Shield Outer Sleeves.","breadcrumb":{"@id":"https:\/\/worldsofmagic.net\/product\/100-dragon-shield-sleeves-matte-dual-great-wave\/#breadcrumb"},"inLanguage":"fr-FR","potentialAction":[{"@type":"ReadAction","target":["https:\/\/worldsofmagic.net\/product\/100-dragon-shield-sleeves-matte-dual-great-wave\/"]}]},{"@type":"ImageObject","inLanguage":"fr-FR","@id":"https:\/\/worldsofmagic.net\/product\/100-dragon-shield-sleeves-matte-dual-great-wave\/#primaryimage","url":"https:\/\/worldsofmagic.net\/wp-content\/uploads\/2024\/10\/776284.png","contentUrl":"https:\/\/worldsofmagic.net\/wp-content\/uploads\/2024\/10\/776284.png","width":300,"height":300},{"@type":"BreadcrumbList","@id":"https:\/\/worldsofmagic.net\/product\/100-dragon-shield-sleeves-matte-dual-great-wave\/#breadcrumb","itemListElement":[{"@type":"ListItem","position":1,"name":"Accueil","item":"https:\/\/worldsofmagic.net\/"},{"@type":"ListItem","position":2,"name":"Shop","item":"https:\/\/worldsofmagic.net\/shop\/"},{"@type":"ListItem","position":3,"name":"100 Dragon Shield Sleeves &#8211; Matte Dual Great Wave"}]},{"@type":"WebSite","@id":"https:\/\/worldsofmagic.net\/#website","url":"https:\/\/worldsofmagic.net\/","name":"Worlds Of Magic","description":"","publisher":{"@id":"https:\/\/worldsofmagic.net\/#organization"},"potentialAction":[{"@type":"SearchAction","target":{"@type":"EntryPoint","urlTemplate":"https:\/\/worldsofmagic.net\/?s={search_term_string}"},"query-input":{"@type":"PropertyValueSpecification","valueRequired":true,"valueName":"search_term_string"}}],"inLanguage":"fr-FR"},{"@type":"Organization","@id":"https:\/\/worldsofmagic.net\/#organization","name":"Worlds Of Magic","alternateName":"Worlds Of Magic","url":"https:\/\/worldsofmagic.net\/","logo":{"@type":"ImageObject","inLanguage":"fr-FR","@id":"https:\/\/worldsofmagic.net\/#\/schema\/logo\/image\/","url":"https:\/\/worldsofmagic.net\/wp-content\/uploads\/2024\/07\/image.png","contentUrl":"https:\/\/worldsofmagic.net\/wp-content\/uploads\/2024\/07\/image.png","width":1072,"height":341,"caption":"Worlds Of Magic"},"image":{"@id":"https:\/\/worldsofmagic.net\/#\/schema\/logo\/image\/"}}]}},"jetpack_sharing_enabled":true,"_links":{"self":[{"href":"https:\/\/worldsofmagic.net\/fr\/wp-json\/wp\/v2\/product\/1429"}],"collection":[{"href":"https:\/\/worldsofmagic.net\/fr\/wp-json\/wp\/v2\/product"}],"about":[{"href":"https:\/\/worldsofmagic.net\/fr\/wp-json\/wp\/v2\/types\/product"}],"replies":[{"embeddable":true,"href":"https:\/\/worldsofmagic.net\/fr\/wp-json\/wp\/v2\/comments?post=1429"}],"wp:featuredmedia":[{"embeddable":true,"href":"https:\/\/worldsofmagic.net\/fr\/wp-json\/wp\/v2\/media\/1430"}],"wp:attachment":[{"href":"https:\/\/worldsofmagic.net\/fr\/wp-json\/wp\/v2\/media?parent=1429"}],"wp:term":[{"taxonomy":"product_cat","embeddable":true,"href":"https:\/\/worldsofmagic.net\/fr\/wp-json\/wp\/v2\/product_cat?post=1429"},{"taxonomy":"product_tag","embeddable":true,"href":"https:\/\/worldsofmagic.net\/fr\/wp-json\/wp\/v2\/product_tag?post=1429"}],"curies":[{"name":"wp","href":"https:\/\/api.w.org\/{rel}","templated":true}]}}