{"id":1431,"date":"2024-10-19T15:21:57","date_gmt":"2024-10-19T15:21:57","guid":{"rendered":"https:\/\/worldsofmagic.net\/?post_type=product&#038;p=1431"},"modified":"2024-10-26T12:39:54","modified_gmt":"2024-10-26T12:39:54","slug":"100-dragon-shield-sleeves-dual-matte-year-of-the-wood-dragon-2024","status":"publish","type":"product","link":"https:\/\/worldsofmagic.net\/fr\/produit\/100-dragon-shield-sleeves-dual-matte-year-of-the-wood-dragon-2024\/","title":{"rendered":"100 Prot\u00e8ges cartes - YEAR OF THE WOOD DRAGON 2024 - Dual Matte Art Sleeves Dragon Shield"},"content":{"rendered":"<div class=\"desc\">\n<p>Exploitez tout le potentiel du Nouvel An chinois avec les pochettes \u00e9nergiques de l&#039;Ann\u00e9e du Dragon de Bois. Que sa puissance et sa vigueur se pr\u00eatent \u00e0 votre jeu audacieux.<\/p>\n<p>Les pochettes combinent la texture et l&#039;int\u00e9rieur Dual Matte d&#039;Arcane Tinmen avec la qualit\u00e9 visuelle des pochettes Art.<\/p>\n<p>Les pochettes Dual Matte sont enti\u00e8rement opaques et poss\u00e8dent un int\u00e9rieur noir qui cr\u00e9e un arri\u00e8re-plan spectaculaire pour vos cartes TCG. Le dos mat et textur\u00e9 permet une sensation de m\u00e9lange sup\u00e9rieure. Tous les motifs de nos pochettes Art sont imprim\u00e9s directement sur la pochette et ne se d\u00e9collent pas et ne se fendent pas. Ils conviennent parfaitement \u00e0 nos pochettes ext\u00e9rieures ultra-protectrices.<\/p>\n<p>Chaque bo\u00eete en carton contient 100 pochettes et peut \u00eatre utilis\u00e9e pour stocker plus de 75 cartes \u00e0 pochette simple ou plus de 65 cartes \u00e0 pochette double.<\/p>\n<p>Pochettes de taille standard pour cartes mesurant jusqu&#039;\u00e0 63\u00d788 mm (21\/2\u2033x31\/2\u2033). Id\u00e9ales pour les TCG comme MTG, Pok\u00e9mon, Lorcana et Flesh and Blood !<\/p>\n<\/div>","protected":false},"excerpt":{"rendered":"<div class=\"desc\">\n<p>Pochettes de taille standard pour cartes mesurant jusqu&#039;\u00e0 63\u00d788 mm (21\/2\u2033x31\/2\u2033). Id\u00e9ales pour les TCG comme MTG, Pok\u00e9mon, Lorcana et Flesh and Blood !<\/p>\n<\/div>","protected":false},"featured_media":1432,"comment_status":"open","ping_status":"closed","template":"","meta":[],"product_cat":[42,56],"product_tag":[],"class_list":{"0":"post-1431","1":"product","2":"type-product","3":"status-publish","4":"has-post-thumbnail","6":"product_cat-accesories","7":"product_cat-sleeves","9":"first","10":"instock","11":"purchasable","12":"product-type-simple"},"yoast_head":"<!-- This site is optimized with the Yoast SEO plugin v23.6 - https:\/\/yoast.com\/wordpress\/plugins\/seo\/ -->\n<title>100 Dragon Shield Sleeves - Dual Matte Year of the Wood Dragon 2024 - Worlds Of Magic<\/title>\n<meta name=\"description\" content=\"Harness the full potential of the Chinese New Year with the energetic sleeves for the Year of the Wood Dragon. May its might and vigor lend itself to your bold game play.The sleeves combine Arcane Tinmen&#039;s Dual Matte texture and interior with the visual quality of the Art sleeves.Dual Matte sleeves are fully opaque and have a black interior that creates a dramatic background for your TCG cards. The matte, textured back allows for a superior shuffle feel. All designs for our Art sleeves are printed directly onto the sleeve and do not peel or split. They are a great fit for our ultra-protective outer sleeves.Each cardboard box contains 100 sleeves and can be used to store 75+ single-sleeved cards, or 65+ double-sleeved cards.Standard size card sleeves for cards sized measuring up to 63x88 mm (21\/2&quot;x31\/2&quot;). Great for TCGs like MTG, Pok\u00e9mon, Lorcana &amp; Flesh and Blood!\" \/>\n<meta name=\"robots\" content=\"index, follow, max-snippet:-1, max-image-preview:large, max-video-preview:-1\" \/>\n<link rel=\"canonical\" href=\"https:\/\/worldsofmagic.net\/fr\/produit\/100-dragon-shield-sleeves-dual-matte-year-of-the-wood-dragon-2024\/\" \/>\n<meta property=\"og:locale\" content=\"fr_FR\" \/>\n<meta property=\"og:type\" content=\"article\" \/>\n<meta property=\"og:title\" content=\"100 Dragon Shield Sleeves - Dual Matte Year of the Wood Dragon 2024 - Worlds Of Magic\" \/>\n<meta property=\"og:description\" content=\"Harness the full potential of the Chinese New Year with the energetic sleeves for the Year of the Wood Dragon. May its might and vigor lend itself to your bold game play.The sleeves combine Arcane Tinmen&#039;s Dual Matte texture and interior with the visual quality of the Art sleeves.Dual Matte sleeves are fully opaque and have a black interior that creates a dramatic background for your TCG cards. The matte, textured back allows for a superior shuffle feel. All designs for our Art sleeves are printed directly onto the sleeve and do not peel or split. They are a great fit for our ultra-protective outer sleeves.Each cardboard box contains 100 sleeves and can be used to store 75+ single-sleeved cards, or 65+ double-sleeved cards.Standard size card sleeves for cards sized measuring up to 63x88 mm (21\/2&quot;x31\/2&quot;). Great for TCGs like MTG, Pok\u00e9mon, Lorcana &amp; Flesh and Blood!\" \/>\n<meta property=\"og:url\" content=\"https:\/\/worldsofmagic.net\/fr\/produit\/100-dragon-shield-sleeves-dual-matte-year-of-the-wood-dragon-2024\/\" \/>\n<meta property=\"og:site_name\" content=\"Worlds Of Magic\" \/>\n<meta property=\"article:modified_time\" content=\"2024-10-26T12:39:54+00:00\" \/>\n<meta property=\"og:image\" content=\"https:\/\/worldsofmagic.net\/wp-content\/uploads\/2024\/10\/748210.png\" \/>\n\t<meta property=\"og:image:width\" content=\"300\" \/>\n\t<meta property=\"og:image:height\" content=\"300\" \/>\n\t<meta property=\"og:image:type\" content=\"image\/png\" \/>\n<meta name=\"twitter:card\" content=\"summary_large_image\" \/>\n<meta name=\"twitter:label1\" content=\"Dur\u00e9e de lecture estim\u00e9e\" \/>\n\t<meta name=\"twitter:data1\" content=\"1 minute\" \/>\n<script type=\"application\/ld+json\" class=\"yoast-schema-graph\">{\"@context\":\"https:\/\/schema.org\",\"@graph\":[{\"@type\":\"WebPage\",\"@id\":\"https:\/\/worldsofmagic.net\/product\/100-dragon-shield-sleeves-dual-matte-year-of-the-wood-dragon-2024\/\",\"url\":\"https:\/\/worldsofmagic.net\/product\/100-dragon-shield-sleeves-dual-matte-year-of-the-wood-dragon-2024\/\",\"name\":\"100 Dragon Shield Sleeves - Dual Matte Year of the Wood Dragon 2024 - Worlds Of Magic\",\"isPartOf\":{\"@id\":\"https:\/\/worldsofmagic.net\/#website\"},\"primaryImageOfPage\":{\"@id\":\"https:\/\/worldsofmagic.net\/product\/100-dragon-shield-sleeves-dual-matte-year-of-the-wood-dragon-2024\/#primaryimage\"},\"image\":{\"@id\":\"https:\/\/worldsofmagic.net\/product\/100-dragon-shield-sleeves-dual-matte-year-of-the-wood-dragon-2024\/#primaryimage\"},\"thumbnailUrl\":\"https:\/\/worldsofmagic.net\/wp-content\/uploads\/2024\/10\/748210.png\",\"datePublished\":\"2024-10-19T15:21:57+00:00\",\"dateModified\":\"2024-10-26T12:39:54+00:00\",\"description\":\"Harness the full potential of the Chinese New Year with the energetic sleeves for the Year of the Wood Dragon. May its might and vigor lend itself to your bold game play.The sleeves combine Arcane Tinmen's Dual Matte texture and interior with the visual quality of the Art sleeves.Dual Matte sleeves are fully opaque and have a black interior that creates a dramatic background for your TCG cards. The matte, textured back allows for a superior shuffle feel. All designs for our Art sleeves are printed directly onto the sleeve and do not peel or split. They are a great fit for our ultra-protective outer sleeves.Each cardboard box contains 100 sleeves and can be used to store 75+ single-sleeved cards, or 65+ double-sleeved cards.Standard size card sleeves for cards sized measuring up to 63x88 mm (21\/2\\\"x31\/2\\\"). Great for TCGs like MTG, Pok\u00e9mon, Lorcana & Flesh and Blood!\",\"breadcrumb\":{\"@id\":\"https:\/\/worldsofmagic.net\/product\/100-dragon-shield-sleeves-dual-matte-year-of-the-wood-dragon-2024\/#breadcrumb\"},\"inLanguage\":\"fr-FR\",\"potentialAction\":[{\"@type\":\"ReadAction\",\"target\":[\"https:\/\/worldsofmagic.net\/product\/100-dragon-shield-sleeves-dual-matte-year-of-the-wood-dragon-2024\/\"]}]},{\"@type\":\"ImageObject\",\"inLanguage\":\"fr-FR\",\"@id\":\"https:\/\/worldsofmagic.net\/product\/100-dragon-shield-sleeves-dual-matte-year-of-the-wood-dragon-2024\/#primaryimage\",\"url\":\"https:\/\/worldsofmagic.net\/wp-content\/uploads\/2024\/10\/748210.png\",\"contentUrl\":\"https:\/\/worldsofmagic.net\/wp-content\/uploads\/2024\/10\/748210.png\",\"width\":300,\"height\":300},{\"@type\":\"BreadcrumbList\",\"@id\":\"https:\/\/worldsofmagic.net\/product\/100-dragon-shield-sleeves-dual-matte-year-of-the-wood-dragon-2024\/#breadcrumb\",\"itemListElement\":[{\"@type\":\"ListItem\",\"position\":1,\"name\":\"Accueil\",\"item\":\"https:\/\/worldsofmagic.net\/\"},{\"@type\":\"ListItem\",\"position\":2,\"name\":\"Shop\",\"item\":\"https:\/\/worldsofmagic.net\/shop\/\"},{\"@type\":\"ListItem\",\"position\":3,\"name\":\"100 Dragon Shield Sleeves &#8211; Dual Matte Year of the Wood Dragon 2024\"}]},{\"@type\":\"WebSite\",\"@id\":\"https:\/\/worldsofmagic.net\/#website\",\"url\":\"https:\/\/worldsofmagic.net\/\",\"name\":\"Worlds Of Magic\",\"description\":\"\",\"publisher\":{\"@id\":\"https:\/\/worldsofmagic.net\/#organization\"},\"potentialAction\":[{\"@type\":\"SearchAction\",\"target\":{\"@type\":\"EntryPoint\",\"urlTemplate\":\"https:\/\/worldsofmagic.net\/?s={search_term_string}\"},\"query-input\":{\"@type\":\"PropertyValueSpecification\",\"valueRequired\":true,\"valueName\":\"search_term_string\"}}],\"inLanguage\":\"fr-FR\"},{\"@type\":\"Organization\",\"@id\":\"https:\/\/worldsofmagic.net\/#organization\",\"name\":\"Worlds Of Magic\",\"alternateName\":\"Worlds Of Magic\",\"url\":\"https:\/\/worldsofmagic.net\/\",\"logo\":{\"@type\":\"ImageObject\",\"inLanguage\":\"fr-FR\",\"@id\":\"https:\/\/worldsofmagic.net\/#\/schema\/logo\/image\/\",\"url\":\"https:\/\/worldsofmagic.net\/wp-content\/uploads\/2024\/07\/image.png\",\"contentUrl\":\"https:\/\/worldsofmagic.net\/wp-content\/uploads\/2024\/07\/image.png\",\"width\":1072,\"height\":341,\"caption\":\"Worlds Of Magic\"},\"image\":{\"@id\":\"https:\/\/worldsofmagic.net\/#\/schema\/logo\/image\/\"}}]}<\/script>\n<!-- \/ Yoast SEO plugin. -->","yoast_head_json":{"title":"100 Dragon Shield Sleeves - Dual Matte Year of the Wood Dragon 2024 - Worlds Of Magic","description":"Harness the full potential of the Chinese New Year with the energetic sleeves for the Year of the Wood Dragon. May its might and vigor lend itself to your bold game play.The sleeves combine Arcane Tinmen's Dual Matte texture and interior with the visual quality of the Art sleeves.Dual Matte sleeves are fully opaque and have a black interior that creates a dramatic background for your TCG cards. The matte, textured back allows for a superior shuffle feel. All designs for our Art sleeves are printed directly onto the sleeve and do not peel or split. They are a great fit for our ultra-protective outer sleeves.Each cardboard box contains 100 sleeves and can be used to store 75+ single-sleeved cards, or 65+ double-sleeved cards.Standard size card sleeves for cards sized measuring up to 63x88 mm (21\/2\"x31\/2\"). Great for TCGs like MTG, Pok\u00e9mon, Lorcana & Flesh and Blood!","robots":{"index":"index","follow":"follow","max-snippet":"max-snippet:-1","max-image-preview":"max-image-preview:large","max-video-preview":"max-video-preview:-1"},"canonical":"https:\/\/worldsofmagic.net\/fr\/produit\/100-dragon-shield-sleeves-dual-matte-year-of-the-wood-dragon-2024\/","og_locale":"fr_FR","og_type":"article","og_title":"100 Dragon Shield Sleeves - Dual Matte Year of the Wood Dragon 2024 - Worlds Of Magic","og_description":"Harness the full potential of the Chinese New Year with the energetic sleeves for the Year of the Wood Dragon. May its might and vigor lend itself to your bold game play.The sleeves combine Arcane Tinmen's Dual Matte texture and interior with the visual quality of the Art sleeves.Dual Matte sleeves are fully opaque and have a black interior that creates a dramatic background for your TCG cards. The matte, textured back allows for a superior shuffle feel. All designs for our Art sleeves are printed directly onto the sleeve and do not peel or split. They are a great fit for our ultra-protective outer sleeves.Each cardboard box contains 100 sleeves and can be used to store 75+ single-sleeved cards, or 65+ double-sleeved cards.Standard size card sleeves for cards sized measuring up to 63x88 mm (21\/2\"x31\/2\"). Great for TCGs like MTG, Pok\u00e9mon, Lorcana & Flesh and Blood!","og_url":"https:\/\/worldsofmagic.net\/fr\/produit\/100-dragon-shield-sleeves-dual-matte-year-of-the-wood-dragon-2024\/","og_site_name":"Worlds Of Magic","article_modified_time":"2024-10-26T12:39:54+00:00","og_image":[{"width":300,"height":300,"url":"https:\/\/worldsofmagic.net\/wp-content\/uploads\/2024\/10\/748210.png","type":"image\/png"}],"twitter_card":"summary_large_image","twitter_misc":{"Dur\u00e9e de lecture estim\u00e9e":"1 minute"},"schema":{"@context":"https:\/\/schema.org","@graph":[{"@type":"WebPage","@id":"https:\/\/worldsofmagic.net\/product\/100-dragon-shield-sleeves-dual-matte-year-of-the-wood-dragon-2024\/","url":"https:\/\/worldsofmagic.net\/product\/100-dragon-shield-sleeves-dual-matte-year-of-the-wood-dragon-2024\/","name":"100 Dragon Shield Sleeves - Dual Matte Year of the Wood Dragon 2024 - Worlds Of Magic","isPartOf":{"@id":"https:\/\/worldsofmagic.net\/#website"},"primaryImageOfPage":{"@id":"https:\/\/worldsofmagic.net\/product\/100-dragon-shield-sleeves-dual-matte-year-of-the-wood-dragon-2024\/#primaryimage"},"image":{"@id":"https:\/\/worldsofmagic.net\/product\/100-dragon-shield-sleeves-dual-matte-year-of-the-wood-dragon-2024\/#primaryimage"},"thumbnailUrl":"https:\/\/worldsofmagic.net\/wp-content\/uploads\/2024\/10\/748210.png","datePublished":"2024-10-19T15:21:57+00:00","dateModified":"2024-10-26T12:39:54+00:00","description":"Harness the full potential of the Chinese New Year with the energetic sleeves for the Year of the Wood Dragon. May its might and vigor lend itself to your bold game play.The sleeves combine Arcane Tinmen's Dual Matte texture and interior with the visual quality of the Art sleeves.Dual Matte sleeves are fully opaque and have a black interior that creates a dramatic background for your TCG cards. The matte, textured back allows for a superior shuffle feel. All designs for our Art sleeves are printed directly onto the sleeve and do not peel or split. They are a great fit for our ultra-protective outer sleeves.Each cardboard box contains 100 sleeves and can be used to store 75+ single-sleeved cards, or 65+ double-sleeved cards.Standard size card sleeves for cards sized measuring up to 63x88 mm (21\/2\"x31\/2\"). Great for TCGs like MTG, Pok\u00e9mon, Lorcana & Flesh and Blood!","breadcrumb":{"@id":"https:\/\/worldsofmagic.net\/product\/100-dragon-shield-sleeves-dual-matte-year-of-the-wood-dragon-2024\/#breadcrumb"},"inLanguage":"fr-FR","potentialAction":[{"@type":"ReadAction","target":["https:\/\/worldsofmagic.net\/product\/100-dragon-shield-sleeves-dual-matte-year-of-the-wood-dragon-2024\/"]}]},{"@type":"ImageObject","inLanguage":"fr-FR","@id":"https:\/\/worldsofmagic.net\/product\/100-dragon-shield-sleeves-dual-matte-year-of-the-wood-dragon-2024\/#primaryimage","url":"https:\/\/worldsofmagic.net\/wp-content\/uploads\/2024\/10\/748210.png","contentUrl":"https:\/\/worldsofmagic.net\/wp-content\/uploads\/2024\/10\/748210.png","width":300,"height":300},{"@type":"BreadcrumbList","@id":"https:\/\/worldsofmagic.net\/product\/100-dragon-shield-sleeves-dual-matte-year-of-the-wood-dragon-2024\/#breadcrumb","itemListElement":[{"@type":"ListItem","position":1,"name":"Accueil","item":"https:\/\/worldsofmagic.net\/"},{"@type":"ListItem","position":2,"name":"Shop","item":"https:\/\/worldsofmagic.net\/shop\/"},{"@type":"ListItem","position":3,"name":"100 Dragon Shield Sleeves &#8211; Dual Matte Year of the Wood Dragon 2024"}]},{"@type":"WebSite","@id":"https:\/\/worldsofmagic.net\/#website","url":"https:\/\/worldsofmagic.net\/","name":"Worlds Of Magic","description":"","publisher":{"@id":"https:\/\/worldsofmagic.net\/#organization"},"potentialAction":[{"@type":"SearchAction","target":{"@type":"EntryPoint","urlTemplate":"https:\/\/worldsofmagic.net\/?s={search_term_string}"},"query-input":{"@type":"PropertyValueSpecification","valueRequired":true,"valueName":"search_term_string"}}],"inLanguage":"fr-FR"},{"@type":"Organization","@id":"https:\/\/worldsofmagic.net\/#organization","name":"Worlds Of Magic","alternateName":"Worlds Of Magic","url":"https:\/\/worldsofmagic.net\/","logo":{"@type":"ImageObject","inLanguage":"fr-FR","@id":"https:\/\/worldsofmagic.net\/#\/schema\/logo\/image\/","url":"https:\/\/worldsofmagic.net\/wp-content\/uploads\/2024\/07\/image.png","contentUrl":"https:\/\/worldsofmagic.net\/wp-content\/uploads\/2024\/07\/image.png","width":1072,"height":341,"caption":"Worlds Of Magic"},"image":{"@id":"https:\/\/worldsofmagic.net\/#\/schema\/logo\/image\/"}}]}},"jetpack_sharing_enabled":true,"_links":{"self":[{"href":"https:\/\/worldsofmagic.net\/fr\/wp-json\/wp\/v2\/product\/1431"}],"collection":[{"href":"https:\/\/worldsofmagic.net\/fr\/wp-json\/wp\/v2\/product"}],"about":[{"href":"https:\/\/worldsofmagic.net\/fr\/wp-json\/wp\/v2\/types\/product"}],"replies":[{"embeddable":true,"href":"https:\/\/worldsofmagic.net\/fr\/wp-json\/wp\/v2\/comments?post=1431"}],"wp:featuredmedia":[{"embeddable":true,"href":"https:\/\/worldsofmagic.net\/fr\/wp-json\/wp\/v2\/media\/1432"}],"wp:attachment":[{"href":"https:\/\/worldsofmagic.net\/fr\/wp-json\/wp\/v2\/media?parent=1431"}],"wp:term":[{"taxonomy":"product_cat","embeddable":true,"href":"https:\/\/worldsofmagic.net\/fr\/wp-json\/wp\/v2\/product_cat?post=1431"},{"taxonomy":"product_tag","embeddable":true,"href":"https:\/\/worldsofmagic.net\/fr\/wp-json\/wp\/v2\/product_tag?post=1431"}],"curies":[{"name":"wp","href":"https:\/\/api.w.org\/{rel}","templated":true}]}}