{"id":1434,"date":"2024-10-19T15:33:18","date_gmt":"2024-10-19T15:33:18","guid":{"rendered":"https:\/\/worldsofmagic.net\/?post_type=product&#038;p=1434"},"modified":"2025-05-21T15:40:25","modified_gmt":"2025-05-21T15:40:25","slug":"100-dragon-shield-sleeves-matte-dual-mear","status":"publish","type":"product","link":"https:\/\/worldsofmagic.net\/fr\/produit\/100-dragon-shield-sleeves-matte-dual-mear\/","title":{"rendered":"100 Dragon Shield Sleeves \u2013 Matte Dual Mear"},"content":{"rendered":"<p>Livr\u00e9 avec 100 pochettes de taille standard pour cartes \u00e0 collectionner mesurant jusqu&#039;\u00e0 63 \u00d7 88 mm (2\u00bd&quot;x3\u00bd&quot;). Id\u00e9al pour les TCG comme MTG, Pok\u00e9mon, Lorcana et Flesh and Blood !<\/p>\n<p>\u00c0 l&#039;int\u00e9rieur des pochettes Matte Dual, vous d\u00e9couvrirez un int\u00e9rieur noir enti\u00e8rement opaque qui apporte une toile de fond \u00e9l\u00e9gante aux cartes \u00e0 bordure noire. Faites ressortir votre art de carte avec les pochettes Matte Dual ! Avec un dos l\u00e9g\u00e8rement moins textur\u00e9 que nos pochettes Matte classiques, les pochettes Matte Dual conservent une excellente sensation au toucher et se m\u00e9langent comme un r\u00eave.<\/p>","protected":false},"excerpt":{"rendered":"<p>Livr\u00e9 avec 100 pochettes de taille standard pour cartes \u00e0 collectionner mesurant jusqu&#039;\u00e0 63 \u00d7 88 mm (2\u00bd&quot;x3\u00bd&quot;). Id\u00e9al pour les TCG comme MTG, Pok\u00e9mon, Lorcana et Flesh and Blood !<\/p>\n<p>\u00c0 l&#039;int\u00e9rieur des pochettes Matte Dual, vous d\u00e9couvrirez un int\u00e9rieur noir enti\u00e8rement opaque qui apporte une toile de fond \u00e9l\u00e9gante aux cartes \u00e0 bordure noire. Faites ressortir votre art de carte avec les pochettes Matte Dual ! Avec un dos l\u00e9g\u00e8rement moins textur\u00e9 que nos pochettes Matte classiques, les pochettes Matte Dual conservent une excellente sensation au toucher et se m\u00e9langent comme un r\u00eave.<\/p>","protected":false},"featured_media":1435,"comment_status":"open","ping_status":"closed","template":"","meta":[],"product_cat":[42,56],"product_tag":[],"class_list":{"0":"post-1434","1":"product","2":"type-product","3":"status-publish","4":"has-post-thumbnail","6":"product_cat-accesories","7":"product_cat-sleeves","9":"first","10":"instock","11":"purchasable","12":"product-type-simple"},"yoast_head":"<!-- This site is optimized with the Yoast SEO plugin v23.6 - https:\/\/yoast.com\/wordpress\/plugins\/seo\/ -->\n<title>100 Dragon Shield Sleeves - Matte Dual Mear - Worlds Of Magic<\/title>\n<meta name=\"description\" content=\"Comes with 100 Standard size card sleeves for trading cards measuring up to 63x88 mm&#039;s (2\u00bd&quot;x3\u00bd&quot;). Great for TCGs like MTG, Pok\u00e9mon, Lorcana &amp; Flesh and Blood!Inside Matte Dual sleeves you will discover a fully opaque, black interior which brings an elegant backdrop to black bordered cards. Make your card art POP with Matte Duals! With a slightly less textured back compared our regular Matte sleeves, Matte Dual sleeves maintain a great hand feel and shuffle like a Dream.\" \/>\n<meta name=\"robots\" content=\"index, follow, max-snippet:-1, max-image-preview:large, max-video-preview:-1\" \/>\n<link rel=\"canonical\" href=\"https:\/\/worldsofmagic.net\/fr\/produit\/100-dragon-shield-sleeves-matte-dual-mear\/\" \/>\n<meta property=\"og:locale\" content=\"fr_FR\" \/>\n<meta property=\"og:type\" content=\"article\" \/>\n<meta property=\"og:title\" content=\"100 Dragon Shield Sleeves - Matte Dual Mear - Worlds Of Magic\" \/>\n<meta property=\"og:description\" content=\"Comes with 100 Standard size card sleeves for trading cards measuring up to 63x88 mm&#039;s (2\u00bd&quot;x3\u00bd&quot;). Great for TCGs like MTG, Pok\u00e9mon, Lorcana &amp; Flesh and Blood!Inside Matte Dual sleeves you will discover a fully opaque, black interior which brings an elegant backdrop to black bordered cards. Make your card art POP with Matte Duals! With a slightly less textured back compared our regular Matte sleeves, Matte Dual sleeves maintain a great hand feel and shuffle like a Dream.\" \/>\n<meta property=\"og:url\" content=\"https:\/\/worldsofmagic.net\/fr\/produit\/100-dragon-shield-sleeves-matte-dual-mear\/\" \/>\n<meta property=\"og:site_name\" content=\"Worlds Of Magic\" \/>\n<meta property=\"article:modified_time\" content=\"2025-05-21T15:40:25+00:00\" \/>\n<meta property=\"og:image\" content=\"https:\/\/worldsofmagic.net\/wp-content\/uploads\/2024\/10\/757803.png\" \/>\n\t<meta property=\"og:image:width\" content=\"300\" \/>\n\t<meta property=\"og:image:height\" content=\"300\" \/>\n\t<meta property=\"og:image:type\" content=\"image\/png\" \/>\n<meta name=\"twitter:card\" content=\"summary_large_image\" \/>\n<meta name=\"twitter:label1\" content=\"Dur\u00e9e de lecture estim\u00e9e\" \/>\n\t<meta name=\"twitter:data1\" content=\"1 minute\" \/>\n<script type=\"application\/ld+json\" class=\"yoast-schema-graph\">{\"@context\":\"https:\/\/schema.org\",\"@graph\":[{\"@type\":\"WebPage\",\"@id\":\"https:\/\/worldsofmagic.net\/product\/100-dragon-shield-sleeves-matte-dual-mear\/\",\"url\":\"https:\/\/worldsofmagic.net\/product\/100-dragon-shield-sleeves-matte-dual-mear\/\",\"name\":\"100 Dragon Shield Sleeves - Matte Dual Mear - Worlds Of Magic\",\"isPartOf\":{\"@id\":\"https:\/\/worldsofmagic.net\/#website\"},\"primaryImageOfPage\":{\"@id\":\"https:\/\/worldsofmagic.net\/product\/100-dragon-shield-sleeves-matte-dual-mear\/#primaryimage\"},\"image\":{\"@id\":\"https:\/\/worldsofmagic.net\/product\/100-dragon-shield-sleeves-matte-dual-mear\/#primaryimage\"},\"thumbnailUrl\":\"https:\/\/worldsofmagic.net\/wp-content\/uploads\/2024\/10\/757803.png\",\"datePublished\":\"2024-10-19T15:33:18+00:00\",\"dateModified\":\"2025-05-21T15:40:25+00:00\",\"description\":\"Comes with 100 Standard size card sleeves for trading cards measuring up to 63x88 mm's (2\u00bd\\\"x3\u00bd\\\"). Great for TCGs like MTG, Pok\u00e9mon, Lorcana & Flesh and Blood!Inside Matte Dual sleeves you will discover a fully opaque, black interior which brings an elegant backdrop to black bordered cards. Make your card art POP with Matte Duals! With a slightly less textured back compared our regular Matte sleeves, Matte Dual sleeves maintain a great hand feel and shuffle like a Dream.\",\"breadcrumb\":{\"@id\":\"https:\/\/worldsofmagic.net\/product\/100-dragon-shield-sleeves-matte-dual-mear\/#breadcrumb\"},\"inLanguage\":\"fr-FR\",\"potentialAction\":[{\"@type\":\"ReadAction\",\"target\":[\"https:\/\/worldsofmagic.net\/product\/100-dragon-shield-sleeves-matte-dual-mear\/\"]}]},{\"@type\":\"ImageObject\",\"inLanguage\":\"fr-FR\",\"@id\":\"https:\/\/worldsofmagic.net\/product\/100-dragon-shield-sleeves-matte-dual-mear\/#primaryimage\",\"url\":\"https:\/\/worldsofmagic.net\/wp-content\/uploads\/2024\/10\/757803.png\",\"contentUrl\":\"https:\/\/worldsofmagic.net\/wp-content\/uploads\/2024\/10\/757803.png\",\"width\":300,\"height\":300},{\"@type\":\"BreadcrumbList\",\"@id\":\"https:\/\/worldsofmagic.net\/product\/100-dragon-shield-sleeves-matte-dual-mear\/#breadcrumb\",\"itemListElement\":[{\"@type\":\"ListItem\",\"position\":1,\"name\":\"Accueil\",\"item\":\"https:\/\/worldsofmagic.net\/\"},{\"@type\":\"ListItem\",\"position\":2,\"name\":\"Shop\",\"item\":\"https:\/\/worldsofmagic.net\/shop\/\"},{\"@type\":\"ListItem\",\"position\":3,\"name\":\"100 Dragon Shield Sleeves &#8211; Matte Dual Mear\"}]},{\"@type\":\"WebSite\",\"@id\":\"https:\/\/worldsofmagic.net\/#website\",\"url\":\"https:\/\/worldsofmagic.net\/\",\"name\":\"Worlds Of Magic\",\"description\":\"\",\"publisher\":{\"@id\":\"https:\/\/worldsofmagic.net\/#organization\"},\"potentialAction\":[{\"@type\":\"SearchAction\",\"target\":{\"@type\":\"EntryPoint\",\"urlTemplate\":\"https:\/\/worldsofmagic.net\/?s={search_term_string}\"},\"query-input\":{\"@type\":\"PropertyValueSpecification\",\"valueRequired\":true,\"valueName\":\"search_term_string\"}}],\"inLanguage\":\"fr-FR\"},{\"@type\":\"Organization\",\"@id\":\"https:\/\/worldsofmagic.net\/#organization\",\"name\":\"Worlds Of Magic\",\"alternateName\":\"Worlds Of Magic\",\"url\":\"https:\/\/worldsofmagic.net\/\",\"logo\":{\"@type\":\"ImageObject\",\"inLanguage\":\"fr-FR\",\"@id\":\"https:\/\/worldsofmagic.net\/#\/schema\/logo\/image\/\",\"url\":\"https:\/\/worldsofmagic.net\/wp-content\/uploads\/2024\/07\/image.png\",\"contentUrl\":\"https:\/\/worldsofmagic.net\/wp-content\/uploads\/2024\/07\/image.png\",\"width\":1072,\"height\":341,\"caption\":\"Worlds Of Magic\"},\"image\":{\"@id\":\"https:\/\/worldsofmagic.net\/#\/schema\/logo\/image\/\"}}]}<\/script>\n<!-- \/ Yoast SEO plugin. -->","yoast_head_json":{"title":"100 Dragon Shield Sleeves - Matte Dual Mear - Worlds Of Magic","description":"Comes with 100 Standard size card sleeves for trading cards measuring up to 63x88 mm's (2\u00bd\"x3\u00bd\"). Great for TCGs like MTG, Pok\u00e9mon, Lorcana & Flesh and Blood!Inside Matte Dual sleeves you will discover a fully opaque, black interior which brings an elegant backdrop to black bordered cards. Make your card art POP with Matte Duals! With a slightly less textured back compared our regular Matte sleeves, Matte Dual sleeves maintain a great hand feel and shuffle like a Dream.","robots":{"index":"index","follow":"follow","max-snippet":"max-snippet:-1","max-image-preview":"max-image-preview:large","max-video-preview":"max-video-preview:-1"},"canonical":"https:\/\/worldsofmagic.net\/fr\/produit\/100-dragon-shield-sleeves-matte-dual-mear\/","og_locale":"fr_FR","og_type":"article","og_title":"100 Dragon Shield Sleeves - Matte Dual Mear - Worlds Of Magic","og_description":"Comes with 100 Standard size card sleeves for trading cards measuring up to 63x88 mm's (2\u00bd\"x3\u00bd\"). Great for TCGs like MTG, Pok\u00e9mon, Lorcana & Flesh and Blood!Inside Matte Dual sleeves you will discover a fully opaque, black interior which brings an elegant backdrop to black bordered cards. Make your card art POP with Matte Duals! With a slightly less textured back compared our regular Matte sleeves, Matte Dual sleeves maintain a great hand feel and shuffle like a Dream.","og_url":"https:\/\/worldsofmagic.net\/fr\/produit\/100-dragon-shield-sleeves-matte-dual-mear\/","og_site_name":"Worlds Of Magic","article_modified_time":"2025-05-21T15:40:25+00:00","og_image":[{"width":300,"height":300,"url":"https:\/\/worldsofmagic.net\/wp-content\/uploads\/2024\/10\/757803.png","type":"image\/png"}],"twitter_card":"summary_large_image","twitter_misc":{"Dur\u00e9e de lecture estim\u00e9e":"1 minute"},"schema":{"@context":"https:\/\/schema.org","@graph":[{"@type":"WebPage","@id":"https:\/\/worldsofmagic.net\/product\/100-dragon-shield-sleeves-matte-dual-mear\/","url":"https:\/\/worldsofmagic.net\/product\/100-dragon-shield-sleeves-matte-dual-mear\/","name":"100 Dragon Shield Sleeves - Matte Dual Mear - Worlds Of Magic","isPartOf":{"@id":"https:\/\/worldsofmagic.net\/#website"},"primaryImageOfPage":{"@id":"https:\/\/worldsofmagic.net\/product\/100-dragon-shield-sleeves-matte-dual-mear\/#primaryimage"},"image":{"@id":"https:\/\/worldsofmagic.net\/product\/100-dragon-shield-sleeves-matte-dual-mear\/#primaryimage"},"thumbnailUrl":"https:\/\/worldsofmagic.net\/wp-content\/uploads\/2024\/10\/757803.png","datePublished":"2024-10-19T15:33:18+00:00","dateModified":"2025-05-21T15:40:25+00:00","description":"Comes with 100 Standard size card sleeves for trading cards measuring up to 63x88 mm's (2\u00bd\"x3\u00bd\"). Great for TCGs like MTG, Pok\u00e9mon, Lorcana & Flesh and Blood!Inside Matte Dual sleeves you will discover a fully opaque, black interior which brings an elegant backdrop to black bordered cards. Make your card art POP with Matte Duals! With a slightly less textured back compared our regular Matte sleeves, Matte Dual sleeves maintain a great hand feel and shuffle like a Dream.","breadcrumb":{"@id":"https:\/\/worldsofmagic.net\/product\/100-dragon-shield-sleeves-matte-dual-mear\/#breadcrumb"},"inLanguage":"fr-FR","potentialAction":[{"@type":"ReadAction","target":["https:\/\/worldsofmagic.net\/product\/100-dragon-shield-sleeves-matte-dual-mear\/"]}]},{"@type":"ImageObject","inLanguage":"fr-FR","@id":"https:\/\/worldsofmagic.net\/product\/100-dragon-shield-sleeves-matte-dual-mear\/#primaryimage","url":"https:\/\/worldsofmagic.net\/wp-content\/uploads\/2024\/10\/757803.png","contentUrl":"https:\/\/worldsofmagic.net\/wp-content\/uploads\/2024\/10\/757803.png","width":300,"height":300},{"@type":"BreadcrumbList","@id":"https:\/\/worldsofmagic.net\/product\/100-dragon-shield-sleeves-matte-dual-mear\/#breadcrumb","itemListElement":[{"@type":"ListItem","position":1,"name":"Accueil","item":"https:\/\/worldsofmagic.net\/"},{"@type":"ListItem","position":2,"name":"Shop","item":"https:\/\/worldsofmagic.net\/shop\/"},{"@type":"ListItem","position":3,"name":"100 Dragon Shield Sleeves &#8211; Matte Dual Mear"}]},{"@type":"WebSite","@id":"https:\/\/worldsofmagic.net\/#website","url":"https:\/\/worldsofmagic.net\/","name":"Worlds Of Magic","description":"","publisher":{"@id":"https:\/\/worldsofmagic.net\/#organization"},"potentialAction":[{"@type":"SearchAction","target":{"@type":"EntryPoint","urlTemplate":"https:\/\/worldsofmagic.net\/?s={search_term_string}"},"query-input":{"@type":"PropertyValueSpecification","valueRequired":true,"valueName":"search_term_string"}}],"inLanguage":"fr-FR"},{"@type":"Organization","@id":"https:\/\/worldsofmagic.net\/#organization","name":"Worlds Of Magic","alternateName":"Worlds Of Magic","url":"https:\/\/worldsofmagic.net\/","logo":{"@type":"ImageObject","inLanguage":"fr-FR","@id":"https:\/\/worldsofmagic.net\/#\/schema\/logo\/image\/","url":"https:\/\/worldsofmagic.net\/wp-content\/uploads\/2024\/07\/image.png","contentUrl":"https:\/\/worldsofmagic.net\/wp-content\/uploads\/2024\/07\/image.png","width":1072,"height":341,"caption":"Worlds Of Magic"},"image":{"@id":"https:\/\/worldsofmagic.net\/#\/schema\/logo\/image\/"}}]}},"jetpack_sharing_enabled":true,"_links":{"self":[{"href":"https:\/\/worldsofmagic.net\/fr\/wp-json\/wp\/v2\/product\/1434"}],"collection":[{"href":"https:\/\/worldsofmagic.net\/fr\/wp-json\/wp\/v2\/product"}],"about":[{"href":"https:\/\/worldsofmagic.net\/fr\/wp-json\/wp\/v2\/types\/product"}],"replies":[{"embeddable":true,"href":"https:\/\/worldsofmagic.net\/fr\/wp-json\/wp\/v2\/comments?post=1434"}],"wp:featuredmedia":[{"embeddable":true,"href":"https:\/\/worldsofmagic.net\/fr\/wp-json\/wp\/v2\/media\/1435"}],"wp:attachment":[{"href":"https:\/\/worldsofmagic.net\/fr\/wp-json\/wp\/v2\/media?parent=1434"}],"wp:term":[{"taxonomy":"product_cat","embeddable":true,"href":"https:\/\/worldsofmagic.net\/fr\/wp-json\/wp\/v2\/product_cat?post=1434"},{"taxonomy":"product_tag","embeddable":true,"href":"https:\/\/worldsofmagic.net\/fr\/wp-json\/wp\/v2\/product_tag?post=1434"}],"curies":[{"name":"wp","href":"https:\/\/api.w.org\/{rel}","templated":true}]}}