{"id":1469,"date":"2024-10-20T15:53:18","date_gmt":"2024-10-20T15:53:18","guid":{"rendered":"https:\/\/worldsofmagic.net\/?post_type=product&#038;p=1469"},"modified":"2024-12-09T14:37:19","modified_gmt":"2024-12-09T14:37:19","slug":"magic-the-gathering-foundations-play-booster-display-bundle-x3","status":"publish","type":"product","link":"https:\/\/worldsofmagic.net\/fr\/produit\/magic-the-gathering-foundations-play-booster-display-bundle-x3\/","title":{"rendered":"Lot de 3 Bo\u00eete de boosters de jeu Magic: The Gathering Foundations"},"content":{"rendered":"<div class=\"css-LOABQ\">Contenu:<\/div>\n<div class=\"css-zEDIo\">\n<ul>\n<li>36\u00a0<em>Les bases de Magic : The Gathering<\/em>\u00a0Play Boosters ; chaque Play Booster contient :\n<ul>\n<li>14\u00a0<em>Magic : Le Rassemblement<\/em>\u00a0cartes<\/li>\n<li>Les boosters de jeu peuvent contenir ces cartes\u00a0: FDN 1\u2013361\u00a0; SPG 74\u201383<\/li>\n<li>Contient 1 \u00e0 4 cartes de raret\u00e9 rare ou sup\u00e9rieure (2\u00a0: 26%\u00a0; 3\u00a0: 2%\u00a0; 4\u00a0: &lt;1%) et 3 \u00e0 5 cartes peu communes, 6 \u00e0 9 cartes communes et 1 carte de terrain<\/li>\n<li>1 carte de n&#039;importe quelle raret\u00e9 est une carte Foil traditionnelle<\/li>\n<li>Planeswalker mythique sans bordure en aluminium dans &lt;1% de boosters<\/li>\n<li>Le Foil Land traditionnel remplace un Land dans 20% de boosters<\/li>\n<\/ul>\n<\/li>\n<\/ul>\n<\/div>","protected":false},"excerpt":{"rendered":"<p>Les boosters de jeu sont le meilleur moyen de d\u00e9couvrir tout ce que Magic a \u00e0 offrir. Construisez un deck \u00e0 partir de vos combinaisons de couleurs pr\u00e9f\u00e9r\u00e9es, draftez des packs avec des amis et ouvrez de magnifiques cartes sans bordure. De plus, vous pouvez trouver une carte brillante dans chaque booster. Un affichage complet de boosters de jeu soutient un \u00e9v\u00e9nement Draft avec des restes suppl\u00e9mentaires pour maximiser le plaisir pour tout le monde !<\/p>","protected":false},"featured_media":1470,"comment_status":"open","ping_status":"closed","template":"","meta":[],"product_cat":[27,84,21],"product_tag":[],"class_list":{"0":"post-1469","1":"product","2":"type-product","3":"status-publish","4":"has-post-thumbnail","6":"product_cat-boosterboxes","7":"product_cat-english-boosterboxes","8":"product_cat-magic-the-gathering","9":"pa_language-english","10":"pa_mtg-edition-fondation","12":"first","13":"outofstock","14":"purchasable","15":"product-type-woosb"},"yoast_head":"<!-- This site is optimized with the Yoast SEO plugin v23.6 - https:\/\/yoast.com\/wordpress\/plugins\/seo\/ -->\n<title>Magic: The Gathering Foundations Play Booster Display Bundle X3 - Worlds Of Magic<\/title>\n<meta name=\"robots\" content=\"index, follow, max-snippet:-1, max-image-preview:large, max-video-preview:-1\" \/>\n<link rel=\"canonical\" href=\"https:\/\/worldsofmagic.net\/fr\/produit\/magic-the-gathering-foundations-play-booster-display-bundle-x3\/\" \/>\n<meta property=\"og:locale\" content=\"fr_FR\" \/>\n<meta property=\"og:type\" content=\"article\" \/>\n<meta property=\"og:title\" content=\"Magic: The Gathering Foundations Play Booster Display Bundle X3 - Worlds Of Magic\" \/>\n<meta property=\"og:description\" content=\"Play Boosters are the best way to discover all that\u00a0Magic\u00a0has to offer. Construct a deck out of your favorite color combinations, draft packs with friends, and open gorgeous Borderless cards\u2014plus you can find a foil in every booster. A full display of Play Boosters supports a Draft event with extra left over to maximize the fun for everyone!\" \/>\n<meta property=\"og:url\" content=\"https:\/\/worldsofmagic.net\/fr\/produit\/magic-the-gathering-foundations-play-booster-display-bundle-x3\/\" \/>\n<meta property=\"og:site_name\" content=\"Worlds Of Magic\" \/>\n<meta property=\"article:modified_time\" content=\"2024-12-09T14:37:19+00:00\" \/>\n<meta property=\"og:image\" content=\"https:\/\/worldsofmagic.net\/wp-content\/uploads\/2024\/10\/B__3_-removebg-preview.png\" \/>\n\t<meta property=\"og:image:width\" content=\"500\" \/>\n\t<meta property=\"og:image:height\" content=\"500\" \/>\n\t<meta property=\"og:image:type\" content=\"image\/png\" \/>\n<meta name=\"twitter:card\" content=\"summary_large_image\" \/>\n<meta name=\"twitter:label1\" content=\"Dur\u00e9e de lecture estim\u00e9e\" \/>\n\t<meta name=\"twitter:data1\" content=\"1 minute\" \/>\n<script type=\"application\/ld+json\" class=\"yoast-schema-graph\">{\"@context\":\"https:\/\/schema.org\",\"@graph\":[{\"@type\":\"WebPage\",\"@id\":\"https:\/\/worldsofmagic.net\/product\/magic-the-gathering-foundations-play-booster-display-bundle-x3\/\",\"url\":\"https:\/\/worldsofmagic.net\/product\/magic-the-gathering-foundations-play-booster-display-bundle-x3\/\",\"name\":\"Magic: The Gathering Foundations Play Booster Display Bundle X3 - Worlds Of Magic\",\"isPartOf\":{\"@id\":\"https:\/\/worldsofmagic.net\/#website\"},\"primaryImageOfPage\":{\"@id\":\"https:\/\/worldsofmagic.net\/product\/magic-the-gathering-foundations-play-booster-display-bundle-x3\/#primaryimage\"},\"image\":{\"@id\":\"https:\/\/worldsofmagic.net\/product\/magic-the-gathering-foundations-play-booster-display-bundle-x3\/#primaryimage\"},\"thumbnailUrl\":\"https:\/\/worldsofmagic.net\/wp-content\/uploads\/2024\/10\/B__3_-removebg-preview.png\",\"datePublished\":\"2024-10-20T15:53:18+00:00\",\"dateModified\":\"2024-12-09T14:37:19+00:00\",\"breadcrumb\":{\"@id\":\"https:\/\/worldsofmagic.net\/product\/magic-the-gathering-foundations-play-booster-display-bundle-x3\/#breadcrumb\"},\"inLanguage\":\"fr-FR\",\"potentialAction\":[{\"@type\":\"ReadAction\",\"target\":[\"https:\/\/worldsofmagic.net\/product\/magic-the-gathering-foundations-play-booster-display-bundle-x3\/\"]}]},{\"@type\":\"ImageObject\",\"inLanguage\":\"fr-FR\",\"@id\":\"https:\/\/worldsofmagic.net\/product\/magic-the-gathering-foundations-play-booster-display-bundle-x3\/#primaryimage\",\"url\":\"https:\/\/worldsofmagic.net\/wp-content\/uploads\/2024\/10\/B__3_-removebg-preview.png\",\"contentUrl\":\"https:\/\/worldsofmagic.net\/wp-content\/uploads\/2024\/10\/B__3_-removebg-preview.png\",\"width\":500,\"height\":500},{\"@type\":\"BreadcrumbList\",\"@id\":\"https:\/\/worldsofmagic.net\/product\/magic-the-gathering-foundations-play-booster-display-bundle-x3\/#breadcrumb\",\"itemListElement\":[{\"@type\":\"ListItem\",\"position\":1,\"name\":\"Accueil\",\"item\":\"https:\/\/worldsofmagic.net\/\"},{\"@type\":\"ListItem\",\"position\":2,\"name\":\"Shop\",\"item\":\"https:\/\/worldsofmagic.net\/shop\/\"},{\"@type\":\"ListItem\",\"position\":3,\"name\":\"Magic: The Gathering Foundations Play Booster Display Bundle X3\"}]},{\"@type\":\"WebSite\",\"@id\":\"https:\/\/worldsofmagic.net\/#website\",\"url\":\"https:\/\/worldsofmagic.net\/\",\"name\":\"Worlds Of Magic\",\"description\":\"\",\"publisher\":{\"@id\":\"https:\/\/worldsofmagic.net\/#organization\"},\"potentialAction\":[{\"@type\":\"SearchAction\",\"target\":{\"@type\":\"EntryPoint\",\"urlTemplate\":\"https:\/\/worldsofmagic.net\/?s={search_term_string}\"},\"query-input\":{\"@type\":\"PropertyValueSpecification\",\"valueRequired\":true,\"valueName\":\"search_term_string\"}}],\"inLanguage\":\"fr-FR\"},{\"@type\":\"Organization\",\"@id\":\"https:\/\/worldsofmagic.net\/#organization\",\"name\":\"Worlds Of Magic\",\"alternateName\":\"Worlds Of Magic\",\"url\":\"https:\/\/worldsofmagic.net\/\",\"logo\":{\"@type\":\"ImageObject\",\"inLanguage\":\"fr-FR\",\"@id\":\"https:\/\/worldsofmagic.net\/#\/schema\/logo\/image\/\",\"url\":\"https:\/\/worldsofmagic.net\/wp-content\/uploads\/2024\/07\/image.png\",\"contentUrl\":\"https:\/\/worldsofmagic.net\/wp-content\/uploads\/2024\/07\/image.png\",\"width\":1072,\"height\":341,\"caption\":\"Worlds Of Magic\"},\"image\":{\"@id\":\"https:\/\/worldsofmagic.net\/#\/schema\/logo\/image\/\"}}]}<\/script>\n<!-- \/ Yoast SEO plugin. -->","yoast_head_json":{"title":"Magic: The Gathering Foundations Play Booster Display Bundle X3 - Worlds Of Magic","robots":{"index":"index","follow":"follow","max-snippet":"max-snippet:-1","max-image-preview":"max-image-preview:large","max-video-preview":"max-video-preview:-1"},"canonical":"https:\/\/worldsofmagic.net\/fr\/produit\/magic-the-gathering-foundations-play-booster-display-bundle-x3\/","og_locale":"fr_FR","og_type":"article","og_title":"Magic: The Gathering Foundations Play Booster Display Bundle X3 - Worlds Of Magic","og_description":"Play Boosters are the best way to discover all that\u00a0Magic\u00a0has to offer. Construct a deck out of your favorite color combinations, draft packs with friends, and open gorgeous Borderless cards\u2014plus you can find a foil in every booster. A full display of Play Boosters supports a Draft event with extra left over to maximize the fun for everyone!","og_url":"https:\/\/worldsofmagic.net\/fr\/produit\/magic-the-gathering-foundations-play-booster-display-bundle-x3\/","og_site_name":"Worlds Of Magic","article_modified_time":"2024-12-09T14:37:19+00:00","og_image":[{"width":500,"height":500,"url":"https:\/\/worldsofmagic.net\/wp-content\/uploads\/2024\/10\/B__3_-removebg-preview.png","type":"image\/png"}],"twitter_card":"summary_large_image","twitter_misc":{"Dur\u00e9e de lecture estim\u00e9e":"1 minute"},"schema":{"@context":"https:\/\/schema.org","@graph":[{"@type":"WebPage","@id":"https:\/\/worldsofmagic.net\/product\/magic-the-gathering-foundations-play-booster-display-bundle-x3\/","url":"https:\/\/worldsofmagic.net\/product\/magic-the-gathering-foundations-play-booster-display-bundle-x3\/","name":"Magic: The Gathering Foundations Play Booster Display Bundle X3 - Worlds Of Magic","isPartOf":{"@id":"https:\/\/worldsofmagic.net\/#website"},"primaryImageOfPage":{"@id":"https:\/\/worldsofmagic.net\/product\/magic-the-gathering-foundations-play-booster-display-bundle-x3\/#primaryimage"},"image":{"@id":"https:\/\/worldsofmagic.net\/product\/magic-the-gathering-foundations-play-booster-display-bundle-x3\/#primaryimage"},"thumbnailUrl":"https:\/\/worldsofmagic.net\/wp-content\/uploads\/2024\/10\/B__3_-removebg-preview.png","datePublished":"2024-10-20T15:53:18+00:00","dateModified":"2024-12-09T14:37:19+00:00","breadcrumb":{"@id":"https:\/\/worldsofmagic.net\/product\/magic-the-gathering-foundations-play-booster-display-bundle-x3\/#breadcrumb"},"inLanguage":"fr-FR","potentialAction":[{"@type":"ReadAction","target":["https:\/\/worldsofmagic.net\/product\/magic-the-gathering-foundations-play-booster-display-bundle-x3\/"]}]},{"@type":"ImageObject","inLanguage":"fr-FR","@id":"https:\/\/worldsofmagic.net\/product\/magic-the-gathering-foundations-play-booster-display-bundle-x3\/#primaryimage","url":"https:\/\/worldsofmagic.net\/wp-content\/uploads\/2024\/10\/B__3_-removebg-preview.png","contentUrl":"https:\/\/worldsofmagic.net\/wp-content\/uploads\/2024\/10\/B__3_-removebg-preview.png","width":500,"height":500},{"@type":"BreadcrumbList","@id":"https:\/\/worldsofmagic.net\/product\/magic-the-gathering-foundations-play-booster-display-bundle-x3\/#breadcrumb","itemListElement":[{"@type":"ListItem","position":1,"name":"Accueil","item":"https:\/\/worldsofmagic.net\/"},{"@type":"ListItem","position":2,"name":"Shop","item":"https:\/\/worldsofmagic.net\/shop\/"},{"@type":"ListItem","position":3,"name":"Magic: The Gathering Foundations Play Booster Display Bundle X3"}]},{"@type":"WebSite","@id":"https:\/\/worldsofmagic.net\/#website","url":"https:\/\/worldsofmagic.net\/","name":"Worlds Of Magic","description":"","publisher":{"@id":"https:\/\/worldsofmagic.net\/#organization"},"potentialAction":[{"@type":"SearchAction","target":{"@type":"EntryPoint","urlTemplate":"https:\/\/worldsofmagic.net\/?s={search_term_string}"},"query-input":{"@type":"PropertyValueSpecification","valueRequired":true,"valueName":"search_term_string"}}],"inLanguage":"fr-FR"},{"@type":"Organization","@id":"https:\/\/worldsofmagic.net\/#organization","name":"Worlds Of Magic","alternateName":"Worlds Of Magic","url":"https:\/\/worldsofmagic.net\/","logo":{"@type":"ImageObject","inLanguage":"fr-FR","@id":"https:\/\/worldsofmagic.net\/#\/schema\/logo\/image\/","url":"https:\/\/worldsofmagic.net\/wp-content\/uploads\/2024\/07\/image.png","contentUrl":"https:\/\/worldsofmagic.net\/wp-content\/uploads\/2024\/07\/image.png","width":1072,"height":341,"caption":"Worlds Of Magic"},"image":{"@id":"https:\/\/worldsofmagic.net\/#\/schema\/logo\/image\/"}}]}},"jetpack_sharing_enabled":true,"_links":{"self":[{"href":"https:\/\/worldsofmagic.net\/fr\/wp-json\/wp\/v2\/product\/1469"}],"collection":[{"href":"https:\/\/worldsofmagic.net\/fr\/wp-json\/wp\/v2\/product"}],"about":[{"href":"https:\/\/worldsofmagic.net\/fr\/wp-json\/wp\/v2\/types\/product"}],"replies":[{"embeddable":true,"href":"https:\/\/worldsofmagic.net\/fr\/wp-json\/wp\/v2\/comments?post=1469"}],"wp:featuredmedia":[{"embeddable":true,"href":"https:\/\/worldsofmagic.net\/fr\/wp-json\/wp\/v2\/media\/1470"}],"wp:attachment":[{"href":"https:\/\/worldsofmagic.net\/fr\/wp-json\/wp\/v2\/media?parent=1469"}],"wp:term":[{"taxonomy":"product_cat","embeddable":true,"href":"https:\/\/worldsofmagic.net\/fr\/wp-json\/wp\/v2\/product_cat?post=1469"},{"taxonomy":"product_tag","embeddable":true,"href":"https:\/\/worldsofmagic.net\/fr\/wp-json\/wp\/v2\/product_tag?post=1469"}],"curies":[{"name":"wp","href":"https:\/\/api.w.org\/{rel}","templated":true}]}}