{"id":1563,"date":"2024-10-21T16:03:33","date_gmt":"2024-10-21T16:03:33","guid":{"rendered":"https:\/\/worldsofmagic.net\/?post_type=product&#038;p=1563"},"modified":"2024-12-07T16:04:16","modified_gmt":"2024-12-07T16:04:16","slug":"star-wars-unlimited-twilight-of-the-republic-booster-box-english","status":"publish","type":"product","link":"https:\/\/worldsofmagic.net\/fr\/produit\/star-wars-unlimited-twilight-of-the-republic-booster-box-english\/","title":{"rendered":"Bo\u00eete de Booster Star Wars : Unlimited \u2013  Twilight of the Republic Booster Box\u2013 Anglais"},"content":{"rendered":"<p><strong>Chaque booster contient 16 cartes al\u00e9atoires :<\/strong><\/p>\n<ul>\n<li>1 carte brillante qui peut \u00eatre de n&#039;importe quelle raret\u00e9.<\/li>\n<li>1 carte rare ou l\u00e9gendaire.<\/li>\n<li>1 carte leader.<\/li>\n<li>1 carte de base.<\/li>\n<li>3 cartes peu communes.<\/li>\n<li>9 cartes communes.<\/li>\n<\/ul>\n<p>Chaque booster a une petite chance de contenir une variante \u00ab Hyperspace \u00bb de n&#039;importe quelle carte, ou une variante \u00ab Showcase \u00bb encore plus rare.<\/p>","protected":false},"excerpt":{"rendered":"<p>Chaque booster contient 16 cartes al\u00e9atoires : 1 carte brillante de n&#039;importe quelle raret\u00e9. 1 carte rare ou l\u00e9gendaire. 1 carte leader. 1 carte de base. 3 cartes peu communes. 9 cartes communes. Chaque booster a une petite chance de contenir une variante \u00ab Hyperspace \u00bb de n&#039;importe quelle carte, ou une variante \u00ab Showcase \u00bb encore plus rare.<\/p>","protected":false},"featured_media":1564,"comment_status":"open","ping_status":"closed","template":"","meta":[],"product_cat":[44,43],"product_tag":[],"class_list":{"0":"post-1563","1":"product","2":"type-product","3":"status-publish","4":"has-post-thumbnail","6":"product_cat-booster-box","7":"product_cat-star-wars","8":"pa_language-english","10":"first","11":"instock","12":"purchasable","13":"product-type-simple"},"yoast_head":"<!-- This site is optimized with the Yoast SEO plugin v23.6 - https:\/\/yoast.com\/wordpress\/plugins\/seo\/ -->\n<title>Star Wars: Unlimited - Twilight of the Republic Booster Box<\/title>\n<meta name=\"description\" content=\"Twilight of the Republic offers you a host of new possibilities with over 250 new cards and 2 new game mechanics.\" \/>\n<meta name=\"robots\" content=\"index, follow, max-snippet:-1, max-image-preview:large, max-video-preview:-1\" \/>\n<link rel=\"canonical\" href=\"https:\/\/worldsofmagic.net\/fr\/produit\/star-wars-unlimited-twilight-of-the-republic-booster-box-english\/\" \/>\n<meta property=\"og:locale\" content=\"fr_FR\" \/>\n<meta property=\"og:type\" content=\"article\" \/>\n<meta property=\"og:title\" content=\"Star Wars: Unlimited - Twilight of the Republic Booster Box\" \/>\n<meta property=\"og:description\" content=\"Twilight of the Republic offers you a host of new possibilities with over 250 new cards and 2 new game mechanics.\" \/>\n<meta property=\"og:url\" content=\"https:\/\/worldsofmagic.net\/fr\/produit\/star-wars-unlimited-twilight-of-the-republic-booster-box-english\/\" \/>\n<meta property=\"og:site_name\" content=\"Worlds Of Magic\" \/>\n<meta property=\"article:modified_time\" content=\"2024-12-07T16:04:16+00:00\" \/>\n<meta property=\"og:image\" content=\"https:\/\/worldsofmagic.net\/wp-content\/uploads\/2024\/10\/twilight-of-the-Republic-Booster-Box.png\" \/>\n\t<meta property=\"og:image:width\" content=\"300\" \/>\n\t<meta property=\"og:image:height\" content=\"300\" \/>\n\t<meta property=\"og:image:type\" content=\"image\/png\" \/>\n<meta name=\"twitter:card\" content=\"summary_large_image\" \/>\n<meta name=\"twitter:label1\" content=\"Dur\u00e9e de lecture estim\u00e9e\" \/>\n\t<meta name=\"twitter:data1\" content=\"1 minute\" \/>\n<script type=\"application\/ld+json\" class=\"yoast-schema-graph\">{\"@context\":\"https:\/\/schema.org\",\"@graph\":[{\"@type\":\"WebPage\",\"@id\":\"https:\/\/worldsofmagic.net\/product\/star-wars-unlimited-twilight-of-the-republic-booster-box-english\/\",\"url\":\"https:\/\/worldsofmagic.net\/product\/star-wars-unlimited-twilight-of-the-republic-booster-box-english\/\",\"name\":\"Star Wars: Unlimited - Twilight of the Republic Booster Box\",\"isPartOf\":{\"@id\":\"https:\/\/worldsofmagic.net\/#website\"},\"primaryImageOfPage\":{\"@id\":\"https:\/\/worldsofmagic.net\/product\/star-wars-unlimited-twilight-of-the-republic-booster-box-english\/#primaryimage\"},\"image\":{\"@id\":\"https:\/\/worldsofmagic.net\/product\/star-wars-unlimited-twilight-of-the-republic-booster-box-english\/#primaryimage\"},\"thumbnailUrl\":\"https:\/\/worldsofmagic.net\/wp-content\/uploads\/2024\/10\/twilight-of-the-Republic-Booster-Box.png\",\"datePublished\":\"2024-10-21T16:03:33+00:00\",\"dateModified\":\"2024-12-07T16:04:16+00:00\",\"description\":\"Twilight of the Republic offers you a host of new possibilities with over 250 new cards and 2 new game mechanics.\",\"breadcrumb\":{\"@id\":\"https:\/\/worldsofmagic.net\/product\/star-wars-unlimited-twilight-of-the-republic-booster-box-english\/#breadcrumb\"},\"inLanguage\":\"fr-FR\",\"potentialAction\":[{\"@type\":\"ReadAction\",\"target\":[\"https:\/\/worldsofmagic.net\/product\/star-wars-unlimited-twilight-of-the-republic-booster-box-english\/\"]}]},{\"@type\":\"ImageObject\",\"inLanguage\":\"fr-FR\",\"@id\":\"https:\/\/worldsofmagic.net\/product\/star-wars-unlimited-twilight-of-the-republic-booster-box-english\/#primaryimage\",\"url\":\"https:\/\/worldsofmagic.net\/wp-content\/uploads\/2024\/10\/twilight-of-the-Republic-Booster-Box.png\",\"contentUrl\":\"https:\/\/worldsofmagic.net\/wp-content\/uploads\/2024\/10\/twilight-of-the-Republic-Booster-Box.png\",\"width\":300,\"height\":300},{\"@type\":\"BreadcrumbList\",\"@id\":\"https:\/\/worldsofmagic.net\/product\/star-wars-unlimited-twilight-of-the-republic-booster-box-english\/#breadcrumb\",\"itemListElement\":[{\"@type\":\"ListItem\",\"position\":1,\"name\":\"Accueil\",\"item\":\"https:\/\/worldsofmagic.net\/\"},{\"@type\":\"ListItem\",\"position\":2,\"name\":\"Shop\",\"item\":\"https:\/\/worldsofmagic.net\/shop\/\"},{\"@type\":\"ListItem\",\"position\":3,\"name\":\"Star Wars: Unlimited &#8211; Twilight of the Republic Booster Box &#8211; English\"}]},{\"@type\":\"WebSite\",\"@id\":\"https:\/\/worldsofmagic.net\/#website\",\"url\":\"https:\/\/worldsofmagic.net\/\",\"name\":\"Worlds Of Magic\",\"description\":\"\",\"publisher\":{\"@id\":\"https:\/\/worldsofmagic.net\/#organization\"},\"potentialAction\":[{\"@type\":\"SearchAction\",\"target\":{\"@type\":\"EntryPoint\",\"urlTemplate\":\"https:\/\/worldsofmagic.net\/?s={search_term_string}\"},\"query-input\":{\"@type\":\"PropertyValueSpecification\",\"valueRequired\":true,\"valueName\":\"search_term_string\"}}],\"inLanguage\":\"fr-FR\"},{\"@type\":\"Organization\",\"@id\":\"https:\/\/worldsofmagic.net\/#organization\",\"name\":\"Worlds Of Magic\",\"alternateName\":\"Worlds Of Magic\",\"url\":\"https:\/\/worldsofmagic.net\/\",\"logo\":{\"@type\":\"ImageObject\",\"inLanguage\":\"fr-FR\",\"@id\":\"https:\/\/worldsofmagic.net\/#\/schema\/logo\/image\/\",\"url\":\"https:\/\/worldsofmagic.net\/wp-content\/uploads\/2024\/07\/image.png\",\"contentUrl\":\"https:\/\/worldsofmagic.net\/wp-content\/uploads\/2024\/07\/image.png\",\"width\":1072,\"height\":341,\"caption\":\"Worlds Of Magic\"},\"image\":{\"@id\":\"https:\/\/worldsofmagic.net\/#\/schema\/logo\/image\/\"}}]}<\/script>\n<!-- \/ Yoast SEO plugin. -->","yoast_head_json":{"title":"Star Wars: Unlimited - Twilight of the Republic Booster Box","description":"Twilight of the Republic offers you a host of new possibilities with over 250 new cards and 2 new game mechanics.","robots":{"index":"index","follow":"follow","max-snippet":"max-snippet:-1","max-image-preview":"max-image-preview:large","max-video-preview":"max-video-preview:-1"},"canonical":"https:\/\/worldsofmagic.net\/fr\/produit\/star-wars-unlimited-twilight-of-the-republic-booster-box-english\/","og_locale":"fr_FR","og_type":"article","og_title":"Star Wars: Unlimited - Twilight of the Republic Booster Box","og_description":"Twilight of the Republic offers you a host of new possibilities with over 250 new cards and 2 new game mechanics.","og_url":"https:\/\/worldsofmagic.net\/fr\/produit\/star-wars-unlimited-twilight-of-the-republic-booster-box-english\/","og_site_name":"Worlds Of Magic","article_modified_time":"2024-12-07T16:04:16+00:00","og_image":[{"width":300,"height":300,"url":"https:\/\/worldsofmagic.net\/wp-content\/uploads\/2024\/10\/twilight-of-the-Republic-Booster-Box.png","type":"image\/png"}],"twitter_card":"summary_large_image","twitter_misc":{"Dur\u00e9e de lecture estim\u00e9e":"1 minute"},"schema":{"@context":"https:\/\/schema.org","@graph":[{"@type":"WebPage","@id":"https:\/\/worldsofmagic.net\/product\/star-wars-unlimited-twilight-of-the-republic-booster-box-english\/","url":"https:\/\/worldsofmagic.net\/product\/star-wars-unlimited-twilight-of-the-republic-booster-box-english\/","name":"Star Wars: Unlimited - Twilight of the Republic Booster Box","isPartOf":{"@id":"https:\/\/worldsofmagic.net\/#website"},"primaryImageOfPage":{"@id":"https:\/\/worldsofmagic.net\/product\/star-wars-unlimited-twilight-of-the-republic-booster-box-english\/#primaryimage"},"image":{"@id":"https:\/\/worldsofmagic.net\/product\/star-wars-unlimited-twilight-of-the-republic-booster-box-english\/#primaryimage"},"thumbnailUrl":"https:\/\/worldsofmagic.net\/wp-content\/uploads\/2024\/10\/twilight-of-the-Republic-Booster-Box.png","datePublished":"2024-10-21T16:03:33+00:00","dateModified":"2024-12-07T16:04:16+00:00","description":"Twilight of the Republic offers you a host of new possibilities with over 250 new cards and 2 new game mechanics.","breadcrumb":{"@id":"https:\/\/worldsofmagic.net\/product\/star-wars-unlimited-twilight-of-the-republic-booster-box-english\/#breadcrumb"},"inLanguage":"fr-FR","potentialAction":[{"@type":"ReadAction","target":["https:\/\/worldsofmagic.net\/product\/star-wars-unlimited-twilight-of-the-republic-booster-box-english\/"]}]},{"@type":"ImageObject","inLanguage":"fr-FR","@id":"https:\/\/worldsofmagic.net\/product\/star-wars-unlimited-twilight-of-the-republic-booster-box-english\/#primaryimage","url":"https:\/\/worldsofmagic.net\/wp-content\/uploads\/2024\/10\/twilight-of-the-Republic-Booster-Box.png","contentUrl":"https:\/\/worldsofmagic.net\/wp-content\/uploads\/2024\/10\/twilight-of-the-Republic-Booster-Box.png","width":300,"height":300},{"@type":"BreadcrumbList","@id":"https:\/\/worldsofmagic.net\/product\/star-wars-unlimited-twilight-of-the-republic-booster-box-english\/#breadcrumb","itemListElement":[{"@type":"ListItem","position":1,"name":"Accueil","item":"https:\/\/worldsofmagic.net\/"},{"@type":"ListItem","position":2,"name":"Shop","item":"https:\/\/worldsofmagic.net\/shop\/"},{"@type":"ListItem","position":3,"name":"Star Wars: Unlimited &#8211; Twilight of the Republic Booster Box &#8211; English"}]},{"@type":"WebSite","@id":"https:\/\/worldsofmagic.net\/#website","url":"https:\/\/worldsofmagic.net\/","name":"Worlds Of Magic","description":"","publisher":{"@id":"https:\/\/worldsofmagic.net\/#organization"},"potentialAction":[{"@type":"SearchAction","target":{"@type":"EntryPoint","urlTemplate":"https:\/\/worldsofmagic.net\/?s={search_term_string}"},"query-input":{"@type":"PropertyValueSpecification","valueRequired":true,"valueName":"search_term_string"}}],"inLanguage":"fr-FR"},{"@type":"Organization","@id":"https:\/\/worldsofmagic.net\/#organization","name":"Worlds Of Magic","alternateName":"Worlds Of Magic","url":"https:\/\/worldsofmagic.net\/","logo":{"@type":"ImageObject","inLanguage":"fr-FR","@id":"https:\/\/worldsofmagic.net\/#\/schema\/logo\/image\/","url":"https:\/\/worldsofmagic.net\/wp-content\/uploads\/2024\/07\/image.png","contentUrl":"https:\/\/worldsofmagic.net\/wp-content\/uploads\/2024\/07\/image.png","width":1072,"height":341,"caption":"Worlds Of Magic"},"image":{"@id":"https:\/\/worldsofmagic.net\/#\/schema\/logo\/image\/"}}]}},"jetpack_sharing_enabled":true,"_links":{"self":[{"href":"https:\/\/worldsofmagic.net\/fr\/wp-json\/wp\/v2\/product\/1563"}],"collection":[{"href":"https:\/\/worldsofmagic.net\/fr\/wp-json\/wp\/v2\/product"}],"about":[{"href":"https:\/\/worldsofmagic.net\/fr\/wp-json\/wp\/v2\/types\/product"}],"replies":[{"embeddable":true,"href":"https:\/\/worldsofmagic.net\/fr\/wp-json\/wp\/v2\/comments?post=1563"}],"wp:featuredmedia":[{"embeddable":true,"href":"https:\/\/worldsofmagic.net\/fr\/wp-json\/wp\/v2\/media\/1564"}],"wp:attachment":[{"href":"https:\/\/worldsofmagic.net\/fr\/wp-json\/wp\/v2\/media?parent=1563"}],"wp:term":[{"taxonomy":"product_cat","embeddable":true,"href":"https:\/\/worldsofmagic.net\/fr\/wp-json\/wp\/v2\/product_cat?post=1563"},{"taxonomy":"product_tag","embeddable":true,"href":"https:\/\/worldsofmagic.net\/fr\/wp-json\/wp\/v2\/product_tag?post=1563"}],"curies":[{"name":"wp","href":"https:\/\/api.w.org\/{rel}","templated":true}]}}