{"id":1570,"date":"2024-10-25T12:39:15","date_gmt":"2024-10-25T12:39:15","guid":{"rendered":"https:\/\/worldsofmagic.net\/?post_type=product&#038;p=1570"},"modified":"2025-04-02T23:55:35","modified_gmt":"2025-04-02T23:55:35","slug":"commander-innistrad-noce-ecarlate-vampiric-bloodline-deck-preconstruit","status":"publish","type":"product","link":"https:\/\/worldsofmagic.net\/fr\/produit\/commander-innistrad-noce-ecarlate-vampiric-bloodline-deck-preconstruit\/","title":{"rendered":"Commandant : Innistrad : noce \u00e9carlate : Deck Pr\u00e9construit \u00ab Lign\u00e9e Vampirique \u00bb\ud83c\uddeb\ud83c\uddf7"},"content":{"rendered":"<p>Ces decks pr\u00e9construits de 100 cartes constituent une excellente approche du Commander, un format multijoueur amusant et \u00e9pique ! Pr\u00eats-\u00e0-jouer, ces decks vous permettent de vous familiariser avec les m\u00e9caniques du Commander avant de commencer \u00e0 les personnaliser !<\/p>\n<p>Chaque Deck Innistrad : Crimson Vow contient :<br \/>\n100 cartes dont 2 cartes de Commandants l\u00e9gendaires foils<br \/>\n1 Commandant de pr\u00e9sentation Foil Etched (non jouable en tournoi)<br \/>\n10 cartes de jeton recto-verso<br \/>\n1 roue compteur de points de vie<br \/>\n1 Deck Box cartonn\u00e9e<br \/>\nPage de l&#039;\u00e9dition Innistrad : Noce \u00c9carlate<\/p>","protected":false},"excerpt":{"rendered":"<p>Dans Innistrad : Noce \u00c9carlate, assistez \u00e0 l&#039;union des deux plus grandes lign\u00e9es de vampires d&#039;Innistrad : les Voldaren et les Markov. Depuis la d\u00e9faite de Sorin lors des \u00e9v\u00e9nements de T\u00e9n\u00e8bres sur Innistrad, Olivia Voldaren est la nouvelle seigneurie vampire d&#039;Innistrad. Alors que l&#039;humanit\u00e9 se rassemble dans Innistrad : Chasse de Minuit pour lutter contre l&#039;assaut des loups-garous et l&#039;approche d&#039;une nuit \u00e9ternelle, Olivia a son propre plan pour mettre la main sur Innistrad toute enti\u00e8re.<\/p>","protected":false},"featured_media":1571,"comment_status":"open","ping_status":"closed","template":"","meta":[],"product_cat":[34,99,21],"product_tag":[],"class_list":{"0":"post-1570","1":"product","2":"type-product","3":"status-publish","4":"has-post-thumbnail","6":"product_cat-commander","7":"product_cat-french-commander","8":"product_cat-magic-the-gathering","9":"pa_language-french","10":"pa_mtg-edition-innistrad-crimson-vow","12":"first","13":"outofstock","14":"purchasable","15":"product-type-simple"},"yoast_head":"<!-- This site is optimized with the Yoast SEO plugin v23.6 - https:\/\/yoast.com\/wordpress\/plugins\/seo\/ -->\n<title>\ud83c\uddeb\ud83c\uddf7Commander: Innistrad : noce \u00e9carlate: &quot;Lign\u00e9e Vampirique&quot; Deck Pr\u00e9construit - Worlds Of Magic<\/title>\n<meta name=\"description\" content=\"Dans Innistrad : Noce \u00c9carlate, assistez \u00e0 l\u2019union des deux plus grandes lign\u00e9es de vampires d\u2019Innistrad : les Voldaren et les Markov. Depuis la d\u00e9faite de Sorin lors des \u00e9v\u00e8nements de T\u00e9n\u00e8bres sur Innistrad, Olivia Voldaren est la nouvelle seigneure vampire d\u2019Innistrad. Alors que l\u2019humanit\u00e9 se rassemble dans Innistrad : Chasse de Minuit pour lutter contre l\u2019assaut des loups-garous et l\u2019approche d\u2019une nuit \u00e9ternelle, Olivia a son propre plan pour mettre la main sur Innistrad tout enti\u00e8re.\" \/>\n<meta name=\"robots\" content=\"index, follow, max-snippet:-1, max-image-preview:large, max-video-preview:-1\" \/>\n<link rel=\"canonical\" href=\"https:\/\/worldsofmagic.net\/fr\/produit\/commander-innistrad-noce-ecarlate-vampiric-bloodline-deck-preconstruit\/\" \/>\n<meta property=\"og:locale\" content=\"fr_FR\" \/>\n<meta property=\"og:type\" content=\"article\" \/>\n<meta property=\"og:title\" content=\"\ud83c\uddeb\ud83c\uddf7Commander: Innistrad : noce \u00e9carlate: &quot;Lign\u00e9e Vampirique&quot; Deck Pr\u00e9construit - Worlds Of Magic\" \/>\n<meta property=\"og:description\" content=\"Dans Innistrad : Noce \u00c9carlate, assistez \u00e0 l\u2019union des deux plus grandes lign\u00e9es de vampires d\u2019Innistrad : les Voldaren et les Markov. Depuis la d\u00e9faite de Sorin lors des \u00e9v\u00e8nements de T\u00e9n\u00e8bres sur Innistrad, Olivia Voldaren est la nouvelle seigneure vampire d\u2019Innistrad. Alors que l\u2019humanit\u00e9 se rassemble dans Innistrad : Chasse de Minuit pour lutter contre l\u2019assaut des loups-garous et l\u2019approche d\u2019une nuit \u00e9ternelle, Olivia a son propre plan pour mettre la main sur Innistrad tout enti\u00e8re.\" \/>\n<meta property=\"og:url\" content=\"https:\/\/worldsofmagic.net\/fr\/produit\/commander-innistrad-noce-ecarlate-vampiric-bloodline-deck-preconstruit\/\" \/>\n<meta property=\"og:site_name\" content=\"Worlds Of Magic\" \/>\n<meta property=\"article:modified_time\" content=\"2025-04-02T23:55:35+00:00\" \/>\n<meta property=\"og:image\" content=\"https:\/\/worldsofmagic.net\/wp-content\/uploads\/2024\/10\/573804.png\" \/>\n\t<meta property=\"og:image:width\" content=\"300\" \/>\n\t<meta property=\"og:image:height\" content=\"300\" \/>\n\t<meta property=\"og:image:type\" content=\"image\/png\" \/>\n<meta name=\"twitter:card\" content=\"summary_large_image\" \/>\n<meta name=\"twitter:label1\" content=\"Dur\u00e9e de lecture estim\u00e9e\" \/>\n\t<meta name=\"twitter:data1\" content=\"1 minute\" \/>\n<script type=\"application\/ld+json\" class=\"yoast-schema-graph\">{\"@context\":\"https:\/\/schema.org\",\"@graph\":[{\"@type\":\"WebPage\",\"@id\":\"https:\/\/worldsofmagic.net\/product\/commander-innistrad-noce-ecarlate-vampiric-bloodline-deck-preconstruit\/\",\"url\":\"https:\/\/worldsofmagic.net\/product\/commander-innistrad-noce-ecarlate-vampiric-bloodline-deck-preconstruit\/\",\"name\":\"\ud83c\uddeb\ud83c\uddf7Commander: Innistrad : noce \u00e9carlate: \\\"Lign\u00e9e Vampirique\\\" Deck Pr\u00e9construit - Worlds Of Magic\",\"isPartOf\":{\"@id\":\"https:\/\/worldsofmagic.net\/#website\"},\"primaryImageOfPage\":{\"@id\":\"https:\/\/worldsofmagic.net\/product\/commander-innistrad-noce-ecarlate-vampiric-bloodline-deck-preconstruit\/#primaryimage\"},\"image\":{\"@id\":\"https:\/\/worldsofmagic.net\/product\/commander-innistrad-noce-ecarlate-vampiric-bloodline-deck-preconstruit\/#primaryimage\"},\"thumbnailUrl\":\"https:\/\/worldsofmagic.net\/wp-content\/uploads\/2024\/10\/573804.png\",\"datePublished\":\"2024-10-25T12:39:15+00:00\",\"dateModified\":\"2025-04-02T23:55:35+00:00\",\"description\":\"Dans Innistrad : Noce \u00c9carlate, assistez \u00e0 l\u2019union des deux plus grandes lign\u00e9es de vampires d\u2019Innistrad : les Voldaren et les Markov. Depuis la d\u00e9faite de Sorin lors des \u00e9v\u00e8nements de T\u00e9n\u00e8bres sur Innistrad, Olivia Voldaren est la nouvelle seigneure vampire d\u2019Innistrad. Alors que l\u2019humanit\u00e9 se rassemble dans Innistrad : Chasse de Minuit pour lutter contre l\u2019assaut des loups-garous et l\u2019approche d\u2019une nuit \u00e9ternelle, Olivia a son propre plan pour mettre la main sur Innistrad tout enti\u00e8re.\",\"breadcrumb\":{\"@id\":\"https:\/\/worldsofmagic.net\/product\/commander-innistrad-noce-ecarlate-vampiric-bloodline-deck-preconstruit\/#breadcrumb\"},\"inLanguage\":\"fr-FR\",\"potentialAction\":[{\"@type\":\"ReadAction\",\"target\":[\"https:\/\/worldsofmagic.net\/product\/commander-innistrad-noce-ecarlate-vampiric-bloodline-deck-preconstruit\/\"]}]},{\"@type\":\"ImageObject\",\"inLanguage\":\"fr-FR\",\"@id\":\"https:\/\/worldsofmagic.net\/product\/commander-innistrad-noce-ecarlate-vampiric-bloodline-deck-preconstruit\/#primaryimage\",\"url\":\"https:\/\/worldsofmagic.net\/wp-content\/uploads\/2024\/10\/573804.png\",\"contentUrl\":\"https:\/\/worldsofmagic.net\/wp-content\/uploads\/2024\/10\/573804.png\",\"width\":300,\"height\":300},{\"@type\":\"BreadcrumbList\",\"@id\":\"https:\/\/worldsofmagic.net\/product\/commander-innistrad-noce-ecarlate-vampiric-bloodline-deck-preconstruit\/#breadcrumb\",\"itemListElement\":[{\"@type\":\"ListItem\",\"position\":1,\"name\":\"Accueil\",\"item\":\"https:\/\/worldsofmagic.net\/\"},{\"@type\":\"ListItem\",\"position\":2,\"name\":\"Shop\",\"item\":\"https:\/\/worldsofmagic.net\/shop\/\"},{\"@type\":\"ListItem\",\"position\":3,\"name\":\"\ud83c\uddeb\ud83c\uddf7Commander: Innistrad : noce \u00e9carlate: &#8220;Lign\u00e9e Vampirique&#8221; Deck Pr\u00e9construit\"}]},{\"@type\":\"WebSite\",\"@id\":\"https:\/\/worldsofmagic.net\/#website\",\"url\":\"https:\/\/worldsofmagic.net\/\",\"name\":\"Worlds Of Magic\",\"description\":\"\",\"publisher\":{\"@id\":\"https:\/\/worldsofmagic.net\/#organization\"},\"potentialAction\":[{\"@type\":\"SearchAction\",\"target\":{\"@type\":\"EntryPoint\",\"urlTemplate\":\"https:\/\/worldsofmagic.net\/?s={search_term_string}\"},\"query-input\":{\"@type\":\"PropertyValueSpecification\",\"valueRequired\":true,\"valueName\":\"search_term_string\"}}],\"inLanguage\":\"fr-FR\"},{\"@type\":\"Organization\",\"@id\":\"https:\/\/worldsofmagic.net\/#organization\",\"name\":\"Worlds Of Magic\",\"alternateName\":\"Worlds Of Magic\",\"url\":\"https:\/\/worldsofmagic.net\/\",\"logo\":{\"@type\":\"ImageObject\",\"inLanguage\":\"fr-FR\",\"@id\":\"https:\/\/worldsofmagic.net\/#\/schema\/logo\/image\/\",\"url\":\"https:\/\/worldsofmagic.net\/wp-content\/uploads\/2024\/07\/image.png\",\"contentUrl\":\"https:\/\/worldsofmagic.net\/wp-content\/uploads\/2024\/07\/image.png\",\"width\":1072,\"height\":341,\"caption\":\"Worlds Of Magic\"},\"image\":{\"@id\":\"https:\/\/worldsofmagic.net\/#\/schema\/logo\/image\/\"}}]}<\/script>\n<!-- \/ Yoast SEO plugin. -->","yoast_head_json":{"title":"\ud83c\uddeb\ud83c\uddf7Commander: Innistrad : noce \u00e9carlate: \"Lign\u00e9e Vampirique\" Deck Pr\u00e9construit - Worlds Of Magic","description":"Dans Innistrad : Noce \u00c9carlate, assistez \u00e0 l\u2019union des deux plus grandes lign\u00e9es de vampires d\u2019Innistrad : les Voldaren et les Markov. Depuis la d\u00e9faite de Sorin lors des \u00e9v\u00e8nements de T\u00e9n\u00e8bres sur Innistrad, Olivia Voldaren est la nouvelle seigneure vampire d\u2019Innistrad. Alors que l\u2019humanit\u00e9 se rassemble dans Innistrad : Chasse de Minuit pour lutter contre l\u2019assaut des loups-garous et l\u2019approche d\u2019une nuit \u00e9ternelle, Olivia a son propre plan pour mettre la main sur Innistrad tout enti\u00e8re.","robots":{"index":"index","follow":"follow","max-snippet":"max-snippet:-1","max-image-preview":"max-image-preview:large","max-video-preview":"max-video-preview:-1"},"canonical":"https:\/\/worldsofmagic.net\/fr\/produit\/commander-innistrad-noce-ecarlate-vampiric-bloodline-deck-preconstruit\/","og_locale":"fr_FR","og_type":"article","og_title":"\ud83c\uddeb\ud83c\uddf7Commander: Innistrad : noce \u00e9carlate: \"Lign\u00e9e Vampirique\" Deck Pr\u00e9construit - Worlds Of Magic","og_description":"Dans Innistrad : Noce \u00c9carlate, assistez \u00e0 l\u2019union des deux plus grandes lign\u00e9es de vampires d\u2019Innistrad : les Voldaren et les Markov. Depuis la d\u00e9faite de Sorin lors des \u00e9v\u00e8nements de T\u00e9n\u00e8bres sur Innistrad, Olivia Voldaren est la nouvelle seigneure vampire d\u2019Innistrad. Alors que l\u2019humanit\u00e9 se rassemble dans Innistrad : Chasse de Minuit pour lutter contre l\u2019assaut des loups-garous et l\u2019approche d\u2019une nuit \u00e9ternelle, Olivia a son propre plan pour mettre la main sur Innistrad tout enti\u00e8re.","og_url":"https:\/\/worldsofmagic.net\/fr\/produit\/commander-innistrad-noce-ecarlate-vampiric-bloodline-deck-preconstruit\/","og_site_name":"Worlds Of Magic","article_modified_time":"2025-04-02T23:55:35+00:00","og_image":[{"width":300,"height":300,"url":"https:\/\/worldsofmagic.net\/wp-content\/uploads\/2024\/10\/573804.png","type":"image\/png"}],"twitter_card":"summary_large_image","twitter_misc":{"Dur\u00e9e de lecture estim\u00e9e":"1 minute"},"schema":{"@context":"https:\/\/schema.org","@graph":[{"@type":"WebPage","@id":"https:\/\/worldsofmagic.net\/product\/commander-innistrad-noce-ecarlate-vampiric-bloodline-deck-preconstruit\/","url":"https:\/\/worldsofmagic.net\/product\/commander-innistrad-noce-ecarlate-vampiric-bloodline-deck-preconstruit\/","name":"\ud83c\uddeb\ud83c\uddf7Commander: Innistrad : noce \u00e9carlate: \"Lign\u00e9e Vampirique\" Deck Pr\u00e9construit - Worlds Of Magic","isPartOf":{"@id":"https:\/\/worldsofmagic.net\/#website"},"primaryImageOfPage":{"@id":"https:\/\/worldsofmagic.net\/product\/commander-innistrad-noce-ecarlate-vampiric-bloodline-deck-preconstruit\/#primaryimage"},"image":{"@id":"https:\/\/worldsofmagic.net\/product\/commander-innistrad-noce-ecarlate-vampiric-bloodline-deck-preconstruit\/#primaryimage"},"thumbnailUrl":"https:\/\/worldsofmagic.net\/wp-content\/uploads\/2024\/10\/573804.png","datePublished":"2024-10-25T12:39:15+00:00","dateModified":"2025-04-02T23:55:35+00:00","description":"Dans Innistrad : Noce \u00c9carlate, assistez \u00e0 l\u2019union des deux plus grandes lign\u00e9es de vampires d\u2019Innistrad : les Voldaren et les Markov. Depuis la d\u00e9faite de Sorin lors des \u00e9v\u00e8nements de T\u00e9n\u00e8bres sur Innistrad, Olivia Voldaren est la nouvelle seigneure vampire d\u2019Innistrad. Alors que l\u2019humanit\u00e9 se rassemble dans Innistrad : Chasse de Minuit pour lutter contre l\u2019assaut des loups-garous et l\u2019approche d\u2019une nuit \u00e9ternelle, Olivia a son propre plan pour mettre la main sur Innistrad tout enti\u00e8re.","breadcrumb":{"@id":"https:\/\/worldsofmagic.net\/product\/commander-innistrad-noce-ecarlate-vampiric-bloodline-deck-preconstruit\/#breadcrumb"},"inLanguage":"fr-FR","potentialAction":[{"@type":"ReadAction","target":["https:\/\/worldsofmagic.net\/product\/commander-innistrad-noce-ecarlate-vampiric-bloodline-deck-preconstruit\/"]}]},{"@type":"ImageObject","inLanguage":"fr-FR","@id":"https:\/\/worldsofmagic.net\/product\/commander-innistrad-noce-ecarlate-vampiric-bloodline-deck-preconstruit\/#primaryimage","url":"https:\/\/worldsofmagic.net\/wp-content\/uploads\/2024\/10\/573804.png","contentUrl":"https:\/\/worldsofmagic.net\/wp-content\/uploads\/2024\/10\/573804.png","width":300,"height":300},{"@type":"BreadcrumbList","@id":"https:\/\/worldsofmagic.net\/product\/commander-innistrad-noce-ecarlate-vampiric-bloodline-deck-preconstruit\/#breadcrumb","itemListElement":[{"@type":"ListItem","position":1,"name":"Accueil","item":"https:\/\/worldsofmagic.net\/"},{"@type":"ListItem","position":2,"name":"Shop","item":"https:\/\/worldsofmagic.net\/shop\/"},{"@type":"ListItem","position":3,"name":"\ud83c\uddeb\ud83c\uddf7Commander: Innistrad : noce \u00e9carlate: &#8220;Lign\u00e9e Vampirique&#8221; Deck Pr\u00e9construit"}]},{"@type":"WebSite","@id":"https:\/\/worldsofmagic.net\/#website","url":"https:\/\/worldsofmagic.net\/","name":"Worlds Of Magic","description":"","publisher":{"@id":"https:\/\/worldsofmagic.net\/#organization"},"potentialAction":[{"@type":"SearchAction","target":{"@type":"EntryPoint","urlTemplate":"https:\/\/worldsofmagic.net\/?s={search_term_string}"},"query-input":{"@type":"PropertyValueSpecification","valueRequired":true,"valueName":"search_term_string"}}],"inLanguage":"fr-FR"},{"@type":"Organization","@id":"https:\/\/worldsofmagic.net\/#organization","name":"Worlds Of Magic","alternateName":"Worlds Of Magic","url":"https:\/\/worldsofmagic.net\/","logo":{"@type":"ImageObject","inLanguage":"fr-FR","@id":"https:\/\/worldsofmagic.net\/#\/schema\/logo\/image\/","url":"https:\/\/worldsofmagic.net\/wp-content\/uploads\/2024\/07\/image.png","contentUrl":"https:\/\/worldsofmagic.net\/wp-content\/uploads\/2024\/07\/image.png","width":1072,"height":341,"caption":"Worlds Of Magic"},"image":{"@id":"https:\/\/worldsofmagic.net\/#\/schema\/logo\/image\/"}}]}},"jetpack_sharing_enabled":true,"_links":{"self":[{"href":"https:\/\/worldsofmagic.net\/fr\/wp-json\/wp\/v2\/product\/1570"}],"collection":[{"href":"https:\/\/worldsofmagic.net\/fr\/wp-json\/wp\/v2\/product"}],"about":[{"href":"https:\/\/worldsofmagic.net\/fr\/wp-json\/wp\/v2\/types\/product"}],"replies":[{"embeddable":true,"href":"https:\/\/worldsofmagic.net\/fr\/wp-json\/wp\/v2\/comments?post=1570"}],"wp:featuredmedia":[{"embeddable":true,"href":"https:\/\/worldsofmagic.net\/fr\/wp-json\/wp\/v2\/media\/1571"}],"wp:attachment":[{"href":"https:\/\/worldsofmagic.net\/fr\/wp-json\/wp\/v2\/media?parent=1570"}],"wp:term":[{"taxonomy":"product_cat","embeddable":true,"href":"https:\/\/worldsofmagic.net\/fr\/wp-json\/wp\/v2\/product_cat?post=1570"},{"taxonomy":"product_tag","embeddable":true,"href":"https:\/\/worldsofmagic.net\/fr\/wp-json\/wp\/v2\/product_tag?post=1570"}],"curies":[{"name":"wp","href":"https:\/\/api.w.org\/{rel}","templated":true}]}}