{"id":1584,"date":"2024-10-25T13:41:38","date_gmt":"2024-10-25T13:41:38","guid":{"rendered":"https:\/\/worldsofmagic.net\/?post_type=product&#038;p=1584"},"modified":"2025-10-21T17:25:41","modified_gmt":"2025-10-21T17:25:41","slug":"outlaws-of-thunder-junction-fat-pack-bundle","status":"publish","type":"product","link":"https:\/\/worldsofmagic.net\/fr\/produit\/outlaws-of-thunder-junction-fat-pack-bundle\/","title":{"rendered":"Fat Pack Bundle de Les hors-la-loi de Croisetonnerre\ud83c\uddec\ud83c\udde7"},"content":{"rendered":"<h3>Chaque booster de jeu Outlaws of Thunder Junction contient\u00a0:<\/h3>\n<ul>\n<li>1 Rare ou Mythique Rare<\/li>\n<li>1 carte de n&#039;importe quelle raret\u00e9 (Mythic Rare, Rare, Unco ou Common)<\/li>\n<li>1 carte brillante de n&#039;importe quelle raret\u00e9 (Mythic Rare, Rare, Unco ou Common)<\/li>\n<li>1 carte sans bordure de la <a href=\"https:\/\/en.play-in.com\/magic\/edition\/1205-dernieres_nouvelles\">Derni\u00e8res nouvelles<\/a> s\u00e9rie (Unco, Rare ou Mythic Rare)<\/li>\n<li>3 objets peu communs<\/li>\n<li>6 Communes<\/li>\n<li>1 carte de terrain<\/li>\n<li>1 carte \u00e0 jetons ou chariot d&#039;aide \u00e0 la perforation ou carte publicitaire ou carte artistique<\/li>\n<li>Environ 1 booster Play sur 5 contient une carte de la Liste, rempla\u00e7ant une carte commune<\/li>\n<\/ul>\n<p>Une carte Collector (sans bordure ou showcase) peut parfois remplacer une carte de m\u00eame raret\u00e9 !<\/p>","protected":false},"excerpt":{"rendered":"<p>The phyrexian invasions have opened many portals between the planes of the multiverse. Traveling to another plane is no longer a privilege reserved for planeswalkers.<\/p>\n<p><a href=\"https:\/\/en.play-in.com\/magic\/edition\/1204-les_hors-la-loi_de_croisetonnerre\">Les hors-la-loi de Thunder Junction<\/a> is set on a previously unknown world and entirely inspired by westerns. Many outlaws and some famous villains from Magic have gathered to battle it out, but also to seize new opportunities and make a fortune doing so.<\/p>\n<p>This Outlaws of Thunder Junction bundle is <strong>the best way to discover the set<\/strong>\u00a0for players and collectors alike.<\/p>\n<p>Il contient <strong>9 boosters de jeu<\/strong>,<strong> 1 carte promotionnelle en aluminium<\/strong>\u00a0et\u00a0<strong>1 bo\u00eete de rangement<\/strong> pour vos cartes. En plus de cela, ajoutez\u00a0<strong>30 terrains de base, <\/strong>15 d&#039;entre eux en aluminium, pour vos decks et <strong>1 compteur de vie Spindown<\/strong>\u00a0et vous \u00eates pr\u00eat \u00e0 jouer !<\/p>\n<p><strong>Jouer aux boosters<\/strong> combine la jouabilit\u00e9 des boosters de draft et l&#039;exp\u00e9rience d&#039;ouverture amusante des boosters de set. Il remplace ces deux types de boosters.<\/p>","protected":false},"featured_media":1585,"comment_status":"open","ping_status":"closed","template":"","meta":[],"product_cat":[15,29,91,21],"product_tag":[],"class_list":{"0":"post-1584","1":"product","2":"type-product","3":"status-publish","4":"has-post-thumbnail","6":"product_cat-uncategorized","7":"product_cat-bundles","8":"product_cat-english-bundles","9":"product_cat-magic-the-gathering","10":"pa_language-english","11":"pa_mtg-edition-outlaws-of-thunder-junction","13":"first","14":"instock","15":"purchasable","16":"product-type-simple"},"yoast_head":"<!-- This site is optimized with the Yoast SEO plugin v23.6 - https:\/\/yoast.com\/wordpress\/plugins\/seo\/ -->\n<title>\ud83c\uddec\ud83c\udde7Outlaws of Thunder Junction Fat Pack Bundle - Worlds Of Magic<\/title>\n<meta name=\"description\" content=\"Outlaws of Thunder Junction is set on a previously unknown world and entirely inspired by westerns. Many outlaws and some famous villains from Magic\" \/>\n<meta name=\"robots\" content=\"index, follow, max-snippet:-1, max-image-preview:large, max-video-preview:-1\" \/>\n<link rel=\"canonical\" href=\"https:\/\/worldsofmagic.net\/fr\/produit\/outlaws-of-thunder-junction-fat-pack-bundle\/\" \/>\n<meta property=\"og:locale\" content=\"fr_FR\" \/>\n<meta property=\"og:type\" content=\"article\" \/>\n<meta property=\"og:title\" content=\"\ud83c\uddec\ud83c\udde7Outlaws of Thunder Junction Fat Pack Bundle - Worlds Of Magic\" \/>\n<meta property=\"og:description\" content=\"Outlaws of Thunder Junction is set on a previously unknown world and entirely inspired by westerns. Many outlaws and some famous villains from Magic\" \/>\n<meta property=\"og:url\" content=\"https:\/\/worldsofmagic.net\/fr\/produit\/outlaws-of-thunder-junction-fat-pack-bundle\/\" \/>\n<meta property=\"og:site_name\" content=\"Worlds Of Magic\" \/>\n<meta property=\"article:modified_time\" content=\"2025-10-21T17:25:41+00:00\" \/>\n<meta property=\"og:image\" content=\"https:\/\/worldsofmagic.net\/wp-content\/uploads\/2024\/10\/758323.png\" \/>\n\t<meta property=\"og:image:width\" content=\"300\" \/>\n\t<meta property=\"og:image:height\" content=\"300\" \/>\n\t<meta property=\"og:image:type\" content=\"image\/png\" \/>\n<meta name=\"twitter:card\" content=\"summary_large_image\" \/>\n<meta name=\"twitter:label1\" content=\"Dur\u00e9e de lecture estim\u00e9e\" \/>\n\t<meta name=\"twitter:data1\" content=\"1 minute\" \/>\n<script type=\"application\/ld+json\" class=\"yoast-schema-graph\">{\"@context\":\"https:\/\/schema.org\",\"@graph\":[{\"@type\":\"WebPage\",\"@id\":\"https:\/\/worldsofmagic.net\/product\/outlaws-of-thunder-junction-fat-pack-bundle\/\",\"url\":\"https:\/\/worldsofmagic.net\/product\/outlaws-of-thunder-junction-fat-pack-bundle\/\",\"name\":\"\ud83c\uddec\ud83c\udde7Outlaws of Thunder Junction Fat Pack Bundle - Worlds Of Magic\",\"isPartOf\":{\"@id\":\"https:\/\/worldsofmagic.net\/#website\"},\"primaryImageOfPage\":{\"@id\":\"https:\/\/worldsofmagic.net\/product\/outlaws-of-thunder-junction-fat-pack-bundle\/#primaryimage\"},\"image\":{\"@id\":\"https:\/\/worldsofmagic.net\/product\/outlaws-of-thunder-junction-fat-pack-bundle\/#primaryimage\"},\"thumbnailUrl\":\"https:\/\/worldsofmagic.net\/wp-content\/uploads\/2024\/10\/758323.png\",\"datePublished\":\"2024-10-25T13:41:38+00:00\",\"dateModified\":\"2025-10-21T17:25:41+00:00\",\"description\":\"Outlaws of Thunder Junction is set on a previously unknown world and entirely inspired by westerns. Many outlaws and some famous villains from Magic\",\"breadcrumb\":{\"@id\":\"https:\/\/worldsofmagic.net\/product\/outlaws-of-thunder-junction-fat-pack-bundle\/#breadcrumb\"},\"inLanguage\":\"fr-FR\",\"potentialAction\":[{\"@type\":\"ReadAction\",\"target\":[\"https:\/\/worldsofmagic.net\/product\/outlaws-of-thunder-junction-fat-pack-bundle\/\"]}]},{\"@type\":\"ImageObject\",\"inLanguage\":\"fr-FR\",\"@id\":\"https:\/\/worldsofmagic.net\/product\/outlaws-of-thunder-junction-fat-pack-bundle\/#primaryimage\",\"url\":\"https:\/\/worldsofmagic.net\/wp-content\/uploads\/2024\/10\/758323.png\",\"contentUrl\":\"https:\/\/worldsofmagic.net\/wp-content\/uploads\/2024\/10\/758323.png\",\"width\":300,\"height\":300,\"caption\":\"Outlaws of Thunder Junction Fat Pack Bundle\"},{\"@type\":\"BreadcrumbList\",\"@id\":\"https:\/\/worldsofmagic.net\/product\/outlaws-of-thunder-junction-fat-pack-bundle\/#breadcrumb\",\"itemListElement\":[{\"@type\":\"ListItem\",\"position\":1,\"name\":\"Accueil\",\"item\":\"https:\/\/worldsofmagic.net\/\"},{\"@type\":\"ListItem\",\"position\":2,\"name\":\"Shop\",\"item\":\"https:\/\/worldsofmagic.net\/shop\/\"},{\"@type\":\"ListItem\",\"position\":3,\"name\":\"\ud83c\uddec\ud83c\udde7Outlaws of Thunder Junction Fat Pack Bundle\"}]},{\"@type\":\"WebSite\",\"@id\":\"https:\/\/worldsofmagic.net\/#website\",\"url\":\"https:\/\/worldsofmagic.net\/\",\"name\":\"Worlds Of Magic\",\"description\":\"\",\"publisher\":{\"@id\":\"https:\/\/worldsofmagic.net\/#organization\"},\"potentialAction\":[{\"@type\":\"SearchAction\",\"target\":{\"@type\":\"EntryPoint\",\"urlTemplate\":\"https:\/\/worldsofmagic.net\/?s={search_term_string}\"},\"query-input\":{\"@type\":\"PropertyValueSpecification\",\"valueRequired\":true,\"valueName\":\"search_term_string\"}}],\"inLanguage\":\"fr-FR\"},{\"@type\":\"Organization\",\"@id\":\"https:\/\/worldsofmagic.net\/#organization\",\"name\":\"Worlds Of Magic\",\"alternateName\":\"Worlds Of Magic\",\"url\":\"https:\/\/worldsofmagic.net\/\",\"logo\":{\"@type\":\"ImageObject\",\"inLanguage\":\"fr-FR\",\"@id\":\"https:\/\/worldsofmagic.net\/#\/schema\/logo\/image\/\",\"url\":\"https:\/\/worldsofmagic.net\/wp-content\/uploads\/2024\/07\/image.png\",\"contentUrl\":\"https:\/\/worldsofmagic.net\/wp-content\/uploads\/2024\/07\/image.png\",\"width\":1072,\"height\":341,\"caption\":\"Worlds Of Magic\"},\"image\":{\"@id\":\"https:\/\/worldsofmagic.net\/#\/schema\/logo\/image\/\"}}]}<\/script>\n<!-- \/ Yoast SEO plugin. -->","yoast_head_json":{"title":"\ud83c\uddec\ud83c\udde7Outlaws of Thunder Junction Fat Pack Bundle - Worlds Of Magic","description":"Outlaws of Thunder Junction is set on a previously unknown world and entirely inspired by westerns. Many outlaws and some famous villains from Magic","robots":{"index":"index","follow":"follow","max-snippet":"max-snippet:-1","max-image-preview":"max-image-preview:large","max-video-preview":"max-video-preview:-1"},"canonical":"https:\/\/worldsofmagic.net\/fr\/produit\/outlaws-of-thunder-junction-fat-pack-bundle\/","og_locale":"fr_FR","og_type":"article","og_title":"\ud83c\uddec\ud83c\udde7Outlaws of Thunder Junction Fat Pack Bundle - Worlds Of Magic","og_description":"Outlaws of Thunder Junction is set on a previously unknown world and entirely inspired by westerns. Many outlaws and some famous villains from Magic","og_url":"https:\/\/worldsofmagic.net\/fr\/produit\/outlaws-of-thunder-junction-fat-pack-bundle\/","og_site_name":"Worlds Of Magic","article_modified_time":"2025-10-21T17:25:41+00:00","og_image":[{"width":300,"height":300,"url":"https:\/\/worldsofmagic.net\/wp-content\/uploads\/2024\/10\/758323.png","type":"image\/png"}],"twitter_card":"summary_large_image","twitter_misc":{"Dur\u00e9e de lecture estim\u00e9e":"1 minute"},"schema":{"@context":"https:\/\/schema.org","@graph":[{"@type":"WebPage","@id":"https:\/\/worldsofmagic.net\/product\/outlaws-of-thunder-junction-fat-pack-bundle\/","url":"https:\/\/worldsofmagic.net\/product\/outlaws-of-thunder-junction-fat-pack-bundle\/","name":"\ud83c\uddec\ud83c\udde7Outlaws of Thunder Junction Fat Pack Bundle - Worlds Of Magic","isPartOf":{"@id":"https:\/\/worldsofmagic.net\/#website"},"primaryImageOfPage":{"@id":"https:\/\/worldsofmagic.net\/product\/outlaws-of-thunder-junction-fat-pack-bundle\/#primaryimage"},"image":{"@id":"https:\/\/worldsofmagic.net\/product\/outlaws-of-thunder-junction-fat-pack-bundle\/#primaryimage"},"thumbnailUrl":"https:\/\/worldsofmagic.net\/wp-content\/uploads\/2024\/10\/758323.png","datePublished":"2024-10-25T13:41:38+00:00","dateModified":"2025-10-21T17:25:41+00:00","description":"Outlaws of Thunder Junction is set on a previously unknown world and entirely inspired by westerns. Many outlaws and some famous villains from Magic","breadcrumb":{"@id":"https:\/\/worldsofmagic.net\/product\/outlaws-of-thunder-junction-fat-pack-bundle\/#breadcrumb"},"inLanguage":"fr-FR","potentialAction":[{"@type":"ReadAction","target":["https:\/\/worldsofmagic.net\/product\/outlaws-of-thunder-junction-fat-pack-bundle\/"]}]},{"@type":"ImageObject","inLanguage":"fr-FR","@id":"https:\/\/worldsofmagic.net\/product\/outlaws-of-thunder-junction-fat-pack-bundle\/#primaryimage","url":"https:\/\/worldsofmagic.net\/wp-content\/uploads\/2024\/10\/758323.png","contentUrl":"https:\/\/worldsofmagic.net\/wp-content\/uploads\/2024\/10\/758323.png","width":300,"height":300,"caption":"Outlaws of Thunder Junction Fat Pack Bundle"},{"@type":"BreadcrumbList","@id":"https:\/\/worldsofmagic.net\/product\/outlaws-of-thunder-junction-fat-pack-bundle\/#breadcrumb","itemListElement":[{"@type":"ListItem","position":1,"name":"Accueil","item":"https:\/\/worldsofmagic.net\/"},{"@type":"ListItem","position":2,"name":"Shop","item":"https:\/\/worldsofmagic.net\/shop\/"},{"@type":"ListItem","position":3,"name":"\ud83c\uddec\ud83c\udde7Outlaws of Thunder Junction Fat Pack Bundle"}]},{"@type":"WebSite","@id":"https:\/\/worldsofmagic.net\/#website","url":"https:\/\/worldsofmagic.net\/","name":"Worlds Of Magic","description":"","publisher":{"@id":"https:\/\/worldsofmagic.net\/#organization"},"potentialAction":[{"@type":"SearchAction","target":{"@type":"EntryPoint","urlTemplate":"https:\/\/worldsofmagic.net\/?s={search_term_string}"},"query-input":{"@type":"PropertyValueSpecification","valueRequired":true,"valueName":"search_term_string"}}],"inLanguage":"fr-FR"},{"@type":"Organization","@id":"https:\/\/worldsofmagic.net\/#organization","name":"Worlds Of Magic","alternateName":"Worlds Of Magic","url":"https:\/\/worldsofmagic.net\/","logo":{"@type":"ImageObject","inLanguage":"fr-FR","@id":"https:\/\/worldsofmagic.net\/#\/schema\/logo\/image\/","url":"https:\/\/worldsofmagic.net\/wp-content\/uploads\/2024\/07\/image.png","contentUrl":"https:\/\/worldsofmagic.net\/wp-content\/uploads\/2024\/07\/image.png","width":1072,"height":341,"caption":"Worlds Of Magic"},"image":{"@id":"https:\/\/worldsofmagic.net\/#\/schema\/logo\/image\/"}}]}},"jetpack_sharing_enabled":true,"_links":{"self":[{"href":"https:\/\/worldsofmagic.net\/fr\/wp-json\/wp\/v2\/product\/1584"}],"collection":[{"href":"https:\/\/worldsofmagic.net\/fr\/wp-json\/wp\/v2\/product"}],"about":[{"href":"https:\/\/worldsofmagic.net\/fr\/wp-json\/wp\/v2\/types\/product"}],"replies":[{"embeddable":true,"href":"https:\/\/worldsofmagic.net\/fr\/wp-json\/wp\/v2\/comments?post=1584"}],"wp:featuredmedia":[{"embeddable":true,"href":"https:\/\/worldsofmagic.net\/fr\/wp-json\/wp\/v2\/media\/1585"}],"wp:attachment":[{"href":"https:\/\/worldsofmagic.net\/fr\/wp-json\/wp\/v2\/media?parent=1584"}],"wp:term":[{"taxonomy":"product_cat","embeddable":true,"href":"https:\/\/worldsofmagic.net\/fr\/wp-json\/wp\/v2\/product_cat?post=1584"},{"taxonomy":"product_tag","embeddable":true,"href":"https:\/\/worldsofmagic.net\/fr\/wp-json\/wp\/v2\/product_tag?post=1584"}],"curies":[{"name":"wp","href":"https:\/\/api.w.org\/{rel}","templated":true}]}}