{"id":1614,"date":"2024-10-25T14:44:41","date_gmt":"2024-10-25T14:44:41","guid":{"rendered":"https:\/\/worldsofmagic.net\/?post_type=product&#038;p=1614"},"modified":"2025-07-17T20:35:01","modified_gmt":"2025-07-17T20:35:01","slug":"100-dragon-shield-outer-sleeves-matte-clear","status":"publish","type":"product","link":"https:\/\/worldsofmagic.net\/fr\/produit\/100-dragon-shield-outer-sleeves-matte-clear\/","title":{"rendered":"100 pochettes Dragon Shield \u2013  Matte Clear"},"content":{"rendered":"<p class=\"Text_bodyMedium__ePdcE Text_paragraph__U6Szs\">Il est temps de porter la protection des cartes \u00e0 un autre niveau avec les pochettes ext\u00e9rieures transparentes mates.<br \/>\nLes manchons ext\u00e9rieurs peuvent \u00eatre utilis\u00e9s pour doubler ou tripler les plateaux afin d&#039;obtenir une couche de protection suppl\u00e9mentaire contre la poussi\u00e8re, la salet\u00e9 et les d\u00e9versements.<\/p>\n<p class=\"Text_bodyMedium__ePdcE Text_paragraph__U6Szs\">Les pochettes ext\u00e9rieures transparentes mates vous permettent \u00e9galement de prot\u00e9ger les pochettes d&#039;art de qualit\u00e9 inf\u00e9rieure qui se d\u00e9collent ou se fendent.<\/p>\n<p class=\"Text_bodyMedium__ePdcE Text_paragraph__U6Szs\">Faites simplement glisser la pochette sur une carte prot\u00e9g\u00e9e dans une pochette de taille standard et vous \u00eates pr\u00eat \u00e0 d\u00e9couvrir la sensation l\u00e9gendaire du m\u00e9lange Dragon Shield Matte.<br \/>\nAm\u00e9liorez la protection de vos cartes avec les pochettes ext\u00e9rieures transparentes mates.<\/p>\n<ul>\n<li class=\"Text_bodyMedium__ePdcE\">100 pochettes ext\u00e9rieures transparentes<\/li>\n<li class=\"Text_bodyMedium__ePdcE\">Dos textur\u00e9 mat<\/li>\n<li class=\"Text_bodyMedium__ePdcE\">Pour les cartes prot\u00e9g\u00e9es dans des pochettes de taille standard<\/li>\n<\/ul>","protected":false},"excerpt":{"rendered":"<p>Il est temps de porter la protection des cartes \u00e0 un autre niveau avec les pochettes ext\u00e9rieures transparentes mates. Les pochettes ext\u00e9rieures peuvent \u00eatre utilis\u00e9es pour doubler ou tripler les jeux de cartes afin d&#039;obtenir une couche de protection suppl\u00e9mentaire contre la poussi\u00e8re, la salet\u00e9 et les d\u00e9versements. Les pochettes ext\u00e9rieures transparentes mates vous permettent \u00e9galement de prot\u00e9ger les pochettes d&#039;art de qualit\u00e9 inf\u00e9rieure qui se d\u00e9collent ou se fendent. Faites simplement glisser la pochette [\u2026]<\/p>","protected":false},"featured_media":1615,"comment_status":"open","ping_status":"closed","template":"","meta":[],"product_cat":[42,56],"product_tag":[],"class_list":{"0":"post-1614","1":"product","2":"type-product","3":"status-publish","4":"has-post-thumbnail","6":"product_cat-accesories","7":"product_cat-sleeves","9":"first","10":"instock","11":"purchasable","12":"product-type-simple"},"yoast_head":"<!-- This site is optimized with the Yoast SEO plugin v23.6 - https:\/\/yoast.com\/wordpress\/plugins\/seo\/ -->\n<title>100 Dragon Shield Outer Sleeves - Matte Clear - Worlds Of Magic<\/title>\n<meta name=\"robots\" content=\"index, follow, max-snippet:-1, max-image-preview:large, max-video-preview:-1\" \/>\n<link rel=\"canonical\" href=\"https:\/\/worldsofmagic.net\/fr\/produit\/100-dragon-shield-outer-sleeves-matte-clear\/\" \/>\n<meta property=\"og:locale\" content=\"fr_FR\" \/>\n<meta property=\"og:type\" content=\"article\" \/>\n<meta property=\"og:title\" content=\"100 Dragon Shield Outer Sleeves - Matte Clear - Worlds Of Magic\" \/>\n<meta property=\"og:description\" content=\"It&#8217;s time to take card protection to another level with Matte Clear Outer Sleeves. Outer sleeves can be used to double or triple-sleeve decks for an extra layer of protection against dust, dirt and spills. Matte Clear Outer Sleeves also let you protect lower quality art sleeves that peel or split. Simply slide the sleeve [&hellip;]\" \/>\n<meta property=\"og:url\" content=\"https:\/\/worldsofmagic.net\/fr\/produit\/100-dragon-shield-outer-sleeves-matte-clear\/\" \/>\n<meta property=\"og:site_name\" content=\"Worlds Of Magic\" \/>\n<meta property=\"article:modified_time\" content=\"2025-07-17T20:35:01+00:00\" \/>\n<meta property=\"og:image\" content=\"https:\/\/worldsofmagic.net\/wp-content\/uploads\/2024\/10\/725433.png\" \/>\n\t<meta property=\"og:image:width\" content=\"300\" \/>\n\t<meta property=\"og:image:height\" content=\"300\" \/>\n\t<meta property=\"og:image:type\" content=\"image\/png\" \/>\n<meta name=\"twitter:card\" content=\"summary_large_image\" \/>\n<meta name=\"twitter:label1\" content=\"Dur\u00e9e de lecture estim\u00e9e\" \/>\n\t<meta name=\"twitter:data1\" content=\"1 minute\" \/>\n<script type=\"application\/ld+json\" class=\"yoast-schema-graph\">{\"@context\":\"https:\/\/schema.org\",\"@graph\":[{\"@type\":\"WebPage\",\"@id\":\"https:\/\/worldsofmagic.net\/product\/100-dragon-shield-outer-sleeves-matte-clear\/\",\"url\":\"https:\/\/worldsofmagic.net\/product\/100-dragon-shield-outer-sleeves-matte-clear\/\",\"name\":\"100 Dragon Shield Outer Sleeves - Matte Clear - Worlds Of Magic\",\"isPartOf\":{\"@id\":\"https:\/\/worldsofmagic.net\/#website\"},\"primaryImageOfPage\":{\"@id\":\"https:\/\/worldsofmagic.net\/product\/100-dragon-shield-outer-sleeves-matte-clear\/#primaryimage\"},\"image\":{\"@id\":\"https:\/\/worldsofmagic.net\/product\/100-dragon-shield-outer-sleeves-matte-clear\/#primaryimage\"},\"thumbnailUrl\":\"https:\/\/worldsofmagic.net\/wp-content\/uploads\/2024\/10\/725433.png\",\"datePublished\":\"2024-10-25T14:44:41+00:00\",\"dateModified\":\"2025-07-17T20:35:01+00:00\",\"breadcrumb\":{\"@id\":\"https:\/\/worldsofmagic.net\/product\/100-dragon-shield-outer-sleeves-matte-clear\/#breadcrumb\"},\"inLanguage\":\"fr-FR\",\"potentialAction\":[{\"@type\":\"ReadAction\",\"target\":[\"https:\/\/worldsofmagic.net\/product\/100-dragon-shield-outer-sleeves-matte-clear\/\"]}]},{\"@type\":\"ImageObject\",\"inLanguage\":\"fr-FR\",\"@id\":\"https:\/\/worldsofmagic.net\/product\/100-dragon-shield-outer-sleeves-matte-clear\/#primaryimage\",\"url\":\"https:\/\/worldsofmagic.net\/wp-content\/uploads\/2024\/10\/725433.png\",\"contentUrl\":\"https:\/\/worldsofmagic.net\/wp-content\/uploads\/2024\/10\/725433.png\",\"width\":300,\"height\":300},{\"@type\":\"BreadcrumbList\",\"@id\":\"https:\/\/worldsofmagic.net\/product\/100-dragon-shield-outer-sleeves-matte-clear\/#breadcrumb\",\"itemListElement\":[{\"@type\":\"ListItem\",\"position\":1,\"name\":\"Accueil\",\"item\":\"https:\/\/worldsofmagic.net\/\"},{\"@type\":\"ListItem\",\"position\":2,\"name\":\"Shop\",\"item\":\"https:\/\/worldsofmagic.net\/shop\/\"},{\"@type\":\"ListItem\",\"position\":3,\"name\":\"100 Dragon Shield Outer Sleeves &#8211; Matte Clear\"}]},{\"@type\":\"WebSite\",\"@id\":\"https:\/\/worldsofmagic.net\/#website\",\"url\":\"https:\/\/worldsofmagic.net\/\",\"name\":\"Worlds Of Magic\",\"description\":\"\",\"publisher\":{\"@id\":\"https:\/\/worldsofmagic.net\/#organization\"},\"potentialAction\":[{\"@type\":\"SearchAction\",\"target\":{\"@type\":\"EntryPoint\",\"urlTemplate\":\"https:\/\/worldsofmagic.net\/?s={search_term_string}\"},\"query-input\":{\"@type\":\"PropertyValueSpecification\",\"valueRequired\":true,\"valueName\":\"search_term_string\"}}],\"inLanguage\":\"fr-FR\"},{\"@type\":\"Organization\",\"@id\":\"https:\/\/worldsofmagic.net\/#organization\",\"name\":\"Worlds Of Magic\",\"alternateName\":\"Worlds Of Magic\",\"url\":\"https:\/\/worldsofmagic.net\/\",\"logo\":{\"@type\":\"ImageObject\",\"inLanguage\":\"fr-FR\",\"@id\":\"https:\/\/worldsofmagic.net\/#\/schema\/logo\/image\/\",\"url\":\"https:\/\/worldsofmagic.net\/wp-content\/uploads\/2024\/07\/image.png\",\"contentUrl\":\"https:\/\/worldsofmagic.net\/wp-content\/uploads\/2024\/07\/image.png\",\"width\":1072,\"height\":341,\"caption\":\"Worlds Of Magic\"},\"image\":{\"@id\":\"https:\/\/worldsofmagic.net\/#\/schema\/logo\/image\/\"}}]}<\/script>\n<!-- \/ Yoast SEO plugin. -->","yoast_head_json":{"title":"100 Dragon Shield Outer Sleeves - Matte Clear - Worlds Of Magic","robots":{"index":"index","follow":"follow","max-snippet":"max-snippet:-1","max-image-preview":"max-image-preview:large","max-video-preview":"max-video-preview:-1"},"canonical":"https:\/\/worldsofmagic.net\/fr\/produit\/100-dragon-shield-outer-sleeves-matte-clear\/","og_locale":"fr_FR","og_type":"article","og_title":"100 Dragon Shield Outer Sleeves - Matte Clear - Worlds Of Magic","og_description":"It&#8217;s time to take card protection to another level with Matte Clear Outer Sleeves. Outer sleeves can be used to double or triple-sleeve decks for an extra layer of protection against dust, dirt and spills. Matte Clear Outer Sleeves also let you protect lower quality art sleeves that peel or split. Simply slide the sleeve [&hellip;]","og_url":"https:\/\/worldsofmagic.net\/fr\/produit\/100-dragon-shield-outer-sleeves-matte-clear\/","og_site_name":"Worlds Of Magic","article_modified_time":"2025-07-17T20:35:01+00:00","og_image":[{"width":300,"height":300,"url":"https:\/\/worldsofmagic.net\/wp-content\/uploads\/2024\/10\/725433.png","type":"image\/png"}],"twitter_card":"summary_large_image","twitter_misc":{"Dur\u00e9e de lecture estim\u00e9e":"1 minute"},"schema":{"@context":"https:\/\/schema.org","@graph":[{"@type":"WebPage","@id":"https:\/\/worldsofmagic.net\/product\/100-dragon-shield-outer-sleeves-matte-clear\/","url":"https:\/\/worldsofmagic.net\/product\/100-dragon-shield-outer-sleeves-matte-clear\/","name":"100 Dragon Shield Outer Sleeves - Matte Clear - Worlds Of Magic","isPartOf":{"@id":"https:\/\/worldsofmagic.net\/#website"},"primaryImageOfPage":{"@id":"https:\/\/worldsofmagic.net\/product\/100-dragon-shield-outer-sleeves-matte-clear\/#primaryimage"},"image":{"@id":"https:\/\/worldsofmagic.net\/product\/100-dragon-shield-outer-sleeves-matte-clear\/#primaryimage"},"thumbnailUrl":"https:\/\/worldsofmagic.net\/wp-content\/uploads\/2024\/10\/725433.png","datePublished":"2024-10-25T14:44:41+00:00","dateModified":"2025-07-17T20:35:01+00:00","breadcrumb":{"@id":"https:\/\/worldsofmagic.net\/product\/100-dragon-shield-outer-sleeves-matte-clear\/#breadcrumb"},"inLanguage":"fr-FR","potentialAction":[{"@type":"ReadAction","target":["https:\/\/worldsofmagic.net\/product\/100-dragon-shield-outer-sleeves-matte-clear\/"]}]},{"@type":"ImageObject","inLanguage":"fr-FR","@id":"https:\/\/worldsofmagic.net\/product\/100-dragon-shield-outer-sleeves-matte-clear\/#primaryimage","url":"https:\/\/worldsofmagic.net\/wp-content\/uploads\/2024\/10\/725433.png","contentUrl":"https:\/\/worldsofmagic.net\/wp-content\/uploads\/2024\/10\/725433.png","width":300,"height":300},{"@type":"BreadcrumbList","@id":"https:\/\/worldsofmagic.net\/product\/100-dragon-shield-outer-sleeves-matte-clear\/#breadcrumb","itemListElement":[{"@type":"ListItem","position":1,"name":"Accueil","item":"https:\/\/worldsofmagic.net\/"},{"@type":"ListItem","position":2,"name":"Shop","item":"https:\/\/worldsofmagic.net\/shop\/"},{"@type":"ListItem","position":3,"name":"100 Dragon Shield Outer Sleeves &#8211; Matte Clear"}]},{"@type":"WebSite","@id":"https:\/\/worldsofmagic.net\/#website","url":"https:\/\/worldsofmagic.net\/","name":"Worlds Of Magic","description":"","publisher":{"@id":"https:\/\/worldsofmagic.net\/#organization"},"potentialAction":[{"@type":"SearchAction","target":{"@type":"EntryPoint","urlTemplate":"https:\/\/worldsofmagic.net\/?s={search_term_string}"},"query-input":{"@type":"PropertyValueSpecification","valueRequired":true,"valueName":"search_term_string"}}],"inLanguage":"fr-FR"},{"@type":"Organization","@id":"https:\/\/worldsofmagic.net\/#organization","name":"Worlds Of Magic","alternateName":"Worlds Of Magic","url":"https:\/\/worldsofmagic.net\/","logo":{"@type":"ImageObject","inLanguage":"fr-FR","@id":"https:\/\/worldsofmagic.net\/#\/schema\/logo\/image\/","url":"https:\/\/worldsofmagic.net\/wp-content\/uploads\/2024\/07\/image.png","contentUrl":"https:\/\/worldsofmagic.net\/wp-content\/uploads\/2024\/07\/image.png","width":1072,"height":341,"caption":"Worlds Of Magic"},"image":{"@id":"https:\/\/worldsofmagic.net\/#\/schema\/logo\/image\/"}}]}},"jetpack_sharing_enabled":true,"_links":{"self":[{"href":"https:\/\/worldsofmagic.net\/fr\/wp-json\/wp\/v2\/product\/1614"}],"collection":[{"href":"https:\/\/worldsofmagic.net\/fr\/wp-json\/wp\/v2\/product"}],"about":[{"href":"https:\/\/worldsofmagic.net\/fr\/wp-json\/wp\/v2\/types\/product"}],"replies":[{"embeddable":true,"href":"https:\/\/worldsofmagic.net\/fr\/wp-json\/wp\/v2\/comments?post=1614"}],"wp:featuredmedia":[{"embeddable":true,"href":"https:\/\/worldsofmagic.net\/fr\/wp-json\/wp\/v2\/media\/1615"}],"wp:attachment":[{"href":"https:\/\/worldsofmagic.net\/fr\/wp-json\/wp\/v2\/media?parent=1614"}],"wp:term":[{"taxonomy":"product_cat","embeddable":true,"href":"https:\/\/worldsofmagic.net\/fr\/wp-json\/wp\/v2\/product_cat?post=1614"},{"taxonomy":"product_tag","embeddable":true,"href":"https:\/\/worldsofmagic.net\/fr\/wp-json\/wp\/v2\/product_tag?post=1614"}],"curies":[{"name":"wp","href":"https:\/\/api.w.org\/{rel}","templated":true}]}}