{"id":1621,"date":"2024-10-25T15:13:13","date_gmt":"2024-10-25T15:13:13","guid":{"rendered":"https:\/\/worldsofmagic.net\/?post_type=product&#038;p=1621"},"modified":"2024-10-25T15:13:14","modified_gmt":"2024-10-25T15:13:14","slug":"100-dragon-shield-perfect-fit-sideloader-sleeves-smoke","status":"publish","type":"product","link":"https:\/\/worldsofmagic.net\/fr\/produit\/100-dragon-shield-perfect-fit-sideloader-sleeves-smoke\/","title":{"rendered":"100  prot\u00e8ge-cartes Dragon Shield Perfect Fit Sideloader \u2013 Smoke"},"content":{"rendered":"<p class=\"Text_bodyMedium__ePdcE Text_paragraph__U6Szs\">Am\u00e9liorez la protection de votre carte en la doublant.<br \/>\nLes pochettes parfaitement ajust\u00e9es offrent \u00e0 vos pr\u00e9cieuses cartes une couche de protection suppl\u00e9mentaire importante, aidant \u00e0 d\u00e9fendre vos cartes contre la poussi\u00e8re, les d\u00e9versements et les obstacles invisibles sur le champ de bataille.<br \/>\nIl vous suffit de glisser votre carte lat\u00e9ralement dans une pochette Perfect Fit, puis de la recouvrir comme vous le feriez normalement. Le haut de la carte, qui est g\u00e9n\u00e9ralement l\u00e9g\u00e8rement expos\u00e9, est d\u00e9sormais recouvert.<br \/>\nLes pochettes Smoke Perfect Fit ont un dos fonc\u00e9 con\u00e7u pour cacher le dos des cartes lors du double manchonnage avec des pochettes de cartes semi-opaques.<br \/>\nLe double manchonnage avec chargement lat\u00e9ral parfaitement ajust\u00e9 est plus rapide qu&#039;avec les chargeurs par le haut, mais n&#039;est pas aussi efficace pour prot\u00e9ger vos cartes.<\/p>\n<p class=\"Text_bodyMedium__ePdcE Text_paragraph__U6Szs\">Lancez des sorts sans souci gr\u00e2ce \u00e0 la double manche.<\/p>\n<p class=\"Text_bodyMedium__ePdcE Text_paragraph__U6Szs\">\u2013 100 manchons de taille standard parfaitement ajust\u00e9s<br \/>\n\u2013 Chargement lat\u00e9ral<br \/>\n- Clair<\/p>\n<p class=\"Text_bodyMedium__ePdcE Text_paragraph__U6Szs\">*Le double sleeving ne prot\u00e8ge pas les cartes des attaques de dragon*<\/p>","protected":false},"excerpt":{"rendered":"<p>Am\u00e9liorez la protection de vos cartes en les recouvrant d&#039;une double protection. Les pochettes parfaitement ajust\u00e9es conf\u00e8rent \u00e0 vos pr\u00e9cieuses cartes une couche de protection suppl\u00e9mentaire importante, aidant \u00e0 d\u00e9fendre vos cartes contre la poussi\u00e8re, les d\u00e9versements et les obstacles invisibles sur le champ de bataille. Faites simplement glisser votre carte sur le c\u00f4t\u00e9 dans une pochette Perfect Fit, puis enveloppez votre carte comme vous le feriez normalement. Le haut de la carte [\u2026]<\/p>","protected":false},"featured_media":1622,"comment_status":"open","ping_status":"closed","template":"","meta":[],"product_cat":[42,56],"product_tag":[],"class_list":{"0":"post-1621","1":"product","2":"type-product","3":"status-publish","4":"has-post-thumbnail","6":"product_cat-accesories","7":"product_cat-sleeves","9":"first","10":"instock","11":"purchasable","12":"product-type-simple"},"yoast_head":"<!-- This site is optimized with the Yoast SEO plugin v23.6 - https:\/\/yoast.com\/wordpress\/plugins\/seo\/ -->\n<title>100 Dragon Shield Perfect Fit Sideloader Sleeves - Smoke - Worlds Of Magic<\/title>\n<meta name=\"robots\" content=\"index, follow, max-snippet:-1, max-image-preview:large, max-video-preview:-1\" \/>\n<link rel=\"canonical\" href=\"https:\/\/worldsofmagic.net\/fr\/produit\/100-dragon-shield-perfect-fit-sideloader-sleeves-smoke\/\" \/>\n<meta property=\"og:locale\" content=\"fr_FR\" \/>\n<meta property=\"og:type\" content=\"article\" \/>\n<meta property=\"og:title\" content=\"100 Dragon Shield Perfect Fit Sideloader Sleeves - Smoke - Worlds Of Magic\" \/>\n<meta property=\"og:description\" content=\"nhance your card protection by double-sleeving. Perfect fit sleeves give your precious cards an important extra layer of protection, helping Defend your cards against dust, spills and unseen obstacles on the battlefield. Simply slide your card sideways into a Perfect Fit sleeve, then sleeve your card as you would normally. The top of the card [&hellip;]\" \/>\n<meta property=\"og:url\" content=\"https:\/\/worldsofmagic.net\/fr\/produit\/100-dragon-shield-perfect-fit-sideloader-sleeves-smoke\/\" \/>\n<meta property=\"og:site_name\" content=\"Worlds Of Magic\" \/>\n<meta property=\"article:modified_time\" content=\"2024-10-25T15:13:14+00:00\" \/>\n<meta property=\"og:image\" content=\"https:\/\/worldsofmagic.net\/wp-content\/uploads\/2024\/10\/298531.png\" \/>\n\t<meta property=\"og:image:width\" content=\"300\" \/>\n\t<meta property=\"og:image:height\" content=\"300\" \/>\n\t<meta property=\"og:image:type\" content=\"image\/png\" \/>\n<meta name=\"twitter:card\" content=\"summary_large_image\" \/>\n<meta name=\"twitter:label1\" content=\"Dur\u00e9e de lecture estim\u00e9e\" \/>\n\t<meta name=\"twitter:data1\" content=\"1 minute\" \/>\n<script type=\"application\/ld+json\" class=\"yoast-schema-graph\">{\"@context\":\"https:\/\/schema.org\",\"@graph\":[{\"@type\":\"WebPage\",\"@id\":\"https:\/\/worldsofmagic.net\/product\/100-dragon-shield-perfect-fit-sideloader-sleeves-smoke\/\",\"url\":\"https:\/\/worldsofmagic.net\/product\/100-dragon-shield-perfect-fit-sideloader-sleeves-smoke\/\",\"name\":\"100 Dragon Shield Perfect Fit Sideloader Sleeves - Smoke - Worlds Of Magic\",\"isPartOf\":{\"@id\":\"https:\/\/worldsofmagic.net\/#website\"},\"primaryImageOfPage\":{\"@id\":\"https:\/\/worldsofmagic.net\/product\/100-dragon-shield-perfect-fit-sideloader-sleeves-smoke\/#primaryimage\"},\"image\":{\"@id\":\"https:\/\/worldsofmagic.net\/product\/100-dragon-shield-perfect-fit-sideloader-sleeves-smoke\/#primaryimage\"},\"thumbnailUrl\":\"https:\/\/worldsofmagic.net\/wp-content\/uploads\/2024\/10\/298531.png\",\"datePublished\":\"2024-10-25T15:13:13+00:00\",\"dateModified\":\"2024-10-25T15:13:14+00:00\",\"breadcrumb\":{\"@id\":\"https:\/\/worldsofmagic.net\/product\/100-dragon-shield-perfect-fit-sideloader-sleeves-smoke\/#breadcrumb\"},\"inLanguage\":\"fr-FR\",\"potentialAction\":[{\"@type\":\"ReadAction\",\"target\":[\"https:\/\/worldsofmagic.net\/product\/100-dragon-shield-perfect-fit-sideloader-sleeves-smoke\/\"]}]},{\"@type\":\"ImageObject\",\"inLanguage\":\"fr-FR\",\"@id\":\"https:\/\/worldsofmagic.net\/product\/100-dragon-shield-perfect-fit-sideloader-sleeves-smoke\/#primaryimage\",\"url\":\"https:\/\/worldsofmagic.net\/wp-content\/uploads\/2024\/10\/298531.png\",\"contentUrl\":\"https:\/\/worldsofmagic.net\/wp-content\/uploads\/2024\/10\/298531.png\",\"width\":300,\"height\":300},{\"@type\":\"BreadcrumbList\",\"@id\":\"https:\/\/worldsofmagic.net\/product\/100-dragon-shield-perfect-fit-sideloader-sleeves-smoke\/#breadcrumb\",\"itemListElement\":[{\"@type\":\"ListItem\",\"position\":1,\"name\":\"Accueil\",\"item\":\"https:\/\/worldsofmagic.net\/\"},{\"@type\":\"ListItem\",\"position\":2,\"name\":\"Shop\",\"item\":\"https:\/\/worldsofmagic.net\/shop\/\"},{\"@type\":\"ListItem\",\"position\":3,\"name\":\"100 Dragon Shield Perfect Fit Sideloader Sleeves &#8211; Smoke\"}]},{\"@type\":\"WebSite\",\"@id\":\"https:\/\/worldsofmagic.net\/#website\",\"url\":\"https:\/\/worldsofmagic.net\/\",\"name\":\"Worlds Of Magic\",\"description\":\"\",\"publisher\":{\"@id\":\"https:\/\/worldsofmagic.net\/#organization\"},\"potentialAction\":[{\"@type\":\"SearchAction\",\"target\":{\"@type\":\"EntryPoint\",\"urlTemplate\":\"https:\/\/worldsofmagic.net\/?s={search_term_string}\"},\"query-input\":{\"@type\":\"PropertyValueSpecification\",\"valueRequired\":true,\"valueName\":\"search_term_string\"}}],\"inLanguage\":\"fr-FR\"},{\"@type\":\"Organization\",\"@id\":\"https:\/\/worldsofmagic.net\/#organization\",\"name\":\"Worlds Of Magic\",\"alternateName\":\"Worlds Of Magic\",\"url\":\"https:\/\/worldsofmagic.net\/\",\"logo\":{\"@type\":\"ImageObject\",\"inLanguage\":\"fr-FR\",\"@id\":\"https:\/\/worldsofmagic.net\/#\/schema\/logo\/image\/\",\"url\":\"https:\/\/worldsofmagic.net\/wp-content\/uploads\/2024\/07\/image.png\",\"contentUrl\":\"https:\/\/worldsofmagic.net\/wp-content\/uploads\/2024\/07\/image.png\",\"width\":1072,\"height\":341,\"caption\":\"Worlds Of Magic\"},\"image\":{\"@id\":\"https:\/\/worldsofmagic.net\/#\/schema\/logo\/image\/\"}}]}<\/script>\n<!-- \/ Yoast SEO plugin. -->","yoast_head_json":{"title":"100 Dragon Shield Perfect Fit Sideloader Sleeves - Smoke - Worlds Of Magic","robots":{"index":"index","follow":"follow","max-snippet":"max-snippet:-1","max-image-preview":"max-image-preview:large","max-video-preview":"max-video-preview:-1"},"canonical":"https:\/\/worldsofmagic.net\/fr\/produit\/100-dragon-shield-perfect-fit-sideloader-sleeves-smoke\/","og_locale":"fr_FR","og_type":"article","og_title":"100 Dragon Shield Perfect Fit Sideloader Sleeves - Smoke - Worlds Of Magic","og_description":"nhance your card protection by double-sleeving. Perfect fit sleeves give your precious cards an important extra layer of protection, helping Defend your cards against dust, spills and unseen obstacles on the battlefield. Simply slide your card sideways into a Perfect Fit sleeve, then sleeve your card as you would normally. The top of the card [&hellip;]","og_url":"https:\/\/worldsofmagic.net\/fr\/produit\/100-dragon-shield-perfect-fit-sideloader-sleeves-smoke\/","og_site_name":"Worlds Of Magic","article_modified_time":"2024-10-25T15:13:14+00:00","og_image":[{"width":300,"height":300,"url":"https:\/\/worldsofmagic.net\/wp-content\/uploads\/2024\/10\/298531.png","type":"image\/png"}],"twitter_card":"summary_large_image","twitter_misc":{"Dur\u00e9e de lecture estim\u00e9e":"1 minute"},"schema":{"@context":"https:\/\/schema.org","@graph":[{"@type":"WebPage","@id":"https:\/\/worldsofmagic.net\/product\/100-dragon-shield-perfect-fit-sideloader-sleeves-smoke\/","url":"https:\/\/worldsofmagic.net\/product\/100-dragon-shield-perfect-fit-sideloader-sleeves-smoke\/","name":"100 Dragon Shield Perfect Fit Sideloader Sleeves - Smoke - Worlds Of Magic","isPartOf":{"@id":"https:\/\/worldsofmagic.net\/#website"},"primaryImageOfPage":{"@id":"https:\/\/worldsofmagic.net\/product\/100-dragon-shield-perfect-fit-sideloader-sleeves-smoke\/#primaryimage"},"image":{"@id":"https:\/\/worldsofmagic.net\/product\/100-dragon-shield-perfect-fit-sideloader-sleeves-smoke\/#primaryimage"},"thumbnailUrl":"https:\/\/worldsofmagic.net\/wp-content\/uploads\/2024\/10\/298531.png","datePublished":"2024-10-25T15:13:13+00:00","dateModified":"2024-10-25T15:13:14+00:00","breadcrumb":{"@id":"https:\/\/worldsofmagic.net\/product\/100-dragon-shield-perfect-fit-sideloader-sleeves-smoke\/#breadcrumb"},"inLanguage":"fr-FR","potentialAction":[{"@type":"ReadAction","target":["https:\/\/worldsofmagic.net\/product\/100-dragon-shield-perfect-fit-sideloader-sleeves-smoke\/"]}]},{"@type":"ImageObject","inLanguage":"fr-FR","@id":"https:\/\/worldsofmagic.net\/product\/100-dragon-shield-perfect-fit-sideloader-sleeves-smoke\/#primaryimage","url":"https:\/\/worldsofmagic.net\/wp-content\/uploads\/2024\/10\/298531.png","contentUrl":"https:\/\/worldsofmagic.net\/wp-content\/uploads\/2024\/10\/298531.png","width":300,"height":300},{"@type":"BreadcrumbList","@id":"https:\/\/worldsofmagic.net\/product\/100-dragon-shield-perfect-fit-sideloader-sleeves-smoke\/#breadcrumb","itemListElement":[{"@type":"ListItem","position":1,"name":"Accueil","item":"https:\/\/worldsofmagic.net\/"},{"@type":"ListItem","position":2,"name":"Shop","item":"https:\/\/worldsofmagic.net\/shop\/"},{"@type":"ListItem","position":3,"name":"100 Dragon Shield Perfect Fit Sideloader Sleeves &#8211; Smoke"}]},{"@type":"WebSite","@id":"https:\/\/worldsofmagic.net\/#website","url":"https:\/\/worldsofmagic.net\/","name":"Worlds Of Magic","description":"","publisher":{"@id":"https:\/\/worldsofmagic.net\/#organization"},"potentialAction":[{"@type":"SearchAction","target":{"@type":"EntryPoint","urlTemplate":"https:\/\/worldsofmagic.net\/?s={search_term_string}"},"query-input":{"@type":"PropertyValueSpecification","valueRequired":true,"valueName":"search_term_string"}}],"inLanguage":"fr-FR"},{"@type":"Organization","@id":"https:\/\/worldsofmagic.net\/#organization","name":"Worlds Of Magic","alternateName":"Worlds Of Magic","url":"https:\/\/worldsofmagic.net\/","logo":{"@type":"ImageObject","inLanguage":"fr-FR","@id":"https:\/\/worldsofmagic.net\/#\/schema\/logo\/image\/","url":"https:\/\/worldsofmagic.net\/wp-content\/uploads\/2024\/07\/image.png","contentUrl":"https:\/\/worldsofmagic.net\/wp-content\/uploads\/2024\/07\/image.png","width":1072,"height":341,"caption":"Worlds Of Magic"},"image":{"@id":"https:\/\/worldsofmagic.net\/#\/schema\/logo\/image\/"}}]}},"jetpack_sharing_enabled":true,"_links":{"self":[{"href":"https:\/\/worldsofmagic.net\/fr\/wp-json\/wp\/v2\/product\/1621"}],"collection":[{"href":"https:\/\/worldsofmagic.net\/fr\/wp-json\/wp\/v2\/product"}],"about":[{"href":"https:\/\/worldsofmagic.net\/fr\/wp-json\/wp\/v2\/types\/product"}],"replies":[{"embeddable":true,"href":"https:\/\/worldsofmagic.net\/fr\/wp-json\/wp\/v2\/comments?post=1621"}],"wp:featuredmedia":[{"embeddable":true,"href":"https:\/\/worldsofmagic.net\/fr\/wp-json\/wp\/v2\/media\/1622"}],"wp:attachment":[{"href":"https:\/\/worldsofmagic.net\/fr\/wp-json\/wp\/v2\/media?parent=1621"}],"wp:term":[{"taxonomy":"product_cat","embeddable":true,"href":"https:\/\/worldsofmagic.net\/fr\/wp-json\/wp\/v2\/product_cat?post=1621"},{"taxonomy":"product_tag","embeddable":true,"href":"https:\/\/worldsofmagic.net\/fr\/wp-json\/wp\/v2\/product_tag?post=1621"}],"curies":[{"name":"wp","href":"https:\/\/api.w.org\/{rel}","templated":true}]}}