{"id":1634,"date":"2024-10-25T15:44:41","date_gmt":"2024-10-25T15:44:41","guid":{"rendered":"https:\/\/worldsofmagic.net\/?post_type=product&#038;p=1634"},"modified":"2024-10-25T15:44:41","modified_gmt":"2024-10-25T15:44:41","slug":"25-ultimate-guard-card-covers-toploader-35pt","status":"publish","type":"product","link":"https:\/\/worldsofmagic.net\/fr\/produit\/25-ultimate-guard-card-covers-toploader-35pt\/","title":{"rendered":"25 prot\u00e8ge-cartes Ultimate Guard Toploader 35pt"},"content":{"rendered":"<p>Que vous souhaitiez ajouter une couche de protection suppl\u00e9mentaire \u00e0 votre collection, exp\u00e9dier des cartes de valeur \u00e0 un nouveau propri\u00e9taire ou pr\u00e9server la qualit\u00e9 de vos biens les plus pr\u00e9cieux, nos \u00e9tuis \u00e0 cartes \u00e0 chargement par le haut sont une excellente solution pour tous vos besoins. Fabriqu\u00e9 en plastique transparent et durable, l&#039;\u00e9tui vous offre un acc\u00e8s facile \u00e0 vos cartes par le haut. Sans pochette, \u00e0 pochette simple ou \u00e0 pochette double, ces \u00e9tuis \u00e0 chargement par le haut peuvent contenir ce qui vous convient le mieux !<\/p>","protected":false},"excerpt":{"rendered":"<p>Que vous souhaitiez ajouter une couche de protection suppl\u00e9mentaire \u00e0 votre collection, exp\u00e9dier des cartes de valeur \u00e0 un nouveau propri\u00e9taire ou pr\u00e9server la qualit\u00e9 de vos biens les plus pr\u00e9cieux, nos \u00e9tuis \u00e0 cartes \u00e0 chargement par le haut sont une excellente solution pour tous vos besoins. Fabriqu\u00e9 en plastique transparent et durable, l&#039;\u00e9tui vous offre un acc\u00e8s facile \u00e0 vos cartes par le haut. [\u2026]<\/p>","protected":false},"featured_media":1635,"comment_status":"open","ping_status":"closed","template":"","meta":[],"product_cat":[42,56],"product_tag":[],"class_list":{"0":"post-1634","1":"product","2":"type-product","3":"status-publish","4":"has-post-thumbnail","6":"product_cat-accesories","7":"product_cat-sleeves","9":"first","10":"instock","11":"purchasable","12":"product-type-simple"},"yoast_head":"<!-- This site is optimized with the Yoast SEO plugin v23.6 - https:\/\/yoast.com\/wordpress\/plugins\/seo\/ -->\n<title>25 Ultimate Guard Card Covers Toploader 35pt - Worlds Of Magic<\/title>\n<meta name=\"robots\" content=\"index, follow, max-snippet:-1, max-image-preview:large, max-video-preview:-1\" \/>\n<link rel=\"canonical\" href=\"https:\/\/worldsofmagic.net\/fr\/produit\/25-ultimate-guard-card-covers-toploader-35pt\/\" \/>\n<meta property=\"og:locale\" content=\"fr_FR\" \/>\n<meta property=\"og:type\" content=\"article\" \/>\n<meta property=\"og:title\" content=\"25 Ultimate Guard Card Covers Toploader 35pt - Worlds Of Magic\" \/>\n<meta property=\"og:description\" content=\"Whether you want to add another layer of protection to your collection, ship some valuable cards to a new owner or preserve the quality of your prized possessions, our Card Covers Toploading are an excellent fit for all your needs. Made of durable, clear plastic, the case grants you neat toploading access to your cards. [&hellip;]\" \/>\n<meta property=\"og:url\" content=\"https:\/\/worldsofmagic.net\/fr\/produit\/25-ultimate-guard-card-covers-toploader-35pt\/\" \/>\n<meta property=\"og:site_name\" content=\"Worlds Of Magic\" \/>\n<meta property=\"og:image\" content=\"https:\/\/worldsofmagic.net\/wp-content\/uploads\/2024\/10\/764228.png\" \/>\n\t<meta property=\"og:image:width\" content=\"300\" \/>\n\t<meta property=\"og:image:height\" content=\"300\" \/>\n\t<meta property=\"og:image:type\" content=\"image\/png\" \/>\n<meta name=\"twitter:card\" content=\"summary_large_image\" \/>\n<meta name=\"twitter:label1\" content=\"Dur\u00e9e de lecture estim\u00e9e\" \/>\n\t<meta name=\"twitter:data1\" content=\"1 minute\" \/>\n<script type=\"application\/ld+json\" class=\"yoast-schema-graph\">{\"@context\":\"https:\/\/schema.org\",\"@graph\":[{\"@type\":\"WebPage\",\"@id\":\"https:\/\/worldsofmagic.net\/product\/25-ultimate-guard-card-covers-toploader-35pt\/\",\"url\":\"https:\/\/worldsofmagic.net\/product\/25-ultimate-guard-card-covers-toploader-35pt\/\",\"name\":\"25 Ultimate Guard Card Covers Toploader 35pt - Worlds Of Magic\",\"isPartOf\":{\"@id\":\"https:\/\/worldsofmagic.net\/#website\"},\"primaryImageOfPage\":{\"@id\":\"https:\/\/worldsofmagic.net\/product\/25-ultimate-guard-card-covers-toploader-35pt\/#primaryimage\"},\"image\":{\"@id\":\"https:\/\/worldsofmagic.net\/product\/25-ultimate-guard-card-covers-toploader-35pt\/#primaryimage\"},\"thumbnailUrl\":\"https:\/\/worldsofmagic.net\/wp-content\/uploads\/2024\/10\/764228.png\",\"datePublished\":\"2024-10-25T15:44:41+00:00\",\"dateModified\":\"2024-10-25T15:44:41+00:00\",\"breadcrumb\":{\"@id\":\"https:\/\/worldsofmagic.net\/product\/25-ultimate-guard-card-covers-toploader-35pt\/#breadcrumb\"},\"inLanguage\":\"fr-FR\",\"potentialAction\":[{\"@type\":\"ReadAction\",\"target\":[\"https:\/\/worldsofmagic.net\/product\/25-ultimate-guard-card-covers-toploader-35pt\/\"]}]},{\"@type\":\"ImageObject\",\"inLanguage\":\"fr-FR\",\"@id\":\"https:\/\/worldsofmagic.net\/product\/25-ultimate-guard-card-covers-toploader-35pt\/#primaryimage\",\"url\":\"https:\/\/worldsofmagic.net\/wp-content\/uploads\/2024\/10\/764228.png\",\"contentUrl\":\"https:\/\/worldsofmagic.net\/wp-content\/uploads\/2024\/10\/764228.png\",\"width\":300,\"height\":300},{\"@type\":\"BreadcrumbList\",\"@id\":\"https:\/\/worldsofmagic.net\/product\/25-ultimate-guard-card-covers-toploader-35pt\/#breadcrumb\",\"itemListElement\":[{\"@type\":\"ListItem\",\"position\":1,\"name\":\"Accueil\",\"item\":\"https:\/\/worldsofmagic.net\/\"},{\"@type\":\"ListItem\",\"position\":2,\"name\":\"Shop\",\"item\":\"https:\/\/worldsofmagic.net\/shop\/\"},{\"@type\":\"ListItem\",\"position\":3,\"name\":\"25 Ultimate Guard Card Covers Toploader 35pt\"}]},{\"@type\":\"WebSite\",\"@id\":\"https:\/\/worldsofmagic.net\/#website\",\"url\":\"https:\/\/worldsofmagic.net\/\",\"name\":\"Worlds Of Magic\",\"description\":\"\",\"publisher\":{\"@id\":\"https:\/\/worldsofmagic.net\/#organization\"},\"potentialAction\":[{\"@type\":\"SearchAction\",\"target\":{\"@type\":\"EntryPoint\",\"urlTemplate\":\"https:\/\/worldsofmagic.net\/?s={search_term_string}\"},\"query-input\":{\"@type\":\"PropertyValueSpecification\",\"valueRequired\":true,\"valueName\":\"search_term_string\"}}],\"inLanguage\":\"fr-FR\"},{\"@type\":\"Organization\",\"@id\":\"https:\/\/worldsofmagic.net\/#organization\",\"name\":\"Worlds Of Magic\",\"alternateName\":\"Worlds Of Magic\",\"url\":\"https:\/\/worldsofmagic.net\/\",\"logo\":{\"@type\":\"ImageObject\",\"inLanguage\":\"fr-FR\",\"@id\":\"https:\/\/worldsofmagic.net\/#\/schema\/logo\/image\/\",\"url\":\"https:\/\/worldsofmagic.net\/wp-content\/uploads\/2024\/07\/image.png\",\"contentUrl\":\"https:\/\/worldsofmagic.net\/wp-content\/uploads\/2024\/07\/image.png\",\"width\":1072,\"height\":341,\"caption\":\"Worlds Of Magic\"},\"image\":{\"@id\":\"https:\/\/worldsofmagic.net\/#\/schema\/logo\/image\/\"}}]}<\/script>\n<!-- \/ Yoast SEO plugin. -->","yoast_head_json":{"title":"25 Ultimate Guard Card Covers Toploader 35pt - Worlds Of Magic","robots":{"index":"index","follow":"follow","max-snippet":"max-snippet:-1","max-image-preview":"max-image-preview:large","max-video-preview":"max-video-preview:-1"},"canonical":"https:\/\/worldsofmagic.net\/fr\/produit\/25-ultimate-guard-card-covers-toploader-35pt\/","og_locale":"fr_FR","og_type":"article","og_title":"25 Ultimate Guard Card Covers Toploader 35pt - Worlds Of Magic","og_description":"Whether you want to add another layer of protection to your collection, ship some valuable cards to a new owner or preserve the quality of your prized possessions, our Card Covers Toploading are an excellent fit for all your needs. Made of durable, clear plastic, the case grants you neat toploading access to your cards. [&hellip;]","og_url":"https:\/\/worldsofmagic.net\/fr\/produit\/25-ultimate-guard-card-covers-toploader-35pt\/","og_site_name":"Worlds Of Magic","og_image":[{"width":300,"height":300,"url":"https:\/\/worldsofmagic.net\/wp-content\/uploads\/2024\/10\/764228.png","type":"image\/png"}],"twitter_card":"summary_large_image","twitter_misc":{"Dur\u00e9e de lecture estim\u00e9e":"1 minute"},"schema":{"@context":"https:\/\/schema.org","@graph":[{"@type":"WebPage","@id":"https:\/\/worldsofmagic.net\/product\/25-ultimate-guard-card-covers-toploader-35pt\/","url":"https:\/\/worldsofmagic.net\/product\/25-ultimate-guard-card-covers-toploader-35pt\/","name":"25 Ultimate Guard Card Covers Toploader 35pt - Worlds Of Magic","isPartOf":{"@id":"https:\/\/worldsofmagic.net\/#website"},"primaryImageOfPage":{"@id":"https:\/\/worldsofmagic.net\/product\/25-ultimate-guard-card-covers-toploader-35pt\/#primaryimage"},"image":{"@id":"https:\/\/worldsofmagic.net\/product\/25-ultimate-guard-card-covers-toploader-35pt\/#primaryimage"},"thumbnailUrl":"https:\/\/worldsofmagic.net\/wp-content\/uploads\/2024\/10\/764228.png","datePublished":"2024-10-25T15:44:41+00:00","dateModified":"2024-10-25T15:44:41+00:00","breadcrumb":{"@id":"https:\/\/worldsofmagic.net\/product\/25-ultimate-guard-card-covers-toploader-35pt\/#breadcrumb"},"inLanguage":"fr-FR","potentialAction":[{"@type":"ReadAction","target":["https:\/\/worldsofmagic.net\/product\/25-ultimate-guard-card-covers-toploader-35pt\/"]}]},{"@type":"ImageObject","inLanguage":"fr-FR","@id":"https:\/\/worldsofmagic.net\/product\/25-ultimate-guard-card-covers-toploader-35pt\/#primaryimage","url":"https:\/\/worldsofmagic.net\/wp-content\/uploads\/2024\/10\/764228.png","contentUrl":"https:\/\/worldsofmagic.net\/wp-content\/uploads\/2024\/10\/764228.png","width":300,"height":300},{"@type":"BreadcrumbList","@id":"https:\/\/worldsofmagic.net\/product\/25-ultimate-guard-card-covers-toploader-35pt\/#breadcrumb","itemListElement":[{"@type":"ListItem","position":1,"name":"Accueil","item":"https:\/\/worldsofmagic.net\/"},{"@type":"ListItem","position":2,"name":"Shop","item":"https:\/\/worldsofmagic.net\/shop\/"},{"@type":"ListItem","position":3,"name":"25 Ultimate Guard Card Covers Toploader 35pt"}]},{"@type":"WebSite","@id":"https:\/\/worldsofmagic.net\/#website","url":"https:\/\/worldsofmagic.net\/","name":"Worlds Of Magic","description":"","publisher":{"@id":"https:\/\/worldsofmagic.net\/#organization"},"potentialAction":[{"@type":"SearchAction","target":{"@type":"EntryPoint","urlTemplate":"https:\/\/worldsofmagic.net\/?s={search_term_string}"},"query-input":{"@type":"PropertyValueSpecification","valueRequired":true,"valueName":"search_term_string"}}],"inLanguage":"fr-FR"},{"@type":"Organization","@id":"https:\/\/worldsofmagic.net\/#organization","name":"Worlds Of Magic","alternateName":"Worlds Of Magic","url":"https:\/\/worldsofmagic.net\/","logo":{"@type":"ImageObject","inLanguage":"fr-FR","@id":"https:\/\/worldsofmagic.net\/#\/schema\/logo\/image\/","url":"https:\/\/worldsofmagic.net\/wp-content\/uploads\/2024\/07\/image.png","contentUrl":"https:\/\/worldsofmagic.net\/wp-content\/uploads\/2024\/07\/image.png","width":1072,"height":341,"caption":"Worlds Of Magic"},"image":{"@id":"https:\/\/worldsofmagic.net\/#\/schema\/logo\/image\/"}}]}},"jetpack_sharing_enabled":true,"_links":{"self":[{"href":"https:\/\/worldsofmagic.net\/fr\/wp-json\/wp\/v2\/product\/1634"}],"collection":[{"href":"https:\/\/worldsofmagic.net\/fr\/wp-json\/wp\/v2\/product"}],"about":[{"href":"https:\/\/worldsofmagic.net\/fr\/wp-json\/wp\/v2\/types\/product"}],"replies":[{"embeddable":true,"href":"https:\/\/worldsofmagic.net\/fr\/wp-json\/wp\/v2\/comments?post=1634"}],"wp:featuredmedia":[{"embeddable":true,"href":"https:\/\/worldsofmagic.net\/fr\/wp-json\/wp\/v2\/media\/1635"}],"wp:attachment":[{"href":"https:\/\/worldsofmagic.net\/fr\/wp-json\/wp\/v2\/media?parent=1634"}],"wp:term":[{"taxonomy":"product_cat","embeddable":true,"href":"https:\/\/worldsofmagic.net\/fr\/wp-json\/wp\/v2\/product_cat?post=1634"},{"taxonomy":"product_tag","embeddable":true,"href":"https:\/\/worldsofmagic.net\/fr\/wp-json\/wp\/v2\/product_tag?post=1634"}],"curies":[{"name":"wp","href":"https:\/\/api.w.org\/{rel}","templated":true}]}}