{"id":1754,"date":"2024-10-27T12:13:37","date_gmt":"2024-10-27T12:13:37","guid":{"rendered":"https:\/\/worldsofmagic.net\/?post_type=product&#038;p=1754"},"modified":"2024-12-10T10:15:03","modified_gmt":"2024-12-10T10:15:03","slug":"boite-de-boosters-collector-de-commander-legendes-la-bataille-de-la-porte-de-baldur","status":"publish","type":"product","link":"https:\/\/worldsofmagic.net\/fr\/produit\/boite-de-boosters-collector-de-commander-legendes-la-bataille-de-la-porte-de-baldur\/","title":{"rendered":"Boite de boosters collector de Commander L\u00e9gendes : la bataille de la Porte de Baldur \u2013 FR\ud83c\uddeb\ud83c\uddf7"},"content":{"rendered":"<h3>Un booster collector Commander L\u00e9gendes : la bataille de la Porte de Baldur en fran\u00e7ais contient :<\/h3>\n<ul>\n<li>1 Feuille Traditionnelle Rare ou Mythique<\/li>\n<li>1 Rare ou Mythique Foil traditionnel en version alternative<\/li>\n<li>1 Rare ou Mythique l\u00e9gendaire Foil Etched<\/li>\n<li>1 Commune ou Unco l\u00e9gendaire Foil Etched<\/li>\n<li>1 Rare ou Mythique non-foil en version alternative<\/li>\n<li>1 Rare ou Mythique non-foil \u00e0 illustration \u00e9tendue<\/li>\n<li>1 Rare ou Mythique non-foil \u00e0 illustration \u00e9tendue num\u00e9ro des decks Commander de l&#039;\u00e9dition<\/li>\n<li>1 Commune ou Unco l\u00e9gendaire Foil traditionnel<\/li>\n<li>1 Commune ou Unco Foil traditionnel en version livret de r\u00e8gles<\/li>\n<li>2 Uncos Foil traditionnel<\/li>\n<li>3 Communes Foil traditionnel<\/li>\n<li>1 Terrain de base Foil traditionnel<\/li>\n<li>1 Jeton double face Foil traditionnel<\/li>\n<\/ul>","protected":false},"excerpt":{"rendered":"<p>Un booster collector Commander L\u00e9gendes : la bataille de la Porte de Baldur en fran\u00e7ais contient : 1 Rare ou Mythique Foil traditionnel 1 Rare ou Mythique Foil traditionnel en version alternative 1 Rare ou Mythique l\u00e9gendaire Foil Etched 1 Commune ou Unco l\u00e9gendaire Foil Etched 1 Rare ou Mythique non-foil en version alternative 1 [\u2026]<\/p>","protected":false},"featured_media":1755,"comment_status":"open","ping_status":"closed","template":"","meta":[],"product_cat":[27,83,21],"product_tag":[],"class_list":{"0":"post-1754","1":"product","2":"type-product","3":"status-publish","4":"has-post-thumbnail","6":"product_cat-boosterboxes","7":"product_cat-french-boosterboxes","8":"product_cat-magic-the-gathering","9":"pa_language-french","10":"pa_mtg-edition-commander-legends-battle-for-baldurs-gate","12":"first","13":"outofstock","14":"purchasable","15":"product-type-simple"},"yoast_head":"<!-- This site is optimized with the Yoast SEO plugin v23.6 - https:\/\/yoast.com\/wordpress\/plugins\/seo\/ -->\n<title>\ud83c\uddeb\ud83c\uddf7Boite de boosters collector de Commander L\u00e9gendes : la bataille de la Porte de Baldur - FR - Worlds Of Magic<\/title>\n<meta name=\"description\" content=\"Le booster collector est le produit id\u00e9al pour les collectionneurs en qu\u00eate de cartes rares et de magnifiques versions alternatives dont certaines ne sont trouvables dans aucun autre produit de l&#039;\u00e9dition !\" \/>\n<meta name=\"robots\" content=\"index, follow, max-snippet:-1, max-image-preview:large, max-video-preview:-1\" \/>\n<link rel=\"canonical\" href=\"https:\/\/worldsofmagic.net\/fr\/produit\/boite-de-boosters-collector-de-commander-legendes-la-bataille-de-la-porte-de-baldur\/\" \/>\n<meta property=\"og:locale\" content=\"fr_FR\" \/>\n<meta property=\"og:type\" content=\"article\" \/>\n<meta property=\"og:title\" content=\"\ud83c\uddeb\ud83c\uddf7Boite de boosters collector de Commander L\u00e9gendes : la bataille de la Porte de Baldur - FR - Worlds Of Magic\" \/>\n<meta property=\"og:description\" content=\"Le booster collector est le produit id\u00e9al pour les collectionneurs en qu\u00eate de cartes rares et de magnifiques versions alternatives dont certaines ne sont trouvables dans aucun autre produit de l&#039;\u00e9dition !\" \/>\n<meta property=\"og:url\" content=\"https:\/\/worldsofmagic.net\/fr\/produit\/boite-de-boosters-collector-de-commander-legendes-la-bataille-de-la-porte-de-baldur\/\" \/>\n<meta property=\"og:site_name\" content=\"Worlds Of Magic\" \/>\n<meta property=\"article:modified_time\" content=\"2024-12-10T10:15:03+00:00\" \/>\n<meta property=\"og:image\" content=\"https:\/\/worldsofmagic.net\/wp-content\/uploads\/2024\/10\/Boite-de-boosters-collector-de-Commander-Legendes-la-bataille-de-la-Porte-de-Baldur.png\" \/>\n\t<meta property=\"og:image:width\" content=\"300\" \/>\n\t<meta property=\"og:image:height\" content=\"300\" \/>\n\t<meta property=\"og:image:type\" content=\"image\/png\" \/>\n<meta name=\"twitter:card\" content=\"summary_large_image\" \/>\n<meta name=\"twitter:label1\" content=\"Dur\u00e9e de lecture estim\u00e9e\" \/>\n\t<meta name=\"twitter:data1\" content=\"1 minute\" \/>\n<script type=\"application\/ld+json\" class=\"yoast-schema-graph\">{\"@context\":\"https:\/\/schema.org\",\"@graph\":[{\"@type\":\"WebPage\",\"@id\":\"https:\/\/worldsofmagic.net\/product\/boite-de-boosters-collector-de-commander-legendes-la-bataille-de-la-porte-de-baldur\/\",\"url\":\"https:\/\/worldsofmagic.net\/product\/boite-de-boosters-collector-de-commander-legendes-la-bataille-de-la-porte-de-baldur\/\",\"name\":\"\ud83c\uddeb\ud83c\uddf7Boite de boosters collector de Commander L\u00e9gendes : la bataille de la Porte de Baldur - FR - Worlds Of Magic\",\"isPartOf\":{\"@id\":\"https:\/\/worldsofmagic.net\/#website\"},\"primaryImageOfPage\":{\"@id\":\"https:\/\/worldsofmagic.net\/product\/boite-de-boosters-collector-de-commander-legendes-la-bataille-de-la-porte-de-baldur\/#primaryimage\"},\"image\":{\"@id\":\"https:\/\/worldsofmagic.net\/product\/boite-de-boosters-collector-de-commander-legendes-la-bataille-de-la-porte-de-baldur\/#primaryimage\"},\"thumbnailUrl\":\"https:\/\/worldsofmagic.net\/wp-content\/uploads\/2024\/10\/Boite-de-boosters-collector-de-Commander-Legendes-la-bataille-de-la-Porte-de-Baldur.png\",\"datePublished\":\"2024-10-27T12:13:37+00:00\",\"dateModified\":\"2024-12-10T10:15:03+00:00\",\"description\":\"Le booster collector est le produit id\u00e9al pour les collectionneurs en qu\u00eate de cartes rares et de magnifiques versions alternatives dont certaines ne sont trouvables dans aucun autre produit de l'\u00e9dition !\",\"breadcrumb\":{\"@id\":\"https:\/\/worldsofmagic.net\/product\/boite-de-boosters-collector-de-commander-legendes-la-bataille-de-la-porte-de-baldur\/#breadcrumb\"},\"inLanguage\":\"fr-FR\",\"potentialAction\":[{\"@type\":\"ReadAction\",\"target\":[\"https:\/\/worldsofmagic.net\/product\/boite-de-boosters-collector-de-commander-legendes-la-bataille-de-la-porte-de-baldur\/\"]}]},{\"@type\":\"ImageObject\",\"inLanguage\":\"fr-FR\",\"@id\":\"https:\/\/worldsofmagic.net\/product\/boite-de-boosters-collector-de-commander-legendes-la-bataille-de-la-porte-de-baldur\/#primaryimage\",\"url\":\"https:\/\/worldsofmagic.net\/wp-content\/uploads\/2024\/10\/Boite-de-boosters-collector-de-Commander-Legendes-la-bataille-de-la-Porte-de-Baldur.png\",\"contentUrl\":\"https:\/\/worldsofmagic.net\/wp-content\/uploads\/2024\/10\/Boite-de-boosters-collector-de-Commander-Legendes-la-bataille-de-la-Porte-de-Baldur.png\",\"width\":300,\"height\":300},{\"@type\":\"BreadcrumbList\",\"@id\":\"https:\/\/worldsofmagic.net\/product\/boite-de-boosters-collector-de-commander-legendes-la-bataille-de-la-porte-de-baldur\/#breadcrumb\",\"itemListElement\":[{\"@type\":\"ListItem\",\"position\":1,\"name\":\"Accueil\",\"item\":\"https:\/\/worldsofmagic.net\/\"},{\"@type\":\"ListItem\",\"position\":2,\"name\":\"Shop\",\"item\":\"https:\/\/worldsofmagic.net\/shop\/\"},{\"@type\":\"ListItem\",\"position\":3,\"name\":\"\ud83c\uddeb\ud83c\uddf7Boite de boosters collector de Commander L\u00e9gendes : la bataille de la Porte de Baldur &#8211; FR\"}]},{\"@type\":\"WebSite\",\"@id\":\"https:\/\/worldsofmagic.net\/#website\",\"url\":\"https:\/\/worldsofmagic.net\/\",\"name\":\"Worlds Of Magic\",\"description\":\"\",\"publisher\":{\"@id\":\"https:\/\/worldsofmagic.net\/#organization\"},\"potentialAction\":[{\"@type\":\"SearchAction\",\"target\":{\"@type\":\"EntryPoint\",\"urlTemplate\":\"https:\/\/worldsofmagic.net\/?s={search_term_string}\"},\"query-input\":{\"@type\":\"PropertyValueSpecification\",\"valueRequired\":true,\"valueName\":\"search_term_string\"}}],\"inLanguage\":\"fr-FR\"},{\"@type\":\"Organization\",\"@id\":\"https:\/\/worldsofmagic.net\/#organization\",\"name\":\"Worlds Of Magic\",\"alternateName\":\"Worlds Of Magic\",\"url\":\"https:\/\/worldsofmagic.net\/\",\"logo\":{\"@type\":\"ImageObject\",\"inLanguage\":\"fr-FR\",\"@id\":\"https:\/\/worldsofmagic.net\/#\/schema\/logo\/image\/\",\"url\":\"https:\/\/worldsofmagic.net\/wp-content\/uploads\/2024\/07\/image.png\",\"contentUrl\":\"https:\/\/worldsofmagic.net\/wp-content\/uploads\/2024\/07\/image.png\",\"width\":1072,\"height\":341,\"caption\":\"Worlds Of Magic\"},\"image\":{\"@id\":\"https:\/\/worldsofmagic.net\/#\/schema\/logo\/image\/\"}}]}<\/script>\n<!-- \/ Yoast SEO plugin. -->","yoast_head_json":{"title":"\ud83c\uddeb\ud83c\uddf7Boite de boosters collector de Commander L\u00e9gendes : la bataille de la Porte de Baldur - FR - Worlds Of Magic","description":"Le booster collector est le produit id\u00e9al pour les collectionneurs en qu\u00eate de cartes rares et de magnifiques versions alternatives dont certaines ne sont trouvables dans aucun autre produit de l'\u00e9dition !","robots":{"index":"index","follow":"follow","max-snippet":"max-snippet:-1","max-image-preview":"max-image-preview:large","max-video-preview":"max-video-preview:-1"},"canonical":"https:\/\/worldsofmagic.net\/fr\/produit\/boite-de-boosters-collector-de-commander-legendes-la-bataille-de-la-porte-de-baldur\/","og_locale":"fr_FR","og_type":"article","og_title":"\ud83c\uddeb\ud83c\uddf7Boite de boosters collector de Commander L\u00e9gendes : la bataille de la Porte de Baldur - FR - Worlds Of Magic","og_description":"Le booster collector est le produit id\u00e9al pour les collectionneurs en qu\u00eate de cartes rares et de magnifiques versions alternatives dont certaines ne sont trouvables dans aucun autre produit de l'\u00e9dition !","og_url":"https:\/\/worldsofmagic.net\/fr\/produit\/boite-de-boosters-collector-de-commander-legendes-la-bataille-de-la-porte-de-baldur\/","og_site_name":"Worlds Of Magic","article_modified_time":"2024-12-10T10:15:03+00:00","og_image":[{"width":300,"height":300,"url":"https:\/\/worldsofmagic.net\/wp-content\/uploads\/2024\/10\/Boite-de-boosters-collector-de-Commander-Legendes-la-bataille-de-la-Porte-de-Baldur.png","type":"image\/png"}],"twitter_card":"summary_large_image","twitter_misc":{"Dur\u00e9e de lecture estim\u00e9e":"1 minute"},"schema":{"@context":"https:\/\/schema.org","@graph":[{"@type":"WebPage","@id":"https:\/\/worldsofmagic.net\/product\/boite-de-boosters-collector-de-commander-legendes-la-bataille-de-la-porte-de-baldur\/","url":"https:\/\/worldsofmagic.net\/product\/boite-de-boosters-collector-de-commander-legendes-la-bataille-de-la-porte-de-baldur\/","name":"\ud83c\uddeb\ud83c\uddf7Boite de boosters collector de Commander L\u00e9gendes : la bataille de la Porte de Baldur - FR - Worlds Of Magic","isPartOf":{"@id":"https:\/\/worldsofmagic.net\/#website"},"primaryImageOfPage":{"@id":"https:\/\/worldsofmagic.net\/product\/boite-de-boosters-collector-de-commander-legendes-la-bataille-de-la-porte-de-baldur\/#primaryimage"},"image":{"@id":"https:\/\/worldsofmagic.net\/product\/boite-de-boosters-collector-de-commander-legendes-la-bataille-de-la-porte-de-baldur\/#primaryimage"},"thumbnailUrl":"https:\/\/worldsofmagic.net\/wp-content\/uploads\/2024\/10\/Boite-de-boosters-collector-de-Commander-Legendes-la-bataille-de-la-Porte-de-Baldur.png","datePublished":"2024-10-27T12:13:37+00:00","dateModified":"2024-12-10T10:15:03+00:00","description":"Le booster collector est le produit id\u00e9al pour les collectionneurs en qu\u00eate de cartes rares et de magnifiques versions alternatives dont certaines ne sont trouvables dans aucun autre produit de l'\u00e9dition !","breadcrumb":{"@id":"https:\/\/worldsofmagic.net\/product\/boite-de-boosters-collector-de-commander-legendes-la-bataille-de-la-porte-de-baldur\/#breadcrumb"},"inLanguage":"fr-FR","potentialAction":[{"@type":"ReadAction","target":["https:\/\/worldsofmagic.net\/product\/boite-de-boosters-collector-de-commander-legendes-la-bataille-de-la-porte-de-baldur\/"]}]},{"@type":"ImageObject","inLanguage":"fr-FR","@id":"https:\/\/worldsofmagic.net\/product\/boite-de-boosters-collector-de-commander-legendes-la-bataille-de-la-porte-de-baldur\/#primaryimage","url":"https:\/\/worldsofmagic.net\/wp-content\/uploads\/2024\/10\/Boite-de-boosters-collector-de-Commander-Legendes-la-bataille-de-la-Porte-de-Baldur.png","contentUrl":"https:\/\/worldsofmagic.net\/wp-content\/uploads\/2024\/10\/Boite-de-boosters-collector-de-Commander-Legendes-la-bataille-de-la-Porte-de-Baldur.png","width":300,"height":300},{"@type":"BreadcrumbList","@id":"https:\/\/worldsofmagic.net\/product\/boite-de-boosters-collector-de-commander-legendes-la-bataille-de-la-porte-de-baldur\/#breadcrumb","itemListElement":[{"@type":"ListItem","position":1,"name":"Accueil","item":"https:\/\/worldsofmagic.net\/"},{"@type":"ListItem","position":2,"name":"Shop","item":"https:\/\/worldsofmagic.net\/shop\/"},{"@type":"ListItem","position":3,"name":"\ud83c\uddeb\ud83c\uddf7Boite de boosters collector de Commander L\u00e9gendes : la bataille de la Porte de Baldur &#8211; FR"}]},{"@type":"WebSite","@id":"https:\/\/worldsofmagic.net\/#website","url":"https:\/\/worldsofmagic.net\/","name":"Worlds Of Magic","description":"","publisher":{"@id":"https:\/\/worldsofmagic.net\/#organization"},"potentialAction":[{"@type":"SearchAction","target":{"@type":"EntryPoint","urlTemplate":"https:\/\/worldsofmagic.net\/?s={search_term_string}"},"query-input":{"@type":"PropertyValueSpecification","valueRequired":true,"valueName":"search_term_string"}}],"inLanguage":"fr-FR"},{"@type":"Organization","@id":"https:\/\/worldsofmagic.net\/#organization","name":"Worlds Of Magic","alternateName":"Worlds Of Magic","url":"https:\/\/worldsofmagic.net\/","logo":{"@type":"ImageObject","inLanguage":"fr-FR","@id":"https:\/\/worldsofmagic.net\/#\/schema\/logo\/image\/","url":"https:\/\/worldsofmagic.net\/wp-content\/uploads\/2024\/07\/image.png","contentUrl":"https:\/\/worldsofmagic.net\/wp-content\/uploads\/2024\/07\/image.png","width":1072,"height":341,"caption":"Worlds Of Magic"},"image":{"@id":"https:\/\/worldsofmagic.net\/#\/schema\/logo\/image\/"}}]}},"jetpack_sharing_enabled":true,"_links":{"self":[{"href":"https:\/\/worldsofmagic.net\/fr\/wp-json\/wp\/v2\/product\/1754"}],"collection":[{"href":"https:\/\/worldsofmagic.net\/fr\/wp-json\/wp\/v2\/product"}],"about":[{"href":"https:\/\/worldsofmagic.net\/fr\/wp-json\/wp\/v2\/types\/product"}],"replies":[{"embeddable":true,"href":"https:\/\/worldsofmagic.net\/fr\/wp-json\/wp\/v2\/comments?post=1754"}],"wp:featuredmedia":[{"embeddable":true,"href":"https:\/\/worldsofmagic.net\/fr\/wp-json\/wp\/v2\/media\/1755"}],"wp:attachment":[{"href":"https:\/\/worldsofmagic.net\/fr\/wp-json\/wp\/v2\/media?parent=1754"}],"wp:term":[{"taxonomy":"product_cat","embeddable":true,"href":"https:\/\/worldsofmagic.net\/fr\/wp-json\/wp\/v2\/product_cat?post=1754"},{"taxonomy":"product_tag","embeddable":true,"href":"https:\/\/worldsofmagic.net\/fr\/wp-json\/wp\/v2\/product_tag?post=1754"}],"curies":[{"name":"wp","href":"https:\/\/api.w.org\/{rel}","templated":true}]}}