{"id":1767,"date":"2024-10-27T12:56:56","date_gmt":"2024-10-27T12:56:56","guid":{"rendered":"https:\/\/worldsofmagic.net\/?post_type=product&#038;p=1767"},"modified":"2025-05-21T15:31:48","modified_gmt":"2025-05-21T15:31:48","slug":"duskmourn-house-of-horror-collector-booster-box","status":"publish","type":"product","link":"https:\/\/worldsofmagic.net\/fr\/produit\/duskmourn-house-of-horror-collector-booster-box\/","title":{"rendered":"Boite de 12 boosters collectors Mornebrune\ud83c\uddec\ud83c\udde7"},"content":{"rendered":"<ul class=\"a-unordered-list a-vertical a-spacing-mini\">\n<li class=\"a-spacing-mini\"><span class=\"a-list-item\"> COMBATTEZ POUR SURVIVRE DANS UNE MAISON DE CAUCHEMARS \u2014 Osez entrer dans Duskmourn, une maison enveloppant le plan qui pr\u00e9pare le terrain pour que les plus grandes peurs de votre adversaire prennent vie <\/span><\/li>\n<li class=\"a-spacing-mini\"><span class=\"a-list-item\"> DES TROUVAILLES \u00c9TONNANTES \u2014 Les boosters collector sont un raccourci vers les cartes les plus cool d&#039;un ensemble, avec des packs remplis de cartes rares, de cartes brillantes et de cartes sp\u00e9ciales \u00e0 cadre alternatif et \u00e0 illustration alternative <\/span><\/li>\n<li class=\"a-spacing-mini\"><span class=\"a-list-item\"> HORRIFIEZ VOS AMIS AVEC STYLE \u2014 Collectionnez plus de cartes Duskmourn : House of Horror difficiles \u00e0 trouver avec 5 cartes de raret\u00e9 rare ou sup\u00e9rieure et un total de 5 cartes \u00e0 bordure alternative dans chaque booster de collection <\/span><\/li>\n<li class=\"a-spacing-mini\"><span class=\"a-list-item\"> TRAITEMENTS EXCLUSIFS AUX COLLECTOR BOOSTER \u2014 Les Collector Boosters sont le seul endroit o\u00f9 vous pouvez trouver certains styles de cartes convoit\u00e9s, y compris la possibilit\u00e9 de cartes \u00e0 illustration \u00e9tendue ou m\u00eame une carte avec le traitement sp\u00e9cial Textured Foil Double Exposure <\/span><\/li>\n<li class=\"a-spacing-mini\"><span class=\"a-list-item\"> CONTENU DU BO\u00ceTIER DE BOOSTER COLLECTOR \u2014 12 boosters collector Duskmourn : La Maison de l&#039;Horreur, avec 15 cartes MTG dans chaque pack <\/span><\/li>\n<\/ul>","protected":false},"excerpt":{"rendered":"<p>COMBATTEZ POUR SURVIVRE DANS UNE MAISON DE CAUCHEMARS \u2014 Osez entrer dans Duskmourn, une maison enveloppant un plan qui plante le d\u00e9cor pour que les plus grandes peurs de votre adversaire prennent vie. DES TROUVAILLES \u00c9TONNANTES \u2014 Les boosters collector sont un raccourci vers les cartes les plus cool d&#039;un ensemble, avec des paquets remplis de cartes rares, de cartes brillantes et de cartes sp\u00e9ciales \u00e0 cadre alternatif et \u00e0 illustration alternative [\u2026]<\/p>","protected":false},"featured_media":1768,"comment_status":"open","ping_status":"closed","template":"","meta":[],"product_cat":[27,84,21],"product_tag":[],"class_list":{"0":"post-1767","1":"product","2":"type-product","3":"status-publish","4":"has-post-thumbnail","6":"product_cat-boosterboxes","7":"product_cat-english-boosterboxes","8":"product_cat-magic-the-gathering","9":"pa_language-english","10":"pa_mtg-edition-duskmourn-house-of-horror","12":"first","13":"instock","14":"purchasable","15":"product-type-simple"},"yoast_head":"<!-- This site is optimized with the Yoast SEO plugin v23.6 - https:\/\/yoast.com\/wordpress\/plugins\/seo\/ -->\n<title>\ud83c\uddec\ud83c\udde7Duskmourn: House of Horror Collector Booster Box - Worlds Of Magic<\/title>\n<meta name=\"robots\" content=\"index, follow, max-snippet:-1, max-image-preview:large, max-video-preview:-1\" \/>\n<link rel=\"canonical\" href=\"https:\/\/worldsofmagic.net\/fr\/produit\/duskmourn-house-of-horror-collector-booster-box\/\" \/>\n<meta property=\"og:locale\" content=\"fr_FR\" \/>\n<meta property=\"og:type\" content=\"article\" \/>\n<meta property=\"og:title\" content=\"\ud83c\uddec\ud83c\udde7Duskmourn: House of Horror Collector Booster Box - Worlds Of Magic\" \/>\n<meta property=\"og:description\" content=\"FIGHT TO SURVIVE IN A HOUSE OF NIGHTMARES\u2014Dare to enter Duskmourn, a plane-enveloping House that sets the scene for your opponent\u2019s greatest fears to come to life FRIGHTENINGLY GOOD FINDS\u2014Collector Boosters are a shortcut to the coolest cards in a set, with packs full of Rare cards, shiny foil cards, and special alt-art, alt-frame cards [&hellip;]\" \/>\n<meta property=\"og:url\" content=\"https:\/\/worldsofmagic.net\/fr\/produit\/duskmourn-house-of-horror-collector-booster-box\/\" \/>\n<meta property=\"og:site_name\" content=\"Worlds Of Magic\" \/>\n<meta property=\"article:modified_time\" content=\"2025-05-21T15:31:48+00:00\" \/>\n<meta property=\"og:image\" content=\"https:\/\/worldsofmagic.net\/wp-content\/uploads\/2024\/10\/Duskmourn-House-of-Horror-Collector-Booster-Box.png\" \/>\n\t<meta property=\"og:image:width\" content=\"300\" \/>\n\t<meta property=\"og:image:height\" content=\"300\" \/>\n\t<meta property=\"og:image:type\" content=\"image\/png\" \/>\n<meta name=\"twitter:card\" content=\"summary_large_image\" \/>\n<meta name=\"twitter:label1\" content=\"Dur\u00e9e de lecture estim\u00e9e\" \/>\n\t<meta name=\"twitter:data1\" content=\"1 minute\" \/>\n<script type=\"application\/ld+json\" class=\"yoast-schema-graph\">{\"@context\":\"https:\/\/schema.org\",\"@graph\":[{\"@type\":\"WebPage\",\"@id\":\"https:\/\/worldsofmagic.net\/product\/duskmourn-house-of-horror-collector-booster-box\/\",\"url\":\"https:\/\/worldsofmagic.net\/product\/duskmourn-house-of-horror-collector-booster-box\/\",\"name\":\"\ud83c\uddec\ud83c\udde7Duskmourn: House of Horror Collector Booster Box - Worlds Of Magic\",\"isPartOf\":{\"@id\":\"https:\/\/worldsofmagic.net\/#website\"},\"primaryImageOfPage\":{\"@id\":\"https:\/\/worldsofmagic.net\/product\/duskmourn-house-of-horror-collector-booster-box\/#primaryimage\"},\"image\":{\"@id\":\"https:\/\/worldsofmagic.net\/product\/duskmourn-house-of-horror-collector-booster-box\/#primaryimage\"},\"thumbnailUrl\":\"https:\/\/worldsofmagic.net\/wp-content\/uploads\/2024\/10\/Duskmourn-House-of-Horror-Collector-Booster-Box.png\",\"datePublished\":\"2024-10-27T12:56:56+00:00\",\"dateModified\":\"2025-05-21T15:31:48+00:00\",\"breadcrumb\":{\"@id\":\"https:\/\/worldsofmagic.net\/product\/duskmourn-house-of-horror-collector-booster-box\/#breadcrumb\"},\"inLanguage\":\"fr-FR\",\"potentialAction\":[{\"@type\":\"ReadAction\",\"target\":[\"https:\/\/worldsofmagic.net\/product\/duskmourn-house-of-horror-collector-booster-box\/\"]}]},{\"@type\":\"ImageObject\",\"inLanguage\":\"fr-FR\",\"@id\":\"https:\/\/worldsofmagic.net\/product\/duskmourn-house-of-horror-collector-booster-box\/#primaryimage\",\"url\":\"https:\/\/worldsofmagic.net\/wp-content\/uploads\/2024\/10\/Duskmourn-House-of-Horror-Collector-Booster-Box.png\",\"contentUrl\":\"https:\/\/worldsofmagic.net\/wp-content\/uploads\/2024\/10\/Duskmourn-House-of-Horror-Collector-Booster-Box.png\",\"width\":300,\"height\":300},{\"@type\":\"BreadcrumbList\",\"@id\":\"https:\/\/worldsofmagic.net\/product\/duskmourn-house-of-horror-collector-booster-box\/#breadcrumb\",\"itemListElement\":[{\"@type\":\"ListItem\",\"position\":1,\"name\":\"Accueil\",\"item\":\"https:\/\/worldsofmagic.net\/\"},{\"@type\":\"ListItem\",\"position\":2,\"name\":\"Shop\",\"item\":\"https:\/\/worldsofmagic.net\/shop\/\"},{\"@type\":\"ListItem\",\"position\":3,\"name\":\"\ud83c\uddec\ud83c\udde7Duskmourn: House of Horror Collector Booster Box\"}]},{\"@type\":\"WebSite\",\"@id\":\"https:\/\/worldsofmagic.net\/#website\",\"url\":\"https:\/\/worldsofmagic.net\/\",\"name\":\"Worlds Of Magic\",\"description\":\"\",\"publisher\":{\"@id\":\"https:\/\/worldsofmagic.net\/#organization\"},\"potentialAction\":[{\"@type\":\"SearchAction\",\"target\":{\"@type\":\"EntryPoint\",\"urlTemplate\":\"https:\/\/worldsofmagic.net\/?s={search_term_string}\"},\"query-input\":{\"@type\":\"PropertyValueSpecification\",\"valueRequired\":true,\"valueName\":\"search_term_string\"}}],\"inLanguage\":\"fr-FR\"},{\"@type\":\"Organization\",\"@id\":\"https:\/\/worldsofmagic.net\/#organization\",\"name\":\"Worlds Of Magic\",\"alternateName\":\"Worlds Of Magic\",\"url\":\"https:\/\/worldsofmagic.net\/\",\"logo\":{\"@type\":\"ImageObject\",\"inLanguage\":\"fr-FR\",\"@id\":\"https:\/\/worldsofmagic.net\/#\/schema\/logo\/image\/\",\"url\":\"https:\/\/worldsofmagic.net\/wp-content\/uploads\/2024\/07\/image.png\",\"contentUrl\":\"https:\/\/worldsofmagic.net\/wp-content\/uploads\/2024\/07\/image.png\",\"width\":1072,\"height\":341,\"caption\":\"Worlds Of Magic\"},\"image\":{\"@id\":\"https:\/\/worldsofmagic.net\/#\/schema\/logo\/image\/\"}}]}<\/script>\n<!-- \/ Yoast SEO plugin. -->","yoast_head_json":{"title":"\ud83c\uddec\ud83c\udde7Duskmourn: House of Horror Collector Booster Box - Worlds Of Magic","robots":{"index":"index","follow":"follow","max-snippet":"max-snippet:-1","max-image-preview":"max-image-preview:large","max-video-preview":"max-video-preview:-1"},"canonical":"https:\/\/worldsofmagic.net\/fr\/produit\/duskmourn-house-of-horror-collector-booster-box\/","og_locale":"fr_FR","og_type":"article","og_title":"\ud83c\uddec\ud83c\udde7Duskmourn: House of Horror Collector Booster Box - Worlds Of Magic","og_description":"FIGHT TO SURVIVE IN A HOUSE OF NIGHTMARES\u2014Dare to enter Duskmourn, a plane-enveloping House that sets the scene for your opponent\u2019s greatest fears to come to life FRIGHTENINGLY GOOD FINDS\u2014Collector Boosters are a shortcut to the coolest cards in a set, with packs full of Rare cards, shiny foil cards, and special alt-art, alt-frame cards [&hellip;]","og_url":"https:\/\/worldsofmagic.net\/fr\/produit\/duskmourn-house-of-horror-collector-booster-box\/","og_site_name":"Worlds Of Magic","article_modified_time":"2025-05-21T15:31:48+00:00","og_image":[{"width":300,"height":300,"url":"https:\/\/worldsofmagic.net\/wp-content\/uploads\/2024\/10\/Duskmourn-House-of-Horror-Collector-Booster-Box.png","type":"image\/png"}],"twitter_card":"summary_large_image","twitter_misc":{"Dur\u00e9e de lecture estim\u00e9e":"1 minute"},"schema":{"@context":"https:\/\/schema.org","@graph":[{"@type":"WebPage","@id":"https:\/\/worldsofmagic.net\/product\/duskmourn-house-of-horror-collector-booster-box\/","url":"https:\/\/worldsofmagic.net\/product\/duskmourn-house-of-horror-collector-booster-box\/","name":"\ud83c\uddec\ud83c\udde7Duskmourn: House of Horror Collector Booster Box - Worlds Of Magic","isPartOf":{"@id":"https:\/\/worldsofmagic.net\/#website"},"primaryImageOfPage":{"@id":"https:\/\/worldsofmagic.net\/product\/duskmourn-house-of-horror-collector-booster-box\/#primaryimage"},"image":{"@id":"https:\/\/worldsofmagic.net\/product\/duskmourn-house-of-horror-collector-booster-box\/#primaryimage"},"thumbnailUrl":"https:\/\/worldsofmagic.net\/wp-content\/uploads\/2024\/10\/Duskmourn-House-of-Horror-Collector-Booster-Box.png","datePublished":"2024-10-27T12:56:56+00:00","dateModified":"2025-05-21T15:31:48+00:00","breadcrumb":{"@id":"https:\/\/worldsofmagic.net\/product\/duskmourn-house-of-horror-collector-booster-box\/#breadcrumb"},"inLanguage":"fr-FR","potentialAction":[{"@type":"ReadAction","target":["https:\/\/worldsofmagic.net\/product\/duskmourn-house-of-horror-collector-booster-box\/"]}]},{"@type":"ImageObject","inLanguage":"fr-FR","@id":"https:\/\/worldsofmagic.net\/product\/duskmourn-house-of-horror-collector-booster-box\/#primaryimage","url":"https:\/\/worldsofmagic.net\/wp-content\/uploads\/2024\/10\/Duskmourn-House-of-Horror-Collector-Booster-Box.png","contentUrl":"https:\/\/worldsofmagic.net\/wp-content\/uploads\/2024\/10\/Duskmourn-House-of-Horror-Collector-Booster-Box.png","width":300,"height":300},{"@type":"BreadcrumbList","@id":"https:\/\/worldsofmagic.net\/product\/duskmourn-house-of-horror-collector-booster-box\/#breadcrumb","itemListElement":[{"@type":"ListItem","position":1,"name":"Accueil","item":"https:\/\/worldsofmagic.net\/"},{"@type":"ListItem","position":2,"name":"Shop","item":"https:\/\/worldsofmagic.net\/shop\/"},{"@type":"ListItem","position":3,"name":"\ud83c\uddec\ud83c\udde7Duskmourn: House of Horror Collector Booster Box"}]},{"@type":"WebSite","@id":"https:\/\/worldsofmagic.net\/#website","url":"https:\/\/worldsofmagic.net\/","name":"Worlds Of Magic","description":"","publisher":{"@id":"https:\/\/worldsofmagic.net\/#organization"},"potentialAction":[{"@type":"SearchAction","target":{"@type":"EntryPoint","urlTemplate":"https:\/\/worldsofmagic.net\/?s={search_term_string}"},"query-input":{"@type":"PropertyValueSpecification","valueRequired":true,"valueName":"search_term_string"}}],"inLanguage":"fr-FR"},{"@type":"Organization","@id":"https:\/\/worldsofmagic.net\/#organization","name":"Worlds Of Magic","alternateName":"Worlds Of Magic","url":"https:\/\/worldsofmagic.net\/","logo":{"@type":"ImageObject","inLanguage":"fr-FR","@id":"https:\/\/worldsofmagic.net\/#\/schema\/logo\/image\/","url":"https:\/\/worldsofmagic.net\/wp-content\/uploads\/2024\/07\/image.png","contentUrl":"https:\/\/worldsofmagic.net\/wp-content\/uploads\/2024\/07\/image.png","width":1072,"height":341,"caption":"Worlds Of Magic"},"image":{"@id":"https:\/\/worldsofmagic.net\/#\/schema\/logo\/image\/"}}]}},"jetpack_sharing_enabled":true,"_links":{"self":[{"href":"https:\/\/worldsofmagic.net\/fr\/wp-json\/wp\/v2\/product\/1767"}],"collection":[{"href":"https:\/\/worldsofmagic.net\/fr\/wp-json\/wp\/v2\/product"}],"about":[{"href":"https:\/\/worldsofmagic.net\/fr\/wp-json\/wp\/v2\/types\/product"}],"replies":[{"embeddable":true,"href":"https:\/\/worldsofmagic.net\/fr\/wp-json\/wp\/v2\/comments?post=1767"}],"wp:featuredmedia":[{"embeddable":true,"href":"https:\/\/worldsofmagic.net\/fr\/wp-json\/wp\/v2\/media\/1768"}],"wp:attachment":[{"href":"https:\/\/worldsofmagic.net\/fr\/wp-json\/wp\/v2\/media?parent=1767"}],"wp:term":[{"taxonomy":"product_cat","embeddable":true,"href":"https:\/\/worldsofmagic.net\/fr\/wp-json\/wp\/v2\/product_cat?post=1767"},{"taxonomy":"product_tag","embeddable":true,"href":"https:\/\/worldsofmagic.net\/fr\/wp-json\/wp\/v2\/product_tag?post=1767"}],"curies":[{"name":"wp","href":"https:\/\/api.w.org\/{rel}","templated":true}]}}