{"id":1780,"date":"2024-10-27T13:41:00","date_gmt":"2024-10-27T13:41:00","guid":{"rendered":"https:\/\/worldsofmagic.net\/?post_type=product&#038;p=1780"},"modified":"2025-01-26T16:55:25","modified_gmt":"2025-01-26T16:55:25","slug":"universes-beyond-assassins-creed-collector-booster-box","status":"publish","type":"product","link":"https:\/\/worldsofmagic.net\/fr\/produit\/universes-beyond-assassins-creed-collector-booster-box\/","title":{"rendered":"ASSASSIN'S CREED - BO\u00ceTE DE 12 BOOSTERS COLLECTOR\ud83c\uddec\ud83c\udde7"},"content":{"rendered":"<div class=\"shortdesc\">\n<ul>\n<li>\u00c9QUIPEZ-VOUS COMME UN MA\u00ceTRE ASSASSIN \u2013 Ouvrez douze boosters collector de 10 cartes remplis de cartes brillantes, de cartes rares et de cartes sp\u00e9ciales Assassin&#039;s Creed alt-art et alt-frame<\/li>\n<li>PASSEZ DANS L&#039;HISTOIRE \u2013 Assassin&#039;s Creed sort de l&#039;ombre pour rejoindre Magic: The Gathering ! Parcourez librement des lieux antiques avec vos Assassins pr\u00e9f\u00e9r\u00e9s, \u00e9quipez-vous d&#039;armes mortelles et assurez-vous que vos cibles appartiennent \u00e0 l&#039;histoire<\/li>\n<li>FAITES UN ACTE DE FOI \u2013 Apportez la s\u00e9rie de jeux vid\u00e9o bien-aim\u00e9e sur votre table avec de nouveaux graphismes et des m\u00e9canismes de jeu th\u00e9matiques qui raviront \u00e0 coup s\u00fbr les fans d&#039;Assassin&#039;s Creed et de Magic<\/li>\n<li>TRAQUEZ LES RELIQUES INSASIVES \u2013 Collectionnez des cartes avec des traitements brillants exclusifs au booster Collector ; chaque pack contient 2 cartes grav\u00e9es \u00e0 la feuille et peut m\u00eame inclure une carte textur\u00e9e \u00e0 la feuille ou une carte unique s\u00e9rialis\u00e9e \u00e0 la feuille Double Rainbow<\/li>\n<li>CARTE SANS BORDURE ET \u00c0 ART \u00c9TENDU DANS CHAQUE PACK \u2013 Avec un superbe art s&#039;\u00e9tendant jusqu&#039;au bord de la carte, chaque booster de collection contient 1 \u00e0 2 cartes \u00e0 art \u00e9tendu (une exclusivit\u00e9 du booster de collection) et 1 \u00e0 3 cartes sans bordure qui vous donneront une vue artistique alternative de l&#039;histoire<\/li>\n<li>JOUEZ \u00c0 UN JEU QUI FUSIONNE L&#039;ART, LES HISTOIRES ET LA STRAT\u00c9GIE - Magic: The Gathering est un jeu de cartes \u00e0 collectionner qui allie une strat\u00e9gie approfondie \u00e0 l&#039;art et aux m\u00e9canismes qui explorent les th\u00e8mes d&#039;un monde et d&#039;une histoire particuliers. Que vous souhaitiez jouer \u00e0 un jeu occasionnel avec des amis, collectionner des cartes cool ou devenir comp\u00e9titif, Magic vous accueille dans The Gathering<\/li>\n<li>CONTENU \u2013 12 boosters collector Magic: The Gathering \u2013 Assassin&#039;s Creed, avec 10 cartes MTG dans chaque pack<\/li>\n<\/ul>\n<\/div>","protected":false},"excerpt":{"rendered":"<p>\u00c9QUIPEZ-VOUS COMME UN MA\u00ceTRE ASSASSIN \u2013 Ouvrez douze boosters collector de 10 cartes remplis de cartes brillantes, de cartes rares et de cartes sp\u00e9ciales Assassin&#039;s Creed alt-art et alt-frame. PASSEZ DANS L&#039;HISTOIRE \u2013 Assassin&#039;s Creed sort de l&#039;ombre pour rejoindre Magic: The Gathering ! Parcourez librement des lieux anciens avec vos Assassins pr\u00e9f\u00e9r\u00e9s, \u00e9quipez-vous d&#039;armes mortelles et assurez-vous que votre [\u2026]<\/p>","protected":false},"featured_media":1781,"comment_status":"open","ping_status":"closed","template":"","meta":[],"product_cat":[27,84,21],"product_tag":[],"class_list":{"0":"post-1780","1":"product","2":"type-product","3":"status-publish","4":"has-post-thumbnail","6":"product_cat-boosterboxes","7":"product_cat-english-boosterboxes","8":"product_cat-magic-the-gathering","9":"pa_language-english","10":"pa_mtg-edition-universes-beyond-assassins-creed","12":"first","13":"outofstock","14":"purchasable","15":"product-type-simple"},"yoast_head":"<!-- This site is optimized with the Yoast SEO plugin v23.6 - https:\/\/yoast.com\/wordpress\/plugins\/seo\/ -->\n<title>\ud83c\uddec\ud83c\udde7Universes Beyond: Assassin&#039;s Creed Collector Booster Box - Worlds Of Magic<\/title>\n<meta name=\"robots\" content=\"index, follow, max-snippet:-1, max-image-preview:large, max-video-preview:-1\" \/>\n<link rel=\"canonical\" href=\"https:\/\/worldsofmagic.net\/fr\/produit\/universes-beyond-assassins-creed-collector-booster-box\/\" \/>\n<meta property=\"og:locale\" content=\"fr_FR\" \/>\n<meta property=\"og:type\" content=\"article\" \/>\n<meta property=\"og:title\" content=\"\ud83c\uddec\ud83c\udde7Universes Beyond: Assassin&#039;s Creed Collector Booster Box - Worlds Of Magic\" \/>\n<meta property=\"og:description\" content=\"GET DECKED OUT LIKE A MASTER ASSASSIN &#8211; Open twelve 10-Card Collector Boosters full of shining foils, Rare cards, and special Assassin\u2019s Creed alt-art, alt-frame cards LEAP INTO HISTORY &#8211; Assassin\u2019s Creed emerges from the shadows to join Magic: The Gathering! Freerun through ancient locales with your favorite Assassins, equip deadly weapons, and ensure your [&hellip;]\" \/>\n<meta property=\"og:url\" content=\"https:\/\/worldsofmagic.net\/fr\/produit\/universes-beyond-assassins-creed-collector-booster-box\/\" \/>\n<meta property=\"og:site_name\" content=\"Worlds Of Magic\" \/>\n<meta property=\"article:modified_time\" content=\"2025-01-26T16:55:25+00:00\" \/>\n<meta property=\"og:image\" content=\"https:\/\/worldsofmagic.net\/wp-content\/uploads\/2024\/10\/Universes-BeyondAssassins-Creed-Collector-Booster-Box.png\" \/>\n\t<meta property=\"og:image:width\" content=\"300\" \/>\n\t<meta property=\"og:image:height\" content=\"300\" \/>\n\t<meta property=\"og:image:type\" content=\"image\/png\" \/>\n<meta name=\"twitter:card\" content=\"summary_large_image\" \/>\n<meta name=\"twitter:label1\" content=\"Dur\u00e9e de lecture estim\u00e9e\" \/>\n\t<meta name=\"twitter:data1\" content=\"2 minutes\" \/>\n<script type=\"application\/ld+json\" class=\"yoast-schema-graph\">{\"@context\":\"https:\/\/schema.org\",\"@graph\":[{\"@type\":\"WebPage\",\"@id\":\"https:\/\/worldsofmagic.net\/product\/universes-beyond-assassins-creed-collector-booster-box\/\",\"url\":\"https:\/\/worldsofmagic.net\/product\/universes-beyond-assassins-creed-collector-booster-box\/\",\"name\":\"\ud83c\uddec\ud83c\udde7Universes Beyond: Assassin's Creed Collector Booster Box - Worlds Of Magic\",\"isPartOf\":{\"@id\":\"https:\/\/worldsofmagic.net\/#website\"},\"primaryImageOfPage\":{\"@id\":\"https:\/\/worldsofmagic.net\/product\/universes-beyond-assassins-creed-collector-booster-box\/#primaryimage\"},\"image\":{\"@id\":\"https:\/\/worldsofmagic.net\/product\/universes-beyond-assassins-creed-collector-booster-box\/#primaryimage\"},\"thumbnailUrl\":\"https:\/\/worldsofmagic.net\/wp-content\/uploads\/2024\/10\/Universes-BeyondAssassins-Creed-Collector-Booster-Box.png\",\"datePublished\":\"2024-10-27T13:41:00+00:00\",\"dateModified\":\"2025-01-26T16:55:25+00:00\",\"breadcrumb\":{\"@id\":\"https:\/\/worldsofmagic.net\/product\/universes-beyond-assassins-creed-collector-booster-box\/#breadcrumb\"},\"inLanguage\":\"fr-FR\",\"potentialAction\":[{\"@type\":\"ReadAction\",\"target\":[\"https:\/\/worldsofmagic.net\/product\/universes-beyond-assassins-creed-collector-booster-box\/\"]}]},{\"@type\":\"ImageObject\",\"inLanguage\":\"fr-FR\",\"@id\":\"https:\/\/worldsofmagic.net\/product\/universes-beyond-assassins-creed-collector-booster-box\/#primaryimage\",\"url\":\"https:\/\/worldsofmagic.net\/wp-content\/uploads\/2024\/10\/Universes-BeyondAssassins-Creed-Collector-Booster-Box.png\",\"contentUrl\":\"https:\/\/worldsofmagic.net\/wp-content\/uploads\/2024\/10\/Universes-BeyondAssassins-Creed-Collector-Booster-Box.png\",\"width\":300,\"height\":300},{\"@type\":\"BreadcrumbList\",\"@id\":\"https:\/\/worldsofmagic.net\/product\/universes-beyond-assassins-creed-collector-booster-box\/#breadcrumb\",\"itemListElement\":[{\"@type\":\"ListItem\",\"position\":1,\"name\":\"Accueil\",\"item\":\"https:\/\/worldsofmagic.net\/\"},{\"@type\":\"ListItem\",\"position\":2,\"name\":\"Shop\",\"item\":\"https:\/\/worldsofmagic.net\/shop\/\"},{\"@type\":\"ListItem\",\"position\":3,\"name\":\"\ud83c\uddec\ud83c\udde7Universes Beyond: Assassin&#8217;s Creed Collector Booster Box\"}]},{\"@type\":\"WebSite\",\"@id\":\"https:\/\/worldsofmagic.net\/#website\",\"url\":\"https:\/\/worldsofmagic.net\/\",\"name\":\"Worlds Of Magic\",\"description\":\"\",\"publisher\":{\"@id\":\"https:\/\/worldsofmagic.net\/#organization\"},\"potentialAction\":[{\"@type\":\"SearchAction\",\"target\":{\"@type\":\"EntryPoint\",\"urlTemplate\":\"https:\/\/worldsofmagic.net\/?s={search_term_string}\"},\"query-input\":{\"@type\":\"PropertyValueSpecification\",\"valueRequired\":true,\"valueName\":\"search_term_string\"}}],\"inLanguage\":\"fr-FR\"},{\"@type\":\"Organization\",\"@id\":\"https:\/\/worldsofmagic.net\/#organization\",\"name\":\"Worlds Of Magic\",\"alternateName\":\"Worlds Of Magic\",\"url\":\"https:\/\/worldsofmagic.net\/\",\"logo\":{\"@type\":\"ImageObject\",\"inLanguage\":\"fr-FR\",\"@id\":\"https:\/\/worldsofmagic.net\/#\/schema\/logo\/image\/\",\"url\":\"https:\/\/worldsofmagic.net\/wp-content\/uploads\/2024\/07\/image.png\",\"contentUrl\":\"https:\/\/worldsofmagic.net\/wp-content\/uploads\/2024\/07\/image.png\",\"width\":1072,\"height\":341,\"caption\":\"Worlds Of Magic\"},\"image\":{\"@id\":\"https:\/\/worldsofmagic.net\/#\/schema\/logo\/image\/\"}}]}<\/script>\n<!-- \/ Yoast SEO plugin. -->","yoast_head_json":{"title":"\ud83c\uddec\ud83c\udde7Universes Beyond: Assassin's Creed Collector Booster Box - Worlds Of Magic","robots":{"index":"index","follow":"follow","max-snippet":"max-snippet:-1","max-image-preview":"max-image-preview:large","max-video-preview":"max-video-preview:-1"},"canonical":"https:\/\/worldsofmagic.net\/fr\/produit\/universes-beyond-assassins-creed-collector-booster-box\/","og_locale":"fr_FR","og_type":"article","og_title":"\ud83c\uddec\ud83c\udde7Universes Beyond: Assassin's Creed Collector Booster Box - Worlds Of Magic","og_description":"GET DECKED OUT LIKE A MASTER ASSASSIN &#8211; Open twelve 10-Card Collector Boosters full of shining foils, Rare cards, and special Assassin\u2019s Creed alt-art, alt-frame cards LEAP INTO HISTORY &#8211; Assassin\u2019s Creed emerges from the shadows to join Magic: The Gathering! Freerun through ancient locales with your favorite Assassins, equip deadly weapons, and ensure your [&hellip;]","og_url":"https:\/\/worldsofmagic.net\/fr\/produit\/universes-beyond-assassins-creed-collector-booster-box\/","og_site_name":"Worlds Of Magic","article_modified_time":"2025-01-26T16:55:25+00:00","og_image":[{"width":300,"height":300,"url":"https:\/\/worldsofmagic.net\/wp-content\/uploads\/2024\/10\/Universes-BeyondAssassins-Creed-Collector-Booster-Box.png","type":"image\/png"}],"twitter_card":"summary_large_image","twitter_misc":{"Dur\u00e9e de lecture estim\u00e9e":"2 minutes"},"schema":{"@context":"https:\/\/schema.org","@graph":[{"@type":"WebPage","@id":"https:\/\/worldsofmagic.net\/product\/universes-beyond-assassins-creed-collector-booster-box\/","url":"https:\/\/worldsofmagic.net\/product\/universes-beyond-assassins-creed-collector-booster-box\/","name":"\ud83c\uddec\ud83c\udde7Universes Beyond: Assassin's Creed Collector Booster Box - Worlds Of Magic","isPartOf":{"@id":"https:\/\/worldsofmagic.net\/#website"},"primaryImageOfPage":{"@id":"https:\/\/worldsofmagic.net\/product\/universes-beyond-assassins-creed-collector-booster-box\/#primaryimage"},"image":{"@id":"https:\/\/worldsofmagic.net\/product\/universes-beyond-assassins-creed-collector-booster-box\/#primaryimage"},"thumbnailUrl":"https:\/\/worldsofmagic.net\/wp-content\/uploads\/2024\/10\/Universes-BeyondAssassins-Creed-Collector-Booster-Box.png","datePublished":"2024-10-27T13:41:00+00:00","dateModified":"2025-01-26T16:55:25+00:00","breadcrumb":{"@id":"https:\/\/worldsofmagic.net\/product\/universes-beyond-assassins-creed-collector-booster-box\/#breadcrumb"},"inLanguage":"fr-FR","potentialAction":[{"@type":"ReadAction","target":["https:\/\/worldsofmagic.net\/product\/universes-beyond-assassins-creed-collector-booster-box\/"]}]},{"@type":"ImageObject","inLanguage":"fr-FR","@id":"https:\/\/worldsofmagic.net\/product\/universes-beyond-assassins-creed-collector-booster-box\/#primaryimage","url":"https:\/\/worldsofmagic.net\/wp-content\/uploads\/2024\/10\/Universes-BeyondAssassins-Creed-Collector-Booster-Box.png","contentUrl":"https:\/\/worldsofmagic.net\/wp-content\/uploads\/2024\/10\/Universes-BeyondAssassins-Creed-Collector-Booster-Box.png","width":300,"height":300},{"@type":"BreadcrumbList","@id":"https:\/\/worldsofmagic.net\/product\/universes-beyond-assassins-creed-collector-booster-box\/#breadcrumb","itemListElement":[{"@type":"ListItem","position":1,"name":"Accueil","item":"https:\/\/worldsofmagic.net\/"},{"@type":"ListItem","position":2,"name":"Shop","item":"https:\/\/worldsofmagic.net\/shop\/"},{"@type":"ListItem","position":3,"name":"\ud83c\uddec\ud83c\udde7Universes Beyond: Assassin&#8217;s Creed Collector Booster Box"}]},{"@type":"WebSite","@id":"https:\/\/worldsofmagic.net\/#website","url":"https:\/\/worldsofmagic.net\/","name":"Worlds Of Magic","description":"","publisher":{"@id":"https:\/\/worldsofmagic.net\/#organization"},"potentialAction":[{"@type":"SearchAction","target":{"@type":"EntryPoint","urlTemplate":"https:\/\/worldsofmagic.net\/?s={search_term_string}"},"query-input":{"@type":"PropertyValueSpecification","valueRequired":true,"valueName":"search_term_string"}}],"inLanguage":"fr-FR"},{"@type":"Organization","@id":"https:\/\/worldsofmagic.net\/#organization","name":"Worlds Of Magic","alternateName":"Worlds Of Magic","url":"https:\/\/worldsofmagic.net\/","logo":{"@type":"ImageObject","inLanguage":"fr-FR","@id":"https:\/\/worldsofmagic.net\/#\/schema\/logo\/image\/","url":"https:\/\/worldsofmagic.net\/wp-content\/uploads\/2024\/07\/image.png","contentUrl":"https:\/\/worldsofmagic.net\/wp-content\/uploads\/2024\/07\/image.png","width":1072,"height":341,"caption":"Worlds Of Magic"},"image":{"@id":"https:\/\/worldsofmagic.net\/#\/schema\/logo\/image\/"}}]}},"jetpack_sharing_enabled":true,"_links":{"self":[{"href":"https:\/\/worldsofmagic.net\/fr\/wp-json\/wp\/v2\/product\/1780"}],"collection":[{"href":"https:\/\/worldsofmagic.net\/fr\/wp-json\/wp\/v2\/product"}],"about":[{"href":"https:\/\/worldsofmagic.net\/fr\/wp-json\/wp\/v2\/types\/product"}],"replies":[{"embeddable":true,"href":"https:\/\/worldsofmagic.net\/fr\/wp-json\/wp\/v2\/comments?post=1780"}],"wp:featuredmedia":[{"embeddable":true,"href":"https:\/\/worldsofmagic.net\/fr\/wp-json\/wp\/v2\/media\/1781"}],"wp:attachment":[{"href":"https:\/\/worldsofmagic.net\/fr\/wp-json\/wp\/v2\/media?parent=1780"}],"wp:term":[{"taxonomy":"product_cat","embeddable":true,"href":"https:\/\/worldsofmagic.net\/fr\/wp-json\/wp\/v2\/product_cat?post=1780"},{"taxonomy":"product_tag","embeddable":true,"href":"https:\/\/worldsofmagic.net\/fr\/wp-json\/wp\/v2\/product_tag?post=1780"}],"curies":[{"name":"wp","href":"https:\/\/api.w.org\/{rel}","templated":true}]}}