{"id":1784,"date":"2024-10-27T13:52:55","date_gmt":"2024-10-27T13:52:55","guid":{"rendered":"https:\/\/worldsofmagic.net\/?post_type=product&#038;p=1784"},"modified":"2025-01-20T13:33:56","modified_gmt":"2025-01-20T13:33:56","slug":"commander-masters-collector-booster-box","status":"publish","type":"product","link":"https:\/\/worldsofmagic.net\/fr\/produit\/commander-masters-collector-booster-box\/","title":{"rendered":"Boite de boosters collector Commander Masters\ud83c\uddec\ud83c\udde7"},"content":{"rendered":"<h3>Chaque booster pack collector Commander Masters contient\u00a0:<\/h3>\n<ul>\n<li>1 carte rare ou mythique traditionnelle sans bordure en aluminium ou textur\u00e9e sans bordure en aluminium<\/li>\n<li>1 carte rare ou rare mythique grav\u00e9e en feuille<\/li>\n<li>1 carte rare ou rare mythique traditionnelle \u00e0 illustration \u00e9tendue, de type Foil ou Non Foil, issue des decks Commander<\/li>\n<li>1 carte rare ou rare mythique sans bordure non-foli\u00e9e<\/li>\n<li>1 carte rare traditionnelle ou carte rare mythique<\/li>\n<li>1 feuille traditionnelle sans bordure commune ou peu commune<\/li>\n<li>2 cartes communes ou peu communes sans bordure non-foil<\/li>\n<li>2 cartes traditionnelles peu communes en aluminium<\/li>\n<li>4 Communes traditionnelles en aluminium<\/li>\n<li>1 terrain de base r\u00e9tro traditionnel en aluminium<\/li>\n<li>1 jeton traditionnel double face en aluminium<\/li>\n<\/ul>","protected":false},"excerpt":{"rendered":"<p>Chaque booster collector Commander Masters contient : 1 carte rare ou rare mythique traditionnelle sans bordure ou textur\u00e9e sans bordure, 1 carte rare ou rare mythique grav\u00e9e en feuille, 1 carte rare ou rare mythique traditionnelle avec illustration \u00e9tendue, ou rare mythique, feuille ou non, des decks Commander, 1 carte rare ou rare mythique non-feuille sans bordure, ou rare mythique, 1 carte rare ou rare mythique traditionnelle [\u2026]<\/p>","protected":false},"featured_media":1785,"comment_status":"open","ping_status":"closed","template":"","meta":[],"product_cat":[27,84,21],"product_tag":[],"class_list":{"0":"post-1784","1":"product","2":"type-product","3":"status-publish","4":"has-post-thumbnail","6":"product_cat-boosterboxes","7":"product_cat-english-boosterboxes","8":"product_cat-magic-the-gathering","9":"pa_language-english","10":"pa_mtg-edition-commander-masters","12":"first","13":"instock","14":"purchasable","15":"product-type-simple"},"yoast_head":"<!-- This site is optimized with the Yoast SEO plugin v23.6 - https:\/\/yoast.com\/wordpress\/plugins\/seo\/ -->\n<title>\ud83c\uddec\ud83c\udde7Commander Masters Collector Booster Box - Worlds Of Magic<\/title>\n<meta name=\"robots\" content=\"index, follow, max-snippet:-1, max-image-preview:large, max-video-preview:-1\" \/>\n<link rel=\"canonical\" href=\"https:\/\/worldsofmagic.net\/fr\/produit\/commander-masters-collector-booster-box\/\" \/>\n<meta property=\"og:locale\" content=\"fr_FR\" \/>\n<meta property=\"og:type\" content=\"article\" \/>\n<meta property=\"og:title\" content=\"\ud83c\uddec\ud83c\udde7Commander Masters Collector Booster Box - Worlds Of Magic\" \/>\n<meta property=\"og:description\" content=\"Each Commander Masters Collector Booster Pack contains: 1 Traditional Foil Borderless or Textured Foil Borderless Rare or Mythic Rare 1 Foil-Etched Rare or Mythic Rare 1 Traditional Foil or Nonfoil Extended-Art Rare or Mythic Rare from the Commander Decks 1 Nonfoil Borderless Rare or Mythic Rare 1 Traditional Foil Rare or Mythic Rare 1 Traditional [&hellip;]\" \/>\n<meta property=\"og:url\" content=\"https:\/\/worldsofmagic.net\/fr\/produit\/commander-masters-collector-booster-box\/\" \/>\n<meta property=\"og:site_name\" content=\"Worlds Of Magic\" \/>\n<meta property=\"article:modified_time\" content=\"2025-01-20T13:33:56+00:00\" \/>\n<meta property=\"og:image\" content=\"https:\/\/worldsofmagic.net\/wp-content\/uploads\/2024\/10\/Commander-Masters-Collector-Booster-Box.png\" \/>\n\t<meta property=\"og:image:width\" content=\"300\" \/>\n\t<meta property=\"og:image:height\" content=\"300\" \/>\n\t<meta property=\"og:image:type\" content=\"image\/png\" \/>\n<meta name=\"twitter:card\" content=\"summary_large_image\" \/>\n<meta name=\"twitter:label1\" content=\"Dur\u00e9e de lecture estim\u00e9e\" \/>\n\t<meta name=\"twitter:data1\" content=\"1 minute\" \/>\n<script type=\"application\/ld+json\" class=\"yoast-schema-graph\">{\"@context\":\"https:\/\/schema.org\",\"@graph\":[{\"@type\":\"WebPage\",\"@id\":\"https:\/\/worldsofmagic.net\/product\/commander-masters-collector-booster-box\/\",\"url\":\"https:\/\/worldsofmagic.net\/product\/commander-masters-collector-booster-box\/\",\"name\":\"\ud83c\uddec\ud83c\udde7Commander Masters Collector Booster Box - Worlds Of Magic\",\"isPartOf\":{\"@id\":\"https:\/\/worldsofmagic.net\/#website\"},\"primaryImageOfPage\":{\"@id\":\"https:\/\/worldsofmagic.net\/product\/commander-masters-collector-booster-box\/#primaryimage\"},\"image\":{\"@id\":\"https:\/\/worldsofmagic.net\/product\/commander-masters-collector-booster-box\/#primaryimage\"},\"thumbnailUrl\":\"https:\/\/worldsofmagic.net\/wp-content\/uploads\/2024\/10\/Commander-Masters-Collector-Booster-Box.png\",\"datePublished\":\"2024-10-27T13:52:55+00:00\",\"dateModified\":\"2025-01-20T13:33:56+00:00\",\"breadcrumb\":{\"@id\":\"https:\/\/worldsofmagic.net\/product\/commander-masters-collector-booster-box\/#breadcrumb\"},\"inLanguage\":\"fr-FR\",\"potentialAction\":[{\"@type\":\"ReadAction\",\"target\":[\"https:\/\/worldsofmagic.net\/product\/commander-masters-collector-booster-box\/\"]}]},{\"@type\":\"ImageObject\",\"inLanguage\":\"fr-FR\",\"@id\":\"https:\/\/worldsofmagic.net\/product\/commander-masters-collector-booster-box\/#primaryimage\",\"url\":\"https:\/\/worldsofmagic.net\/wp-content\/uploads\/2024\/10\/Commander-Masters-Collector-Booster-Box.png\",\"contentUrl\":\"https:\/\/worldsofmagic.net\/wp-content\/uploads\/2024\/10\/Commander-Masters-Collector-Booster-Box.png\",\"width\":300,\"height\":300,\"caption\":\"Commander Masters Collector Booster Box\"},{\"@type\":\"BreadcrumbList\",\"@id\":\"https:\/\/worldsofmagic.net\/product\/commander-masters-collector-booster-box\/#breadcrumb\",\"itemListElement\":[{\"@type\":\"ListItem\",\"position\":1,\"name\":\"Accueil\",\"item\":\"https:\/\/worldsofmagic.net\/\"},{\"@type\":\"ListItem\",\"position\":2,\"name\":\"Shop\",\"item\":\"https:\/\/worldsofmagic.net\/shop\/\"},{\"@type\":\"ListItem\",\"position\":3,\"name\":\"\ud83c\uddec\ud83c\udde7Commander Masters Collector Booster Box\"}]},{\"@type\":\"WebSite\",\"@id\":\"https:\/\/worldsofmagic.net\/#website\",\"url\":\"https:\/\/worldsofmagic.net\/\",\"name\":\"Worlds Of Magic\",\"description\":\"\",\"publisher\":{\"@id\":\"https:\/\/worldsofmagic.net\/#organization\"},\"potentialAction\":[{\"@type\":\"SearchAction\",\"target\":{\"@type\":\"EntryPoint\",\"urlTemplate\":\"https:\/\/worldsofmagic.net\/?s={search_term_string}\"},\"query-input\":{\"@type\":\"PropertyValueSpecification\",\"valueRequired\":true,\"valueName\":\"search_term_string\"}}],\"inLanguage\":\"fr-FR\"},{\"@type\":\"Organization\",\"@id\":\"https:\/\/worldsofmagic.net\/#organization\",\"name\":\"Worlds Of Magic\",\"alternateName\":\"Worlds Of Magic\",\"url\":\"https:\/\/worldsofmagic.net\/\",\"logo\":{\"@type\":\"ImageObject\",\"inLanguage\":\"fr-FR\",\"@id\":\"https:\/\/worldsofmagic.net\/#\/schema\/logo\/image\/\",\"url\":\"https:\/\/worldsofmagic.net\/wp-content\/uploads\/2024\/07\/image.png\",\"contentUrl\":\"https:\/\/worldsofmagic.net\/wp-content\/uploads\/2024\/07\/image.png\",\"width\":1072,\"height\":341,\"caption\":\"Worlds Of Magic\"},\"image\":{\"@id\":\"https:\/\/worldsofmagic.net\/#\/schema\/logo\/image\/\"}}]}<\/script>\n<!-- \/ Yoast SEO plugin. -->","yoast_head_json":{"title":"\ud83c\uddec\ud83c\udde7Commander Masters Collector Booster Box - Worlds Of Magic","robots":{"index":"index","follow":"follow","max-snippet":"max-snippet:-1","max-image-preview":"max-image-preview:large","max-video-preview":"max-video-preview:-1"},"canonical":"https:\/\/worldsofmagic.net\/fr\/produit\/commander-masters-collector-booster-box\/","og_locale":"fr_FR","og_type":"article","og_title":"\ud83c\uddec\ud83c\udde7Commander Masters Collector Booster Box - Worlds Of Magic","og_description":"Each Commander Masters Collector Booster Pack contains: 1 Traditional Foil Borderless or Textured Foil Borderless Rare or Mythic Rare 1 Foil-Etched Rare or Mythic Rare 1 Traditional Foil or Nonfoil Extended-Art Rare or Mythic Rare from the Commander Decks 1 Nonfoil Borderless Rare or Mythic Rare 1 Traditional Foil Rare or Mythic Rare 1 Traditional [&hellip;]","og_url":"https:\/\/worldsofmagic.net\/fr\/produit\/commander-masters-collector-booster-box\/","og_site_name":"Worlds Of Magic","article_modified_time":"2025-01-20T13:33:56+00:00","og_image":[{"width":300,"height":300,"url":"https:\/\/worldsofmagic.net\/wp-content\/uploads\/2024\/10\/Commander-Masters-Collector-Booster-Box.png","type":"image\/png"}],"twitter_card":"summary_large_image","twitter_misc":{"Dur\u00e9e de lecture estim\u00e9e":"1 minute"},"schema":{"@context":"https:\/\/schema.org","@graph":[{"@type":"WebPage","@id":"https:\/\/worldsofmagic.net\/product\/commander-masters-collector-booster-box\/","url":"https:\/\/worldsofmagic.net\/product\/commander-masters-collector-booster-box\/","name":"\ud83c\uddec\ud83c\udde7Commander Masters Collector Booster Box - Worlds Of Magic","isPartOf":{"@id":"https:\/\/worldsofmagic.net\/#website"},"primaryImageOfPage":{"@id":"https:\/\/worldsofmagic.net\/product\/commander-masters-collector-booster-box\/#primaryimage"},"image":{"@id":"https:\/\/worldsofmagic.net\/product\/commander-masters-collector-booster-box\/#primaryimage"},"thumbnailUrl":"https:\/\/worldsofmagic.net\/wp-content\/uploads\/2024\/10\/Commander-Masters-Collector-Booster-Box.png","datePublished":"2024-10-27T13:52:55+00:00","dateModified":"2025-01-20T13:33:56+00:00","breadcrumb":{"@id":"https:\/\/worldsofmagic.net\/product\/commander-masters-collector-booster-box\/#breadcrumb"},"inLanguage":"fr-FR","potentialAction":[{"@type":"ReadAction","target":["https:\/\/worldsofmagic.net\/product\/commander-masters-collector-booster-box\/"]}]},{"@type":"ImageObject","inLanguage":"fr-FR","@id":"https:\/\/worldsofmagic.net\/product\/commander-masters-collector-booster-box\/#primaryimage","url":"https:\/\/worldsofmagic.net\/wp-content\/uploads\/2024\/10\/Commander-Masters-Collector-Booster-Box.png","contentUrl":"https:\/\/worldsofmagic.net\/wp-content\/uploads\/2024\/10\/Commander-Masters-Collector-Booster-Box.png","width":300,"height":300,"caption":"Commander Masters Collector Booster Box"},{"@type":"BreadcrumbList","@id":"https:\/\/worldsofmagic.net\/product\/commander-masters-collector-booster-box\/#breadcrumb","itemListElement":[{"@type":"ListItem","position":1,"name":"Accueil","item":"https:\/\/worldsofmagic.net\/"},{"@type":"ListItem","position":2,"name":"Shop","item":"https:\/\/worldsofmagic.net\/shop\/"},{"@type":"ListItem","position":3,"name":"\ud83c\uddec\ud83c\udde7Commander Masters Collector Booster Box"}]},{"@type":"WebSite","@id":"https:\/\/worldsofmagic.net\/#website","url":"https:\/\/worldsofmagic.net\/","name":"Worlds Of Magic","description":"","publisher":{"@id":"https:\/\/worldsofmagic.net\/#organization"},"potentialAction":[{"@type":"SearchAction","target":{"@type":"EntryPoint","urlTemplate":"https:\/\/worldsofmagic.net\/?s={search_term_string}"},"query-input":{"@type":"PropertyValueSpecification","valueRequired":true,"valueName":"search_term_string"}}],"inLanguage":"fr-FR"},{"@type":"Organization","@id":"https:\/\/worldsofmagic.net\/#organization","name":"Worlds Of Magic","alternateName":"Worlds Of Magic","url":"https:\/\/worldsofmagic.net\/","logo":{"@type":"ImageObject","inLanguage":"fr-FR","@id":"https:\/\/worldsofmagic.net\/#\/schema\/logo\/image\/","url":"https:\/\/worldsofmagic.net\/wp-content\/uploads\/2024\/07\/image.png","contentUrl":"https:\/\/worldsofmagic.net\/wp-content\/uploads\/2024\/07\/image.png","width":1072,"height":341,"caption":"Worlds Of Magic"},"image":{"@id":"https:\/\/worldsofmagic.net\/#\/schema\/logo\/image\/"}}]}},"jetpack_sharing_enabled":true,"_links":{"self":[{"href":"https:\/\/worldsofmagic.net\/fr\/wp-json\/wp\/v2\/product\/1784"}],"collection":[{"href":"https:\/\/worldsofmagic.net\/fr\/wp-json\/wp\/v2\/product"}],"about":[{"href":"https:\/\/worldsofmagic.net\/fr\/wp-json\/wp\/v2\/types\/product"}],"replies":[{"embeddable":true,"href":"https:\/\/worldsofmagic.net\/fr\/wp-json\/wp\/v2\/comments?post=1784"}],"wp:featuredmedia":[{"embeddable":true,"href":"https:\/\/worldsofmagic.net\/fr\/wp-json\/wp\/v2\/media\/1785"}],"wp:attachment":[{"href":"https:\/\/worldsofmagic.net\/fr\/wp-json\/wp\/v2\/media?parent=1784"}],"wp:term":[{"taxonomy":"product_cat","embeddable":true,"href":"https:\/\/worldsofmagic.net\/fr\/wp-json\/wp\/v2\/product_cat?post=1784"},{"taxonomy":"product_tag","embeddable":true,"href":"https:\/\/worldsofmagic.net\/fr\/wp-json\/wp\/v2\/product_tag?post=1784"}],"curies":[{"name":"wp","href":"https:\/\/api.w.org\/{rel}","templated":true}]}}