{"id":1827,"date":"2024-10-30T13:19:31","date_gmt":"2024-10-30T13:19:31","guid":{"rendered":"https:\/\/worldsofmagic.net\/?post_type=product&#038;p=1827"},"modified":"2024-12-10T09:56:38","modified_gmt":"2024-12-10T09:56:38","slug":"commander-legendes-la-bataille-de-la-porte-de-baldur-sortie-de-lexil-deck-fr","status":"publish","type":"product","link":"https:\/\/worldsofmagic.net\/fr\/produit\/commander-legendes-la-bataille-de-la-porte-de-baldur-sortie-de-lexil-deck-fr\/","title":{"rendered":"Commander L\u00e9gendes : la bataille de la Porte de Baldur : Deck \u00ab Sortie de l'exil \u00bb \u2013 FR\ud83c\uddeb\ud83c\uddf7"},"content":{"rendered":"<p>Commander Legends : la bataille de la Porte de Baldur est la deuxi\u00e8me \u00e9dition de la s\u00e9rie des Commander Legends qui associe l&#039;exp\u00e9rience du draft aux parties de Commander. Apr\u00e8s Aventures dans les Royaumes Oubli\u00e9s, le premier crossover Magic avec Donjons &amp; Dragons, nous voil\u00e0 de retour sur le continent de Faer\u00fbn, dans la ville de La Porte de Baldur (ou Baldur&#039;s Gate). Retrouvez les personnages et les monstres iconiques de l&#039;univers de Donjons &amp; Dragons, mais aussi des nombreux jeux vid\u00e9o de la s\u00e9rie des Baldur&#039;s Gate ! R\u00e9unissez votre groupe et d\u00e9fendez la Porte de Baldur contre les menaces qui planent sur la ville.<\/p>\n<p>Ce deck pr\u00e9construit de 100 cartes uniques constitue une excellente approche du Commander, un format multijoueur amusant et \u00e9pique ! Pr\u00eat-\u00e0-jouer, ce deck vous permet de vous familiariser avec les m\u00e9caniques du Commander avant de commencer \u00e0 les personnaliser !<\/p>\n<p><strong>Sortie de l&#039;exil<\/strong> est un deck Rouge \/ Vert qui offre des synergies avec les cartes jou\u00e9es <strong>depuis l&#039;exil<\/strong>. Son commandant Faldorn, h\u00e9raut des loups v\u00e9n\u00e9rables cr\u00e9e un jeton loup 2\/2 \u00e0 chaque sorte ou terrain jou\u00e9 depuis l&#039;exil et vous permet de vous d\u00e9fausser d&#039;une carte pour exiler la 1\u00e8re carte de votre biblioth\u00e8que que vous pourrez alors jouer ce tour -ci.<\/p>","protected":false},"excerpt":{"rendered":"<p>Commander Legends : la bataille de la Porte de Baldur est la deuxi\u00e8me \u00e9dition de la s\u00e9rie des Commander Legends qui associe l&#039;exp\u00e9rience du draft aux parties de Commander. Apr\u00e8s Aventures dans les Royaumes Oubli\u00e9s, le premier crossover Magic avec Donjons &amp; Dragons, nous voil\u00e0 de retour sur le continent de Faer\u00fbn, dans la ville de [\u2026]<\/p>","protected":false},"featured_media":1829,"comment_status":"open","ping_status":"closed","template":"","meta":[],"product_cat":[34,99,21],"product_tag":[],"class_list":{"0":"post-1827","1":"product","2":"type-product","3":"status-publish","4":"has-post-thumbnail","6":"product_cat-commander","7":"product_cat-french-commander","8":"product_cat-magic-the-gathering","9":"pa_language-french","10":"pa_mtg-edition-commander-legends-battle-for-baldurs-gate","12":"first","13":"instock","14":"purchasable","15":"product-type-simple"},"yoast_head":"<!-- This site is optimized with the Yoast SEO plugin v23.6 - https:\/\/yoast.com\/wordpress\/plugins\/seo\/ -->\n<title>\ud83c\uddeb\ud83c\uddf7Commander L\u00e9gendes : la bataille de la Porte de Baldur: &quot;Sortie de l&#039;exil&quot; Deck - FR<\/title>\n<meta name=\"description\" content=\"Commander Legends\u00a0: la bataille de la Porte de Baldur est la seconde \u00e9dition de la s\u00e9rie des Commander Legends qui associe l\u2019exp\u00e9rience du draft aux parties de Commander.\" \/>\n<meta name=\"robots\" content=\"index, follow, max-snippet:-1, max-image-preview:large, max-video-preview:-1\" \/>\n<link rel=\"canonical\" href=\"https:\/\/worldsofmagic.net\/fr\/produit\/commander-legendes-la-bataille-de-la-porte-de-baldur-sortie-de-lexil-deck-fr\/\" \/>\n<meta property=\"og:locale\" content=\"fr_FR\" \/>\n<meta property=\"og:type\" content=\"article\" \/>\n<meta property=\"og:title\" content=\"\ud83c\uddeb\ud83c\uddf7Commander L\u00e9gendes : la bataille de la Porte de Baldur: &quot;Sortie de l&#039;exil&quot; Deck - FR\" \/>\n<meta property=\"og:description\" content=\"Commander Legends\u00a0: la bataille de la Porte de Baldur est la seconde \u00e9dition de la s\u00e9rie des Commander Legends qui associe l\u2019exp\u00e9rience du draft aux parties de Commander.\" \/>\n<meta property=\"og:url\" content=\"https:\/\/worldsofmagic.net\/fr\/produit\/commander-legendes-la-bataille-de-la-porte-de-baldur-sortie-de-lexil-deck-fr\/\" \/>\n<meta property=\"og:site_name\" content=\"Worlds Of Magic\" \/>\n<meta property=\"article:modified_time\" content=\"2024-12-10T09:56:38+00:00\" \/>\n<meta property=\"og:image\" content=\"https:\/\/worldsofmagic.net\/wp-content\/uploads\/2024\/10\/commander-deck-exit-from-exile-commander-legends-baldurs-gate-magic-en-removebg-preview.png\" \/>\n\t<meta property=\"og:image:width\" content=\"500\" \/>\n\t<meta property=\"og:image:height\" content=\"500\" \/>\n\t<meta property=\"og:image:type\" content=\"image\/png\" \/>\n<meta name=\"twitter:card\" content=\"summary_large_image\" \/>\n<meta name=\"twitter:label1\" content=\"Dur\u00e9e de lecture estim\u00e9e\" \/>\n\t<meta name=\"twitter:data1\" content=\"2 minutes\" \/>\n<script type=\"application\/ld+json\" class=\"yoast-schema-graph\">{\"@context\":\"https:\/\/schema.org\",\"@graph\":[{\"@type\":\"WebPage\",\"@id\":\"https:\/\/worldsofmagic.net\/product\/commander-legendes-la-bataille-de-la-porte-de-baldur-sortie-de-lexil-deck-fr\/\",\"url\":\"https:\/\/worldsofmagic.net\/product\/commander-legendes-la-bataille-de-la-porte-de-baldur-sortie-de-lexil-deck-fr\/\",\"name\":\"\ud83c\uddeb\ud83c\uddf7Commander L\u00e9gendes : la bataille de la Porte de Baldur: \\\"Sortie de l'exil\\\" Deck - FR\",\"isPartOf\":{\"@id\":\"https:\/\/worldsofmagic.net\/#website\"},\"primaryImageOfPage\":{\"@id\":\"https:\/\/worldsofmagic.net\/product\/commander-legendes-la-bataille-de-la-porte-de-baldur-sortie-de-lexil-deck-fr\/#primaryimage\"},\"image\":{\"@id\":\"https:\/\/worldsofmagic.net\/product\/commander-legendes-la-bataille-de-la-porte-de-baldur-sortie-de-lexil-deck-fr\/#primaryimage\"},\"thumbnailUrl\":\"https:\/\/worldsofmagic.net\/wp-content\/uploads\/2024\/10\/commander-deck-exit-from-exile-commander-legends-baldurs-gate-magic-en-removebg-preview.png\",\"datePublished\":\"2024-10-30T13:19:31+00:00\",\"dateModified\":\"2024-12-10T09:56:38+00:00\",\"description\":\"Commander Legends\u00a0: la bataille de la Porte de Baldur est la seconde \u00e9dition de la s\u00e9rie des Commander Legends qui associe l\u2019exp\u00e9rience du draft aux parties de Commander.\",\"breadcrumb\":{\"@id\":\"https:\/\/worldsofmagic.net\/product\/commander-legendes-la-bataille-de-la-porte-de-baldur-sortie-de-lexil-deck-fr\/#breadcrumb\"},\"inLanguage\":\"fr-FR\",\"potentialAction\":[{\"@type\":\"ReadAction\",\"target\":[\"https:\/\/worldsofmagic.net\/product\/commander-legendes-la-bataille-de-la-porte-de-baldur-sortie-de-lexil-deck-fr\/\"]}]},{\"@type\":\"ImageObject\",\"inLanguage\":\"fr-FR\",\"@id\":\"https:\/\/worldsofmagic.net\/product\/commander-legendes-la-bataille-de-la-porte-de-baldur-sortie-de-lexil-deck-fr\/#primaryimage\",\"url\":\"https:\/\/worldsofmagic.net\/wp-content\/uploads\/2024\/10\/commander-deck-exit-from-exile-commander-legends-baldurs-gate-magic-en-removebg-preview.png\",\"contentUrl\":\"https:\/\/worldsofmagic.net\/wp-content\/uploads\/2024\/10\/commander-deck-exit-from-exile-commander-legends-baldurs-gate-magic-en-removebg-preview.png\",\"width\":500,\"height\":500},{\"@type\":\"BreadcrumbList\",\"@id\":\"https:\/\/worldsofmagic.net\/product\/commander-legendes-la-bataille-de-la-porte-de-baldur-sortie-de-lexil-deck-fr\/#breadcrumb\",\"itemListElement\":[{\"@type\":\"ListItem\",\"position\":1,\"name\":\"Accueil\",\"item\":\"https:\/\/worldsofmagic.net\/\"},{\"@type\":\"ListItem\",\"position\":2,\"name\":\"Shop\",\"item\":\"https:\/\/worldsofmagic.net\/shop\/\"},{\"@type\":\"ListItem\",\"position\":3,\"name\":\"\ud83c\uddeb\ud83c\uddf7Commander L\u00e9gendes : la bataille de la Porte de Baldur: &#8220;Sortie de l&#8217;exil&#8221; Deck &#8211; FR\"}]},{\"@type\":\"WebSite\",\"@id\":\"https:\/\/worldsofmagic.net\/#website\",\"url\":\"https:\/\/worldsofmagic.net\/\",\"name\":\"Worlds Of Magic\",\"description\":\"\",\"publisher\":{\"@id\":\"https:\/\/worldsofmagic.net\/#organization\"},\"potentialAction\":[{\"@type\":\"SearchAction\",\"target\":{\"@type\":\"EntryPoint\",\"urlTemplate\":\"https:\/\/worldsofmagic.net\/?s={search_term_string}\"},\"query-input\":{\"@type\":\"PropertyValueSpecification\",\"valueRequired\":true,\"valueName\":\"search_term_string\"}}],\"inLanguage\":\"fr-FR\"},{\"@type\":\"Organization\",\"@id\":\"https:\/\/worldsofmagic.net\/#organization\",\"name\":\"Worlds Of Magic\",\"alternateName\":\"Worlds Of Magic\",\"url\":\"https:\/\/worldsofmagic.net\/\",\"logo\":{\"@type\":\"ImageObject\",\"inLanguage\":\"fr-FR\",\"@id\":\"https:\/\/worldsofmagic.net\/#\/schema\/logo\/image\/\",\"url\":\"https:\/\/worldsofmagic.net\/wp-content\/uploads\/2024\/07\/image.png\",\"contentUrl\":\"https:\/\/worldsofmagic.net\/wp-content\/uploads\/2024\/07\/image.png\",\"width\":1072,\"height\":341,\"caption\":\"Worlds Of Magic\"},\"image\":{\"@id\":\"https:\/\/worldsofmagic.net\/#\/schema\/logo\/image\/\"}}]}<\/script>\n<!-- \/ Yoast SEO plugin. -->","yoast_head_json":{"title":"\ud83c\uddeb\ud83c\uddf7Commander L\u00e9gendes : la bataille de la Porte de Baldur: \"Sortie de l'exil\" Deck - FR","description":"Commander Legends\u00a0: la bataille de la Porte de Baldur est la seconde \u00e9dition de la s\u00e9rie des Commander Legends qui associe l\u2019exp\u00e9rience du draft aux parties de Commander.","robots":{"index":"index","follow":"follow","max-snippet":"max-snippet:-1","max-image-preview":"max-image-preview:large","max-video-preview":"max-video-preview:-1"},"canonical":"https:\/\/worldsofmagic.net\/fr\/produit\/commander-legendes-la-bataille-de-la-porte-de-baldur-sortie-de-lexil-deck-fr\/","og_locale":"fr_FR","og_type":"article","og_title":"\ud83c\uddeb\ud83c\uddf7Commander L\u00e9gendes : la bataille de la Porte de Baldur: \"Sortie de l'exil\" Deck - FR","og_description":"Commander Legends\u00a0: la bataille de la Porte de Baldur est la seconde \u00e9dition de la s\u00e9rie des Commander Legends qui associe l\u2019exp\u00e9rience du draft aux parties de Commander.","og_url":"https:\/\/worldsofmagic.net\/fr\/produit\/commander-legendes-la-bataille-de-la-porte-de-baldur-sortie-de-lexil-deck-fr\/","og_site_name":"Worlds Of Magic","article_modified_time":"2024-12-10T09:56:38+00:00","og_image":[{"width":500,"height":500,"url":"https:\/\/worldsofmagic.net\/wp-content\/uploads\/2024\/10\/commander-deck-exit-from-exile-commander-legends-baldurs-gate-magic-en-removebg-preview.png","type":"image\/png"}],"twitter_card":"summary_large_image","twitter_misc":{"Dur\u00e9e de lecture estim\u00e9e":"2 minutes"},"schema":{"@context":"https:\/\/schema.org","@graph":[{"@type":"WebPage","@id":"https:\/\/worldsofmagic.net\/product\/commander-legendes-la-bataille-de-la-porte-de-baldur-sortie-de-lexil-deck-fr\/","url":"https:\/\/worldsofmagic.net\/product\/commander-legendes-la-bataille-de-la-porte-de-baldur-sortie-de-lexil-deck-fr\/","name":"\ud83c\uddeb\ud83c\uddf7Commander L\u00e9gendes : la bataille de la Porte de Baldur: \"Sortie de l'exil\" Deck - FR","isPartOf":{"@id":"https:\/\/worldsofmagic.net\/#website"},"primaryImageOfPage":{"@id":"https:\/\/worldsofmagic.net\/product\/commander-legendes-la-bataille-de-la-porte-de-baldur-sortie-de-lexil-deck-fr\/#primaryimage"},"image":{"@id":"https:\/\/worldsofmagic.net\/product\/commander-legendes-la-bataille-de-la-porte-de-baldur-sortie-de-lexil-deck-fr\/#primaryimage"},"thumbnailUrl":"https:\/\/worldsofmagic.net\/wp-content\/uploads\/2024\/10\/commander-deck-exit-from-exile-commander-legends-baldurs-gate-magic-en-removebg-preview.png","datePublished":"2024-10-30T13:19:31+00:00","dateModified":"2024-12-10T09:56:38+00:00","description":"Commander Legends\u00a0: la bataille de la Porte de Baldur est la seconde \u00e9dition de la s\u00e9rie des Commander Legends qui associe l\u2019exp\u00e9rience du draft aux parties de Commander.","breadcrumb":{"@id":"https:\/\/worldsofmagic.net\/product\/commander-legendes-la-bataille-de-la-porte-de-baldur-sortie-de-lexil-deck-fr\/#breadcrumb"},"inLanguage":"fr-FR","potentialAction":[{"@type":"ReadAction","target":["https:\/\/worldsofmagic.net\/product\/commander-legendes-la-bataille-de-la-porte-de-baldur-sortie-de-lexil-deck-fr\/"]}]},{"@type":"ImageObject","inLanguage":"fr-FR","@id":"https:\/\/worldsofmagic.net\/product\/commander-legendes-la-bataille-de-la-porte-de-baldur-sortie-de-lexil-deck-fr\/#primaryimage","url":"https:\/\/worldsofmagic.net\/wp-content\/uploads\/2024\/10\/commander-deck-exit-from-exile-commander-legends-baldurs-gate-magic-en-removebg-preview.png","contentUrl":"https:\/\/worldsofmagic.net\/wp-content\/uploads\/2024\/10\/commander-deck-exit-from-exile-commander-legends-baldurs-gate-magic-en-removebg-preview.png","width":500,"height":500},{"@type":"BreadcrumbList","@id":"https:\/\/worldsofmagic.net\/product\/commander-legendes-la-bataille-de-la-porte-de-baldur-sortie-de-lexil-deck-fr\/#breadcrumb","itemListElement":[{"@type":"ListItem","position":1,"name":"Accueil","item":"https:\/\/worldsofmagic.net\/"},{"@type":"ListItem","position":2,"name":"Shop","item":"https:\/\/worldsofmagic.net\/shop\/"},{"@type":"ListItem","position":3,"name":"\ud83c\uddeb\ud83c\uddf7Commander L\u00e9gendes : la bataille de la Porte de Baldur: &#8220;Sortie de l&#8217;exil&#8221; Deck &#8211; FR"}]},{"@type":"WebSite","@id":"https:\/\/worldsofmagic.net\/#website","url":"https:\/\/worldsofmagic.net\/","name":"Worlds Of Magic","description":"","publisher":{"@id":"https:\/\/worldsofmagic.net\/#organization"},"potentialAction":[{"@type":"SearchAction","target":{"@type":"EntryPoint","urlTemplate":"https:\/\/worldsofmagic.net\/?s={search_term_string}"},"query-input":{"@type":"PropertyValueSpecification","valueRequired":true,"valueName":"search_term_string"}}],"inLanguage":"fr-FR"},{"@type":"Organization","@id":"https:\/\/worldsofmagic.net\/#organization","name":"Worlds Of Magic","alternateName":"Worlds Of Magic","url":"https:\/\/worldsofmagic.net\/","logo":{"@type":"ImageObject","inLanguage":"fr-FR","@id":"https:\/\/worldsofmagic.net\/#\/schema\/logo\/image\/","url":"https:\/\/worldsofmagic.net\/wp-content\/uploads\/2024\/07\/image.png","contentUrl":"https:\/\/worldsofmagic.net\/wp-content\/uploads\/2024\/07\/image.png","width":1072,"height":341,"caption":"Worlds Of Magic"},"image":{"@id":"https:\/\/worldsofmagic.net\/#\/schema\/logo\/image\/"}}]}},"jetpack_sharing_enabled":true,"_links":{"self":[{"href":"https:\/\/worldsofmagic.net\/fr\/wp-json\/wp\/v2\/product\/1827"}],"collection":[{"href":"https:\/\/worldsofmagic.net\/fr\/wp-json\/wp\/v2\/product"}],"about":[{"href":"https:\/\/worldsofmagic.net\/fr\/wp-json\/wp\/v2\/types\/product"}],"replies":[{"embeddable":true,"href":"https:\/\/worldsofmagic.net\/fr\/wp-json\/wp\/v2\/comments?post=1827"}],"wp:featuredmedia":[{"embeddable":true,"href":"https:\/\/worldsofmagic.net\/fr\/wp-json\/wp\/v2\/media\/1829"}],"wp:attachment":[{"href":"https:\/\/worldsofmagic.net\/fr\/wp-json\/wp\/v2\/media?parent=1827"}],"wp:term":[{"taxonomy":"product_cat","embeddable":true,"href":"https:\/\/worldsofmagic.net\/fr\/wp-json\/wp\/v2\/product_cat?post=1827"},{"taxonomy":"product_tag","embeddable":true,"href":"https:\/\/worldsofmagic.net\/fr\/wp-json\/wp\/v2\/product_tag?post=1827"}],"curies":[{"name":"wp","href":"https:\/\/api.w.org\/{rel}","templated":true}]}}