{"id":1833,"date":"2024-10-30T13:37:09","date_gmt":"2024-10-30T13:37:09","guid":{"rendered":"https:\/\/worldsofmagic.net\/?post_type=product&#038;p=1833"},"modified":"2025-01-07T20:32:10","modified_gmt":"2025-01-07T20:32:10","slug":"commander-legendes-la-bataille-de-la-porte-de-baldur-party-time-deck-fr-copy","status":"publish","type":"product","link":"https:\/\/worldsofmagic.net\/fr\/produit\/commander-legendes-la-bataille-de-la-porte-de-baldur-party-time-deck-fr-copy\/","title":{"rendered":"Commander L\u00e9gendes : la bataille de la Porte de Baldur : Deck \u00ab Party Time \u00bb \u2013 FR\ud83c\uddeb\ud83c\uddf7"},"content":{"rendered":"<p>Commander Legends : la bataille de la Porte de Baldur est la deuxi\u00e8me \u00e9dition de la s\u00e9rie des Commander Legends qui associe l&#039;exp\u00e9rience du draft aux parties de Commander. Apr\u00e8s Aventures dans les Royaumes Oubli\u00e9s, le premier crossover Magic avec Donjons &amp; Dragons, nous voil\u00e0 de retour sur le continent de Faer\u00fbn, dans la ville de La Porte de Baldur (ou Baldur&#039;s Gate). Retrouvez les personnages et les monstres iconiques de l&#039;univers de Donjons &amp; Dragons, mais aussi des nombreux jeux vid\u00e9o de la s\u00e9rie des Baldur&#039;s Gate ! R\u00e9unissez votre groupe et d\u00e9fendez la Porte de Baldur contre les menaces qui planent sur la ville.<\/p>\n<p>Ce deck pr\u00e9construit de 100 cartes uniques constitue une excellente approche du Commander, un format multijoueur amusant et \u00e9pique ! Pr\u00eat-\u00e0-jouer, ce deck vous permet de vous familiariser avec les m\u00e9caniques du Commander avant de commencer \u00e0 les personnaliser !<\/p>\n<p><strong>C&#039;est l&#039;heure de la f\u00eate<\/strong> est un deck Blanc \/ Noir bas\u00e9 sur le <strong>groupe<\/strong>. Cette m\u00e9canique vous demande de contr\u00f4ler un clerc, un gredin, un sorcier et un guerrier pour b\u00e9n\u00e9ficier de diff\u00e9rents bonus.<\/p>\n<p>Nalia de&#039;Arnise, est la Commandante du pont. Elle donne un marqueur +1\/+1 et le contact mortel \u00e0 vos cr\u00e9atures \u00e0 chaque combat si vous avez un groupe complet en plus de vous permettre de jouer vos cr\u00e9atures depuis le dessus de votre biblioth\u00e8que si leurs types correspondent \u00e0 la m\u00e9canique de groupe.<\/p>","protected":false},"excerpt":{"rendered":"<p>Commander Legends : la bataille de la Porte de Baldur est la deuxi\u00e8me \u00e9dition de la s\u00e9rie des Commander Legends qui associe l&#039;exp\u00e9rience du draft aux parties de Commander. Apr\u00e8s Aventures dans les Royaumes Oubli\u00e9s, le premier crossover Magic avec Donjons &amp; Dragons, nous voil\u00e0 de retour sur le continent de Faer\u00fbn, dans la ville de [\u2026]<\/p>","protected":false},"featured_media":1836,"comment_status":"open","ping_status":"closed","template":"","meta":[],"product_cat":[34,99,21],"product_tag":[],"class_list":{"0":"post-1833","1":"product","2":"type-product","3":"status-publish","4":"has-post-thumbnail","6":"product_cat-commander","7":"product_cat-french-commander","8":"product_cat-magic-the-gathering","9":"pa_language-french","10":"pa_mtg-edition-commander-legends-battle-for-baldurs-gate","12":"first","13":"instock","14":"purchasable","15":"product-type-simple"},"yoast_head":"<!-- This site is optimized with the Yoast SEO plugin v23.6 - https:\/\/yoast.com\/wordpress\/plugins\/seo\/ -->\n<title>\ud83c\uddeb\ud83c\uddf7Commander L\u00e9gendes : la bataille de la Porte de Baldur: &quot;Party Time&quot; Deck - FR<\/title>\n<meta name=\"description\" content=\"Commander Legends\u00a0: la bataille de la Porte de Baldur est la seconde \u00e9dition de la s\u00e9rie des Commander Legends qui associe l\u2019exp\u00e9rience du draft aux parties de Commander.\" \/>\n<meta name=\"robots\" content=\"index, follow, max-snippet:-1, max-image-preview:large, max-video-preview:-1\" \/>\n<link rel=\"canonical\" href=\"https:\/\/worldsofmagic.net\/fr\/produit\/commander-legendes-la-bataille-de-la-porte-de-baldur-party-time-deck-fr-copy\/\" \/>\n<meta property=\"og:locale\" content=\"fr_FR\" \/>\n<meta property=\"og:type\" content=\"article\" \/>\n<meta property=\"og:title\" content=\"\ud83c\uddeb\ud83c\uddf7Commander L\u00e9gendes : la bataille de la Porte de Baldur: &quot;Party Time&quot; Deck - FR\" \/>\n<meta property=\"og:description\" content=\"Commander Legends\u00a0: la bataille de la Porte de Baldur est la seconde \u00e9dition de la s\u00e9rie des Commander Legends qui associe l\u2019exp\u00e9rience du draft aux parties de Commander.\" \/>\n<meta property=\"og:url\" content=\"https:\/\/worldsofmagic.net\/fr\/produit\/commander-legendes-la-bataille-de-la-porte-de-baldur-party-time-deck-fr-copy\/\" \/>\n<meta property=\"og:site_name\" content=\"Worlds Of Magic\" \/>\n<meta property=\"article:modified_time\" content=\"2025-01-07T20:32:10+00:00\" \/>\n<meta property=\"og:image\" content=\"https:\/\/worldsofmagic.net\/wp-content\/uploads\/2024\/10\/s-l1200-removebg-preview.png\" \/>\n\t<meta property=\"og:image:width\" content=\"500\" \/>\n\t<meta property=\"og:image:height\" content=\"500\" \/>\n\t<meta property=\"og:image:type\" content=\"image\/png\" \/>\n<meta name=\"twitter:card\" content=\"summary_large_image\" \/>\n<meta name=\"twitter:label1\" content=\"Dur\u00e9e de lecture estim\u00e9e\" \/>\n\t<meta name=\"twitter:data1\" content=\"2 minutes\" \/>\n<script type=\"application\/ld+json\" class=\"yoast-schema-graph\">{\"@context\":\"https:\/\/schema.org\",\"@graph\":[{\"@type\":\"WebPage\",\"@id\":\"https:\/\/worldsofmagic.net\/product\/commander-legendes-la-bataille-de-la-porte-de-baldur-party-time-deck-fr-copy\/\",\"url\":\"https:\/\/worldsofmagic.net\/product\/commander-legendes-la-bataille-de-la-porte-de-baldur-party-time-deck-fr-copy\/\",\"name\":\"\ud83c\uddeb\ud83c\uddf7Commander L\u00e9gendes : la bataille de la Porte de Baldur: \\\"Party Time\\\" Deck - FR\",\"isPartOf\":{\"@id\":\"https:\/\/worldsofmagic.net\/#website\"},\"primaryImageOfPage\":{\"@id\":\"https:\/\/worldsofmagic.net\/product\/commander-legendes-la-bataille-de-la-porte-de-baldur-party-time-deck-fr-copy\/#primaryimage\"},\"image\":{\"@id\":\"https:\/\/worldsofmagic.net\/product\/commander-legendes-la-bataille-de-la-porte-de-baldur-party-time-deck-fr-copy\/#primaryimage\"},\"thumbnailUrl\":\"https:\/\/worldsofmagic.net\/wp-content\/uploads\/2024\/10\/s-l1200-removebg-preview.png\",\"datePublished\":\"2024-10-30T13:37:09+00:00\",\"dateModified\":\"2025-01-07T20:32:10+00:00\",\"description\":\"Commander Legends\u00a0: la bataille de la Porte de Baldur est la seconde \u00e9dition de la s\u00e9rie des Commander Legends qui associe l\u2019exp\u00e9rience du draft aux parties de Commander.\",\"breadcrumb\":{\"@id\":\"https:\/\/worldsofmagic.net\/product\/commander-legendes-la-bataille-de-la-porte-de-baldur-party-time-deck-fr-copy\/#breadcrumb\"},\"inLanguage\":\"fr-FR\",\"potentialAction\":[{\"@type\":\"ReadAction\",\"target\":[\"https:\/\/worldsofmagic.net\/product\/commander-legendes-la-bataille-de-la-porte-de-baldur-party-time-deck-fr-copy\/\"]}]},{\"@type\":\"ImageObject\",\"inLanguage\":\"fr-FR\",\"@id\":\"https:\/\/worldsofmagic.net\/product\/commander-legendes-la-bataille-de-la-porte-de-baldur-party-time-deck-fr-copy\/#primaryimage\",\"url\":\"https:\/\/worldsofmagic.net\/wp-content\/uploads\/2024\/10\/s-l1200-removebg-preview.png\",\"contentUrl\":\"https:\/\/worldsofmagic.net\/wp-content\/uploads\/2024\/10\/s-l1200-removebg-preview.png\",\"width\":500,\"height\":500},{\"@type\":\"BreadcrumbList\",\"@id\":\"https:\/\/worldsofmagic.net\/product\/commander-legendes-la-bataille-de-la-porte-de-baldur-party-time-deck-fr-copy\/#breadcrumb\",\"itemListElement\":[{\"@type\":\"ListItem\",\"position\":1,\"name\":\"Accueil\",\"item\":\"https:\/\/worldsofmagic.net\/\"},{\"@type\":\"ListItem\",\"position\":2,\"name\":\"Shop\",\"item\":\"https:\/\/worldsofmagic.net\/shop\/\"},{\"@type\":\"ListItem\",\"position\":3,\"name\":\"\ud83c\uddeb\ud83c\uddf7Commander L\u00e9gendes : la bataille de la Porte de Baldur: &#8220;Party Time&#8221; Deck &#8211; FR\"}]},{\"@type\":\"WebSite\",\"@id\":\"https:\/\/worldsofmagic.net\/#website\",\"url\":\"https:\/\/worldsofmagic.net\/\",\"name\":\"Worlds Of Magic\",\"description\":\"\",\"publisher\":{\"@id\":\"https:\/\/worldsofmagic.net\/#organization\"},\"potentialAction\":[{\"@type\":\"SearchAction\",\"target\":{\"@type\":\"EntryPoint\",\"urlTemplate\":\"https:\/\/worldsofmagic.net\/?s={search_term_string}\"},\"query-input\":{\"@type\":\"PropertyValueSpecification\",\"valueRequired\":true,\"valueName\":\"search_term_string\"}}],\"inLanguage\":\"fr-FR\"},{\"@type\":\"Organization\",\"@id\":\"https:\/\/worldsofmagic.net\/#organization\",\"name\":\"Worlds Of Magic\",\"alternateName\":\"Worlds Of Magic\",\"url\":\"https:\/\/worldsofmagic.net\/\",\"logo\":{\"@type\":\"ImageObject\",\"inLanguage\":\"fr-FR\",\"@id\":\"https:\/\/worldsofmagic.net\/#\/schema\/logo\/image\/\",\"url\":\"https:\/\/worldsofmagic.net\/wp-content\/uploads\/2024\/07\/image.png\",\"contentUrl\":\"https:\/\/worldsofmagic.net\/wp-content\/uploads\/2024\/07\/image.png\",\"width\":1072,\"height\":341,\"caption\":\"Worlds Of Magic\"},\"image\":{\"@id\":\"https:\/\/worldsofmagic.net\/#\/schema\/logo\/image\/\"}}]}<\/script>\n<!-- \/ Yoast SEO plugin. -->","yoast_head_json":{"title":"\ud83c\uddeb\ud83c\uddf7Commander L\u00e9gendes : la bataille de la Porte de Baldur: \"Party Time\" Deck - FR","description":"Commander Legends\u00a0: la bataille de la Porte de Baldur est la seconde \u00e9dition de la s\u00e9rie des Commander Legends qui associe l\u2019exp\u00e9rience du draft aux parties de Commander.","robots":{"index":"index","follow":"follow","max-snippet":"max-snippet:-1","max-image-preview":"max-image-preview:large","max-video-preview":"max-video-preview:-1"},"canonical":"https:\/\/worldsofmagic.net\/fr\/produit\/commander-legendes-la-bataille-de-la-porte-de-baldur-party-time-deck-fr-copy\/","og_locale":"fr_FR","og_type":"article","og_title":"\ud83c\uddeb\ud83c\uddf7Commander L\u00e9gendes : la bataille de la Porte de Baldur: \"Party Time\" Deck - FR","og_description":"Commander Legends\u00a0: la bataille de la Porte de Baldur est la seconde \u00e9dition de la s\u00e9rie des Commander Legends qui associe l\u2019exp\u00e9rience du draft aux parties de Commander.","og_url":"https:\/\/worldsofmagic.net\/fr\/produit\/commander-legendes-la-bataille-de-la-porte-de-baldur-party-time-deck-fr-copy\/","og_site_name":"Worlds Of Magic","article_modified_time":"2025-01-07T20:32:10+00:00","og_image":[{"width":500,"height":500,"url":"https:\/\/worldsofmagic.net\/wp-content\/uploads\/2024\/10\/s-l1200-removebg-preview.png","type":"image\/png"}],"twitter_card":"summary_large_image","twitter_misc":{"Dur\u00e9e de lecture estim\u00e9e":"2 minutes"},"schema":{"@context":"https:\/\/schema.org","@graph":[{"@type":"WebPage","@id":"https:\/\/worldsofmagic.net\/product\/commander-legendes-la-bataille-de-la-porte-de-baldur-party-time-deck-fr-copy\/","url":"https:\/\/worldsofmagic.net\/product\/commander-legendes-la-bataille-de-la-porte-de-baldur-party-time-deck-fr-copy\/","name":"\ud83c\uddeb\ud83c\uddf7Commander L\u00e9gendes : la bataille de la Porte de Baldur: \"Party Time\" Deck - FR","isPartOf":{"@id":"https:\/\/worldsofmagic.net\/#website"},"primaryImageOfPage":{"@id":"https:\/\/worldsofmagic.net\/product\/commander-legendes-la-bataille-de-la-porte-de-baldur-party-time-deck-fr-copy\/#primaryimage"},"image":{"@id":"https:\/\/worldsofmagic.net\/product\/commander-legendes-la-bataille-de-la-porte-de-baldur-party-time-deck-fr-copy\/#primaryimage"},"thumbnailUrl":"https:\/\/worldsofmagic.net\/wp-content\/uploads\/2024\/10\/s-l1200-removebg-preview.png","datePublished":"2024-10-30T13:37:09+00:00","dateModified":"2025-01-07T20:32:10+00:00","description":"Commander Legends\u00a0: la bataille de la Porte de Baldur est la seconde \u00e9dition de la s\u00e9rie des Commander Legends qui associe l\u2019exp\u00e9rience du draft aux parties de Commander.","breadcrumb":{"@id":"https:\/\/worldsofmagic.net\/product\/commander-legendes-la-bataille-de-la-porte-de-baldur-party-time-deck-fr-copy\/#breadcrumb"},"inLanguage":"fr-FR","potentialAction":[{"@type":"ReadAction","target":["https:\/\/worldsofmagic.net\/product\/commander-legendes-la-bataille-de-la-porte-de-baldur-party-time-deck-fr-copy\/"]}]},{"@type":"ImageObject","inLanguage":"fr-FR","@id":"https:\/\/worldsofmagic.net\/product\/commander-legendes-la-bataille-de-la-porte-de-baldur-party-time-deck-fr-copy\/#primaryimage","url":"https:\/\/worldsofmagic.net\/wp-content\/uploads\/2024\/10\/s-l1200-removebg-preview.png","contentUrl":"https:\/\/worldsofmagic.net\/wp-content\/uploads\/2024\/10\/s-l1200-removebg-preview.png","width":500,"height":500},{"@type":"BreadcrumbList","@id":"https:\/\/worldsofmagic.net\/product\/commander-legendes-la-bataille-de-la-porte-de-baldur-party-time-deck-fr-copy\/#breadcrumb","itemListElement":[{"@type":"ListItem","position":1,"name":"Accueil","item":"https:\/\/worldsofmagic.net\/"},{"@type":"ListItem","position":2,"name":"Shop","item":"https:\/\/worldsofmagic.net\/shop\/"},{"@type":"ListItem","position":3,"name":"\ud83c\uddeb\ud83c\uddf7Commander L\u00e9gendes : la bataille de la Porte de Baldur: &#8220;Party Time&#8221; Deck &#8211; FR"}]},{"@type":"WebSite","@id":"https:\/\/worldsofmagic.net\/#website","url":"https:\/\/worldsofmagic.net\/","name":"Worlds Of Magic","description":"","publisher":{"@id":"https:\/\/worldsofmagic.net\/#organization"},"potentialAction":[{"@type":"SearchAction","target":{"@type":"EntryPoint","urlTemplate":"https:\/\/worldsofmagic.net\/?s={search_term_string}"},"query-input":{"@type":"PropertyValueSpecification","valueRequired":true,"valueName":"search_term_string"}}],"inLanguage":"fr-FR"},{"@type":"Organization","@id":"https:\/\/worldsofmagic.net\/#organization","name":"Worlds Of Magic","alternateName":"Worlds Of Magic","url":"https:\/\/worldsofmagic.net\/","logo":{"@type":"ImageObject","inLanguage":"fr-FR","@id":"https:\/\/worldsofmagic.net\/#\/schema\/logo\/image\/","url":"https:\/\/worldsofmagic.net\/wp-content\/uploads\/2024\/07\/image.png","contentUrl":"https:\/\/worldsofmagic.net\/wp-content\/uploads\/2024\/07\/image.png","width":1072,"height":341,"caption":"Worlds Of Magic"},"image":{"@id":"https:\/\/worldsofmagic.net\/#\/schema\/logo\/image\/"}}]}},"jetpack_sharing_enabled":true,"_links":{"self":[{"href":"https:\/\/worldsofmagic.net\/fr\/wp-json\/wp\/v2\/product\/1833"}],"collection":[{"href":"https:\/\/worldsofmagic.net\/fr\/wp-json\/wp\/v2\/product"}],"about":[{"href":"https:\/\/worldsofmagic.net\/fr\/wp-json\/wp\/v2\/types\/product"}],"replies":[{"embeddable":true,"href":"https:\/\/worldsofmagic.net\/fr\/wp-json\/wp\/v2\/comments?post=1833"}],"wp:featuredmedia":[{"embeddable":true,"href":"https:\/\/worldsofmagic.net\/fr\/wp-json\/wp\/v2\/media\/1836"}],"wp:attachment":[{"href":"https:\/\/worldsofmagic.net\/fr\/wp-json\/wp\/v2\/media?parent=1833"}],"wp:term":[{"taxonomy":"product_cat","embeddable":true,"href":"https:\/\/worldsofmagic.net\/fr\/wp-json\/wp\/v2\/product_cat?post=1833"},{"taxonomy":"product_tag","embeddable":true,"href":"https:\/\/worldsofmagic.net\/fr\/wp-json\/wp\/v2\/product_tag?post=1833"}],"curies":[{"name":"wp","href":"https:\/\/api.w.org\/{rel}","templated":true}]}}