{"id":1839,"date":"2024-10-30T14:05:32","date_gmt":"2024-10-30T14:05:32","guid":{"rendered":"https:\/\/worldsofmagic.net\/?post_type=product&#038;p=1839"},"modified":"2024-12-10T09:55:26","modified_gmt":"2024-12-10T09:55:26","slug":"commander-the-lord-of-the-rings-tales-of-middle-earth-food-and-fellowship-commander-deck","status":"publish","type":"product","link":"https:\/\/worldsofmagic.net\/fr\/produit\/commander-the-lord-of-the-rings-tales-of-middle-earth-food-and-fellowship-commander-deck\/","title":{"rendered":"Commander: Le Seigneur des Anneaux : chroniques de la Terre du Milieu:Nourriture et communaut\u00e9\ud83c\uddec\ud83c\udde7"},"content":{"rendered":"<p>Le coffret magique Le Seigneur des anneaux : Les Contes de Midd<a href=\"https:\/\/en.play-in.com\/magic\/edition\/1077-le_seigneur_des_anneaux__chroniques_de_la_terre_du_milieu\">le-Terre<\/a> vous replonge dans l&#039;\u00e9pop\u00e9e de la Communaut\u00e9 de l&#039;Anneau et dans d&#039;autres r\u00e9cits l\u00e9gendaires de la Terre du Milieu. Suivez Frodon et Sam sur leur chemin vers le Mordor et couronnez Aragorn, h\u00e9ritier des rois de N\u00famenor. Retrouvez vos personnages pr\u00e9f\u00e9r\u00e9s des livres et des films tels que Gandalf et Tom Bombadil, mais aussi des antagonistes l\u00e9gendaires comme les Nazg\u00fbl, Gollum et Sauron. Portez l&#039;Anneau Unique dans les feux du Mordor et sauvez la Terre du Milieu !<\/p>\n<p>Ce deck pr\u00e9construit de 100 cartes uniques est le meilleur point d&#039;entr\u00e9e pour commencer \u00e0 jouer \u00e0 Commander, un format multijoueur amusant et \u00e9pique ! Ce deck est pr\u00eat \u00e0 jouer et vous aidera \u00e0 vous familiariser avec les m\u00e9canismes de Commander avant d&#039;essayer de le personnaliser !<\/p>\n<p>Food and Fellowship est un deck Blanc\/Noir\/Vert d\u00e9di\u00e9 aux Hobbits et \u00e0 leur passion pour la nourriture. Frodon, Hobbit Aventurier et Sam, Loyal Attendant sont les 2 Commandants de ce deck gr\u00e2ce \u00e0 la m\u00e9canique Partenaire. Il exploite les jetons Nourriture et les nouvelles m\u00e9caniques autour de l&#039;Anneau.<\/p>","protected":false},"excerpt":{"rendered":"<p>Le coffret Magic Le Seigneur des Anneaux : Contes de la Terre du Milieu vous permet de replonger une fois de plus dans l\u2019histoire \u00e9pique de la Communaut\u00e9 de l\u2019Anneau et d\u2019autres r\u00e9cits l\u00e9gendaires de la Terre du Milieu. Suivez Frodon et Sam sur leur chemin vers le Mordor et couronnez Aragorn, h\u00e9ritier des rois de N\u00famenor. Retrouvez vos [\u2026]<\/p>","protected":false},"featured_media":1840,"comment_status":"open","ping_status":"closed","template":"","meta":[],"product_cat":[34,94,21],"product_tag":[],"class_list":{"0":"post-1839","1":"product","2":"type-product","3":"status-publish","4":"has-post-thumbnail","6":"product_cat-commander","7":"product_cat-english-commander","8":"product_cat-magic-the-gathering","9":"pa_language-english","10":"pa_mtg-edition-the-lord-of-the-rings-tales-of-middle-earth","12":"first","13":"instock","14":"purchasable","15":"product-type-simple"},"yoast_head":"<!-- This site is optimized with the Yoast SEO plugin v23.6 - https:\/\/yoast.com\/wordpress\/plugins\/seo\/ -->\n<title>\ud83c\uddec\ud83c\udde7Commander: The Lord of the Rings: Tales of Middle-earth: &quot;Food and Fellowship&quot; Commander Deck<\/title>\n<meta name=\"robots\" content=\"index, follow, max-snippet:-1, max-image-preview:large, max-video-preview:-1\" \/>\n<link rel=\"canonical\" href=\"https:\/\/worldsofmagic.net\/fr\/produit\/commander-the-lord-of-the-rings-tales-of-middle-earth-food-and-fellowship-commander-deck\/\" \/>\n<meta property=\"og:locale\" content=\"fr_FR\" \/>\n<meta property=\"og:type\" content=\"article\" \/>\n<meta property=\"og:title\" content=\"\ud83c\uddec\ud83c\udde7Commander: The Lord of the Rings: Tales of Middle-earth: &quot;Food and Fellowship&quot; Commander Deck\" \/>\n<meta property=\"og:description\" content=\"The Magic set The Lord of the Rings : Tales of Middle-Earth lets you dive back once more into the epic story of the Fellowship of the Ring and other legendary tales from Middle-earth. Follow Frodo and Sam along their path to Mordor and crown Aragorn, heir to the kings of N\u00famenor. Reunite with your [&hellip;]\" \/>\n<meta property=\"og:url\" content=\"https:\/\/worldsofmagic.net\/fr\/produit\/commander-the-lord-of-the-rings-tales-of-middle-earth-food-and-fellowship-commander-deck\/\" \/>\n<meta property=\"og:site_name\" content=\"Worlds Of Magic\" \/>\n<meta property=\"article:modified_time\" content=\"2024-12-10T09:55:26+00:00\" \/>\n<meta property=\"og:image\" content=\"https:\/\/worldsofmagic.net\/wp-content\/uploads\/2024\/10\/711566.png\" \/>\n\t<meta property=\"og:image:width\" content=\"300\" \/>\n\t<meta property=\"og:image:height\" content=\"300\" \/>\n\t<meta property=\"og:image:type\" content=\"image\/png\" \/>\n<meta name=\"twitter:card\" content=\"summary_large_image\" \/>\n<meta name=\"twitter:label1\" content=\"Dur\u00e9e de lecture estim\u00e9e\" \/>\n\t<meta name=\"twitter:data1\" content=\"1 minute\" \/>\n<script type=\"application\/ld+json\" class=\"yoast-schema-graph\">{\"@context\":\"https:\/\/schema.org\",\"@graph\":[{\"@type\":\"WebPage\",\"@id\":\"https:\/\/worldsofmagic.net\/product\/commander-the-lord-of-the-rings-tales-of-middle-earth-food-and-fellowship-commander-deck\/\",\"url\":\"https:\/\/worldsofmagic.net\/product\/commander-the-lord-of-the-rings-tales-of-middle-earth-food-and-fellowship-commander-deck\/\",\"name\":\"\ud83c\uddec\ud83c\udde7Commander: The Lord of the Rings: Tales of Middle-earth: \\\"Food and Fellowship\\\" Commander Deck\",\"isPartOf\":{\"@id\":\"https:\/\/worldsofmagic.net\/#website\"},\"primaryImageOfPage\":{\"@id\":\"https:\/\/worldsofmagic.net\/product\/commander-the-lord-of-the-rings-tales-of-middle-earth-food-and-fellowship-commander-deck\/#primaryimage\"},\"image\":{\"@id\":\"https:\/\/worldsofmagic.net\/product\/commander-the-lord-of-the-rings-tales-of-middle-earth-food-and-fellowship-commander-deck\/#primaryimage\"},\"thumbnailUrl\":\"https:\/\/worldsofmagic.net\/wp-content\/uploads\/2024\/10\/711566.png\",\"datePublished\":\"2024-10-30T14:05:32+00:00\",\"dateModified\":\"2024-12-10T09:55:26+00:00\",\"breadcrumb\":{\"@id\":\"https:\/\/worldsofmagic.net\/product\/commander-the-lord-of-the-rings-tales-of-middle-earth-food-and-fellowship-commander-deck\/#breadcrumb\"},\"inLanguage\":\"fr-FR\",\"potentialAction\":[{\"@type\":\"ReadAction\",\"target\":[\"https:\/\/worldsofmagic.net\/product\/commander-the-lord-of-the-rings-tales-of-middle-earth-food-and-fellowship-commander-deck\/\"]}]},{\"@type\":\"ImageObject\",\"inLanguage\":\"fr-FR\",\"@id\":\"https:\/\/worldsofmagic.net\/product\/commander-the-lord-of-the-rings-tales-of-middle-earth-food-and-fellowship-commander-deck\/#primaryimage\",\"url\":\"https:\/\/worldsofmagic.net\/wp-content\/uploads\/2024\/10\/711566.png\",\"contentUrl\":\"https:\/\/worldsofmagic.net\/wp-content\/uploads\/2024\/10\/711566.png\",\"width\":300,\"height\":300},{\"@type\":\"BreadcrumbList\",\"@id\":\"https:\/\/worldsofmagic.net\/product\/commander-the-lord-of-the-rings-tales-of-middle-earth-food-and-fellowship-commander-deck\/#breadcrumb\",\"itemListElement\":[{\"@type\":\"ListItem\",\"position\":1,\"name\":\"Accueil\",\"item\":\"https:\/\/worldsofmagic.net\/\"},{\"@type\":\"ListItem\",\"position\":2,\"name\":\"Shop\",\"item\":\"https:\/\/worldsofmagic.net\/shop\/\"},{\"@type\":\"ListItem\",\"position\":3,\"name\":\"\ud83c\uddec\ud83c\udde7Commander: The Lord of the Rings: Tales of Middle-earth: &#8220;Food and Fellowship&#8221; Commander Deck\"}]},{\"@type\":\"WebSite\",\"@id\":\"https:\/\/worldsofmagic.net\/#website\",\"url\":\"https:\/\/worldsofmagic.net\/\",\"name\":\"Worlds Of Magic\",\"description\":\"\",\"publisher\":{\"@id\":\"https:\/\/worldsofmagic.net\/#organization\"},\"potentialAction\":[{\"@type\":\"SearchAction\",\"target\":{\"@type\":\"EntryPoint\",\"urlTemplate\":\"https:\/\/worldsofmagic.net\/?s={search_term_string}\"},\"query-input\":{\"@type\":\"PropertyValueSpecification\",\"valueRequired\":true,\"valueName\":\"search_term_string\"}}],\"inLanguage\":\"fr-FR\"},{\"@type\":\"Organization\",\"@id\":\"https:\/\/worldsofmagic.net\/#organization\",\"name\":\"Worlds Of Magic\",\"alternateName\":\"Worlds Of Magic\",\"url\":\"https:\/\/worldsofmagic.net\/\",\"logo\":{\"@type\":\"ImageObject\",\"inLanguage\":\"fr-FR\",\"@id\":\"https:\/\/worldsofmagic.net\/#\/schema\/logo\/image\/\",\"url\":\"https:\/\/worldsofmagic.net\/wp-content\/uploads\/2024\/07\/image.png\",\"contentUrl\":\"https:\/\/worldsofmagic.net\/wp-content\/uploads\/2024\/07\/image.png\",\"width\":1072,\"height\":341,\"caption\":\"Worlds Of Magic\"},\"image\":{\"@id\":\"https:\/\/worldsofmagic.net\/#\/schema\/logo\/image\/\"}}]}<\/script>\n<!-- \/ Yoast SEO plugin. -->","yoast_head_json":{"title":"\ud83c\uddec\ud83c\udde7Commander: The Lord of the Rings: Tales of Middle-earth: \"Food and Fellowship\" Commander Deck","robots":{"index":"index","follow":"follow","max-snippet":"max-snippet:-1","max-image-preview":"max-image-preview:large","max-video-preview":"max-video-preview:-1"},"canonical":"https:\/\/worldsofmagic.net\/fr\/produit\/commander-the-lord-of-the-rings-tales-of-middle-earth-food-and-fellowship-commander-deck\/","og_locale":"fr_FR","og_type":"article","og_title":"\ud83c\uddec\ud83c\udde7Commander: The Lord of the Rings: Tales of Middle-earth: \"Food and Fellowship\" Commander Deck","og_description":"The Magic set The Lord of the Rings : Tales of Middle-Earth lets you dive back once more into the epic story of the Fellowship of the Ring and other legendary tales from Middle-earth. Follow Frodo and Sam along their path to Mordor and crown Aragorn, heir to the kings of N\u00famenor. Reunite with your [&hellip;]","og_url":"https:\/\/worldsofmagic.net\/fr\/produit\/commander-the-lord-of-the-rings-tales-of-middle-earth-food-and-fellowship-commander-deck\/","og_site_name":"Worlds Of Magic","article_modified_time":"2024-12-10T09:55:26+00:00","og_image":[{"width":300,"height":300,"url":"https:\/\/worldsofmagic.net\/wp-content\/uploads\/2024\/10\/711566.png","type":"image\/png"}],"twitter_card":"summary_large_image","twitter_misc":{"Dur\u00e9e de lecture estim\u00e9e":"1 minute"},"schema":{"@context":"https:\/\/schema.org","@graph":[{"@type":"WebPage","@id":"https:\/\/worldsofmagic.net\/product\/commander-the-lord-of-the-rings-tales-of-middle-earth-food-and-fellowship-commander-deck\/","url":"https:\/\/worldsofmagic.net\/product\/commander-the-lord-of-the-rings-tales-of-middle-earth-food-and-fellowship-commander-deck\/","name":"\ud83c\uddec\ud83c\udde7Commander: The Lord of the Rings: Tales of Middle-earth: \"Food and Fellowship\" Commander Deck","isPartOf":{"@id":"https:\/\/worldsofmagic.net\/#website"},"primaryImageOfPage":{"@id":"https:\/\/worldsofmagic.net\/product\/commander-the-lord-of-the-rings-tales-of-middle-earth-food-and-fellowship-commander-deck\/#primaryimage"},"image":{"@id":"https:\/\/worldsofmagic.net\/product\/commander-the-lord-of-the-rings-tales-of-middle-earth-food-and-fellowship-commander-deck\/#primaryimage"},"thumbnailUrl":"https:\/\/worldsofmagic.net\/wp-content\/uploads\/2024\/10\/711566.png","datePublished":"2024-10-30T14:05:32+00:00","dateModified":"2024-12-10T09:55:26+00:00","breadcrumb":{"@id":"https:\/\/worldsofmagic.net\/product\/commander-the-lord-of-the-rings-tales-of-middle-earth-food-and-fellowship-commander-deck\/#breadcrumb"},"inLanguage":"fr-FR","potentialAction":[{"@type":"ReadAction","target":["https:\/\/worldsofmagic.net\/product\/commander-the-lord-of-the-rings-tales-of-middle-earth-food-and-fellowship-commander-deck\/"]}]},{"@type":"ImageObject","inLanguage":"fr-FR","@id":"https:\/\/worldsofmagic.net\/product\/commander-the-lord-of-the-rings-tales-of-middle-earth-food-and-fellowship-commander-deck\/#primaryimage","url":"https:\/\/worldsofmagic.net\/wp-content\/uploads\/2024\/10\/711566.png","contentUrl":"https:\/\/worldsofmagic.net\/wp-content\/uploads\/2024\/10\/711566.png","width":300,"height":300},{"@type":"BreadcrumbList","@id":"https:\/\/worldsofmagic.net\/product\/commander-the-lord-of-the-rings-tales-of-middle-earth-food-and-fellowship-commander-deck\/#breadcrumb","itemListElement":[{"@type":"ListItem","position":1,"name":"Accueil","item":"https:\/\/worldsofmagic.net\/"},{"@type":"ListItem","position":2,"name":"Shop","item":"https:\/\/worldsofmagic.net\/shop\/"},{"@type":"ListItem","position":3,"name":"\ud83c\uddec\ud83c\udde7Commander: The Lord of the Rings: Tales of Middle-earth: &#8220;Food and Fellowship&#8221; Commander Deck"}]},{"@type":"WebSite","@id":"https:\/\/worldsofmagic.net\/#website","url":"https:\/\/worldsofmagic.net\/","name":"Worlds Of Magic","description":"","publisher":{"@id":"https:\/\/worldsofmagic.net\/#organization"},"potentialAction":[{"@type":"SearchAction","target":{"@type":"EntryPoint","urlTemplate":"https:\/\/worldsofmagic.net\/?s={search_term_string}"},"query-input":{"@type":"PropertyValueSpecification","valueRequired":true,"valueName":"search_term_string"}}],"inLanguage":"fr-FR"},{"@type":"Organization","@id":"https:\/\/worldsofmagic.net\/#organization","name":"Worlds Of Magic","alternateName":"Worlds Of Magic","url":"https:\/\/worldsofmagic.net\/","logo":{"@type":"ImageObject","inLanguage":"fr-FR","@id":"https:\/\/worldsofmagic.net\/#\/schema\/logo\/image\/","url":"https:\/\/worldsofmagic.net\/wp-content\/uploads\/2024\/07\/image.png","contentUrl":"https:\/\/worldsofmagic.net\/wp-content\/uploads\/2024\/07\/image.png","width":1072,"height":341,"caption":"Worlds Of Magic"},"image":{"@id":"https:\/\/worldsofmagic.net\/#\/schema\/logo\/image\/"}}]}},"jetpack_sharing_enabled":true,"_links":{"self":[{"href":"https:\/\/worldsofmagic.net\/fr\/wp-json\/wp\/v2\/product\/1839"}],"collection":[{"href":"https:\/\/worldsofmagic.net\/fr\/wp-json\/wp\/v2\/product"}],"about":[{"href":"https:\/\/worldsofmagic.net\/fr\/wp-json\/wp\/v2\/types\/product"}],"replies":[{"embeddable":true,"href":"https:\/\/worldsofmagic.net\/fr\/wp-json\/wp\/v2\/comments?post=1839"}],"wp:featuredmedia":[{"embeddable":true,"href":"https:\/\/worldsofmagic.net\/fr\/wp-json\/wp\/v2\/media\/1840"}],"wp:attachment":[{"href":"https:\/\/worldsofmagic.net\/fr\/wp-json\/wp\/v2\/media?parent=1839"}],"wp:term":[{"taxonomy":"product_cat","embeddable":true,"href":"https:\/\/worldsofmagic.net\/fr\/wp-json\/wp\/v2\/product_cat?post=1839"},{"taxonomy":"product_tag","embeddable":true,"href":"https:\/\/worldsofmagic.net\/fr\/wp-json\/wp\/v2\/product_tag?post=1839"}],"curies":[{"name":"wp","href":"https:\/\/api.w.org\/{rel}","templated":true}]}}