{"id":1855,"date":"2024-10-30T14:40:23","date_gmt":"2024-10-30T14:40:23","guid":{"rendered":"https:\/\/worldsofmagic.net\/?post_type=product&#038;p=1855"},"modified":"2025-07-13T12:37:06","modified_gmt":"2025-07-13T12:37:06","slug":"universes-beyond-fallout-scrappy-survivors-commander-deck","status":"publish","type":"product","link":"https:\/\/worldsofmagic.net\/fr\/produit\/universes-beyond-fallout-scrappy-survivors-commander-deck\/","title":{"rendered":"Univers Infinis Fallout: Deck Commander\u00ab Scrappy Survivors \u00bb\ud83c\uddec\ud83c\udde7"},"content":{"rendered":"<p>Fallout est un set Magic d\u00e9di\u00e9 au format Commander, dans l&#039;univers de la c\u00e9l\u00e8bre s\u00e9rie de jeux vid\u00e9o. Il s&#039;agit d&#039;un set issu des Universes Beyond, une s\u00e9rie de sets crossover entre Magic et d&#039;autres licences c\u00e9l\u00e8bres.<\/p>\n<p>Aventurez-vous hors des coffres et explorez les terres d\u00e9sol\u00e9es de l&#039;univers post-apocalyptique de Fallout ! Affrontez un monde hostile ravag\u00e9 par la grande guerre nucl\u00e9aire et habit\u00e9 par des cr\u00e9atures mutantes pendant que vous luttez pour survivre et reconstruire une civilisation sur les ruines de la pr\u00e9c\u00e9dente.<\/p>\n<p>Ce crossover se compose de 4 decks Commander contenant des cartes repr\u00e9sentant les personnages, les lieux et les \u00e9v\u00e9nements de tous les jeux Fallout depuis le d\u00e9but de la s\u00e9rie en 1997.<\/p>\n<p>Cette \u00e9dition Commander contient \u00e9galement des boosters Collector. Ils contiennent d&#039;incroyables versions alternatives des cartes de ces 4 decks avec des illustrations \u00e9tonnantes que vous ne trouverez nulle part ailleurs !<\/p>\n<p><strong>Survivants en difficult\u00e9 <\/strong>est un deck Rouge \/ Vert \/ Blanc ax\u00e9 sur les auras et les \u00e9quipements.<\/p>\n<p>&nbsp;<\/p>\n<h3>Ce deck de commandant Universes Beyond: Fallout Scrappy Survivors en anglais contient :<\/h3>\n<ul>\n<li>100 cartes avec 2 cr\u00e9atures l\u00e9gendaires en aluminium<\/li>\n<li>1 pack d&#039;\u00e9chantillons Collector Booster contenant 2 cartes<\/li>\n<li>10 cartes jetons recto verso<\/li>\n<li>1 bo\u00eete de pont en carton<\/li>\n<li>1 roue de compteur de vie<\/li>\n<li>1 Encart de strat\u00e9gie<\/li>\n<\/ul>","protected":false},"excerpt":{"rendered":"<p>Fallout est un coffret Magic d\u00e9di\u00e9 au format Commander, dans l&#039;univers de la c\u00e9l\u00e8bre s\u00e9rie de jeux vid\u00e9o. Il s&#039;agit d&#039;un coffret issu des Universes Beyond, une s\u00e9rie de coffrets crossover entre Magic et d&#039;autres licences c\u00e9l\u00e8bres. Aventurez-vous hors des coffres et explorez les terres d\u00e9sol\u00e9es de l&#039;univers post-apocalyptique de Fallout ! Affrontez un monde hostile [\u2026]<\/p>","protected":false},"featured_media":1856,"comment_status":"open","ping_status":"closed","template":"","meta":[],"product_cat":[34,94,21],"product_tag":[],"class_list":{"0":"post-1855","1":"product","2":"type-product","3":"status-publish","4":"has-post-thumbnail","6":"product_cat-commander","7":"product_cat-english-commander","8":"product_cat-magic-the-gathering","9":"pa_language-english","10":"pa_mtg-edition-universes-beyond-fallout","12":"first","13":"outofstock","14":"purchasable","15":"product-type-simple"},"yoast_head":"<!-- This site is optimized with the Yoast SEO plugin v23.6 - https:\/\/yoast.com\/wordpress\/plugins\/seo\/ -->\n<title>\ud83c\uddec\ud83c\udde7Universes Beyond: Fallout: &quot;Scrappy Survivors&quot; Commander Deck - Worlds Of Magic<\/title>\n<meta name=\"description\" content=\"Fallout is a Magic Set dedicated to the Commander format, in the universe of the famous series of video games. It is a set from the Universes Beyond, a series of crossover sets between Magic and other famous licenses.\" \/>\n<meta name=\"robots\" content=\"index, follow, max-snippet:-1, max-image-preview:large, max-video-preview:-1\" \/>\n<link rel=\"canonical\" href=\"https:\/\/worldsofmagic.net\/fr\/produit\/universes-beyond-fallout-scrappy-survivors-commander-deck\/\" \/>\n<meta property=\"og:locale\" content=\"fr_FR\" \/>\n<meta property=\"og:type\" content=\"article\" \/>\n<meta property=\"og:title\" content=\"\ud83c\uddec\ud83c\udde7Universes Beyond: Fallout: &quot;Scrappy Survivors&quot; Commander Deck - Worlds Of Magic\" \/>\n<meta property=\"og:description\" content=\"Fallout is a Magic Set dedicated to the Commander format, in the universe of the famous series of video games. It is a set from the Universes Beyond, a series of crossover sets between Magic and other famous licenses.\" \/>\n<meta property=\"og:url\" content=\"https:\/\/worldsofmagic.net\/fr\/produit\/universes-beyond-fallout-scrappy-survivors-commander-deck\/\" \/>\n<meta property=\"og:site_name\" content=\"Worlds Of Magic\" \/>\n<meta property=\"article:modified_time\" content=\"2025-07-13T12:37:06+00:00\" \/>\n<meta property=\"og:image\" content=\"https:\/\/worldsofmagic.net\/wp-content\/uploads\/2024\/10\/Universes-Beyond-FalloutScrappy-Survivor-Commander-Deck.png\" \/>\n\t<meta property=\"og:image:width\" content=\"300\" \/>\n\t<meta property=\"og:image:height\" content=\"300\" \/>\n\t<meta property=\"og:image:type\" content=\"image\/png\" \/>\n<meta name=\"twitter:card\" content=\"summary_large_image\" \/>\n<meta name=\"twitter:label1\" content=\"Dur\u00e9e de lecture estim\u00e9e\" \/>\n\t<meta name=\"twitter:data1\" content=\"2 minutes\" \/>\n<script type=\"application\/ld+json\" class=\"yoast-schema-graph\">{\"@context\":\"https:\/\/schema.org\",\"@graph\":[{\"@type\":\"WebPage\",\"@id\":\"https:\/\/worldsofmagic.net\/product\/universes-beyond-fallout-scrappy-survivors-commander-deck\/\",\"url\":\"https:\/\/worldsofmagic.net\/product\/universes-beyond-fallout-scrappy-survivors-commander-deck\/\",\"name\":\"\ud83c\uddec\ud83c\udde7Universes Beyond: Fallout: \\\"Scrappy Survivors\\\" Commander Deck - Worlds Of Magic\",\"isPartOf\":{\"@id\":\"https:\/\/worldsofmagic.net\/#website\"},\"primaryImageOfPage\":{\"@id\":\"https:\/\/worldsofmagic.net\/product\/universes-beyond-fallout-scrappy-survivors-commander-deck\/#primaryimage\"},\"image\":{\"@id\":\"https:\/\/worldsofmagic.net\/product\/universes-beyond-fallout-scrappy-survivors-commander-deck\/#primaryimage\"},\"thumbnailUrl\":\"https:\/\/worldsofmagic.net\/wp-content\/uploads\/2024\/10\/Universes-Beyond-FalloutScrappy-Survivor-Commander-Deck.png\",\"datePublished\":\"2024-10-30T14:40:23+00:00\",\"dateModified\":\"2025-07-13T12:37:06+00:00\",\"description\":\"Fallout is a Magic Set dedicated to the Commander format, in the universe of the famous series of video games. It is a set from the Universes Beyond, a series of crossover sets between Magic and other famous licenses.\",\"breadcrumb\":{\"@id\":\"https:\/\/worldsofmagic.net\/product\/universes-beyond-fallout-scrappy-survivors-commander-deck\/#breadcrumb\"},\"inLanguage\":\"fr-FR\",\"potentialAction\":[{\"@type\":\"ReadAction\",\"target\":[\"https:\/\/worldsofmagic.net\/product\/universes-beyond-fallout-scrappy-survivors-commander-deck\/\"]}]},{\"@type\":\"ImageObject\",\"inLanguage\":\"fr-FR\",\"@id\":\"https:\/\/worldsofmagic.net\/product\/universes-beyond-fallout-scrappy-survivors-commander-deck\/#primaryimage\",\"url\":\"https:\/\/worldsofmagic.net\/wp-content\/uploads\/2024\/10\/Universes-Beyond-FalloutScrappy-Survivor-Commander-Deck.png\",\"contentUrl\":\"https:\/\/worldsofmagic.net\/wp-content\/uploads\/2024\/10\/Universes-Beyond-FalloutScrappy-Survivor-Commander-Deck.png\",\"width\":300,\"height\":300},{\"@type\":\"BreadcrumbList\",\"@id\":\"https:\/\/worldsofmagic.net\/product\/universes-beyond-fallout-scrappy-survivors-commander-deck\/#breadcrumb\",\"itemListElement\":[{\"@type\":\"ListItem\",\"position\":1,\"name\":\"Accueil\",\"item\":\"https:\/\/worldsofmagic.net\/\"},{\"@type\":\"ListItem\",\"position\":2,\"name\":\"Shop\",\"item\":\"https:\/\/worldsofmagic.net\/shop\/\"},{\"@type\":\"ListItem\",\"position\":3,\"name\":\"\ud83c\uddec\ud83c\udde7Universes Beyond: Fallout: &#8220;Scrappy Survivors&#8221; Commander Deck\"}]},{\"@type\":\"WebSite\",\"@id\":\"https:\/\/worldsofmagic.net\/#website\",\"url\":\"https:\/\/worldsofmagic.net\/\",\"name\":\"Worlds Of Magic\",\"description\":\"\",\"publisher\":{\"@id\":\"https:\/\/worldsofmagic.net\/#organization\"},\"potentialAction\":[{\"@type\":\"SearchAction\",\"target\":{\"@type\":\"EntryPoint\",\"urlTemplate\":\"https:\/\/worldsofmagic.net\/?s={search_term_string}\"},\"query-input\":{\"@type\":\"PropertyValueSpecification\",\"valueRequired\":true,\"valueName\":\"search_term_string\"}}],\"inLanguage\":\"fr-FR\"},{\"@type\":\"Organization\",\"@id\":\"https:\/\/worldsofmagic.net\/#organization\",\"name\":\"Worlds Of Magic\",\"alternateName\":\"Worlds Of Magic\",\"url\":\"https:\/\/worldsofmagic.net\/\",\"logo\":{\"@type\":\"ImageObject\",\"inLanguage\":\"fr-FR\",\"@id\":\"https:\/\/worldsofmagic.net\/#\/schema\/logo\/image\/\",\"url\":\"https:\/\/worldsofmagic.net\/wp-content\/uploads\/2024\/07\/image.png\",\"contentUrl\":\"https:\/\/worldsofmagic.net\/wp-content\/uploads\/2024\/07\/image.png\",\"width\":1072,\"height\":341,\"caption\":\"Worlds Of Magic\"},\"image\":{\"@id\":\"https:\/\/worldsofmagic.net\/#\/schema\/logo\/image\/\"}}]}<\/script>\n<!-- \/ Yoast SEO plugin. -->","yoast_head_json":{"title":"\ud83c\uddec\ud83c\udde7Universes Beyond: Fallout: \"Scrappy Survivors\" Commander Deck - Worlds Of Magic","description":"Fallout is a Magic Set dedicated to the Commander format, in the universe of the famous series of video games. It is a set from the Universes Beyond, a series of crossover sets between Magic and other famous licenses.","robots":{"index":"index","follow":"follow","max-snippet":"max-snippet:-1","max-image-preview":"max-image-preview:large","max-video-preview":"max-video-preview:-1"},"canonical":"https:\/\/worldsofmagic.net\/fr\/produit\/universes-beyond-fallout-scrappy-survivors-commander-deck\/","og_locale":"fr_FR","og_type":"article","og_title":"\ud83c\uddec\ud83c\udde7Universes Beyond: Fallout: \"Scrappy Survivors\" Commander Deck - Worlds Of Magic","og_description":"Fallout is a Magic Set dedicated to the Commander format, in the universe of the famous series of video games. It is a set from the Universes Beyond, a series of crossover sets between Magic and other famous licenses.","og_url":"https:\/\/worldsofmagic.net\/fr\/produit\/universes-beyond-fallout-scrappy-survivors-commander-deck\/","og_site_name":"Worlds Of Magic","article_modified_time":"2025-07-13T12:37:06+00:00","og_image":[{"width":300,"height":300,"url":"https:\/\/worldsofmagic.net\/wp-content\/uploads\/2024\/10\/Universes-Beyond-FalloutScrappy-Survivor-Commander-Deck.png","type":"image\/png"}],"twitter_card":"summary_large_image","twitter_misc":{"Dur\u00e9e de lecture estim\u00e9e":"2 minutes"},"schema":{"@context":"https:\/\/schema.org","@graph":[{"@type":"WebPage","@id":"https:\/\/worldsofmagic.net\/product\/universes-beyond-fallout-scrappy-survivors-commander-deck\/","url":"https:\/\/worldsofmagic.net\/product\/universes-beyond-fallout-scrappy-survivors-commander-deck\/","name":"\ud83c\uddec\ud83c\udde7Universes Beyond: Fallout: \"Scrappy Survivors\" Commander Deck - Worlds Of Magic","isPartOf":{"@id":"https:\/\/worldsofmagic.net\/#website"},"primaryImageOfPage":{"@id":"https:\/\/worldsofmagic.net\/product\/universes-beyond-fallout-scrappy-survivors-commander-deck\/#primaryimage"},"image":{"@id":"https:\/\/worldsofmagic.net\/product\/universes-beyond-fallout-scrappy-survivors-commander-deck\/#primaryimage"},"thumbnailUrl":"https:\/\/worldsofmagic.net\/wp-content\/uploads\/2024\/10\/Universes-Beyond-FalloutScrappy-Survivor-Commander-Deck.png","datePublished":"2024-10-30T14:40:23+00:00","dateModified":"2025-07-13T12:37:06+00:00","description":"Fallout is a Magic Set dedicated to the Commander format, in the universe of the famous series of video games. It is a set from the Universes Beyond, a series of crossover sets between Magic and other famous licenses.","breadcrumb":{"@id":"https:\/\/worldsofmagic.net\/product\/universes-beyond-fallout-scrappy-survivors-commander-deck\/#breadcrumb"},"inLanguage":"fr-FR","potentialAction":[{"@type":"ReadAction","target":["https:\/\/worldsofmagic.net\/product\/universes-beyond-fallout-scrappy-survivors-commander-deck\/"]}]},{"@type":"ImageObject","inLanguage":"fr-FR","@id":"https:\/\/worldsofmagic.net\/product\/universes-beyond-fallout-scrappy-survivors-commander-deck\/#primaryimage","url":"https:\/\/worldsofmagic.net\/wp-content\/uploads\/2024\/10\/Universes-Beyond-FalloutScrappy-Survivor-Commander-Deck.png","contentUrl":"https:\/\/worldsofmagic.net\/wp-content\/uploads\/2024\/10\/Universes-Beyond-FalloutScrappy-Survivor-Commander-Deck.png","width":300,"height":300},{"@type":"BreadcrumbList","@id":"https:\/\/worldsofmagic.net\/product\/universes-beyond-fallout-scrappy-survivors-commander-deck\/#breadcrumb","itemListElement":[{"@type":"ListItem","position":1,"name":"Accueil","item":"https:\/\/worldsofmagic.net\/"},{"@type":"ListItem","position":2,"name":"Shop","item":"https:\/\/worldsofmagic.net\/shop\/"},{"@type":"ListItem","position":3,"name":"\ud83c\uddec\ud83c\udde7Universes Beyond: Fallout: &#8220;Scrappy Survivors&#8221; Commander Deck"}]},{"@type":"WebSite","@id":"https:\/\/worldsofmagic.net\/#website","url":"https:\/\/worldsofmagic.net\/","name":"Worlds Of Magic","description":"","publisher":{"@id":"https:\/\/worldsofmagic.net\/#organization"},"potentialAction":[{"@type":"SearchAction","target":{"@type":"EntryPoint","urlTemplate":"https:\/\/worldsofmagic.net\/?s={search_term_string}"},"query-input":{"@type":"PropertyValueSpecification","valueRequired":true,"valueName":"search_term_string"}}],"inLanguage":"fr-FR"},{"@type":"Organization","@id":"https:\/\/worldsofmagic.net\/#organization","name":"Worlds Of Magic","alternateName":"Worlds Of Magic","url":"https:\/\/worldsofmagic.net\/","logo":{"@type":"ImageObject","inLanguage":"fr-FR","@id":"https:\/\/worldsofmagic.net\/#\/schema\/logo\/image\/","url":"https:\/\/worldsofmagic.net\/wp-content\/uploads\/2024\/07\/image.png","contentUrl":"https:\/\/worldsofmagic.net\/wp-content\/uploads\/2024\/07\/image.png","width":1072,"height":341,"caption":"Worlds Of Magic"},"image":{"@id":"https:\/\/worldsofmagic.net\/#\/schema\/logo\/image\/"}}]}},"jetpack_sharing_enabled":true,"_links":{"self":[{"href":"https:\/\/worldsofmagic.net\/fr\/wp-json\/wp\/v2\/product\/1855"}],"collection":[{"href":"https:\/\/worldsofmagic.net\/fr\/wp-json\/wp\/v2\/product"}],"about":[{"href":"https:\/\/worldsofmagic.net\/fr\/wp-json\/wp\/v2\/types\/product"}],"replies":[{"embeddable":true,"href":"https:\/\/worldsofmagic.net\/fr\/wp-json\/wp\/v2\/comments?post=1855"}],"wp:featuredmedia":[{"embeddable":true,"href":"https:\/\/worldsofmagic.net\/fr\/wp-json\/wp\/v2\/media\/1856"}],"wp:attachment":[{"href":"https:\/\/worldsofmagic.net\/fr\/wp-json\/wp\/v2\/media?parent=1855"}],"wp:term":[{"taxonomy":"product_cat","embeddable":true,"href":"https:\/\/worldsofmagic.net\/fr\/wp-json\/wp\/v2\/product_cat?post=1855"},{"taxonomy":"product_tag","embeddable":true,"href":"https:\/\/worldsofmagic.net\/fr\/wp-json\/wp\/v2\/product_tag?post=1855"}],"curies":[{"name":"wp","href":"https:\/\/api.w.org\/{rel}","templated":true}]}}