{"id":1865,"date":"2024-10-30T15:10:06","date_gmt":"2024-10-30T15:10:06","guid":{"rendered":"https:\/\/worldsofmagic.net\/?post_type=product&#038;p=1865"},"modified":"2025-02-15T01:57:51","modified_gmt":"2025-02-15T01:57:51","slug":"universes-beyond-doctor-who-masters-of-evil-commander-deck","status":"publish","type":"product","link":"https:\/\/worldsofmagic.net\/fr\/produit\/universes-beyond-doctor-who-masters-of-evil-commander-deck\/","title":{"rendered":"Deck Commander Univers Infinis : Doctor Who Ma\u00eetres du Mal - Magic \ud83c\uddec\ud83c\udde7"},"content":{"rendered":"<h2>Univers au-del\u00e0 : Deck Commander Masters of Evil de Doctor Who \u2013 Magic FR<\/h2>\n<h3>\u00c0 propos de l&#039;ensemble Universes Beyond: Doctor Who<\/h3>\n<p>Doctor Who est un coffret Magic d\u00e9di\u00e9 \u00e0 Commander, dans l&#039;univers de la c\u00e9l\u00e8bre s\u00e9rie t\u00e9l\u00e9vis\u00e9e britannique de science-fiction. Il s&#039;agit d&#039;un coffret issu des Universes Beyond, une s\u00e9rie de coffrets crossover entre Magic et d&#039;autres licences c\u00e9l\u00e8bres.<\/p>\n<p>Voyagez \u00e0 travers le Temps et l&#039;Espace \u00e0 bord du TARDIS avec le Docteur et ses compagnons. Prot\u00e9gez l&#039;univers contre toutes sortes de menaces ou tentez de le conqu\u00e9rir en rejoignant les ennemis du Docteur ! C\u00e9l\u00e9brez le 60e anniversaire de la s\u00e9rie avec 4 decks Commander dans l&#039;univers de Doctor Who contenant des cartes mettant en sc\u00e8ne toutes les incarnations du Docteur, de ses compagnons et de ses ennemis les plus embl\u00e9matiques !<\/p>\n<p><strong>Les ma\u00eetres du mal<\/strong> est un <strong>Bleu-Noir-Rouge<\/strong> Deck d\u00e9di\u00e9 aux ennemis les plus embl\u00e9matiques du Docteur, comme les Daleks ou les Anges Pleureurs.<\/p>","protected":false},"excerpt":{"rendered":"<p>Universes Beyond : Doctor Who Masters of Evil Commander Deck \u2013 Magic FR \u00c0 propos du set Universes Beyond : Doctor Who Doctor Who est un set Magic d\u00e9di\u00e9 \u00e0 Commander, dans l\u2019univers de la c\u00e9l\u00e8bre s\u00e9rie t\u00e9l\u00e9vis\u00e9e britannique de science-fiction. Il s\u2019agit d\u2019un set issu des Universes Beyond, une s\u00e9rie de sets crossover entre Magic et d\u2019autres [\u2026]<\/p>","protected":false},"featured_media":1866,"comment_status":"open","ping_status":"closed","template":"","meta":[],"product_cat":[34,94,21],"product_tag":[],"class_list":{"0":"post-1865","1":"product","2":"type-product","3":"status-publish","4":"has-post-thumbnail","6":"product_cat-commander","7":"product_cat-english-commander","8":"product_cat-magic-the-gathering","9":"pa_language-english","10":"pa_mtg-edition-universes-beyond-doctor-who","12":"first","13":"outofstock","14":"purchasable","15":"product-type-simple"},"yoast_head":"<!-- This site is optimized with the Yoast SEO plugin v23.6 - https:\/\/yoast.com\/wordpress\/plugins\/seo\/ -->\n<title>\ud83c\uddec\ud83c\udde7Universes Beyond: Doctor Who: &quot;Masters of Evil&quot; Commander Deck<\/title>\n<meta name=\"robots\" content=\"index, follow, max-snippet:-1, max-image-preview:large, max-video-preview:-1\" \/>\n<link rel=\"canonical\" href=\"https:\/\/worldsofmagic.net\/fr\/produit\/universes-beyond-doctor-who-masters-of-evil-commander-deck\/\" \/>\n<meta property=\"og:locale\" content=\"fr_FR\" \/>\n<meta property=\"og:type\" content=\"article\" \/>\n<meta property=\"og:title\" content=\"\ud83c\uddec\ud83c\udde7Universes Beyond: Doctor Who: &quot;Masters of Evil&quot; Commander Deck\" \/>\n<meta property=\"og:description\" content=\"Universes Beyond: Doctor Who Masters of Evil Commander Deck &#8211; \u00a0Magic EN About the set Universes Beyond: Doctor Who Doctor Who is a Magic Set dedicated to Commander, in the universe of the famous British science-fiction TV series. It is a set from the Universes Beyond, a series of crossover sets between Magic and other [&hellip;]\" \/>\n<meta property=\"og:url\" content=\"https:\/\/worldsofmagic.net\/fr\/produit\/universes-beyond-doctor-who-masters-of-evil-commander-deck\/\" \/>\n<meta property=\"og:site_name\" content=\"Worlds Of Magic\" \/>\n<meta property=\"article:modified_time\" content=\"2025-02-15T01:57:51+00:00\" \/>\n<meta property=\"og:image\" content=\"https:\/\/worldsofmagic.net\/wp-content\/uploads\/2024\/10\/MASTER-OF-EVIL.png\" \/>\n\t<meta property=\"og:image:width\" content=\"300\" \/>\n\t<meta property=\"og:image:height\" content=\"300\" \/>\n\t<meta property=\"og:image:type\" content=\"image\/png\" \/>\n<meta name=\"twitter:card\" content=\"summary_large_image\" \/>\n<meta name=\"twitter:label1\" content=\"Dur\u00e9e de lecture estim\u00e9e\" \/>\n\t<meta name=\"twitter:data1\" content=\"1 minute\" \/>\n<script type=\"application\/ld+json\" class=\"yoast-schema-graph\">{\"@context\":\"https:\/\/schema.org\",\"@graph\":[{\"@type\":\"WebPage\",\"@id\":\"https:\/\/worldsofmagic.net\/product\/universes-beyond-doctor-who-masters-of-evil-commander-deck\/\",\"url\":\"https:\/\/worldsofmagic.net\/product\/universes-beyond-doctor-who-masters-of-evil-commander-deck\/\",\"name\":\"\ud83c\uddec\ud83c\udde7Universes Beyond: Doctor Who: \\\"Masters of Evil\\\" Commander Deck\",\"isPartOf\":{\"@id\":\"https:\/\/worldsofmagic.net\/#website\"},\"primaryImageOfPage\":{\"@id\":\"https:\/\/worldsofmagic.net\/product\/universes-beyond-doctor-who-masters-of-evil-commander-deck\/#primaryimage\"},\"image\":{\"@id\":\"https:\/\/worldsofmagic.net\/product\/universes-beyond-doctor-who-masters-of-evil-commander-deck\/#primaryimage\"},\"thumbnailUrl\":\"https:\/\/worldsofmagic.net\/wp-content\/uploads\/2024\/10\/MASTER-OF-EVIL.png\",\"datePublished\":\"2024-10-30T15:10:06+00:00\",\"dateModified\":\"2025-02-15T01:57:51+00:00\",\"breadcrumb\":{\"@id\":\"https:\/\/worldsofmagic.net\/product\/universes-beyond-doctor-who-masters-of-evil-commander-deck\/#breadcrumb\"},\"inLanguage\":\"fr-FR\",\"potentialAction\":[{\"@type\":\"ReadAction\",\"target\":[\"https:\/\/worldsofmagic.net\/product\/universes-beyond-doctor-who-masters-of-evil-commander-deck\/\"]}]},{\"@type\":\"ImageObject\",\"inLanguage\":\"fr-FR\",\"@id\":\"https:\/\/worldsofmagic.net\/product\/universes-beyond-doctor-who-masters-of-evil-commander-deck\/#primaryimage\",\"url\":\"https:\/\/worldsofmagic.net\/wp-content\/uploads\/2024\/10\/MASTER-OF-EVIL.png\",\"contentUrl\":\"https:\/\/worldsofmagic.net\/wp-content\/uploads\/2024\/10\/MASTER-OF-EVIL.png\",\"width\":300,\"height\":300,\"caption\":\"MASTER OF EVIL\"},{\"@type\":\"BreadcrumbList\",\"@id\":\"https:\/\/worldsofmagic.net\/product\/universes-beyond-doctor-who-masters-of-evil-commander-deck\/#breadcrumb\",\"itemListElement\":[{\"@type\":\"ListItem\",\"position\":1,\"name\":\"Accueil\",\"item\":\"https:\/\/worldsofmagic.net\/\"},{\"@type\":\"ListItem\",\"position\":2,\"name\":\"Shop\",\"item\":\"https:\/\/worldsofmagic.net\/shop\/\"},{\"@type\":\"ListItem\",\"position\":3,\"name\":\"\ud83c\uddec\ud83c\udde7Universes Beyond: Doctor Who: &#8220;Masters of Evil&#8221; Commander Deck\"}]},{\"@type\":\"WebSite\",\"@id\":\"https:\/\/worldsofmagic.net\/#website\",\"url\":\"https:\/\/worldsofmagic.net\/\",\"name\":\"Worlds Of Magic\",\"description\":\"\",\"publisher\":{\"@id\":\"https:\/\/worldsofmagic.net\/#organization\"},\"potentialAction\":[{\"@type\":\"SearchAction\",\"target\":{\"@type\":\"EntryPoint\",\"urlTemplate\":\"https:\/\/worldsofmagic.net\/?s={search_term_string}\"},\"query-input\":{\"@type\":\"PropertyValueSpecification\",\"valueRequired\":true,\"valueName\":\"search_term_string\"}}],\"inLanguage\":\"fr-FR\"},{\"@type\":\"Organization\",\"@id\":\"https:\/\/worldsofmagic.net\/#organization\",\"name\":\"Worlds Of Magic\",\"alternateName\":\"Worlds Of Magic\",\"url\":\"https:\/\/worldsofmagic.net\/\",\"logo\":{\"@type\":\"ImageObject\",\"inLanguage\":\"fr-FR\",\"@id\":\"https:\/\/worldsofmagic.net\/#\/schema\/logo\/image\/\",\"url\":\"https:\/\/worldsofmagic.net\/wp-content\/uploads\/2024\/07\/image.png\",\"contentUrl\":\"https:\/\/worldsofmagic.net\/wp-content\/uploads\/2024\/07\/image.png\",\"width\":1072,\"height\":341,\"caption\":\"Worlds Of Magic\"},\"image\":{\"@id\":\"https:\/\/worldsofmagic.net\/#\/schema\/logo\/image\/\"}}]}<\/script>\n<!-- \/ Yoast SEO plugin. -->","yoast_head_json":{"title":"\ud83c\uddec\ud83c\udde7Universes Beyond: Doctor Who: \"Masters of Evil\" Commander Deck","robots":{"index":"index","follow":"follow","max-snippet":"max-snippet:-1","max-image-preview":"max-image-preview:large","max-video-preview":"max-video-preview:-1"},"canonical":"https:\/\/worldsofmagic.net\/fr\/produit\/universes-beyond-doctor-who-masters-of-evil-commander-deck\/","og_locale":"fr_FR","og_type":"article","og_title":"\ud83c\uddec\ud83c\udde7Universes Beyond: Doctor Who: \"Masters of Evil\" Commander Deck","og_description":"Universes Beyond: Doctor Who Masters of Evil Commander Deck &#8211; \u00a0Magic EN About the set Universes Beyond: Doctor Who Doctor Who is a Magic Set dedicated to Commander, in the universe of the famous British science-fiction TV series. It is a set from the Universes Beyond, a series of crossover sets between Magic and other [&hellip;]","og_url":"https:\/\/worldsofmagic.net\/fr\/produit\/universes-beyond-doctor-who-masters-of-evil-commander-deck\/","og_site_name":"Worlds Of Magic","article_modified_time":"2025-02-15T01:57:51+00:00","og_image":[{"width":300,"height":300,"url":"https:\/\/worldsofmagic.net\/wp-content\/uploads\/2024\/10\/MASTER-OF-EVIL.png","type":"image\/png"}],"twitter_card":"summary_large_image","twitter_misc":{"Dur\u00e9e de lecture estim\u00e9e":"1 minute"},"schema":{"@context":"https:\/\/schema.org","@graph":[{"@type":"WebPage","@id":"https:\/\/worldsofmagic.net\/product\/universes-beyond-doctor-who-masters-of-evil-commander-deck\/","url":"https:\/\/worldsofmagic.net\/product\/universes-beyond-doctor-who-masters-of-evil-commander-deck\/","name":"\ud83c\uddec\ud83c\udde7Universes Beyond: Doctor Who: \"Masters of Evil\" Commander Deck","isPartOf":{"@id":"https:\/\/worldsofmagic.net\/#website"},"primaryImageOfPage":{"@id":"https:\/\/worldsofmagic.net\/product\/universes-beyond-doctor-who-masters-of-evil-commander-deck\/#primaryimage"},"image":{"@id":"https:\/\/worldsofmagic.net\/product\/universes-beyond-doctor-who-masters-of-evil-commander-deck\/#primaryimage"},"thumbnailUrl":"https:\/\/worldsofmagic.net\/wp-content\/uploads\/2024\/10\/MASTER-OF-EVIL.png","datePublished":"2024-10-30T15:10:06+00:00","dateModified":"2025-02-15T01:57:51+00:00","breadcrumb":{"@id":"https:\/\/worldsofmagic.net\/product\/universes-beyond-doctor-who-masters-of-evil-commander-deck\/#breadcrumb"},"inLanguage":"fr-FR","potentialAction":[{"@type":"ReadAction","target":["https:\/\/worldsofmagic.net\/product\/universes-beyond-doctor-who-masters-of-evil-commander-deck\/"]}]},{"@type":"ImageObject","inLanguage":"fr-FR","@id":"https:\/\/worldsofmagic.net\/product\/universes-beyond-doctor-who-masters-of-evil-commander-deck\/#primaryimage","url":"https:\/\/worldsofmagic.net\/wp-content\/uploads\/2024\/10\/MASTER-OF-EVIL.png","contentUrl":"https:\/\/worldsofmagic.net\/wp-content\/uploads\/2024\/10\/MASTER-OF-EVIL.png","width":300,"height":300,"caption":"MASTER OF EVIL"},{"@type":"BreadcrumbList","@id":"https:\/\/worldsofmagic.net\/product\/universes-beyond-doctor-who-masters-of-evil-commander-deck\/#breadcrumb","itemListElement":[{"@type":"ListItem","position":1,"name":"Accueil","item":"https:\/\/worldsofmagic.net\/"},{"@type":"ListItem","position":2,"name":"Shop","item":"https:\/\/worldsofmagic.net\/shop\/"},{"@type":"ListItem","position":3,"name":"\ud83c\uddec\ud83c\udde7Universes Beyond: Doctor Who: &#8220;Masters of Evil&#8221; Commander Deck"}]},{"@type":"WebSite","@id":"https:\/\/worldsofmagic.net\/#website","url":"https:\/\/worldsofmagic.net\/","name":"Worlds Of Magic","description":"","publisher":{"@id":"https:\/\/worldsofmagic.net\/#organization"},"potentialAction":[{"@type":"SearchAction","target":{"@type":"EntryPoint","urlTemplate":"https:\/\/worldsofmagic.net\/?s={search_term_string}"},"query-input":{"@type":"PropertyValueSpecification","valueRequired":true,"valueName":"search_term_string"}}],"inLanguage":"fr-FR"},{"@type":"Organization","@id":"https:\/\/worldsofmagic.net\/#organization","name":"Worlds Of Magic","alternateName":"Worlds Of Magic","url":"https:\/\/worldsofmagic.net\/","logo":{"@type":"ImageObject","inLanguage":"fr-FR","@id":"https:\/\/worldsofmagic.net\/#\/schema\/logo\/image\/","url":"https:\/\/worldsofmagic.net\/wp-content\/uploads\/2024\/07\/image.png","contentUrl":"https:\/\/worldsofmagic.net\/wp-content\/uploads\/2024\/07\/image.png","width":1072,"height":341,"caption":"Worlds Of Magic"},"image":{"@id":"https:\/\/worldsofmagic.net\/#\/schema\/logo\/image\/"}}]}},"jetpack_sharing_enabled":true,"_links":{"self":[{"href":"https:\/\/worldsofmagic.net\/fr\/wp-json\/wp\/v2\/product\/1865"}],"collection":[{"href":"https:\/\/worldsofmagic.net\/fr\/wp-json\/wp\/v2\/product"}],"about":[{"href":"https:\/\/worldsofmagic.net\/fr\/wp-json\/wp\/v2\/types\/product"}],"replies":[{"embeddable":true,"href":"https:\/\/worldsofmagic.net\/fr\/wp-json\/wp\/v2\/comments?post=1865"}],"wp:featuredmedia":[{"embeddable":true,"href":"https:\/\/worldsofmagic.net\/fr\/wp-json\/wp\/v2\/media\/1866"}],"wp:attachment":[{"href":"https:\/\/worldsofmagic.net\/fr\/wp-json\/wp\/v2\/media?parent=1865"}],"wp:term":[{"taxonomy":"product_cat","embeddable":true,"href":"https:\/\/worldsofmagic.net\/fr\/wp-json\/wp\/v2\/product_cat?post=1865"},{"taxonomy":"product_tag","embeddable":true,"href":"https:\/\/worldsofmagic.net\/fr\/wp-json\/wp\/v2\/product_tag?post=1865"}],"curies":[{"name":"wp","href":"https:\/\/api.w.org\/{rel}","templated":true}]}}