{"id":1871,"date":"2024-10-30T19:53:26","date_gmt":"2024-10-30T19:53:26","guid":{"rendered":"https:\/\/worldsofmagic.net\/?post_type=product&#038;p=1871"},"modified":"2024-12-09T14:17:41","modified_gmt":"2024-12-09T14:17:41","slug":"universes-beyond-warhammer-40000-the-ruinous-powers-commander-deck","status":"publish","type":"product","link":"https:\/\/worldsofmagic.net\/fr\/produit\/universes-beyond-warhammer-40000-the-ruinous-powers-commander-deck\/","title":{"rendered":"Deck Commander Les Puissances de la Ruine Univers Infinis\ud83c\uddec\ud83c\udde7"},"content":{"rendered":"<p>Warhammer est un set Magic d\u00e9di\u00e9 au format Commander, situ\u00e9 dans l&#039;univers de science-fiction dystopique de Warhammer 40.000. Il s&#039;agit d&#039;un set issu des Universes Beyond, une s\u00e9rie de sets crossover entre Magic et d&#039;autres licences c\u00e9l\u00e8bres.<\/p>\n<p>Plongez dans le chaos \u00e9ternel du 41<sup>St<\/sup>\u00a0Mill\u00e9naire. Dans un monde en proie \u00e0 des guerres mill\u00e9naires, l\u2019Imperium est le dernier bastion de l\u2019Humanit\u00e9 face aux aliens et aux d\u00e9mons. Space Marines, Orks, N\u00e9crons, Tyranides\u2026 les factions de Warhammer sont nombreuses et leurs histoires aussi sombres qu\u2019extraordinaires.<\/p>\n<p>Jurez all\u00e9geance aux Dieux du Chaos avec ce deck Les Puissances de la Ruine dirig\u00e9es par Abaddon le Spoliateur. Autrefois guerrier fervent et parangon de l&#039;Imperium, Abaddon a depuis sombr\u00e9 dans la folie et le chaos. Perdu dans une croisade sans fin contre les forces de l&#039;Empereur, il n&#039;abandonnera pas tant qu&#039;il n&#039;aura pas \u00e9tabli son Empire du Chaos sur les cendres de l&#039;Humanit\u00e9.<\/p>\n<p>Ce deck pr\u00e9construit de 100 cartes uniques est le meilleur point d&#039;entr\u00e9e pour commencer \u00e0 jouer \u00e0 Commander, un format multijoueur amusant et \u00e9pique ! Ce deck est pr\u00eat \u00e0 jouer et vous aidera \u00e0 vous familiariser avec les m\u00e9canismes de Commander avant d&#039;essayer de le personnaliser !<\/p>\n<p>The Ruinous Powers est un deck de commandant bleu-noir-rouge bas\u00e9 sur des cartes lanc\u00e9es depuis l&#039;exil et le d\u00e9mon<\/p>","protected":false},"excerpt":{"rendered":"<p>Warhammer est un set Magic d\u00e9di\u00e9 au format Commander, situ\u00e9 dans l\u2019univers de science-fiction dystopique de Warhammer 40.000. Il s\u2019agit d\u2019un set issu des Universes Beyond, une s\u00e9rie de sets crossover entre Magic et d\u2019autres licences c\u00e9l\u00e8bres. Plongez dans le chaos \u00e9ternel du 41e mill\u00e9naire. Dans un monde en proie \u00e0 des guerres mill\u00e9naires, l\u2019Imperium [\u2026]<\/p>","protected":false},"featured_media":1872,"comment_status":"open","ping_status":"closed","template":"","meta":[],"product_cat":[34,94,21],"product_tag":[],"class_list":{"0":"post-1871","1":"product","2":"type-product","3":"status-publish","4":"has-post-thumbnail","6":"product_cat-commander","7":"product_cat-english-commander","8":"product_cat-magic-the-gathering","9":"pa_language-english","10":"pa_mtg-edition-universes-beyond-warhammer-40000","12":"first","13":"outofstock","14":"purchasable","15":"product-type-simple"},"yoast_head":"<!-- This site is optimized with the Yoast SEO plugin v23.6 - https:\/\/yoast.com\/wordpress\/plugins\/seo\/ -->\n<title>\ud83c\uddec\ud83c\udde7Universes Beyond: Warhammer 40,000: &quot;The Ruinous Powers&quot; Commander Deck<\/title>\n<meta name=\"robots\" content=\"index, follow, max-snippet:-1, max-image-preview:large, max-video-preview:-1\" \/>\n<link rel=\"canonical\" href=\"https:\/\/worldsofmagic.net\/fr\/produit\/universes-beyond-warhammer-40000-the-ruinous-powers-commander-deck\/\" \/>\n<meta property=\"og:locale\" content=\"fr_FR\" \/>\n<meta property=\"og:type\" content=\"article\" \/>\n<meta property=\"og:title\" content=\"\ud83c\uddec\ud83c\udde7Universes Beyond: Warhammer 40,000: &quot;The Ruinous Powers&quot; Commander Deck\" \/>\n<meta property=\"og:description\" content=\"Warhammer is a Magic set dedicated to the Commander format, set in the dystopian science-fiction universe of Warhammer 40.000. It is a set from the Universes Beyond, a series of crossover sets between Magic and other famous licenses. Dive into the eternal chaos of the 41st\u00a0millennium. In a world beset by thousand-year-old wars, the Imperium [&hellip;]\" \/>\n<meta property=\"og:url\" content=\"https:\/\/worldsofmagic.net\/fr\/produit\/universes-beyond-warhammer-40000-the-ruinous-powers-commander-deck\/\" \/>\n<meta property=\"og:site_name\" content=\"Worlds Of Magic\" \/>\n<meta property=\"article:modified_time\" content=\"2024-12-09T14:17:41+00:00\" \/>\n<meta property=\"og:image\" content=\"https:\/\/worldsofmagic.net\/wp-content\/uploads\/2024\/10\/Universes-Beyond-Warhammer-40000The-Ruinous-Powers-Commander-Deck.png\" \/>\n\t<meta property=\"og:image:width\" content=\"300\" \/>\n\t<meta property=\"og:image:height\" content=\"300\" \/>\n\t<meta property=\"og:image:type\" content=\"image\/png\" \/>\n<meta name=\"twitter:card\" content=\"summary_large_image\" \/>\n<meta name=\"twitter:label1\" content=\"Dur\u00e9e de lecture estim\u00e9e\" \/>\n\t<meta name=\"twitter:data1\" content=\"2 minutes\" \/>\n<script type=\"application\/ld+json\" class=\"yoast-schema-graph\">{\"@context\":\"https:\/\/schema.org\",\"@graph\":[{\"@type\":\"WebPage\",\"@id\":\"https:\/\/worldsofmagic.net\/product\/universes-beyond-warhammer-40000-the-ruinous-powers-commander-deck\/\",\"url\":\"https:\/\/worldsofmagic.net\/product\/universes-beyond-warhammer-40000-the-ruinous-powers-commander-deck\/\",\"name\":\"\ud83c\uddec\ud83c\udde7Universes Beyond: Warhammer 40,000: \\\"The Ruinous Powers\\\" Commander Deck\",\"isPartOf\":{\"@id\":\"https:\/\/worldsofmagic.net\/#website\"},\"primaryImageOfPage\":{\"@id\":\"https:\/\/worldsofmagic.net\/product\/universes-beyond-warhammer-40000-the-ruinous-powers-commander-deck\/#primaryimage\"},\"image\":{\"@id\":\"https:\/\/worldsofmagic.net\/product\/universes-beyond-warhammer-40000-the-ruinous-powers-commander-deck\/#primaryimage\"},\"thumbnailUrl\":\"https:\/\/worldsofmagic.net\/wp-content\/uploads\/2024\/10\/Universes-Beyond-Warhammer-40000The-Ruinous-Powers-Commander-Deck.png\",\"datePublished\":\"2024-10-30T19:53:26+00:00\",\"dateModified\":\"2024-12-09T14:17:41+00:00\",\"breadcrumb\":{\"@id\":\"https:\/\/worldsofmagic.net\/product\/universes-beyond-warhammer-40000-the-ruinous-powers-commander-deck\/#breadcrumb\"},\"inLanguage\":\"fr-FR\",\"potentialAction\":[{\"@type\":\"ReadAction\",\"target\":[\"https:\/\/worldsofmagic.net\/product\/universes-beyond-warhammer-40000-the-ruinous-powers-commander-deck\/\"]}]},{\"@type\":\"ImageObject\",\"inLanguage\":\"fr-FR\",\"@id\":\"https:\/\/worldsofmagic.net\/product\/universes-beyond-warhammer-40000-the-ruinous-powers-commander-deck\/#primaryimage\",\"url\":\"https:\/\/worldsofmagic.net\/wp-content\/uploads\/2024\/10\/Universes-Beyond-Warhammer-40000The-Ruinous-Powers-Commander-Deck.png\",\"contentUrl\":\"https:\/\/worldsofmagic.net\/wp-content\/uploads\/2024\/10\/Universes-Beyond-Warhammer-40000The-Ruinous-Powers-Commander-Deck.png\",\"width\":300,\"height\":300,\"caption\":\"Universes Beyond: Warhammer 40,000: \\\"The Ruinous Powers\\\" Commander Deck\"},{\"@type\":\"BreadcrumbList\",\"@id\":\"https:\/\/worldsofmagic.net\/product\/universes-beyond-warhammer-40000-the-ruinous-powers-commander-deck\/#breadcrumb\",\"itemListElement\":[{\"@type\":\"ListItem\",\"position\":1,\"name\":\"Accueil\",\"item\":\"https:\/\/worldsofmagic.net\/\"},{\"@type\":\"ListItem\",\"position\":2,\"name\":\"Shop\",\"item\":\"https:\/\/worldsofmagic.net\/shop\/\"},{\"@type\":\"ListItem\",\"position\":3,\"name\":\"\ud83c\uddec\ud83c\udde7Universes Beyond: Warhammer 40,000: &#8220;The Ruinous Powers&#8221; Commander Deck\"}]},{\"@type\":\"WebSite\",\"@id\":\"https:\/\/worldsofmagic.net\/#website\",\"url\":\"https:\/\/worldsofmagic.net\/\",\"name\":\"Worlds Of Magic\",\"description\":\"\",\"publisher\":{\"@id\":\"https:\/\/worldsofmagic.net\/#organization\"},\"potentialAction\":[{\"@type\":\"SearchAction\",\"target\":{\"@type\":\"EntryPoint\",\"urlTemplate\":\"https:\/\/worldsofmagic.net\/?s={search_term_string}\"},\"query-input\":{\"@type\":\"PropertyValueSpecification\",\"valueRequired\":true,\"valueName\":\"search_term_string\"}}],\"inLanguage\":\"fr-FR\"},{\"@type\":\"Organization\",\"@id\":\"https:\/\/worldsofmagic.net\/#organization\",\"name\":\"Worlds Of Magic\",\"alternateName\":\"Worlds Of Magic\",\"url\":\"https:\/\/worldsofmagic.net\/\",\"logo\":{\"@type\":\"ImageObject\",\"inLanguage\":\"fr-FR\",\"@id\":\"https:\/\/worldsofmagic.net\/#\/schema\/logo\/image\/\",\"url\":\"https:\/\/worldsofmagic.net\/wp-content\/uploads\/2024\/07\/image.png\",\"contentUrl\":\"https:\/\/worldsofmagic.net\/wp-content\/uploads\/2024\/07\/image.png\",\"width\":1072,\"height\":341,\"caption\":\"Worlds Of Magic\"},\"image\":{\"@id\":\"https:\/\/worldsofmagic.net\/#\/schema\/logo\/image\/\"}}]}<\/script>\n<!-- \/ Yoast SEO plugin. -->","yoast_head_json":{"title":"\ud83c\uddec\ud83c\udde7Universes Beyond: Warhammer 40,000: \"The Ruinous Powers\" Commander Deck","robots":{"index":"index","follow":"follow","max-snippet":"max-snippet:-1","max-image-preview":"max-image-preview:large","max-video-preview":"max-video-preview:-1"},"canonical":"https:\/\/worldsofmagic.net\/fr\/produit\/universes-beyond-warhammer-40000-the-ruinous-powers-commander-deck\/","og_locale":"fr_FR","og_type":"article","og_title":"\ud83c\uddec\ud83c\udde7Universes Beyond: Warhammer 40,000: \"The Ruinous Powers\" Commander Deck","og_description":"Warhammer is a Magic set dedicated to the Commander format, set in the dystopian science-fiction universe of Warhammer 40.000. It is a set from the Universes Beyond, a series of crossover sets between Magic and other famous licenses. Dive into the eternal chaos of the 41st\u00a0millennium. In a world beset by thousand-year-old wars, the Imperium [&hellip;]","og_url":"https:\/\/worldsofmagic.net\/fr\/produit\/universes-beyond-warhammer-40000-the-ruinous-powers-commander-deck\/","og_site_name":"Worlds Of Magic","article_modified_time":"2024-12-09T14:17:41+00:00","og_image":[{"width":300,"height":300,"url":"https:\/\/worldsofmagic.net\/wp-content\/uploads\/2024\/10\/Universes-Beyond-Warhammer-40000The-Ruinous-Powers-Commander-Deck.png","type":"image\/png"}],"twitter_card":"summary_large_image","twitter_misc":{"Dur\u00e9e de lecture estim\u00e9e":"2 minutes"},"schema":{"@context":"https:\/\/schema.org","@graph":[{"@type":"WebPage","@id":"https:\/\/worldsofmagic.net\/product\/universes-beyond-warhammer-40000-the-ruinous-powers-commander-deck\/","url":"https:\/\/worldsofmagic.net\/product\/universes-beyond-warhammer-40000-the-ruinous-powers-commander-deck\/","name":"\ud83c\uddec\ud83c\udde7Universes Beyond: Warhammer 40,000: \"The Ruinous Powers\" Commander Deck","isPartOf":{"@id":"https:\/\/worldsofmagic.net\/#website"},"primaryImageOfPage":{"@id":"https:\/\/worldsofmagic.net\/product\/universes-beyond-warhammer-40000-the-ruinous-powers-commander-deck\/#primaryimage"},"image":{"@id":"https:\/\/worldsofmagic.net\/product\/universes-beyond-warhammer-40000-the-ruinous-powers-commander-deck\/#primaryimage"},"thumbnailUrl":"https:\/\/worldsofmagic.net\/wp-content\/uploads\/2024\/10\/Universes-Beyond-Warhammer-40000The-Ruinous-Powers-Commander-Deck.png","datePublished":"2024-10-30T19:53:26+00:00","dateModified":"2024-12-09T14:17:41+00:00","breadcrumb":{"@id":"https:\/\/worldsofmagic.net\/product\/universes-beyond-warhammer-40000-the-ruinous-powers-commander-deck\/#breadcrumb"},"inLanguage":"fr-FR","potentialAction":[{"@type":"ReadAction","target":["https:\/\/worldsofmagic.net\/product\/universes-beyond-warhammer-40000-the-ruinous-powers-commander-deck\/"]}]},{"@type":"ImageObject","inLanguage":"fr-FR","@id":"https:\/\/worldsofmagic.net\/product\/universes-beyond-warhammer-40000-the-ruinous-powers-commander-deck\/#primaryimage","url":"https:\/\/worldsofmagic.net\/wp-content\/uploads\/2024\/10\/Universes-Beyond-Warhammer-40000The-Ruinous-Powers-Commander-Deck.png","contentUrl":"https:\/\/worldsofmagic.net\/wp-content\/uploads\/2024\/10\/Universes-Beyond-Warhammer-40000The-Ruinous-Powers-Commander-Deck.png","width":300,"height":300,"caption":"Universes Beyond: Warhammer 40,000: \"The Ruinous Powers\" Commander Deck"},{"@type":"BreadcrumbList","@id":"https:\/\/worldsofmagic.net\/product\/universes-beyond-warhammer-40000-the-ruinous-powers-commander-deck\/#breadcrumb","itemListElement":[{"@type":"ListItem","position":1,"name":"Accueil","item":"https:\/\/worldsofmagic.net\/"},{"@type":"ListItem","position":2,"name":"Shop","item":"https:\/\/worldsofmagic.net\/shop\/"},{"@type":"ListItem","position":3,"name":"\ud83c\uddec\ud83c\udde7Universes Beyond: Warhammer 40,000: &#8220;The Ruinous Powers&#8221; Commander Deck"}]},{"@type":"WebSite","@id":"https:\/\/worldsofmagic.net\/#website","url":"https:\/\/worldsofmagic.net\/","name":"Worlds Of Magic","description":"","publisher":{"@id":"https:\/\/worldsofmagic.net\/#organization"},"potentialAction":[{"@type":"SearchAction","target":{"@type":"EntryPoint","urlTemplate":"https:\/\/worldsofmagic.net\/?s={search_term_string}"},"query-input":{"@type":"PropertyValueSpecification","valueRequired":true,"valueName":"search_term_string"}}],"inLanguage":"fr-FR"},{"@type":"Organization","@id":"https:\/\/worldsofmagic.net\/#organization","name":"Worlds Of Magic","alternateName":"Worlds Of Magic","url":"https:\/\/worldsofmagic.net\/","logo":{"@type":"ImageObject","inLanguage":"fr-FR","@id":"https:\/\/worldsofmagic.net\/#\/schema\/logo\/image\/","url":"https:\/\/worldsofmagic.net\/wp-content\/uploads\/2024\/07\/image.png","contentUrl":"https:\/\/worldsofmagic.net\/wp-content\/uploads\/2024\/07\/image.png","width":1072,"height":341,"caption":"Worlds Of Magic"},"image":{"@id":"https:\/\/worldsofmagic.net\/#\/schema\/logo\/image\/"}}]}},"jetpack_sharing_enabled":true,"_links":{"self":[{"href":"https:\/\/worldsofmagic.net\/fr\/wp-json\/wp\/v2\/product\/1871"}],"collection":[{"href":"https:\/\/worldsofmagic.net\/fr\/wp-json\/wp\/v2\/product"}],"about":[{"href":"https:\/\/worldsofmagic.net\/fr\/wp-json\/wp\/v2\/types\/product"}],"replies":[{"embeddable":true,"href":"https:\/\/worldsofmagic.net\/fr\/wp-json\/wp\/v2\/comments?post=1871"}],"wp:featuredmedia":[{"embeddable":true,"href":"https:\/\/worldsofmagic.net\/fr\/wp-json\/wp\/v2\/media\/1872"}],"wp:attachment":[{"href":"https:\/\/worldsofmagic.net\/fr\/wp-json\/wp\/v2\/media?parent=1871"}],"wp:term":[{"taxonomy":"product_cat","embeddable":true,"href":"https:\/\/worldsofmagic.net\/fr\/wp-json\/wp\/v2\/product_cat?post=1871"},{"taxonomy":"product_tag","embeddable":true,"href":"https:\/\/worldsofmagic.net\/fr\/wp-json\/wp\/v2\/product_tag?post=1871"}],"curies":[{"name":"wp","href":"https:\/\/api.w.org\/{rel}","templated":true}]}}