{"id":1884,"date":"2024-10-30T20:39:28","date_gmt":"2024-10-30T20:39:28","guid":{"rendered":"https:\/\/worldsofmagic.net\/?post_type=product&#038;p=1884"},"modified":"2025-04-02T23:42:42","modified_gmt":"2025-04-02T23:42:42","slug":"bloomburrow-collector-booster","status":"publish","type":"product","link":"https:\/\/worldsofmagic.net\/fr\/produit\/bloomburrow-collector-booster\/","title":{"rendered":"Boostercollector Bloomburrow\ud83c\uddec\ud83c\udde7"},"content":{"rendered":"<ul>\n<li>PETITES QUEUES, GRANDE AVENTURE \u2013 Mettez votre meilleure patte en avant et entrez dans le monde de Bloomburrow ; combattez aux c\u00f4t\u00e9s de souris, grenouilles, chauves-souris, oiseaux, l\u00e9zards, \u00e9cureuils et autres bestioles tout en r\u00e9tablissant l&#039;\u00e9quilibre de la paix dans la vall\u00e9e et prouvez que la bravoure existe dans toutes les tailles !<\/li>\n<li>MEILLEUR BOOSTER POUR LES COLLECTIONNEURS \u2013 Les boosters de collection sont un raccourci vers les cartes les plus cool d&#039;un ensemble, avec des packs remplis de cartes rares, de cartes brillantes et de cartes sp\u00e9ciales alt-art, alt-frame<\/li>\n<li>MONTEZ AU SOMMET DE LA CHA\u00ceNE ALIMENTAIRE \u2013 Collectez plus de cartes Bloomburrow difficiles \u00e0 trouver avec 5 cartes de raret\u00e9 rare ou sup\u00e9rieure et un total de 5 cartes \u00e0 bordure alternative dans chaque booster de collection<\/li>\n<li>TRAITEMENTS EXCLUSIFS AUX COLLECTOR BOOSTER \u2013 Les Collector Boosters sont le seul endroit o\u00f9 vous trouverez des cartes \u00e0 illustration \u00e9tendue, avec au moins 1 dans chaque pack, et sont le seul endroit o\u00f9 vous pouvez trouver une carte avec un type sp\u00e9cial de traitement de feuille<\/li>\n<li>JOUEZ \u00c0 UN JEU QUI FUSIONNE L&#039;ART, LES HISTOIRES ET LA STRAT\u00c9GIE - Magic: The Gathering est un jeu de cartes \u00e0 collectionner qui allie une strat\u00e9gie approfondie \u00e0 l&#039;art et aux m\u00e9canismes qui explorent les th\u00e8mes d&#039;un monde et d&#039;une histoire particuliers - que vous souhaitiez jouer \u00e0 un jeu occasionnel avec des amis, collectionner des cartes cool ou devenir comp\u00e9titif, Magic vous accueille dans The Gathering<\/li>\n<li>CONTENU \u2013 1 booster collector Bloomburrow contenant 15 cartes MTG et 1 jeton double face Foil traditionnel<\/li>\n<\/ul>","protected":false},"excerpt":{"rendered":"<p>PETITES QUEUES, GRANDE AVENTURE \u2013 Mettez votre meilleure patte en avant et entrez dans le monde de Bloomburrow ; combattez aux c\u00f4t\u00e9s de souris, de grenouilles, de chauves-souris, d\u2019oiseaux, de l\u00e9zards, d\u2019\u00e9cureuils et d\u2019autres bestioles tout en r\u00e9tablissant l\u2019\u00e9quilibre de la paix dans la vall\u00e9e et en prouvant que la bravoure existe sous toutes les formes ! MEILLEUR BOOSTER POUR LES COLLECTIONNEURS \u2013 Les boosters de collection sont un raccourci [\u2026]<\/p>","protected":false},"featured_media":1885,"comment_status":"open","ping_status":"closed","template":"","meta":[],"product_cat":[113,139,21],"product_tag":[],"class_list":{"0":"post-1884","1":"product","2":"type-product","3":"status-publish","4":"has-post-thumbnail","6":"product_cat-boosterpack","7":"product_cat-english","8":"product_cat-magic-the-gathering","9":"pa_language-english","10":"pa_mtg-edition-bloomburrow","12":"first","13":"outofstock","14":"purchasable","15":"product-type-simple"},"yoast_head":"<!-- This site is optimized with the Yoast SEO plugin v23.6 - https:\/\/yoast.com\/wordpress\/plugins\/seo\/ -->\n<title>\ud83c\uddec\ud83c\udde7Bloomburrow Collector Booster - Worlds Of Magic<\/title>\n<meta name=\"robots\" content=\"index, follow, max-snippet:-1, max-image-preview:large, max-video-preview:-1\" \/>\n<link rel=\"canonical\" href=\"https:\/\/worldsofmagic.net\/fr\/produit\/bloomburrow-collector-booster\/\" \/>\n<meta property=\"og:locale\" content=\"fr_FR\" \/>\n<meta property=\"og:type\" content=\"article\" \/>\n<meta property=\"og:title\" content=\"\ud83c\uddec\ud83c\udde7Bloomburrow Collector Booster - Worlds Of Magic\" \/>\n<meta property=\"og:description\" content=\"TINY TAILS, BIG ADVENTURE &#8211; Put your best paw forward and enter the world of Bloomburrow; fight beside mice, frogs, bats, birds, lizards, squirrels, and other critters as you restore the balance of peace in the Valley and prove that bravery comes in all sizes! BEST BOOSTER FOR COLLECTORS &#8211; Collector Boosters are a shortcut [&hellip;]\" \/>\n<meta property=\"og:url\" content=\"https:\/\/worldsofmagic.net\/fr\/produit\/bloomburrow-collector-booster\/\" \/>\n<meta property=\"og:site_name\" content=\"Worlds Of Magic\" \/>\n<meta property=\"article:modified_time\" content=\"2025-04-02T23:42:42+00:00\" \/>\n<meta property=\"og:image\" content=\"https:\/\/worldsofmagic.net\/wp-content\/uploads\/2024\/10\/Bloomburrow-Collector-Booster.png\" \/>\n\t<meta property=\"og:image:width\" content=\"300\" \/>\n\t<meta property=\"og:image:height\" content=\"300\" \/>\n\t<meta property=\"og:image:type\" content=\"image\/png\" \/>\n<meta name=\"twitter:card\" content=\"summary_large_image\" \/>\n<meta name=\"twitter:label1\" content=\"Dur\u00e9e de lecture estim\u00e9e\" \/>\n\t<meta name=\"twitter:data1\" content=\"2 minutes\" \/>\n<script type=\"application\/ld+json\" class=\"yoast-schema-graph\">{\"@context\":\"https:\/\/schema.org\",\"@graph\":[{\"@type\":\"WebPage\",\"@id\":\"https:\/\/worldsofmagic.net\/product\/bloomburrow-collector-booster\/\",\"url\":\"https:\/\/worldsofmagic.net\/product\/bloomburrow-collector-booster\/\",\"name\":\"\ud83c\uddec\ud83c\udde7Bloomburrow Collector Booster - Worlds Of Magic\",\"isPartOf\":{\"@id\":\"https:\/\/worldsofmagic.net\/#website\"},\"primaryImageOfPage\":{\"@id\":\"https:\/\/worldsofmagic.net\/product\/bloomburrow-collector-booster\/#primaryimage\"},\"image\":{\"@id\":\"https:\/\/worldsofmagic.net\/product\/bloomburrow-collector-booster\/#primaryimage\"},\"thumbnailUrl\":\"https:\/\/worldsofmagic.net\/wp-content\/uploads\/2024\/10\/Bloomburrow-Collector-Booster.png\",\"datePublished\":\"2024-10-30T20:39:28+00:00\",\"dateModified\":\"2025-04-02T23:42:42+00:00\",\"breadcrumb\":{\"@id\":\"https:\/\/worldsofmagic.net\/product\/bloomburrow-collector-booster\/#breadcrumb\"},\"inLanguage\":\"fr-FR\",\"potentialAction\":[{\"@type\":\"ReadAction\",\"target\":[\"https:\/\/worldsofmagic.net\/product\/bloomburrow-collector-booster\/\"]}]},{\"@type\":\"ImageObject\",\"inLanguage\":\"fr-FR\",\"@id\":\"https:\/\/worldsofmagic.net\/product\/bloomburrow-collector-booster\/#primaryimage\",\"url\":\"https:\/\/worldsofmagic.net\/wp-content\/uploads\/2024\/10\/Bloomburrow-Collector-Booster.png\",\"contentUrl\":\"https:\/\/worldsofmagic.net\/wp-content\/uploads\/2024\/10\/Bloomburrow-Collector-Booster.png\",\"width\":300,\"height\":300,\"caption\":\"Bloomburrow Collector Booster\"},{\"@type\":\"BreadcrumbList\",\"@id\":\"https:\/\/worldsofmagic.net\/product\/bloomburrow-collector-booster\/#breadcrumb\",\"itemListElement\":[{\"@type\":\"ListItem\",\"position\":1,\"name\":\"Accueil\",\"item\":\"https:\/\/worldsofmagic.net\/\"},{\"@type\":\"ListItem\",\"position\":2,\"name\":\"Shop\",\"item\":\"https:\/\/worldsofmagic.net\/shop\/\"},{\"@type\":\"ListItem\",\"position\":3,\"name\":\"\ud83c\uddec\ud83c\udde7Bloomburrow Collector Booster\"}]},{\"@type\":\"WebSite\",\"@id\":\"https:\/\/worldsofmagic.net\/#website\",\"url\":\"https:\/\/worldsofmagic.net\/\",\"name\":\"Worlds Of Magic\",\"description\":\"\",\"publisher\":{\"@id\":\"https:\/\/worldsofmagic.net\/#organization\"},\"potentialAction\":[{\"@type\":\"SearchAction\",\"target\":{\"@type\":\"EntryPoint\",\"urlTemplate\":\"https:\/\/worldsofmagic.net\/?s={search_term_string}\"},\"query-input\":{\"@type\":\"PropertyValueSpecification\",\"valueRequired\":true,\"valueName\":\"search_term_string\"}}],\"inLanguage\":\"fr-FR\"},{\"@type\":\"Organization\",\"@id\":\"https:\/\/worldsofmagic.net\/#organization\",\"name\":\"Worlds Of Magic\",\"alternateName\":\"Worlds Of Magic\",\"url\":\"https:\/\/worldsofmagic.net\/\",\"logo\":{\"@type\":\"ImageObject\",\"inLanguage\":\"fr-FR\",\"@id\":\"https:\/\/worldsofmagic.net\/#\/schema\/logo\/image\/\",\"url\":\"https:\/\/worldsofmagic.net\/wp-content\/uploads\/2024\/07\/image.png\",\"contentUrl\":\"https:\/\/worldsofmagic.net\/wp-content\/uploads\/2024\/07\/image.png\",\"width\":1072,\"height\":341,\"caption\":\"Worlds Of Magic\"},\"image\":{\"@id\":\"https:\/\/worldsofmagic.net\/#\/schema\/logo\/image\/\"}}]}<\/script>\n<!-- \/ Yoast SEO plugin. -->","yoast_head_json":{"title":"\ud83c\uddec\ud83c\udde7Bloomburrow Collector Booster - Worlds Of Magic","robots":{"index":"index","follow":"follow","max-snippet":"max-snippet:-1","max-image-preview":"max-image-preview:large","max-video-preview":"max-video-preview:-1"},"canonical":"https:\/\/worldsofmagic.net\/fr\/produit\/bloomburrow-collector-booster\/","og_locale":"fr_FR","og_type":"article","og_title":"\ud83c\uddec\ud83c\udde7Bloomburrow Collector Booster - Worlds Of Magic","og_description":"TINY TAILS, BIG ADVENTURE &#8211; Put your best paw forward and enter the world of Bloomburrow; fight beside mice, frogs, bats, birds, lizards, squirrels, and other critters as you restore the balance of peace in the Valley and prove that bravery comes in all sizes! BEST BOOSTER FOR COLLECTORS &#8211; Collector Boosters are a shortcut [&hellip;]","og_url":"https:\/\/worldsofmagic.net\/fr\/produit\/bloomburrow-collector-booster\/","og_site_name":"Worlds Of Magic","article_modified_time":"2025-04-02T23:42:42+00:00","og_image":[{"width":300,"height":300,"url":"https:\/\/worldsofmagic.net\/wp-content\/uploads\/2024\/10\/Bloomburrow-Collector-Booster.png","type":"image\/png"}],"twitter_card":"summary_large_image","twitter_misc":{"Dur\u00e9e de lecture estim\u00e9e":"2 minutes"},"schema":{"@context":"https:\/\/schema.org","@graph":[{"@type":"WebPage","@id":"https:\/\/worldsofmagic.net\/product\/bloomburrow-collector-booster\/","url":"https:\/\/worldsofmagic.net\/product\/bloomburrow-collector-booster\/","name":"\ud83c\uddec\ud83c\udde7Bloomburrow Collector Booster - Worlds Of Magic","isPartOf":{"@id":"https:\/\/worldsofmagic.net\/#website"},"primaryImageOfPage":{"@id":"https:\/\/worldsofmagic.net\/product\/bloomburrow-collector-booster\/#primaryimage"},"image":{"@id":"https:\/\/worldsofmagic.net\/product\/bloomburrow-collector-booster\/#primaryimage"},"thumbnailUrl":"https:\/\/worldsofmagic.net\/wp-content\/uploads\/2024\/10\/Bloomburrow-Collector-Booster.png","datePublished":"2024-10-30T20:39:28+00:00","dateModified":"2025-04-02T23:42:42+00:00","breadcrumb":{"@id":"https:\/\/worldsofmagic.net\/product\/bloomburrow-collector-booster\/#breadcrumb"},"inLanguage":"fr-FR","potentialAction":[{"@type":"ReadAction","target":["https:\/\/worldsofmagic.net\/product\/bloomburrow-collector-booster\/"]}]},{"@type":"ImageObject","inLanguage":"fr-FR","@id":"https:\/\/worldsofmagic.net\/product\/bloomburrow-collector-booster\/#primaryimage","url":"https:\/\/worldsofmagic.net\/wp-content\/uploads\/2024\/10\/Bloomburrow-Collector-Booster.png","contentUrl":"https:\/\/worldsofmagic.net\/wp-content\/uploads\/2024\/10\/Bloomburrow-Collector-Booster.png","width":300,"height":300,"caption":"Bloomburrow Collector Booster"},{"@type":"BreadcrumbList","@id":"https:\/\/worldsofmagic.net\/product\/bloomburrow-collector-booster\/#breadcrumb","itemListElement":[{"@type":"ListItem","position":1,"name":"Accueil","item":"https:\/\/worldsofmagic.net\/"},{"@type":"ListItem","position":2,"name":"Shop","item":"https:\/\/worldsofmagic.net\/shop\/"},{"@type":"ListItem","position":3,"name":"\ud83c\uddec\ud83c\udde7Bloomburrow Collector Booster"}]},{"@type":"WebSite","@id":"https:\/\/worldsofmagic.net\/#website","url":"https:\/\/worldsofmagic.net\/","name":"Worlds Of Magic","description":"","publisher":{"@id":"https:\/\/worldsofmagic.net\/#organization"},"potentialAction":[{"@type":"SearchAction","target":{"@type":"EntryPoint","urlTemplate":"https:\/\/worldsofmagic.net\/?s={search_term_string}"},"query-input":{"@type":"PropertyValueSpecification","valueRequired":true,"valueName":"search_term_string"}}],"inLanguage":"fr-FR"},{"@type":"Organization","@id":"https:\/\/worldsofmagic.net\/#organization","name":"Worlds Of Magic","alternateName":"Worlds Of Magic","url":"https:\/\/worldsofmagic.net\/","logo":{"@type":"ImageObject","inLanguage":"fr-FR","@id":"https:\/\/worldsofmagic.net\/#\/schema\/logo\/image\/","url":"https:\/\/worldsofmagic.net\/wp-content\/uploads\/2024\/07\/image.png","contentUrl":"https:\/\/worldsofmagic.net\/wp-content\/uploads\/2024\/07\/image.png","width":1072,"height":341,"caption":"Worlds Of Magic"},"image":{"@id":"https:\/\/worldsofmagic.net\/#\/schema\/logo\/image\/"}}]}},"jetpack_sharing_enabled":true,"_links":{"self":[{"href":"https:\/\/worldsofmagic.net\/fr\/wp-json\/wp\/v2\/product\/1884"}],"collection":[{"href":"https:\/\/worldsofmagic.net\/fr\/wp-json\/wp\/v2\/product"}],"about":[{"href":"https:\/\/worldsofmagic.net\/fr\/wp-json\/wp\/v2\/types\/product"}],"replies":[{"embeddable":true,"href":"https:\/\/worldsofmagic.net\/fr\/wp-json\/wp\/v2\/comments?post=1884"}],"wp:featuredmedia":[{"embeddable":true,"href":"https:\/\/worldsofmagic.net\/fr\/wp-json\/wp\/v2\/media\/1885"}],"wp:attachment":[{"href":"https:\/\/worldsofmagic.net\/fr\/wp-json\/wp\/v2\/media?parent=1884"}],"wp:term":[{"taxonomy":"product_cat","embeddable":true,"href":"https:\/\/worldsofmagic.net\/fr\/wp-json\/wp\/v2\/product_cat?post=1884"},{"taxonomy":"product_tag","embeddable":true,"href":"https:\/\/worldsofmagic.net\/fr\/wp-json\/wp\/v2\/product_tag?post=1884"}],"curies":[{"name":"wp","href":"https:\/\/api.w.org\/{rel}","templated":true}]}}