{"id":1898,"date":"2024-10-31T12:34:14","date_gmt":"2024-10-31T12:34:14","guid":{"rendered":"https:\/\/worldsofmagic.net\/?post_type=product&#038;p=1898"},"modified":"2025-05-21T15:24:05","modified_gmt":"2025-05-21T15:24:05","slug":"bloomburrow-play-booster","status":"publish","type":"product","link":"https:\/\/worldsofmagic.net\/fr\/produit\/bloomburrow-play-booster\/","title":{"rendered":"Bloomburrow Play Booster\ud83c\uddec\ud83c\udde7"},"content":{"rendered":"<ul>\n<li>Partez \u00e0 l&#039;aventure et d\u00e9couvrez Bloomburrow, un plan dans lequel tous les personnages prennent la forme d&#039;adorables petites cr\u00e9atures ! Ici, aucun humain n&#039;est pr\u00e9sent. M\u00eame les visiteurs d&#039;autres plans qui s&#039;aventurent sur Bloomburrow prennent une forme animale.\n<p>L&#039;\u00e9quilibre de Bloomburrow et la vie paisible de ses habitants sont menac\u00e9s par des \u00e9l\u00e9mentaires gigantesques connus sous le nom de b\u00eates de la calamit\u00e9. Souris, grenouilles, chauves-souris, lapins, l\u00e9zards, \u00e9cureuils et autres petites cr\u00e9atures, tous les peuples de Bloomburrow doivent s&#039;unir pour faire face \u00e0 cette menace et prouver que le courage existe sous toutes les formes !<\/p>\n<p><strong>Jouer aux boosters<\/strong>\u00a0combine la jouabilit\u00e9 des boosters de draft et l&#039;exp\u00e9rience d&#039;ouverture amusante des boosters de set. Il remplace ces deux types de boosters.<\/p>\n<h3>Chaque Bloomburrow Play Booster en anglais contient :<\/h3>\n<ul>\n<li>14 cartes magiques<\/li>\n<li>1 \u00e0 4 rares ou rares mythiques<\/li>\n<li>3-5 objets peu communs<\/li>\n<li>6-9 Communes<\/li>\n<li>1 carte de terrain<\/li>\n<li>1 carte brillante de n&#039;importe quelle raret\u00e9 (commune, peu commune, rare ou rare mythique)<\/li>\n<\/ul>\n<p>Une carte Collector (sans bordure ou showcase) peut parfois remplacer une carte de m\u00eame raret\u00e9 !<\/li>\n<\/ul>","protected":false},"excerpt":{"rendered":"<p>Partez \u00e0 l\u2019aventure et d\u00e9couvrez Bloomburrow, un plan dans lequel tous les personnages prennent la forme d\u2019adorables petites cr\u00e9atures ! Ici, aucun humain n\u2019est pr\u00e9sent. M\u00eame les visiteurs d\u2019autres plans qui s\u2019aventurent sur Bloomburrow prennent une forme animale. L\u2019\u00e9quilibre de Bloomburrow et la vie paisible de ses habitants sont menac\u00e9s [\u2026]<\/p>","protected":false},"featured_media":1899,"comment_status":"open","ping_status":"closed","template":"","meta":[],"product_cat":[113,139,21],"product_tag":[],"class_list":{"0":"post-1898","1":"product","2":"type-product","3":"status-publish","4":"has-post-thumbnail","6":"product_cat-boosterpack","7":"product_cat-english","8":"product_cat-magic-the-gathering","9":"pa_language-english","10":"pa_mtg-edition-bloomburrow","12":"first","13":"outofstock","14":"purchasable","15":"product-type-simple"},"yoast_head":"<!-- This site is optimized with the Yoast SEO plugin v23.6 - https:\/\/yoast.com\/wordpress\/plugins\/seo\/ -->\n<title>\ud83c\uddec\ud83c\udde7Bloomburrow Play Booster - Worlds Of Magic<\/title>\n<meta name=\"robots\" content=\"index, follow, max-snippet:-1, max-image-preview:large, max-video-preview:-1\" \/>\n<link rel=\"canonical\" href=\"https:\/\/worldsofmagic.net\/fr\/produit\/bloomburrow-play-booster\/\" \/>\n<meta property=\"og:locale\" content=\"fr_FR\" \/>\n<meta property=\"og:type\" content=\"article\" \/>\n<meta property=\"og:title\" content=\"\ud83c\uddec\ud83c\udde7Bloomburrow Play Booster - Worlds Of Magic\" \/>\n<meta property=\"og:description\" content=\"Set off on an adventure and discover\u00a0Bloomburrow, a plane on which all the characters take the form of adorable little creatures! There are no humans to be found here. Even visitors from other planes who venture onto Bloomburrow take an animal form. The balance of Bloomburrow and the peaceful lives of its inhabitants are threatened [&hellip;]\" \/>\n<meta property=\"og:url\" content=\"https:\/\/worldsofmagic.net\/fr\/produit\/bloomburrow-play-booster\/\" \/>\n<meta property=\"og:site_name\" content=\"Worlds Of Magic\" \/>\n<meta property=\"article:modified_time\" content=\"2025-05-21T15:24:05+00:00\" \/>\n<meta property=\"og:image\" content=\"https:\/\/worldsofmagic.net\/wp-content\/uploads\/2024\/10\/Bloomburrow-Play-Booster.png\" \/>\n\t<meta property=\"og:image:width\" content=\"300\" \/>\n\t<meta property=\"og:image:height\" content=\"300\" \/>\n\t<meta property=\"og:image:type\" content=\"image\/png\" \/>\n<meta name=\"twitter:card\" content=\"summary_large_image\" \/>\n<meta name=\"twitter:label1\" content=\"Dur\u00e9e de lecture estim\u00e9e\" \/>\n\t<meta name=\"twitter:data1\" content=\"1 minute\" \/>\n<script type=\"application\/ld+json\" class=\"yoast-schema-graph\">{\"@context\":\"https:\/\/schema.org\",\"@graph\":[{\"@type\":\"WebPage\",\"@id\":\"https:\/\/worldsofmagic.net\/product\/bloomburrow-play-booster\/\",\"url\":\"https:\/\/worldsofmagic.net\/product\/bloomburrow-play-booster\/\",\"name\":\"\ud83c\uddec\ud83c\udde7Bloomburrow Play Booster - Worlds Of Magic\",\"isPartOf\":{\"@id\":\"https:\/\/worldsofmagic.net\/#website\"},\"primaryImageOfPage\":{\"@id\":\"https:\/\/worldsofmagic.net\/product\/bloomburrow-play-booster\/#primaryimage\"},\"image\":{\"@id\":\"https:\/\/worldsofmagic.net\/product\/bloomburrow-play-booster\/#primaryimage\"},\"thumbnailUrl\":\"https:\/\/worldsofmagic.net\/wp-content\/uploads\/2024\/10\/Bloomburrow-Play-Booster.png\",\"datePublished\":\"2024-10-31T12:34:14+00:00\",\"dateModified\":\"2025-05-21T15:24:05+00:00\",\"breadcrumb\":{\"@id\":\"https:\/\/worldsofmagic.net\/product\/bloomburrow-play-booster\/#breadcrumb\"},\"inLanguage\":\"fr-FR\",\"potentialAction\":[{\"@type\":\"ReadAction\",\"target\":[\"https:\/\/worldsofmagic.net\/product\/bloomburrow-play-booster\/\"]}]},{\"@type\":\"ImageObject\",\"inLanguage\":\"fr-FR\",\"@id\":\"https:\/\/worldsofmagic.net\/product\/bloomburrow-play-booster\/#primaryimage\",\"url\":\"https:\/\/worldsofmagic.net\/wp-content\/uploads\/2024\/10\/Bloomburrow-Play-Booster.png\",\"contentUrl\":\"https:\/\/worldsofmagic.net\/wp-content\/uploads\/2024\/10\/Bloomburrow-Play-Booster.png\",\"width\":300,\"height\":300},{\"@type\":\"BreadcrumbList\",\"@id\":\"https:\/\/worldsofmagic.net\/product\/bloomburrow-play-booster\/#breadcrumb\",\"itemListElement\":[{\"@type\":\"ListItem\",\"position\":1,\"name\":\"Accueil\",\"item\":\"https:\/\/worldsofmagic.net\/\"},{\"@type\":\"ListItem\",\"position\":2,\"name\":\"Shop\",\"item\":\"https:\/\/worldsofmagic.net\/shop\/\"},{\"@type\":\"ListItem\",\"position\":3,\"name\":\"\ud83c\uddec\ud83c\udde7Bloomburrow Play Booster\"}]},{\"@type\":\"WebSite\",\"@id\":\"https:\/\/worldsofmagic.net\/#website\",\"url\":\"https:\/\/worldsofmagic.net\/\",\"name\":\"Worlds Of Magic\",\"description\":\"\",\"publisher\":{\"@id\":\"https:\/\/worldsofmagic.net\/#organization\"},\"potentialAction\":[{\"@type\":\"SearchAction\",\"target\":{\"@type\":\"EntryPoint\",\"urlTemplate\":\"https:\/\/worldsofmagic.net\/?s={search_term_string}\"},\"query-input\":{\"@type\":\"PropertyValueSpecification\",\"valueRequired\":true,\"valueName\":\"search_term_string\"}}],\"inLanguage\":\"fr-FR\"},{\"@type\":\"Organization\",\"@id\":\"https:\/\/worldsofmagic.net\/#organization\",\"name\":\"Worlds Of Magic\",\"alternateName\":\"Worlds Of Magic\",\"url\":\"https:\/\/worldsofmagic.net\/\",\"logo\":{\"@type\":\"ImageObject\",\"inLanguage\":\"fr-FR\",\"@id\":\"https:\/\/worldsofmagic.net\/#\/schema\/logo\/image\/\",\"url\":\"https:\/\/worldsofmagic.net\/wp-content\/uploads\/2024\/07\/image.png\",\"contentUrl\":\"https:\/\/worldsofmagic.net\/wp-content\/uploads\/2024\/07\/image.png\",\"width\":1072,\"height\":341,\"caption\":\"Worlds Of Magic\"},\"image\":{\"@id\":\"https:\/\/worldsofmagic.net\/#\/schema\/logo\/image\/\"}}]}<\/script>\n<!-- \/ Yoast SEO plugin. -->","yoast_head_json":{"title":"\ud83c\uddec\ud83c\udde7Bloomburrow Play Booster - Worlds Of Magic","robots":{"index":"index","follow":"follow","max-snippet":"max-snippet:-1","max-image-preview":"max-image-preview:large","max-video-preview":"max-video-preview:-1"},"canonical":"https:\/\/worldsofmagic.net\/fr\/produit\/bloomburrow-play-booster\/","og_locale":"fr_FR","og_type":"article","og_title":"\ud83c\uddec\ud83c\udde7Bloomburrow Play Booster - Worlds Of Magic","og_description":"Set off on an adventure and discover\u00a0Bloomburrow, a plane on which all the characters take the form of adorable little creatures! There are no humans to be found here. Even visitors from other planes who venture onto Bloomburrow take an animal form. The balance of Bloomburrow and the peaceful lives of its inhabitants are threatened [&hellip;]","og_url":"https:\/\/worldsofmagic.net\/fr\/produit\/bloomburrow-play-booster\/","og_site_name":"Worlds Of Magic","article_modified_time":"2025-05-21T15:24:05+00:00","og_image":[{"width":300,"height":300,"url":"https:\/\/worldsofmagic.net\/wp-content\/uploads\/2024\/10\/Bloomburrow-Play-Booster.png","type":"image\/png"}],"twitter_card":"summary_large_image","twitter_misc":{"Dur\u00e9e de lecture estim\u00e9e":"1 minute"},"schema":{"@context":"https:\/\/schema.org","@graph":[{"@type":"WebPage","@id":"https:\/\/worldsofmagic.net\/product\/bloomburrow-play-booster\/","url":"https:\/\/worldsofmagic.net\/product\/bloomburrow-play-booster\/","name":"\ud83c\uddec\ud83c\udde7Bloomburrow Play Booster - Worlds Of Magic","isPartOf":{"@id":"https:\/\/worldsofmagic.net\/#website"},"primaryImageOfPage":{"@id":"https:\/\/worldsofmagic.net\/product\/bloomburrow-play-booster\/#primaryimage"},"image":{"@id":"https:\/\/worldsofmagic.net\/product\/bloomburrow-play-booster\/#primaryimage"},"thumbnailUrl":"https:\/\/worldsofmagic.net\/wp-content\/uploads\/2024\/10\/Bloomburrow-Play-Booster.png","datePublished":"2024-10-31T12:34:14+00:00","dateModified":"2025-05-21T15:24:05+00:00","breadcrumb":{"@id":"https:\/\/worldsofmagic.net\/product\/bloomburrow-play-booster\/#breadcrumb"},"inLanguage":"fr-FR","potentialAction":[{"@type":"ReadAction","target":["https:\/\/worldsofmagic.net\/product\/bloomburrow-play-booster\/"]}]},{"@type":"ImageObject","inLanguage":"fr-FR","@id":"https:\/\/worldsofmagic.net\/product\/bloomburrow-play-booster\/#primaryimage","url":"https:\/\/worldsofmagic.net\/wp-content\/uploads\/2024\/10\/Bloomburrow-Play-Booster.png","contentUrl":"https:\/\/worldsofmagic.net\/wp-content\/uploads\/2024\/10\/Bloomburrow-Play-Booster.png","width":300,"height":300},{"@type":"BreadcrumbList","@id":"https:\/\/worldsofmagic.net\/product\/bloomburrow-play-booster\/#breadcrumb","itemListElement":[{"@type":"ListItem","position":1,"name":"Accueil","item":"https:\/\/worldsofmagic.net\/"},{"@type":"ListItem","position":2,"name":"Shop","item":"https:\/\/worldsofmagic.net\/shop\/"},{"@type":"ListItem","position":3,"name":"\ud83c\uddec\ud83c\udde7Bloomburrow Play Booster"}]},{"@type":"WebSite","@id":"https:\/\/worldsofmagic.net\/#website","url":"https:\/\/worldsofmagic.net\/","name":"Worlds Of Magic","description":"","publisher":{"@id":"https:\/\/worldsofmagic.net\/#organization"},"potentialAction":[{"@type":"SearchAction","target":{"@type":"EntryPoint","urlTemplate":"https:\/\/worldsofmagic.net\/?s={search_term_string}"},"query-input":{"@type":"PropertyValueSpecification","valueRequired":true,"valueName":"search_term_string"}}],"inLanguage":"fr-FR"},{"@type":"Organization","@id":"https:\/\/worldsofmagic.net\/#organization","name":"Worlds Of Magic","alternateName":"Worlds Of Magic","url":"https:\/\/worldsofmagic.net\/","logo":{"@type":"ImageObject","inLanguage":"fr-FR","@id":"https:\/\/worldsofmagic.net\/#\/schema\/logo\/image\/","url":"https:\/\/worldsofmagic.net\/wp-content\/uploads\/2024\/07\/image.png","contentUrl":"https:\/\/worldsofmagic.net\/wp-content\/uploads\/2024\/07\/image.png","width":1072,"height":341,"caption":"Worlds Of Magic"},"image":{"@id":"https:\/\/worldsofmagic.net\/#\/schema\/logo\/image\/"}}]}},"jetpack_sharing_enabled":true,"_links":{"self":[{"href":"https:\/\/worldsofmagic.net\/fr\/wp-json\/wp\/v2\/product\/1898"}],"collection":[{"href":"https:\/\/worldsofmagic.net\/fr\/wp-json\/wp\/v2\/product"}],"about":[{"href":"https:\/\/worldsofmagic.net\/fr\/wp-json\/wp\/v2\/types\/product"}],"replies":[{"embeddable":true,"href":"https:\/\/worldsofmagic.net\/fr\/wp-json\/wp\/v2\/comments?post=1898"}],"wp:featuredmedia":[{"embeddable":true,"href":"https:\/\/worldsofmagic.net\/fr\/wp-json\/wp\/v2\/media\/1899"}],"wp:attachment":[{"href":"https:\/\/worldsofmagic.net\/fr\/wp-json\/wp\/v2\/media?parent=1898"}],"wp:term":[{"taxonomy":"product_cat","embeddable":true,"href":"https:\/\/worldsofmagic.net\/fr\/wp-json\/wp\/v2\/product_cat?post=1898"},{"taxonomy":"product_tag","embeddable":true,"href":"https:\/\/worldsofmagic.net\/fr\/wp-json\/wp\/v2\/product_tag?post=1898"}],"curies":[{"name":"wp","href":"https:\/\/api.w.org\/{rel}","templated":true}]}}