{"id":1922,"date":"2024-11-01T13:21:07","date_gmt":"2024-11-01T13:21:07","guid":{"rendered":"https:\/\/worldsofmagic.net\/?post_type=product&#038;p=1922"},"modified":"2024-12-09T14:15:42","modified_gmt":"2024-12-09T14:15:42","slug":"innistrad-crimson-vow-collector-booster","status":"publish","type":"product","link":"https:\/\/worldsofmagic.net\/fr\/produit\/innistrad-crimson-vow-collector-booster\/","title":{"rendered":"Innistrad : booster collectorNoce \u00e9carlate\ud83c\uddec\ud83c\udde7"},"content":{"rendered":"<h3>Chaque booster pack collector Innistrad : Crimson Vow en anglais contient :<\/h3>\n<ul>\n<li>1 Foil Rare ou Mythic Rare dans une version alternative (S\u00e9rie Dracula, Showcase, Borderless ou Extended-Art)<\/li>\n<li>1 Rare ou Mythic Rare dans une version alternative (S\u00e9rie Dracula, Showcase, Borderless ou Extended-Art)<\/li>\n<li>1 S\u00e9rie Dracula Peu commune <em>ou<\/em> Vitrine commune ou peu commune<\/li>\n<li>1 Innistrad\u00a0: Crimson Vow, carte rare ou mythique \u00e0 illustration \u00e9tendue<\/li>\n<li>1 carte Innistrad : Crimson Vow \u00e0 illustration \u00e9tendue, rare ou mythique<\/li>\n<li>1 feuille S\u00e9rie Dracula peu commune <em>ou<\/em>\u00a0Vitrine de Foil commune ou peu commune<\/li>\n<li>1 Vitrine commune ou peu commune<\/li>\n<li>1 Foil Rare ou Mythique<\/li>\n<li>2 cartes peu communes en aluminium<\/li>\n<li>4 Feuilles communes<\/li>\n<li>1 terrain de base Full-art Foil Eternal Night<\/li>\n<li>1 jeton double face en aluminium<\/li>\n<\/ul>","protected":false},"excerpt":{"rendered":"<p>Chaque booster collector Innistrad : Crimson Vow en anglais contient : 1 carte rare ou rare mythique en version alternative (s\u00e9rie Dracula, vitrine, sans bordure ou avec illustration \u00e9tendue) 1 carte rare ou rare mythique en version alternative (s\u00e9rie Dracula, vitrine, sans bordure ou avec illustration \u00e9tendue) 1 carte peu commune de la s\u00e9rie Dracula ou une carte commune ou peu commune de la vitrine 1 carte avec illustration \u00e9tendue Innistrad : Crimson Vow [\u2026]<\/p>","protected":false},"featured_media":1923,"comment_status":"open","ping_status":"closed","template":"","meta":[],"product_cat":[113,139,21],"product_tag":[],"class_list":{"0":"post-1922","1":"product","2":"type-product","3":"status-publish","4":"has-post-thumbnail","6":"product_cat-boosterpack","7":"product_cat-english","8":"product_cat-magic-the-gathering","9":"pa_language-english","10":"pa_mtg-edition-innistrad-crimson-vow","12":"first","13":"instock","14":"purchasable","15":"product-type-simple"},"yoast_head":"<!-- This site is optimized with the Yoast SEO plugin v23.6 - https:\/\/yoast.com\/wordpress\/plugins\/seo\/ -->\n<title>\ud83c\uddec\ud83c\udde7Innistrad: Crimson Vow Collector Booster - Worlds Of Magic<\/title>\n<meta name=\"robots\" content=\"index, follow, max-snippet:-1, max-image-preview:large, max-video-preview:-1\" \/>\n<link rel=\"canonical\" href=\"https:\/\/worldsofmagic.net\/fr\/produit\/innistrad-crimson-vow-collector-booster\/\" \/>\n<meta property=\"og:locale\" content=\"fr_FR\" \/>\n<meta property=\"og:type\" content=\"article\" \/>\n<meta property=\"og:title\" content=\"\ud83c\uddec\ud83c\udde7Innistrad: Crimson Vow Collector Booster - Worlds Of Magic\" \/>\n<meta property=\"og:description\" content=\"Each Innistrad: Crimson Vow Collector Booster Pack in English contains: 1 Foil Rare or Mythic Rare in an alternate version (Dracula Series, Showcase, Borderless or Extended-Art) 1 Rare or Mythic Rare in an alternate version (Dracula Series, Showcase, Borderless or Extended-Art) 1 Dracula Series Uncommon or Showcase Common or Uncommon 1 Extended-art Innistrad: Crimson Vow [&hellip;]\" \/>\n<meta property=\"og:url\" content=\"https:\/\/worldsofmagic.net\/fr\/produit\/innistrad-crimson-vow-collector-booster\/\" \/>\n<meta property=\"og:site_name\" content=\"Worlds Of Magic\" \/>\n<meta property=\"article:modified_time\" content=\"2024-12-09T14:15:42+00:00\" \/>\n<meta property=\"og:image\" content=\"https:\/\/worldsofmagic.net\/wp-content\/uploads\/2024\/11\/Innistrad-Crimson-Vow-Collector-Booster.png\" \/>\n\t<meta property=\"og:image:width\" content=\"300\" \/>\n\t<meta property=\"og:image:height\" content=\"300\" \/>\n\t<meta property=\"og:image:type\" content=\"image\/png\" \/>\n<meta name=\"twitter:card\" content=\"summary_large_image\" \/>\n<meta name=\"twitter:label1\" content=\"Dur\u00e9e de lecture estim\u00e9e\" \/>\n\t<meta name=\"twitter:data1\" content=\"1 minute\" \/>\n<script type=\"application\/ld+json\" class=\"yoast-schema-graph\">{\"@context\":\"https:\/\/schema.org\",\"@graph\":[{\"@type\":\"WebPage\",\"@id\":\"https:\/\/worldsofmagic.net\/product\/innistrad-crimson-vow-collector-booster\/\",\"url\":\"https:\/\/worldsofmagic.net\/product\/innistrad-crimson-vow-collector-booster\/\",\"name\":\"\ud83c\uddec\ud83c\udde7Innistrad: Crimson Vow Collector Booster - Worlds Of Magic\",\"isPartOf\":{\"@id\":\"https:\/\/worldsofmagic.net\/#website\"},\"primaryImageOfPage\":{\"@id\":\"https:\/\/worldsofmagic.net\/product\/innistrad-crimson-vow-collector-booster\/#primaryimage\"},\"image\":{\"@id\":\"https:\/\/worldsofmagic.net\/product\/innistrad-crimson-vow-collector-booster\/#primaryimage\"},\"thumbnailUrl\":\"https:\/\/worldsofmagic.net\/wp-content\/uploads\/2024\/11\/Innistrad-Crimson-Vow-Collector-Booster.png\",\"datePublished\":\"2024-11-01T13:21:07+00:00\",\"dateModified\":\"2024-12-09T14:15:42+00:00\",\"breadcrumb\":{\"@id\":\"https:\/\/worldsofmagic.net\/product\/innistrad-crimson-vow-collector-booster\/#breadcrumb\"},\"inLanguage\":\"fr-FR\",\"potentialAction\":[{\"@type\":\"ReadAction\",\"target\":[\"https:\/\/worldsofmagic.net\/product\/innistrad-crimson-vow-collector-booster\/\"]}]},{\"@type\":\"ImageObject\",\"inLanguage\":\"fr-FR\",\"@id\":\"https:\/\/worldsofmagic.net\/product\/innistrad-crimson-vow-collector-booster\/#primaryimage\",\"url\":\"https:\/\/worldsofmagic.net\/wp-content\/uploads\/2024\/11\/Innistrad-Crimson-Vow-Collector-Booster.png\",\"contentUrl\":\"https:\/\/worldsofmagic.net\/wp-content\/uploads\/2024\/11\/Innistrad-Crimson-Vow-Collector-Booster.png\",\"width\":300,\"height\":300,\"caption\":\"Innistrad: Crimson Vow Collector Booster\"},{\"@type\":\"BreadcrumbList\",\"@id\":\"https:\/\/worldsofmagic.net\/product\/innistrad-crimson-vow-collector-booster\/#breadcrumb\",\"itemListElement\":[{\"@type\":\"ListItem\",\"position\":1,\"name\":\"Accueil\",\"item\":\"https:\/\/worldsofmagic.net\/\"},{\"@type\":\"ListItem\",\"position\":2,\"name\":\"Shop\",\"item\":\"https:\/\/worldsofmagic.net\/shop\/\"},{\"@type\":\"ListItem\",\"position\":3,\"name\":\"\ud83c\uddec\ud83c\udde7Innistrad: Crimson Vow Collector Booster\"}]},{\"@type\":\"WebSite\",\"@id\":\"https:\/\/worldsofmagic.net\/#website\",\"url\":\"https:\/\/worldsofmagic.net\/\",\"name\":\"Worlds Of Magic\",\"description\":\"\",\"publisher\":{\"@id\":\"https:\/\/worldsofmagic.net\/#organization\"},\"potentialAction\":[{\"@type\":\"SearchAction\",\"target\":{\"@type\":\"EntryPoint\",\"urlTemplate\":\"https:\/\/worldsofmagic.net\/?s={search_term_string}\"},\"query-input\":{\"@type\":\"PropertyValueSpecification\",\"valueRequired\":true,\"valueName\":\"search_term_string\"}}],\"inLanguage\":\"fr-FR\"},{\"@type\":\"Organization\",\"@id\":\"https:\/\/worldsofmagic.net\/#organization\",\"name\":\"Worlds Of Magic\",\"alternateName\":\"Worlds Of Magic\",\"url\":\"https:\/\/worldsofmagic.net\/\",\"logo\":{\"@type\":\"ImageObject\",\"inLanguage\":\"fr-FR\",\"@id\":\"https:\/\/worldsofmagic.net\/#\/schema\/logo\/image\/\",\"url\":\"https:\/\/worldsofmagic.net\/wp-content\/uploads\/2024\/07\/image.png\",\"contentUrl\":\"https:\/\/worldsofmagic.net\/wp-content\/uploads\/2024\/07\/image.png\",\"width\":1072,\"height\":341,\"caption\":\"Worlds Of Magic\"},\"image\":{\"@id\":\"https:\/\/worldsofmagic.net\/#\/schema\/logo\/image\/\"}}]}<\/script>\n<!-- \/ Yoast SEO plugin. -->","yoast_head_json":{"title":"\ud83c\uddec\ud83c\udde7Innistrad: Crimson Vow Collector Booster - Worlds Of Magic","robots":{"index":"index","follow":"follow","max-snippet":"max-snippet:-1","max-image-preview":"max-image-preview:large","max-video-preview":"max-video-preview:-1"},"canonical":"https:\/\/worldsofmagic.net\/fr\/produit\/innistrad-crimson-vow-collector-booster\/","og_locale":"fr_FR","og_type":"article","og_title":"\ud83c\uddec\ud83c\udde7Innistrad: Crimson Vow Collector Booster - Worlds Of Magic","og_description":"Each Innistrad: Crimson Vow Collector Booster Pack in English contains: 1 Foil Rare or Mythic Rare in an alternate version (Dracula Series, Showcase, Borderless or Extended-Art) 1 Rare or Mythic Rare in an alternate version (Dracula Series, Showcase, Borderless or Extended-Art) 1 Dracula Series Uncommon or Showcase Common or Uncommon 1 Extended-art Innistrad: Crimson Vow [&hellip;]","og_url":"https:\/\/worldsofmagic.net\/fr\/produit\/innistrad-crimson-vow-collector-booster\/","og_site_name":"Worlds Of Magic","article_modified_time":"2024-12-09T14:15:42+00:00","og_image":[{"width":300,"height":300,"url":"https:\/\/worldsofmagic.net\/wp-content\/uploads\/2024\/11\/Innistrad-Crimson-Vow-Collector-Booster.png","type":"image\/png"}],"twitter_card":"summary_large_image","twitter_misc":{"Dur\u00e9e de lecture estim\u00e9e":"1 minute"},"schema":{"@context":"https:\/\/schema.org","@graph":[{"@type":"WebPage","@id":"https:\/\/worldsofmagic.net\/product\/innistrad-crimson-vow-collector-booster\/","url":"https:\/\/worldsofmagic.net\/product\/innistrad-crimson-vow-collector-booster\/","name":"\ud83c\uddec\ud83c\udde7Innistrad: Crimson Vow Collector Booster - Worlds Of Magic","isPartOf":{"@id":"https:\/\/worldsofmagic.net\/#website"},"primaryImageOfPage":{"@id":"https:\/\/worldsofmagic.net\/product\/innistrad-crimson-vow-collector-booster\/#primaryimage"},"image":{"@id":"https:\/\/worldsofmagic.net\/product\/innistrad-crimson-vow-collector-booster\/#primaryimage"},"thumbnailUrl":"https:\/\/worldsofmagic.net\/wp-content\/uploads\/2024\/11\/Innistrad-Crimson-Vow-Collector-Booster.png","datePublished":"2024-11-01T13:21:07+00:00","dateModified":"2024-12-09T14:15:42+00:00","breadcrumb":{"@id":"https:\/\/worldsofmagic.net\/product\/innistrad-crimson-vow-collector-booster\/#breadcrumb"},"inLanguage":"fr-FR","potentialAction":[{"@type":"ReadAction","target":["https:\/\/worldsofmagic.net\/product\/innistrad-crimson-vow-collector-booster\/"]}]},{"@type":"ImageObject","inLanguage":"fr-FR","@id":"https:\/\/worldsofmagic.net\/product\/innistrad-crimson-vow-collector-booster\/#primaryimage","url":"https:\/\/worldsofmagic.net\/wp-content\/uploads\/2024\/11\/Innistrad-Crimson-Vow-Collector-Booster.png","contentUrl":"https:\/\/worldsofmagic.net\/wp-content\/uploads\/2024\/11\/Innistrad-Crimson-Vow-Collector-Booster.png","width":300,"height":300,"caption":"Innistrad: Crimson Vow Collector Booster"},{"@type":"BreadcrumbList","@id":"https:\/\/worldsofmagic.net\/product\/innistrad-crimson-vow-collector-booster\/#breadcrumb","itemListElement":[{"@type":"ListItem","position":1,"name":"Accueil","item":"https:\/\/worldsofmagic.net\/"},{"@type":"ListItem","position":2,"name":"Shop","item":"https:\/\/worldsofmagic.net\/shop\/"},{"@type":"ListItem","position":3,"name":"\ud83c\uddec\ud83c\udde7Innistrad: Crimson Vow Collector Booster"}]},{"@type":"WebSite","@id":"https:\/\/worldsofmagic.net\/#website","url":"https:\/\/worldsofmagic.net\/","name":"Worlds Of Magic","description":"","publisher":{"@id":"https:\/\/worldsofmagic.net\/#organization"},"potentialAction":[{"@type":"SearchAction","target":{"@type":"EntryPoint","urlTemplate":"https:\/\/worldsofmagic.net\/?s={search_term_string}"},"query-input":{"@type":"PropertyValueSpecification","valueRequired":true,"valueName":"search_term_string"}}],"inLanguage":"fr-FR"},{"@type":"Organization","@id":"https:\/\/worldsofmagic.net\/#organization","name":"Worlds Of Magic","alternateName":"Worlds Of Magic","url":"https:\/\/worldsofmagic.net\/","logo":{"@type":"ImageObject","inLanguage":"fr-FR","@id":"https:\/\/worldsofmagic.net\/#\/schema\/logo\/image\/","url":"https:\/\/worldsofmagic.net\/wp-content\/uploads\/2024\/07\/image.png","contentUrl":"https:\/\/worldsofmagic.net\/wp-content\/uploads\/2024\/07\/image.png","width":1072,"height":341,"caption":"Worlds Of Magic"},"image":{"@id":"https:\/\/worldsofmagic.net\/#\/schema\/logo\/image\/"}}]}},"jetpack_sharing_enabled":true,"_links":{"self":[{"href":"https:\/\/worldsofmagic.net\/fr\/wp-json\/wp\/v2\/product\/1922"}],"collection":[{"href":"https:\/\/worldsofmagic.net\/fr\/wp-json\/wp\/v2\/product"}],"about":[{"href":"https:\/\/worldsofmagic.net\/fr\/wp-json\/wp\/v2\/types\/product"}],"replies":[{"embeddable":true,"href":"https:\/\/worldsofmagic.net\/fr\/wp-json\/wp\/v2\/comments?post=1922"}],"wp:featuredmedia":[{"embeddable":true,"href":"https:\/\/worldsofmagic.net\/fr\/wp-json\/wp\/v2\/media\/1923"}],"wp:attachment":[{"href":"https:\/\/worldsofmagic.net\/fr\/wp-json\/wp\/v2\/media?parent=1922"}],"wp:term":[{"taxonomy":"product_cat","embeddable":true,"href":"https:\/\/worldsofmagic.net\/fr\/wp-json\/wp\/v2\/product_cat?post=1922"},{"taxonomy":"product_tag","embeddable":true,"href":"https:\/\/worldsofmagic.net\/fr\/wp-json\/wp\/v2\/product_tag?post=1922"}],"curies":[{"name":"wp","href":"https:\/\/api.w.org\/{rel}","templated":true}]}}