{"id":1930,"date":"2024-11-01T13:44:29","date_gmt":"2024-11-01T13:44:29","guid":{"rendered":"https:\/\/worldsofmagic.net\/?post_type=product&#038;p=1930"},"modified":"2024-12-09T14:05:39","modified_gmt":"2024-12-09T14:05:39","slug":"innistrad-midnight-hunt-collector-booster-fr","status":"publish","type":"product","link":"https:\/\/worldsofmagic.net\/fr\/produit\/innistrad-midnight-hunt-collector-booster-fr\/","title":{"rendered":"Booster Collector Innistrad : Chasse de Minuit \u2013 FR\ud83c\uddeb\ud83c\uddf7"},"content":{"rendered":"<h3>Chaque booster pack collector Innistrad : Midnight Hunt en fran\u00e7ais contient :<\/h3>\n<ul>\n<li>1 carte rare ou rare mythique<\/li>\n<li>1 cadre alternatif en aluminium Rare ou Mythic Rare<\/li>\n<li>1 cadre alternatif Rare ou Mythic Rare<\/li>\n<li>1 art \u00e9tendu Rare ou Mythic Rare provenant de l&#039;\u00e9dition Innistrad Midnight Hunt Commander<\/li>\n<li>1 art \u00e9tendu rare ou rare mythique<\/li>\n<li>1 cadre alternatif en aluminium commun ou peu commun<\/li>\n<li>2 cadres alternatifs communs ou peu communs<\/li>\n<li>2 cartes peu communes en aluminium<\/li>\n<li>4 Communes en aluminium<\/li>\n<li>1 cadre alternatif Basic Land<\/li>\n<li>1 jeton double face<\/li>\n<\/ul>\n<p>Un booster collector peut contenir plusieurs cartes double face, sauf dans les emplacements pour cartes Terrain de base et Commandant.<\/p>","protected":false},"excerpt":{"rendered":"<p>Chaque booster collector Innistrad : Midnight Hunt en fran\u00e7ais contient : 1 Rare ou Mythic Rare en foil 1 Rare ou Mythic Rare en frame alternatif 1 Rare ou Mythic Rare en frame alternatif 1 Rare ou Mythic Rare avec illustration \u00e9tendue provenant de l&#039;\u00e9dition Commander d&#039;Innistrad Midnight Hunt 1 Rare ou Mythic Rare avec illustration \u00e9tendue 1 [\u2026]<\/p>","protected":false},"featured_media":1931,"comment_status":"open","ping_status":"closed","template":"","meta":[],"product_cat":[113,140,21],"product_tag":[],"class_list":{"0":"post-1930","1":"product","2":"type-product","3":"status-publish","4":"has-post-thumbnail","6":"product_cat-boosterpack","7":"product_cat-french","8":"product_cat-magic-the-gathering","9":"pa_language-french","10":"pa_mtg-edition-innistrad-crimson-vow","12":"first","13":"instock","14":"purchasable","15":"product-type-simple"},"yoast_head":"<!-- This site is optimized with the Yoast SEO plugin v23.6 - https:\/\/yoast.com\/wordpress\/plugins\/seo\/ -->\n<title>\ud83c\uddeb\ud83c\uddf7Innistrad: Midnight Hunt Collector Booster - FR - Worlds Of Magic<\/title>\n<meta name=\"robots\" content=\"index, follow, max-snippet:-1, max-image-preview:large, max-video-preview:-1\" \/>\n<link rel=\"canonical\" href=\"https:\/\/worldsofmagic.net\/fr\/produit\/innistrad-midnight-hunt-collector-booster-fr\/\" \/>\n<meta property=\"og:locale\" content=\"fr_FR\" \/>\n<meta property=\"og:type\" content=\"article\" \/>\n<meta property=\"og:title\" content=\"\ud83c\uddeb\ud83c\uddf7Innistrad: Midnight Hunt Collector Booster - FR - Worlds Of Magic\" \/>\n<meta property=\"og:description\" content=\"Each Innistrad: Midnight Hunt Collector Booster Pack in French contains: 1 foil Rare or Mythic Rare 1 foil alternate frame Rare or Mythic Rare 1 alternate frame Rare or Mythic Rare 1 extended art Rare or Mythic Rare coming from the Innistrad Midnight Hunt Commander edition 1 extended art Rare or Mythic Rare 1 foil [&hellip;]\" \/>\n<meta property=\"og:url\" content=\"https:\/\/worldsofmagic.net\/fr\/produit\/innistrad-midnight-hunt-collector-booster-fr\/\" \/>\n<meta property=\"og:site_name\" content=\"Worlds Of Magic\" \/>\n<meta property=\"article:modified_time\" content=\"2024-12-09T14:05:39+00:00\" \/>\n<meta property=\"og:image\" content=\"https:\/\/worldsofmagic.net\/wp-content\/uploads\/2024\/11\/Innistrad-Midnight-Hunt-Collector-Booster.png\" \/>\n\t<meta property=\"og:image:width\" content=\"300\" \/>\n\t<meta property=\"og:image:height\" content=\"300\" \/>\n\t<meta property=\"og:image:type\" content=\"image\/png\" \/>\n<meta name=\"twitter:card\" content=\"summary_large_image\" \/>\n<meta name=\"twitter:label1\" content=\"Dur\u00e9e de lecture estim\u00e9e\" \/>\n\t<meta name=\"twitter:data1\" content=\"1 minute\" \/>\n<script type=\"application\/ld+json\" class=\"yoast-schema-graph\">{\"@context\":\"https:\/\/schema.org\",\"@graph\":[{\"@type\":\"WebPage\",\"@id\":\"https:\/\/worldsofmagic.net\/product\/innistrad-midnight-hunt-collector-booster-fr\/\",\"url\":\"https:\/\/worldsofmagic.net\/product\/innistrad-midnight-hunt-collector-booster-fr\/\",\"name\":\"\ud83c\uddeb\ud83c\uddf7Innistrad: Midnight Hunt Collector Booster - FR - Worlds Of Magic\",\"isPartOf\":{\"@id\":\"https:\/\/worldsofmagic.net\/#website\"},\"primaryImageOfPage\":{\"@id\":\"https:\/\/worldsofmagic.net\/product\/innistrad-midnight-hunt-collector-booster-fr\/#primaryimage\"},\"image\":{\"@id\":\"https:\/\/worldsofmagic.net\/product\/innistrad-midnight-hunt-collector-booster-fr\/#primaryimage\"},\"thumbnailUrl\":\"https:\/\/worldsofmagic.net\/wp-content\/uploads\/2024\/11\/Innistrad-Midnight-Hunt-Collector-Booster.png\",\"datePublished\":\"2024-11-01T13:44:29+00:00\",\"dateModified\":\"2024-12-09T14:05:39+00:00\",\"breadcrumb\":{\"@id\":\"https:\/\/worldsofmagic.net\/product\/innistrad-midnight-hunt-collector-booster-fr\/#breadcrumb\"},\"inLanguage\":\"fr-FR\",\"potentialAction\":[{\"@type\":\"ReadAction\",\"target\":[\"https:\/\/worldsofmagic.net\/product\/innistrad-midnight-hunt-collector-booster-fr\/\"]}]},{\"@type\":\"ImageObject\",\"inLanguage\":\"fr-FR\",\"@id\":\"https:\/\/worldsofmagic.net\/product\/innistrad-midnight-hunt-collector-booster-fr\/#primaryimage\",\"url\":\"https:\/\/worldsofmagic.net\/wp-content\/uploads\/2024\/11\/Innistrad-Midnight-Hunt-Collector-Booster.png\",\"contentUrl\":\"https:\/\/worldsofmagic.net\/wp-content\/uploads\/2024\/11\/Innistrad-Midnight-Hunt-Collector-Booster.png\",\"width\":300,\"height\":300},{\"@type\":\"BreadcrumbList\",\"@id\":\"https:\/\/worldsofmagic.net\/product\/innistrad-midnight-hunt-collector-booster-fr\/#breadcrumb\",\"itemListElement\":[{\"@type\":\"ListItem\",\"position\":1,\"name\":\"Accueil\",\"item\":\"https:\/\/worldsofmagic.net\/\"},{\"@type\":\"ListItem\",\"position\":2,\"name\":\"Shop\",\"item\":\"https:\/\/worldsofmagic.net\/shop\/\"},{\"@type\":\"ListItem\",\"position\":3,\"name\":\"\ud83c\uddeb\ud83c\uddf7Innistrad: Midnight Hunt Collector Booster &#8211; FR\"}]},{\"@type\":\"WebSite\",\"@id\":\"https:\/\/worldsofmagic.net\/#website\",\"url\":\"https:\/\/worldsofmagic.net\/\",\"name\":\"Worlds Of Magic\",\"description\":\"\",\"publisher\":{\"@id\":\"https:\/\/worldsofmagic.net\/#organization\"},\"potentialAction\":[{\"@type\":\"SearchAction\",\"target\":{\"@type\":\"EntryPoint\",\"urlTemplate\":\"https:\/\/worldsofmagic.net\/?s={search_term_string}\"},\"query-input\":{\"@type\":\"PropertyValueSpecification\",\"valueRequired\":true,\"valueName\":\"search_term_string\"}}],\"inLanguage\":\"fr-FR\"},{\"@type\":\"Organization\",\"@id\":\"https:\/\/worldsofmagic.net\/#organization\",\"name\":\"Worlds Of Magic\",\"alternateName\":\"Worlds Of Magic\",\"url\":\"https:\/\/worldsofmagic.net\/\",\"logo\":{\"@type\":\"ImageObject\",\"inLanguage\":\"fr-FR\",\"@id\":\"https:\/\/worldsofmagic.net\/#\/schema\/logo\/image\/\",\"url\":\"https:\/\/worldsofmagic.net\/wp-content\/uploads\/2024\/07\/image.png\",\"contentUrl\":\"https:\/\/worldsofmagic.net\/wp-content\/uploads\/2024\/07\/image.png\",\"width\":1072,\"height\":341,\"caption\":\"Worlds Of Magic\"},\"image\":{\"@id\":\"https:\/\/worldsofmagic.net\/#\/schema\/logo\/image\/\"}}]}<\/script>\n<!-- \/ Yoast SEO plugin. -->","yoast_head_json":{"title":"\ud83c\uddeb\ud83c\uddf7Innistrad: Midnight Hunt Collector Booster - FR - Worlds Of Magic","robots":{"index":"index","follow":"follow","max-snippet":"max-snippet:-1","max-image-preview":"max-image-preview:large","max-video-preview":"max-video-preview:-1"},"canonical":"https:\/\/worldsofmagic.net\/fr\/produit\/innistrad-midnight-hunt-collector-booster-fr\/","og_locale":"fr_FR","og_type":"article","og_title":"\ud83c\uddeb\ud83c\uddf7Innistrad: Midnight Hunt Collector Booster - FR - Worlds Of Magic","og_description":"Each Innistrad: Midnight Hunt Collector Booster Pack in French contains: 1 foil Rare or Mythic Rare 1 foil alternate frame Rare or Mythic Rare 1 alternate frame Rare or Mythic Rare 1 extended art Rare or Mythic Rare coming from the Innistrad Midnight Hunt Commander edition 1 extended art Rare or Mythic Rare 1 foil [&hellip;]","og_url":"https:\/\/worldsofmagic.net\/fr\/produit\/innistrad-midnight-hunt-collector-booster-fr\/","og_site_name":"Worlds Of Magic","article_modified_time":"2024-12-09T14:05:39+00:00","og_image":[{"width":300,"height":300,"url":"https:\/\/worldsofmagic.net\/wp-content\/uploads\/2024\/11\/Innistrad-Midnight-Hunt-Collector-Booster.png","type":"image\/png"}],"twitter_card":"summary_large_image","twitter_misc":{"Dur\u00e9e de lecture estim\u00e9e":"1 minute"},"schema":{"@context":"https:\/\/schema.org","@graph":[{"@type":"WebPage","@id":"https:\/\/worldsofmagic.net\/product\/innistrad-midnight-hunt-collector-booster-fr\/","url":"https:\/\/worldsofmagic.net\/product\/innistrad-midnight-hunt-collector-booster-fr\/","name":"\ud83c\uddeb\ud83c\uddf7Innistrad: Midnight Hunt Collector Booster - FR - Worlds Of Magic","isPartOf":{"@id":"https:\/\/worldsofmagic.net\/#website"},"primaryImageOfPage":{"@id":"https:\/\/worldsofmagic.net\/product\/innistrad-midnight-hunt-collector-booster-fr\/#primaryimage"},"image":{"@id":"https:\/\/worldsofmagic.net\/product\/innistrad-midnight-hunt-collector-booster-fr\/#primaryimage"},"thumbnailUrl":"https:\/\/worldsofmagic.net\/wp-content\/uploads\/2024\/11\/Innistrad-Midnight-Hunt-Collector-Booster.png","datePublished":"2024-11-01T13:44:29+00:00","dateModified":"2024-12-09T14:05:39+00:00","breadcrumb":{"@id":"https:\/\/worldsofmagic.net\/product\/innistrad-midnight-hunt-collector-booster-fr\/#breadcrumb"},"inLanguage":"fr-FR","potentialAction":[{"@type":"ReadAction","target":["https:\/\/worldsofmagic.net\/product\/innistrad-midnight-hunt-collector-booster-fr\/"]}]},{"@type":"ImageObject","inLanguage":"fr-FR","@id":"https:\/\/worldsofmagic.net\/product\/innistrad-midnight-hunt-collector-booster-fr\/#primaryimage","url":"https:\/\/worldsofmagic.net\/wp-content\/uploads\/2024\/11\/Innistrad-Midnight-Hunt-Collector-Booster.png","contentUrl":"https:\/\/worldsofmagic.net\/wp-content\/uploads\/2024\/11\/Innistrad-Midnight-Hunt-Collector-Booster.png","width":300,"height":300},{"@type":"BreadcrumbList","@id":"https:\/\/worldsofmagic.net\/product\/innistrad-midnight-hunt-collector-booster-fr\/#breadcrumb","itemListElement":[{"@type":"ListItem","position":1,"name":"Accueil","item":"https:\/\/worldsofmagic.net\/"},{"@type":"ListItem","position":2,"name":"Shop","item":"https:\/\/worldsofmagic.net\/shop\/"},{"@type":"ListItem","position":3,"name":"\ud83c\uddeb\ud83c\uddf7Innistrad: Midnight Hunt Collector Booster &#8211; FR"}]},{"@type":"WebSite","@id":"https:\/\/worldsofmagic.net\/#website","url":"https:\/\/worldsofmagic.net\/","name":"Worlds Of Magic","description":"","publisher":{"@id":"https:\/\/worldsofmagic.net\/#organization"},"potentialAction":[{"@type":"SearchAction","target":{"@type":"EntryPoint","urlTemplate":"https:\/\/worldsofmagic.net\/?s={search_term_string}"},"query-input":{"@type":"PropertyValueSpecification","valueRequired":true,"valueName":"search_term_string"}}],"inLanguage":"fr-FR"},{"@type":"Organization","@id":"https:\/\/worldsofmagic.net\/#organization","name":"Worlds Of Magic","alternateName":"Worlds Of Magic","url":"https:\/\/worldsofmagic.net\/","logo":{"@type":"ImageObject","inLanguage":"fr-FR","@id":"https:\/\/worldsofmagic.net\/#\/schema\/logo\/image\/","url":"https:\/\/worldsofmagic.net\/wp-content\/uploads\/2024\/07\/image.png","contentUrl":"https:\/\/worldsofmagic.net\/wp-content\/uploads\/2024\/07\/image.png","width":1072,"height":341,"caption":"Worlds Of Magic"},"image":{"@id":"https:\/\/worldsofmagic.net\/#\/schema\/logo\/image\/"}}]}},"jetpack_sharing_enabled":true,"_links":{"self":[{"href":"https:\/\/worldsofmagic.net\/fr\/wp-json\/wp\/v2\/product\/1930"}],"collection":[{"href":"https:\/\/worldsofmagic.net\/fr\/wp-json\/wp\/v2\/product"}],"about":[{"href":"https:\/\/worldsofmagic.net\/fr\/wp-json\/wp\/v2\/types\/product"}],"replies":[{"embeddable":true,"href":"https:\/\/worldsofmagic.net\/fr\/wp-json\/wp\/v2\/comments?post=1930"}],"wp:featuredmedia":[{"embeddable":true,"href":"https:\/\/worldsofmagic.net\/fr\/wp-json\/wp\/v2\/media\/1931"}],"wp:attachment":[{"href":"https:\/\/worldsofmagic.net\/fr\/wp-json\/wp\/v2\/media?parent=1930"}],"wp:term":[{"taxonomy":"product_cat","embeddable":true,"href":"https:\/\/worldsofmagic.net\/fr\/wp-json\/wp\/v2\/product_cat?post=1930"},{"taxonomy":"product_tag","embeddable":true,"href":"https:\/\/worldsofmagic.net\/fr\/wp-json\/wp\/v2\/product_tag?post=1930"}],"curies":[{"name":"wp","href":"https:\/\/api.w.org\/{rel}","templated":true}]}}