{"id":1942,"date":"2024-11-01T14:00:22","date_gmt":"2024-11-01T14:00:22","guid":{"rendered":"https:\/\/worldsofmagic.net\/?post_type=product&#038;p=1942"},"modified":"2025-01-26T16:41:12","modified_gmt":"2025-01-26T16:41:12","slug":"bloomburrow-collector-booster-box","status":"publish","type":"product","link":"https:\/\/worldsofmagic.net\/fr\/produit\/bloomburrow-collector-booster-box\/","title":{"rendered":"Bo\u00eete de boosters collector Bloomburrow\ud83c\uddec\ud83c\udde7"},"content":{"rendered":"<p>GRANDES AVENTURES POUR PETITES CR\u00c9ATIONS \u2013 Les pattes sur l\u2019\u00e9paule et partez \u00e0 l\u2019aventure dans le monde de Bloomburrow ; combattez entre souris, grenouilles, chauves-souris, oiseaux, l\u00e9zards, \u00e9cureuils et autres bestioles pour r\u00e9tablir l\u2019\u00e9quilibre de la paix dans la vall\u00e9e et prouver que le courage existe sous toutes ses formes<\/p>\n<p>Les enveloppes parfaites pour les collectionneurs : le Collector Booster retrouve imm\u00e9diatement les cartes les plus int\u00e9ressantes de l&#039;extension : cartes rares, avec feuille brillante, cartes sp\u00e9ciales avec illustration alternative et cartes avec bord altern\u00e9<br \/>\nGrimpez au sommet de la cha\u00eene alimentaire \u2013 r\u00e9cup\u00e9rez plusieurs cartes Bloomburrow difficiles \u00e0 trouver avec 5 cartes rares ou de raret\u00e9 sup\u00e9rieure et un total de 5 cartes avec un bord alternatif dans chaque booster de collection<br \/>\nCOLLECTOR BOOSTER \u2013 TRAITEMENTS EXCLUSIFS \u2013 Les Collector Booster sont le seul endroit o\u00f9 vous trouverez des cartes avec une illustration \u00e9tendue, au moins 1 dans chaque enveloppe, et sont le seul endroit o\u00f9 vous avez la possibilit\u00e9 de trouver une carte avec un type sp\u00e9cial de traitement foil.<\/p>\n<p>Jouez \u00e0 un jeu qui m\u00e9lange art, contes et strat\u00e9gie \u2013 Magic: The Gathering est un jeu de cartes \u00e0 collectionner qui maintient la strat\u00e9gie avec des illustrations et des m\u00e9canismes qui explorent les th\u00e8mes d&#039;un monde ou d&#039;une histoire particuli\u00e8re ; que vous souhaitiez jouer \u00e0 un match informel avec des amis, collectionner des cartes int\u00e9ressantes ou les donner \u00e0 la comp\u00e9tition, Magic vous accueille au Gathering<\/p>","protected":false},"excerpt":{"rendered":"<p>GRANDES AVENTURES POUR PETITES CR\u00c9ATIONS \u2013 Les pattes sur l\u2019\u00e9paule et partez \u00e0 l\u2019aventure dans le monde de Bloomburrow ; combattez souris, grenouilles, chauves-souris, oiseaux, l\u00e9zards, \u00e9cureuils et autres bestioles pour r\u00e9tablir l\u2019\u00e9quilibre de la paix dans la vall\u00e9e et prouver que le courage existe sous tous les formats Les enveloppes parfaites pour les collectionneurs : les Collector Booster trouvent imm\u00e9diatement [\u2026]<\/p>","protected":false},"featured_media":1943,"comment_status":"open","ping_status":"closed","template":"","meta":[],"product_cat":[27,84,21],"product_tag":[],"class_list":{"0":"post-1942","1":"product","2":"type-product","3":"status-publish","4":"has-post-thumbnail","6":"product_cat-boosterboxes","7":"product_cat-english-boosterboxes","8":"product_cat-magic-the-gathering","9":"pa_language-english","10":"pa_mtg-edition-bloomburrow","12":"first","13":"outofstock","14":"purchasable","15":"product-type-simple"},"yoast_head":"<!-- This site is optimized with the Yoast SEO plugin v23.6 - https:\/\/yoast.com\/wordpress\/plugins\/seo\/ -->\n<title>\ud83c\uddec\ud83c\udde7Bloomburrow Collector Booster Box - Worlds Of Magic<\/title>\n<meta name=\"description\" content=\"BIG ADVENTURES FOR SMALL CREATIONS - Paws on the shoulder and adventured into the world of Bloomburrow; fight between mice, frogs, bats, birds, lizards, squirrels and other critters to restore the balance of peace in the valley and prove that courage exists in all formats\" \/>\n<meta name=\"robots\" content=\"index, follow, max-snippet:-1, max-image-preview:large, max-video-preview:-1\" \/>\n<link rel=\"canonical\" href=\"https:\/\/worldsofmagic.net\/fr\/produit\/bloomburrow-collector-booster-box\/\" \/>\n<meta property=\"og:locale\" content=\"fr_FR\" \/>\n<meta property=\"og:type\" content=\"article\" \/>\n<meta property=\"og:title\" content=\"\ud83c\uddec\ud83c\udde7Bloomburrow Collector Booster Box - Worlds Of Magic\" \/>\n<meta property=\"og:description\" content=\"BIG ADVENTURES FOR SMALL CREATIONS - Paws on the shoulder and adventured into the world of Bloomburrow; fight between mice, frogs, bats, birds, lizards, squirrels and other critters to restore the balance of peace in the valley and prove that courage exists in all formats\" \/>\n<meta property=\"og:url\" content=\"https:\/\/worldsofmagic.net\/fr\/produit\/bloomburrow-collector-booster-box\/\" \/>\n<meta property=\"og:site_name\" content=\"Worlds Of Magic\" \/>\n<meta property=\"article:modified_time\" content=\"2025-01-26T16:41:12+00:00\" \/>\n<meta property=\"og:image\" content=\"https:\/\/worldsofmagic.net\/wp-content\/uploads\/2024\/11\/Bloomburrow-Collector-Booster-Box.png\" \/>\n\t<meta property=\"og:image:width\" content=\"300\" \/>\n\t<meta property=\"og:image:height\" content=\"300\" \/>\n\t<meta property=\"og:image:type\" content=\"image\/png\" \/>\n<meta name=\"twitter:card\" content=\"summary_large_image\" \/>\n<meta name=\"twitter:label1\" content=\"Dur\u00e9e de lecture estim\u00e9e\" \/>\n\t<meta name=\"twitter:data1\" content=\"2 minutes\" \/>\n<script type=\"application\/ld+json\" class=\"yoast-schema-graph\">{\"@context\":\"https:\/\/schema.org\",\"@graph\":[{\"@type\":\"WebPage\",\"@id\":\"https:\/\/worldsofmagic.net\/product\/bloomburrow-collector-booster-box\/\",\"url\":\"https:\/\/worldsofmagic.net\/product\/bloomburrow-collector-booster-box\/\",\"name\":\"\ud83c\uddec\ud83c\udde7Bloomburrow Collector Booster Box - Worlds Of Magic\",\"isPartOf\":{\"@id\":\"https:\/\/worldsofmagic.net\/#website\"},\"primaryImageOfPage\":{\"@id\":\"https:\/\/worldsofmagic.net\/product\/bloomburrow-collector-booster-box\/#primaryimage\"},\"image\":{\"@id\":\"https:\/\/worldsofmagic.net\/product\/bloomburrow-collector-booster-box\/#primaryimage\"},\"thumbnailUrl\":\"https:\/\/worldsofmagic.net\/wp-content\/uploads\/2024\/11\/Bloomburrow-Collector-Booster-Box.png\",\"datePublished\":\"2024-11-01T14:00:22+00:00\",\"dateModified\":\"2025-01-26T16:41:12+00:00\",\"description\":\"BIG ADVENTURES FOR SMALL CREATIONS - Paws on the shoulder and adventured into the world of Bloomburrow; fight between mice, frogs, bats, birds, lizards, squirrels and other critters to restore the balance of peace in the valley and prove that courage exists in all formats\",\"breadcrumb\":{\"@id\":\"https:\/\/worldsofmagic.net\/product\/bloomburrow-collector-booster-box\/#breadcrumb\"},\"inLanguage\":\"fr-FR\",\"potentialAction\":[{\"@type\":\"ReadAction\",\"target\":[\"https:\/\/worldsofmagic.net\/product\/bloomburrow-collector-booster-box\/\"]}]},{\"@type\":\"ImageObject\",\"inLanguage\":\"fr-FR\",\"@id\":\"https:\/\/worldsofmagic.net\/product\/bloomburrow-collector-booster-box\/#primaryimage\",\"url\":\"https:\/\/worldsofmagic.net\/wp-content\/uploads\/2024\/11\/Bloomburrow-Collector-Booster-Box.png\",\"contentUrl\":\"https:\/\/worldsofmagic.net\/wp-content\/uploads\/2024\/11\/Bloomburrow-Collector-Booster-Box.png\",\"width\":300,\"height\":300,\"caption\":\"Bloomburrow Collector Booster Box\"},{\"@type\":\"BreadcrumbList\",\"@id\":\"https:\/\/worldsofmagic.net\/product\/bloomburrow-collector-booster-box\/#breadcrumb\",\"itemListElement\":[{\"@type\":\"ListItem\",\"position\":1,\"name\":\"Accueil\",\"item\":\"https:\/\/worldsofmagic.net\/\"},{\"@type\":\"ListItem\",\"position\":2,\"name\":\"Shop\",\"item\":\"https:\/\/worldsofmagic.net\/shop\/\"},{\"@type\":\"ListItem\",\"position\":3,\"name\":\"\ud83c\uddec\ud83c\udde7Bloomburrow Collector Booster Box\"}]},{\"@type\":\"WebSite\",\"@id\":\"https:\/\/worldsofmagic.net\/#website\",\"url\":\"https:\/\/worldsofmagic.net\/\",\"name\":\"Worlds Of Magic\",\"description\":\"\",\"publisher\":{\"@id\":\"https:\/\/worldsofmagic.net\/#organization\"},\"potentialAction\":[{\"@type\":\"SearchAction\",\"target\":{\"@type\":\"EntryPoint\",\"urlTemplate\":\"https:\/\/worldsofmagic.net\/?s={search_term_string}\"},\"query-input\":{\"@type\":\"PropertyValueSpecification\",\"valueRequired\":true,\"valueName\":\"search_term_string\"}}],\"inLanguage\":\"fr-FR\"},{\"@type\":\"Organization\",\"@id\":\"https:\/\/worldsofmagic.net\/#organization\",\"name\":\"Worlds Of Magic\",\"alternateName\":\"Worlds Of Magic\",\"url\":\"https:\/\/worldsofmagic.net\/\",\"logo\":{\"@type\":\"ImageObject\",\"inLanguage\":\"fr-FR\",\"@id\":\"https:\/\/worldsofmagic.net\/#\/schema\/logo\/image\/\",\"url\":\"https:\/\/worldsofmagic.net\/wp-content\/uploads\/2024\/07\/image.png\",\"contentUrl\":\"https:\/\/worldsofmagic.net\/wp-content\/uploads\/2024\/07\/image.png\",\"width\":1072,\"height\":341,\"caption\":\"Worlds Of Magic\"},\"image\":{\"@id\":\"https:\/\/worldsofmagic.net\/#\/schema\/logo\/image\/\"}}]}<\/script>\n<!-- \/ Yoast SEO plugin. -->","yoast_head_json":{"title":"\ud83c\uddec\ud83c\udde7Bloomburrow Collector Booster Box - Worlds Of Magic","description":"BIG ADVENTURES FOR SMALL CREATIONS - Paws on the shoulder and adventured into the world of Bloomburrow; fight between mice, frogs, bats, birds, lizards, squirrels and other critters to restore the balance of peace in the valley and prove that courage exists in all formats","robots":{"index":"index","follow":"follow","max-snippet":"max-snippet:-1","max-image-preview":"max-image-preview:large","max-video-preview":"max-video-preview:-1"},"canonical":"https:\/\/worldsofmagic.net\/fr\/produit\/bloomburrow-collector-booster-box\/","og_locale":"fr_FR","og_type":"article","og_title":"\ud83c\uddec\ud83c\udde7Bloomburrow Collector Booster Box - Worlds Of Magic","og_description":"BIG ADVENTURES FOR SMALL CREATIONS - Paws on the shoulder and adventured into the world of Bloomburrow; fight between mice, frogs, bats, birds, lizards, squirrels and other critters to restore the balance of peace in the valley and prove that courage exists in all formats","og_url":"https:\/\/worldsofmagic.net\/fr\/produit\/bloomburrow-collector-booster-box\/","og_site_name":"Worlds Of Magic","article_modified_time":"2025-01-26T16:41:12+00:00","og_image":[{"width":300,"height":300,"url":"https:\/\/worldsofmagic.net\/wp-content\/uploads\/2024\/11\/Bloomburrow-Collector-Booster-Box.png","type":"image\/png"}],"twitter_card":"summary_large_image","twitter_misc":{"Dur\u00e9e de lecture estim\u00e9e":"2 minutes"},"schema":{"@context":"https:\/\/schema.org","@graph":[{"@type":"WebPage","@id":"https:\/\/worldsofmagic.net\/product\/bloomburrow-collector-booster-box\/","url":"https:\/\/worldsofmagic.net\/product\/bloomburrow-collector-booster-box\/","name":"\ud83c\uddec\ud83c\udde7Bloomburrow Collector Booster Box - Worlds Of Magic","isPartOf":{"@id":"https:\/\/worldsofmagic.net\/#website"},"primaryImageOfPage":{"@id":"https:\/\/worldsofmagic.net\/product\/bloomburrow-collector-booster-box\/#primaryimage"},"image":{"@id":"https:\/\/worldsofmagic.net\/product\/bloomburrow-collector-booster-box\/#primaryimage"},"thumbnailUrl":"https:\/\/worldsofmagic.net\/wp-content\/uploads\/2024\/11\/Bloomburrow-Collector-Booster-Box.png","datePublished":"2024-11-01T14:00:22+00:00","dateModified":"2025-01-26T16:41:12+00:00","description":"BIG ADVENTURES FOR SMALL CREATIONS - Paws on the shoulder and adventured into the world of Bloomburrow; fight between mice, frogs, bats, birds, lizards, squirrels and other critters to restore the balance of peace in the valley and prove that courage exists in all formats","breadcrumb":{"@id":"https:\/\/worldsofmagic.net\/product\/bloomburrow-collector-booster-box\/#breadcrumb"},"inLanguage":"fr-FR","potentialAction":[{"@type":"ReadAction","target":["https:\/\/worldsofmagic.net\/product\/bloomburrow-collector-booster-box\/"]}]},{"@type":"ImageObject","inLanguage":"fr-FR","@id":"https:\/\/worldsofmagic.net\/product\/bloomburrow-collector-booster-box\/#primaryimage","url":"https:\/\/worldsofmagic.net\/wp-content\/uploads\/2024\/11\/Bloomburrow-Collector-Booster-Box.png","contentUrl":"https:\/\/worldsofmagic.net\/wp-content\/uploads\/2024\/11\/Bloomburrow-Collector-Booster-Box.png","width":300,"height":300,"caption":"Bloomburrow Collector Booster Box"},{"@type":"BreadcrumbList","@id":"https:\/\/worldsofmagic.net\/product\/bloomburrow-collector-booster-box\/#breadcrumb","itemListElement":[{"@type":"ListItem","position":1,"name":"Accueil","item":"https:\/\/worldsofmagic.net\/"},{"@type":"ListItem","position":2,"name":"Shop","item":"https:\/\/worldsofmagic.net\/shop\/"},{"@type":"ListItem","position":3,"name":"\ud83c\uddec\ud83c\udde7Bloomburrow Collector Booster Box"}]},{"@type":"WebSite","@id":"https:\/\/worldsofmagic.net\/#website","url":"https:\/\/worldsofmagic.net\/","name":"Worlds Of Magic","description":"","publisher":{"@id":"https:\/\/worldsofmagic.net\/#organization"},"potentialAction":[{"@type":"SearchAction","target":{"@type":"EntryPoint","urlTemplate":"https:\/\/worldsofmagic.net\/?s={search_term_string}"},"query-input":{"@type":"PropertyValueSpecification","valueRequired":true,"valueName":"search_term_string"}}],"inLanguage":"fr-FR"},{"@type":"Organization","@id":"https:\/\/worldsofmagic.net\/#organization","name":"Worlds Of Magic","alternateName":"Worlds Of Magic","url":"https:\/\/worldsofmagic.net\/","logo":{"@type":"ImageObject","inLanguage":"fr-FR","@id":"https:\/\/worldsofmagic.net\/#\/schema\/logo\/image\/","url":"https:\/\/worldsofmagic.net\/wp-content\/uploads\/2024\/07\/image.png","contentUrl":"https:\/\/worldsofmagic.net\/wp-content\/uploads\/2024\/07\/image.png","width":1072,"height":341,"caption":"Worlds Of Magic"},"image":{"@id":"https:\/\/worldsofmagic.net\/#\/schema\/logo\/image\/"}}]}},"jetpack_sharing_enabled":true,"_links":{"self":[{"href":"https:\/\/worldsofmagic.net\/fr\/wp-json\/wp\/v2\/product\/1942"}],"collection":[{"href":"https:\/\/worldsofmagic.net\/fr\/wp-json\/wp\/v2\/product"}],"about":[{"href":"https:\/\/worldsofmagic.net\/fr\/wp-json\/wp\/v2\/types\/product"}],"replies":[{"embeddable":true,"href":"https:\/\/worldsofmagic.net\/fr\/wp-json\/wp\/v2\/comments?post=1942"}],"wp:featuredmedia":[{"embeddable":true,"href":"https:\/\/worldsofmagic.net\/fr\/wp-json\/wp\/v2\/media\/1943"}],"wp:attachment":[{"href":"https:\/\/worldsofmagic.net\/fr\/wp-json\/wp\/v2\/media?parent=1942"}],"wp:term":[{"taxonomy":"product_cat","embeddable":true,"href":"https:\/\/worldsofmagic.net\/fr\/wp-json\/wp\/v2\/product_cat?post=1942"},{"taxonomy":"product_tag","embeddable":true,"href":"https:\/\/worldsofmagic.net\/fr\/wp-json\/wp\/v2\/product_tag?post=1942"}],"curies":[{"name":"wp","href":"https:\/\/api.w.org\/{rel}","templated":true}]}}