{"id":1945,"date":"2024-11-01T14:10:22","date_gmt":"2024-11-01T14:10:22","guid":{"rendered":"https:\/\/worldsofmagic.net\/?post_type=product&#038;p=1945"},"modified":"2024-12-09T14:06:06","modified_gmt":"2024-12-09T14:06:06","slug":"commander-legends-draft-booster-box","status":"publish","type":"product","link":"https:\/\/worldsofmagic.net\/fr\/produit\/commander-legends-draft-booster-box\/","title":{"rendered":"Coffret de boosters Commander Legends Draft"},"content":{"rendered":"<ul class=\"a-unordered-list a-vertical a-spacing-mini\">\n<li class=\"a-spacing-mini\"><span class=\"a-list-item\"> COMMANDER DRAFT EST ARRIV\u00c9. Lancez-vous dans les tout premiers boosters con\u00e7us pour Commander, un format Magic qui vous permettra de combattre vos amis dans des parties multijoueurs \u00e9piques. <\/span><\/li>\n<li class=\"a-spacing-mini\"><span class=\"a-list-item\"> 24 BOOSTERS DE DRAFT. Prenez 3 paquets, choisissez 2 cartes \u00e0 la fois et ajoutez des terrains pour un deck Commander de 60 cartes, puis montrez-le dans des parties gratuites passionnantes avec jusqu&#039;\u00e0 8 amis. <\/span><\/li>\n<li class=\"a-spacing-mini\"><span class=\"a-list-item\"> 2 L\u00c9GENDES PAR PACK. Chaque booster Commander Legends Draft contient 2 cartes l\u00e9gendaires : am\u00e9liorez votre deck avec des r\u00e9impressions de commandants MTG classiques ou avec l&#039;un des 71 commandants introduits dans l&#039;extension. <\/span><\/li>\n<li class=\"a-spacing-mini\"><span class=\"a-list-item\"> PR\u00c9SENTATION DES CARTES GRAV\u00c9ES EN FORME D&#039;ALUMINIUM. Commander Legends lance un type sp\u00e9cial de cartes grav\u00e9es en feuille avec de magnifiques cadres m\u00e9talliques. Dans certains boosters de draft Commander Legends, vous pouvez trouver une l\u00e9gende de vitrine grav\u00e9e en feuille ou un Planeswalker sans bordure en feuille ordinaire. <\/span><\/li>\n<li class=\"a-spacing-mini\"><span class=\"a-list-item\"> CONTENU : 24 boosters Commander Legends Draft \u2014 20 cartes Magic + 1 annonce\/jeton par pack, avec 2 l\u00e9gendes, au moins 1 rare et 1 foil chacune. <\/span><\/li>\n<\/ul>","protected":false},"excerpt":{"rendered":"<p>COMMANDER DRAFT EST ARRIV\u00c9. Draftez avec les tout premiers boosters con\u00e7us pour Commander, un format Magic qui vous permettra de combattre vos amis dans des parties multijoueurs \u00e9piques. 24 BOOSTERS DRAFT. Prenez 3 packs, choisissez 2 cartes \u00e0 la fois et ajoutez des terrains pour un deck Commander de 60 cartes, puis montrez-le dans des parties en m\u00eal\u00e9e avec [\u2026]<\/p>","protected":false},"featured_media":1946,"comment_status":"open","ping_status":"closed","template":"","meta":[],"product_cat":[27,84,21],"product_tag":[],"class_list":{"0":"post-1945","1":"product","2":"type-product","3":"status-publish","4":"has-post-thumbnail","6":"product_cat-boosterboxes","7":"product_cat-english-boosterboxes","8":"product_cat-magic-the-gathering","9":"pa_language-english","10":"pa_mtg-edition-commander-legends-battle-for-baldurs-gate","12":"first","13":"outofstock","14":"purchasable","15":"product-type-simple"},"yoast_head":"<!-- This site is optimized with the Yoast SEO plugin v23.6 - https:\/\/yoast.com\/wordpress\/plugins\/seo\/ -->\n<title>\ud83c\uddec\ud83c\udde7Commander Legends Draft Booster Box - Worlds Of Magic<\/title>\n<meta name=\"robots\" content=\"index, follow, max-snippet:-1, max-image-preview:large, max-video-preview:-1\" \/>\n<link rel=\"canonical\" href=\"https:\/\/worldsofmagic.net\/fr\/produit\/commander-legends-draft-booster-box\/\" \/>\n<meta property=\"og:locale\" content=\"fr_FR\" \/>\n<meta property=\"og:type\" content=\"article\" \/>\n<meta property=\"og:title\" content=\"\ud83c\uddec\ud83c\udde7Commander Legends Draft Booster Box - Worlds Of Magic\" \/>\n<meta property=\"og:description\" content=\"COMMANDER DRAFT IS HERE. Draft with the first ever booster packs designed for Commander\u2014a Magic format all about battling your friends in epic multiplayer games. 24 DRAFT BOOSTERS. Grab 3 packs, pick 2 cards at a time, and add in some lands for a 60-card Commander deck\u2014then show it off in exciting free-for-all games with [&hellip;]\" \/>\n<meta property=\"og:url\" content=\"https:\/\/worldsofmagic.net\/fr\/produit\/commander-legends-draft-booster-box\/\" \/>\n<meta property=\"og:site_name\" content=\"Worlds Of Magic\" \/>\n<meta property=\"article:modified_time\" content=\"2024-12-09T14:06:06+00:00\" \/>\n<meta property=\"og:image\" content=\"https:\/\/worldsofmagic.net\/wp-content\/uploads\/2024\/11\/Commander-Legends-Draft-Booster-Box.png\" \/>\n\t<meta property=\"og:image:width\" content=\"300\" \/>\n\t<meta property=\"og:image:height\" content=\"300\" \/>\n\t<meta property=\"og:image:type\" content=\"image\/png\" \/>\n<meta name=\"twitter:card\" content=\"summary_large_image\" \/>\n<meta name=\"twitter:label1\" content=\"Dur\u00e9e de lecture estim\u00e9e\" \/>\n\t<meta name=\"twitter:data1\" content=\"1 minute\" \/>\n<script type=\"application\/ld+json\" class=\"yoast-schema-graph\">{\"@context\":\"https:\/\/schema.org\",\"@graph\":[{\"@type\":\"WebPage\",\"@id\":\"https:\/\/worldsofmagic.net\/product\/commander-legends-draft-booster-box\/\",\"url\":\"https:\/\/worldsofmagic.net\/product\/commander-legends-draft-booster-box\/\",\"name\":\"\ud83c\uddec\ud83c\udde7Commander Legends Draft Booster Box - Worlds Of Magic\",\"isPartOf\":{\"@id\":\"https:\/\/worldsofmagic.net\/#website\"},\"primaryImageOfPage\":{\"@id\":\"https:\/\/worldsofmagic.net\/product\/commander-legends-draft-booster-box\/#primaryimage\"},\"image\":{\"@id\":\"https:\/\/worldsofmagic.net\/product\/commander-legends-draft-booster-box\/#primaryimage\"},\"thumbnailUrl\":\"https:\/\/worldsofmagic.net\/wp-content\/uploads\/2024\/11\/Commander-Legends-Draft-Booster-Box.png\",\"datePublished\":\"2024-11-01T14:10:22+00:00\",\"dateModified\":\"2024-12-09T14:06:06+00:00\",\"breadcrumb\":{\"@id\":\"https:\/\/worldsofmagic.net\/product\/commander-legends-draft-booster-box\/#breadcrumb\"},\"inLanguage\":\"fr-FR\",\"potentialAction\":[{\"@type\":\"ReadAction\",\"target\":[\"https:\/\/worldsofmagic.net\/product\/commander-legends-draft-booster-box\/\"]}]},{\"@type\":\"ImageObject\",\"inLanguage\":\"fr-FR\",\"@id\":\"https:\/\/worldsofmagic.net\/product\/commander-legends-draft-booster-box\/#primaryimage\",\"url\":\"https:\/\/worldsofmagic.net\/wp-content\/uploads\/2024\/11\/Commander-Legends-Draft-Booster-Box.png\",\"contentUrl\":\"https:\/\/worldsofmagic.net\/wp-content\/uploads\/2024\/11\/Commander-Legends-Draft-Booster-Box.png\",\"width\":300,\"height\":300,\"caption\":\"Commander Legends Draft Booster Box\"},{\"@type\":\"BreadcrumbList\",\"@id\":\"https:\/\/worldsofmagic.net\/product\/commander-legends-draft-booster-box\/#breadcrumb\",\"itemListElement\":[{\"@type\":\"ListItem\",\"position\":1,\"name\":\"Accueil\",\"item\":\"https:\/\/worldsofmagic.net\/\"},{\"@type\":\"ListItem\",\"position\":2,\"name\":\"Shop\",\"item\":\"https:\/\/worldsofmagic.net\/shop\/\"},{\"@type\":\"ListItem\",\"position\":3,\"name\":\"\ud83c\uddec\ud83c\udde7Commander Legends Draft Booster Box\"}]},{\"@type\":\"WebSite\",\"@id\":\"https:\/\/worldsofmagic.net\/#website\",\"url\":\"https:\/\/worldsofmagic.net\/\",\"name\":\"Worlds Of Magic\",\"description\":\"\",\"publisher\":{\"@id\":\"https:\/\/worldsofmagic.net\/#organization\"},\"potentialAction\":[{\"@type\":\"SearchAction\",\"target\":{\"@type\":\"EntryPoint\",\"urlTemplate\":\"https:\/\/worldsofmagic.net\/?s={search_term_string}\"},\"query-input\":{\"@type\":\"PropertyValueSpecification\",\"valueRequired\":true,\"valueName\":\"search_term_string\"}}],\"inLanguage\":\"fr-FR\"},{\"@type\":\"Organization\",\"@id\":\"https:\/\/worldsofmagic.net\/#organization\",\"name\":\"Worlds Of Magic\",\"alternateName\":\"Worlds Of Magic\",\"url\":\"https:\/\/worldsofmagic.net\/\",\"logo\":{\"@type\":\"ImageObject\",\"inLanguage\":\"fr-FR\",\"@id\":\"https:\/\/worldsofmagic.net\/#\/schema\/logo\/image\/\",\"url\":\"https:\/\/worldsofmagic.net\/wp-content\/uploads\/2024\/07\/image.png\",\"contentUrl\":\"https:\/\/worldsofmagic.net\/wp-content\/uploads\/2024\/07\/image.png\",\"width\":1072,\"height\":341,\"caption\":\"Worlds Of Magic\"},\"image\":{\"@id\":\"https:\/\/worldsofmagic.net\/#\/schema\/logo\/image\/\"}}]}<\/script>\n<!-- \/ Yoast SEO plugin. -->","yoast_head_json":{"title":"\ud83c\uddec\ud83c\udde7Commander Legends Draft Booster Box - Worlds Of Magic","robots":{"index":"index","follow":"follow","max-snippet":"max-snippet:-1","max-image-preview":"max-image-preview:large","max-video-preview":"max-video-preview:-1"},"canonical":"https:\/\/worldsofmagic.net\/fr\/produit\/commander-legends-draft-booster-box\/","og_locale":"fr_FR","og_type":"article","og_title":"\ud83c\uddec\ud83c\udde7Commander Legends Draft Booster Box - Worlds Of Magic","og_description":"COMMANDER DRAFT IS HERE. Draft with the first ever booster packs designed for Commander\u2014a Magic format all about battling your friends in epic multiplayer games. 24 DRAFT BOOSTERS. Grab 3 packs, pick 2 cards at a time, and add in some lands for a 60-card Commander deck\u2014then show it off in exciting free-for-all games with [&hellip;]","og_url":"https:\/\/worldsofmagic.net\/fr\/produit\/commander-legends-draft-booster-box\/","og_site_name":"Worlds Of Magic","article_modified_time":"2024-12-09T14:06:06+00:00","og_image":[{"width":300,"height":300,"url":"https:\/\/worldsofmagic.net\/wp-content\/uploads\/2024\/11\/Commander-Legends-Draft-Booster-Box.png","type":"image\/png"}],"twitter_card":"summary_large_image","twitter_misc":{"Dur\u00e9e de lecture estim\u00e9e":"1 minute"},"schema":{"@context":"https:\/\/schema.org","@graph":[{"@type":"WebPage","@id":"https:\/\/worldsofmagic.net\/product\/commander-legends-draft-booster-box\/","url":"https:\/\/worldsofmagic.net\/product\/commander-legends-draft-booster-box\/","name":"\ud83c\uddec\ud83c\udde7Commander Legends Draft Booster Box - Worlds Of Magic","isPartOf":{"@id":"https:\/\/worldsofmagic.net\/#website"},"primaryImageOfPage":{"@id":"https:\/\/worldsofmagic.net\/product\/commander-legends-draft-booster-box\/#primaryimage"},"image":{"@id":"https:\/\/worldsofmagic.net\/product\/commander-legends-draft-booster-box\/#primaryimage"},"thumbnailUrl":"https:\/\/worldsofmagic.net\/wp-content\/uploads\/2024\/11\/Commander-Legends-Draft-Booster-Box.png","datePublished":"2024-11-01T14:10:22+00:00","dateModified":"2024-12-09T14:06:06+00:00","breadcrumb":{"@id":"https:\/\/worldsofmagic.net\/product\/commander-legends-draft-booster-box\/#breadcrumb"},"inLanguage":"fr-FR","potentialAction":[{"@type":"ReadAction","target":["https:\/\/worldsofmagic.net\/product\/commander-legends-draft-booster-box\/"]}]},{"@type":"ImageObject","inLanguage":"fr-FR","@id":"https:\/\/worldsofmagic.net\/product\/commander-legends-draft-booster-box\/#primaryimage","url":"https:\/\/worldsofmagic.net\/wp-content\/uploads\/2024\/11\/Commander-Legends-Draft-Booster-Box.png","contentUrl":"https:\/\/worldsofmagic.net\/wp-content\/uploads\/2024\/11\/Commander-Legends-Draft-Booster-Box.png","width":300,"height":300,"caption":"Commander Legends Draft Booster Box"},{"@type":"BreadcrumbList","@id":"https:\/\/worldsofmagic.net\/product\/commander-legends-draft-booster-box\/#breadcrumb","itemListElement":[{"@type":"ListItem","position":1,"name":"Accueil","item":"https:\/\/worldsofmagic.net\/"},{"@type":"ListItem","position":2,"name":"Shop","item":"https:\/\/worldsofmagic.net\/shop\/"},{"@type":"ListItem","position":3,"name":"\ud83c\uddec\ud83c\udde7Commander Legends Draft Booster Box"}]},{"@type":"WebSite","@id":"https:\/\/worldsofmagic.net\/#website","url":"https:\/\/worldsofmagic.net\/","name":"Worlds Of Magic","description":"","publisher":{"@id":"https:\/\/worldsofmagic.net\/#organization"},"potentialAction":[{"@type":"SearchAction","target":{"@type":"EntryPoint","urlTemplate":"https:\/\/worldsofmagic.net\/?s={search_term_string}"},"query-input":{"@type":"PropertyValueSpecification","valueRequired":true,"valueName":"search_term_string"}}],"inLanguage":"fr-FR"},{"@type":"Organization","@id":"https:\/\/worldsofmagic.net\/#organization","name":"Worlds Of Magic","alternateName":"Worlds Of Magic","url":"https:\/\/worldsofmagic.net\/","logo":{"@type":"ImageObject","inLanguage":"fr-FR","@id":"https:\/\/worldsofmagic.net\/#\/schema\/logo\/image\/","url":"https:\/\/worldsofmagic.net\/wp-content\/uploads\/2024\/07\/image.png","contentUrl":"https:\/\/worldsofmagic.net\/wp-content\/uploads\/2024\/07\/image.png","width":1072,"height":341,"caption":"Worlds Of Magic"},"image":{"@id":"https:\/\/worldsofmagic.net\/#\/schema\/logo\/image\/"}}]}},"jetpack_sharing_enabled":true,"_links":{"self":[{"href":"https:\/\/worldsofmagic.net\/fr\/wp-json\/wp\/v2\/product\/1945"}],"collection":[{"href":"https:\/\/worldsofmagic.net\/fr\/wp-json\/wp\/v2\/product"}],"about":[{"href":"https:\/\/worldsofmagic.net\/fr\/wp-json\/wp\/v2\/types\/product"}],"replies":[{"embeddable":true,"href":"https:\/\/worldsofmagic.net\/fr\/wp-json\/wp\/v2\/comments?post=1945"}],"wp:featuredmedia":[{"embeddable":true,"href":"https:\/\/worldsofmagic.net\/fr\/wp-json\/wp\/v2\/media\/1946"}],"wp:attachment":[{"href":"https:\/\/worldsofmagic.net\/fr\/wp-json\/wp\/v2\/media?parent=1945"}],"wp:term":[{"taxonomy":"product_cat","embeddable":true,"href":"https:\/\/worldsofmagic.net\/fr\/wp-json\/wp\/v2\/product_cat?post=1945"},{"taxonomy":"product_tag","embeddable":true,"href":"https:\/\/worldsofmagic.net\/fr\/wp-json\/wp\/v2\/product_tag?post=1945"}],"curies":[{"name":"wp","href":"https:\/\/api.w.org\/{rel}","templated":true}]}}