{"id":1951,"date":"2024-11-01T14:28:04","date_gmt":"2024-11-01T14:28:04","guid":{"rendered":"https:\/\/worldsofmagic.net\/?post_type=product&#038;p=1951"},"modified":"2025-05-21T15:22:40","modified_gmt":"2025-05-21T15:22:40","slug":"commander-legends-battle-for-baldurs-gate-draft-booster-box","status":"publish","type":"product","link":"https:\/\/worldsofmagic.net\/fr\/produit\/commander-legends-battle-for-baldurs-gate-draft-booster-box\/","title":{"rendered":"Coffret de boosters de draft Commander Legends : La Bataille de Baldur&#039;s Gate"},"content":{"rendered":"<ul class=\"a-unordered-list a-vertical a-spacing-mini\">\n<li class=\"a-spacing-mini\"><span class=\"a-list-item\"> 24 boosters de draft MTG pour Commander Legends : La Bataille de Baldur&#039;s Gate <\/span><\/li>\n<li class=\"a-spacing-mini\"><span class=\"a-list-item\"> 20 cartes Magic par booster de draft CLB <\/span><\/li>\n<li class=\"a-spacing-mini\"><span class=\"a-list-item\"> 1 \u00e0 4 cartes de raret\u00e9 rare ou sup\u00e9rieure dans chaque pack <\/span><\/li>\n<li class=\"a-spacing-mini\"><span class=\"a-list-item\"> Au moins 2 cartes l\u00e9gendaires et 1 carte Foil traditionnelle dans chaque pack <\/span><\/li>\n<li class=\"a-spacing-mini\"><span class=\"a-list-item\"> Prenez 3 boosters, choisissez 2 cartes \u00e0 la fois et construisez un deck Commander de 60 cartes <\/span><\/li>\n<li class=\"a-spacing-mini\"><span class=\"a-list-item\"> Jouez \u00e0 des jeux Magic multijoueurs \u00e9piques dans le monde de Donjons et Dragons <\/span><\/li>\n<\/ul>","protected":false},"excerpt":{"rendered":"<p>24 boosters de draft Commander Legends : Battle for Baldur&#039;s Gate MTG 20 cartes Magic par booster de draft CLB 1 \u00e0 4 cartes de raret\u00e9 rare ou sup\u00e9rieure dans chaque pack Au moins 2 cartes l\u00e9gendaires et 1 carte traditionnelle Foil dans chaque pack Prenez 3 boosters, piochez 2 cartes \u00e0 la fois et construisez un deck Commander de 60 cartes [\u2026]<\/p>","protected":false},"featured_media":1952,"comment_status":"open","ping_status":"closed","template":"","meta":[],"product_cat":[27,84,21],"product_tag":[],"class_list":{"0":"post-1951","1":"product","2":"type-product","3":"status-publish","4":"has-post-thumbnail","6":"product_cat-boosterboxes","7":"product_cat-english-boosterboxes","8":"product_cat-magic-the-gathering","9":"pa_language-english","10":"pa_mtg-edition-commander-legends-battle-for-baldurs-gate","12":"first","13":"outofstock","14":"purchasable","15":"product-type-simple"},"yoast_head":"<!-- This site is optimized with the Yoast SEO plugin v23.6 - https:\/\/yoast.com\/wordpress\/plugins\/seo\/ -->\n<title>\ud83c\uddec\ud83c\udde7Commander Legends: Battle for Baldur&#039;s Gate Draft Booster Box - Worlds Of Magic<\/title>\n<meta name=\"robots\" content=\"index, follow, max-snippet:-1, max-image-preview:large, max-video-preview:-1\" \/>\n<link rel=\"canonical\" href=\"https:\/\/worldsofmagic.net\/fr\/produit\/commander-legends-battle-for-baldurs-gate-draft-booster-box\/\" \/>\n<meta property=\"og:locale\" content=\"fr_FR\" \/>\n<meta property=\"og:type\" content=\"article\" \/>\n<meta property=\"og:title\" content=\"\ud83c\uddec\ud83c\udde7Commander Legends: Battle for Baldur&#039;s Gate Draft Booster Box - Worlds Of Magic\" \/>\n<meta property=\"og:description\" content=\"24 Commander Legends: Battle for Baldur\u2019s Gate MTG Draft Boosters 20 Magic cards per CLB Draft Booster 1\u20134 cards of rarity Rare or higher in every pack At least 2 Legendary cards and 1 Traditional Foil card in every pack Grab 3 boosters, pick 2 cards at a time, and build a 60-card Commander deck [&hellip;]\" \/>\n<meta property=\"og:url\" content=\"https:\/\/worldsofmagic.net\/fr\/produit\/commander-legends-battle-for-baldurs-gate-draft-booster-box\/\" \/>\n<meta property=\"og:site_name\" content=\"Worlds Of Magic\" \/>\n<meta property=\"article:modified_time\" content=\"2025-05-21T15:22:40+00:00\" \/>\n<meta property=\"og:image\" content=\"https:\/\/worldsofmagic.net\/wp-content\/uploads\/2024\/11\/Commander-Legends-Battle-for-Baldurs-Gate-Draft-Booster-Box.png\" \/>\n\t<meta property=\"og:image:width\" content=\"300\" \/>\n\t<meta property=\"og:image:height\" content=\"300\" \/>\n\t<meta property=\"og:image:type\" content=\"image\/png\" \/>\n<meta name=\"twitter:card\" content=\"summary_large_image\" \/>\n<meta name=\"twitter:label1\" content=\"Dur\u00e9e de lecture estim\u00e9e\" \/>\n\t<meta name=\"twitter:data1\" content=\"1 minute\" \/>\n<script type=\"application\/ld+json\" class=\"yoast-schema-graph\">{\"@context\":\"https:\/\/schema.org\",\"@graph\":[{\"@type\":\"WebPage\",\"@id\":\"https:\/\/worldsofmagic.net\/product\/commander-legends-battle-for-baldurs-gate-draft-booster-box\/\",\"url\":\"https:\/\/worldsofmagic.net\/product\/commander-legends-battle-for-baldurs-gate-draft-booster-box\/\",\"name\":\"\ud83c\uddec\ud83c\udde7Commander Legends: Battle for Baldur's Gate Draft Booster Box - Worlds Of Magic\",\"isPartOf\":{\"@id\":\"https:\/\/worldsofmagic.net\/#website\"},\"primaryImageOfPage\":{\"@id\":\"https:\/\/worldsofmagic.net\/product\/commander-legends-battle-for-baldurs-gate-draft-booster-box\/#primaryimage\"},\"image\":{\"@id\":\"https:\/\/worldsofmagic.net\/product\/commander-legends-battle-for-baldurs-gate-draft-booster-box\/#primaryimage\"},\"thumbnailUrl\":\"https:\/\/worldsofmagic.net\/wp-content\/uploads\/2024\/11\/Commander-Legends-Battle-for-Baldurs-Gate-Draft-Booster-Box.png\",\"datePublished\":\"2024-11-01T14:28:04+00:00\",\"dateModified\":\"2025-05-21T15:22:40+00:00\",\"breadcrumb\":{\"@id\":\"https:\/\/worldsofmagic.net\/product\/commander-legends-battle-for-baldurs-gate-draft-booster-box\/#breadcrumb\"},\"inLanguage\":\"fr-FR\",\"potentialAction\":[{\"@type\":\"ReadAction\",\"target\":[\"https:\/\/worldsofmagic.net\/product\/commander-legends-battle-for-baldurs-gate-draft-booster-box\/\"]}]},{\"@type\":\"ImageObject\",\"inLanguage\":\"fr-FR\",\"@id\":\"https:\/\/worldsofmagic.net\/product\/commander-legends-battle-for-baldurs-gate-draft-booster-box\/#primaryimage\",\"url\":\"https:\/\/worldsofmagic.net\/wp-content\/uploads\/2024\/11\/Commander-Legends-Battle-for-Baldurs-Gate-Draft-Booster-Box.png\",\"contentUrl\":\"https:\/\/worldsofmagic.net\/wp-content\/uploads\/2024\/11\/Commander-Legends-Battle-for-Baldurs-Gate-Draft-Booster-Box.png\",\"width\":300,\"height\":300},{\"@type\":\"BreadcrumbList\",\"@id\":\"https:\/\/worldsofmagic.net\/product\/commander-legends-battle-for-baldurs-gate-draft-booster-box\/#breadcrumb\",\"itemListElement\":[{\"@type\":\"ListItem\",\"position\":1,\"name\":\"Accueil\",\"item\":\"https:\/\/worldsofmagic.net\/\"},{\"@type\":\"ListItem\",\"position\":2,\"name\":\"Shop\",\"item\":\"https:\/\/worldsofmagic.net\/shop\/\"},{\"@type\":\"ListItem\",\"position\":3,\"name\":\"\ud83c\uddec\ud83c\udde7Commander Legends: Battle for Baldur&#8217;s Gate Draft Booster Box\"}]},{\"@type\":\"WebSite\",\"@id\":\"https:\/\/worldsofmagic.net\/#website\",\"url\":\"https:\/\/worldsofmagic.net\/\",\"name\":\"Worlds Of Magic\",\"description\":\"\",\"publisher\":{\"@id\":\"https:\/\/worldsofmagic.net\/#organization\"},\"potentialAction\":[{\"@type\":\"SearchAction\",\"target\":{\"@type\":\"EntryPoint\",\"urlTemplate\":\"https:\/\/worldsofmagic.net\/?s={search_term_string}\"},\"query-input\":{\"@type\":\"PropertyValueSpecification\",\"valueRequired\":true,\"valueName\":\"search_term_string\"}}],\"inLanguage\":\"fr-FR\"},{\"@type\":\"Organization\",\"@id\":\"https:\/\/worldsofmagic.net\/#organization\",\"name\":\"Worlds Of Magic\",\"alternateName\":\"Worlds Of Magic\",\"url\":\"https:\/\/worldsofmagic.net\/\",\"logo\":{\"@type\":\"ImageObject\",\"inLanguage\":\"fr-FR\",\"@id\":\"https:\/\/worldsofmagic.net\/#\/schema\/logo\/image\/\",\"url\":\"https:\/\/worldsofmagic.net\/wp-content\/uploads\/2024\/07\/image.png\",\"contentUrl\":\"https:\/\/worldsofmagic.net\/wp-content\/uploads\/2024\/07\/image.png\",\"width\":1072,\"height\":341,\"caption\":\"Worlds Of Magic\"},\"image\":{\"@id\":\"https:\/\/worldsofmagic.net\/#\/schema\/logo\/image\/\"}}]}<\/script>\n<!-- \/ Yoast SEO plugin. -->","yoast_head_json":{"title":"\ud83c\uddec\ud83c\udde7Commander Legends: Battle for Baldur's Gate Draft Booster Box - Worlds Of Magic","robots":{"index":"index","follow":"follow","max-snippet":"max-snippet:-1","max-image-preview":"max-image-preview:large","max-video-preview":"max-video-preview:-1"},"canonical":"https:\/\/worldsofmagic.net\/fr\/produit\/commander-legends-battle-for-baldurs-gate-draft-booster-box\/","og_locale":"fr_FR","og_type":"article","og_title":"\ud83c\uddec\ud83c\udde7Commander Legends: Battle for Baldur's Gate Draft Booster Box - Worlds Of Magic","og_description":"24 Commander Legends: Battle for Baldur\u2019s Gate MTG Draft Boosters 20 Magic cards per CLB Draft Booster 1\u20134 cards of rarity Rare or higher in every pack At least 2 Legendary cards and 1 Traditional Foil card in every pack Grab 3 boosters, pick 2 cards at a time, and build a 60-card Commander deck [&hellip;]","og_url":"https:\/\/worldsofmagic.net\/fr\/produit\/commander-legends-battle-for-baldurs-gate-draft-booster-box\/","og_site_name":"Worlds Of Magic","article_modified_time":"2025-05-21T15:22:40+00:00","og_image":[{"width":300,"height":300,"url":"https:\/\/worldsofmagic.net\/wp-content\/uploads\/2024\/11\/Commander-Legends-Battle-for-Baldurs-Gate-Draft-Booster-Box.png","type":"image\/png"}],"twitter_card":"summary_large_image","twitter_misc":{"Dur\u00e9e de lecture estim\u00e9e":"1 minute"},"schema":{"@context":"https:\/\/schema.org","@graph":[{"@type":"WebPage","@id":"https:\/\/worldsofmagic.net\/product\/commander-legends-battle-for-baldurs-gate-draft-booster-box\/","url":"https:\/\/worldsofmagic.net\/product\/commander-legends-battle-for-baldurs-gate-draft-booster-box\/","name":"\ud83c\uddec\ud83c\udde7Commander Legends: Battle for Baldur's Gate Draft Booster Box - Worlds Of Magic","isPartOf":{"@id":"https:\/\/worldsofmagic.net\/#website"},"primaryImageOfPage":{"@id":"https:\/\/worldsofmagic.net\/product\/commander-legends-battle-for-baldurs-gate-draft-booster-box\/#primaryimage"},"image":{"@id":"https:\/\/worldsofmagic.net\/product\/commander-legends-battle-for-baldurs-gate-draft-booster-box\/#primaryimage"},"thumbnailUrl":"https:\/\/worldsofmagic.net\/wp-content\/uploads\/2024\/11\/Commander-Legends-Battle-for-Baldurs-Gate-Draft-Booster-Box.png","datePublished":"2024-11-01T14:28:04+00:00","dateModified":"2025-05-21T15:22:40+00:00","breadcrumb":{"@id":"https:\/\/worldsofmagic.net\/product\/commander-legends-battle-for-baldurs-gate-draft-booster-box\/#breadcrumb"},"inLanguage":"fr-FR","potentialAction":[{"@type":"ReadAction","target":["https:\/\/worldsofmagic.net\/product\/commander-legends-battle-for-baldurs-gate-draft-booster-box\/"]}]},{"@type":"ImageObject","inLanguage":"fr-FR","@id":"https:\/\/worldsofmagic.net\/product\/commander-legends-battle-for-baldurs-gate-draft-booster-box\/#primaryimage","url":"https:\/\/worldsofmagic.net\/wp-content\/uploads\/2024\/11\/Commander-Legends-Battle-for-Baldurs-Gate-Draft-Booster-Box.png","contentUrl":"https:\/\/worldsofmagic.net\/wp-content\/uploads\/2024\/11\/Commander-Legends-Battle-for-Baldurs-Gate-Draft-Booster-Box.png","width":300,"height":300},{"@type":"BreadcrumbList","@id":"https:\/\/worldsofmagic.net\/product\/commander-legends-battle-for-baldurs-gate-draft-booster-box\/#breadcrumb","itemListElement":[{"@type":"ListItem","position":1,"name":"Accueil","item":"https:\/\/worldsofmagic.net\/"},{"@type":"ListItem","position":2,"name":"Shop","item":"https:\/\/worldsofmagic.net\/shop\/"},{"@type":"ListItem","position":3,"name":"\ud83c\uddec\ud83c\udde7Commander Legends: Battle for Baldur&#8217;s Gate Draft Booster Box"}]},{"@type":"WebSite","@id":"https:\/\/worldsofmagic.net\/#website","url":"https:\/\/worldsofmagic.net\/","name":"Worlds Of Magic","description":"","publisher":{"@id":"https:\/\/worldsofmagic.net\/#organization"},"potentialAction":[{"@type":"SearchAction","target":{"@type":"EntryPoint","urlTemplate":"https:\/\/worldsofmagic.net\/?s={search_term_string}"},"query-input":{"@type":"PropertyValueSpecification","valueRequired":true,"valueName":"search_term_string"}}],"inLanguage":"fr-FR"},{"@type":"Organization","@id":"https:\/\/worldsofmagic.net\/#organization","name":"Worlds Of Magic","alternateName":"Worlds Of Magic","url":"https:\/\/worldsofmagic.net\/","logo":{"@type":"ImageObject","inLanguage":"fr-FR","@id":"https:\/\/worldsofmagic.net\/#\/schema\/logo\/image\/","url":"https:\/\/worldsofmagic.net\/wp-content\/uploads\/2024\/07\/image.png","contentUrl":"https:\/\/worldsofmagic.net\/wp-content\/uploads\/2024\/07\/image.png","width":1072,"height":341,"caption":"Worlds Of Magic"},"image":{"@id":"https:\/\/worldsofmagic.net\/#\/schema\/logo\/image\/"}}]}},"jetpack_sharing_enabled":true,"_links":{"self":[{"href":"https:\/\/worldsofmagic.net\/fr\/wp-json\/wp\/v2\/product\/1951"}],"collection":[{"href":"https:\/\/worldsofmagic.net\/fr\/wp-json\/wp\/v2\/product"}],"about":[{"href":"https:\/\/worldsofmagic.net\/fr\/wp-json\/wp\/v2\/types\/product"}],"replies":[{"embeddable":true,"href":"https:\/\/worldsofmagic.net\/fr\/wp-json\/wp\/v2\/comments?post=1951"}],"wp:featuredmedia":[{"embeddable":true,"href":"https:\/\/worldsofmagic.net\/fr\/wp-json\/wp\/v2\/media\/1952"}],"wp:attachment":[{"href":"https:\/\/worldsofmagic.net\/fr\/wp-json\/wp\/v2\/media?parent=1951"}],"wp:term":[{"taxonomy":"product_cat","embeddable":true,"href":"https:\/\/worldsofmagic.net\/fr\/wp-json\/wp\/v2\/product_cat?post=1951"},{"taxonomy":"product_tag","embeddable":true,"href":"https:\/\/worldsofmagic.net\/fr\/wp-json\/wp\/v2\/product_tag?post=1951"}],"curies":[{"name":"wp","href":"https:\/\/api.w.org\/{rel}","templated":true}]}}