{"id":1954,"date":"2024-11-02T10:24:34","date_gmt":"2024-11-02T10:24:34","guid":{"rendered":"https:\/\/worldsofmagic.net\/?post_type=product&#038;p=1954"},"modified":"2025-10-21T17:25:42","modified_gmt":"2025-10-21T17:25:42","slug":"adventures-in-the-forgotten-realms-prerelease-pack","status":"publish","type":"product","link":"https:\/\/worldsofmagic.net\/fr\/produit\/adventures-in-the-forgotten-realms-prerelease-pack\/","title":{"rendered":"Aventures dans les Royaumes Oubli\u00e9s : Pack d'avant premi\u00e8re\ud83c\uddec\ud83c\udde7"},"content":{"rendered":"<p>Avant-premi\u00e8re d&#039;Aventures dans les Royaumes Oubli\u00e9s<\/p>\n<p>Aventurez-vous dans le donjon et partez \u00e0 la chasse aux dragons dans Aventures dans les Royaumes Oubli\u00e9s ! Mais attention\u2026 des monstres r\u00f4dent ! Avec vos amis, \u00e9liminez les rus\u00e9s Flagelleurs mentaux et les puissants Beholders pour conqu\u00e9rir les plus beaux tr\u00e9sors. Rencontrez des aventuriers l\u00e9gendaires comme Drizzt et d\u00e9couvrez les myst\u00e8res des Royaumes Oubli\u00e9s. Parviendrez-vous \u00e0 mener \u00e0 bien cette aventure ?<\/p>\n<p>Un pack de pr\u00e9-version Aventures dans les Royaumes Oubli\u00e9s contient\u00a0:<\/p>\n<p>- UN<strong>\u00a0<\/strong>promo de pr\u00e9-sortie (cela peut \u00eatre n&#039;importe quel objet rare ou mythique de l&#039;ensemble)<br \/>\n\u2013 Six boosters de draft d\u2019Aventures dans les Royaumes Oubli\u00e9s.<br \/>\n\u2013 Un d\u00e9 \u00e0 vingt faces (D20) d\u2019Aventures dans les Royaumes Oubli\u00e9s.<br \/>\n\u2013 Trois cartes Donjon recto-verso en aluminium.<br \/>\n\u2013 Fiche d\u2019information pour la construction de terrasse.<\/p>","protected":false},"excerpt":{"rendered":"<p>Aventures dans les Royaumes Oubli\u00e9s - Avant-premi\u00e8re Aventurez-vous dans le donjon et partez \u00e0 la chasse aux dragons dans Aventures dans les Royaumes Oubli\u00e9s ! Mais attention\u2026 des monstres r\u00f4dent ! Avec vos amis, \u00e9liminez les rus\u00e9s Flagelleurs mentaux et les puissants Beholders pour conqu\u00e9rir les plus beaux tr\u00e9sors. Rencontrez des aventuriers l\u00e9gendaires comme Drizzt et d\u00e9couvrez les myst\u00e8res des Royaumes Oubli\u00e9s [\u2026]<\/p>","protected":false},"featured_media":1955,"comment_status":"open","ping_status":"closed","template":"","meta":[],"product_cat":[96,21,36],"product_tag":[],"class_list":{"0":"post-1954","1":"product","2":"type-product","3":"status-publish","4":"has-post-thumbnail","6":"product_cat-english-prerelease-packs","7":"product_cat-magic-the-gathering","8":"product_cat-prerelease-packs","9":"pa_language-english","10":"pa_mtg-edition-adventures-in-the-forgotten-realms","12":"first","13":"instock","14":"purchasable","15":"product-type-simple"},"yoast_head":"<!-- This site is optimized with the Yoast SEO plugin v23.6 - https:\/\/yoast.com\/wordpress\/plugins\/seo\/ -->\n<title>\ud83c\uddec\ud83c\udde7Adventures in the Forgotten Realms: Prerelease Pack - Worlds Of Magic<\/title>\n<meta name=\"robots\" content=\"index, follow, max-snippet:-1, max-image-preview:large, max-video-preview:-1\" \/>\n<link rel=\"canonical\" href=\"https:\/\/worldsofmagic.net\/fr\/produit\/adventures-in-the-forgotten-realms-prerelease-pack\/\" \/>\n<meta property=\"og:locale\" content=\"fr_FR\" \/>\n<meta property=\"og:type\" content=\"article\" \/>\n<meta property=\"og:title\" content=\"\ud83c\uddec\ud83c\udde7Adventures in the Forgotten Realms: Prerelease Pack - Worlds Of Magic\" \/>\n<meta property=\"og:description\" content=\"Adventures in the Forgotten Realms Prerelease Venture into the dungeon and hunt for dragons in Adventures in the Forgotten Realms! But beware\u2026 there are monsters lurking! Together with your friends, defeat cunning Mind Flayers and mighty Beholders to conquer the most beautiful treasures. Meet legendary adventurers like Drizzt and discover the mysteries of the Forgotten [&hellip;]\" \/>\n<meta property=\"og:url\" content=\"https:\/\/worldsofmagic.net\/fr\/produit\/adventures-in-the-forgotten-realms-prerelease-pack\/\" \/>\n<meta property=\"og:site_name\" content=\"Worlds Of Magic\" \/>\n<meta property=\"article:modified_time\" content=\"2025-10-21T17:25:42+00:00\" \/>\n<meta property=\"og:image\" content=\"https:\/\/worldsofmagic.net\/wp-content\/uploads\/2024\/11\/Adventures-in-the-Forgotten-Realms-Prerelease-Pack.png\" \/>\n\t<meta property=\"og:image:width\" content=\"300\" \/>\n\t<meta property=\"og:image:height\" content=\"300\" \/>\n\t<meta property=\"og:image:type\" content=\"image\/png\" \/>\n<meta name=\"twitter:card\" content=\"summary_large_image\" \/>\n<meta name=\"twitter:label1\" content=\"Dur\u00e9e de lecture estim\u00e9e\" \/>\n\t<meta name=\"twitter:data1\" content=\"1 minute\" \/>\n<script type=\"application\/ld+json\" class=\"yoast-schema-graph\">{\"@context\":\"https:\/\/schema.org\",\"@graph\":[{\"@type\":\"WebPage\",\"@id\":\"https:\/\/worldsofmagic.net\/product\/adventures-in-the-forgotten-realms-prerelease-pack\/\",\"url\":\"https:\/\/worldsofmagic.net\/product\/adventures-in-the-forgotten-realms-prerelease-pack\/\",\"name\":\"\ud83c\uddec\ud83c\udde7Adventures in the Forgotten Realms: Prerelease Pack - Worlds Of Magic\",\"isPartOf\":{\"@id\":\"https:\/\/worldsofmagic.net\/#website\"},\"primaryImageOfPage\":{\"@id\":\"https:\/\/worldsofmagic.net\/product\/adventures-in-the-forgotten-realms-prerelease-pack\/#primaryimage\"},\"image\":{\"@id\":\"https:\/\/worldsofmagic.net\/product\/adventures-in-the-forgotten-realms-prerelease-pack\/#primaryimage\"},\"thumbnailUrl\":\"https:\/\/worldsofmagic.net\/wp-content\/uploads\/2024\/11\/Adventures-in-the-Forgotten-Realms-Prerelease-Pack.png\",\"datePublished\":\"2024-11-02T10:24:34+00:00\",\"dateModified\":\"2025-10-21T17:25:42+00:00\",\"breadcrumb\":{\"@id\":\"https:\/\/worldsofmagic.net\/product\/adventures-in-the-forgotten-realms-prerelease-pack\/#breadcrumb\"},\"inLanguage\":\"fr-FR\",\"potentialAction\":[{\"@type\":\"ReadAction\",\"target\":[\"https:\/\/worldsofmagic.net\/product\/adventures-in-the-forgotten-realms-prerelease-pack\/\"]}]},{\"@type\":\"ImageObject\",\"inLanguage\":\"fr-FR\",\"@id\":\"https:\/\/worldsofmagic.net\/product\/adventures-in-the-forgotten-realms-prerelease-pack\/#primaryimage\",\"url\":\"https:\/\/worldsofmagic.net\/wp-content\/uploads\/2024\/11\/Adventures-in-the-Forgotten-Realms-Prerelease-Pack.png\",\"contentUrl\":\"https:\/\/worldsofmagic.net\/wp-content\/uploads\/2024\/11\/Adventures-in-the-Forgotten-Realms-Prerelease-Pack.png\",\"width\":300,\"height\":300,\"caption\":\"Adventures in the Forgotten Realms: Prerelease Pack\"},{\"@type\":\"BreadcrumbList\",\"@id\":\"https:\/\/worldsofmagic.net\/product\/adventures-in-the-forgotten-realms-prerelease-pack\/#breadcrumb\",\"itemListElement\":[{\"@type\":\"ListItem\",\"position\":1,\"name\":\"Accueil\",\"item\":\"https:\/\/worldsofmagic.net\/\"},{\"@type\":\"ListItem\",\"position\":2,\"name\":\"Shop\",\"item\":\"https:\/\/worldsofmagic.net\/shop\/\"},{\"@type\":\"ListItem\",\"position\":3,\"name\":\"\ud83c\uddec\ud83c\udde7Adventures in the Forgotten Realms: Prerelease Pack\"}]},{\"@type\":\"WebSite\",\"@id\":\"https:\/\/worldsofmagic.net\/#website\",\"url\":\"https:\/\/worldsofmagic.net\/\",\"name\":\"Worlds Of Magic\",\"description\":\"\",\"publisher\":{\"@id\":\"https:\/\/worldsofmagic.net\/#organization\"},\"potentialAction\":[{\"@type\":\"SearchAction\",\"target\":{\"@type\":\"EntryPoint\",\"urlTemplate\":\"https:\/\/worldsofmagic.net\/?s={search_term_string}\"},\"query-input\":{\"@type\":\"PropertyValueSpecification\",\"valueRequired\":true,\"valueName\":\"search_term_string\"}}],\"inLanguage\":\"fr-FR\"},{\"@type\":\"Organization\",\"@id\":\"https:\/\/worldsofmagic.net\/#organization\",\"name\":\"Worlds Of Magic\",\"alternateName\":\"Worlds Of Magic\",\"url\":\"https:\/\/worldsofmagic.net\/\",\"logo\":{\"@type\":\"ImageObject\",\"inLanguage\":\"fr-FR\",\"@id\":\"https:\/\/worldsofmagic.net\/#\/schema\/logo\/image\/\",\"url\":\"https:\/\/worldsofmagic.net\/wp-content\/uploads\/2024\/07\/image.png\",\"contentUrl\":\"https:\/\/worldsofmagic.net\/wp-content\/uploads\/2024\/07\/image.png\",\"width\":1072,\"height\":341,\"caption\":\"Worlds Of Magic\"},\"image\":{\"@id\":\"https:\/\/worldsofmagic.net\/#\/schema\/logo\/image\/\"}}]}<\/script>\n<!-- \/ Yoast SEO plugin. -->","yoast_head_json":{"title":"\ud83c\uddec\ud83c\udde7Adventures in the Forgotten Realms: Prerelease Pack - Worlds Of Magic","robots":{"index":"index","follow":"follow","max-snippet":"max-snippet:-1","max-image-preview":"max-image-preview:large","max-video-preview":"max-video-preview:-1"},"canonical":"https:\/\/worldsofmagic.net\/fr\/produit\/adventures-in-the-forgotten-realms-prerelease-pack\/","og_locale":"fr_FR","og_type":"article","og_title":"\ud83c\uddec\ud83c\udde7Adventures in the Forgotten Realms: Prerelease Pack - Worlds Of Magic","og_description":"Adventures in the Forgotten Realms Prerelease Venture into the dungeon and hunt for dragons in Adventures in the Forgotten Realms! But beware\u2026 there are monsters lurking! Together with your friends, defeat cunning Mind Flayers and mighty Beholders to conquer the most beautiful treasures. Meet legendary adventurers like Drizzt and discover the mysteries of the Forgotten [&hellip;]","og_url":"https:\/\/worldsofmagic.net\/fr\/produit\/adventures-in-the-forgotten-realms-prerelease-pack\/","og_site_name":"Worlds Of Magic","article_modified_time":"2025-10-21T17:25:42+00:00","og_image":[{"width":300,"height":300,"url":"https:\/\/worldsofmagic.net\/wp-content\/uploads\/2024\/11\/Adventures-in-the-Forgotten-Realms-Prerelease-Pack.png","type":"image\/png"}],"twitter_card":"summary_large_image","twitter_misc":{"Dur\u00e9e de lecture estim\u00e9e":"1 minute"},"schema":{"@context":"https:\/\/schema.org","@graph":[{"@type":"WebPage","@id":"https:\/\/worldsofmagic.net\/product\/adventures-in-the-forgotten-realms-prerelease-pack\/","url":"https:\/\/worldsofmagic.net\/product\/adventures-in-the-forgotten-realms-prerelease-pack\/","name":"\ud83c\uddec\ud83c\udde7Adventures in the Forgotten Realms: Prerelease Pack - Worlds Of Magic","isPartOf":{"@id":"https:\/\/worldsofmagic.net\/#website"},"primaryImageOfPage":{"@id":"https:\/\/worldsofmagic.net\/product\/adventures-in-the-forgotten-realms-prerelease-pack\/#primaryimage"},"image":{"@id":"https:\/\/worldsofmagic.net\/product\/adventures-in-the-forgotten-realms-prerelease-pack\/#primaryimage"},"thumbnailUrl":"https:\/\/worldsofmagic.net\/wp-content\/uploads\/2024\/11\/Adventures-in-the-Forgotten-Realms-Prerelease-Pack.png","datePublished":"2024-11-02T10:24:34+00:00","dateModified":"2025-10-21T17:25:42+00:00","breadcrumb":{"@id":"https:\/\/worldsofmagic.net\/product\/adventures-in-the-forgotten-realms-prerelease-pack\/#breadcrumb"},"inLanguage":"fr-FR","potentialAction":[{"@type":"ReadAction","target":["https:\/\/worldsofmagic.net\/product\/adventures-in-the-forgotten-realms-prerelease-pack\/"]}]},{"@type":"ImageObject","inLanguage":"fr-FR","@id":"https:\/\/worldsofmagic.net\/product\/adventures-in-the-forgotten-realms-prerelease-pack\/#primaryimage","url":"https:\/\/worldsofmagic.net\/wp-content\/uploads\/2024\/11\/Adventures-in-the-Forgotten-Realms-Prerelease-Pack.png","contentUrl":"https:\/\/worldsofmagic.net\/wp-content\/uploads\/2024\/11\/Adventures-in-the-Forgotten-Realms-Prerelease-Pack.png","width":300,"height":300,"caption":"Adventures in the Forgotten Realms: Prerelease Pack"},{"@type":"BreadcrumbList","@id":"https:\/\/worldsofmagic.net\/product\/adventures-in-the-forgotten-realms-prerelease-pack\/#breadcrumb","itemListElement":[{"@type":"ListItem","position":1,"name":"Accueil","item":"https:\/\/worldsofmagic.net\/"},{"@type":"ListItem","position":2,"name":"Shop","item":"https:\/\/worldsofmagic.net\/shop\/"},{"@type":"ListItem","position":3,"name":"\ud83c\uddec\ud83c\udde7Adventures in the Forgotten Realms: Prerelease Pack"}]},{"@type":"WebSite","@id":"https:\/\/worldsofmagic.net\/#website","url":"https:\/\/worldsofmagic.net\/","name":"Worlds Of Magic","description":"","publisher":{"@id":"https:\/\/worldsofmagic.net\/#organization"},"potentialAction":[{"@type":"SearchAction","target":{"@type":"EntryPoint","urlTemplate":"https:\/\/worldsofmagic.net\/?s={search_term_string}"},"query-input":{"@type":"PropertyValueSpecification","valueRequired":true,"valueName":"search_term_string"}}],"inLanguage":"fr-FR"},{"@type":"Organization","@id":"https:\/\/worldsofmagic.net\/#organization","name":"Worlds Of Magic","alternateName":"Worlds Of Magic","url":"https:\/\/worldsofmagic.net\/","logo":{"@type":"ImageObject","inLanguage":"fr-FR","@id":"https:\/\/worldsofmagic.net\/#\/schema\/logo\/image\/","url":"https:\/\/worldsofmagic.net\/wp-content\/uploads\/2024\/07\/image.png","contentUrl":"https:\/\/worldsofmagic.net\/wp-content\/uploads\/2024\/07\/image.png","width":1072,"height":341,"caption":"Worlds Of Magic"},"image":{"@id":"https:\/\/worldsofmagic.net\/#\/schema\/logo\/image\/"}}]}},"jetpack_sharing_enabled":true,"_links":{"self":[{"href":"https:\/\/worldsofmagic.net\/fr\/wp-json\/wp\/v2\/product\/1954"}],"collection":[{"href":"https:\/\/worldsofmagic.net\/fr\/wp-json\/wp\/v2\/product"}],"about":[{"href":"https:\/\/worldsofmagic.net\/fr\/wp-json\/wp\/v2\/types\/product"}],"replies":[{"embeddable":true,"href":"https:\/\/worldsofmagic.net\/fr\/wp-json\/wp\/v2\/comments?post=1954"}],"wp:featuredmedia":[{"embeddable":true,"href":"https:\/\/worldsofmagic.net\/fr\/wp-json\/wp\/v2\/media\/1955"}],"wp:attachment":[{"href":"https:\/\/worldsofmagic.net\/fr\/wp-json\/wp\/v2\/media?parent=1954"}],"wp:term":[{"taxonomy":"product_cat","embeddable":true,"href":"https:\/\/worldsofmagic.net\/fr\/wp-json\/wp\/v2\/product_cat?post=1954"},{"taxonomy":"product_tag","embeddable":true,"href":"https:\/\/worldsofmagic.net\/fr\/wp-json\/wp\/v2\/product_tag?post=1954"}],"curies":[{"name":"wp","href":"https:\/\/api.w.org\/{rel}","templated":true}]}}