{"id":1967,"date":"2024-11-02T10:51:53","date_gmt":"2024-11-02T10:51:53","guid":{"rendered":"https:\/\/worldsofmagic.net\/?post_type=product&#038;p=1967"},"modified":"2024-12-09T14:00:41","modified_gmt":"2024-12-09T14:00:41","slug":"modern-horizons-3-prerelease-pack","status":"publish","type":"product","link":"https:\/\/worldsofmagic.net\/fr\/produit\/modern-horizons-3-prerelease-pack\/","title":{"rendered":"Horizons du  modernes 3\u00a0: Pack d'Avant Premi\u00e8re \ud83c\uddec\ud83c\udde7"},"content":{"rendered":"<div class=\"css-zEDIo\">\n<p><em>Horizons modernes 3<\/em>\u00a0apporte une bonne dose de nouvelles cartes passionnantes \u00e0 Modern, l&#039;une des\u00a0<em>Magie<\/em>Les formats les plus populaires. Que vos joueurs n&#039;aient pas touch\u00e9 \u00e0 un jeu depuis un moment ou soient des v\u00e9t\u00e9rans du jeu de cartes, il y en a pour tous les go\u00fbts.<\/p>\n<p>L&#039;avant-premi\u00e8re est la premi\u00e8re opportunit\u00e9 pour votre communaut\u00e9 de mettre la main sur les derni\u00e8res nouveaut\u00e9s\u00a0<em>Magic : Le Rassemblement<\/em>\u00a0publiez et explorez ce que l&#039;ensemble a \u00e0 offrir, et les packs de pr\u00e9-version sont le produit parfait pour alimenter les premiers \u00e9v\u00e9nements de ce nouvel ensemble.<\/p>\n<\/div>\n<div class=\"css-cCB0h\">\n<div class=\"css-LOABQ\">Contenu:<\/div>\n<div class=\"css-zEDIo\">\n<ul>\n<li>6<em>Horizons modernes 3<\/em>\u00a0Play Boosters ; chaque Play Booster contient 14<em>Magie<\/em>cartes<\/li>\n<li>1 feuille, Rare ou Mythic Rare estampill\u00e9e de l&#039;ann\u00e9e<\/li>\n<li>1<em>Magic : Le Rassemblement<\/em>Carte de code Arena (disponible uniquement dans certaines r\u00e9gions)<\/li>\n<li>1 bo\u00eete de pont<\/li>\n<li>1 d\u00e9 Spindown<\/li>\n<\/ul>\n<\/div>\n<\/div>","protected":false},"excerpt":{"rendered":"<p>Horizons du Modern 3 apporte une multitude de nouvelles cartes passionnantes au Modern, l&#039;un des formats les plus c\u00e9l\u00e8bres de Magic. Que vos joueurs n&#039;aient pas jou\u00e9 \u00e0 une extension depuis un moment ou soient des v\u00e9t\u00e9rans, il y en a pour tous les go\u00fbts. L&#039;Avant-premi\u00e8re est la premi\u00e8re occasion pour votre communaut\u00e9 de d\u00e9couvrir la derni\u00e8re extension de Magic: The Gathering et d&#039;explorer [\u2026]<\/p>","protected":false},"featured_media":1968,"comment_status":"open","ping_status":"closed","template":"","meta":[],"product_cat":[96,36],"product_tag":[],"class_list":{"0":"post-1967","1":"product","2":"type-product","3":"status-publish","4":"has-post-thumbnail","6":"product_cat-english-prerelease-packs","7":"product_cat-prerelease-packs","8":"pa_language-english","9":"pa_mtg-edition-modern-horizons-3","11":"first","12":"instock","13":"purchasable","14":"product-type-simple"},"yoast_head":"<!-- This site is optimized with the Yoast SEO plugin v23.6 - https:\/\/yoast.com\/wordpress\/plugins\/seo\/ -->\n<title>\ud83c\uddec\ud83c\udde7Modern Horizons 3: Prerelease Pack - Worlds Of Magic<\/title>\n<meta name=\"robots\" content=\"index, follow, max-snippet:-1, max-image-preview:large, max-video-preview:-1\" \/>\n<link rel=\"canonical\" href=\"https:\/\/worldsofmagic.net\/fr\/produit\/modern-horizons-3-prerelease-pack\/\" \/>\n<meta property=\"og:locale\" content=\"fr_FR\" \/>\n<meta property=\"og:type\" content=\"article\" \/>\n<meta property=\"og:title\" content=\"\ud83c\uddec\ud83c\udde7Modern Horizons 3: Prerelease Pack - Worlds Of Magic\" \/>\n<meta property=\"og:description\" content=\"Modern Horizons 3\u00a0brings a heaping helping of exciting new cards to Modern, one of\u00a0Magic&#8216;s most celebrated formats. Whether your players haven&#8217;t picked up a set in a while or are card-slinging veterans, there&#8217;s something for everyone to love. Prerelease is your community\u2019s first opportunity to get their hands on the newest\u00a0Magic: The Gathering\u00a0release and explore [&hellip;]\" \/>\n<meta property=\"og:url\" content=\"https:\/\/worldsofmagic.net\/fr\/produit\/modern-horizons-3-prerelease-pack\/\" \/>\n<meta property=\"og:site_name\" content=\"Worlds Of Magic\" \/>\n<meta property=\"article:modified_time\" content=\"2024-12-09T14:00:41+00:00\" \/>\n<meta property=\"og:image\" content=\"https:\/\/worldsofmagic.net\/wp-content\/uploads\/2024\/11\/modern-horizon-prerelase.png\" \/>\n\t<meta property=\"og:image:width\" content=\"300\" \/>\n\t<meta property=\"og:image:height\" content=\"300\" \/>\n\t<meta property=\"og:image:type\" content=\"image\/png\" \/>\n<meta name=\"twitter:card\" content=\"summary_large_image\" \/>\n<meta name=\"twitter:label1\" content=\"Dur\u00e9e de lecture estim\u00e9e\" \/>\n\t<meta name=\"twitter:data1\" content=\"1 minute\" \/>\n<script type=\"application\/ld+json\" class=\"yoast-schema-graph\">{\"@context\":\"https:\/\/schema.org\",\"@graph\":[{\"@type\":\"WebPage\",\"@id\":\"https:\/\/worldsofmagic.net\/product\/modern-horizons-3-prerelease-pack\/\",\"url\":\"https:\/\/worldsofmagic.net\/product\/modern-horizons-3-prerelease-pack\/\",\"name\":\"\ud83c\uddec\ud83c\udde7Modern Horizons 3: Prerelease Pack - Worlds Of Magic\",\"isPartOf\":{\"@id\":\"https:\/\/worldsofmagic.net\/#website\"},\"primaryImageOfPage\":{\"@id\":\"https:\/\/worldsofmagic.net\/product\/modern-horizons-3-prerelease-pack\/#primaryimage\"},\"image\":{\"@id\":\"https:\/\/worldsofmagic.net\/product\/modern-horizons-3-prerelease-pack\/#primaryimage\"},\"thumbnailUrl\":\"https:\/\/worldsofmagic.net\/wp-content\/uploads\/2024\/11\/modern-horizon-prerelase.png\",\"datePublished\":\"2024-11-02T10:51:53+00:00\",\"dateModified\":\"2024-12-09T14:00:41+00:00\",\"breadcrumb\":{\"@id\":\"https:\/\/worldsofmagic.net\/product\/modern-horizons-3-prerelease-pack\/#breadcrumb\"},\"inLanguage\":\"fr-FR\",\"potentialAction\":[{\"@type\":\"ReadAction\",\"target\":[\"https:\/\/worldsofmagic.net\/product\/modern-horizons-3-prerelease-pack\/\"]}]},{\"@type\":\"ImageObject\",\"inLanguage\":\"fr-FR\",\"@id\":\"https:\/\/worldsofmagic.net\/product\/modern-horizons-3-prerelease-pack\/#primaryimage\",\"url\":\"https:\/\/worldsofmagic.net\/wp-content\/uploads\/2024\/11\/modern-horizon-prerelase.png\",\"contentUrl\":\"https:\/\/worldsofmagic.net\/wp-content\/uploads\/2024\/11\/modern-horizon-prerelase.png\",\"width\":300,\"height\":300,\"caption\":\"Modern Horizons 3: Prerelease Pack\"},{\"@type\":\"BreadcrumbList\",\"@id\":\"https:\/\/worldsofmagic.net\/product\/modern-horizons-3-prerelease-pack\/#breadcrumb\",\"itemListElement\":[{\"@type\":\"ListItem\",\"position\":1,\"name\":\"Accueil\",\"item\":\"https:\/\/worldsofmagic.net\/\"},{\"@type\":\"ListItem\",\"position\":2,\"name\":\"Shop\",\"item\":\"https:\/\/worldsofmagic.net\/shop\/\"},{\"@type\":\"ListItem\",\"position\":3,\"name\":\"\ud83c\uddec\ud83c\udde7Modern Horizons 3: Prerelease Pack\"}]},{\"@type\":\"WebSite\",\"@id\":\"https:\/\/worldsofmagic.net\/#website\",\"url\":\"https:\/\/worldsofmagic.net\/\",\"name\":\"Worlds Of Magic\",\"description\":\"\",\"publisher\":{\"@id\":\"https:\/\/worldsofmagic.net\/#organization\"},\"potentialAction\":[{\"@type\":\"SearchAction\",\"target\":{\"@type\":\"EntryPoint\",\"urlTemplate\":\"https:\/\/worldsofmagic.net\/?s={search_term_string}\"},\"query-input\":{\"@type\":\"PropertyValueSpecification\",\"valueRequired\":true,\"valueName\":\"search_term_string\"}}],\"inLanguage\":\"fr-FR\"},{\"@type\":\"Organization\",\"@id\":\"https:\/\/worldsofmagic.net\/#organization\",\"name\":\"Worlds Of Magic\",\"alternateName\":\"Worlds Of Magic\",\"url\":\"https:\/\/worldsofmagic.net\/\",\"logo\":{\"@type\":\"ImageObject\",\"inLanguage\":\"fr-FR\",\"@id\":\"https:\/\/worldsofmagic.net\/#\/schema\/logo\/image\/\",\"url\":\"https:\/\/worldsofmagic.net\/wp-content\/uploads\/2024\/07\/image.png\",\"contentUrl\":\"https:\/\/worldsofmagic.net\/wp-content\/uploads\/2024\/07\/image.png\",\"width\":1072,\"height\":341,\"caption\":\"Worlds Of Magic\"},\"image\":{\"@id\":\"https:\/\/worldsofmagic.net\/#\/schema\/logo\/image\/\"}}]}<\/script>\n<!-- \/ Yoast SEO plugin. -->","yoast_head_json":{"title":"\ud83c\uddec\ud83c\udde7Modern Horizons 3: Prerelease Pack - Worlds Of Magic","robots":{"index":"index","follow":"follow","max-snippet":"max-snippet:-1","max-image-preview":"max-image-preview:large","max-video-preview":"max-video-preview:-1"},"canonical":"https:\/\/worldsofmagic.net\/fr\/produit\/modern-horizons-3-prerelease-pack\/","og_locale":"fr_FR","og_type":"article","og_title":"\ud83c\uddec\ud83c\udde7Modern Horizons 3: Prerelease Pack - Worlds Of Magic","og_description":"Modern Horizons 3\u00a0brings a heaping helping of exciting new cards to Modern, one of\u00a0Magic&#8216;s most celebrated formats. Whether your players haven&#8217;t picked up a set in a while or are card-slinging veterans, there&#8217;s something for everyone to love. Prerelease is your community\u2019s first opportunity to get their hands on the newest\u00a0Magic: The Gathering\u00a0release and explore [&hellip;]","og_url":"https:\/\/worldsofmagic.net\/fr\/produit\/modern-horizons-3-prerelease-pack\/","og_site_name":"Worlds Of Magic","article_modified_time":"2024-12-09T14:00:41+00:00","og_image":[{"width":300,"height":300,"url":"https:\/\/worldsofmagic.net\/wp-content\/uploads\/2024\/11\/modern-horizon-prerelase.png","type":"image\/png"}],"twitter_card":"summary_large_image","twitter_misc":{"Dur\u00e9e de lecture estim\u00e9e":"1 minute"},"schema":{"@context":"https:\/\/schema.org","@graph":[{"@type":"WebPage","@id":"https:\/\/worldsofmagic.net\/product\/modern-horizons-3-prerelease-pack\/","url":"https:\/\/worldsofmagic.net\/product\/modern-horizons-3-prerelease-pack\/","name":"\ud83c\uddec\ud83c\udde7Modern Horizons 3: Prerelease Pack - Worlds Of Magic","isPartOf":{"@id":"https:\/\/worldsofmagic.net\/#website"},"primaryImageOfPage":{"@id":"https:\/\/worldsofmagic.net\/product\/modern-horizons-3-prerelease-pack\/#primaryimage"},"image":{"@id":"https:\/\/worldsofmagic.net\/product\/modern-horizons-3-prerelease-pack\/#primaryimage"},"thumbnailUrl":"https:\/\/worldsofmagic.net\/wp-content\/uploads\/2024\/11\/modern-horizon-prerelase.png","datePublished":"2024-11-02T10:51:53+00:00","dateModified":"2024-12-09T14:00:41+00:00","breadcrumb":{"@id":"https:\/\/worldsofmagic.net\/product\/modern-horizons-3-prerelease-pack\/#breadcrumb"},"inLanguage":"fr-FR","potentialAction":[{"@type":"ReadAction","target":["https:\/\/worldsofmagic.net\/product\/modern-horizons-3-prerelease-pack\/"]}]},{"@type":"ImageObject","inLanguage":"fr-FR","@id":"https:\/\/worldsofmagic.net\/product\/modern-horizons-3-prerelease-pack\/#primaryimage","url":"https:\/\/worldsofmagic.net\/wp-content\/uploads\/2024\/11\/modern-horizon-prerelase.png","contentUrl":"https:\/\/worldsofmagic.net\/wp-content\/uploads\/2024\/11\/modern-horizon-prerelase.png","width":300,"height":300,"caption":"Modern Horizons 3: Prerelease Pack"},{"@type":"BreadcrumbList","@id":"https:\/\/worldsofmagic.net\/product\/modern-horizons-3-prerelease-pack\/#breadcrumb","itemListElement":[{"@type":"ListItem","position":1,"name":"Accueil","item":"https:\/\/worldsofmagic.net\/"},{"@type":"ListItem","position":2,"name":"Shop","item":"https:\/\/worldsofmagic.net\/shop\/"},{"@type":"ListItem","position":3,"name":"\ud83c\uddec\ud83c\udde7Modern Horizons 3: Prerelease Pack"}]},{"@type":"WebSite","@id":"https:\/\/worldsofmagic.net\/#website","url":"https:\/\/worldsofmagic.net\/","name":"Worlds Of Magic","description":"","publisher":{"@id":"https:\/\/worldsofmagic.net\/#organization"},"potentialAction":[{"@type":"SearchAction","target":{"@type":"EntryPoint","urlTemplate":"https:\/\/worldsofmagic.net\/?s={search_term_string}"},"query-input":{"@type":"PropertyValueSpecification","valueRequired":true,"valueName":"search_term_string"}}],"inLanguage":"fr-FR"},{"@type":"Organization","@id":"https:\/\/worldsofmagic.net\/#organization","name":"Worlds Of Magic","alternateName":"Worlds Of Magic","url":"https:\/\/worldsofmagic.net\/","logo":{"@type":"ImageObject","inLanguage":"fr-FR","@id":"https:\/\/worldsofmagic.net\/#\/schema\/logo\/image\/","url":"https:\/\/worldsofmagic.net\/wp-content\/uploads\/2024\/07\/image.png","contentUrl":"https:\/\/worldsofmagic.net\/wp-content\/uploads\/2024\/07\/image.png","width":1072,"height":341,"caption":"Worlds Of Magic"},"image":{"@id":"https:\/\/worldsofmagic.net\/#\/schema\/logo\/image\/"}}]}},"jetpack_sharing_enabled":true,"_links":{"self":[{"href":"https:\/\/worldsofmagic.net\/fr\/wp-json\/wp\/v2\/product\/1967"}],"collection":[{"href":"https:\/\/worldsofmagic.net\/fr\/wp-json\/wp\/v2\/product"}],"about":[{"href":"https:\/\/worldsofmagic.net\/fr\/wp-json\/wp\/v2\/types\/product"}],"replies":[{"embeddable":true,"href":"https:\/\/worldsofmagic.net\/fr\/wp-json\/wp\/v2\/comments?post=1967"}],"wp:featuredmedia":[{"embeddable":true,"href":"https:\/\/worldsofmagic.net\/fr\/wp-json\/wp\/v2\/media\/1968"}],"wp:attachment":[{"href":"https:\/\/worldsofmagic.net\/fr\/wp-json\/wp\/v2\/media?parent=1967"}],"wp:term":[{"taxonomy":"product_cat","embeddable":true,"href":"https:\/\/worldsofmagic.net\/fr\/wp-json\/wp\/v2\/product_cat?post=1967"},{"taxonomy":"product_tag","embeddable":true,"href":"https:\/\/worldsofmagic.net\/fr\/wp-json\/wp\/v2\/product_tag?post=1967"}],"curies":[{"name":"wp","href":"https:\/\/api.w.org\/{rel}","templated":true}]}}