{"id":1969,"date":"2024-11-02T12:19:08","date_gmt":"2024-11-02T12:19:08","guid":{"rendered":"https:\/\/worldsofmagic.net\/?post_type=product&#038;p=1969"},"modified":"2025-05-21T15:29:27","modified_gmt":"2025-05-21T15:29:27","slug":"outlaws-of-thunder-junction-prerelease-pack","status":"publish","type":"product","link":"https:\/\/worldsofmagic.net\/fr\/produit\/outlaws-of-thunder-junction-prerelease-pack\/","title":{"rendered":"Pack d'Avant-Premi\u00e8re : Les Hors-la-loi de Croisetonnerre\ud83c\uddec\ud83c\udde7"},"content":{"rendered":"<div class=\"css-zEDIo\">\n<div class=\"css-zEDIo\">\n<p>Dans\u00a0<em>Les hors-la-loi de Thunder Junction<\/em>, vos joueurs rejoindront l&#039;\u00e9quipe d&#039;Oko, compos\u00e9e de desperados mortels, alors qu&#039;ils pr\u00e9parent un braquage dans le monde frontalier de Thunder Junction. Ils affronteront des d\u00e9serts hostiles, des cr\u00e9atures hostiles et m\u00eame des hors-la-loi rivaux, mais avec courage et courage, ils s&#039;enfuiront vers le coucher du soleil.<\/p>\n<p>L&#039;avant-premi\u00e8re est la premi\u00e8re opportunit\u00e9 pour votre communaut\u00e9 de mettre la main sur les derni\u00e8res nouveaut\u00e9s\u00a0<em>Magic : Le Rassemblement<\/em>\u00a0publiez et explorez ce que l&#039;ensemble a \u00e0 offrir, et les packs de pr\u00e9-version sont le produit parfait pour alimenter les premiers \u00e9v\u00e9nements de ce nouvel ensemble.<\/p>\n<\/div>\n<div class=\"css-cCB0h\">\n<div class=\"css-LOABQ\">Contenu:<\/div>\n<div class=\"css-zEDIo\">\n<ul>\n<li>6<em>Les hors-la-loi de Thunder Junction<\/em>\u00a0Play Boosters ; chaque Play Booster contient 14 cartes Magic<\/li>\n<li>1 feuille, Rare ou Mythic Rare estampill\u00e9e de l&#039;ann\u00e9e<\/li>\n<li>1<em>Ar\u00e8ne de Magic : The Gathering<\/em>\u00a0carte de code (disponible uniquement dans certaines r\u00e9gions)<\/li>\n<li>1 bo\u00eete de pont<\/li>\n<li>1 d\u00e9 Spindown<\/li>\n<\/ul>\n<\/div>\n<\/div>\n<\/div>","protected":false},"excerpt":{"rendered":"<p>Dans Outlaws of Thunder Junction, vos joueurs rejoindront l&#039;\u00e9quipe de desperados mortels d&#039;Oko alors qu&#039;ils pr\u00e9parent un braquage dans le monde frontalier de Thunder Junction. Ils affronteront des d\u00e9serts hostiles, des cr\u00e9atures hostiles et m\u00eame des hors-la-loi rivaux, mais avec courage et courage, ils s&#039;enfuiront vers le coucher du soleil. L&#039;avant-premi\u00e8re est la premi\u00e8re opportunit\u00e9 pour votre communaut\u00e9 de mettre la main sur [\u2026]<\/p>","protected":false},"featured_media":1970,"comment_status":"open","ping_status":"closed","template":"","meta":[],"product_cat":[96,36],"product_tag":[],"class_list":{"0":"post-1969","1":"product","2":"type-product","3":"status-publish","4":"has-post-thumbnail","6":"product_cat-english-prerelease-packs","7":"product_cat-prerelease-packs","8":"pa_language-english","9":"pa_mtg-edition-outlaws-of-thunder-junction","11":"first","12":"instock","13":"purchasable","14":"product-type-simple"},"yoast_head":"<!-- This site is optimized with the Yoast SEO plugin v23.6 - https:\/\/yoast.com\/wordpress\/plugins\/seo\/ -->\n<title>\ud83c\uddec\ud83c\udde7Outlaws of Thunder Junction: Prerelease Pack - Worlds Of Magic<\/title>\n<meta name=\"robots\" content=\"index, follow, max-snippet:-1, max-image-preview:large, max-video-preview:-1\" \/>\n<link rel=\"canonical\" href=\"https:\/\/worldsofmagic.net\/fr\/produit\/outlaws-of-thunder-junction-prerelease-pack\/\" \/>\n<meta property=\"og:locale\" content=\"fr_FR\" \/>\n<meta property=\"og:type\" content=\"article\" \/>\n<meta property=\"og:title\" content=\"\ud83c\uddec\ud83c\udde7Outlaws of Thunder Junction: Prerelease Pack - Worlds Of Magic\" \/>\n<meta property=\"og:description\" content=\"In\u00a0Outlaws of Thunder Junction, your players will join Oko&#8217;s crew of deadly desperados as they plot a heist in the frontier world of Thunder Junction. They&#8217;ll face harsh deserts, hostile critters, and even rival outlaws\u2014but with grit and gumption, they&#8217;ll ride off into the sunset. Prerelease is your community\u2019s first opportunity to get their hands [&hellip;]\" \/>\n<meta property=\"og:url\" content=\"https:\/\/worldsofmagic.net\/fr\/produit\/outlaws-of-thunder-junction-prerelease-pack\/\" \/>\n<meta property=\"og:site_name\" content=\"Worlds Of Magic\" \/>\n<meta property=\"article:modified_time\" content=\"2025-05-21T15:29:27+00:00\" \/>\n<meta property=\"og:image\" content=\"https:\/\/worldsofmagic.net\/wp-content\/uploads\/2024\/11\/758321.png\" \/>\n\t<meta property=\"og:image:width\" content=\"300\" \/>\n\t<meta property=\"og:image:height\" content=\"300\" \/>\n\t<meta property=\"og:image:type\" content=\"image\/png\" \/>\n<meta name=\"twitter:card\" content=\"summary_large_image\" \/>\n<meta name=\"twitter:label1\" content=\"Dur\u00e9e de lecture estim\u00e9e\" \/>\n\t<meta name=\"twitter:data1\" content=\"1 minute\" \/>\n<script type=\"application\/ld+json\" class=\"yoast-schema-graph\">{\"@context\":\"https:\/\/schema.org\",\"@graph\":[{\"@type\":\"WebPage\",\"@id\":\"https:\/\/worldsofmagic.net\/product\/outlaws-of-thunder-junction-prerelease-pack\/\",\"url\":\"https:\/\/worldsofmagic.net\/product\/outlaws-of-thunder-junction-prerelease-pack\/\",\"name\":\"\ud83c\uddec\ud83c\udde7Outlaws of Thunder Junction: Prerelease Pack - Worlds Of Magic\",\"isPartOf\":{\"@id\":\"https:\/\/worldsofmagic.net\/#website\"},\"primaryImageOfPage\":{\"@id\":\"https:\/\/worldsofmagic.net\/product\/outlaws-of-thunder-junction-prerelease-pack\/#primaryimage\"},\"image\":{\"@id\":\"https:\/\/worldsofmagic.net\/product\/outlaws-of-thunder-junction-prerelease-pack\/#primaryimage\"},\"thumbnailUrl\":\"https:\/\/worldsofmagic.net\/wp-content\/uploads\/2024\/11\/758321.png\",\"datePublished\":\"2024-11-02T12:19:08+00:00\",\"dateModified\":\"2025-05-21T15:29:27+00:00\",\"breadcrumb\":{\"@id\":\"https:\/\/worldsofmagic.net\/product\/outlaws-of-thunder-junction-prerelease-pack\/#breadcrumb\"},\"inLanguage\":\"fr-FR\",\"potentialAction\":[{\"@type\":\"ReadAction\",\"target\":[\"https:\/\/worldsofmagic.net\/product\/outlaws-of-thunder-junction-prerelease-pack\/\"]}]},{\"@type\":\"ImageObject\",\"inLanguage\":\"fr-FR\",\"@id\":\"https:\/\/worldsofmagic.net\/product\/outlaws-of-thunder-junction-prerelease-pack\/#primaryimage\",\"url\":\"https:\/\/worldsofmagic.net\/wp-content\/uploads\/2024\/11\/758321.png\",\"contentUrl\":\"https:\/\/worldsofmagic.net\/wp-content\/uploads\/2024\/11\/758321.png\",\"width\":300,\"height\":300},{\"@type\":\"BreadcrumbList\",\"@id\":\"https:\/\/worldsofmagic.net\/product\/outlaws-of-thunder-junction-prerelease-pack\/#breadcrumb\",\"itemListElement\":[{\"@type\":\"ListItem\",\"position\":1,\"name\":\"Accueil\",\"item\":\"https:\/\/worldsofmagic.net\/\"},{\"@type\":\"ListItem\",\"position\":2,\"name\":\"Shop\",\"item\":\"https:\/\/worldsofmagic.net\/shop\/\"},{\"@type\":\"ListItem\",\"position\":3,\"name\":\"\ud83c\uddec\ud83c\udde7Outlaws of Thunder Junction: Prerelease Pack\"}]},{\"@type\":\"WebSite\",\"@id\":\"https:\/\/worldsofmagic.net\/#website\",\"url\":\"https:\/\/worldsofmagic.net\/\",\"name\":\"Worlds Of Magic\",\"description\":\"\",\"publisher\":{\"@id\":\"https:\/\/worldsofmagic.net\/#organization\"},\"potentialAction\":[{\"@type\":\"SearchAction\",\"target\":{\"@type\":\"EntryPoint\",\"urlTemplate\":\"https:\/\/worldsofmagic.net\/?s={search_term_string}\"},\"query-input\":{\"@type\":\"PropertyValueSpecification\",\"valueRequired\":true,\"valueName\":\"search_term_string\"}}],\"inLanguage\":\"fr-FR\"},{\"@type\":\"Organization\",\"@id\":\"https:\/\/worldsofmagic.net\/#organization\",\"name\":\"Worlds Of Magic\",\"alternateName\":\"Worlds Of Magic\",\"url\":\"https:\/\/worldsofmagic.net\/\",\"logo\":{\"@type\":\"ImageObject\",\"inLanguage\":\"fr-FR\",\"@id\":\"https:\/\/worldsofmagic.net\/#\/schema\/logo\/image\/\",\"url\":\"https:\/\/worldsofmagic.net\/wp-content\/uploads\/2024\/07\/image.png\",\"contentUrl\":\"https:\/\/worldsofmagic.net\/wp-content\/uploads\/2024\/07\/image.png\",\"width\":1072,\"height\":341,\"caption\":\"Worlds Of Magic\"},\"image\":{\"@id\":\"https:\/\/worldsofmagic.net\/#\/schema\/logo\/image\/\"}}]}<\/script>\n<!-- \/ Yoast SEO plugin. -->","yoast_head_json":{"title":"\ud83c\uddec\ud83c\udde7Outlaws of Thunder Junction: Prerelease Pack - Worlds Of Magic","robots":{"index":"index","follow":"follow","max-snippet":"max-snippet:-1","max-image-preview":"max-image-preview:large","max-video-preview":"max-video-preview:-1"},"canonical":"https:\/\/worldsofmagic.net\/fr\/produit\/outlaws-of-thunder-junction-prerelease-pack\/","og_locale":"fr_FR","og_type":"article","og_title":"\ud83c\uddec\ud83c\udde7Outlaws of Thunder Junction: Prerelease Pack - Worlds Of Magic","og_description":"In\u00a0Outlaws of Thunder Junction, your players will join Oko&#8217;s crew of deadly desperados as they plot a heist in the frontier world of Thunder Junction. They&#8217;ll face harsh deserts, hostile critters, and even rival outlaws\u2014but with grit and gumption, they&#8217;ll ride off into the sunset. Prerelease is your community\u2019s first opportunity to get their hands [&hellip;]","og_url":"https:\/\/worldsofmagic.net\/fr\/produit\/outlaws-of-thunder-junction-prerelease-pack\/","og_site_name":"Worlds Of Magic","article_modified_time":"2025-05-21T15:29:27+00:00","og_image":[{"width":300,"height":300,"url":"https:\/\/worldsofmagic.net\/wp-content\/uploads\/2024\/11\/758321.png","type":"image\/png"}],"twitter_card":"summary_large_image","twitter_misc":{"Dur\u00e9e de lecture estim\u00e9e":"1 minute"},"schema":{"@context":"https:\/\/schema.org","@graph":[{"@type":"WebPage","@id":"https:\/\/worldsofmagic.net\/product\/outlaws-of-thunder-junction-prerelease-pack\/","url":"https:\/\/worldsofmagic.net\/product\/outlaws-of-thunder-junction-prerelease-pack\/","name":"\ud83c\uddec\ud83c\udde7Outlaws of Thunder Junction: Prerelease Pack - Worlds Of Magic","isPartOf":{"@id":"https:\/\/worldsofmagic.net\/#website"},"primaryImageOfPage":{"@id":"https:\/\/worldsofmagic.net\/product\/outlaws-of-thunder-junction-prerelease-pack\/#primaryimage"},"image":{"@id":"https:\/\/worldsofmagic.net\/product\/outlaws-of-thunder-junction-prerelease-pack\/#primaryimage"},"thumbnailUrl":"https:\/\/worldsofmagic.net\/wp-content\/uploads\/2024\/11\/758321.png","datePublished":"2024-11-02T12:19:08+00:00","dateModified":"2025-05-21T15:29:27+00:00","breadcrumb":{"@id":"https:\/\/worldsofmagic.net\/product\/outlaws-of-thunder-junction-prerelease-pack\/#breadcrumb"},"inLanguage":"fr-FR","potentialAction":[{"@type":"ReadAction","target":["https:\/\/worldsofmagic.net\/product\/outlaws-of-thunder-junction-prerelease-pack\/"]}]},{"@type":"ImageObject","inLanguage":"fr-FR","@id":"https:\/\/worldsofmagic.net\/product\/outlaws-of-thunder-junction-prerelease-pack\/#primaryimage","url":"https:\/\/worldsofmagic.net\/wp-content\/uploads\/2024\/11\/758321.png","contentUrl":"https:\/\/worldsofmagic.net\/wp-content\/uploads\/2024\/11\/758321.png","width":300,"height":300},{"@type":"BreadcrumbList","@id":"https:\/\/worldsofmagic.net\/product\/outlaws-of-thunder-junction-prerelease-pack\/#breadcrumb","itemListElement":[{"@type":"ListItem","position":1,"name":"Accueil","item":"https:\/\/worldsofmagic.net\/"},{"@type":"ListItem","position":2,"name":"Shop","item":"https:\/\/worldsofmagic.net\/shop\/"},{"@type":"ListItem","position":3,"name":"\ud83c\uddec\ud83c\udde7Outlaws of Thunder Junction: Prerelease Pack"}]},{"@type":"WebSite","@id":"https:\/\/worldsofmagic.net\/#website","url":"https:\/\/worldsofmagic.net\/","name":"Worlds Of Magic","description":"","publisher":{"@id":"https:\/\/worldsofmagic.net\/#organization"},"potentialAction":[{"@type":"SearchAction","target":{"@type":"EntryPoint","urlTemplate":"https:\/\/worldsofmagic.net\/?s={search_term_string}"},"query-input":{"@type":"PropertyValueSpecification","valueRequired":true,"valueName":"search_term_string"}}],"inLanguage":"fr-FR"},{"@type":"Organization","@id":"https:\/\/worldsofmagic.net\/#organization","name":"Worlds Of Magic","alternateName":"Worlds Of Magic","url":"https:\/\/worldsofmagic.net\/","logo":{"@type":"ImageObject","inLanguage":"fr-FR","@id":"https:\/\/worldsofmagic.net\/#\/schema\/logo\/image\/","url":"https:\/\/worldsofmagic.net\/wp-content\/uploads\/2024\/07\/image.png","contentUrl":"https:\/\/worldsofmagic.net\/wp-content\/uploads\/2024\/07\/image.png","width":1072,"height":341,"caption":"Worlds Of Magic"},"image":{"@id":"https:\/\/worldsofmagic.net\/#\/schema\/logo\/image\/"}}]}},"jetpack_sharing_enabled":true,"_links":{"self":[{"href":"https:\/\/worldsofmagic.net\/fr\/wp-json\/wp\/v2\/product\/1969"}],"collection":[{"href":"https:\/\/worldsofmagic.net\/fr\/wp-json\/wp\/v2\/product"}],"about":[{"href":"https:\/\/worldsofmagic.net\/fr\/wp-json\/wp\/v2\/types\/product"}],"replies":[{"embeddable":true,"href":"https:\/\/worldsofmagic.net\/fr\/wp-json\/wp\/v2\/comments?post=1969"}],"wp:featuredmedia":[{"embeddable":true,"href":"https:\/\/worldsofmagic.net\/fr\/wp-json\/wp\/v2\/media\/1970"}],"wp:attachment":[{"href":"https:\/\/worldsofmagic.net\/fr\/wp-json\/wp\/v2\/media?parent=1969"}],"wp:term":[{"taxonomy":"product_cat","embeddable":true,"href":"https:\/\/worldsofmagic.net\/fr\/wp-json\/wp\/v2\/product_cat?post=1969"},{"taxonomy":"product_tag","embeddable":true,"href":"https:\/\/worldsofmagic.net\/fr\/wp-json\/wp\/v2\/product_tag?post=1969"}],"curies":[{"name":"wp","href":"https:\/\/api.w.org\/{rel}","templated":true}]}}