{"id":1982,"date":"2024-11-02T13:19:37","date_gmt":"2024-11-02T13:19:37","guid":{"rendered":"https:\/\/worldsofmagic.net\/?post_type=product&#038;p=1982"},"modified":"2024-12-09T13:46:35","modified_gmt":"2024-12-09T13:46:35","slug":"the-brothers-war-prerelease-pack-mishras-burnished-banner","status":"publish","type":"product","link":"https:\/\/worldsofmagic.net\/fr\/produit\/the-brothers-war-prerelease-pack-mishras-burnished-banner\/","title":{"rendered":"THE BROTHERS' WAR MISHRA'S BURNISHED BANNER PRERELEASE PACK\ud83c\uddec\ud83c\udde7"},"content":{"rendered":"<h3>\u00c0 propos de l&#039;ensemble La Guerre des Fr\u00e8res<\/h3>\n<p>Avec la Guerre des Fr\u00e8res, d\u00e9couvrez les origines du conflit entre les deux fr\u00e8res et artificiers Urza et Mishra. Apparue pour la premi\u00e8re fois dans l&#039;extension Antiquities, la Guerre des Antiquit\u00e9s a laiss\u00e9 de nombreuses cicatrices \u00e0 travers Dominaria, culminant avec une explosion qui a inaugur\u00e9 l&#039;\u00e8re glaciaire du plan. Alors que les t\u00e9n\u00e8bres planent sur l&#039;avenir de Dominaria, remontez le temps pour comprendre les causes et les enjeux de cet \u00e9v\u00e9nement historique.<\/p>\n<h3>Ce pack de pr\u00e9-sortie Mishra&#039;s Burnished Banner de The Brothers&#039; War contient :<\/h3>\n<ul>\n<li>6 packs de boosters de draft pour la guerre des fr\u00e8res<\/li>\n<li>1 carte promo tamponn\u00e9e<\/li>\n<li>1 d\u00e9 compteur de vie Spindown<\/li>\n<li>1 guide pour vous aider \u00e0 construire votre jeu de 40 cartes<\/li>\n<\/ul>\n<h3>Chaque pack booster de draft The Brothers&#039; War contient\u00a0:<\/h3>\n<ul>\n<li>1 rare ou rare mythique<\/li>\n<li>3 objets peu communs<\/li>\n<li>10 communes<\/li>\n<li>1 terrain de base<\/li>\n<li>1 jeton<\/li>\n<\/ul>\n<p>De temps en temps, vous pouvez trouver une carte foil au lieu d&#039;une carte commune. De plus, une carte Collector (borderless ou showcase) peut \u00e9galement remplacer une carte de la m\u00eame raret\u00e9 !<\/p>","protected":false},"excerpt":{"rendered":"<p>\u00c0 propos de l&#039;ensemble La Guerre des Fr\u00e8res Avec la Guerre des Fr\u00e8res, d\u00e9couvrez les origines du conflit entre les deux fr\u00e8res et artificiers Urza et Mishra. Apparue pour la premi\u00e8re fois dans l&#039;extension Antiquities, la Guerre des Antiquit\u00e9s a laiss\u00e9 de nombreuses cicatrices \u00e0 travers Dominaria, culminant avec une explosion qui a inaugur\u00e9 l&#039;\u00e8re glaciaire du plan. Alors que les t\u00e9n\u00e8bres planent sur l&#039;avenir de Dominaria, remontez le temps pour [\u2026]<\/p>","protected":false},"featured_media":1983,"comment_status":"open","ping_status":"closed","template":"","meta":[],"product_cat":[96,36],"product_tag":[],"class_list":{"0":"post-1982","1":"product","2":"type-product","3":"status-publish","4":"has-post-thumbnail","6":"product_cat-english-prerelease-packs","7":"product_cat-prerelease-packs","8":"pa_language-english","9":"pa_mtg-edition-brothers-war","11":"first","12":"instock","13":"purchasable","14":"product-type-simple"},"yoast_head":"<!-- This site is optimized with the Yoast SEO plugin v23.6 - https:\/\/yoast.com\/wordpress\/plugins\/seo\/ -->\n<title>\ud83c\uddec\ud83c\udde7The Brothers&#039; War: Prerelease Pack: Mishra&#039;s Burnished Banner - Worlds Of Magic<\/title>\n<meta name=\"robots\" content=\"index, follow, max-snippet:-1, max-image-preview:large, max-video-preview:-1\" \/>\n<link rel=\"canonical\" href=\"https:\/\/worldsofmagic.net\/fr\/produit\/the-brothers-war-prerelease-pack-mishras-burnished-banner\/\" \/>\n<meta property=\"og:locale\" content=\"fr_FR\" \/>\n<meta property=\"og:type\" content=\"article\" \/>\n<meta property=\"og:title\" content=\"\ud83c\uddec\ud83c\udde7The Brothers&#039; War: Prerelease Pack: Mishra&#039;s Burnished Banner - Worlds Of Magic\" \/>\n<meta property=\"og:description\" content=\"About the set The Brothers&#8217; War With the\u00a0Brothers\u2019 War, witness the origins of the conflict between the two brothers and artificers\u00a0Urza\u00a0and\u00a0Mishra. First seen in the expansion\u00a0Antiquities, the Antiquities War left multiple scars across Dominaria, culminating in an explosion that ushered in the plane\u2019s\u00a0Ice Age. As darkness looms over Dominaria\u2019s future, go back in time to [&hellip;]\" \/>\n<meta property=\"og:url\" content=\"https:\/\/worldsofmagic.net\/fr\/produit\/the-brothers-war-prerelease-pack-mishras-burnished-banner\/\" \/>\n<meta property=\"og:site_name\" content=\"Worlds Of Magic\" \/>\n<meta property=\"article:modified_time\" content=\"2024-12-09T13:46:35+00:00\" \/>\n<meta property=\"og:image\" content=\"https:\/\/worldsofmagic.net\/wp-content\/uploads\/2024\/11\/677811.png\" \/>\n\t<meta property=\"og:image:width\" content=\"300\" \/>\n\t<meta property=\"og:image:height\" content=\"300\" \/>\n\t<meta property=\"og:image:type\" content=\"image\/png\" \/>\n<meta name=\"twitter:card\" content=\"summary_large_image\" \/>\n<meta name=\"twitter:label1\" content=\"Dur\u00e9e de lecture estim\u00e9e\" \/>\n\t<meta name=\"twitter:data1\" content=\"1 minute\" \/>\n<script type=\"application\/ld+json\" class=\"yoast-schema-graph\">{\"@context\":\"https:\/\/schema.org\",\"@graph\":[{\"@type\":\"WebPage\",\"@id\":\"https:\/\/worldsofmagic.net\/product\/the-brothers-war-prerelease-pack-mishras-burnished-banner\/\",\"url\":\"https:\/\/worldsofmagic.net\/product\/the-brothers-war-prerelease-pack-mishras-burnished-banner\/\",\"name\":\"\ud83c\uddec\ud83c\udde7The Brothers' War: Prerelease Pack: Mishra's Burnished Banner - Worlds Of Magic\",\"isPartOf\":{\"@id\":\"https:\/\/worldsofmagic.net\/#website\"},\"primaryImageOfPage\":{\"@id\":\"https:\/\/worldsofmagic.net\/product\/the-brothers-war-prerelease-pack-mishras-burnished-banner\/#primaryimage\"},\"image\":{\"@id\":\"https:\/\/worldsofmagic.net\/product\/the-brothers-war-prerelease-pack-mishras-burnished-banner\/#primaryimage\"},\"thumbnailUrl\":\"https:\/\/worldsofmagic.net\/wp-content\/uploads\/2024\/11\/677811.png\",\"datePublished\":\"2024-11-02T13:19:37+00:00\",\"dateModified\":\"2024-12-09T13:46:35+00:00\",\"breadcrumb\":{\"@id\":\"https:\/\/worldsofmagic.net\/product\/the-brothers-war-prerelease-pack-mishras-burnished-banner\/#breadcrumb\"},\"inLanguage\":\"fr-FR\",\"potentialAction\":[{\"@type\":\"ReadAction\",\"target\":[\"https:\/\/worldsofmagic.net\/product\/the-brothers-war-prerelease-pack-mishras-burnished-banner\/\"]}]},{\"@type\":\"ImageObject\",\"inLanguage\":\"fr-FR\",\"@id\":\"https:\/\/worldsofmagic.net\/product\/the-brothers-war-prerelease-pack-mishras-burnished-banner\/#primaryimage\",\"url\":\"https:\/\/worldsofmagic.net\/wp-content\/uploads\/2024\/11\/677811.png\",\"contentUrl\":\"https:\/\/worldsofmagic.net\/wp-content\/uploads\/2024\/11\/677811.png\",\"width\":300,\"height\":300},{\"@type\":\"BreadcrumbList\",\"@id\":\"https:\/\/worldsofmagic.net\/product\/the-brothers-war-prerelease-pack-mishras-burnished-banner\/#breadcrumb\",\"itemListElement\":[{\"@type\":\"ListItem\",\"position\":1,\"name\":\"Accueil\",\"item\":\"https:\/\/worldsofmagic.net\/\"},{\"@type\":\"ListItem\",\"position\":2,\"name\":\"Shop\",\"item\":\"https:\/\/worldsofmagic.net\/shop\/\"},{\"@type\":\"ListItem\",\"position\":3,\"name\":\"\ud83c\uddec\ud83c\udde7The Brothers&#8217; War: Prerelease Pack: Mishra&#8217;s Burnished Banner\"}]},{\"@type\":\"WebSite\",\"@id\":\"https:\/\/worldsofmagic.net\/#website\",\"url\":\"https:\/\/worldsofmagic.net\/\",\"name\":\"Worlds Of Magic\",\"description\":\"\",\"publisher\":{\"@id\":\"https:\/\/worldsofmagic.net\/#organization\"},\"potentialAction\":[{\"@type\":\"SearchAction\",\"target\":{\"@type\":\"EntryPoint\",\"urlTemplate\":\"https:\/\/worldsofmagic.net\/?s={search_term_string}\"},\"query-input\":{\"@type\":\"PropertyValueSpecification\",\"valueRequired\":true,\"valueName\":\"search_term_string\"}}],\"inLanguage\":\"fr-FR\"},{\"@type\":\"Organization\",\"@id\":\"https:\/\/worldsofmagic.net\/#organization\",\"name\":\"Worlds Of Magic\",\"alternateName\":\"Worlds Of Magic\",\"url\":\"https:\/\/worldsofmagic.net\/\",\"logo\":{\"@type\":\"ImageObject\",\"inLanguage\":\"fr-FR\",\"@id\":\"https:\/\/worldsofmagic.net\/#\/schema\/logo\/image\/\",\"url\":\"https:\/\/worldsofmagic.net\/wp-content\/uploads\/2024\/07\/image.png\",\"contentUrl\":\"https:\/\/worldsofmagic.net\/wp-content\/uploads\/2024\/07\/image.png\",\"width\":1072,\"height\":341,\"caption\":\"Worlds Of Magic\"},\"image\":{\"@id\":\"https:\/\/worldsofmagic.net\/#\/schema\/logo\/image\/\"}}]}<\/script>\n<!-- \/ Yoast SEO plugin. -->","yoast_head_json":{"title":"\ud83c\uddec\ud83c\udde7The Brothers' War: Prerelease Pack: Mishra's Burnished Banner - Worlds Of Magic","robots":{"index":"index","follow":"follow","max-snippet":"max-snippet:-1","max-image-preview":"max-image-preview:large","max-video-preview":"max-video-preview:-1"},"canonical":"https:\/\/worldsofmagic.net\/fr\/produit\/the-brothers-war-prerelease-pack-mishras-burnished-banner\/","og_locale":"fr_FR","og_type":"article","og_title":"\ud83c\uddec\ud83c\udde7The Brothers' War: Prerelease Pack: Mishra's Burnished Banner - Worlds Of Magic","og_description":"About the set The Brothers&#8217; War With the\u00a0Brothers\u2019 War, witness the origins of the conflict between the two brothers and artificers\u00a0Urza\u00a0and\u00a0Mishra. First seen in the expansion\u00a0Antiquities, the Antiquities War left multiple scars across Dominaria, culminating in an explosion that ushered in the plane\u2019s\u00a0Ice Age. As darkness looms over Dominaria\u2019s future, go back in time to [&hellip;]","og_url":"https:\/\/worldsofmagic.net\/fr\/produit\/the-brothers-war-prerelease-pack-mishras-burnished-banner\/","og_site_name":"Worlds Of Magic","article_modified_time":"2024-12-09T13:46:35+00:00","og_image":[{"width":300,"height":300,"url":"https:\/\/worldsofmagic.net\/wp-content\/uploads\/2024\/11\/677811.png","type":"image\/png"}],"twitter_card":"summary_large_image","twitter_misc":{"Dur\u00e9e de lecture estim\u00e9e":"1 minute"},"schema":{"@context":"https:\/\/schema.org","@graph":[{"@type":"WebPage","@id":"https:\/\/worldsofmagic.net\/product\/the-brothers-war-prerelease-pack-mishras-burnished-banner\/","url":"https:\/\/worldsofmagic.net\/product\/the-brothers-war-prerelease-pack-mishras-burnished-banner\/","name":"\ud83c\uddec\ud83c\udde7The Brothers' War: Prerelease Pack: Mishra's Burnished Banner - Worlds Of Magic","isPartOf":{"@id":"https:\/\/worldsofmagic.net\/#website"},"primaryImageOfPage":{"@id":"https:\/\/worldsofmagic.net\/product\/the-brothers-war-prerelease-pack-mishras-burnished-banner\/#primaryimage"},"image":{"@id":"https:\/\/worldsofmagic.net\/product\/the-brothers-war-prerelease-pack-mishras-burnished-banner\/#primaryimage"},"thumbnailUrl":"https:\/\/worldsofmagic.net\/wp-content\/uploads\/2024\/11\/677811.png","datePublished":"2024-11-02T13:19:37+00:00","dateModified":"2024-12-09T13:46:35+00:00","breadcrumb":{"@id":"https:\/\/worldsofmagic.net\/product\/the-brothers-war-prerelease-pack-mishras-burnished-banner\/#breadcrumb"},"inLanguage":"fr-FR","potentialAction":[{"@type":"ReadAction","target":["https:\/\/worldsofmagic.net\/product\/the-brothers-war-prerelease-pack-mishras-burnished-banner\/"]}]},{"@type":"ImageObject","inLanguage":"fr-FR","@id":"https:\/\/worldsofmagic.net\/product\/the-brothers-war-prerelease-pack-mishras-burnished-banner\/#primaryimage","url":"https:\/\/worldsofmagic.net\/wp-content\/uploads\/2024\/11\/677811.png","contentUrl":"https:\/\/worldsofmagic.net\/wp-content\/uploads\/2024\/11\/677811.png","width":300,"height":300},{"@type":"BreadcrumbList","@id":"https:\/\/worldsofmagic.net\/product\/the-brothers-war-prerelease-pack-mishras-burnished-banner\/#breadcrumb","itemListElement":[{"@type":"ListItem","position":1,"name":"Accueil","item":"https:\/\/worldsofmagic.net\/"},{"@type":"ListItem","position":2,"name":"Shop","item":"https:\/\/worldsofmagic.net\/shop\/"},{"@type":"ListItem","position":3,"name":"\ud83c\uddec\ud83c\udde7The Brothers&#8217; War: Prerelease Pack: Mishra&#8217;s Burnished Banner"}]},{"@type":"WebSite","@id":"https:\/\/worldsofmagic.net\/#website","url":"https:\/\/worldsofmagic.net\/","name":"Worlds Of Magic","description":"","publisher":{"@id":"https:\/\/worldsofmagic.net\/#organization"},"potentialAction":[{"@type":"SearchAction","target":{"@type":"EntryPoint","urlTemplate":"https:\/\/worldsofmagic.net\/?s={search_term_string}"},"query-input":{"@type":"PropertyValueSpecification","valueRequired":true,"valueName":"search_term_string"}}],"inLanguage":"fr-FR"},{"@type":"Organization","@id":"https:\/\/worldsofmagic.net\/#organization","name":"Worlds Of Magic","alternateName":"Worlds Of Magic","url":"https:\/\/worldsofmagic.net\/","logo":{"@type":"ImageObject","inLanguage":"fr-FR","@id":"https:\/\/worldsofmagic.net\/#\/schema\/logo\/image\/","url":"https:\/\/worldsofmagic.net\/wp-content\/uploads\/2024\/07\/image.png","contentUrl":"https:\/\/worldsofmagic.net\/wp-content\/uploads\/2024\/07\/image.png","width":1072,"height":341,"caption":"Worlds Of Magic"},"image":{"@id":"https:\/\/worldsofmagic.net\/#\/schema\/logo\/image\/"}}]}},"jetpack_sharing_enabled":true,"_links":{"self":[{"href":"https:\/\/worldsofmagic.net\/fr\/wp-json\/wp\/v2\/product\/1982"}],"collection":[{"href":"https:\/\/worldsofmagic.net\/fr\/wp-json\/wp\/v2\/product"}],"about":[{"href":"https:\/\/worldsofmagic.net\/fr\/wp-json\/wp\/v2\/types\/product"}],"replies":[{"embeddable":true,"href":"https:\/\/worldsofmagic.net\/fr\/wp-json\/wp\/v2\/comments?post=1982"}],"wp:featuredmedia":[{"embeddable":true,"href":"https:\/\/worldsofmagic.net\/fr\/wp-json\/wp\/v2\/media\/1983"}],"wp:attachment":[{"href":"https:\/\/worldsofmagic.net\/fr\/wp-json\/wp\/v2\/media?parent=1982"}],"wp:term":[{"taxonomy":"product_cat","embeddable":true,"href":"https:\/\/worldsofmagic.net\/fr\/wp-json\/wp\/v2\/product_cat?post=1982"},{"taxonomy":"product_tag","embeddable":true,"href":"https:\/\/worldsofmagic.net\/fr\/wp-json\/wp\/v2\/product_tag?post=1982"}],"curies":[{"name":"wp","href":"https:\/\/api.w.org\/{rel}","templated":true}]}}