{"id":1986,"date":"2024-11-02T13:31:57","date_gmt":"2024-11-02T13:31:57","guid":{"rendered":"https:\/\/worldsofmagic.net\/?post_type=product&#038;p=1986"},"modified":"2024-12-09T13:45:32","modified_gmt":"2024-12-09T13:45:32","slug":"the-lost-caverns-of-ixalan-prerelease-pack","status":"publish","type":"product","link":"https:\/\/worldsofmagic.net\/fr\/produit\/the-lost-caverns-of-ixalan-prerelease-pack\/","title":{"rendered":"Les cavernes perdues d'Ixalan : Pack de avant-premi\u00e8re\ud83c\uddec\ud83c\udde7"},"content":{"rendered":"<div class=\"css-zEDIo\">\n<p>Dans\u00a0<em>Les cavernes perdues d&#039;Ixalan<\/em>, vos joueurs vivront une aventure comme jamais auparavant, d\u00e9couvrant des ruines perdues depuis longtemps, des civilisations antiques vivantes et en bonne sant\u00e9, et des cr\u00e9atures pr\u00e9f\u00e9r\u00e9es des fans qui se d\u00e9cha\u00eenent. Plongez au c\u0153ur d&#039;Ixalan avec un morceau de pr\u00e9histoire pour chaque style de jeu.<\/p>\n<p>L&#039;avant-premi\u00e8re est la premi\u00e8re opportunit\u00e9 pour votre communaut\u00e9 de mettre la main sur les derni\u00e8res nouveaut\u00e9s\u00a0<em>Magic : Le Rassemblement<\/em>\u00a0publiez et explorez ce que l&#039;ensemble a \u00e0 offrir, et les packs de pr\u00e9-version sont le produit parfait pour alimenter les premiers \u00e9v\u00e9nements de ce nouvel ensemble.<\/p>\n<\/div>\n<div class=\"css-cCB0h\">\n<div class=\"css-LOABQ\">Contenu:<\/div>\n<div class=\"css-zEDIo\">\n<ul>\n<li>6\u00a0<em>Les cavernes perdues d&#039;Ixalan\u00a0<\/em>Boosters de draft\u00a0; chaque booster de draft contient 15\u00a0<em>Magie<\/em>\u00a0cartes<\/li>\n<li>1 feuille, Rare ou Mythic Rare estampill\u00e9e de l&#039;ann\u00e9e<\/li>\n<li>1\u00a0<em>Magic : Le Rassemblement<\/em>\u00a0Carte de code Arena (disponible uniquement dans certaines r\u00e9gions)<\/li>\n<li>1 bo\u00eete de pont<\/li>\n<li>1 d\u00e9 Spindown<\/li>\n<\/ul>\n<\/div>\n<\/div>","protected":false},"excerpt":{"rendered":"<p>Dans Les Cavernes perdues d&#039;Ixalan, vos joueurs vivront une aventure in\u00e9dite, en d\u00e9couvrant des ruines perdues depuis longtemps, des civilisations antiques vivantes et en bonne sant\u00e9, et des cr\u00e9atures pr\u00e9f\u00e9r\u00e9es des fans qui se d\u00e9cha\u00eenent. Plongez au c\u0153ur d&#039;Ixalan avec un morceau de pr\u00e9histoire pour chaque style de jeu. L&#039;avant-premi\u00e8re est la premi\u00e8re opportunit\u00e9 pour votre communaut\u00e9 de mettre la main sur le tout nouveau Magic: [\u2026]<\/p>","protected":false},"featured_media":1987,"comment_status":"open","ping_status":"closed","template":"","meta":[],"product_cat":[96,21,36],"product_tag":[],"class_list":{"0":"post-1986","1":"product","2":"type-product","3":"status-publish","4":"has-post-thumbnail","6":"product_cat-english-prerelease-packs","7":"product_cat-magic-the-gathering","8":"product_cat-prerelease-packs","9":"pa_language-english","10":"pa_mtg-edition-the-lost-caverns-of-ixalan","12":"first","13":"instock","14":"purchasable","15":"product-type-simple"},"yoast_head":"<!-- This site is optimized with the Yoast SEO plugin v23.6 - https:\/\/yoast.com\/wordpress\/plugins\/seo\/ -->\n<title>\ud83c\uddec\ud83c\udde7The Lost Caverns of Ixalan: Prerelease Pack - Worlds Of Magic<\/title>\n<meta name=\"robots\" content=\"index, follow, max-snippet:-1, max-image-preview:large, max-video-preview:-1\" \/>\n<link rel=\"canonical\" href=\"https:\/\/worldsofmagic.net\/fr\/produit\/the-lost-caverns-of-ixalan-prerelease-pack\/\" \/>\n<meta property=\"og:locale\" content=\"fr_FR\" \/>\n<meta property=\"og:type\" content=\"article\" \/>\n<meta property=\"og:title\" content=\"\ud83c\uddec\ud83c\udde7The Lost Caverns of Ixalan: Prerelease Pack - Worlds Of Magic\" \/>\n<meta property=\"og:description\" content=\"In\u00a0The Lost Caverns of Ixalan, your players will face an adventure like never before, discovering long-lost ruins, ancient civilizations alive and well, and fan-favorite creatures running rampant. Dig into the heart of Ixalan with a piece of prehistory for every play style. Prerelease is your community\u2019s first opportunity to get their hands on the newest\u00a0Magic: [&hellip;]\" \/>\n<meta property=\"og:url\" content=\"https:\/\/worldsofmagic.net\/fr\/produit\/the-lost-caverns-of-ixalan-prerelease-pack\/\" \/>\n<meta property=\"og:site_name\" content=\"Worlds Of Magic\" \/>\n<meta property=\"article:modified_time\" content=\"2024-12-09T13:45:32+00:00\" \/>\n<meta property=\"og:image\" content=\"https:\/\/worldsofmagic.net\/wp-content\/uploads\/2024\/11\/734178.png\" \/>\n\t<meta property=\"og:image:width\" content=\"300\" \/>\n\t<meta property=\"og:image:height\" content=\"300\" \/>\n\t<meta property=\"og:image:type\" content=\"image\/png\" \/>\n<meta name=\"twitter:card\" content=\"summary_large_image\" \/>\n<meta name=\"twitter:label1\" content=\"Dur\u00e9e de lecture estim\u00e9e\" \/>\n\t<meta name=\"twitter:data1\" content=\"1 minute\" \/>\n<script type=\"application\/ld+json\" class=\"yoast-schema-graph\">{\"@context\":\"https:\/\/schema.org\",\"@graph\":[{\"@type\":\"WebPage\",\"@id\":\"https:\/\/worldsofmagic.net\/product\/the-lost-caverns-of-ixalan-prerelease-pack\/\",\"url\":\"https:\/\/worldsofmagic.net\/product\/the-lost-caverns-of-ixalan-prerelease-pack\/\",\"name\":\"\ud83c\uddec\ud83c\udde7The Lost Caverns of Ixalan: Prerelease Pack - Worlds Of Magic\",\"isPartOf\":{\"@id\":\"https:\/\/worldsofmagic.net\/#website\"},\"primaryImageOfPage\":{\"@id\":\"https:\/\/worldsofmagic.net\/product\/the-lost-caverns-of-ixalan-prerelease-pack\/#primaryimage\"},\"image\":{\"@id\":\"https:\/\/worldsofmagic.net\/product\/the-lost-caverns-of-ixalan-prerelease-pack\/#primaryimage\"},\"thumbnailUrl\":\"https:\/\/worldsofmagic.net\/wp-content\/uploads\/2024\/11\/734178.png\",\"datePublished\":\"2024-11-02T13:31:57+00:00\",\"dateModified\":\"2024-12-09T13:45:32+00:00\",\"breadcrumb\":{\"@id\":\"https:\/\/worldsofmagic.net\/product\/the-lost-caverns-of-ixalan-prerelease-pack\/#breadcrumb\"},\"inLanguage\":\"fr-FR\",\"potentialAction\":[{\"@type\":\"ReadAction\",\"target\":[\"https:\/\/worldsofmagic.net\/product\/the-lost-caverns-of-ixalan-prerelease-pack\/\"]}]},{\"@type\":\"ImageObject\",\"inLanguage\":\"fr-FR\",\"@id\":\"https:\/\/worldsofmagic.net\/product\/the-lost-caverns-of-ixalan-prerelease-pack\/#primaryimage\",\"url\":\"https:\/\/worldsofmagic.net\/wp-content\/uploads\/2024\/11\/734178.png\",\"contentUrl\":\"https:\/\/worldsofmagic.net\/wp-content\/uploads\/2024\/11\/734178.png\",\"width\":300,\"height\":300},{\"@type\":\"BreadcrumbList\",\"@id\":\"https:\/\/worldsofmagic.net\/product\/the-lost-caverns-of-ixalan-prerelease-pack\/#breadcrumb\",\"itemListElement\":[{\"@type\":\"ListItem\",\"position\":1,\"name\":\"Accueil\",\"item\":\"https:\/\/worldsofmagic.net\/\"},{\"@type\":\"ListItem\",\"position\":2,\"name\":\"Shop\",\"item\":\"https:\/\/worldsofmagic.net\/shop\/\"},{\"@type\":\"ListItem\",\"position\":3,\"name\":\"\ud83c\uddec\ud83c\udde7The Lost Caverns of Ixalan: Prerelease Pack\"}]},{\"@type\":\"WebSite\",\"@id\":\"https:\/\/worldsofmagic.net\/#website\",\"url\":\"https:\/\/worldsofmagic.net\/\",\"name\":\"Worlds Of Magic\",\"description\":\"\",\"publisher\":{\"@id\":\"https:\/\/worldsofmagic.net\/#organization\"},\"potentialAction\":[{\"@type\":\"SearchAction\",\"target\":{\"@type\":\"EntryPoint\",\"urlTemplate\":\"https:\/\/worldsofmagic.net\/?s={search_term_string}\"},\"query-input\":{\"@type\":\"PropertyValueSpecification\",\"valueRequired\":true,\"valueName\":\"search_term_string\"}}],\"inLanguage\":\"fr-FR\"},{\"@type\":\"Organization\",\"@id\":\"https:\/\/worldsofmagic.net\/#organization\",\"name\":\"Worlds Of Magic\",\"alternateName\":\"Worlds Of Magic\",\"url\":\"https:\/\/worldsofmagic.net\/\",\"logo\":{\"@type\":\"ImageObject\",\"inLanguage\":\"fr-FR\",\"@id\":\"https:\/\/worldsofmagic.net\/#\/schema\/logo\/image\/\",\"url\":\"https:\/\/worldsofmagic.net\/wp-content\/uploads\/2024\/07\/image.png\",\"contentUrl\":\"https:\/\/worldsofmagic.net\/wp-content\/uploads\/2024\/07\/image.png\",\"width\":1072,\"height\":341,\"caption\":\"Worlds Of Magic\"},\"image\":{\"@id\":\"https:\/\/worldsofmagic.net\/#\/schema\/logo\/image\/\"}}]}<\/script>\n<!-- \/ Yoast SEO plugin. -->","yoast_head_json":{"title":"\ud83c\uddec\ud83c\udde7The Lost Caverns of Ixalan: Prerelease Pack - Worlds Of Magic","robots":{"index":"index","follow":"follow","max-snippet":"max-snippet:-1","max-image-preview":"max-image-preview:large","max-video-preview":"max-video-preview:-1"},"canonical":"https:\/\/worldsofmagic.net\/fr\/produit\/the-lost-caverns-of-ixalan-prerelease-pack\/","og_locale":"fr_FR","og_type":"article","og_title":"\ud83c\uddec\ud83c\udde7The Lost Caverns of Ixalan: Prerelease Pack - Worlds Of Magic","og_description":"In\u00a0The Lost Caverns of Ixalan, your players will face an adventure like never before, discovering long-lost ruins, ancient civilizations alive and well, and fan-favorite creatures running rampant. Dig into the heart of Ixalan with a piece of prehistory for every play style. Prerelease is your community\u2019s first opportunity to get their hands on the newest\u00a0Magic: [&hellip;]","og_url":"https:\/\/worldsofmagic.net\/fr\/produit\/the-lost-caverns-of-ixalan-prerelease-pack\/","og_site_name":"Worlds Of Magic","article_modified_time":"2024-12-09T13:45:32+00:00","og_image":[{"width":300,"height":300,"url":"https:\/\/worldsofmagic.net\/wp-content\/uploads\/2024\/11\/734178.png","type":"image\/png"}],"twitter_card":"summary_large_image","twitter_misc":{"Dur\u00e9e de lecture estim\u00e9e":"1 minute"},"schema":{"@context":"https:\/\/schema.org","@graph":[{"@type":"WebPage","@id":"https:\/\/worldsofmagic.net\/product\/the-lost-caverns-of-ixalan-prerelease-pack\/","url":"https:\/\/worldsofmagic.net\/product\/the-lost-caverns-of-ixalan-prerelease-pack\/","name":"\ud83c\uddec\ud83c\udde7The Lost Caverns of Ixalan: Prerelease Pack - Worlds Of Magic","isPartOf":{"@id":"https:\/\/worldsofmagic.net\/#website"},"primaryImageOfPage":{"@id":"https:\/\/worldsofmagic.net\/product\/the-lost-caverns-of-ixalan-prerelease-pack\/#primaryimage"},"image":{"@id":"https:\/\/worldsofmagic.net\/product\/the-lost-caverns-of-ixalan-prerelease-pack\/#primaryimage"},"thumbnailUrl":"https:\/\/worldsofmagic.net\/wp-content\/uploads\/2024\/11\/734178.png","datePublished":"2024-11-02T13:31:57+00:00","dateModified":"2024-12-09T13:45:32+00:00","breadcrumb":{"@id":"https:\/\/worldsofmagic.net\/product\/the-lost-caverns-of-ixalan-prerelease-pack\/#breadcrumb"},"inLanguage":"fr-FR","potentialAction":[{"@type":"ReadAction","target":["https:\/\/worldsofmagic.net\/product\/the-lost-caverns-of-ixalan-prerelease-pack\/"]}]},{"@type":"ImageObject","inLanguage":"fr-FR","@id":"https:\/\/worldsofmagic.net\/product\/the-lost-caverns-of-ixalan-prerelease-pack\/#primaryimage","url":"https:\/\/worldsofmagic.net\/wp-content\/uploads\/2024\/11\/734178.png","contentUrl":"https:\/\/worldsofmagic.net\/wp-content\/uploads\/2024\/11\/734178.png","width":300,"height":300},{"@type":"BreadcrumbList","@id":"https:\/\/worldsofmagic.net\/product\/the-lost-caverns-of-ixalan-prerelease-pack\/#breadcrumb","itemListElement":[{"@type":"ListItem","position":1,"name":"Accueil","item":"https:\/\/worldsofmagic.net\/"},{"@type":"ListItem","position":2,"name":"Shop","item":"https:\/\/worldsofmagic.net\/shop\/"},{"@type":"ListItem","position":3,"name":"\ud83c\uddec\ud83c\udde7The Lost Caverns of Ixalan: Prerelease Pack"}]},{"@type":"WebSite","@id":"https:\/\/worldsofmagic.net\/#website","url":"https:\/\/worldsofmagic.net\/","name":"Worlds Of Magic","description":"","publisher":{"@id":"https:\/\/worldsofmagic.net\/#organization"},"potentialAction":[{"@type":"SearchAction","target":{"@type":"EntryPoint","urlTemplate":"https:\/\/worldsofmagic.net\/?s={search_term_string}"},"query-input":{"@type":"PropertyValueSpecification","valueRequired":true,"valueName":"search_term_string"}}],"inLanguage":"fr-FR"},{"@type":"Organization","@id":"https:\/\/worldsofmagic.net\/#organization","name":"Worlds Of Magic","alternateName":"Worlds Of Magic","url":"https:\/\/worldsofmagic.net\/","logo":{"@type":"ImageObject","inLanguage":"fr-FR","@id":"https:\/\/worldsofmagic.net\/#\/schema\/logo\/image\/","url":"https:\/\/worldsofmagic.net\/wp-content\/uploads\/2024\/07\/image.png","contentUrl":"https:\/\/worldsofmagic.net\/wp-content\/uploads\/2024\/07\/image.png","width":1072,"height":341,"caption":"Worlds Of Magic"},"image":{"@id":"https:\/\/worldsofmagic.net\/#\/schema\/logo\/image\/"}}]}},"jetpack_sharing_enabled":true,"_links":{"self":[{"href":"https:\/\/worldsofmagic.net\/fr\/wp-json\/wp\/v2\/product\/1986"}],"collection":[{"href":"https:\/\/worldsofmagic.net\/fr\/wp-json\/wp\/v2\/product"}],"about":[{"href":"https:\/\/worldsofmagic.net\/fr\/wp-json\/wp\/v2\/types\/product"}],"replies":[{"embeddable":true,"href":"https:\/\/worldsofmagic.net\/fr\/wp-json\/wp\/v2\/comments?post=1986"}],"wp:featuredmedia":[{"embeddable":true,"href":"https:\/\/worldsofmagic.net\/fr\/wp-json\/wp\/v2\/media\/1987"}],"wp:attachment":[{"href":"https:\/\/worldsofmagic.net\/fr\/wp-json\/wp\/v2\/media?parent=1986"}],"wp:term":[{"taxonomy":"product_cat","embeddable":true,"href":"https:\/\/worldsofmagic.net\/fr\/wp-json\/wp\/v2\/product_cat?post=1986"},{"taxonomy":"product_tag","embeddable":true,"href":"https:\/\/worldsofmagic.net\/fr\/wp-json\/wp\/v2\/product_tag?post=1986"}],"curies":[{"name":"wp","href":"https:\/\/api.w.org\/{rel}","templated":true}]}}