{"id":1990,"date":"2024-11-02T13:38:00","date_gmt":"2024-11-02T13:38:00","guid":{"rendered":"https:\/\/worldsofmagic.net\/?post_type=product&#038;p=1990"},"modified":"2025-04-27T13:49:58","modified_gmt":"2025-04-27T13:49:58","slug":"zendikar-rising-prerelease-pack","status":"publish","type":"product","link":"https:\/\/worldsofmagic.net\/fr\/produit\/zendikar-rising-prerelease-pack\/","title":{"rendered":"Renaissance de Zendikar - Pack d'avant-premiere \ud83c\uddec\ud83c\udde7"},"content":{"rendered":"<ul class=\"a-unordered-list a-vertical a-spacing-mini\">\n<li class=\"a-spacing-mini\"><span class=\"a-list-item\">Rejoignez Jace, Nariri, Nissa et bien d&#039;autres dans Zendikar ; un monde dangereux de risques mortels o\u00f9 de courageux aventuriers de l&#039;apr\u00e8s Edlrazi plongent dans des ruines antiques \u00e0 la recherche de r\u00e9compenses inestimables !<\/span><\/li>\n<li class=\"a-spacing-mini\"><span class=\"a-list-item\">Zendikar est un monde dangereux aux risques mortels o\u00f9 de courageux aventuriers de l&#039;apr\u00e8s Edlrazi se plongent dans des ruines antiques \u00e0 la recherche de r\u00e9compenses inestimables !<\/span><\/li>\n<li class=\"a-spacing-mini\"><span class=\"a-list-item\">Chaque kit de pr\u00e9-version contient : 6 boosters, 1 carte foil, 1 d\u00e9, 1 carte de code Arena.<\/span><\/li>\n<\/ul>","protected":false},"excerpt":{"rendered":"<p>Rejoignez Jace, Nariri, Nissa et bien d&#039;autres dans Zendikar, un monde dangereux et p\u00e9rilleux o\u00f9 de courageux aventuriers, apr\u00e8s la chute d&#039;Edlrazi, explorent des ruines antiques \u00e0 la recherche de r\u00e9compenses inestimables\u00a0! Zendikar est un monde dangereux et p\u00e9rilleux o\u00f9 de courageux aventuriers, apr\u00e8s la chute d&#039;Edlrazi, explorent des ruines antiques \u00e0 la recherche de r\u00e9compenses inestimables\u00a0! Chaque [\u2026]<\/p>","protected":false},"featured_media":1991,"comment_status":"open","ping_status":"closed","template":"","meta":[],"product_cat":[96,21,36],"product_tag":[],"class_list":{"0":"post-1990","1":"product","2":"type-product","3":"status-publish","4":"has-post-thumbnail","6":"product_cat-english-prerelease-packs","7":"product_cat-magic-the-gathering","8":"product_cat-prerelease-packs","9":"pa_language-english","10":"pa_mtg-edition-other","12":"first","13":"instock","14":"purchasable","15":"product-type-simple"},"yoast_head":"<!-- This site is optimized with the Yoast SEO plugin v23.6 - https:\/\/yoast.com\/wordpress\/plugins\/seo\/ -->\n<title>\ud83c\uddec\ud83c\udde7Zendikar Rising: Prerelease Pack - Worlds Of Magic<\/title>\n<meta name=\"robots\" content=\"index, follow, max-snippet:-1, max-image-preview:large, max-video-preview:-1\" \/>\n<link rel=\"canonical\" href=\"https:\/\/worldsofmagic.net\/fr\/produit\/zendikar-rising-prerelease-pack\/\" \/>\n<meta property=\"og:locale\" content=\"fr_FR\" \/>\n<meta property=\"og:type\" content=\"article\" \/>\n<meta property=\"og:title\" content=\"\ud83c\uddec\ud83c\udde7Zendikar Rising: Prerelease Pack - Worlds Of Magic\" \/>\n<meta property=\"og:description\" content=\"Join Jace, Nariri, Nissa and more in Zendikar; a dangerous world of lethal risks where brave adventurers in the Edlrazi aftermath delve into ancient ruins in search of priceless rewards! Zendikar is a dangerous world of lethal risks where brave adventurers in the Edlrazi aftermath delve to ancient ruins in search of priceless rewards! Each [&hellip;]\" \/>\n<meta property=\"og:url\" content=\"https:\/\/worldsofmagic.net\/fr\/produit\/zendikar-rising-prerelease-pack\/\" \/>\n<meta property=\"og:site_name\" content=\"Worlds Of Magic\" \/>\n<meta property=\"article:modified_time\" content=\"2025-04-27T13:49:58+00:00\" \/>\n<meta property=\"og:image\" content=\"https:\/\/worldsofmagic.net\/wp-content\/uploads\/2024\/11\/486964.png\" \/>\n\t<meta property=\"og:image:width\" content=\"300\" \/>\n\t<meta property=\"og:image:height\" content=\"300\" \/>\n\t<meta property=\"og:image:type\" content=\"image\/png\" \/>\n<meta name=\"twitter:card\" content=\"summary_large_image\" \/>\n<meta name=\"twitter:label1\" content=\"Dur\u00e9e de lecture estim\u00e9e\" \/>\n\t<meta name=\"twitter:data1\" content=\"1 minute\" \/>\n<script type=\"application\/ld+json\" class=\"yoast-schema-graph\">{\"@context\":\"https:\/\/schema.org\",\"@graph\":[{\"@type\":\"WebPage\",\"@id\":\"https:\/\/worldsofmagic.net\/product\/zendikar-rising-prerelease-pack\/\",\"url\":\"https:\/\/worldsofmagic.net\/product\/zendikar-rising-prerelease-pack\/\",\"name\":\"\ud83c\uddec\ud83c\udde7Zendikar Rising: Prerelease Pack - Worlds Of Magic\",\"isPartOf\":{\"@id\":\"https:\/\/worldsofmagic.net\/#website\"},\"primaryImageOfPage\":{\"@id\":\"https:\/\/worldsofmagic.net\/product\/zendikar-rising-prerelease-pack\/#primaryimage\"},\"image\":{\"@id\":\"https:\/\/worldsofmagic.net\/product\/zendikar-rising-prerelease-pack\/#primaryimage\"},\"thumbnailUrl\":\"https:\/\/worldsofmagic.net\/wp-content\/uploads\/2024\/11\/486964.png\",\"datePublished\":\"2024-11-02T13:38:00+00:00\",\"dateModified\":\"2025-04-27T13:49:58+00:00\",\"breadcrumb\":{\"@id\":\"https:\/\/worldsofmagic.net\/product\/zendikar-rising-prerelease-pack\/#breadcrumb\"},\"inLanguage\":\"fr-FR\",\"potentialAction\":[{\"@type\":\"ReadAction\",\"target\":[\"https:\/\/worldsofmagic.net\/product\/zendikar-rising-prerelease-pack\/\"]}]},{\"@type\":\"ImageObject\",\"inLanguage\":\"fr-FR\",\"@id\":\"https:\/\/worldsofmagic.net\/product\/zendikar-rising-prerelease-pack\/#primaryimage\",\"url\":\"https:\/\/worldsofmagic.net\/wp-content\/uploads\/2024\/11\/486964.png\",\"contentUrl\":\"https:\/\/worldsofmagic.net\/wp-content\/uploads\/2024\/11\/486964.png\",\"width\":300,\"height\":300},{\"@type\":\"BreadcrumbList\",\"@id\":\"https:\/\/worldsofmagic.net\/product\/zendikar-rising-prerelease-pack\/#breadcrumb\",\"itemListElement\":[{\"@type\":\"ListItem\",\"position\":1,\"name\":\"Accueil\",\"item\":\"https:\/\/worldsofmagic.net\/\"},{\"@type\":\"ListItem\",\"position\":2,\"name\":\"Shop\",\"item\":\"https:\/\/worldsofmagic.net\/shop\/\"},{\"@type\":\"ListItem\",\"position\":3,\"name\":\"\ud83c\uddec\ud83c\udde7Zendikar Rising: Prerelease Pack\"}]},{\"@type\":\"WebSite\",\"@id\":\"https:\/\/worldsofmagic.net\/#website\",\"url\":\"https:\/\/worldsofmagic.net\/\",\"name\":\"Worlds Of Magic\",\"description\":\"\",\"publisher\":{\"@id\":\"https:\/\/worldsofmagic.net\/#organization\"},\"potentialAction\":[{\"@type\":\"SearchAction\",\"target\":{\"@type\":\"EntryPoint\",\"urlTemplate\":\"https:\/\/worldsofmagic.net\/?s={search_term_string}\"},\"query-input\":{\"@type\":\"PropertyValueSpecification\",\"valueRequired\":true,\"valueName\":\"search_term_string\"}}],\"inLanguage\":\"fr-FR\"},{\"@type\":\"Organization\",\"@id\":\"https:\/\/worldsofmagic.net\/#organization\",\"name\":\"Worlds Of Magic\",\"alternateName\":\"Worlds Of Magic\",\"url\":\"https:\/\/worldsofmagic.net\/\",\"logo\":{\"@type\":\"ImageObject\",\"inLanguage\":\"fr-FR\",\"@id\":\"https:\/\/worldsofmagic.net\/#\/schema\/logo\/image\/\",\"url\":\"https:\/\/worldsofmagic.net\/wp-content\/uploads\/2024\/07\/image.png\",\"contentUrl\":\"https:\/\/worldsofmagic.net\/wp-content\/uploads\/2024\/07\/image.png\",\"width\":1072,\"height\":341,\"caption\":\"Worlds Of Magic\"},\"image\":{\"@id\":\"https:\/\/worldsofmagic.net\/#\/schema\/logo\/image\/\"}}]}<\/script>\n<!-- \/ Yoast SEO plugin. -->","yoast_head_json":{"title":"\ud83c\uddec\ud83c\udde7Zendikar Rising: Prerelease Pack - Worlds Of Magic","robots":{"index":"index","follow":"follow","max-snippet":"max-snippet:-1","max-image-preview":"max-image-preview:large","max-video-preview":"max-video-preview:-1"},"canonical":"https:\/\/worldsofmagic.net\/fr\/produit\/zendikar-rising-prerelease-pack\/","og_locale":"fr_FR","og_type":"article","og_title":"\ud83c\uddec\ud83c\udde7Zendikar Rising: Prerelease Pack - Worlds Of Magic","og_description":"Join Jace, Nariri, Nissa and more in Zendikar; a dangerous world of lethal risks where brave adventurers in the Edlrazi aftermath delve into ancient ruins in search of priceless rewards! Zendikar is a dangerous world of lethal risks where brave adventurers in the Edlrazi aftermath delve to ancient ruins in search of priceless rewards! Each [&hellip;]","og_url":"https:\/\/worldsofmagic.net\/fr\/produit\/zendikar-rising-prerelease-pack\/","og_site_name":"Worlds Of Magic","article_modified_time":"2025-04-27T13:49:58+00:00","og_image":[{"width":300,"height":300,"url":"https:\/\/worldsofmagic.net\/wp-content\/uploads\/2024\/11\/486964.png","type":"image\/png"}],"twitter_card":"summary_large_image","twitter_misc":{"Dur\u00e9e de lecture estim\u00e9e":"1 minute"},"schema":{"@context":"https:\/\/schema.org","@graph":[{"@type":"WebPage","@id":"https:\/\/worldsofmagic.net\/product\/zendikar-rising-prerelease-pack\/","url":"https:\/\/worldsofmagic.net\/product\/zendikar-rising-prerelease-pack\/","name":"\ud83c\uddec\ud83c\udde7Zendikar Rising: Prerelease Pack - Worlds Of Magic","isPartOf":{"@id":"https:\/\/worldsofmagic.net\/#website"},"primaryImageOfPage":{"@id":"https:\/\/worldsofmagic.net\/product\/zendikar-rising-prerelease-pack\/#primaryimage"},"image":{"@id":"https:\/\/worldsofmagic.net\/product\/zendikar-rising-prerelease-pack\/#primaryimage"},"thumbnailUrl":"https:\/\/worldsofmagic.net\/wp-content\/uploads\/2024\/11\/486964.png","datePublished":"2024-11-02T13:38:00+00:00","dateModified":"2025-04-27T13:49:58+00:00","breadcrumb":{"@id":"https:\/\/worldsofmagic.net\/product\/zendikar-rising-prerelease-pack\/#breadcrumb"},"inLanguage":"fr-FR","potentialAction":[{"@type":"ReadAction","target":["https:\/\/worldsofmagic.net\/product\/zendikar-rising-prerelease-pack\/"]}]},{"@type":"ImageObject","inLanguage":"fr-FR","@id":"https:\/\/worldsofmagic.net\/product\/zendikar-rising-prerelease-pack\/#primaryimage","url":"https:\/\/worldsofmagic.net\/wp-content\/uploads\/2024\/11\/486964.png","contentUrl":"https:\/\/worldsofmagic.net\/wp-content\/uploads\/2024\/11\/486964.png","width":300,"height":300},{"@type":"BreadcrumbList","@id":"https:\/\/worldsofmagic.net\/product\/zendikar-rising-prerelease-pack\/#breadcrumb","itemListElement":[{"@type":"ListItem","position":1,"name":"Accueil","item":"https:\/\/worldsofmagic.net\/"},{"@type":"ListItem","position":2,"name":"Shop","item":"https:\/\/worldsofmagic.net\/shop\/"},{"@type":"ListItem","position":3,"name":"\ud83c\uddec\ud83c\udde7Zendikar Rising: Prerelease Pack"}]},{"@type":"WebSite","@id":"https:\/\/worldsofmagic.net\/#website","url":"https:\/\/worldsofmagic.net\/","name":"Worlds Of Magic","description":"","publisher":{"@id":"https:\/\/worldsofmagic.net\/#organization"},"potentialAction":[{"@type":"SearchAction","target":{"@type":"EntryPoint","urlTemplate":"https:\/\/worldsofmagic.net\/?s={search_term_string}"},"query-input":{"@type":"PropertyValueSpecification","valueRequired":true,"valueName":"search_term_string"}}],"inLanguage":"fr-FR"},{"@type":"Organization","@id":"https:\/\/worldsofmagic.net\/#organization","name":"Worlds Of Magic","alternateName":"Worlds Of Magic","url":"https:\/\/worldsofmagic.net\/","logo":{"@type":"ImageObject","inLanguage":"fr-FR","@id":"https:\/\/worldsofmagic.net\/#\/schema\/logo\/image\/","url":"https:\/\/worldsofmagic.net\/wp-content\/uploads\/2024\/07\/image.png","contentUrl":"https:\/\/worldsofmagic.net\/wp-content\/uploads\/2024\/07\/image.png","width":1072,"height":341,"caption":"Worlds Of Magic"},"image":{"@id":"https:\/\/worldsofmagic.net\/#\/schema\/logo\/image\/"}}]}},"jetpack_sharing_enabled":true,"_links":{"self":[{"href":"https:\/\/worldsofmagic.net\/fr\/wp-json\/wp\/v2\/product\/1990"}],"collection":[{"href":"https:\/\/worldsofmagic.net\/fr\/wp-json\/wp\/v2\/product"}],"about":[{"href":"https:\/\/worldsofmagic.net\/fr\/wp-json\/wp\/v2\/types\/product"}],"replies":[{"embeddable":true,"href":"https:\/\/worldsofmagic.net\/fr\/wp-json\/wp\/v2\/comments?post=1990"}],"wp:featuredmedia":[{"embeddable":true,"href":"https:\/\/worldsofmagic.net\/fr\/wp-json\/wp\/v2\/media\/1991"}],"wp:attachment":[{"href":"https:\/\/worldsofmagic.net\/fr\/wp-json\/wp\/v2\/media?parent=1990"}],"wp:term":[{"taxonomy":"product_cat","embeddable":true,"href":"https:\/\/worldsofmagic.net\/fr\/wp-json\/wp\/v2\/product_cat?post=1990"},{"taxonomy":"product_tag","embeddable":true,"href":"https:\/\/worldsofmagic.net\/fr\/wp-json\/wp\/v2\/product_tag?post=1990"}],"curies":[{"name":"wp","href":"https:\/\/api.w.org\/{rel}","templated":true}]}}