{"id":2004,"date":"2024-11-02T14:12:18","date_gmt":"2024-11-02T14:12:18","guid":{"rendered":"https:\/\/worldsofmagic.net\/?post_type=product&#038;p=2004"},"modified":"2024-11-02T14:13:00","modified_gmt":"2024-11-02T14:13:00","slug":"bloomburrow-zipfolio-xenoskin-season-of-weaving-9-pocket-binder","status":"publish","type":"product","link":"https:\/\/worldsofmagic.net\/fr\/produit\/bloomburrow-zipfolio-xenoskin-season-of-weaving-9-pocket-binder\/","title":{"rendered":"Bloomburrow : Classeur Zipfolio XenoSkin \u00ab Saison du tissage \u00bb \u00e0 9 pochettes"},"content":{"rendered":"<p>\u2013 Pages de poche sans acide ni PVC<br \/>\n\u2013 Con\u00e7u pour les cartes \u00e0 double pochette<br \/>\n\u2013 Fermeture \u00e0 glissi\u00e8re<br \/>\n\u2013 Mat\u00e9riau Xenoskin r\u00e9sistant<br \/>\n\u2013 Conception \u00e0 chargement lat\u00e9ral sans tracas<br \/>\n\u2013 Illustration sous licence officielle Magic: The Gathering<br \/>\n\u2013 Dimensions : 260 \u00d7 25 \u00d7 354 mm<\/p>\n<hr \/>\n<p>Les albums de collection Zipfolio 360 Xenoskin, avec des illustrations sous licence officielle de Magic: The Gathering, donnent vie aux histoires fantastiques de Bloomburrow. Le Zipfolio 360 Xenoskin est un classeur de cartes \u00e0 collectionner haut de gamme avec 20 pages noires \u00e0 18 poches. Les 360 compartiments ont une conception pratique \u00e0 chargement lat\u00e9ral et sont de la taille parfaite pour les cartes \u00e0 double pochette. L&#039;ext\u00e9rieur du Zipfolio est fait de mat\u00e9riau Xenoskin durable et peut \u00eatre ferm\u00e9 compl\u00e8tement et en toute s\u00e9curit\u00e9 avec une fermeture \u00e9clair.<\/p>","protected":false},"excerpt":{"rendered":"<p>\u2013 Pages de poche sans acide ni PVC \u2013 Con\u00e7u pour les cartes \u00e0 double pochette \u2013 Fermeture \u00e0 glissi\u00e8re \u2013 Mat\u00e9riau Xenoskin r\u00e9sistant \u2013 Conception \u00e0 chargement lat\u00e9ral sans tracas \u2013 Illustration Magic: The Gathering sous licence officielle \u2013 Dimensions : 260 \u00d7 25 \u00d7 354 mm Les albums de collection Zipfolio 360 Xenoskin pr\u00e9sentant des illustrations Magic: The Gathering sous licence officielle racontent les histoires fantastiques de Bloomburrow [\u2026]<\/p>","protected":false},"featured_media":2005,"comment_status":"open","ping_status":"closed","template":"","meta":[],"product_cat":[42,54],"product_tag":[],"class_list":{"0":"post-2004","1":"product","2":"type-product","3":"status-publish","4":"has-post-thumbnail","6":"product_cat-accesories","7":"product_cat-binder","9":"first","10":"instock","11":"purchasable","12":"product-type-simple"},"yoast_head":"<!-- This site is optimized with the Yoast SEO plugin v23.6 - https:\/\/yoast.com\/wordpress\/plugins\/seo\/ -->\n<title>Bloomburrow: Zipfolio XenoSkin &quot;Season of Weaving&quot; 9-Pocket Binder - Worlds Of Magic<\/title>\n<meta name=\"robots\" content=\"index, follow, max-snippet:-1, max-image-preview:large, max-video-preview:-1\" \/>\n<link rel=\"canonical\" href=\"https:\/\/worldsofmagic.net\/fr\/produit\/bloomburrow-zipfolio-xenoskin-season-of-weaving-9-pocket-binder\/\" \/>\n<meta property=\"og:locale\" content=\"fr_FR\" \/>\n<meta property=\"og:type\" content=\"article\" \/>\n<meta property=\"og:title\" content=\"Bloomburrow: Zipfolio XenoSkin &quot;Season of Weaving&quot; 9-Pocket Binder - Worlds Of Magic\" \/>\n<meta property=\"og:description\" content=\"&#8211; Acid and PVC free Pocket-Pages &#8211; Designed for double-sleeved cards &#8211; Zipper closure &#8211; Resistant Xenoskin material &#8211; Hassle-free side-loading design &#8211; Officially licensed Magic: The Gathering artwork &#8211; Dimensions: 260 \u00d7 25 \u00d7 354 mm The\u00a0Zipfolio 360 Xenoskin collectors albums featuring officially licensed Magic: The Gathering artworks bring the fantastic stories of Bloomburrow [&hellip;]\" \/>\n<meta property=\"og:url\" content=\"https:\/\/worldsofmagic.net\/fr\/produit\/bloomburrow-zipfolio-xenoskin-season-of-weaving-9-pocket-binder\/\" \/>\n<meta property=\"og:site_name\" content=\"Worlds Of Magic\" \/>\n<meta property=\"article:modified_time\" content=\"2024-11-02T14:13:00+00:00\" \/>\n<meta property=\"og:image\" content=\"https:\/\/worldsofmagic.net\/wp-content\/uploads\/2024\/11\/780871.png\" \/>\n\t<meta property=\"og:image:width\" content=\"300\" \/>\n\t<meta property=\"og:image:height\" content=\"300\" \/>\n\t<meta property=\"og:image:type\" content=\"image\/png\" \/>\n<meta name=\"twitter:card\" content=\"summary_large_image\" \/>\n<meta name=\"twitter:label1\" content=\"Dur\u00e9e de lecture estim\u00e9e\" \/>\n\t<meta name=\"twitter:data1\" content=\"1 minute\" \/>\n<script type=\"application\/ld+json\" class=\"yoast-schema-graph\">{\"@context\":\"https:\/\/schema.org\",\"@graph\":[{\"@type\":\"WebPage\",\"@id\":\"https:\/\/worldsofmagic.net\/product\/bloomburrow-zipfolio-xenoskin-season-of-weaving-9-pocket-binder\/\",\"url\":\"https:\/\/worldsofmagic.net\/product\/bloomburrow-zipfolio-xenoskin-season-of-weaving-9-pocket-binder\/\",\"name\":\"Bloomburrow: Zipfolio XenoSkin \\\"Season of Weaving\\\" 9-Pocket Binder - Worlds Of Magic\",\"isPartOf\":{\"@id\":\"https:\/\/worldsofmagic.net\/#website\"},\"primaryImageOfPage\":{\"@id\":\"https:\/\/worldsofmagic.net\/product\/bloomburrow-zipfolio-xenoskin-season-of-weaving-9-pocket-binder\/#primaryimage\"},\"image\":{\"@id\":\"https:\/\/worldsofmagic.net\/product\/bloomburrow-zipfolio-xenoskin-season-of-weaving-9-pocket-binder\/#primaryimage\"},\"thumbnailUrl\":\"https:\/\/worldsofmagic.net\/wp-content\/uploads\/2024\/11\/780871.png\",\"datePublished\":\"2024-11-02T14:12:18+00:00\",\"dateModified\":\"2024-11-02T14:13:00+00:00\",\"breadcrumb\":{\"@id\":\"https:\/\/worldsofmagic.net\/product\/bloomburrow-zipfolio-xenoskin-season-of-weaving-9-pocket-binder\/#breadcrumb\"},\"inLanguage\":\"fr-FR\",\"potentialAction\":[{\"@type\":\"ReadAction\",\"target\":[\"https:\/\/worldsofmagic.net\/product\/bloomburrow-zipfolio-xenoskin-season-of-weaving-9-pocket-binder\/\"]}]},{\"@type\":\"ImageObject\",\"inLanguage\":\"fr-FR\",\"@id\":\"https:\/\/worldsofmagic.net\/product\/bloomburrow-zipfolio-xenoskin-season-of-weaving-9-pocket-binder\/#primaryimage\",\"url\":\"https:\/\/worldsofmagic.net\/wp-content\/uploads\/2024\/11\/780871.png\",\"contentUrl\":\"https:\/\/worldsofmagic.net\/wp-content\/uploads\/2024\/11\/780871.png\",\"width\":300,\"height\":300},{\"@type\":\"BreadcrumbList\",\"@id\":\"https:\/\/worldsofmagic.net\/product\/bloomburrow-zipfolio-xenoskin-season-of-weaving-9-pocket-binder\/#breadcrumb\",\"itemListElement\":[{\"@type\":\"ListItem\",\"position\":1,\"name\":\"Accueil\",\"item\":\"https:\/\/worldsofmagic.net\/\"},{\"@type\":\"ListItem\",\"position\":2,\"name\":\"Shop\",\"item\":\"https:\/\/worldsofmagic.net\/shop\/\"},{\"@type\":\"ListItem\",\"position\":3,\"name\":\"Bloomburrow: Zipfolio XenoSkin &#8220;Season of Weaving&#8221; 9-Pocket Binder\"}]},{\"@type\":\"WebSite\",\"@id\":\"https:\/\/worldsofmagic.net\/#website\",\"url\":\"https:\/\/worldsofmagic.net\/\",\"name\":\"Worlds Of Magic\",\"description\":\"\",\"publisher\":{\"@id\":\"https:\/\/worldsofmagic.net\/#organization\"},\"potentialAction\":[{\"@type\":\"SearchAction\",\"target\":{\"@type\":\"EntryPoint\",\"urlTemplate\":\"https:\/\/worldsofmagic.net\/?s={search_term_string}\"},\"query-input\":{\"@type\":\"PropertyValueSpecification\",\"valueRequired\":true,\"valueName\":\"search_term_string\"}}],\"inLanguage\":\"fr-FR\"},{\"@type\":\"Organization\",\"@id\":\"https:\/\/worldsofmagic.net\/#organization\",\"name\":\"Worlds Of Magic\",\"alternateName\":\"Worlds Of Magic\",\"url\":\"https:\/\/worldsofmagic.net\/\",\"logo\":{\"@type\":\"ImageObject\",\"inLanguage\":\"fr-FR\",\"@id\":\"https:\/\/worldsofmagic.net\/#\/schema\/logo\/image\/\",\"url\":\"https:\/\/worldsofmagic.net\/wp-content\/uploads\/2024\/07\/image.png\",\"contentUrl\":\"https:\/\/worldsofmagic.net\/wp-content\/uploads\/2024\/07\/image.png\",\"width\":1072,\"height\":341,\"caption\":\"Worlds Of Magic\"},\"image\":{\"@id\":\"https:\/\/worldsofmagic.net\/#\/schema\/logo\/image\/\"}}]}<\/script>\n<!-- \/ Yoast SEO plugin. -->","yoast_head_json":{"title":"Bloomburrow: Zipfolio XenoSkin \"Season of Weaving\" 9-Pocket Binder - Worlds Of Magic","robots":{"index":"index","follow":"follow","max-snippet":"max-snippet:-1","max-image-preview":"max-image-preview:large","max-video-preview":"max-video-preview:-1"},"canonical":"https:\/\/worldsofmagic.net\/fr\/produit\/bloomburrow-zipfolio-xenoskin-season-of-weaving-9-pocket-binder\/","og_locale":"fr_FR","og_type":"article","og_title":"Bloomburrow: Zipfolio XenoSkin \"Season of Weaving\" 9-Pocket Binder - Worlds Of Magic","og_description":"&#8211; Acid and PVC free Pocket-Pages &#8211; Designed for double-sleeved cards &#8211; Zipper closure &#8211; Resistant Xenoskin material &#8211; Hassle-free side-loading design &#8211; Officially licensed Magic: The Gathering artwork &#8211; Dimensions: 260 \u00d7 25 \u00d7 354 mm The\u00a0Zipfolio 360 Xenoskin collectors albums featuring officially licensed Magic: The Gathering artworks bring the fantastic stories of Bloomburrow [&hellip;]","og_url":"https:\/\/worldsofmagic.net\/fr\/produit\/bloomburrow-zipfolio-xenoskin-season-of-weaving-9-pocket-binder\/","og_site_name":"Worlds Of Magic","article_modified_time":"2024-11-02T14:13:00+00:00","og_image":[{"width":300,"height":300,"url":"https:\/\/worldsofmagic.net\/wp-content\/uploads\/2024\/11\/780871.png","type":"image\/png"}],"twitter_card":"summary_large_image","twitter_misc":{"Dur\u00e9e de lecture estim\u00e9e":"1 minute"},"schema":{"@context":"https:\/\/schema.org","@graph":[{"@type":"WebPage","@id":"https:\/\/worldsofmagic.net\/product\/bloomburrow-zipfolio-xenoskin-season-of-weaving-9-pocket-binder\/","url":"https:\/\/worldsofmagic.net\/product\/bloomburrow-zipfolio-xenoskin-season-of-weaving-9-pocket-binder\/","name":"Bloomburrow: Zipfolio XenoSkin \"Season of Weaving\" 9-Pocket Binder - Worlds Of Magic","isPartOf":{"@id":"https:\/\/worldsofmagic.net\/#website"},"primaryImageOfPage":{"@id":"https:\/\/worldsofmagic.net\/product\/bloomburrow-zipfolio-xenoskin-season-of-weaving-9-pocket-binder\/#primaryimage"},"image":{"@id":"https:\/\/worldsofmagic.net\/product\/bloomburrow-zipfolio-xenoskin-season-of-weaving-9-pocket-binder\/#primaryimage"},"thumbnailUrl":"https:\/\/worldsofmagic.net\/wp-content\/uploads\/2024\/11\/780871.png","datePublished":"2024-11-02T14:12:18+00:00","dateModified":"2024-11-02T14:13:00+00:00","breadcrumb":{"@id":"https:\/\/worldsofmagic.net\/product\/bloomburrow-zipfolio-xenoskin-season-of-weaving-9-pocket-binder\/#breadcrumb"},"inLanguage":"fr-FR","potentialAction":[{"@type":"ReadAction","target":["https:\/\/worldsofmagic.net\/product\/bloomburrow-zipfolio-xenoskin-season-of-weaving-9-pocket-binder\/"]}]},{"@type":"ImageObject","inLanguage":"fr-FR","@id":"https:\/\/worldsofmagic.net\/product\/bloomburrow-zipfolio-xenoskin-season-of-weaving-9-pocket-binder\/#primaryimage","url":"https:\/\/worldsofmagic.net\/wp-content\/uploads\/2024\/11\/780871.png","contentUrl":"https:\/\/worldsofmagic.net\/wp-content\/uploads\/2024\/11\/780871.png","width":300,"height":300},{"@type":"BreadcrumbList","@id":"https:\/\/worldsofmagic.net\/product\/bloomburrow-zipfolio-xenoskin-season-of-weaving-9-pocket-binder\/#breadcrumb","itemListElement":[{"@type":"ListItem","position":1,"name":"Accueil","item":"https:\/\/worldsofmagic.net\/"},{"@type":"ListItem","position":2,"name":"Shop","item":"https:\/\/worldsofmagic.net\/shop\/"},{"@type":"ListItem","position":3,"name":"Bloomburrow: Zipfolio XenoSkin &#8220;Season of Weaving&#8221; 9-Pocket Binder"}]},{"@type":"WebSite","@id":"https:\/\/worldsofmagic.net\/#website","url":"https:\/\/worldsofmagic.net\/","name":"Worlds Of Magic","description":"","publisher":{"@id":"https:\/\/worldsofmagic.net\/#organization"},"potentialAction":[{"@type":"SearchAction","target":{"@type":"EntryPoint","urlTemplate":"https:\/\/worldsofmagic.net\/?s={search_term_string}"},"query-input":{"@type":"PropertyValueSpecification","valueRequired":true,"valueName":"search_term_string"}}],"inLanguage":"fr-FR"},{"@type":"Organization","@id":"https:\/\/worldsofmagic.net\/#organization","name":"Worlds Of Magic","alternateName":"Worlds Of Magic","url":"https:\/\/worldsofmagic.net\/","logo":{"@type":"ImageObject","inLanguage":"fr-FR","@id":"https:\/\/worldsofmagic.net\/#\/schema\/logo\/image\/","url":"https:\/\/worldsofmagic.net\/wp-content\/uploads\/2024\/07\/image.png","contentUrl":"https:\/\/worldsofmagic.net\/wp-content\/uploads\/2024\/07\/image.png","width":1072,"height":341,"caption":"Worlds Of Magic"},"image":{"@id":"https:\/\/worldsofmagic.net\/#\/schema\/logo\/image\/"}}]}},"jetpack_sharing_enabled":true,"_links":{"self":[{"href":"https:\/\/worldsofmagic.net\/fr\/wp-json\/wp\/v2\/product\/2004"}],"collection":[{"href":"https:\/\/worldsofmagic.net\/fr\/wp-json\/wp\/v2\/product"}],"about":[{"href":"https:\/\/worldsofmagic.net\/fr\/wp-json\/wp\/v2\/types\/product"}],"replies":[{"embeddable":true,"href":"https:\/\/worldsofmagic.net\/fr\/wp-json\/wp\/v2\/comments?post=2004"}],"wp:featuredmedia":[{"embeddable":true,"href":"https:\/\/worldsofmagic.net\/fr\/wp-json\/wp\/v2\/media\/2005"}],"wp:attachment":[{"href":"https:\/\/worldsofmagic.net\/fr\/wp-json\/wp\/v2\/media?parent=2004"}],"wp:term":[{"taxonomy":"product_cat","embeddable":true,"href":"https:\/\/worldsofmagic.net\/fr\/wp-json\/wp\/v2\/product_cat?post=2004"},{"taxonomy":"product_tag","embeddable":true,"href":"https:\/\/worldsofmagic.net\/fr\/wp-json\/wp\/v2\/product_tag?post=2004"}],"curies":[{"name":"wp","href":"https:\/\/api.w.org\/{rel}","templated":true}]}}