{"id":2018,"date":"2024-11-02T16:40:10","date_gmt":"2024-11-02T16:40:10","guid":{"rendered":"https:\/\/worldsofmagic.net\/?post_type=product&#038;p=2018"},"modified":"2025-05-21T15:21:49","modified_gmt":"2025-05-21T15:21:49","slug":"modern-horizons-3-fat-pack-bundle","status":"publish","type":"product","link":"https:\/\/worldsofmagic.net\/fr\/produit\/modern-horizons-3-fat-pack-bundle\/","title":{"rendered":"Bundle Fat Pack Horizon du Modern 3\ud83c\uddec\ud83c\udde7"},"content":{"rendered":"<h3>\u00c0 propos de l&#039;ensemble Horizons Modernes 3<\/h3>\n<p>Modern Horizons 3 suit les traces des deux \u00e9ditions pr\u00e9c\u00e9dentes, avec l&#039;ambition de bousculer une fois de plus le format Modern. Cette \u00e9dition propose de toutes nouvelles cartes qui rejoignent directement le format, ainsi que des r\u00e9impressions de cartes plus anciennes qui deviennent l\u00e9gales en Modern. Modern Horizons 3 r\u00e9imprime \u00e9galement des cartes embl\u00e9matiques du format Modern, notamment les c\u00e9l\u00e8bres Fetchlands aux couleurs alli\u00e9es !<\/p>\n<p>Red\u00e9finissez votre fa\u00e7on de jouer au Modern, obtenez de nouvelles cartes puissantes et des r\u00e9impressions embl\u00e9matiques pour vos decks Modern et Commander, ainsi que des versions alternatives incroyables, le tout dans une \u00e9dition \u00e9galement con\u00e7ue pour le draft et les decks scell\u00e9s. Modern Horizons 3 a quelque chose \u00e0 offrir \u00e0 tous les passionn\u00e9s de Magic\u00a0!<\/p>\n<p>Il contient\u00a0<strong>9 boosters de jeu<\/strong>,<strong>\u00a01 carte promotionnelle en aluminium<\/strong>\u00a0et\u00a0<strong>1 bo\u00eete de rangement<\/strong>\u00a0pour vos cartes. En plus de cela, ajoutez\u00a0<strong>30 terrains de base,\u00a0<\/strong>15 d&#039;entre eux en aluminium, pour vos decks et\u00a0<strong>1 compteur de vie Spindown<\/strong>\u00a0et vous \u00eates pr\u00eat \u00e0 jouer !<\/p>\n<p><strong>Jouer aux boosters<\/strong>\u00a0combine la jouabilit\u00e9 des boosters de draft et l&#039;exp\u00e9rience d&#039;ouverture amusante des boosters de set. Il remplace ces deux types de boosters.<\/p>\n<h3>Chaque Play Booster Modern Horizons 3 en fran\u00e7ais contient :<\/h3>\n<ul>\n<li>1 Rare ou Mythique Rare<\/li>\n<li>1 carte nouvelle-moderne (Unco, Rare ou Mythic Rare)<\/li>\n<li>1 carte d&#039;une raret\u00e9 al\u00e9atoire (commune, peu commune, rare ou rare mythique)<\/li>\n<li>1 carte Foil d&#039;une raret\u00e9 al\u00e9atoire (Commune, Unco, Rare ou Mythic Rare)<\/li>\n<li>6 Communes<\/li>\n<li>3 Uncos<\/li>\n<li>1 carte terrain commune ou basique<\/li>\n<\/ul>\n<div>Une carte Collector (borderless, showcase ou r\u00e9tro) peut parfois remplacer une carte de m\u00eame raret\u00e9 !<\/div>\n<div><\/div>\n<div>Une carte de la s\u00e9rie Special Guests remplace une carte commune dans environ 1 Play Booster sur 64\u00a0!<\/div>\n<p>&nbsp;<\/p>","protected":false},"excerpt":{"rendered":"<p>\u00c0 propos du set Modern Horizons 3 Modern Horizons 3 suit les traces des deux \u00e9ditions pr\u00e9c\u00e9dentes, avec l\u2019ambition de bousculer une fois de plus le format Modern. Cette \u00e9dition propose de toutes nouvelles cartes qui rejoignent directement le format, ainsi que des r\u00e9impressions de cartes plus anciennes qui deviennent l\u00e9gales en Modern. Modern Horizons 3 r\u00e9\u00e9dite \u00e9galement [\u2026]<\/p>","protected":false},"featured_media":2019,"comment_status":"open","ping_status":"closed","template":"","meta":[],"product_cat":[29,91,21],"product_tag":[],"class_list":{"0":"post-2018","1":"product","2":"type-product","3":"status-publish","4":"has-post-thumbnail","6":"product_cat-bundles","7":"product_cat-english-bundles","8":"product_cat-magic-the-gathering","9":"pa_language-english","10":"pa_mtg-edition-modern-horizons-3","12":"first","13":"instock","14":"purchasable","15":"product-type-simple"},"yoast_head":"<!-- This site is optimized with the Yoast SEO plugin v23.6 - https:\/\/yoast.com\/wordpress\/plugins\/seo\/ -->\n<title>\ud83c\uddec\ud83c\udde7Modern Horizons 3 Fat Pack Bundle - Worlds Of Magic<\/title>\n<meta name=\"robots\" content=\"index, follow, max-snippet:-1, max-image-preview:large, max-video-preview:-1\" \/>\n<link rel=\"canonical\" href=\"https:\/\/worldsofmagic.net\/fr\/produit\/modern-horizons-3-fat-pack-bundle\/\" \/>\n<meta property=\"og:locale\" content=\"fr_FR\" \/>\n<meta property=\"og:type\" content=\"article\" \/>\n<meta property=\"og:title\" content=\"\ud83c\uddec\ud83c\udde7Modern Horizons 3 Fat Pack Bundle - Worlds Of Magic\" \/>\n<meta property=\"og:description\" content=\"About the set Modern Horizons 3 Modern Horizons 3 follows in the footsteps of the previous two editions, with the ambition of once again shaking the Modern format. This edition features brand-new cards that directly join the format, as well as reprints of older cards which become legal in Modern. Modern Horizons 3 also reprints [&hellip;]\" \/>\n<meta property=\"og:url\" content=\"https:\/\/worldsofmagic.net\/fr\/produit\/modern-horizons-3-fat-pack-bundle\/\" \/>\n<meta property=\"og:site_name\" content=\"Worlds Of Magic\" \/>\n<meta property=\"article:modified_time\" content=\"2025-05-21T15:21:49+00:00\" \/>\n<meta property=\"og:image\" content=\"https:\/\/worldsofmagic.net\/wp-content\/uploads\/2024\/11\/758484.png\" \/>\n\t<meta property=\"og:image:width\" content=\"300\" \/>\n\t<meta property=\"og:image:height\" content=\"300\" \/>\n\t<meta property=\"og:image:type\" content=\"image\/png\" \/>\n<meta name=\"twitter:card\" content=\"summary_large_image\" \/>\n<meta name=\"twitter:label1\" content=\"Dur\u00e9e de lecture estim\u00e9e\" \/>\n\t<meta name=\"twitter:data1\" content=\"2 minutes\" \/>\n<script type=\"application\/ld+json\" class=\"yoast-schema-graph\">{\"@context\":\"https:\/\/schema.org\",\"@graph\":[{\"@type\":\"WebPage\",\"@id\":\"https:\/\/worldsofmagic.net\/product\/modern-horizons-3-fat-pack-bundle\/\",\"url\":\"https:\/\/worldsofmagic.net\/product\/modern-horizons-3-fat-pack-bundle\/\",\"name\":\"\ud83c\uddec\ud83c\udde7Modern Horizons 3 Fat Pack Bundle - Worlds Of Magic\",\"isPartOf\":{\"@id\":\"https:\/\/worldsofmagic.net\/#website\"},\"primaryImageOfPage\":{\"@id\":\"https:\/\/worldsofmagic.net\/product\/modern-horizons-3-fat-pack-bundle\/#primaryimage\"},\"image\":{\"@id\":\"https:\/\/worldsofmagic.net\/product\/modern-horizons-3-fat-pack-bundle\/#primaryimage\"},\"thumbnailUrl\":\"https:\/\/worldsofmagic.net\/wp-content\/uploads\/2024\/11\/758484.png\",\"datePublished\":\"2024-11-02T16:40:10+00:00\",\"dateModified\":\"2025-05-21T15:21:49+00:00\",\"breadcrumb\":{\"@id\":\"https:\/\/worldsofmagic.net\/product\/modern-horizons-3-fat-pack-bundle\/#breadcrumb\"},\"inLanguage\":\"fr-FR\",\"potentialAction\":[{\"@type\":\"ReadAction\",\"target\":[\"https:\/\/worldsofmagic.net\/product\/modern-horizons-3-fat-pack-bundle\/\"]}]},{\"@type\":\"ImageObject\",\"inLanguage\":\"fr-FR\",\"@id\":\"https:\/\/worldsofmagic.net\/product\/modern-horizons-3-fat-pack-bundle\/#primaryimage\",\"url\":\"https:\/\/worldsofmagic.net\/wp-content\/uploads\/2024\/11\/758484.png\",\"contentUrl\":\"https:\/\/worldsofmagic.net\/wp-content\/uploads\/2024\/11\/758484.png\",\"width\":300,\"height\":300},{\"@type\":\"BreadcrumbList\",\"@id\":\"https:\/\/worldsofmagic.net\/product\/modern-horizons-3-fat-pack-bundle\/#breadcrumb\",\"itemListElement\":[{\"@type\":\"ListItem\",\"position\":1,\"name\":\"Accueil\",\"item\":\"https:\/\/worldsofmagic.net\/\"},{\"@type\":\"ListItem\",\"position\":2,\"name\":\"Shop\",\"item\":\"https:\/\/worldsofmagic.net\/shop\/\"},{\"@type\":\"ListItem\",\"position\":3,\"name\":\"\ud83c\uddec\ud83c\udde7Modern Horizons 3 Fat Pack Bundle\"}]},{\"@type\":\"WebSite\",\"@id\":\"https:\/\/worldsofmagic.net\/#website\",\"url\":\"https:\/\/worldsofmagic.net\/\",\"name\":\"Worlds Of Magic\",\"description\":\"\",\"publisher\":{\"@id\":\"https:\/\/worldsofmagic.net\/#organization\"},\"potentialAction\":[{\"@type\":\"SearchAction\",\"target\":{\"@type\":\"EntryPoint\",\"urlTemplate\":\"https:\/\/worldsofmagic.net\/?s={search_term_string}\"},\"query-input\":{\"@type\":\"PropertyValueSpecification\",\"valueRequired\":true,\"valueName\":\"search_term_string\"}}],\"inLanguage\":\"fr-FR\"},{\"@type\":\"Organization\",\"@id\":\"https:\/\/worldsofmagic.net\/#organization\",\"name\":\"Worlds Of Magic\",\"alternateName\":\"Worlds Of Magic\",\"url\":\"https:\/\/worldsofmagic.net\/\",\"logo\":{\"@type\":\"ImageObject\",\"inLanguage\":\"fr-FR\",\"@id\":\"https:\/\/worldsofmagic.net\/#\/schema\/logo\/image\/\",\"url\":\"https:\/\/worldsofmagic.net\/wp-content\/uploads\/2024\/07\/image.png\",\"contentUrl\":\"https:\/\/worldsofmagic.net\/wp-content\/uploads\/2024\/07\/image.png\",\"width\":1072,\"height\":341,\"caption\":\"Worlds Of Magic\"},\"image\":{\"@id\":\"https:\/\/worldsofmagic.net\/#\/schema\/logo\/image\/\"}}]}<\/script>\n<!-- \/ Yoast SEO plugin. -->","yoast_head_json":{"title":"\ud83c\uddec\ud83c\udde7Modern Horizons 3 Fat Pack Bundle - Worlds Of Magic","robots":{"index":"index","follow":"follow","max-snippet":"max-snippet:-1","max-image-preview":"max-image-preview:large","max-video-preview":"max-video-preview:-1"},"canonical":"https:\/\/worldsofmagic.net\/fr\/produit\/modern-horizons-3-fat-pack-bundle\/","og_locale":"fr_FR","og_type":"article","og_title":"\ud83c\uddec\ud83c\udde7Modern Horizons 3 Fat Pack Bundle - Worlds Of Magic","og_description":"About the set Modern Horizons 3 Modern Horizons 3 follows in the footsteps of the previous two editions, with the ambition of once again shaking the Modern format. This edition features brand-new cards that directly join the format, as well as reprints of older cards which become legal in Modern. Modern Horizons 3 also reprints [&hellip;]","og_url":"https:\/\/worldsofmagic.net\/fr\/produit\/modern-horizons-3-fat-pack-bundle\/","og_site_name":"Worlds Of Magic","article_modified_time":"2025-05-21T15:21:49+00:00","og_image":[{"width":300,"height":300,"url":"https:\/\/worldsofmagic.net\/wp-content\/uploads\/2024\/11\/758484.png","type":"image\/png"}],"twitter_card":"summary_large_image","twitter_misc":{"Dur\u00e9e de lecture estim\u00e9e":"2 minutes"},"schema":{"@context":"https:\/\/schema.org","@graph":[{"@type":"WebPage","@id":"https:\/\/worldsofmagic.net\/product\/modern-horizons-3-fat-pack-bundle\/","url":"https:\/\/worldsofmagic.net\/product\/modern-horizons-3-fat-pack-bundle\/","name":"\ud83c\uddec\ud83c\udde7Modern Horizons 3 Fat Pack Bundle - Worlds Of Magic","isPartOf":{"@id":"https:\/\/worldsofmagic.net\/#website"},"primaryImageOfPage":{"@id":"https:\/\/worldsofmagic.net\/product\/modern-horizons-3-fat-pack-bundle\/#primaryimage"},"image":{"@id":"https:\/\/worldsofmagic.net\/product\/modern-horizons-3-fat-pack-bundle\/#primaryimage"},"thumbnailUrl":"https:\/\/worldsofmagic.net\/wp-content\/uploads\/2024\/11\/758484.png","datePublished":"2024-11-02T16:40:10+00:00","dateModified":"2025-05-21T15:21:49+00:00","breadcrumb":{"@id":"https:\/\/worldsofmagic.net\/product\/modern-horizons-3-fat-pack-bundle\/#breadcrumb"},"inLanguage":"fr-FR","potentialAction":[{"@type":"ReadAction","target":["https:\/\/worldsofmagic.net\/product\/modern-horizons-3-fat-pack-bundle\/"]}]},{"@type":"ImageObject","inLanguage":"fr-FR","@id":"https:\/\/worldsofmagic.net\/product\/modern-horizons-3-fat-pack-bundle\/#primaryimage","url":"https:\/\/worldsofmagic.net\/wp-content\/uploads\/2024\/11\/758484.png","contentUrl":"https:\/\/worldsofmagic.net\/wp-content\/uploads\/2024\/11\/758484.png","width":300,"height":300},{"@type":"BreadcrumbList","@id":"https:\/\/worldsofmagic.net\/product\/modern-horizons-3-fat-pack-bundle\/#breadcrumb","itemListElement":[{"@type":"ListItem","position":1,"name":"Accueil","item":"https:\/\/worldsofmagic.net\/"},{"@type":"ListItem","position":2,"name":"Shop","item":"https:\/\/worldsofmagic.net\/shop\/"},{"@type":"ListItem","position":3,"name":"\ud83c\uddec\ud83c\udde7Modern Horizons 3 Fat Pack Bundle"}]},{"@type":"WebSite","@id":"https:\/\/worldsofmagic.net\/#website","url":"https:\/\/worldsofmagic.net\/","name":"Worlds Of Magic","description":"","publisher":{"@id":"https:\/\/worldsofmagic.net\/#organization"},"potentialAction":[{"@type":"SearchAction","target":{"@type":"EntryPoint","urlTemplate":"https:\/\/worldsofmagic.net\/?s={search_term_string}"},"query-input":{"@type":"PropertyValueSpecification","valueRequired":true,"valueName":"search_term_string"}}],"inLanguage":"fr-FR"},{"@type":"Organization","@id":"https:\/\/worldsofmagic.net\/#organization","name":"Worlds Of Magic","alternateName":"Worlds Of Magic","url":"https:\/\/worldsofmagic.net\/","logo":{"@type":"ImageObject","inLanguage":"fr-FR","@id":"https:\/\/worldsofmagic.net\/#\/schema\/logo\/image\/","url":"https:\/\/worldsofmagic.net\/wp-content\/uploads\/2024\/07\/image.png","contentUrl":"https:\/\/worldsofmagic.net\/wp-content\/uploads\/2024\/07\/image.png","width":1072,"height":341,"caption":"Worlds Of Magic"},"image":{"@id":"https:\/\/worldsofmagic.net\/#\/schema\/logo\/image\/"}}]}},"jetpack_sharing_enabled":true,"_links":{"self":[{"href":"https:\/\/worldsofmagic.net\/fr\/wp-json\/wp\/v2\/product\/2018"}],"collection":[{"href":"https:\/\/worldsofmagic.net\/fr\/wp-json\/wp\/v2\/product"}],"about":[{"href":"https:\/\/worldsofmagic.net\/fr\/wp-json\/wp\/v2\/types\/product"}],"replies":[{"embeddable":true,"href":"https:\/\/worldsofmagic.net\/fr\/wp-json\/wp\/v2\/comments?post=2018"}],"wp:featuredmedia":[{"embeddable":true,"href":"https:\/\/worldsofmagic.net\/fr\/wp-json\/wp\/v2\/media\/2019"}],"wp:attachment":[{"href":"https:\/\/worldsofmagic.net\/fr\/wp-json\/wp\/v2\/media?parent=2018"}],"wp:term":[{"taxonomy":"product_cat","embeddable":true,"href":"https:\/\/worldsofmagic.net\/fr\/wp-json\/wp\/v2\/product_cat?post=2018"},{"taxonomy":"product_tag","embeddable":true,"href":"https:\/\/worldsofmagic.net\/fr\/wp-json\/wp\/v2\/product_tag?post=2018"}],"curies":[{"name":"wp","href":"https:\/\/api.w.org\/{rel}","templated":true}]}}