{"id":2020,"date":"2024-11-02T16:43:54","date_gmt":"2024-11-02T16:43:54","guid":{"rendered":"https:\/\/worldsofmagic.net\/?post_type=product&#038;p=2020"},"modified":"2025-10-04T09:14:03","modified_gmt":"2025-10-04T09:14:03","slug":"phyrexia-all-will-be-one-fat-pack-bundle","status":"publish","type":"product","link":"https:\/\/worldsofmagic.net\/fr\/produit\/phyrexia-all-will-be-one-fat-pack-bundle\/","title":{"rendered":"Tous Phyrexians Fat Pack bundle\ud83c\uddec\ud83c\udde7"},"content":{"rendered":"<p>Paquet de Phyrexia : Tous ne seront plus qu&#039;un.<\/p>\n<p>Adorez la gloire et la renomm\u00e9e de Phyrexia. C\u00e9l\u00e9brez Elesh Norn, la \u00ab M\u00e8re des machines \u00bb et la souveraine de ce monde froid. Sous son autorit\u00e9, tout le monde ne fera qu&#039;un, uni dans la perfection ! Mirrodin est tomb\u00e9 le premier, c&#039;est maintenant au tour de Dominaria, puis le reste du Multivers suivra...<\/p>\n<p>Jetez un \u0153il au monde natal des Phyrexians dans Phyrexia : All Will Be One et d\u00e9couvrez comment ces horreurs avides de pouvoir aspirent \u00e0 la domination du monde ! Dix Planeswalkers combattent la mar\u00e9e de Phyrexia. tiendrez-vous bon comme eux, ou serez-vous bient\u00f4t achev\u00e9 ?<\/p>\n<p>Vous souhaitez agrandir rapidement votre collection Magic ? Avec un bundle, vous disposez imm\u00e9diatement d&#039;une grande pile de boosters, de terrains de base, de divers accessoires et d&#039;une bo\u00eete de collection pratique. Un bundle contient pas moins de huit\u00a0<strong>ensemble de boosters<\/strong>\u00a0de Phyrexia : Tous seront un.<\/p>\n<p>Un pack de Phyrexia : All Will Be One contient :<\/p>\n<p>\u2013 Huit ensembles de boosters de Phyrexia : All Will Be One.<br \/>\n\u2013 Une carte promotionnelle unique en aluminium.<br \/>\n\u2013 20 terrains de base de Phyrexia : All Will Be One.<br \/>\n\u2013 20 terrains de base brillants de Phyrexia : All Will Be One.<br \/>\n\u2013 Un D20 surdimensionn\u00e9 de Phyrexia : All Will Be One.<br \/>\n\u2013 Une bo\u00eete de collection de Phyrexia : All Will Be One.<\/p>","protected":false},"excerpt":{"rendered":"<p>Bundle of Phyrexia : Tous ne feront qu&#039;un. Adorez la renomm\u00e9e et la gloire de Phyrexia. C\u00e9l\u00e9brez Elesh Norn, la \u00ab M\u00e8re des Machines \u00bb et la dirigeante de ce monde froid. Sous son autorit\u00e9, tout le monde ne fera qu&#039;un, uni dans la perfection ! Mirrodin est tomb\u00e9 en premier, c&#039;est maintenant au tour de Dominaria, puis le reste du Multivers suivra... Prenez un [\u2026]<\/p>","protected":false},"featured_media":2021,"comment_status":"open","ping_status":"closed","template":"","meta":[],"product_cat":[29,91,21],"product_tag":[],"class_list":{"0":"post-2020","1":"product","2":"type-product","3":"status-publish","4":"has-post-thumbnail","6":"product_cat-bundles","7":"product_cat-english-bundles","8":"product_cat-magic-the-gathering","9":"pa_language-english","10":"pa_mtg-edition-phyrexia-all-will-be-one","12":"first","13":"instock","14":"purchasable","15":"product-type-simple"},"yoast_head":"<!-- This site is optimized with the Yoast SEO plugin v23.6 - https:\/\/yoast.com\/wordpress\/plugins\/seo\/ -->\n<title>\ud83c\uddec\ud83c\udde7Phyrexia: All Will Be One Fat Pack Bundle - Worlds Of Magic<\/title>\n<meta name=\"robots\" content=\"index, follow, max-snippet:-1, max-image-preview:large, max-video-preview:-1\" \/>\n<link rel=\"canonical\" href=\"https:\/\/worldsofmagic.net\/fr\/produit\/phyrexia-all-will-be-one-fat-pack-bundle\/\" \/>\n<meta property=\"og:locale\" content=\"fr_FR\" \/>\n<meta property=\"og:type\" content=\"article\" \/>\n<meta property=\"og:title\" content=\"\ud83c\uddec\ud83c\udde7Phyrexia: All Will Be One Fat Pack Bundle - Worlds Of Magic\" \/>\n<meta property=\"og:description\" content=\"Bundle of Phyrexia: All Will Be One. Worship the fame and glory of Phyrexia. Celebrate Elesh Norn, the &#8216;Mother of Machines&#8217; and the ruler of this cold world. Under her authority, everyone will be one, united in perfection! Mirrodin fell first, now it&#8217;s Dominaria&#8217;s turn, then the rest of the Multiverse will follow&#8230; Take a [&hellip;]\" \/>\n<meta property=\"og:url\" content=\"https:\/\/worldsofmagic.net\/fr\/produit\/phyrexia-all-will-be-one-fat-pack-bundle\/\" \/>\n<meta property=\"og:site_name\" content=\"Worlds Of Magic\" \/>\n<meta property=\"article:modified_time\" content=\"2025-10-04T09:14:03+00:00\" \/>\n<meta property=\"og:image\" content=\"https:\/\/worldsofmagic.net\/wp-content\/uploads\/2024\/11\/683497.png\" \/>\n\t<meta property=\"og:image:width\" content=\"300\" \/>\n\t<meta property=\"og:image:height\" content=\"300\" \/>\n\t<meta property=\"og:image:type\" content=\"image\/png\" \/>\n<meta name=\"twitter:card\" content=\"summary_large_image\" \/>\n<meta name=\"twitter:label1\" content=\"Dur\u00e9e de lecture estim\u00e9e\" \/>\n\t<meta name=\"twitter:data1\" content=\"2 minutes\" \/>\n<script type=\"application\/ld+json\" class=\"yoast-schema-graph\">{\"@context\":\"https:\/\/schema.org\",\"@graph\":[{\"@type\":\"WebPage\",\"@id\":\"https:\/\/worldsofmagic.net\/product\/phyrexia-all-will-be-one-fat-pack-bundle\/\",\"url\":\"https:\/\/worldsofmagic.net\/product\/phyrexia-all-will-be-one-fat-pack-bundle\/\",\"name\":\"\ud83c\uddec\ud83c\udde7Phyrexia: All Will Be One Fat Pack Bundle - Worlds Of Magic\",\"isPartOf\":{\"@id\":\"https:\/\/worldsofmagic.net\/#website\"},\"primaryImageOfPage\":{\"@id\":\"https:\/\/worldsofmagic.net\/product\/phyrexia-all-will-be-one-fat-pack-bundle\/#primaryimage\"},\"image\":{\"@id\":\"https:\/\/worldsofmagic.net\/product\/phyrexia-all-will-be-one-fat-pack-bundle\/#primaryimage\"},\"thumbnailUrl\":\"https:\/\/worldsofmagic.net\/wp-content\/uploads\/2024\/11\/683497.png\",\"datePublished\":\"2024-11-02T16:43:54+00:00\",\"dateModified\":\"2025-10-04T09:14:03+00:00\",\"breadcrumb\":{\"@id\":\"https:\/\/worldsofmagic.net\/product\/phyrexia-all-will-be-one-fat-pack-bundle\/#breadcrumb\"},\"inLanguage\":\"fr-FR\",\"potentialAction\":[{\"@type\":\"ReadAction\",\"target\":[\"https:\/\/worldsofmagic.net\/product\/phyrexia-all-will-be-one-fat-pack-bundle\/\"]}]},{\"@type\":\"ImageObject\",\"inLanguage\":\"fr-FR\",\"@id\":\"https:\/\/worldsofmagic.net\/product\/phyrexia-all-will-be-one-fat-pack-bundle\/#primaryimage\",\"url\":\"https:\/\/worldsofmagic.net\/wp-content\/uploads\/2024\/11\/683497.png\",\"contentUrl\":\"https:\/\/worldsofmagic.net\/wp-content\/uploads\/2024\/11\/683497.png\",\"width\":300,\"height\":300,\"caption\":\"Phyrexia: All Will Be One Fat Pack Bundle\"},{\"@type\":\"BreadcrumbList\",\"@id\":\"https:\/\/worldsofmagic.net\/product\/phyrexia-all-will-be-one-fat-pack-bundle\/#breadcrumb\",\"itemListElement\":[{\"@type\":\"ListItem\",\"position\":1,\"name\":\"Accueil\",\"item\":\"https:\/\/worldsofmagic.net\/\"},{\"@type\":\"ListItem\",\"position\":2,\"name\":\"Shop\",\"item\":\"https:\/\/worldsofmagic.net\/shop\/\"},{\"@type\":\"ListItem\",\"position\":3,\"name\":\"\ud83c\uddec\ud83c\udde7Phyrexia: All Will Be One Fat Pack Bundle\"}]},{\"@type\":\"WebSite\",\"@id\":\"https:\/\/worldsofmagic.net\/#website\",\"url\":\"https:\/\/worldsofmagic.net\/\",\"name\":\"Worlds Of Magic\",\"description\":\"\",\"publisher\":{\"@id\":\"https:\/\/worldsofmagic.net\/#organization\"},\"potentialAction\":[{\"@type\":\"SearchAction\",\"target\":{\"@type\":\"EntryPoint\",\"urlTemplate\":\"https:\/\/worldsofmagic.net\/?s={search_term_string}\"},\"query-input\":{\"@type\":\"PropertyValueSpecification\",\"valueRequired\":true,\"valueName\":\"search_term_string\"}}],\"inLanguage\":\"fr-FR\"},{\"@type\":\"Organization\",\"@id\":\"https:\/\/worldsofmagic.net\/#organization\",\"name\":\"Worlds Of Magic\",\"alternateName\":\"Worlds Of Magic\",\"url\":\"https:\/\/worldsofmagic.net\/\",\"logo\":{\"@type\":\"ImageObject\",\"inLanguage\":\"fr-FR\",\"@id\":\"https:\/\/worldsofmagic.net\/#\/schema\/logo\/image\/\",\"url\":\"https:\/\/worldsofmagic.net\/wp-content\/uploads\/2024\/07\/image.png\",\"contentUrl\":\"https:\/\/worldsofmagic.net\/wp-content\/uploads\/2024\/07\/image.png\",\"width\":1072,\"height\":341,\"caption\":\"Worlds Of Magic\"},\"image\":{\"@id\":\"https:\/\/worldsofmagic.net\/#\/schema\/logo\/image\/\"}}]}<\/script>\n<!-- \/ Yoast SEO plugin. -->","yoast_head_json":{"title":"\ud83c\uddec\ud83c\udde7Phyrexia: All Will Be One Fat Pack Bundle - Worlds Of Magic","robots":{"index":"index","follow":"follow","max-snippet":"max-snippet:-1","max-image-preview":"max-image-preview:large","max-video-preview":"max-video-preview:-1"},"canonical":"https:\/\/worldsofmagic.net\/fr\/produit\/phyrexia-all-will-be-one-fat-pack-bundle\/","og_locale":"fr_FR","og_type":"article","og_title":"\ud83c\uddec\ud83c\udde7Phyrexia: All Will Be One Fat Pack Bundle - Worlds Of Magic","og_description":"Bundle of Phyrexia: All Will Be One. Worship the fame and glory of Phyrexia. Celebrate Elesh Norn, the &#8216;Mother of Machines&#8217; and the ruler of this cold world. Under her authority, everyone will be one, united in perfection! Mirrodin fell first, now it&#8217;s Dominaria&#8217;s turn, then the rest of the Multiverse will follow&#8230; Take a [&hellip;]","og_url":"https:\/\/worldsofmagic.net\/fr\/produit\/phyrexia-all-will-be-one-fat-pack-bundle\/","og_site_name":"Worlds Of Magic","article_modified_time":"2025-10-04T09:14:03+00:00","og_image":[{"width":300,"height":300,"url":"https:\/\/worldsofmagic.net\/wp-content\/uploads\/2024\/11\/683497.png","type":"image\/png"}],"twitter_card":"summary_large_image","twitter_misc":{"Dur\u00e9e de lecture estim\u00e9e":"2 minutes"},"schema":{"@context":"https:\/\/schema.org","@graph":[{"@type":"WebPage","@id":"https:\/\/worldsofmagic.net\/product\/phyrexia-all-will-be-one-fat-pack-bundle\/","url":"https:\/\/worldsofmagic.net\/product\/phyrexia-all-will-be-one-fat-pack-bundle\/","name":"\ud83c\uddec\ud83c\udde7Phyrexia: All Will Be One Fat Pack Bundle - Worlds Of Magic","isPartOf":{"@id":"https:\/\/worldsofmagic.net\/#website"},"primaryImageOfPage":{"@id":"https:\/\/worldsofmagic.net\/product\/phyrexia-all-will-be-one-fat-pack-bundle\/#primaryimage"},"image":{"@id":"https:\/\/worldsofmagic.net\/product\/phyrexia-all-will-be-one-fat-pack-bundle\/#primaryimage"},"thumbnailUrl":"https:\/\/worldsofmagic.net\/wp-content\/uploads\/2024\/11\/683497.png","datePublished":"2024-11-02T16:43:54+00:00","dateModified":"2025-10-04T09:14:03+00:00","breadcrumb":{"@id":"https:\/\/worldsofmagic.net\/product\/phyrexia-all-will-be-one-fat-pack-bundle\/#breadcrumb"},"inLanguage":"fr-FR","potentialAction":[{"@type":"ReadAction","target":["https:\/\/worldsofmagic.net\/product\/phyrexia-all-will-be-one-fat-pack-bundle\/"]}]},{"@type":"ImageObject","inLanguage":"fr-FR","@id":"https:\/\/worldsofmagic.net\/product\/phyrexia-all-will-be-one-fat-pack-bundle\/#primaryimage","url":"https:\/\/worldsofmagic.net\/wp-content\/uploads\/2024\/11\/683497.png","contentUrl":"https:\/\/worldsofmagic.net\/wp-content\/uploads\/2024\/11\/683497.png","width":300,"height":300,"caption":"Phyrexia: All Will Be One Fat Pack Bundle"},{"@type":"BreadcrumbList","@id":"https:\/\/worldsofmagic.net\/product\/phyrexia-all-will-be-one-fat-pack-bundle\/#breadcrumb","itemListElement":[{"@type":"ListItem","position":1,"name":"Accueil","item":"https:\/\/worldsofmagic.net\/"},{"@type":"ListItem","position":2,"name":"Shop","item":"https:\/\/worldsofmagic.net\/shop\/"},{"@type":"ListItem","position":3,"name":"\ud83c\uddec\ud83c\udde7Phyrexia: All Will Be One Fat Pack Bundle"}]},{"@type":"WebSite","@id":"https:\/\/worldsofmagic.net\/#website","url":"https:\/\/worldsofmagic.net\/","name":"Worlds Of Magic","description":"","publisher":{"@id":"https:\/\/worldsofmagic.net\/#organization"},"potentialAction":[{"@type":"SearchAction","target":{"@type":"EntryPoint","urlTemplate":"https:\/\/worldsofmagic.net\/?s={search_term_string}"},"query-input":{"@type":"PropertyValueSpecification","valueRequired":true,"valueName":"search_term_string"}}],"inLanguage":"fr-FR"},{"@type":"Organization","@id":"https:\/\/worldsofmagic.net\/#organization","name":"Worlds Of Magic","alternateName":"Worlds Of Magic","url":"https:\/\/worldsofmagic.net\/","logo":{"@type":"ImageObject","inLanguage":"fr-FR","@id":"https:\/\/worldsofmagic.net\/#\/schema\/logo\/image\/","url":"https:\/\/worldsofmagic.net\/wp-content\/uploads\/2024\/07\/image.png","contentUrl":"https:\/\/worldsofmagic.net\/wp-content\/uploads\/2024\/07\/image.png","width":1072,"height":341,"caption":"Worlds Of Magic"},"image":{"@id":"https:\/\/worldsofmagic.net\/#\/schema\/logo\/image\/"}}]}},"jetpack_sharing_enabled":true,"_links":{"self":[{"href":"https:\/\/worldsofmagic.net\/fr\/wp-json\/wp\/v2\/product\/2020"}],"collection":[{"href":"https:\/\/worldsofmagic.net\/fr\/wp-json\/wp\/v2\/product"}],"about":[{"href":"https:\/\/worldsofmagic.net\/fr\/wp-json\/wp\/v2\/types\/product"}],"replies":[{"embeddable":true,"href":"https:\/\/worldsofmagic.net\/fr\/wp-json\/wp\/v2\/comments?post=2020"}],"wp:featuredmedia":[{"embeddable":true,"href":"https:\/\/worldsofmagic.net\/fr\/wp-json\/wp\/v2\/media\/2021"}],"wp:attachment":[{"href":"https:\/\/worldsofmagic.net\/fr\/wp-json\/wp\/v2\/media?parent=2020"}],"wp:term":[{"taxonomy":"product_cat","embeddable":true,"href":"https:\/\/worldsofmagic.net\/fr\/wp-json\/wp\/v2\/product_cat?post=2020"},{"taxonomy":"product_tag","embeddable":true,"href":"https:\/\/worldsofmagic.net\/fr\/wp-json\/wp\/v2\/product_tag?post=2020"}],"curies":[{"name":"wp","href":"https:\/\/api.w.org\/{rel}","templated":true}]}}