{"id":2036,"date":"2024-11-03T13:35:36","date_gmt":"2024-11-03T13:35:36","guid":{"rendered":"https:\/\/worldsofmagic.net\/?post_type=product&#038;p=2036"},"modified":"2024-12-09T13:44:50","modified_gmt":"2024-12-09T13:44:50","slug":"duel-decks-sorin-vs-tibalt-full-set","status":"publish","type":"product","link":"https:\/\/worldsofmagic.net\/fr\/produit\/duel-decks-sorin-vs-tibalt-full-set\/","title":{"rendered":"Duel Decks: Sorin vs. Tibalt: Full Set\ud83c\uddec\ud83c\udde7"},"content":{"rendered":"<p><i>\u00a0Sorin contre Tibalt<\/i> contient deux jeux de th\u00e8mes pr\u00e9construits, l&#039;un centr\u00e9 sur <a class=\"ext-scryfall-cardname\" href=\"https:\/\/scryfall.com\/card\/lcc\/289\/sorin-lord-of-innistrad?utm_source=mw_MTGWiki\" data-card-name=\"Sorin, Lord of Innistrad\" data-img-uri=\"blob:https:\/\/mtg.fandom.com\/d82b7e08-dcf5-470f-be8b-88311115bb93\" data-cached=\"true\">Sorin, Seigneur d&#039;Innistrad<\/a> et l&#039;autre autour <a class=\"ext-scryfall-cardname\" href=\"https:\/\/scryfall.com\/search?q=%21%22Tibalt%2C+the+Fiend-Blooded%22&amp;utm_source=mw_MTGWiki\" data-card-name=\"Tibalt, the Fiend-Blooded\">Tibalt, le d\u00e9mon au sang<\/a>. <i>Sorin contre Tibalt<\/i> d\u00e9peint la rivalit\u00e9 de deux Planeswalkers et est un ensemble de decks th\u00e9matiques largement bas\u00e9s sur la saveur.<\/p>","protected":false},"excerpt":{"rendered":"<p>\u00a0Sorin vs. Tibalt contient deux decks \u00e0 th\u00e8me pr\u00e9construits, l&#039;un centr\u00e9 sur Sorin, Seigneur d&#039;Innistrad et l&#039;autre sur Tibalt, le Sang-D\u00e9mon. Sorin vs. Tibalt d\u00e9peint la rivalit\u00e9 entre deux Planeswalkers et est un ensemble de decks \u00e0 th\u00e8me largement bas\u00e9s sur l&#039;ambiance.<\/p>","protected":false},"featured_media":2037,"comment_status":"open","ping_status":"closed","template":"","meta":[],"product_cat":[106,33],"product_tag":[],"class_list":{"0":"post-2036","1":"product","2":"type-product","3":"status-publish","4":"has-post-thumbnail","6":"product_cat-duel-decks","7":"product_cat-magic-rarities","8":"pa_language-english","10":"first","11":"instock","12":"purchasable","13":"product-type-simple"},"yoast_head":"<!-- This site is optimized with the Yoast SEO plugin v23.6 - https:\/\/yoast.com\/wordpress\/plugins\/seo\/ -->\n<title>\ud83c\uddec\ud83c\udde7Duel Decks: Sorin vs. Tibalt: Full Set - Worlds Of Magic<\/title>\n<meta name=\"robots\" content=\"index, follow, max-snippet:-1, max-image-preview:large, max-video-preview:-1\" \/>\n<link rel=\"canonical\" href=\"https:\/\/worldsofmagic.net\/fr\/produit\/duel-decks-sorin-vs-tibalt-full-set\/\" \/>\n<meta property=\"og:locale\" content=\"fr_FR\" \/>\n<meta property=\"og:type\" content=\"article\" \/>\n<meta property=\"og:title\" content=\"\ud83c\uddec\ud83c\udde7Duel Decks: Sorin vs. Tibalt: Full Set - Worlds Of Magic\" \/>\n<meta property=\"og:description\" content=\"\u00a0Sorin vs. Tibalt contains two preconstructed theme decks, one centered around Sorin, Lord of Innistrad and the other around Tibalt, the Fiend-Blooded. Sorin vs. Tibalt depicts the rivalry of two planeswalkers and is a set of largely flavor-based theme decks.\" \/>\n<meta property=\"og:url\" content=\"https:\/\/worldsofmagic.net\/fr\/produit\/duel-decks-sorin-vs-tibalt-full-set\/\" \/>\n<meta property=\"og:site_name\" content=\"Worlds Of Magic\" \/>\n<meta property=\"article:modified_time\" content=\"2024-12-09T13:44:50+00:00\" \/>\n<meta property=\"og:image\" content=\"https:\/\/worldsofmagic.net\/wp-content\/uploads\/2024\/11\/260630.png\" \/>\n\t<meta property=\"og:image:width\" content=\"236\" \/>\n\t<meta property=\"og:image:height\" content=\"300\" \/>\n\t<meta property=\"og:image:type\" content=\"image\/png\" \/>\n<meta name=\"twitter:card\" content=\"summary_large_image\" \/>\n<meta name=\"twitter:label1\" content=\"Dur\u00e9e de lecture estim\u00e9e\" \/>\n\t<meta name=\"twitter:data1\" content=\"1 minute\" \/>\n<script type=\"application\/ld+json\" class=\"yoast-schema-graph\">{\"@context\":\"https:\/\/schema.org\",\"@graph\":[{\"@type\":\"WebPage\",\"@id\":\"https:\/\/worldsofmagic.net\/product\/duel-decks-sorin-vs-tibalt-full-set\/\",\"url\":\"https:\/\/worldsofmagic.net\/product\/duel-decks-sorin-vs-tibalt-full-set\/\",\"name\":\"\ud83c\uddec\ud83c\udde7Duel Decks: Sorin vs. Tibalt: Full Set - Worlds Of Magic\",\"isPartOf\":{\"@id\":\"https:\/\/worldsofmagic.net\/#website\"},\"primaryImageOfPage\":{\"@id\":\"https:\/\/worldsofmagic.net\/product\/duel-decks-sorin-vs-tibalt-full-set\/#primaryimage\"},\"image\":{\"@id\":\"https:\/\/worldsofmagic.net\/product\/duel-decks-sorin-vs-tibalt-full-set\/#primaryimage\"},\"thumbnailUrl\":\"https:\/\/worldsofmagic.net\/wp-content\/uploads\/2024\/11\/260630.png\",\"datePublished\":\"2024-11-03T13:35:36+00:00\",\"dateModified\":\"2024-12-09T13:44:50+00:00\",\"breadcrumb\":{\"@id\":\"https:\/\/worldsofmagic.net\/product\/duel-decks-sorin-vs-tibalt-full-set\/#breadcrumb\"},\"inLanguage\":\"fr-FR\",\"potentialAction\":[{\"@type\":\"ReadAction\",\"target\":[\"https:\/\/worldsofmagic.net\/product\/duel-decks-sorin-vs-tibalt-full-set\/\"]}]},{\"@type\":\"ImageObject\",\"inLanguage\":\"fr-FR\",\"@id\":\"https:\/\/worldsofmagic.net\/product\/duel-decks-sorin-vs-tibalt-full-set\/#primaryimage\",\"url\":\"https:\/\/worldsofmagic.net\/wp-content\/uploads\/2024\/11\/260630.png\",\"contentUrl\":\"https:\/\/worldsofmagic.net\/wp-content\/uploads\/2024\/11\/260630.png\",\"width\":236,\"height\":300},{\"@type\":\"BreadcrumbList\",\"@id\":\"https:\/\/worldsofmagic.net\/product\/duel-decks-sorin-vs-tibalt-full-set\/#breadcrumb\",\"itemListElement\":[{\"@type\":\"ListItem\",\"position\":1,\"name\":\"Accueil\",\"item\":\"https:\/\/worldsofmagic.net\/\"},{\"@type\":\"ListItem\",\"position\":2,\"name\":\"Shop\",\"item\":\"https:\/\/worldsofmagic.net\/shop\/\"},{\"@type\":\"ListItem\",\"position\":3,\"name\":\"\ud83c\uddec\ud83c\udde7Duel Decks: Sorin vs. Tibalt: Full Set\"}]},{\"@type\":\"WebSite\",\"@id\":\"https:\/\/worldsofmagic.net\/#website\",\"url\":\"https:\/\/worldsofmagic.net\/\",\"name\":\"Worlds Of Magic\",\"description\":\"\",\"publisher\":{\"@id\":\"https:\/\/worldsofmagic.net\/#organization\"},\"potentialAction\":[{\"@type\":\"SearchAction\",\"target\":{\"@type\":\"EntryPoint\",\"urlTemplate\":\"https:\/\/worldsofmagic.net\/?s={search_term_string}\"},\"query-input\":{\"@type\":\"PropertyValueSpecification\",\"valueRequired\":true,\"valueName\":\"search_term_string\"}}],\"inLanguage\":\"fr-FR\"},{\"@type\":\"Organization\",\"@id\":\"https:\/\/worldsofmagic.net\/#organization\",\"name\":\"Worlds Of Magic\",\"alternateName\":\"Worlds Of Magic\",\"url\":\"https:\/\/worldsofmagic.net\/\",\"logo\":{\"@type\":\"ImageObject\",\"inLanguage\":\"fr-FR\",\"@id\":\"https:\/\/worldsofmagic.net\/#\/schema\/logo\/image\/\",\"url\":\"https:\/\/worldsofmagic.net\/wp-content\/uploads\/2024\/07\/image.png\",\"contentUrl\":\"https:\/\/worldsofmagic.net\/wp-content\/uploads\/2024\/07\/image.png\",\"width\":1072,\"height\":341,\"caption\":\"Worlds Of Magic\"},\"image\":{\"@id\":\"https:\/\/worldsofmagic.net\/#\/schema\/logo\/image\/\"}}]}<\/script>\n<!-- \/ Yoast SEO plugin. -->","yoast_head_json":{"title":"\ud83c\uddec\ud83c\udde7Duel Decks: Sorin vs. Tibalt: Full Set - Worlds Of Magic","robots":{"index":"index","follow":"follow","max-snippet":"max-snippet:-1","max-image-preview":"max-image-preview:large","max-video-preview":"max-video-preview:-1"},"canonical":"https:\/\/worldsofmagic.net\/fr\/produit\/duel-decks-sorin-vs-tibalt-full-set\/","og_locale":"fr_FR","og_type":"article","og_title":"\ud83c\uddec\ud83c\udde7Duel Decks: Sorin vs. Tibalt: Full Set - Worlds Of Magic","og_description":"\u00a0Sorin vs. Tibalt contains two preconstructed theme decks, one centered around Sorin, Lord of Innistrad and the other around Tibalt, the Fiend-Blooded. Sorin vs. Tibalt depicts the rivalry of two planeswalkers and is a set of largely flavor-based theme decks.","og_url":"https:\/\/worldsofmagic.net\/fr\/produit\/duel-decks-sorin-vs-tibalt-full-set\/","og_site_name":"Worlds Of Magic","article_modified_time":"2024-12-09T13:44:50+00:00","og_image":[{"width":236,"height":300,"url":"https:\/\/worldsofmagic.net\/wp-content\/uploads\/2024\/11\/260630.png","type":"image\/png"}],"twitter_card":"summary_large_image","twitter_misc":{"Dur\u00e9e de lecture estim\u00e9e":"1 minute"},"schema":{"@context":"https:\/\/schema.org","@graph":[{"@type":"WebPage","@id":"https:\/\/worldsofmagic.net\/product\/duel-decks-sorin-vs-tibalt-full-set\/","url":"https:\/\/worldsofmagic.net\/product\/duel-decks-sorin-vs-tibalt-full-set\/","name":"\ud83c\uddec\ud83c\udde7Duel Decks: Sorin vs. Tibalt: Full Set - Worlds Of Magic","isPartOf":{"@id":"https:\/\/worldsofmagic.net\/#website"},"primaryImageOfPage":{"@id":"https:\/\/worldsofmagic.net\/product\/duel-decks-sorin-vs-tibalt-full-set\/#primaryimage"},"image":{"@id":"https:\/\/worldsofmagic.net\/product\/duel-decks-sorin-vs-tibalt-full-set\/#primaryimage"},"thumbnailUrl":"https:\/\/worldsofmagic.net\/wp-content\/uploads\/2024\/11\/260630.png","datePublished":"2024-11-03T13:35:36+00:00","dateModified":"2024-12-09T13:44:50+00:00","breadcrumb":{"@id":"https:\/\/worldsofmagic.net\/product\/duel-decks-sorin-vs-tibalt-full-set\/#breadcrumb"},"inLanguage":"fr-FR","potentialAction":[{"@type":"ReadAction","target":["https:\/\/worldsofmagic.net\/product\/duel-decks-sorin-vs-tibalt-full-set\/"]}]},{"@type":"ImageObject","inLanguage":"fr-FR","@id":"https:\/\/worldsofmagic.net\/product\/duel-decks-sorin-vs-tibalt-full-set\/#primaryimage","url":"https:\/\/worldsofmagic.net\/wp-content\/uploads\/2024\/11\/260630.png","contentUrl":"https:\/\/worldsofmagic.net\/wp-content\/uploads\/2024\/11\/260630.png","width":236,"height":300},{"@type":"BreadcrumbList","@id":"https:\/\/worldsofmagic.net\/product\/duel-decks-sorin-vs-tibalt-full-set\/#breadcrumb","itemListElement":[{"@type":"ListItem","position":1,"name":"Accueil","item":"https:\/\/worldsofmagic.net\/"},{"@type":"ListItem","position":2,"name":"Shop","item":"https:\/\/worldsofmagic.net\/shop\/"},{"@type":"ListItem","position":3,"name":"\ud83c\uddec\ud83c\udde7Duel Decks: Sorin vs. Tibalt: Full Set"}]},{"@type":"WebSite","@id":"https:\/\/worldsofmagic.net\/#website","url":"https:\/\/worldsofmagic.net\/","name":"Worlds Of Magic","description":"","publisher":{"@id":"https:\/\/worldsofmagic.net\/#organization"},"potentialAction":[{"@type":"SearchAction","target":{"@type":"EntryPoint","urlTemplate":"https:\/\/worldsofmagic.net\/?s={search_term_string}"},"query-input":{"@type":"PropertyValueSpecification","valueRequired":true,"valueName":"search_term_string"}}],"inLanguage":"fr-FR"},{"@type":"Organization","@id":"https:\/\/worldsofmagic.net\/#organization","name":"Worlds Of Magic","alternateName":"Worlds Of Magic","url":"https:\/\/worldsofmagic.net\/","logo":{"@type":"ImageObject","inLanguage":"fr-FR","@id":"https:\/\/worldsofmagic.net\/#\/schema\/logo\/image\/","url":"https:\/\/worldsofmagic.net\/wp-content\/uploads\/2024\/07\/image.png","contentUrl":"https:\/\/worldsofmagic.net\/wp-content\/uploads\/2024\/07\/image.png","width":1072,"height":341,"caption":"Worlds Of Magic"},"image":{"@id":"https:\/\/worldsofmagic.net\/#\/schema\/logo\/image\/"}}]}},"jetpack_sharing_enabled":true,"_links":{"self":[{"href":"https:\/\/worldsofmagic.net\/fr\/wp-json\/wp\/v2\/product\/2036"}],"collection":[{"href":"https:\/\/worldsofmagic.net\/fr\/wp-json\/wp\/v2\/product"}],"about":[{"href":"https:\/\/worldsofmagic.net\/fr\/wp-json\/wp\/v2\/types\/product"}],"replies":[{"embeddable":true,"href":"https:\/\/worldsofmagic.net\/fr\/wp-json\/wp\/v2\/comments?post=2036"}],"wp:featuredmedia":[{"embeddable":true,"href":"https:\/\/worldsofmagic.net\/fr\/wp-json\/wp\/v2\/media\/2037"}],"wp:attachment":[{"href":"https:\/\/worldsofmagic.net\/fr\/wp-json\/wp\/v2\/media?parent=2036"}],"wp:term":[{"taxonomy":"product_cat","embeddable":true,"href":"https:\/\/worldsofmagic.net\/fr\/wp-json\/wp\/v2\/product_cat?post=2036"},{"taxonomy":"product_tag","embeddable":true,"href":"https:\/\/worldsofmagic.net\/fr\/wp-json\/wp\/v2\/product_tag?post=2036"}],"curies":[{"name":"wp","href":"https:\/\/api.w.org\/{rel}","templated":true}]}}