{"id":2050,"date":"2024-11-03T14:25:46","date_gmt":"2024-11-03T14:25:46","guid":{"rendered":"https:\/\/worldsofmagic.net\/?post_type=product&#038;p=2050"},"modified":"2025-07-13T14:42:18","modified_gmt":"2025-07-13T14:42:18","slug":"rivals-of-ixalan-booster-box","status":"publish","type":"product","link":"https:\/\/worldsofmagic.net\/fr\/produit\/rivals-of-ixalan-booster-box\/","title":{"rendered":"Boite de boosters de Les combattants d'Ixalan\ud83c\uddec\ud83c\udde7"},"content":{"rendered":"<ul class=\"a-unordered-list a-vertical a-spacing-mini\">\n<li class=\"a-spacing-mini\"><span class=\"a-list-item\"> CONSTRUISEZ DES DECKS. Une bo\u00eete de boosters contient 36 boosters de Rivals of Ixalan. Chaque booster contient 15 cartes Magic (540 cartes au total). Choisissez vos cartes pr\u00e9f\u00e9r\u00e9es, mettez-les dans votre deck et combattez ! <\/span><\/li>\n<li class=\"a-spacing-mini\"><span class=\"a-list-item\"> REMPLISSEZ VOTRE CLASSEUR. Rivals of Ixalan inclut des Planeswalkers comme Angrath, l&#039;Encha\u00een\u00e9 par les Flammes, et certaines des plus grandes cr\u00e9atures jamais imprim\u00e9es, comme Ghalta, la Faim Primale. (Remarque : les cartes list\u00e9es sont repr\u00e9sentatives et ne sont pas n\u00e9cessairement celles que vous recevrez.) <\/span><\/li>\n<li class=\"a-spacing-mini\"><span class=\"a-list-item\"> JOUEZ \u00c0 LA MAISON. Votre bo\u00eete de boosters Rivals of Ixalan contient suffisamment de paquets pour organiser votre propre booster draft avec jusqu&#039;\u00e0 douze amis. (Remarque : un booster draft n\u00e9cessite plus de cartes de terrain de base que ce que contient une bo\u00eete de boosters.) <\/span><\/li>\n<li class=\"a-spacing-mini\"><span class=\"a-list-item\"> JOUEZ AU JEU ORIGINAL. Magic: The Gathering est le premier jeu de cartes \u00e0 collectionner moderne. Magic a inspir\u00e9 plus de 20 millions de fans en 25 ans, des premiers dragons et anges aux decks Planeswalkers et Commander d&#039;aujourd&#039;hui. <\/span><\/li>\n<li class=\"a-spacing-mini\"><span class=\"a-list-item\"> REJOIGNEZ LA FAMILLE. Wizards of the Coast cr\u00e9e les meilleurs jeux de strat\u00e9gie au monde depuis pr\u00e8s de 30 ans : Magic: The Gathering (MTG), Dungeons &amp; Dragons (D&amp;D), de nombreux jeux de soci\u00e9t\u00e9 sous l&#039;\u00e9gide d&#039;Avalon Hill, et bien plus encore. Explorez-les tous, d\u00e9couvrez de nouveaux favoris et faites-vous de nouveaux amis en chemin. <\/span><\/li>\n<\/ul>","protected":false},"excerpt":{"rendered":"<p>CONSTRUISEZ DES DECKS. Une bo\u00eete de boosters contient 36 boosters de Rivals of Ixalan. Chaque booster contient 15 cartes Magic (540 cartes au total). Choisissez vos cartes pr\u00e9f\u00e9r\u00e9es, mettez-les dans votre deck et combattez ! REMPLISSEZ VOTRE RELIURE. Rivals of Ixalan comprend des planeswalkers comme Angrath, le Flame-Chained, et certaines des plus grandes cr\u00e9atures jamais imprim\u00e9es, comme Ghalta, [\u2026]<\/p>","protected":false},"featured_media":2051,"comment_status":"open","ping_status":"closed","template":"","meta":[],"product_cat":[27,104,33,21],"product_tag":[],"class_list":{"0":"post-2050","1":"product","2":"type-product","3":"status-publish","4":"has-post-thumbnail","6":"product_cat-boosterboxes","7":"product_cat-booster-display","8":"product_cat-magic-rarities","9":"product_cat-magic-the-gathering","10":"pa_language-english","11":"pa_mtg-edition-the-lost-caverns-of-ixalan","13":"first","14":"instock","15":"purchasable","16":"product-type-simple"},"yoast_head":"<!-- This site is optimized with the Yoast SEO plugin v23.6 - https:\/\/yoast.com\/wordpress\/plugins\/seo\/ -->\n<title>\ud83c\uddec\ud83c\udde7Rivals of Ixalan Booster Box - Worlds Of Magic<\/title>\n<meta name=\"robots\" content=\"index, follow, max-snippet:-1, max-image-preview:large, max-video-preview:-1\" \/>\n<link rel=\"canonical\" href=\"https:\/\/worldsofmagic.net\/fr\/produit\/rivals-of-ixalan-booster-box\/\" \/>\n<meta property=\"og:locale\" content=\"fr_FR\" \/>\n<meta property=\"og:type\" content=\"article\" \/>\n<meta property=\"og:title\" content=\"\ud83c\uddec\ud83c\udde7Rivals of Ixalan Booster Box - Worlds Of Magic\" \/>\n<meta property=\"og:description\" content=\"BUILD DECKS. A booster box contains 36 booster packs of Rivals of Ixalan. Each booster pack contains 15 Magic cards (540 cards total). Pick your favorites, put them in your deck, and battle! FILL YOUR BINDER. Rivals of Ixalan includes planeswalkers like Angrath, the Flame-Chained, and some of the biggest creatures ever printed, like Ghalta, [&hellip;]\" \/>\n<meta property=\"og:url\" content=\"https:\/\/worldsofmagic.net\/fr\/produit\/rivals-of-ixalan-booster-box\/\" \/>\n<meta property=\"og:site_name\" content=\"Worlds Of Magic\" \/>\n<meta property=\"article:modified_time\" content=\"2025-07-13T14:42:18+00:00\" \/>\n<meta property=\"og:image\" content=\"https:\/\/worldsofmagic.net\/wp-content\/uploads\/2024\/11\/299079.png\" \/>\n\t<meta property=\"og:image:width\" content=\"300\" \/>\n\t<meta property=\"og:image:height\" content=\"300\" \/>\n\t<meta property=\"og:image:type\" content=\"image\/png\" \/>\n<meta name=\"twitter:card\" content=\"summary_large_image\" \/>\n<meta name=\"twitter:label1\" content=\"Dur\u00e9e de lecture estim\u00e9e\" \/>\n\t<meta name=\"twitter:data1\" content=\"2 minutes\" \/>\n<script type=\"application\/ld+json\" class=\"yoast-schema-graph\">{\"@context\":\"https:\/\/schema.org\",\"@graph\":[{\"@type\":\"WebPage\",\"@id\":\"https:\/\/worldsofmagic.net\/product\/rivals-of-ixalan-booster-box\/\",\"url\":\"https:\/\/worldsofmagic.net\/product\/rivals-of-ixalan-booster-box\/\",\"name\":\"\ud83c\uddec\ud83c\udde7Rivals of Ixalan Booster Box - Worlds Of Magic\",\"isPartOf\":{\"@id\":\"https:\/\/worldsofmagic.net\/#website\"},\"primaryImageOfPage\":{\"@id\":\"https:\/\/worldsofmagic.net\/product\/rivals-of-ixalan-booster-box\/#primaryimage\"},\"image\":{\"@id\":\"https:\/\/worldsofmagic.net\/product\/rivals-of-ixalan-booster-box\/#primaryimage\"},\"thumbnailUrl\":\"https:\/\/worldsofmagic.net\/wp-content\/uploads\/2024\/11\/299079.png\",\"datePublished\":\"2024-11-03T14:25:46+00:00\",\"dateModified\":\"2025-07-13T14:42:18+00:00\",\"breadcrumb\":{\"@id\":\"https:\/\/worldsofmagic.net\/product\/rivals-of-ixalan-booster-box\/#breadcrumb\"},\"inLanguage\":\"fr-FR\",\"potentialAction\":[{\"@type\":\"ReadAction\",\"target\":[\"https:\/\/worldsofmagic.net\/product\/rivals-of-ixalan-booster-box\/\"]}]},{\"@type\":\"ImageObject\",\"inLanguage\":\"fr-FR\",\"@id\":\"https:\/\/worldsofmagic.net\/product\/rivals-of-ixalan-booster-box\/#primaryimage\",\"url\":\"https:\/\/worldsofmagic.net\/wp-content\/uploads\/2024\/11\/299079.png\",\"contentUrl\":\"https:\/\/worldsofmagic.net\/wp-content\/uploads\/2024\/11\/299079.png\",\"width\":300,\"height\":300},{\"@type\":\"BreadcrumbList\",\"@id\":\"https:\/\/worldsofmagic.net\/product\/rivals-of-ixalan-booster-box\/#breadcrumb\",\"itemListElement\":[{\"@type\":\"ListItem\",\"position\":1,\"name\":\"Accueil\",\"item\":\"https:\/\/worldsofmagic.net\/\"},{\"@type\":\"ListItem\",\"position\":2,\"name\":\"Shop\",\"item\":\"https:\/\/worldsofmagic.net\/shop\/\"},{\"@type\":\"ListItem\",\"position\":3,\"name\":\"\ud83c\uddec\ud83c\udde7Rivals of Ixalan Booster Box\"}]},{\"@type\":\"WebSite\",\"@id\":\"https:\/\/worldsofmagic.net\/#website\",\"url\":\"https:\/\/worldsofmagic.net\/\",\"name\":\"Worlds Of Magic\",\"description\":\"\",\"publisher\":{\"@id\":\"https:\/\/worldsofmagic.net\/#organization\"},\"potentialAction\":[{\"@type\":\"SearchAction\",\"target\":{\"@type\":\"EntryPoint\",\"urlTemplate\":\"https:\/\/worldsofmagic.net\/?s={search_term_string}\"},\"query-input\":{\"@type\":\"PropertyValueSpecification\",\"valueRequired\":true,\"valueName\":\"search_term_string\"}}],\"inLanguage\":\"fr-FR\"},{\"@type\":\"Organization\",\"@id\":\"https:\/\/worldsofmagic.net\/#organization\",\"name\":\"Worlds Of Magic\",\"alternateName\":\"Worlds Of Magic\",\"url\":\"https:\/\/worldsofmagic.net\/\",\"logo\":{\"@type\":\"ImageObject\",\"inLanguage\":\"fr-FR\",\"@id\":\"https:\/\/worldsofmagic.net\/#\/schema\/logo\/image\/\",\"url\":\"https:\/\/worldsofmagic.net\/wp-content\/uploads\/2024\/07\/image.png\",\"contentUrl\":\"https:\/\/worldsofmagic.net\/wp-content\/uploads\/2024\/07\/image.png\",\"width\":1072,\"height\":341,\"caption\":\"Worlds Of Magic\"},\"image\":{\"@id\":\"https:\/\/worldsofmagic.net\/#\/schema\/logo\/image\/\"}}]}<\/script>\n<!-- \/ Yoast SEO plugin. -->","yoast_head_json":{"title":"\ud83c\uddec\ud83c\udde7Rivals of Ixalan Booster Box - Worlds Of Magic","robots":{"index":"index","follow":"follow","max-snippet":"max-snippet:-1","max-image-preview":"max-image-preview:large","max-video-preview":"max-video-preview:-1"},"canonical":"https:\/\/worldsofmagic.net\/fr\/produit\/rivals-of-ixalan-booster-box\/","og_locale":"fr_FR","og_type":"article","og_title":"\ud83c\uddec\ud83c\udde7Rivals of Ixalan Booster Box - Worlds Of Magic","og_description":"BUILD DECKS. A booster box contains 36 booster packs of Rivals of Ixalan. Each booster pack contains 15 Magic cards (540 cards total). Pick your favorites, put them in your deck, and battle! FILL YOUR BINDER. Rivals of Ixalan includes planeswalkers like Angrath, the Flame-Chained, and some of the biggest creatures ever printed, like Ghalta, [&hellip;]","og_url":"https:\/\/worldsofmagic.net\/fr\/produit\/rivals-of-ixalan-booster-box\/","og_site_name":"Worlds Of Magic","article_modified_time":"2025-07-13T14:42:18+00:00","og_image":[{"width":300,"height":300,"url":"https:\/\/worldsofmagic.net\/wp-content\/uploads\/2024\/11\/299079.png","type":"image\/png"}],"twitter_card":"summary_large_image","twitter_misc":{"Dur\u00e9e de lecture estim\u00e9e":"2 minutes"},"schema":{"@context":"https:\/\/schema.org","@graph":[{"@type":"WebPage","@id":"https:\/\/worldsofmagic.net\/product\/rivals-of-ixalan-booster-box\/","url":"https:\/\/worldsofmagic.net\/product\/rivals-of-ixalan-booster-box\/","name":"\ud83c\uddec\ud83c\udde7Rivals of Ixalan Booster Box - Worlds Of Magic","isPartOf":{"@id":"https:\/\/worldsofmagic.net\/#website"},"primaryImageOfPage":{"@id":"https:\/\/worldsofmagic.net\/product\/rivals-of-ixalan-booster-box\/#primaryimage"},"image":{"@id":"https:\/\/worldsofmagic.net\/product\/rivals-of-ixalan-booster-box\/#primaryimage"},"thumbnailUrl":"https:\/\/worldsofmagic.net\/wp-content\/uploads\/2024\/11\/299079.png","datePublished":"2024-11-03T14:25:46+00:00","dateModified":"2025-07-13T14:42:18+00:00","breadcrumb":{"@id":"https:\/\/worldsofmagic.net\/product\/rivals-of-ixalan-booster-box\/#breadcrumb"},"inLanguage":"fr-FR","potentialAction":[{"@type":"ReadAction","target":["https:\/\/worldsofmagic.net\/product\/rivals-of-ixalan-booster-box\/"]}]},{"@type":"ImageObject","inLanguage":"fr-FR","@id":"https:\/\/worldsofmagic.net\/product\/rivals-of-ixalan-booster-box\/#primaryimage","url":"https:\/\/worldsofmagic.net\/wp-content\/uploads\/2024\/11\/299079.png","contentUrl":"https:\/\/worldsofmagic.net\/wp-content\/uploads\/2024\/11\/299079.png","width":300,"height":300},{"@type":"BreadcrumbList","@id":"https:\/\/worldsofmagic.net\/product\/rivals-of-ixalan-booster-box\/#breadcrumb","itemListElement":[{"@type":"ListItem","position":1,"name":"Accueil","item":"https:\/\/worldsofmagic.net\/"},{"@type":"ListItem","position":2,"name":"Shop","item":"https:\/\/worldsofmagic.net\/shop\/"},{"@type":"ListItem","position":3,"name":"\ud83c\uddec\ud83c\udde7Rivals of Ixalan Booster Box"}]},{"@type":"WebSite","@id":"https:\/\/worldsofmagic.net\/#website","url":"https:\/\/worldsofmagic.net\/","name":"Worlds Of Magic","description":"","publisher":{"@id":"https:\/\/worldsofmagic.net\/#organization"},"potentialAction":[{"@type":"SearchAction","target":{"@type":"EntryPoint","urlTemplate":"https:\/\/worldsofmagic.net\/?s={search_term_string}"},"query-input":{"@type":"PropertyValueSpecification","valueRequired":true,"valueName":"search_term_string"}}],"inLanguage":"fr-FR"},{"@type":"Organization","@id":"https:\/\/worldsofmagic.net\/#organization","name":"Worlds Of Magic","alternateName":"Worlds Of Magic","url":"https:\/\/worldsofmagic.net\/","logo":{"@type":"ImageObject","inLanguage":"fr-FR","@id":"https:\/\/worldsofmagic.net\/#\/schema\/logo\/image\/","url":"https:\/\/worldsofmagic.net\/wp-content\/uploads\/2024\/07\/image.png","contentUrl":"https:\/\/worldsofmagic.net\/wp-content\/uploads\/2024\/07\/image.png","width":1072,"height":341,"caption":"Worlds Of Magic"},"image":{"@id":"https:\/\/worldsofmagic.net\/#\/schema\/logo\/image\/"}}]}},"jetpack_sharing_enabled":true,"_links":{"self":[{"href":"https:\/\/worldsofmagic.net\/fr\/wp-json\/wp\/v2\/product\/2050"}],"collection":[{"href":"https:\/\/worldsofmagic.net\/fr\/wp-json\/wp\/v2\/product"}],"about":[{"href":"https:\/\/worldsofmagic.net\/fr\/wp-json\/wp\/v2\/types\/product"}],"replies":[{"embeddable":true,"href":"https:\/\/worldsofmagic.net\/fr\/wp-json\/wp\/v2\/comments?post=2050"}],"wp:featuredmedia":[{"embeddable":true,"href":"https:\/\/worldsofmagic.net\/fr\/wp-json\/wp\/v2\/media\/2051"}],"wp:attachment":[{"href":"https:\/\/worldsofmagic.net\/fr\/wp-json\/wp\/v2\/media?parent=2050"}],"wp:term":[{"taxonomy":"product_cat","embeddable":true,"href":"https:\/\/worldsofmagic.net\/fr\/wp-json\/wp\/v2\/product_cat?post=2050"},{"taxonomy":"product_tag","embeddable":true,"href":"https:\/\/worldsofmagic.net\/fr\/wp-json\/wp\/v2\/product_tag?post=2050"}],"curies":[{"name":"wp","href":"https:\/\/api.w.org\/{rel}","templated":true}]}}