{"id":2053,"date":"2024-11-03T14:29:28","date_gmt":"2024-11-03T14:29:28","guid":{"rendered":"https:\/\/worldsofmagic.net\/?post_type=product&#038;p=2053"},"modified":"2025-07-13T14:41:40","modified_gmt":"2025-07-13T14:41:40","slug":"ikoria-lair-of-behemoths-collector-booster-box-japanese-2","status":"publish","type":"product","link":"https:\/\/worldsofmagic.net\/fr\/produit\/ikoria-lair-of-behemoths-collector-booster-box-japanese-2\/","title":{"rendered":"Boite de boosters collector de Ikoria: Lair of Behemoths \u2013 Japonais\ud83c\uddef\ud83c\uddf5"},"content":{"rendered":"<ul class=\"a-unordered-list a-vertical a-spacing-mini\">\n<li class=\"a-spacing-mini\"><span class=\"a-list-item\"> Les boosters Collector sont des packs de boosters suraliment\u00e9s, remplis uniquement du meilleur d&#039;Ikoria : Lair of Behemoths (IKO) : illustrations alternatives, cadres alternatifs, choix ax\u00e9s sur le commandant, et bien plus encore. <\/span><\/li>\n<li class=\"a-spacing-mini\"><span class=\"a-list-item\"> D\u00e9couvrez toute la beaut\u00e9, les merveilles et les monstres incroyablement gigantesques d&#039;Ikoria, r\u00e9unis dans un booster incroyable. Ouvrez un pack pour d\u00e9couvrir certaines des cartes les plus belles et les plus passionnantes que Magic: The Gathering (MTG) a \u00e0 offrir. <\/span><\/li>\n<li class=\"a-spacing-mini\"><span class=\"a-list-item\"> Les cartes d&#039;Ikoria : Lair of Behemoths (IKO) ont mut\u00e9 en quelque chose d&#039;\u00e9tonnant. Ouvrez des cartes avec des cadres alternatifs, des styles artistiques originaux ou de magnifiques designs sans bordure. <\/span><\/li>\n<li class=\"a-spacing-mini\"><span class=\"a-list-item\"> Trouvez votre compagnon monstre pr\u00e9f\u00e9r\u00e9, faites \u00e9quipe et affrontez ensemble les mastodontes d&#039;Ikoria. <\/span><\/li>\n<li class=\"a-spacing-mini\"><span class=\"a-list-item\"> Contenu : six (6) cartes communes\/peu communes, un (1) terrain de base, une (1) carte ax\u00e9e sur le commandant, une (1) carte rare\/mythique non-foil avec illustration \u00e9tendue, une (1) carte rare\/mythique non-foil, deux (2) cartes communes\/peu communes non-foil de pr\u00e9sentation, une (1) carte rare\/mythique non-foil de pr\u00e9sentation ou un planeswalker sans bordure, une (1) carte monstre de la s\u00e9rie Godzilla avec illustration alternative non-foil, un (1) planeswalker non-foil avec illustration \u00e9tendue ou sans bordure, un (1) jeton premium <\/span><\/li>\n<li class=\"a-spacing-mini\"><span class=\"a-list-item\"> S\u00e9rie japonaise non disponible en boosters collector anglais. <\/span><\/li>\n<\/ul>","protected":false},"excerpt":{"rendered":"<p>Les boosters collector sont des packs de boosters suraliment\u00e9s, remplis uniquement du meilleur d&#039;Ikoria : Lair of Behemoths (IKO) : illustrations alternatives, cadres alternatifs, choix ax\u00e9s sur le commandant et bien plus encore. D\u00e9couvrez toute la beaut\u00e9, les merveilles et les monstres incroyablement \u00e9normes d&#039;Ikoria, distill\u00e9s dans un booster incroyable. Ouvrez un pack pour voir certaines des cartes les plus belles et les plus excitantes de Magic : The [\u2026]<\/p>","protected":false},"featured_media":2054,"comment_status":"open","ping_status":"closed","template":"","meta":[],"product_cat":[27,21,85],"product_tag":[],"class_list":{"0":"post-2053","1":"product","2":"type-product","3":"status-publish","4":"has-post-thumbnail","6":"product_cat-boosterboxes","7":"product_cat-magic-the-gathering","8":"product_cat-others","9":"pa_language-japanese","10":"pa_mtg-edition-ikoria-lair-of-behemoths","12":"first","13":"instock","14":"purchasable","15":"product-type-simple"},"yoast_head":"<!-- This site is optimized with the Yoast SEO plugin v23.6 - https:\/\/yoast.com\/wordpress\/plugins\/seo\/ -->\n<title>\ud83c\uddef\ud83c\uddf5Ikoria: Lair of Behemoths Collector Booster Box - Japanese - Worlds Of Magic<\/title>\n<meta name=\"robots\" content=\"index, follow, max-snippet:-1, max-image-preview:large, max-video-preview:-1\" \/>\n<link rel=\"canonical\" href=\"https:\/\/worldsofmagic.net\/fr\/produit\/ikoria-lair-of-behemoths-collector-booster-box-japanese-2\/\" \/>\n<meta property=\"og:locale\" content=\"fr_FR\" \/>\n<meta property=\"og:type\" content=\"article\" \/>\n<meta property=\"og:title\" content=\"\ud83c\uddef\ud83c\uddf5Ikoria: Lair of Behemoths Collector Booster Box - Japanese - Worlds Of Magic\" \/>\n<meta property=\"og:description\" content=\"Collector Boosters are supercharged booster packs, loaded with nothing but the best from Ikoria: Lair of Behemoths (IKO)\u2014alternate art, alternate frames, Commander-focused picks, and more. Experience all the beauty, wonder, and ridiculously huge monsters of Ikoria\u2014distilled into one incredible booster. Open a pack to see some of the most beautiful and exciting cards Magic: The [&hellip;]\" \/>\n<meta property=\"og:url\" content=\"https:\/\/worldsofmagic.net\/fr\/produit\/ikoria-lair-of-behemoths-collector-booster-box-japanese-2\/\" \/>\n<meta property=\"og:site_name\" content=\"Worlds Of Magic\" \/>\n<meta property=\"article:modified_time\" content=\"2025-07-13T14:41:40+00:00\" \/>\n<meta property=\"og:image\" content=\"https:\/\/worldsofmagic.net\/wp-content\/uploads\/2024\/11\/426991.png\" \/>\n\t<meta property=\"og:image:width\" content=\"300\" \/>\n\t<meta property=\"og:image:height\" content=\"300\" \/>\n\t<meta property=\"og:image:type\" content=\"image\/png\" \/>\n<meta name=\"twitter:card\" content=\"summary_large_image\" \/>\n<meta name=\"twitter:label1\" content=\"Dur\u00e9e de lecture estim\u00e9e\" \/>\n\t<meta name=\"twitter:data1\" content=\"1 minute\" \/>\n<script type=\"application\/ld+json\" class=\"yoast-schema-graph\">{\"@context\":\"https:\/\/schema.org\",\"@graph\":[{\"@type\":\"WebPage\",\"@id\":\"https:\/\/worldsofmagic.net\/product\/ikoria-lair-of-behemoths-collector-booster-box-japanese-2\/\",\"url\":\"https:\/\/worldsofmagic.net\/product\/ikoria-lair-of-behemoths-collector-booster-box-japanese-2\/\",\"name\":\"\ud83c\uddef\ud83c\uddf5Ikoria: Lair of Behemoths Collector Booster Box - Japanese - Worlds Of Magic\",\"isPartOf\":{\"@id\":\"https:\/\/worldsofmagic.net\/#website\"},\"primaryImageOfPage\":{\"@id\":\"https:\/\/worldsofmagic.net\/product\/ikoria-lair-of-behemoths-collector-booster-box-japanese-2\/#primaryimage\"},\"image\":{\"@id\":\"https:\/\/worldsofmagic.net\/product\/ikoria-lair-of-behemoths-collector-booster-box-japanese-2\/#primaryimage\"},\"thumbnailUrl\":\"https:\/\/worldsofmagic.net\/wp-content\/uploads\/2024\/11\/426991.png\",\"datePublished\":\"2024-11-03T14:29:28+00:00\",\"dateModified\":\"2025-07-13T14:41:40+00:00\",\"breadcrumb\":{\"@id\":\"https:\/\/worldsofmagic.net\/product\/ikoria-lair-of-behemoths-collector-booster-box-japanese-2\/#breadcrumb\"},\"inLanguage\":\"fr-FR\",\"potentialAction\":[{\"@type\":\"ReadAction\",\"target\":[\"https:\/\/worldsofmagic.net\/product\/ikoria-lair-of-behemoths-collector-booster-box-japanese-2\/\"]}]},{\"@type\":\"ImageObject\",\"inLanguage\":\"fr-FR\",\"@id\":\"https:\/\/worldsofmagic.net\/product\/ikoria-lair-of-behemoths-collector-booster-box-japanese-2\/#primaryimage\",\"url\":\"https:\/\/worldsofmagic.net\/wp-content\/uploads\/2024\/11\/426991.png\",\"contentUrl\":\"https:\/\/worldsofmagic.net\/wp-content\/uploads\/2024\/11\/426991.png\",\"width\":300,\"height\":300},{\"@type\":\"BreadcrumbList\",\"@id\":\"https:\/\/worldsofmagic.net\/product\/ikoria-lair-of-behemoths-collector-booster-box-japanese-2\/#breadcrumb\",\"itemListElement\":[{\"@type\":\"ListItem\",\"position\":1,\"name\":\"Accueil\",\"item\":\"https:\/\/worldsofmagic.net\/\"},{\"@type\":\"ListItem\",\"position\":2,\"name\":\"Shop\",\"item\":\"https:\/\/worldsofmagic.net\/shop\/\"},{\"@type\":\"ListItem\",\"position\":3,\"name\":\"\ud83c\uddef\ud83c\uddf5Ikoria: Lair of Behemoths Collector Booster Box &#8211; Japanese\"}]},{\"@type\":\"WebSite\",\"@id\":\"https:\/\/worldsofmagic.net\/#website\",\"url\":\"https:\/\/worldsofmagic.net\/\",\"name\":\"Worlds Of Magic\",\"description\":\"\",\"publisher\":{\"@id\":\"https:\/\/worldsofmagic.net\/#organization\"},\"potentialAction\":[{\"@type\":\"SearchAction\",\"target\":{\"@type\":\"EntryPoint\",\"urlTemplate\":\"https:\/\/worldsofmagic.net\/?s={search_term_string}\"},\"query-input\":{\"@type\":\"PropertyValueSpecification\",\"valueRequired\":true,\"valueName\":\"search_term_string\"}}],\"inLanguage\":\"fr-FR\"},{\"@type\":\"Organization\",\"@id\":\"https:\/\/worldsofmagic.net\/#organization\",\"name\":\"Worlds Of Magic\",\"alternateName\":\"Worlds Of Magic\",\"url\":\"https:\/\/worldsofmagic.net\/\",\"logo\":{\"@type\":\"ImageObject\",\"inLanguage\":\"fr-FR\",\"@id\":\"https:\/\/worldsofmagic.net\/#\/schema\/logo\/image\/\",\"url\":\"https:\/\/worldsofmagic.net\/wp-content\/uploads\/2024\/07\/image.png\",\"contentUrl\":\"https:\/\/worldsofmagic.net\/wp-content\/uploads\/2024\/07\/image.png\",\"width\":1072,\"height\":341,\"caption\":\"Worlds Of Magic\"},\"image\":{\"@id\":\"https:\/\/worldsofmagic.net\/#\/schema\/logo\/image\/\"}}]}<\/script>\n<!-- \/ Yoast SEO plugin. -->","yoast_head_json":{"title":"\ud83c\uddef\ud83c\uddf5Ikoria: Lair of Behemoths Collector Booster Box - Japanese - Worlds Of Magic","robots":{"index":"index","follow":"follow","max-snippet":"max-snippet:-1","max-image-preview":"max-image-preview:large","max-video-preview":"max-video-preview:-1"},"canonical":"https:\/\/worldsofmagic.net\/fr\/produit\/ikoria-lair-of-behemoths-collector-booster-box-japanese-2\/","og_locale":"fr_FR","og_type":"article","og_title":"\ud83c\uddef\ud83c\uddf5Ikoria: Lair of Behemoths Collector Booster Box - Japanese - Worlds Of Magic","og_description":"Collector Boosters are supercharged booster packs, loaded with nothing but the best from Ikoria: Lair of Behemoths (IKO)\u2014alternate art, alternate frames, Commander-focused picks, and more. Experience all the beauty, wonder, and ridiculously huge monsters of Ikoria\u2014distilled into one incredible booster. Open a pack to see some of the most beautiful and exciting cards Magic: The [&hellip;]","og_url":"https:\/\/worldsofmagic.net\/fr\/produit\/ikoria-lair-of-behemoths-collector-booster-box-japanese-2\/","og_site_name":"Worlds Of Magic","article_modified_time":"2025-07-13T14:41:40+00:00","og_image":[{"width":300,"height":300,"url":"https:\/\/worldsofmagic.net\/wp-content\/uploads\/2024\/11\/426991.png","type":"image\/png"}],"twitter_card":"summary_large_image","twitter_misc":{"Dur\u00e9e de lecture estim\u00e9e":"1 minute"},"schema":{"@context":"https:\/\/schema.org","@graph":[{"@type":"WebPage","@id":"https:\/\/worldsofmagic.net\/product\/ikoria-lair-of-behemoths-collector-booster-box-japanese-2\/","url":"https:\/\/worldsofmagic.net\/product\/ikoria-lair-of-behemoths-collector-booster-box-japanese-2\/","name":"\ud83c\uddef\ud83c\uddf5Ikoria: Lair of Behemoths Collector Booster Box - Japanese - Worlds Of Magic","isPartOf":{"@id":"https:\/\/worldsofmagic.net\/#website"},"primaryImageOfPage":{"@id":"https:\/\/worldsofmagic.net\/product\/ikoria-lair-of-behemoths-collector-booster-box-japanese-2\/#primaryimage"},"image":{"@id":"https:\/\/worldsofmagic.net\/product\/ikoria-lair-of-behemoths-collector-booster-box-japanese-2\/#primaryimage"},"thumbnailUrl":"https:\/\/worldsofmagic.net\/wp-content\/uploads\/2024\/11\/426991.png","datePublished":"2024-11-03T14:29:28+00:00","dateModified":"2025-07-13T14:41:40+00:00","breadcrumb":{"@id":"https:\/\/worldsofmagic.net\/product\/ikoria-lair-of-behemoths-collector-booster-box-japanese-2\/#breadcrumb"},"inLanguage":"fr-FR","potentialAction":[{"@type":"ReadAction","target":["https:\/\/worldsofmagic.net\/product\/ikoria-lair-of-behemoths-collector-booster-box-japanese-2\/"]}]},{"@type":"ImageObject","inLanguage":"fr-FR","@id":"https:\/\/worldsofmagic.net\/product\/ikoria-lair-of-behemoths-collector-booster-box-japanese-2\/#primaryimage","url":"https:\/\/worldsofmagic.net\/wp-content\/uploads\/2024\/11\/426991.png","contentUrl":"https:\/\/worldsofmagic.net\/wp-content\/uploads\/2024\/11\/426991.png","width":300,"height":300},{"@type":"BreadcrumbList","@id":"https:\/\/worldsofmagic.net\/product\/ikoria-lair-of-behemoths-collector-booster-box-japanese-2\/#breadcrumb","itemListElement":[{"@type":"ListItem","position":1,"name":"Accueil","item":"https:\/\/worldsofmagic.net\/"},{"@type":"ListItem","position":2,"name":"Shop","item":"https:\/\/worldsofmagic.net\/shop\/"},{"@type":"ListItem","position":3,"name":"\ud83c\uddef\ud83c\uddf5Ikoria: Lair of Behemoths Collector Booster Box &#8211; Japanese"}]},{"@type":"WebSite","@id":"https:\/\/worldsofmagic.net\/#website","url":"https:\/\/worldsofmagic.net\/","name":"Worlds Of Magic","description":"","publisher":{"@id":"https:\/\/worldsofmagic.net\/#organization"},"potentialAction":[{"@type":"SearchAction","target":{"@type":"EntryPoint","urlTemplate":"https:\/\/worldsofmagic.net\/?s={search_term_string}"},"query-input":{"@type":"PropertyValueSpecification","valueRequired":true,"valueName":"search_term_string"}}],"inLanguage":"fr-FR"},{"@type":"Organization","@id":"https:\/\/worldsofmagic.net\/#organization","name":"Worlds Of Magic","alternateName":"Worlds Of Magic","url":"https:\/\/worldsofmagic.net\/","logo":{"@type":"ImageObject","inLanguage":"fr-FR","@id":"https:\/\/worldsofmagic.net\/#\/schema\/logo\/image\/","url":"https:\/\/worldsofmagic.net\/wp-content\/uploads\/2024\/07\/image.png","contentUrl":"https:\/\/worldsofmagic.net\/wp-content\/uploads\/2024\/07\/image.png","width":1072,"height":341,"caption":"Worlds Of Magic"},"image":{"@id":"https:\/\/worldsofmagic.net\/#\/schema\/logo\/image\/"}}]}},"jetpack_sharing_enabled":true,"_links":{"self":[{"href":"https:\/\/worldsofmagic.net\/fr\/wp-json\/wp\/v2\/product\/2053"}],"collection":[{"href":"https:\/\/worldsofmagic.net\/fr\/wp-json\/wp\/v2\/product"}],"about":[{"href":"https:\/\/worldsofmagic.net\/fr\/wp-json\/wp\/v2\/types\/product"}],"replies":[{"embeddable":true,"href":"https:\/\/worldsofmagic.net\/fr\/wp-json\/wp\/v2\/comments?post=2053"}],"wp:featuredmedia":[{"embeddable":true,"href":"https:\/\/worldsofmagic.net\/fr\/wp-json\/wp\/v2\/media\/2054"}],"wp:attachment":[{"href":"https:\/\/worldsofmagic.net\/fr\/wp-json\/wp\/v2\/media?parent=2053"}],"wp:term":[{"taxonomy":"product_cat","embeddable":true,"href":"https:\/\/worldsofmagic.net\/fr\/wp-json\/wp\/v2\/product_cat?post=2053"},{"taxonomy":"product_tag","embeddable":true,"href":"https:\/\/worldsofmagic.net\/fr\/wp-json\/wp\/v2\/product_tag?post=2053"}],"curies":[{"name":"wp","href":"https:\/\/api.w.org\/{rel}","templated":true}]}}