{"id":2061,"date":"2024-11-03T14:50:20","date_gmt":"2024-11-03T14:50:20","guid":{"rendered":"https:\/\/worldsofmagic.net\/?post_type=product&#038;p=2061"},"modified":"2025-07-13T14:39:50","modified_gmt":"2025-07-13T14:39:50","slug":"deck-builders-toolkit-magic-2011","status":"publish","type":"product","link":"https:\/\/worldsofmagic.net\/fr\/produit\/deck-builders-toolkit-magic-2011\/","title":{"rendered":"Deck Builder\u2019s Toolkit (Magic 2011)\ud83c\uddec\ud83c\udde7"},"content":{"rendered":"<p>contenant 100 cartes de terrain de base (20 de chaque type de <i>Magie 2011<\/i>), 85 cartes fixes (10 Uncommons et 75 Commons), quatre des 11 packs de strat\u00e9gie (avec 6 Commons et 4 Uncommons chacun), quatre boosters de 15 cartes des derni\u00e8res \u00e9ditions, un guide de cr\u00e9ation de deck avec des conseils pour cr\u00e9er les meilleurs decks Magic, un guide Magic \u00ab apprendre \u00e0 jouer \u00bb et une bo\u00eete de rangement de cartes r\u00e9utilisable enti\u00e8rement illustr\u00e9e.<\/p>","protected":false},"excerpt":{"rendered":"<p>contenant 100 cartes de terrain de base (20 de chaque type de Magic 2011), 85 cartes fixes (10 Uncommons et 75 Commons), quatre des 11 packs de strat\u00e9gie (avec 6 Commons et 4 Uncommons chacun), quatre boosters de 15 cartes des extensions r\u00e9centes, un guide de cr\u00e9ation de deck avec des conseils pour cr\u00e9er les meilleurs decks Magic, un guide Magic \u00ab apprendre [\u2026]<\/p>","protected":false},"featured_media":2063,"comment_status":"open","ping_status":"closed","template":"","meta":[],"product_cat":[37,89,33,21],"product_tag":[],"class_list":{"0":"post-2061","1":"product","2":"type-product","3":"status-publish","4":"has-post-thumbnail","6":"product_cat-deckbuilders-toolkit","7":"product_cat-english-deckbuilders-toolkit","8":"product_cat-magic-rarities","9":"product_cat-magic-the-gathering","10":"pa_language-english","11":"pa_mtg-edition-other","13":"first","14":"instock","15":"purchasable","16":"product-type-simple"},"yoast_head":"<!-- This site is optimized with the Yoast SEO plugin v23.6 - https:\/\/yoast.com\/wordpress\/plugins\/seo\/ -->\n<title>\ud83c\uddec\ud83c\udde7Deck Builder&#039;s Toolkit (Magic 2011) - Worlds Of Magic<\/title>\n<meta name=\"robots\" content=\"index, follow, max-snippet:-1, max-image-preview:large, max-video-preview:-1\" \/>\n<link rel=\"canonical\" href=\"https:\/\/worldsofmagic.net\/fr\/produit\/deck-builders-toolkit-magic-2011\/\" \/>\n<meta property=\"og:locale\" content=\"fr_FR\" \/>\n<meta property=\"og:type\" content=\"article\" \/>\n<meta property=\"og:title\" content=\"\ud83c\uddec\ud83c\udde7Deck Builder&#039;s Toolkit (Magic 2011) - Worlds Of Magic\" \/>\n<meta property=\"og:description\" content=\"containing 100 basic land cards (20 of each type from Magic 2011), 85 fixed cards (10 Uncommons and 75 Commons), four out of 11 strategy packs (with 6 Commons and 4 Uncommons each), four 15-card booster packs from recent sets, a Deck builder\u2019s guide with tips about building the best Magic decks, a Magic &#8220;learn [&hellip;]\" \/>\n<meta property=\"og:url\" content=\"https:\/\/worldsofmagic.net\/fr\/produit\/deck-builders-toolkit-magic-2011\/\" \/>\n<meta property=\"og:site_name\" content=\"Worlds Of Magic\" \/>\n<meta property=\"article:modified_time\" content=\"2025-07-13T14:39:50+00:00\" \/>\n<meta property=\"og:image\" content=\"https:\/\/worldsofmagic.net\/wp-content\/uploads\/2024\/11\/1562234029-46270800__12372-removebg-preview1.png\" \/>\n\t<meta property=\"og:image:width\" content=\"500\" \/>\n\t<meta property=\"og:image:height\" content=\"500\" \/>\n\t<meta property=\"og:image:type\" content=\"image\/png\" \/>\n<meta name=\"twitter:card\" content=\"summary_large_image\" \/>\n<meta name=\"twitter:label1\" content=\"Dur\u00e9e de lecture estim\u00e9e\" \/>\n\t<meta name=\"twitter:data1\" content=\"1 minute\" \/>\n<script type=\"application\/ld+json\" class=\"yoast-schema-graph\">{\"@context\":\"https:\/\/schema.org\",\"@graph\":[{\"@type\":\"WebPage\",\"@id\":\"https:\/\/worldsofmagic.net\/product\/deck-builders-toolkit-magic-2011\/\",\"url\":\"https:\/\/worldsofmagic.net\/product\/deck-builders-toolkit-magic-2011\/\",\"name\":\"\ud83c\uddec\ud83c\udde7Deck Builder's Toolkit (Magic 2011) - Worlds Of Magic\",\"isPartOf\":{\"@id\":\"https:\/\/worldsofmagic.net\/#website\"},\"primaryImageOfPage\":{\"@id\":\"https:\/\/worldsofmagic.net\/product\/deck-builders-toolkit-magic-2011\/#primaryimage\"},\"image\":{\"@id\":\"https:\/\/worldsofmagic.net\/product\/deck-builders-toolkit-magic-2011\/#primaryimage\"},\"thumbnailUrl\":\"https:\/\/worldsofmagic.net\/wp-content\/uploads\/2024\/11\/1562234029-46270800__12372-removebg-preview1.png\",\"datePublished\":\"2024-11-03T14:50:20+00:00\",\"dateModified\":\"2025-07-13T14:39:50+00:00\",\"breadcrumb\":{\"@id\":\"https:\/\/worldsofmagic.net\/product\/deck-builders-toolkit-magic-2011\/#breadcrumb\"},\"inLanguage\":\"fr-FR\",\"potentialAction\":[{\"@type\":\"ReadAction\",\"target\":[\"https:\/\/worldsofmagic.net\/product\/deck-builders-toolkit-magic-2011\/\"]}]},{\"@type\":\"ImageObject\",\"inLanguage\":\"fr-FR\",\"@id\":\"https:\/\/worldsofmagic.net\/product\/deck-builders-toolkit-magic-2011\/#primaryimage\",\"url\":\"https:\/\/worldsofmagic.net\/wp-content\/uploads\/2024\/11\/1562234029-46270800__12372-removebg-preview1.png\",\"contentUrl\":\"https:\/\/worldsofmagic.net\/wp-content\/uploads\/2024\/11\/1562234029-46270800__12372-removebg-preview1.png\",\"width\":500,\"height\":500},{\"@type\":\"BreadcrumbList\",\"@id\":\"https:\/\/worldsofmagic.net\/product\/deck-builders-toolkit-magic-2011\/#breadcrumb\",\"itemListElement\":[{\"@type\":\"ListItem\",\"position\":1,\"name\":\"Accueil\",\"item\":\"https:\/\/worldsofmagic.net\/\"},{\"@type\":\"ListItem\",\"position\":2,\"name\":\"Shop\",\"item\":\"https:\/\/worldsofmagic.net\/shop\/\"},{\"@type\":\"ListItem\",\"position\":3,\"name\":\"\ud83c\uddec\ud83c\udde7Deck Builder&#8217;s Toolkit (Magic 2011)\"}]},{\"@type\":\"WebSite\",\"@id\":\"https:\/\/worldsofmagic.net\/#website\",\"url\":\"https:\/\/worldsofmagic.net\/\",\"name\":\"Worlds Of Magic\",\"description\":\"\",\"publisher\":{\"@id\":\"https:\/\/worldsofmagic.net\/#organization\"},\"potentialAction\":[{\"@type\":\"SearchAction\",\"target\":{\"@type\":\"EntryPoint\",\"urlTemplate\":\"https:\/\/worldsofmagic.net\/?s={search_term_string}\"},\"query-input\":{\"@type\":\"PropertyValueSpecification\",\"valueRequired\":true,\"valueName\":\"search_term_string\"}}],\"inLanguage\":\"fr-FR\"},{\"@type\":\"Organization\",\"@id\":\"https:\/\/worldsofmagic.net\/#organization\",\"name\":\"Worlds Of Magic\",\"alternateName\":\"Worlds Of Magic\",\"url\":\"https:\/\/worldsofmagic.net\/\",\"logo\":{\"@type\":\"ImageObject\",\"inLanguage\":\"fr-FR\",\"@id\":\"https:\/\/worldsofmagic.net\/#\/schema\/logo\/image\/\",\"url\":\"https:\/\/worldsofmagic.net\/wp-content\/uploads\/2024\/07\/image.png\",\"contentUrl\":\"https:\/\/worldsofmagic.net\/wp-content\/uploads\/2024\/07\/image.png\",\"width\":1072,\"height\":341,\"caption\":\"Worlds Of Magic\"},\"image\":{\"@id\":\"https:\/\/worldsofmagic.net\/#\/schema\/logo\/image\/\"}}]}<\/script>\n<!-- \/ Yoast SEO plugin. -->","yoast_head_json":{"title":"\ud83c\uddec\ud83c\udde7Deck Builder's Toolkit (Magic 2011) - Worlds Of Magic","robots":{"index":"index","follow":"follow","max-snippet":"max-snippet:-1","max-image-preview":"max-image-preview:large","max-video-preview":"max-video-preview:-1"},"canonical":"https:\/\/worldsofmagic.net\/fr\/produit\/deck-builders-toolkit-magic-2011\/","og_locale":"fr_FR","og_type":"article","og_title":"\ud83c\uddec\ud83c\udde7Deck Builder's Toolkit (Magic 2011) - Worlds Of Magic","og_description":"containing 100 basic land cards (20 of each type from Magic 2011), 85 fixed cards (10 Uncommons and 75 Commons), four out of 11 strategy packs (with 6 Commons and 4 Uncommons each), four 15-card booster packs from recent sets, a Deck builder\u2019s guide with tips about building the best Magic decks, a Magic &#8220;learn [&hellip;]","og_url":"https:\/\/worldsofmagic.net\/fr\/produit\/deck-builders-toolkit-magic-2011\/","og_site_name":"Worlds Of Magic","article_modified_time":"2025-07-13T14:39:50+00:00","og_image":[{"width":500,"height":500,"url":"https:\/\/worldsofmagic.net\/wp-content\/uploads\/2024\/11\/1562234029-46270800__12372-removebg-preview1.png","type":"image\/png"}],"twitter_card":"summary_large_image","twitter_misc":{"Dur\u00e9e de lecture estim\u00e9e":"1 minute"},"schema":{"@context":"https:\/\/schema.org","@graph":[{"@type":"WebPage","@id":"https:\/\/worldsofmagic.net\/product\/deck-builders-toolkit-magic-2011\/","url":"https:\/\/worldsofmagic.net\/product\/deck-builders-toolkit-magic-2011\/","name":"\ud83c\uddec\ud83c\udde7Deck Builder's Toolkit (Magic 2011) - Worlds Of Magic","isPartOf":{"@id":"https:\/\/worldsofmagic.net\/#website"},"primaryImageOfPage":{"@id":"https:\/\/worldsofmagic.net\/product\/deck-builders-toolkit-magic-2011\/#primaryimage"},"image":{"@id":"https:\/\/worldsofmagic.net\/product\/deck-builders-toolkit-magic-2011\/#primaryimage"},"thumbnailUrl":"https:\/\/worldsofmagic.net\/wp-content\/uploads\/2024\/11\/1562234029-46270800__12372-removebg-preview1.png","datePublished":"2024-11-03T14:50:20+00:00","dateModified":"2025-07-13T14:39:50+00:00","breadcrumb":{"@id":"https:\/\/worldsofmagic.net\/product\/deck-builders-toolkit-magic-2011\/#breadcrumb"},"inLanguage":"fr-FR","potentialAction":[{"@type":"ReadAction","target":["https:\/\/worldsofmagic.net\/product\/deck-builders-toolkit-magic-2011\/"]}]},{"@type":"ImageObject","inLanguage":"fr-FR","@id":"https:\/\/worldsofmagic.net\/product\/deck-builders-toolkit-magic-2011\/#primaryimage","url":"https:\/\/worldsofmagic.net\/wp-content\/uploads\/2024\/11\/1562234029-46270800__12372-removebg-preview1.png","contentUrl":"https:\/\/worldsofmagic.net\/wp-content\/uploads\/2024\/11\/1562234029-46270800__12372-removebg-preview1.png","width":500,"height":500},{"@type":"BreadcrumbList","@id":"https:\/\/worldsofmagic.net\/product\/deck-builders-toolkit-magic-2011\/#breadcrumb","itemListElement":[{"@type":"ListItem","position":1,"name":"Accueil","item":"https:\/\/worldsofmagic.net\/"},{"@type":"ListItem","position":2,"name":"Shop","item":"https:\/\/worldsofmagic.net\/shop\/"},{"@type":"ListItem","position":3,"name":"\ud83c\uddec\ud83c\udde7Deck Builder&#8217;s Toolkit (Magic 2011)"}]},{"@type":"WebSite","@id":"https:\/\/worldsofmagic.net\/#website","url":"https:\/\/worldsofmagic.net\/","name":"Worlds Of Magic","description":"","publisher":{"@id":"https:\/\/worldsofmagic.net\/#organization"},"potentialAction":[{"@type":"SearchAction","target":{"@type":"EntryPoint","urlTemplate":"https:\/\/worldsofmagic.net\/?s={search_term_string}"},"query-input":{"@type":"PropertyValueSpecification","valueRequired":true,"valueName":"search_term_string"}}],"inLanguage":"fr-FR"},{"@type":"Organization","@id":"https:\/\/worldsofmagic.net\/#organization","name":"Worlds Of Magic","alternateName":"Worlds Of Magic","url":"https:\/\/worldsofmagic.net\/","logo":{"@type":"ImageObject","inLanguage":"fr-FR","@id":"https:\/\/worldsofmagic.net\/#\/schema\/logo\/image\/","url":"https:\/\/worldsofmagic.net\/wp-content\/uploads\/2024\/07\/image.png","contentUrl":"https:\/\/worldsofmagic.net\/wp-content\/uploads\/2024\/07\/image.png","width":1072,"height":341,"caption":"Worlds Of Magic"},"image":{"@id":"https:\/\/worldsofmagic.net\/#\/schema\/logo\/image\/"}}]}},"jetpack_sharing_enabled":true,"_links":{"self":[{"href":"https:\/\/worldsofmagic.net\/fr\/wp-json\/wp\/v2\/product\/2061"}],"collection":[{"href":"https:\/\/worldsofmagic.net\/fr\/wp-json\/wp\/v2\/product"}],"about":[{"href":"https:\/\/worldsofmagic.net\/fr\/wp-json\/wp\/v2\/types\/product"}],"replies":[{"embeddable":true,"href":"https:\/\/worldsofmagic.net\/fr\/wp-json\/wp\/v2\/comments?post=2061"}],"wp:featuredmedia":[{"embeddable":true,"href":"https:\/\/worldsofmagic.net\/fr\/wp-json\/wp\/v2\/media\/2063"}],"wp:attachment":[{"href":"https:\/\/worldsofmagic.net\/fr\/wp-json\/wp\/v2\/media?parent=2061"}],"wp:term":[{"taxonomy":"product_cat","embeddable":true,"href":"https:\/\/worldsofmagic.net\/fr\/wp-json\/wp\/v2\/product_cat?post=2061"},{"taxonomy":"product_tag","embeddable":true,"href":"https:\/\/worldsofmagic.net\/fr\/wp-json\/wp\/v2\/product_tag?post=2061"}],"curies":[{"name":"wp","href":"https:\/\/api.w.org\/{rel}","templated":true}]}}