{"id":2065,"date":"2024-11-03T15:06:29","date_gmt":"2024-11-03T15:06:29","guid":{"rendered":"https:\/\/worldsofmagic.net\/?post_type=product&#038;p=2065"},"modified":"2024-12-09T12:53:56","modified_gmt":"2024-12-09T12:53:56","slug":"deck-builders-toolkit-magic-2014","status":"publish","type":"product","link":"https:\/\/worldsofmagic.net\/fr\/produit\/deck-builders-toolkit-magic-2014\/","title":{"rendered":"Deck Builder\u2019s Toolkit (Magic 2014)\ud83c\uddec\ud83c\udde7"},"content":{"rendered":"<p>Il contient 100 cartes de terrain de base (20 de chaque type de <i>Magie 2014<\/i>), 85 cartes fixes, 40 des 125 cartes semi-al\u00e9atoires adapt\u00e9es \u00e0 la construction de plusieurs decks Magic diff\u00e9rents et quatre boosters de 15 cartes (<i>Magie 2014<\/i>, <i>Magie 2013<\/i>, <i>Retour \u00e0 Ravnica<\/i>, et <i>Resquiller<\/i>), un guide de cr\u00e9ation de deck avec des conseils pour cr\u00e9er les meilleurs decks Magic, un guide \u00ab apprendre \u00e0 jouer \u00bb \u00e0 Magic et une bo\u00eete de rangement de cartes r\u00e9utilisable enti\u00e8rement illustr\u00e9e. Toutes les cartes fixes et semi-al\u00e9atoires de la bo\u00eete proviennent de <i>M14<\/i>, <i>Retour \u00e0 Ravnica<\/i>, <i>Resquiller<\/i> et <i>Le labyrinthe du dragon<\/i>.<\/p>","protected":false},"excerpt":{"rendered":"<p>Il contient 100 cartes de terrain de base (20 de chaque type de Magic 2014), 85 cartes fixes, 40 des 125 cartes semi-al\u00e9atoires adapt\u00e9es \u00e0 la construction de plusieurs decks Magic diff\u00e9rents, et quatre boosters de 15 cartes (Magic 2014, Magic 2013, Return to Ravnica et Gatecrash), un guide de cr\u00e9ation de deck avec des conseils pour construire les meilleurs decks Magic, un [\u2026]<\/p>","protected":false},"featured_media":2067,"comment_status":"open","ping_status":"closed","template":"","meta":[],"product_cat":[37,89,33,21],"product_tag":[],"class_list":{"0":"post-2065","1":"product","2":"type-product","3":"status-publish","4":"has-post-thumbnail","6":"product_cat-deckbuilders-toolkit","7":"product_cat-english-deckbuilders-toolkit","8":"product_cat-magic-rarities","9":"product_cat-magic-the-gathering","10":"pa_language-english","11":"pa_mtg-edition-other","13":"first","14":"instock","15":"purchasable","16":"product-type-simple"},"yoast_head":"<!-- This site is optimized with the Yoast SEO plugin v23.6 - https:\/\/yoast.com\/wordpress\/plugins\/seo\/ -->\n<title>\ud83c\uddec\ud83c\udde7Deck Builder&#039;s Toolkit (Magic 2014) - Worlds Of Magic<\/title>\n<meta name=\"robots\" content=\"index, follow, max-snippet:-1, max-image-preview:large, max-video-preview:-1\" \/>\n<link rel=\"canonical\" href=\"https:\/\/worldsofmagic.net\/fr\/produit\/deck-builders-toolkit-magic-2014\/\" \/>\n<meta property=\"og:locale\" content=\"fr_FR\" \/>\n<meta property=\"og:type\" content=\"article\" \/>\n<meta property=\"og:title\" content=\"\ud83c\uddec\ud83c\udde7Deck Builder&#039;s Toolkit (Magic 2014) - Worlds Of Magic\" \/>\n<meta property=\"og:description\" content=\"It contains 100 basic land cards (20 of each type from Magic 2014), 85 fixed cards, 40 of 125 semi-randomized cards suitable for building several different Magic decks, and four 15-card booster packs (Magic 2014, Magic 2013, Return to Ravnica, and Gatecrash), a Deck builder&#8217;s guide with tips about building the best Magic decks, a [&hellip;]\" \/>\n<meta property=\"og:url\" content=\"https:\/\/worldsofmagic.net\/fr\/produit\/deck-builders-toolkit-magic-2014\/\" \/>\n<meta property=\"og:site_name\" content=\"Worlds Of Magic\" \/>\n<meta property=\"article:modified_time\" content=\"2024-12-09T12:53:56+00:00\" \/>\n<meta property=\"og:image\" content=\"https:\/\/worldsofmagic.net\/wp-content\/uploads\/2024\/11\/MSP-DBTK-M14-EN-_745x1040ratio__26683-removebg-preview1.png\" \/>\n\t<meta property=\"og:image:width\" content=\"423\" \/>\n\t<meta property=\"og:image:height\" content=\"590\" \/>\n\t<meta property=\"og:image:type\" content=\"image\/png\" \/>\n<meta name=\"twitter:card\" content=\"summary_large_image\" \/>\n<meta name=\"twitter:label1\" content=\"Dur\u00e9e de lecture estim\u00e9e\" \/>\n\t<meta name=\"twitter:data1\" content=\"1 minute\" \/>\n<script type=\"application\/ld+json\" class=\"yoast-schema-graph\">{\"@context\":\"https:\/\/schema.org\",\"@graph\":[{\"@type\":\"WebPage\",\"@id\":\"https:\/\/worldsofmagic.net\/product\/deck-builders-toolkit-magic-2014\/\",\"url\":\"https:\/\/worldsofmagic.net\/product\/deck-builders-toolkit-magic-2014\/\",\"name\":\"\ud83c\uddec\ud83c\udde7Deck Builder's Toolkit (Magic 2014) - Worlds Of Magic\",\"isPartOf\":{\"@id\":\"https:\/\/worldsofmagic.net\/#website\"},\"primaryImageOfPage\":{\"@id\":\"https:\/\/worldsofmagic.net\/product\/deck-builders-toolkit-magic-2014\/#primaryimage\"},\"image\":{\"@id\":\"https:\/\/worldsofmagic.net\/product\/deck-builders-toolkit-magic-2014\/#primaryimage\"},\"thumbnailUrl\":\"https:\/\/worldsofmagic.net\/wp-content\/uploads\/2024\/11\/MSP-DBTK-M14-EN-_745x1040ratio__26683-removebg-preview1.png\",\"datePublished\":\"2024-11-03T15:06:29+00:00\",\"dateModified\":\"2024-12-09T12:53:56+00:00\",\"breadcrumb\":{\"@id\":\"https:\/\/worldsofmagic.net\/product\/deck-builders-toolkit-magic-2014\/#breadcrumb\"},\"inLanguage\":\"fr-FR\",\"potentialAction\":[{\"@type\":\"ReadAction\",\"target\":[\"https:\/\/worldsofmagic.net\/product\/deck-builders-toolkit-magic-2014\/\"]}]},{\"@type\":\"ImageObject\",\"inLanguage\":\"fr-FR\",\"@id\":\"https:\/\/worldsofmagic.net\/product\/deck-builders-toolkit-magic-2014\/#primaryimage\",\"url\":\"https:\/\/worldsofmagic.net\/wp-content\/uploads\/2024\/11\/MSP-DBTK-M14-EN-_745x1040ratio__26683-removebg-preview1.png\",\"contentUrl\":\"https:\/\/worldsofmagic.net\/wp-content\/uploads\/2024\/11\/MSP-DBTK-M14-EN-_745x1040ratio__26683-removebg-preview1.png\",\"width\":423,\"height\":590},{\"@type\":\"BreadcrumbList\",\"@id\":\"https:\/\/worldsofmagic.net\/product\/deck-builders-toolkit-magic-2014\/#breadcrumb\",\"itemListElement\":[{\"@type\":\"ListItem\",\"position\":1,\"name\":\"Accueil\",\"item\":\"https:\/\/worldsofmagic.net\/\"},{\"@type\":\"ListItem\",\"position\":2,\"name\":\"Shop\",\"item\":\"https:\/\/worldsofmagic.net\/shop\/\"},{\"@type\":\"ListItem\",\"position\":3,\"name\":\"\ud83c\uddec\ud83c\udde7Deck Builder&#8217;s Toolkit (Magic 2014)\"}]},{\"@type\":\"WebSite\",\"@id\":\"https:\/\/worldsofmagic.net\/#website\",\"url\":\"https:\/\/worldsofmagic.net\/\",\"name\":\"Worlds Of Magic\",\"description\":\"\",\"publisher\":{\"@id\":\"https:\/\/worldsofmagic.net\/#organization\"},\"potentialAction\":[{\"@type\":\"SearchAction\",\"target\":{\"@type\":\"EntryPoint\",\"urlTemplate\":\"https:\/\/worldsofmagic.net\/?s={search_term_string}\"},\"query-input\":{\"@type\":\"PropertyValueSpecification\",\"valueRequired\":true,\"valueName\":\"search_term_string\"}}],\"inLanguage\":\"fr-FR\"},{\"@type\":\"Organization\",\"@id\":\"https:\/\/worldsofmagic.net\/#organization\",\"name\":\"Worlds Of Magic\",\"alternateName\":\"Worlds Of Magic\",\"url\":\"https:\/\/worldsofmagic.net\/\",\"logo\":{\"@type\":\"ImageObject\",\"inLanguage\":\"fr-FR\",\"@id\":\"https:\/\/worldsofmagic.net\/#\/schema\/logo\/image\/\",\"url\":\"https:\/\/worldsofmagic.net\/wp-content\/uploads\/2024\/07\/image.png\",\"contentUrl\":\"https:\/\/worldsofmagic.net\/wp-content\/uploads\/2024\/07\/image.png\",\"width\":1072,\"height\":341,\"caption\":\"Worlds Of Magic\"},\"image\":{\"@id\":\"https:\/\/worldsofmagic.net\/#\/schema\/logo\/image\/\"}}]}<\/script>\n<!-- \/ Yoast SEO plugin. -->","yoast_head_json":{"title":"\ud83c\uddec\ud83c\udde7Deck Builder's Toolkit (Magic 2014) - Worlds Of Magic","robots":{"index":"index","follow":"follow","max-snippet":"max-snippet:-1","max-image-preview":"max-image-preview:large","max-video-preview":"max-video-preview:-1"},"canonical":"https:\/\/worldsofmagic.net\/fr\/produit\/deck-builders-toolkit-magic-2014\/","og_locale":"fr_FR","og_type":"article","og_title":"\ud83c\uddec\ud83c\udde7Deck Builder's Toolkit (Magic 2014) - Worlds Of Magic","og_description":"It contains 100 basic land cards (20 of each type from Magic 2014), 85 fixed cards, 40 of 125 semi-randomized cards suitable for building several different Magic decks, and four 15-card booster packs (Magic 2014, Magic 2013, Return to Ravnica, and Gatecrash), a Deck builder&#8217;s guide with tips about building the best Magic decks, a [&hellip;]","og_url":"https:\/\/worldsofmagic.net\/fr\/produit\/deck-builders-toolkit-magic-2014\/","og_site_name":"Worlds Of Magic","article_modified_time":"2024-12-09T12:53:56+00:00","og_image":[{"width":423,"height":590,"url":"https:\/\/worldsofmagic.net\/wp-content\/uploads\/2024\/11\/MSP-DBTK-M14-EN-_745x1040ratio__26683-removebg-preview1.png","type":"image\/png"}],"twitter_card":"summary_large_image","twitter_misc":{"Dur\u00e9e de lecture estim\u00e9e":"1 minute"},"schema":{"@context":"https:\/\/schema.org","@graph":[{"@type":"WebPage","@id":"https:\/\/worldsofmagic.net\/product\/deck-builders-toolkit-magic-2014\/","url":"https:\/\/worldsofmagic.net\/product\/deck-builders-toolkit-magic-2014\/","name":"\ud83c\uddec\ud83c\udde7Deck Builder's Toolkit (Magic 2014) - Worlds Of Magic","isPartOf":{"@id":"https:\/\/worldsofmagic.net\/#website"},"primaryImageOfPage":{"@id":"https:\/\/worldsofmagic.net\/product\/deck-builders-toolkit-magic-2014\/#primaryimage"},"image":{"@id":"https:\/\/worldsofmagic.net\/product\/deck-builders-toolkit-magic-2014\/#primaryimage"},"thumbnailUrl":"https:\/\/worldsofmagic.net\/wp-content\/uploads\/2024\/11\/MSP-DBTK-M14-EN-_745x1040ratio__26683-removebg-preview1.png","datePublished":"2024-11-03T15:06:29+00:00","dateModified":"2024-12-09T12:53:56+00:00","breadcrumb":{"@id":"https:\/\/worldsofmagic.net\/product\/deck-builders-toolkit-magic-2014\/#breadcrumb"},"inLanguage":"fr-FR","potentialAction":[{"@type":"ReadAction","target":["https:\/\/worldsofmagic.net\/product\/deck-builders-toolkit-magic-2014\/"]}]},{"@type":"ImageObject","inLanguage":"fr-FR","@id":"https:\/\/worldsofmagic.net\/product\/deck-builders-toolkit-magic-2014\/#primaryimage","url":"https:\/\/worldsofmagic.net\/wp-content\/uploads\/2024\/11\/MSP-DBTK-M14-EN-_745x1040ratio__26683-removebg-preview1.png","contentUrl":"https:\/\/worldsofmagic.net\/wp-content\/uploads\/2024\/11\/MSP-DBTK-M14-EN-_745x1040ratio__26683-removebg-preview1.png","width":423,"height":590},{"@type":"BreadcrumbList","@id":"https:\/\/worldsofmagic.net\/product\/deck-builders-toolkit-magic-2014\/#breadcrumb","itemListElement":[{"@type":"ListItem","position":1,"name":"Accueil","item":"https:\/\/worldsofmagic.net\/"},{"@type":"ListItem","position":2,"name":"Shop","item":"https:\/\/worldsofmagic.net\/shop\/"},{"@type":"ListItem","position":3,"name":"\ud83c\uddec\ud83c\udde7Deck Builder&#8217;s Toolkit (Magic 2014)"}]},{"@type":"WebSite","@id":"https:\/\/worldsofmagic.net\/#website","url":"https:\/\/worldsofmagic.net\/","name":"Worlds Of Magic","description":"","publisher":{"@id":"https:\/\/worldsofmagic.net\/#organization"},"potentialAction":[{"@type":"SearchAction","target":{"@type":"EntryPoint","urlTemplate":"https:\/\/worldsofmagic.net\/?s={search_term_string}"},"query-input":{"@type":"PropertyValueSpecification","valueRequired":true,"valueName":"search_term_string"}}],"inLanguage":"fr-FR"},{"@type":"Organization","@id":"https:\/\/worldsofmagic.net\/#organization","name":"Worlds Of Magic","alternateName":"Worlds Of Magic","url":"https:\/\/worldsofmagic.net\/","logo":{"@type":"ImageObject","inLanguage":"fr-FR","@id":"https:\/\/worldsofmagic.net\/#\/schema\/logo\/image\/","url":"https:\/\/worldsofmagic.net\/wp-content\/uploads\/2024\/07\/image.png","contentUrl":"https:\/\/worldsofmagic.net\/wp-content\/uploads\/2024\/07\/image.png","width":1072,"height":341,"caption":"Worlds Of Magic"},"image":{"@id":"https:\/\/worldsofmagic.net\/#\/schema\/logo\/image\/"}}]}},"jetpack_sharing_enabled":true,"_links":{"self":[{"href":"https:\/\/worldsofmagic.net\/fr\/wp-json\/wp\/v2\/product\/2065"}],"collection":[{"href":"https:\/\/worldsofmagic.net\/fr\/wp-json\/wp\/v2\/product"}],"about":[{"href":"https:\/\/worldsofmagic.net\/fr\/wp-json\/wp\/v2\/types\/product"}],"replies":[{"embeddable":true,"href":"https:\/\/worldsofmagic.net\/fr\/wp-json\/wp\/v2\/comments?post=2065"}],"wp:featuredmedia":[{"embeddable":true,"href":"https:\/\/worldsofmagic.net\/fr\/wp-json\/wp\/v2\/media\/2067"}],"wp:attachment":[{"href":"https:\/\/worldsofmagic.net\/fr\/wp-json\/wp\/v2\/media?parent=2065"}],"wp:term":[{"taxonomy":"product_cat","embeddable":true,"href":"https:\/\/worldsofmagic.net\/fr\/wp-json\/wp\/v2\/product_cat?post=2065"},{"taxonomy":"product_tag","embeddable":true,"href":"https:\/\/worldsofmagic.net\/fr\/wp-json\/wp\/v2\/product_tag?post=2065"}],"curies":[{"name":"wp","href":"https:\/\/api.w.org\/{rel}","templated":true}]}}