{"id":2080,"date":"2024-11-03T15:30:57","date_gmt":"2024-11-03T15:30:57","guid":{"rendered":"https:\/\/worldsofmagic.net\/?post_type=product&#038;p=2080"},"modified":"2024-12-09T12:53:13","modified_gmt":"2024-12-09T12:53:13","slug":"kaldheim-theme-booster-blue-fr","status":"publish","type":"product","link":"https:\/\/worldsofmagic.net\/fr\/produit\/kaldheim-theme-booster-blue-fr\/","title":{"rendered":"\ud83c\uddeb\ud83c\uddf7Booster Th\u00e8me Kaldheim (Bleu) \u2013 FR"},"content":{"rendered":"<p>Les Boosters Th\u00e9matiques contiennent toujours 35 cartes, dont une carte rare ou rare mythique, bas\u00e9e sur une couleur.<\/p>\n<p>Chaque Booster Th\u00e9matique contient 35 cartes, dont au moins une rare ou une mythique rare.<\/p>\n<p>Les Booster Th\u00e9matique permettent aux joueurs de choisir les couleurs qu&#039;ils souhaitent pour am\u00e9liorer leurs Decks pr\u00e9f\u00e9r\u00e9s.<br \/>\nChacune des cartes d&#039;un Booster Th\u00e9matique peut aller dans un Deck de cette couleur,<br \/>\nde sorte que les joueurs puissent avoir la certitude de recevoir les cartes qu&#039;ils veulent jouer<\/p>","protected":false},"excerpt":{"rendered":"<p>Les Boosters Th\u00e9matiques contiennent toujours 35 cartes, dont une carte rare ou rare mythique, bas\u00e9e sur une couleur. Chaque Booster Th\u00e9matique contient 35 cartes, dont au moins une rare ou une mythique rare. Les Booster Th\u00e9matique permettent aux joueurs de choisir les couleurs qu&#039;ils souhaitent pour am\u00e9liorer leurs Decks pr\u00e9f\u00e9r\u00e9s. Chacune des cartes d&#039;un Booster [\u2026]<\/p>","protected":false},"featured_media":2081,"comment_status":"open","ping_status":"closed","template":"","meta":[],"product_cat":[113,140,21],"product_tag":[],"class_list":{"0":"post-2080","1":"product","2":"type-product","3":"status-publish","4":"has-post-thumbnail","6":"product_cat-boosterpack","7":"product_cat-french","8":"product_cat-magic-the-gathering","9":"pa_language-french","10":"pa_mtg-edition-kaldheim","12":"first","13":"instock","14":"purchasable","15":"product-type-simple"},"yoast_head":"<!-- This site is optimized with the Yoast SEO plugin v23.6 - https:\/\/yoast.com\/wordpress\/plugins\/seo\/ -->\n<title>\ud83c\uddeb\ud83c\uddf7Kaldheim Theme Booster (Blue) - FR - Worlds Of Magic<\/title>\n<meta name=\"robots\" content=\"index, follow, max-snippet:-1, max-image-preview:large, max-video-preview:-1\" \/>\n<link rel=\"canonical\" href=\"https:\/\/worldsofmagic.net\/fr\/produit\/kaldheim-theme-booster-blue-fr\/\" \/>\n<meta property=\"og:locale\" content=\"fr_FR\" \/>\n<meta property=\"og:type\" content=\"article\" \/>\n<meta property=\"og:title\" content=\"\ud83c\uddeb\ud83c\uddf7Kaldheim Theme Booster (Blue) - FR - Worlds Of Magic\" \/>\n<meta property=\"og:description\" content=\"Les Boosters Th\u00e9matiques contiennent toujours 35 cartes, dont une carte rare ou rare mythique, bas\u00e9es sur une couleur. Chaque Booster Th\u00e9matique contient 35 cartes, dont au moins une rare ou une mythic rare. Les Booster Th\u00e9matique permettent aux joueurs de choisir les couleurs qu&#8217;ils souhaitent pour am\u00e9liorer leurs Decks pr\u00e9f\u00e9r\u00e9s. Chacune des cartes d&#8217;un Booster [&hellip;]\" \/>\n<meta property=\"og:url\" content=\"https:\/\/worldsofmagic.net\/fr\/produit\/kaldheim-theme-booster-blue-fr\/\" \/>\n<meta property=\"og:site_name\" content=\"Worlds Of Magic\" \/>\n<meta property=\"article:modified_time\" content=\"2024-12-09T12:53:13+00:00\" \/>\n<meta property=\"og:image\" content=\"https:\/\/worldsofmagic.net\/wp-content\/uploads\/2024\/11\/527295.png\" \/>\n\t<meta property=\"og:image:width\" content=\"300\" \/>\n\t<meta property=\"og:image:height\" content=\"300\" \/>\n\t<meta property=\"og:image:type\" content=\"image\/png\" \/>\n<meta name=\"twitter:card\" content=\"summary_large_image\" \/>\n<meta name=\"twitter:label1\" content=\"Dur\u00e9e de lecture estim\u00e9e\" \/>\n\t<meta name=\"twitter:data1\" content=\"1 minute\" \/>\n<script type=\"application\/ld+json\" class=\"yoast-schema-graph\">{\"@context\":\"https:\/\/schema.org\",\"@graph\":[{\"@type\":\"WebPage\",\"@id\":\"https:\/\/worldsofmagic.net\/product\/kaldheim-theme-booster-blue-fr\/\",\"url\":\"https:\/\/worldsofmagic.net\/product\/kaldheim-theme-booster-blue-fr\/\",\"name\":\"\ud83c\uddeb\ud83c\uddf7Kaldheim Theme Booster (Blue) - FR - Worlds Of Magic\",\"isPartOf\":{\"@id\":\"https:\/\/worldsofmagic.net\/#website\"},\"primaryImageOfPage\":{\"@id\":\"https:\/\/worldsofmagic.net\/product\/kaldheim-theme-booster-blue-fr\/#primaryimage\"},\"image\":{\"@id\":\"https:\/\/worldsofmagic.net\/product\/kaldheim-theme-booster-blue-fr\/#primaryimage\"},\"thumbnailUrl\":\"https:\/\/worldsofmagic.net\/wp-content\/uploads\/2024\/11\/527295.png\",\"datePublished\":\"2024-11-03T15:30:57+00:00\",\"dateModified\":\"2024-12-09T12:53:13+00:00\",\"breadcrumb\":{\"@id\":\"https:\/\/worldsofmagic.net\/product\/kaldheim-theme-booster-blue-fr\/#breadcrumb\"},\"inLanguage\":\"fr-FR\",\"potentialAction\":[{\"@type\":\"ReadAction\",\"target\":[\"https:\/\/worldsofmagic.net\/product\/kaldheim-theme-booster-blue-fr\/\"]}]},{\"@type\":\"ImageObject\",\"inLanguage\":\"fr-FR\",\"@id\":\"https:\/\/worldsofmagic.net\/product\/kaldheim-theme-booster-blue-fr\/#primaryimage\",\"url\":\"https:\/\/worldsofmagic.net\/wp-content\/uploads\/2024\/11\/527295.png\",\"contentUrl\":\"https:\/\/worldsofmagic.net\/wp-content\/uploads\/2024\/11\/527295.png\",\"width\":300,\"height\":300},{\"@type\":\"BreadcrumbList\",\"@id\":\"https:\/\/worldsofmagic.net\/product\/kaldheim-theme-booster-blue-fr\/#breadcrumb\",\"itemListElement\":[{\"@type\":\"ListItem\",\"position\":1,\"name\":\"Accueil\",\"item\":\"https:\/\/worldsofmagic.net\/\"},{\"@type\":\"ListItem\",\"position\":2,\"name\":\"Shop\",\"item\":\"https:\/\/worldsofmagic.net\/shop\/\"},{\"@type\":\"ListItem\",\"position\":3,\"name\":\"\ud83c\uddeb\ud83c\uddf7Kaldheim Theme Booster (Blue) &#8211; FR\"}]},{\"@type\":\"WebSite\",\"@id\":\"https:\/\/worldsofmagic.net\/#website\",\"url\":\"https:\/\/worldsofmagic.net\/\",\"name\":\"Worlds Of Magic\",\"description\":\"\",\"publisher\":{\"@id\":\"https:\/\/worldsofmagic.net\/#organization\"},\"potentialAction\":[{\"@type\":\"SearchAction\",\"target\":{\"@type\":\"EntryPoint\",\"urlTemplate\":\"https:\/\/worldsofmagic.net\/?s={search_term_string}\"},\"query-input\":{\"@type\":\"PropertyValueSpecification\",\"valueRequired\":true,\"valueName\":\"search_term_string\"}}],\"inLanguage\":\"fr-FR\"},{\"@type\":\"Organization\",\"@id\":\"https:\/\/worldsofmagic.net\/#organization\",\"name\":\"Worlds Of Magic\",\"alternateName\":\"Worlds Of Magic\",\"url\":\"https:\/\/worldsofmagic.net\/\",\"logo\":{\"@type\":\"ImageObject\",\"inLanguage\":\"fr-FR\",\"@id\":\"https:\/\/worldsofmagic.net\/#\/schema\/logo\/image\/\",\"url\":\"https:\/\/worldsofmagic.net\/wp-content\/uploads\/2024\/07\/image.png\",\"contentUrl\":\"https:\/\/worldsofmagic.net\/wp-content\/uploads\/2024\/07\/image.png\",\"width\":1072,\"height\":341,\"caption\":\"Worlds Of Magic\"},\"image\":{\"@id\":\"https:\/\/worldsofmagic.net\/#\/schema\/logo\/image\/\"}}]}<\/script>\n<!-- \/ Yoast SEO plugin. -->","yoast_head_json":{"title":"\ud83c\uddeb\ud83c\uddf7Kaldheim Theme Booster (Blue) - FR - Worlds Of Magic","robots":{"index":"index","follow":"follow","max-snippet":"max-snippet:-1","max-image-preview":"max-image-preview:large","max-video-preview":"max-video-preview:-1"},"canonical":"https:\/\/worldsofmagic.net\/fr\/produit\/kaldheim-theme-booster-blue-fr\/","og_locale":"fr_FR","og_type":"article","og_title":"\ud83c\uddeb\ud83c\uddf7Kaldheim Theme Booster (Blue) - FR - Worlds Of Magic","og_description":"Les Boosters Th\u00e9matiques contiennent toujours 35 cartes, dont une carte rare ou rare mythique, bas\u00e9es sur une couleur. Chaque Booster Th\u00e9matique contient 35 cartes, dont au moins une rare ou une mythic rare. Les Booster Th\u00e9matique permettent aux joueurs de choisir les couleurs qu&#8217;ils souhaitent pour am\u00e9liorer leurs Decks pr\u00e9f\u00e9r\u00e9s. Chacune des cartes d&#8217;un Booster [&hellip;]","og_url":"https:\/\/worldsofmagic.net\/fr\/produit\/kaldheim-theme-booster-blue-fr\/","og_site_name":"Worlds Of Magic","article_modified_time":"2024-12-09T12:53:13+00:00","og_image":[{"width":300,"height":300,"url":"https:\/\/worldsofmagic.net\/wp-content\/uploads\/2024\/11\/527295.png","type":"image\/png"}],"twitter_card":"summary_large_image","twitter_misc":{"Dur\u00e9e de lecture estim\u00e9e":"1 minute"},"schema":{"@context":"https:\/\/schema.org","@graph":[{"@type":"WebPage","@id":"https:\/\/worldsofmagic.net\/product\/kaldheim-theme-booster-blue-fr\/","url":"https:\/\/worldsofmagic.net\/product\/kaldheim-theme-booster-blue-fr\/","name":"\ud83c\uddeb\ud83c\uddf7Kaldheim Theme Booster (Blue) - FR - Worlds Of Magic","isPartOf":{"@id":"https:\/\/worldsofmagic.net\/#website"},"primaryImageOfPage":{"@id":"https:\/\/worldsofmagic.net\/product\/kaldheim-theme-booster-blue-fr\/#primaryimage"},"image":{"@id":"https:\/\/worldsofmagic.net\/product\/kaldheim-theme-booster-blue-fr\/#primaryimage"},"thumbnailUrl":"https:\/\/worldsofmagic.net\/wp-content\/uploads\/2024\/11\/527295.png","datePublished":"2024-11-03T15:30:57+00:00","dateModified":"2024-12-09T12:53:13+00:00","breadcrumb":{"@id":"https:\/\/worldsofmagic.net\/product\/kaldheim-theme-booster-blue-fr\/#breadcrumb"},"inLanguage":"fr-FR","potentialAction":[{"@type":"ReadAction","target":["https:\/\/worldsofmagic.net\/product\/kaldheim-theme-booster-blue-fr\/"]}]},{"@type":"ImageObject","inLanguage":"fr-FR","@id":"https:\/\/worldsofmagic.net\/product\/kaldheim-theme-booster-blue-fr\/#primaryimage","url":"https:\/\/worldsofmagic.net\/wp-content\/uploads\/2024\/11\/527295.png","contentUrl":"https:\/\/worldsofmagic.net\/wp-content\/uploads\/2024\/11\/527295.png","width":300,"height":300},{"@type":"BreadcrumbList","@id":"https:\/\/worldsofmagic.net\/product\/kaldheim-theme-booster-blue-fr\/#breadcrumb","itemListElement":[{"@type":"ListItem","position":1,"name":"Accueil","item":"https:\/\/worldsofmagic.net\/"},{"@type":"ListItem","position":2,"name":"Shop","item":"https:\/\/worldsofmagic.net\/shop\/"},{"@type":"ListItem","position":3,"name":"\ud83c\uddeb\ud83c\uddf7Kaldheim Theme Booster (Blue) &#8211; FR"}]},{"@type":"WebSite","@id":"https:\/\/worldsofmagic.net\/#website","url":"https:\/\/worldsofmagic.net\/","name":"Worlds Of Magic","description":"","publisher":{"@id":"https:\/\/worldsofmagic.net\/#organization"},"potentialAction":[{"@type":"SearchAction","target":{"@type":"EntryPoint","urlTemplate":"https:\/\/worldsofmagic.net\/?s={search_term_string}"},"query-input":{"@type":"PropertyValueSpecification","valueRequired":true,"valueName":"search_term_string"}}],"inLanguage":"fr-FR"},{"@type":"Organization","@id":"https:\/\/worldsofmagic.net\/#organization","name":"Worlds Of Magic","alternateName":"Worlds Of Magic","url":"https:\/\/worldsofmagic.net\/","logo":{"@type":"ImageObject","inLanguage":"fr-FR","@id":"https:\/\/worldsofmagic.net\/#\/schema\/logo\/image\/","url":"https:\/\/worldsofmagic.net\/wp-content\/uploads\/2024\/07\/image.png","contentUrl":"https:\/\/worldsofmagic.net\/wp-content\/uploads\/2024\/07\/image.png","width":1072,"height":341,"caption":"Worlds Of Magic"},"image":{"@id":"https:\/\/worldsofmagic.net\/#\/schema\/logo\/image\/"}}]}},"jetpack_sharing_enabled":true,"_links":{"self":[{"href":"https:\/\/worldsofmagic.net\/fr\/wp-json\/wp\/v2\/product\/2080"}],"collection":[{"href":"https:\/\/worldsofmagic.net\/fr\/wp-json\/wp\/v2\/product"}],"about":[{"href":"https:\/\/worldsofmagic.net\/fr\/wp-json\/wp\/v2\/types\/product"}],"replies":[{"embeddable":true,"href":"https:\/\/worldsofmagic.net\/fr\/wp-json\/wp\/v2\/comments?post=2080"}],"wp:featuredmedia":[{"embeddable":true,"href":"https:\/\/worldsofmagic.net\/fr\/wp-json\/wp\/v2\/media\/2081"}],"wp:attachment":[{"href":"https:\/\/worldsofmagic.net\/fr\/wp-json\/wp\/v2\/media?parent=2080"}],"wp:term":[{"taxonomy":"product_cat","embeddable":true,"href":"https:\/\/worldsofmagic.net\/fr\/wp-json\/wp\/v2\/product_cat?post=2080"},{"taxonomy":"product_tag","embeddable":true,"href":"https:\/\/worldsofmagic.net\/fr\/wp-json\/wp\/v2\/product_tag?post=2080"}],"curies":[{"name":"wp","href":"https:\/\/api.w.org\/{rel}","templated":true}]}}