{"id":2094,"date":"2024-11-03T15:59:51","date_gmt":"2024-11-03T15:59:51","guid":{"rendered":"https:\/\/worldsofmagic.net\/?post_type=product&#038;p=2094"},"modified":"2025-05-21T15:19:54","modified_gmt":"2025-05-21T15:19:54","slug":"modern-horizons-2-draft-booster-fr","status":"publish","type":"product","link":"https:\/\/worldsofmagic.net\/fr\/produit\/modern-horizons-2-draft-booster-fr\/","title":{"rendered":"\ud83c\uddeb\ud83c\uddf7Booster de draft Modern Horizons 2 \u2013 FR"},"content":{"rendered":"<div id=\"description\" class=\"tab-pane fade in active show\" role=\"tabpanel\">\n<div class=\"product-description\">\n<p><b>Magic : Horizons du Modern 2 \u2013 Booster de Draft<\/b><\/p>\n<p>Horizons du Modern 2 s&#039;inscrit dans la lign\u00e9e de la premi\u00e8re \u00e9dition du m\u00eame nom et propose des cartes encore plus puissantes et un niveau de complexit\u00e9 encore plus pouss\u00e9. Pens\u00e9e pour int\u00e9grer directement le Modern et les formats Eternal, Modern Horizons 2 est le produit id\u00e9al pour les joueurs \u00e0 la recherche de la carte qui pourront faire passer leur deck au niveau sup\u00e9rieur !<\/p>\n<p><strong>Contient 15 cartes :<\/strong><\/p>\n<p>\u2013 1 carte rare ou mythique<br \/>\n\u2013 3 cartes uncos<br \/>\n\u2013 10 cartes communes<br \/>\n\u2013 1 carte de terrain de base<br \/>\n\u2013 1 jeton<\/p>\n<\/div>\n<\/div>","protected":false},"excerpt":{"rendered":"<p>Magic : Horizons du Modern 2 \u2013 Booster de Draft Horizons du Modern 2 s&#039;inscrit dans la lign\u00e9e de la premi\u00e8re \u00e9dition du m\u00eame nom et propose des cartes encore plus puissantes et un niveau de complexit\u00e9 encore plus pouss\u00e9. Pens\u00e9e pour int\u00e9grer directement le Modern et les formats Eternal, Modern Horizons 2 est le [\u2026]<\/p>","protected":false},"featured_media":2095,"comment_status":"open","ping_status":"closed","template":"","meta":[],"product_cat":[113,140,21],"product_tag":[],"class_list":{"0":"post-2094","1":"product","2":"type-product","3":"status-publish","4":"has-post-thumbnail","6":"product_cat-boosterpack","7":"product_cat-french","8":"product_cat-magic-the-gathering","9":"pa_language-french","10":"pa_mtg-edition-modern-horizon-2","12":"first","13":"outofstock","14":"purchasable","15":"product-type-simple"},"yoast_head":"<!-- This site is optimized with the Yoast SEO plugin v23.6 - https:\/\/yoast.com\/wordpress\/plugins\/seo\/ -->\n<title>\ud83c\uddeb\ud83c\uddf7Modern Horizons 2 Draft Booster - FR - Worlds Of Magic<\/title>\n<meta name=\"robots\" content=\"index, follow, max-snippet:-1, max-image-preview:large, max-video-preview:-1\" \/>\n<link rel=\"canonical\" href=\"https:\/\/worldsofmagic.net\/fr\/produit\/modern-horizons-2-draft-booster-fr\/\" \/>\n<meta property=\"og:locale\" content=\"fr_FR\" \/>\n<meta property=\"og:type\" content=\"article\" \/>\n<meta property=\"og:title\" content=\"\ud83c\uddeb\ud83c\uddf7Modern Horizons 2 Draft Booster - FR - Worlds Of Magic\" \/>\n<meta property=\"og:description\" content=\"Magic : Horizons du Modern 2 &#8211; Booster de Draft Horizons du Modern 2 s&#8217;inscrit dans la lign\u00e9e de la premi\u00e8re \u00e9dition du m\u00eame nom et propose des cartes encore plus puissantes et un niveau de complexit\u00e9 encore plus pouss\u00e9. Pens\u00e9e pour int\u00e9grer directement le Modern et les formats Eternal, Modern Horizons 2 est le [&hellip;]\" \/>\n<meta property=\"og:url\" content=\"https:\/\/worldsofmagic.net\/fr\/produit\/modern-horizons-2-draft-booster-fr\/\" \/>\n<meta property=\"og:site_name\" content=\"Worlds Of Magic\" \/>\n<meta property=\"article:modified_time\" content=\"2025-05-21T15:19:54+00:00\" \/>\n<meta property=\"og:image\" content=\"https:\/\/worldsofmagic.net\/wp-content\/uploads\/2024\/11\/Modern-Horizons-2-Draft-Booster.png\" \/>\n\t<meta property=\"og:image:width\" content=\"300\" \/>\n\t<meta property=\"og:image:height\" content=\"300\" \/>\n\t<meta property=\"og:image:type\" content=\"image\/png\" \/>\n<meta name=\"twitter:card\" content=\"summary_large_image\" \/>\n<meta name=\"twitter:label1\" content=\"Dur\u00e9e de lecture estim\u00e9e\" \/>\n\t<meta name=\"twitter:data1\" content=\"1 minute\" \/>\n<script type=\"application\/ld+json\" class=\"yoast-schema-graph\">{\"@context\":\"https:\/\/schema.org\",\"@graph\":[{\"@type\":\"WebPage\",\"@id\":\"https:\/\/worldsofmagic.net\/product\/modern-horizons-2-draft-booster-fr\/\",\"url\":\"https:\/\/worldsofmagic.net\/product\/modern-horizons-2-draft-booster-fr\/\",\"name\":\"\ud83c\uddeb\ud83c\uddf7Modern Horizons 2 Draft Booster - FR - Worlds Of Magic\",\"isPartOf\":{\"@id\":\"https:\/\/worldsofmagic.net\/#website\"},\"primaryImageOfPage\":{\"@id\":\"https:\/\/worldsofmagic.net\/product\/modern-horizons-2-draft-booster-fr\/#primaryimage\"},\"image\":{\"@id\":\"https:\/\/worldsofmagic.net\/product\/modern-horizons-2-draft-booster-fr\/#primaryimage\"},\"thumbnailUrl\":\"https:\/\/worldsofmagic.net\/wp-content\/uploads\/2024\/11\/Modern-Horizons-2-Draft-Booster.png\",\"datePublished\":\"2024-11-03T15:59:51+00:00\",\"dateModified\":\"2025-05-21T15:19:54+00:00\",\"breadcrumb\":{\"@id\":\"https:\/\/worldsofmagic.net\/product\/modern-horizons-2-draft-booster-fr\/#breadcrumb\"},\"inLanguage\":\"fr-FR\",\"potentialAction\":[{\"@type\":\"ReadAction\",\"target\":[\"https:\/\/worldsofmagic.net\/product\/modern-horizons-2-draft-booster-fr\/\"]}]},{\"@type\":\"ImageObject\",\"inLanguage\":\"fr-FR\",\"@id\":\"https:\/\/worldsofmagic.net\/product\/modern-horizons-2-draft-booster-fr\/#primaryimage\",\"url\":\"https:\/\/worldsofmagic.net\/wp-content\/uploads\/2024\/11\/Modern-Horizons-2-Draft-Booster.png\",\"contentUrl\":\"https:\/\/worldsofmagic.net\/wp-content\/uploads\/2024\/11\/Modern-Horizons-2-Draft-Booster.png\",\"width\":300,\"height\":300},{\"@type\":\"BreadcrumbList\",\"@id\":\"https:\/\/worldsofmagic.net\/product\/modern-horizons-2-draft-booster-fr\/#breadcrumb\",\"itemListElement\":[{\"@type\":\"ListItem\",\"position\":1,\"name\":\"Accueil\",\"item\":\"https:\/\/worldsofmagic.net\/\"},{\"@type\":\"ListItem\",\"position\":2,\"name\":\"Shop\",\"item\":\"https:\/\/worldsofmagic.net\/shop\/\"},{\"@type\":\"ListItem\",\"position\":3,\"name\":\"\ud83c\uddeb\ud83c\uddf7Modern Horizons 2 Draft Booster &#8211; FR\"}]},{\"@type\":\"WebSite\",\"@id\":\"https:\/\/worldsofmagic.net\/#website\",\"url\":\"https:\/\/worldsofmagic.net\/\",\"name\":\"Worlds Of Magic\",\"description\":\"\",\"publisher\":{\"@id\":\"https:\/\/worldsofmagic.net\/#organization\"},\"potentialAction\":[{\"@type\":\"SearchAction\",\"target\":{\"@type\":\"EntryPoint\",\"urlTemplate\":\"https:\/\/worldsofmagic.net\/?s={search_term_string}\"},\"query-input\":{\"@type\":\"PropertyValueSpecification\",\"valueRequired\":true,\"valueName\":\"search_term_string\"}}],\"inLanguage\":\"fr-FR\"},{\"@type\":\"Organization\",\"@id\":\"https:\/\/worldsofmagic.net\/#organization\",\"name\":\"Worlds Of Magic\",\"alternateName\":\"Worlds Of Magic\",\"url\":\"https:\/\/worldsofmagic.net\/\",\"logo\":{\"@type\":\"ImageObject\",\"inLanguage\":\"fr-FR\",\"@id\":\"https:\/\/worldsofmagic.net\/#\/schema\/logo\/image\/\",\"url\":\"https:\/\/worldsofmagic.net\/wp-content\/uploads\/2024\/07\/image.png\",\"contentUrl\":\"https:\/\/worldsofmagic.net\/wp-content\/uploads\/2024\/07\/image.png\",\"width\":1072,\"height\":341,\"caption\":\"Worlds Of Magic\"},\"image\":{\"@id\":\"https:\/\/worldsofmagic.net\/#\/schema\/logo\/image\/\"}}]}<\/script>\n<!-- \/ Yoast SEO plugin. -->","yoast_head_json":{"title":"\ud83c\uddeb\ud83c\uddf7Modern Horizons 2 Draft Booster - FR - Worlds Of Magic","robots":{"index":"index","follow":"follow","max-snippet":"max-snippet:-1","max-image-preview":"max-image-preview:large","max-video-preview":"max-video-preview:-1"},"canonical":"https:\/\/worldsofmagic.net\/fr\/produit\/modern-horizons-2-draft-booster-fr\/","og_locale":"fr_FR","og_type":"article","og_title":"\ud83c\uddeb\ud83c\uddf7Modern Horizons 2 Draft Booster - FR - Worlds Of Magic","og_description":"Magic : Horizons du Modern 2 &#8211; Booster de Draft Horizons du Modern 2 s&#8217;inscrit dans la lign\u00e9e de la premi\u00e8re \u00e9dition du m\u00eame nom et propose des cartes encore plus puissantes et un niveau de complexit\u00e9 encore plus pouss\u00e9. Pens\u00e9e pour int\u00e9grer directement le Modern et les formats Eternal, Modern Horizons 2 est le [&hellip;]","og_url":"https:\/\/worldsofmagic.net\/fr\/produit\/modern-horizons-2-draft-booster-fr\/","og_site_name":"Worlds Of Magic","article_modified_time":"2025-05-21T15:19:54+00:00","og_image":[{"width":300,"height":300,"url":"https:\/\/worldsofmagic.net\/wp-content\/uploads\/2024\/11\/Modern-Horizons-2-Draft-Booster.png","type":"image\/png"}],"twitter_card":"summary_large_image","twitter_misc":{"Dur\u00e9e de lecture estim\u00e9e":"1 minute"},"schema":{"@context":"https:\/\/schema.org","@graph":[{"@type":"WebPage","@id":"https:\/\/worldsofmagic.net\/product\/modern-horizons-2-draft-booster-fr\/","url":"https:\/\/worldsofmagic.net\/product\/modern-horizons-2-draft-booster-fr\/","name":"\ud83c\uddeb\ud83c\uddf7Modern Horizons 2 Draft Booster - FR - Worlds Of Magic","isPartOf":{"@id":"https:\/\/worldsofmagic.net\/#website"},"primaryImageOfPage":{"@id":"https:\/\/worldsofmagic.net\/product\/modern-horizons-2-draft-booster-fr\/#primaryimage"},"image":{"@id":"https:\/\/worldsofmagic.net\/product\/modern-horizons-2-draft-booster-fr\/#primaryimage"},"thumbnailUrl":"https:\/\/worldsofmagic.net\/wp-content\/uploads\/2024\/11\/Modern-Horizons-2-Draft-Booster.png","datePublished":"2024-11-03T15:59:51+00:00","dateModified":"2025-05-21T15:19:54+00:00","breadcrumb":{"@id":"https:\/\/worldsofmagic.net\/product\/modern-horizons-2-draft-booster-fr\/#breadcrumb"},"inLanguage":"fr-FR","potentialAction":[{"@type":"ReadAction","target":["https:\/\/worldsofmagic.net\/product\/modern-horizons-2-draft-booster-fr\/"]}]},{"@type":"ImageObject","inLanguage":"fr-FR","@id":"https:\/\/worldsofmagic.net\/product\/modern-horizons-2-draft-booster-fr\/#primaryimage","url":"https:\/\/worldsofmagic.net\/wp-content\/uploads\/2024\/11\/Modern-Horizons-2-Draft-Booster.png","contentUrl":"https:\/\/worldsofmagic.net\/wp-content\/uploads\/2024\/11\/Modern-Horizons-2-Draft-Booster.png","width":300,"height":300},{"@type":"BreadcrumbList","@id":"https:\/\/worldsofmagic.net\/product\/modern-horizons-2-draft-booster-fr\/#breadcrumb","itemListElement":[{"@type":"ListItem","position":1,"name":"Accueil","item":"https:\/\/worldsofmagic.net\/"},{"@type":"ListItem","position":2,"name":"Shop","item":"https:\/\/worldsofmagic.net\/shop\/"},{"@type":"ListItem","position":3,"name":"\ud83c\uddeb\ud83c\uddf7Modern Horizons 2 Draft Booster &#8211; FR"}]},{"@type":"WebSite","@id":"https:\/\/worldsofmagic.net\/#website","url":"https:\/\/worldsofmagic.net\/","name":"Worlds Of Magic","description":"","publisher":{"@id":"https:\/\/worldsofmagic.net\/#organization"},"potentialAction":[{"@type":"SearchAction","target":{"@type":"EntryPoint","urlTemplate":"https:\/\/worldsofmagic.net\/?s={search_term_string}"},"query-input":{"@type":"PropertyValueSpecification","valueRequired":true,"valueName":"search_term_string"}}],"inLanguage":"fr-FR"},{"@type":"Organization","@id":"https:\/\/worldsofmagic.net\/#organization","name":"Worlds Of Magic","alternateName":"Worlds Of Magic","url":"https:\/\/worldsofmagic.net\/","logo":{"@type":"ImageObject","inLanguage":"fr-FR","@id":"https:\/\/worldsofmagic.net\/#\/schema\/logo\/image\/","url":"https:\/\/worldsofmagic.net\/wp-content\/uploads\/2024\/07\/image.png","contentUrl":"https:\/\/worldsofmagic.net\/wp-content\/uploads\/2024\/07\/image.png","width":1072,"height":341,"caption":"Worlds Of Magic"},"image":{"@id":"https:\/\/worldsofmagic.net\/#\/schema\/logo\/image\/"}}]}},"jetpack_sharing_enabled":true,"_links":{"self":[{"href":"https:\/\/worldsofmagic.net\/fr\/wp-json\/wp\/v2\/product\/2094"}],"collection":[{"href":"https:\/\/worldsofmagic.net\/fr\/wp-json\/wp\/v2\/product"}],"about":[{"href":"https:\/\/worldsofmagic.net\/fr\/wp-json\/wp\/v2\/types\/product"}],"replies":[{"embeddable":true,"href":"https:\/\/worldsofmagic.net\/fr\/wp-json\/wp\/v2\/comments?post=2094"}],"wp:featuredmedia":[{"embeddable":true,"href":"https:\/\/worldsofmagic.net\/fr\/wp-json\/wp\/v2\/media\/2095"}],"wp:attachment":[{"href":"https:\/\/worldsofmagic.net\/fr\/wp-json\/wp\/v2\/media?parent=2094"}],"wp:term":[{"taxonomy":"product_cat","embeddable":true,"href":"https:\/\/worldsofmagic.net\/fr\/wp-json\/wp\/v2\/product_cat?post=2094"},{"taxonomy":"product_tag","embeddable":true,"href":"https:\/\/worldsofmagic.net\/fr\/wp-json\/wp\/v2\/product_tag?post=2094"}],"curies":[{"name":"wp","href":"https:\/\/api.w.org\/{rel}","templated":true}]}}