{"id":2120,"date":"2024-11-05T09:49:45","date_gmt":"2024-11-05T09:49:45","guid":{"rendered":"https:\/\/worldsofmagic.net\/?post_type=product&#038;p=2120"},"modified":"2024-12-09T12:21:43","modified_gmt":"2024-12-09T12:21:43","slug":"strixhaven-school-of-mages-booster-thematique-silverquill-fr","status":"publish","type":"product","link":"https:\/\/worldsofmagic.net\/fr\/produit\/strixhaven-school-of-mages-booster-thematique-silverquill-fr\/","title":{"rendered":"\ud83c\uddeb\ud83c\uddf7Strixhaven : Booster th\u00e9matique de l&#039;\u00c9cole des Mages (Silverquill) \u2013 FR"},"content":{"rendered":"<ul class=\"a-unordered-list a-vertical a-spacing-mini\">\n<li class=\"a-spacing-mini\"><span class=\"a-list-item\">Bienvenue \u00e0 Strixhaven : School of Mages. Dans cette derni\u00e8re version, les fans de Magic participent \u00e0 la bataille entre cinq coll\u00e8ges diff\u00e9rents \u00e0 Strixhaven, l&#039;universit\u00e9 la plus prestigieuse pour l&#039;apprentissage de la magie dans le Magic Multiverse. Chaque coll\u00e8ge a sa propre personnalit\u00e9 et son style de jeu unique, et les joueurs peuvent choisir celui qu&#039;ils pr\u00e9f\u00e8rent.<\/span><\/li>\n<li class=\"a-spacing-mini\"><span class=\"a-list-item\">Silverquill (WB), Prismari (UR), Witherbloom (BG), Lorehold (WR) et Quandrix (UG). Apprenez aupr\u00e8s des meilleurs professeurs et explorez la grande biblioth\u00e8que de Strixhaven.<\/span><\/li>\n<li class=\"a-spacing-mini\"><span class=\"a-list-item\">La conception de cet ensemble est l&#039;interpr\u00e9tation magique du genre des \u00e9coles magiques. Chacun des coll\u00e8ges pr\u00e9sent\u00e9s repr\u00e9sente l&#039;une des combinaisons de couleurs ennemies de Magic, avec son propre caract\u00e8re et ses propres m\u00e9canismes. Les cartes associ\u00e9es aux diff\u00e9rents coll\u00e8ges pr\u00e9sentent des badges en filigrane distincts.<\/span><\/li>\n<li class=\"a-spacing-mini\"><span class=\"a-list-item\">Cette liste est pour l&#039;un des 5 jeux \u00e0 th\u00e8me parmi les diff\u00e9rents choix d&#039;universit\u00e9s disponibles sur Strixhaven 1 booster Th\u00e8me Silverquill (WB)1 booster Th\u00e8me Prismari (UR)1 booster Th\u00e8me Witherbloom (BG)1 booster Th\u00e8me Lorehold (WR)1 booster Th\u00e8me Quandrix (UG)<\/span><\/li>\n<\/ul>","protected":false},"excerpt":{"rendered":"<p>Bienvenue \u00e0 Strixhaven : School of Mages. Dans cette derni\u00e8re version, les fans de Magic participent \u00e0 la bataille entre cinq coll\u00e8ges diff\u00e9rents \u00e0 Strixhaven, l&#039;universit\u00e9 la plus prestigieuse pour l&#039;apprentissage de la magie dans le Magic Multiverse. Chaque coll\u00e8ge a sa propre personnalit\u00e9 et son style de jeu unique, et les joueurs peuvent choisir le coll\u00e8ge qu&#039;ils pr\u00e9f\u00e8rent. Silverquill (WB), [\u2026]<\/p>","protected":false},"featured_media":2121,"comment_status":"open","ping_status":"closed","template":"","meta":[],"product_cat":[113,140,21],"product_tag":[],"class_list":{"0":"post-2120","1":"product","2":"type-product","3":"status-publish","4":"has-post-thumbnail","6":"product_cat-boosterpack","7":"product_cat-french","8":"product_cat-magic-the-gathering","9":"pa_language-french","10":"pa_mtg-edition-strixhaven-school-of-mages","12":"first","13":"instock","14":"purchasable","15":"product-type-simple"},"yoast_head":"<!-- This site is optimized with the Yoast SEO plugin v23.6 - https:\/\/yoast.com\/wordpress\/plugins\/seo\/ -->\n<title>\ud83c\uddeb\ud83c\uddf7Strixhaven: School of Mages Booster th\u00e9matique (Silverquill) - FR - Worlds Of Magic<\/title>\n<meta name=\"robots\" content=\"index, follow, max-snippet:-1, max-image-preview:large, max-video-preview:-1\" \/>\n<link rel=\"canonical\" href=\"https:\/\/worldsofmagic.net\/fr\/produit\/strixhaven-school-of-mages-booster-thematique-silverquill-fr\/\" \/>\n<meta property=\"og:locale\" content=\"fr_FR\" \/>\n<meta property=\"og:type\" content=\"article\" \/>\n<meta property=\"og:title\" content=\"\ud83c\uddeb\ud83c\uddf7Strixhaven: School of Mages Booster th\u00e9matique (Silverquill) - FR - Worlds Of Magic\" \/>\n<meta property=\"og:description\" content=\"Welcome to Strixhaven: School of Mages. In this latest release, Magic fans take part in the battle between five different colleges at Strixhaven, the most prestigious university for magical learning in the Magic Multiverse. Each college has its own personality and unique style of play, and players can choose the college they prefer. Silverquill (WB), [&hellip;]\" \/>\n<meta property=\"og:url\" content=\"https:\/\/worldsofmagic.net\/fr\/produit\/strixhaven-school-of-mages-booster-thematique-silverquill-fr\/\" \/>\n<meta property=\"og:site_name\" content=\"Worlds Of Magic\" \/>\n<meta property=\"article:modified_time\" content=\"2024-12-09T12:21:43+00:00\" \/>\n<meta property=\"og:image\" content=\"https:\/\/worldsofmagic.net\/wp-content\/uploads\/2024\/11\/Silverquill.png\" \/>\n\t<meta property=\"og:image:width\" content=\"300\" \/>\n\t<meta property=\"og:image:height\" content=\"300\" \/>\n\t<meta property=\"og:image:type\" content=\"image\/png\" \/>\n<meta name=\"twitter:card\" content=\"summary_large_image\" \/>\n<meta name=\"twitter:label1\" content=\"Dur\u00e9e de lecture estim\u00e9e\" \/>\n\t<meta name=\"twitter:data1\" content=\"1 minute\" \/>\n<script type=\"application\/ld+json\" class=\"yoast-schema-graph\">{\"@context\":\"https:\/\/schema.org\",\"@graph\":[{\"@type\":\"WebPage\",\"@id\":\"https:\/\/worldsofmagic.net\/product\/strixhaven-school-of-mages-booster-thematique-silverquill-fr\/\",\"url\":\"https:\/\/worldsofmagic.net\/product\/strixhaven-school-of-mages-booster-thematique-silverquill-fr\/\",\"name\":\"\ud83c\uddeb\ud83c\uddf7Strixhaven: School of Mages Booster th\u00e9matique (Silverquill) - FR - Worlds Of Magic\",\"isPartOf\":{\"@id\":\"https:\/\/worldsofmagic.net\/#website\"},\"primaryImageOfPage\":{\"@id\":\"https:\/\/worldsofmagic.net\/product\/strixhaven-school-of-mages-booster-thematique-silverquill-fr\/#primaryimage\"},\"image\":{\"@id\":\"https:\/\/worldsofmagic.net\/product\/strixhaven-school-of-mages-booster-thematique-silverquill-fr\/#primaryimage\"},\"thumbnailUrl\":\"https:\/\/worldsofmagic.net\/wp-content\/uploads\/2024\/11\/Silverquill.png\",\"datePublished\":\"2024-11-05T09:49:45+00:00\",\"dateModified\":\"2024-12-09T12:21:43+00:00\",\"breadcrumb\":{\"@id\":\"https:\/\/worldsofmagic.net\/product\/strixhaven-school-of-mages-booster-thematique-silverquill-fr\/#breadcrumb\"},\"inLanguage\":\"fr-FR\",\"potentialAction\":[{\"@type\":\"ReadAction\",\"target\":[\"https:\/\/worldsofmagic.net\/product\/strixhaven-school-of-mages-booster-thematique-silverquill-fr\/\"]}]},{\"@type\":\"ImageObject\",\"inLanguage\":\"fr-FR\",\"@id\":\"https:\/\/worldsofmagic.net\/product\/strixhaven-school-of-mages-booster-thematique-silverquill-fr\/#primaryimage\",\"url\":\"https:\/\/worldsofmagic.net\/wp-content\/uploads\/2024\/11\/Silverquill.png\",\"contentUrl\":\"https:\/\/worldsofmagic.net\/wp-content\/uploads\/2024\/11\/Silverquill.png\",\"width\":300,\"height\":300},{\"@type\":\"BreadcrumbList\",\"@id\":\"https:\/\/worldsofmagic.net\/product\/strixhaven-school-of-mages-booster-thematique-silverquill-fr\/#breadcrumb\",\"itemListElement\":[{\"@type\":\"ListItem\",\"position\":1,\"name\":\"Accueil\",\"item\":\"https:\/\/worldsofmagic.net\/\"},{\"@type\":\"ListItem\",\"position\":2,\"name\":\"Shop\",\"item\":\"https:\/\/worldsofmagic.net\/shop\/\"},{\"@type\":\"ListItem\",\"position\":3,\"name\":\"\ud83c\uddeb\ud83c\uddf7Strixhaven: School of Mages Booster th\u00e9matique (Silverquill) &#8211; FR\"}]},{\"@type\":\"WebSite\",\"@id\":\"https:\/\/worldsofmagic.net\/#website\",\"url\":\"https:\/\/worldsofmagic.net\/\",\"name\":\"Worlds Of Magic\",\"description\":\"\",\"publisher\":{\"@id\":\"https:\/\/worldsofmagic.net\/#organization\"},\"potentialAction\":[{\"@type\":\"SearchAction\",\"target\":{\"@type\":\"EntryPoint\",\"urlTemplate\":\"https:\/\/worldsofmagic.net\/?s={search_term_string}\"},\"query-input\":{\"@type\":\"PropertyValueSpecification\",\"valueRequired\":true,\"valueName\":\"search_term_string\"}}],\"inLanguage\":\"fr-FR\"},{\"@type\":\"Organization\",\"@id\":\"https:\/\/worldsofmagic.net\/#organization\",\"name\":\"Worlds Of Magic\",\"alternateName\":\"Worlds Of Magic\",\"url\":\"https:\/\/worldsofmagic.net\/\",\"logo\":{\"@type\":\"ImageObject\",\"inLanguage\":\"fr-FR\",\"@id\":\"https:\/\/worldsofmagic.net\/#\/schema\/logo\/image\/\",\"url\":\"https:\/\/worldsofmagic.net\/wp-content\/uploads\/2024\/07\/image.png\",\"contentUrl\":\"https:\/\/worldsofmagic.net\/wp-content\/uploads\/2024\/07\/image.png\",\"width\":1072,\"height\":341,\"caption\":\"Worlds Of Magic\"},\"image\":{\"@id\":\"https:\/\/worldsofmagic.net\/#\/schema\/logo\/image\/\"}}]}<\/script>\n<!-- \/ Yoast SEO plugin. -->","yoast_head_json":{"title":"\ud83c\uddeb\ud83c\uddf7Strixhaven: School of Mages Booster th\u00e9matique (Silverquill) - FR - Worlds Of Magic","robots":{"index":"index","follow":"follow","max-snippet":"max-snippet:-1","max-image-preview":"max-image-preview:large","max-video-preview":"max-video-preview:-1"},"canonical":"https:\/\/worldsofmagic.net\/fr\/produit\/strixhaven-school-of-mages-booster-thematique-silverquill-fr\/","og_locale":"fr_FR","og_type":"article","og_title":"\ud83c\uddeb\ud83c\uddf7Strixhaven: School of Mages Booster th\u00e9matique (Silverquill) - FR - Worlds Of Magic","og_description":"Welcome to Strixhaven: School of Mages. In this latest release, Magic fans take part in the battle between five different colleges at Strixhaven, the most prestigious university for magical learning in the Magic Multiverse. Each college has its own personality and unique style of play, and players can choose the college they prefer. Silverquill (WB), [&hellip;]","og_url":"https:\/\/worldsofmagic.net\/fr\/produit\/strixhaven-school-of-mages-booster-thematique-silverquill-fr\/","og_site_name":"Worlds Of Magic","article_modified_time":"2024-12-09T12:21:43+00:00","og_image":[{"width":300,"height":300,"url":"https:\/\/worldsofmagic.net\/wp-content\/uploads\/2024\/11\/Silverquill.png","type":"image\/png"}],"twitter_card":"summary_large_image","twitter_misc":{"Dur\u00e9e de lecture estim\u00e9e":"1 minute"},"schema":{"@context":"https:\/\/schema.org","@graph":[{"@type":"WebPage","@id":"https:\/\/worldsofmagic.net\/product\/strixhaven-school-of-mages-booster-thematique-silverquill-fr\/","url":"https:\/\/worldsofmagic.net\/product\/strixhaven-school-of-mages-booster-thematique-silverquill-fr\/","name":"\ud83c\uddeb\ud83c\uddf7Strixhaven: School of Mages Booster th\u00e9matique (Silverquill) - FR - Worlds Of Magic","isPartOf":{"@id":"https:\/\/worldsofmagic.net\/#website"},"primaryImageOfPage":{"@id":"https:\/\/worldsofmagic.net\/product\/strixhaven-school-of-mages-booster-thematique-silverquill-fr\/#primaryimage"},"image":{"@id":"https:\/\/worldsofmagic.net\/product\/strixhaven-school-of-mages-booster-thematique-silverquill-fr\/#primaryimage"},"thumbnailUrl":"https:\/\/worldsofmagic.net\/wp-content\/uploads\/2024\/11\/Silverquill.png","datePublished":"2024-11-05T09:49:45+00:00","dateModified":"2024-12-09T12:21:43+00:00","breadcrumb":{"@id":"https:\/\/worldsofmagic.net\/product\/strixhaven-school-of-mages-booster-thematique-silverquill-fr\/#breadcrumb"},"inLanguage":"fr-FR","potentialAction":[{"@type":"ReadAction","target":["https:\/\/worldsofmagic.net\/product\/strixhaven-school-of-mages-booster-thematique-silverquill-fr\/"]}]},{"@type":"ImageObject","inLanguage":"fr-FR","@id":"https:\/\/worldsofmagic.net\/product\/strixhaven-school-of-mages-booster-thematique-silverquill-fr\/#primaryimage","url":"https:\/\/worldsofmagic.net\/wp-content\/uploads\/2024\/11\/Silverquill.png","contentUrl":"https:\/\/worldsofmagic.net\/wp-content\/uploads\/2024\/11\/Silverquill.png","width":300,"height":300},{"@type":"BreadcrumbList","@id":"https:\/\/worldsofmagic.net\/product\/strixhaven-school-of-mages-booster-thematique-silverquill-fr\/#breadcrumb","itemListElement":[{"@type":"ListItem","position":1,"name":"Accueil","item":"https:\/\/worldsofmagic.net\/"},{"@type":"ListItem","position":2,"name":"Shop","item":"https:\/\/worldsofmagic.net\/shop\/"},{"@type":"ListItem","position":3,"name":"\ud83c\uddeb\ud83c\uddf7Strixhaven: School of Mages Booster th\u00e9matique (Silverquill) &#8211; FR"}]},{"@type":"WebSite","@id":"https:\/\/worldsofmagic.net\/#website","url":"https:\/\/worldsofmagic.net\/","name":"Worlds Of Magic","description":"","publisher":{"@id":"https:\/\/worldsofmagic.net\/#organization"},"potentialAction":[{"@type":"SearchAction","target":{"@type":"EntryPoint","urlTemplate":"https:\/\/worldsofmagic.net\/?s={search_term_string}"},"query-input":{"@type":"PropertyValueSpecification","valueRequired":true,"valueName":"search_term_string"}}],"inLanguage":"fr-FR"},{"@type":"Organization","@id":"https:\/\/worldsofmagic.net\/#organization","name":"Worlds Of Magic","alternateName":"Worlds Of Magic","url":"https:\/\/worldsofmagic.net\/","logo":{"@type":"ImageObject","inLanguage":"fr-FR","@id":"https:\/\/worldsofmagic.net\/#\/schema\/logo\/image\/","url":"https:\/\/worldsofmagic.net\/wp-content\/uploads\/2024\/07\/image.png","contentUrl":"https:\/\/worldsofmagic.net\/wp-content\/uploads\/2024\/07\/image.png","width":1072,"height":341,"caption":"Worlds Of Magic"},"image":{"@id":"https:\/\/worldsofmagic.net\/#\/schema\/logo\/image\/"}}]}},"jetpack_sharing_enabled":true,"_links":{"self":[{"href":"https:\/\/worldsofmagic.net\/fr\/wp-json\/wp\/v2\/product\/2120"}],"collection":[{"href":"https:\/\/worldsofmagic.net\/fr\/wp-json\/wp\/v2\/product"}],"about":[{"href":"https:\/\/worldsofmagic.net\/fr\/wp-json\/wp\/v2\/types\/product"}],"replies":[{"embeddable":true,"href":"https:\/\/worldsofmagic.net\/fr\/wp-json\/wp\/v2\/comments?post=2120"}],"wp:featuredmedia":[{"embeddable":true,"href":"https:\/\/worldsofmagic.net\/fr\/wp-json\/wp\/v2\/media\/2121"}],"wp:attachment":[{"href":"https:\/\/worldsofmagic.net\/fr\/wp-json\/wp\/v2\/media?parent=2120"}],"wp:term":[{"taxonomy":"product_cat","embeddable":true,"href":"https:\/\/worldsofmagic.net\/fr\/wp-json\/wp\/v2\/product_cat?post=2120"},{"taxonomy":"product_tag","embeddable":true,"href":"https:\/\/worldsofmagic.net\/fr\/wp-json\/wp\/v2\/product_tag?post=2120"}],"curies":[{"name":"wp","href":"https:\/\/api.w.org\/{rel}","templated":true}]}}