{"id":2136,"date":"2024-11-05T12:29:12","date_gmt":"2024-11-05T12:29:12","guid":{"rendered":"https:\/\/worldsofmagic.net\/?post_type=product&#038;p=2136"},"modified":"2024-12-09T12:13:37","modified_gmt":"2024-12-09T12:13:37","slug":"homelands-booster-fr","status":"publish","type":"product","link":"https:\/\/worldsofmagic.net\/fr\/produit\/homelands-booster-fr\/","title":{"rendered":"\ud83c\uddeb\ud83c\uddf7Homelands Booster \u2013 FR"},"content":{"rendered":"<p>Terres Natales fut un endroit magnifique o\u00f9 aujourd&#039;hui les derniers hommes se battent pour survivre \u00e0 la d\u00e9vastation et \u00e0 une nouvelle l\u00e9gion de vampires.<\/p>\n<p>Terres Natales est la septi\u00e8me extension de magic, sortie en octobre 1995 elle contient 140 cartes.<\/p>\n<p>Dans cette petite extension renforcez votre jeu gr\u00e2ce \u00e0 des cartes comme : Trou de m\u00e9moire, Didjeridou ou bien encore Parchemin du Marchand.<\/p>","protected":false},"excerpt":{"rendered":"<p>Terres Natales fut un endroit magnifique o\u00f9 aujourd&#039;hui les derniers hommes se battent pour survivre \u00e0 la d\u00e9vastation et \u00e0 une nouvelle l\u00e9gion de vampires. Terres Natales est la septi\u00e8me extension de magic, sortie en octobre 1995 elle contient 140 cartes. Dans cette petite extension renforcez votre jeu gr\u00e2ce \u00e0 des cartes comme : Trou de m\u00e9moire, Didjeridou [\u2026]<\/p>","protected":false},"featured_media":2138,"comment_status":"open","ping_status":"closed","template":"","meta":[],"product_cat":[113,140,21],"product_tag":[],"class_list":{"0":"post-2136","1":"product","2":"type-product","3":"status-publish","4":"has-post-thumbnail","6":"product_cat-boosterpack","7":"product_cat-french","8":"product_cat-magic-the-gathering","9":"pa_language-french","10":"pa_mtg-edition-other","12":"first","13":"instock","14":"purchasable","15":"product-type-simple"},"yoast_head":"<!-- This site is optimized with the Yoast SEO plugin v23.6 - https:\/\/yoast.com\/wordpress\/plugins\/seo\/ -->\n<title>\ud83c\uddeb\ud83c\uddf7Homelands Booster - FR - Worlds Of Magic<\/title>\n<meta name=\"robots\" content=\"index, follow, max-snippet:-1, max-image-preview:large, max-video-preview:-1\" \/>\n<link rel=\"canonical\" href=\"https:\/\/worldsofmagic.net\/fr\/produit\/homelands-booster-fr\/\" \/>\n<meta property=\"og:locale\" content=\"fr_FR\" \/>\n<meta property=\"og:type\" content=\"article\" \/>\n<meta property=\"og:title\" content=\"\ud83c\uddeb\ud83c\uddf7Homelands Booster - FR - Worlds Of Magic\" \/>\n<meta property=\"og:description\" content=\"Terres Natales fut un endroit magnifique o\u00f9 aujourd&#8217;hui les derniers hommes se battent pour survivre \u00e0 la devastation et \u00e0 une nouvelle l\u00e9gion de vampires. Terres Natales est la septi\u00e8me extention de magic, sortie en Octobre 1995 elle contient 140 cartes. Dans cette petite extension renforcez votre jeu gr\u00e2ce \u00e0 des cartes comme:\u00a0Trou de m\u00e9moire,\u00a0Didjeridou [&hellip;]\" \/>\n<meta property=\"og:url\" content=\"https:\/\/worldsofmagic.net\/fr\/produit\/homelands-booster-fr\/\" \/>\n<meta property=\"og:site_name\" content=\"Worlds Of Magic\" \/>\n<meta property=\"article:modified_time\" content=\"2024-12-09T12:13:37+00:00\" \/>\n<meta property=\"og:image\" content=\"https:\/\/worldsofmagic.net\/wp-content\/uploads\/2024\/11\/26231-jeux-de-cartes-a-collectionner-magic-the-gathering-booster-homelands-removebg-preview.png\" \/>\n\t<meta property=\"og:image:width\" content=\"500\" \/>\n\t<meta property=\"og:image:height\" content=\"500\" \/>\n\t<meta property=\"og:image:type\" content=\"image\/png\" \/>\n<meta name=\"twitter:card\" content=\"summary_large_image\" \/>\n<meta name=\"twitter:label1\" content=\"Dur\u00e9e de lecture estim\u00e9e\" \/>\n\t<meta name=\"twitter:data1\" content=\"1 minute\" \/>\n<script type=\"application\/ld+json\" class=\"yoast-schema-graph\">{\"@context\":\"https:\/\/schema.org\",\"@graph\":[{\"@type\":\"WebPage\",\"@id\":\"https:\/\/worldsofmagic.net\/product\/homelands-booster-fr\/\",\"url\":\"https:\/\/worldsofmagic.net\/product\/homelands-booster-fr\/\",\"name\":\"\ud83c\uddeb\ud83c\uddf7Homelands Booster - FR - Worlds Of Magic\",\"isPartOf\":{\"@id\":\"https:\/\/worldsofmagic.net\/#website\"},\"primaryImageOfPage\":{\"@id\":\"https:\/\/worldsofmagic.net\/product\/homelands-booster-fr\/#primaryimage\"},\"image\":{\"@id\":\"https:\/\/worldsofmagic.net\/product\/homelands-booster-fr\/#primaryimage\"},\"thumbnailUrl\":\"https:\/\/worldsofmagic.net\/wp-content\/uploads\/2024\/11\/26231-jeux-de-cartes-a-collectionner-magic-the-gathering-booster-homelands-removebg-preview.png\",\"datePublished\":\"2024-11-05T12:29:12+00:00\",\"dateModified\":\"2024-12-09T12:13:37+00:00\",\"breadcrumb\":{\"@id\":\"https:\/\/worldsofmagic.net\/product\/homelands-booster-fr\/#breadcrumb\"},\"inLanguage\":\"fr-FR\",\"potentialAction\":[{\"@type\":\"ReadAction\",\"target\":[\"https:\/\/worldsofmagic.net\/product\/homelands-booster-fr\/\"]}]},{\"@type\":\"ImageObject\",\"inLanguage\":\"fr-FR\",\"@id\":\"https:\/\/worldsofmagic.net\/product\/homelands-booster-fr\/#primaryimage\",\"url\":\"https:\/\/worldsofmagic.net\/wp-content\/uploads\/2024\/11\/26231-jeux-de-cartes-a-collectionner-magic-the-gathering-booster-homelands-removebg-preview.png\",\"contentUrl\":\"https:\/\/worldsofmagic.net\/wp-content\/uploads\/2024\/11\/26231-jeux-de-cartes-a-collectionner-magic-the-gathering-booster-homelands-removebg-preview.png\",\"width\":500,\"height\":500},{\"@type\":\"BreadcrumbList\",\"@id\":\"https:\/\/worldsofmagic.net\/product\/homelands-booster-fr\/#breadcrumb\",\"itemListElement\":[{\"@type\":\"ListItem\",\"position\":1,\"name\":\"Accueil\",\"item\":\"https:\/\/worldsofmagic.net\/\"},{\"@type\":\"ListItem\",\"position\":2,\"name\":\"Shop\",\"item\":\"https:\/\/worldsofmagic.net\/shop\/\"},{\"@type\":\"ListItem\",\"position\":3,\"name\":\"\ud83c\uddeb\ud83c\uddf7Homelands Booster &#8211; FR\"}]},{\"@type\":\"WebSite\",\"@id\":\"https:\/\/worldsofmagic.net\/#website\",\"url\":\"https:\/\/worldsofmagic.net\/\",\"name\":\"Worlds Of Magic\",\"description\":\"\",\"publisher\":{\"@id\":\"https:\/\/worldsofmagic.net\/#organization\"},\"potentialAction\":[{\"@type\":\"SearchAction\",\"target\":{\"@type\":\"EntryPoint\",\"urlTemplate\":\"https:\/\/worldsofmagic.net\/?s={search_term_string}\"},\"query-input\":{\"@type\":\"PropertyValueSpecification\",\"valueRequired\":true,\"valueName\":\"search_term_string\"}}],\"inLanguage\":\"fr-FR\"},{\"@type\":\"Organization\",\"@id\":\"https:\/\/worldsofmagic.net\/#organization\",\"name\":\"Worlds Of Magic\",\"alternateName\":\"Worlds Of Magic\",\"url\":\"https:\/\/worldsofmagic.net\/\",\"logo\":{\"@type\":\"ImageObject\",\"inLanguage\":\"fr-FR\",\"@id\":\"https:\/\/worldsofmagic.net\/#\/schema\/logo\/image\/\",\"url\":\"https:\/\/worldsofmagic.net\/wp-content\/uploads\/2024\/07\/image.png\",\"contentUrl\":\"https:\/\/worldsofmagic.net\/wp-content\/uploads\/2024\/07\/image.png\",\"width\":1072,\"height\":341,\"caption\":\"Worlds Of Magic\"},\"image\":{\"@id\":\"https:\/\/worldsofmagic.net\/#\/schema\/logo\/image\/\"}}]}<\/script>\n<!-- \/ Yoast SEO plugin. -->","yoast_head_json":{"title":"\ud83c\uddeb\ud83c\uddf7Homelands Booster - FR - Worlds Of Magic","robots":{"index":"index","follow":"follow","max-snippet":"max-snippet:-1","max-image-preview":"max-image-preview:large","max-video-preview":"max-video-preview:-1"},"canonical":"https:\/\/worldsofmagic.net\/fr\/produit\/homelands-booster-fr\/","og_locale":"fr_FR","og_type":"article","og_title":"\ud83c\uddeb\ud83c\uddf7Homelands Booster - FR - Worlds Of Magic","og_description":"Terres Natales fut un endroit magnifique o\u00f9 aujourd&#8217;hui les derniers hommes se battent pour survivre \u00e0 la devastation et \u00e0 une nouvelle l\u00e9gion de vampires. Terres Natales est la septi\u00e8me extention de magic, sortie en Octobre 1995 elle contient 140 cartes. Dans cette petite extension renforcez votre jeu gr\u00e2ce \u00e0 des cartes comme:\u00a0Trou de m\u00e9moire,\u00a0Didjeridou [&hellip;]","og_url":"https:\/\/worldsofmagic.net\/fr\/produit\/homelands-booster-fr\/","og_site_name":"Worlds Of Magic","article_modified_time":"2024-12-09T12:13:37+00:00","og_image":[{"width":500,"height":500,"url":"https:\/\/worldsofmagic.net\/wp-content\/uploads\/2024\/11\/26231-jeux-de-cartes-a-collectionner-magic-the-gathering-booster-homelands-removebg-preview.png","type":"image\/png"}],"twitter_card":"summary_large_image","twitter_misc":{"Dur\u00e9e de lecture estim\u00e9e":"1 minute"},"schema":{"@context":"https:\/\/schema.org","@graph":[{"@type":"WebPage","@id":"https:\/\/worldsofmagic.net\/product\/homelands-booster-fr\/","url":"https:\/\/worldsofmagic.net\/product\/homelands-booster-fr\/","name":"\ud83c\uddeb\ud83c\uddf7Homelands Booster - FR - Worlds Of Magic","isPartOf":{"@id":"https:\/\/worldsofmagic.net\/#website"},"primaryImageOfPage":{"@id":"https:\/\/worldsofmagic.net\/product\/homelands-booster-fr\/#primaryimage"},"image":{"@id":"https:\/\/worldsofmagic.net\/product\/homelands-booster-fr\/#primaryimage"},"thumbnailUrl":"https:\/\/worldsofmagic.net\/wp-content\/uploads\/2024\/11\/26231-jeux-de-cartes-a-collectionner-magic-the-gathering-booster-homelands-removebg-preview.png","datePublished":"2024-11-05T12:29:12+00:00","dateModified":"2024-12-09T12:13:37+00:00","breadcrumb":{"@id":"https:\/\/worldsofmagic.net\/product\/homelands-booster-fr\/#breadcrumb"},"inLanguage":"fr-FR","potentialAction":[{"@type":"ReadAction","target":["https:\/\/worldsofmagic.net\/product\/homelands-booster-fr\/"]}]},{"@type":"ImageObject","inLanguage":"fr-FR","@id":"https:\/\/worldsofmagic.net\/product\/homelands-booster-fr\/#primaryimage","url":"https:\/\/worldsofmagic.net\/wp-content\/uploads\/2024\/11\/26231-jeux-de-cartes-a-collectionner-magic-the-gathering-booster-homelands-removebg-preview.png","contentUrl":"https:\/\/worldsofmagic.net\/wp-content\/uploads\/2024\/11\/26231-jeux-de-cartes-a-collectionner-magic-the-gathering-booster-homelands-removebg-preview.png","width":500,"height":500},{"@type":"BreadcrumbList","@id":"https:\/\/worldsofmagic.net\/product\/homelands-booster-fr\/#breadcrumb","itemListElement":[{"@type":"ListItem","position":1,"name":"Accueil","item":"https:\/\/worldsofmagic.net\/"},{"@type":"ListItem","position":2,"name":"Shop","item":"https:\/\/worldsofmagic.net\/shop\/"},{"@type":"ListItem","position":3,"name":"\ud83c\uddeb\ud83c\uddf7Homelands Booster &#8211; FR"}]},{"@type":"WebSite","@id":"https:\/\/worldsofmagic.net\/#website","url":"https:\/\/worldsofmagic.net\/","name":"Worlds Of Magic","description":"","publisher":{"@id":"https:\/\/worldsofmagic.net\/#organization"},"potentialAction":[{"@type":"SearchAction","target":{"@type":"EntryPoint","urlTemplate":"https:\/\/worldsofmagic.net\/?s={search_term_string}"},"query-input":{"@type":"PropertyValueSpecification","valueRequired":true,"valueName":"search_term_string"}}],"inLanguage":"fr-FR"},{"@type":"Organization","@id":"https:\/\/worldsofmagic.net\/#organization","name":"Worlds Of Magic","alternateName":"Worlds Of Magic","url":"https:\/\/worldsofmagic.net\/","logo":{"@type":"ImageObject","inLanguage":"fr-FR","@id":"https:\/\/worldsofmagic.net\/#\/schema\/logo\/image\/","url":"https:\/\/worldsofmagic.net\/wp-content\/uploads\/2024\/07\/image.png","contentUrl":"https:\/\/worldsofmagic.net\/wp-content\/uploads\/2024\/07\/image.png","width":1072,"height":341,"caption":"Worlds Of Magic"},"image":{"@id":"https:\/\/worldsofmagic.net\/#\/schema\/logo\/image\/"}}]}},"jetpack_sharing_enabled":true,"_links":{"self":[{"href":"https:\/\/worldsofmagic.net\/fr\/wp-json\/wp\/v2\/product\/2136"}],"collection":[{"href":"https:\/\/worldsofmagic.net\/fr\/wp-json\/wp\/v2\/product"}],"about":[{"href":"https:\/\/worldsofmagic.net\/fr\/wp-json\/wp\/v2\/types\/product"}],"replies":[{"embeddable":true,"href":"https:\/\/worldsofmagic.net\/fr\/wp-json\/wp\/v2\/comments?post=2136"}],"wp:featuredmedia":[{"embeddable":true,"href":"https:\/\/worldsofmagic.net\/fr\/wp-json\/wp\/v2\/media\/2138"}],"wp:attachment":[{"href":"https:\/\/worldsofmagic.net\/fr\/wp-json\/wp\/v2\/media?parent=2136"}],"wp:term":[{"taxonomy":"product_cat","embeddable":true,"href":"https:\/\/worldsofmagic.net\/fr\/wp-json\/wp\/v2\/product_cat?post=2136"},{"taxonomy":"product_tag","embeddable":true,"href":"https:\/\/worldsofmagic.net\/fr\/wp-json\/wp\/v2\/product_tag?post=2136"}],"curies":[{"name":"wp","href":"https:\/\/api.w.org\/{rel}","templated":true}]}}