{"id":2155,"date":"2024-11-06T09:03:13","date_gmt":"2024-11-06T09:03:13","guid":{"rendered":"https:\/\/worldsofmagic.net\/?post_type=product&#038;p=2155"},"modified":"2025-07-13T13:13:38","modified_gmt":"2025-07-13T13:13:38","slug":"adventures-in-the-forgotten-realms-draft-booster","status":"publish","type":"product","link":"https:\/\/worldsofmagic.net\/fr\/produit\/adventures-in-the-forgotten-realms-draft-booster\/","title":{"rendered":"Booster de draft Aventures dans les royaumes oubli\u00e9s\ud83c\uddec\ud83c\udde7"},"content":{"rendered":"<h3>Chaque pack de boosters de draft D&amp;D : Adventures in the Forgotten Realms en anglais contient :<\/h3>\n<ul>\n<li>1 rare ou rare mythique<\/li>\n<li>3 objets peu communs<\/li>\n<li>10 communes<\/li>\n<li>1 terrain de base<\/li>\n<li>1 jeton<\/li>\n<\/ul>\n<p>De temps en temps, vous pouvez trouver une carte foil au lieu d&#039;une carte commune. De plus, une carte Collector (borderless ou showcase) peut \u00e9galement remplacer une carte de la m\u00eame raret\u00e9 !<\/p>","protected":false},"excerpt":{"rendered":"<p>Chaque booster de draft D&amp;D : Aventures dans les Royaumes Oubli\u00e9s en anglais contient\u00a0: 1 carte rare ou rare mythique\u00a0; 3 cartes peu communes\u00a0; 10 cartes communes\u00a0; 1 terrain de base\u00a0; 1 jeton. Il peut arriver que vous trouviez une carte brillante \u00e0 la place d&#039;une carte commune. De plus, une carte collector (sans bordure ou \u00e0 l&#039;effigie de votre personnage) peut \u00e9galement remplacer une carte [\u2026]<\/p>","protected":false},"featured_media":2156,"comment_status":"open","ping_status":"closed","template":"","meta":[],"product_cat":[113,139,21],"product_tag":[],"class_list":{"0":"post-2155","1":"product","2":"type-product","3":"status-publish","4":"has-post-thumbnail","6":"product_cat-boosterpack","7":"product_cat-english","8":"product_cat-magic-the-gathering","9":"pa_language-english","10":"pa_mtg-edition-adventures-in-the-forgotten-realms","12":"first","13":"outofstock","14":"purchasable","15":"product-type-simple"},"yoast_head":"<!-- This site is optimized with the Yoast SEO plugin v23.6 - https:\/\/yoast.com\/wordpress\/plugins\/seo\/ -->\n<title>\ud83c\uddec\ud83c\udde7adventures in the forgotten realms draft booster - Worlds Of Magic<\/title>\n<meta name=\"robots\" content=\"index, follow, max-snippet:-1, max-image-preview:large, max-video-preview:-1\" \/>\n<link rel=\"canonical\" href=\"https:\/\/worldsofmagic.net\/fr\/produit\/adventures-in-the-forgotten-realms-draft-booster\/\" \/>\n<meta property=\"og:locale\" content=\"fr_FR\" \/>\n<meta property=\"og:type\" content=\"article\" \/>\n<meta property=\"og:title\" content=\"\ud83c\uddec\ud83c\udde7adventures in the forgotten realms draft booster - Worlds Of Magic\" \/>\n<meta property=\"og:description\" content=\"Each D&amp;D : Adventures in the Forgotten Realms Draft Booster Pack in English contains: 1 rare or mythic rare 3 uncommons 10 commons 1 basic land 1 token From time to time, you may find a foil card instead of a common. In addition, a Collector card (borderless or showcase) can also replace a card [&hellip;]\" \/>\n<meta property=\"og:url\" content=\"https:\/\/worldsofmagic.net\/fr\/produit\/adventures-in-the-forgotten-realms-draft-booster\/\" \/>\n<meta property=\"og:site_name\" content=\"Worlds Of Magic\" \/>\n<meta property=\"article:modified_time\" content=\"2025-07-13T13:13:38+00:00\" \/>\n<meta property=\"og:image\" content=\"https:\/\/worldsofmagic.net\/wp-content\/uploads\/2024\/11\/adventures-in-the-forgotten-realms-draft-booster.png\" \/>\n\t<meta property=\"og:image:width\" content=\"300\" \/>\n\t<meta property=\"og:image:height\" content=\"300\" \/>\n\t<meta property=\"og:image:type\" content=\"image\/png\" \/>\n<meta name=\"twitter:card\" content=\"summary_large_image\" \/>\n<meta name=\"twitter:label1\" content=\"Dur\u00e9e de lecture estim\u00e9e\" \/>\n\t<meta name=\"twitter:data1\" content=\"1 minute\" \/>\n<script type=\"application\/ld+json\" class=\"yoast-schema-graph\">{\"@context\":\"https:\/\/schema.org\",\"@graph\":[{\"@type\":\"WebPage\",\"@id\":\"https:\/\/worldsofmagic.net\/product\/adventures-in-the-forgotten-realms-draft-booster\/\",\"url\":\"https:\/\/worldsofmagic.net\/product\/adventures-in-the-forgotten-realms-draft-booster\/\",\"name\":\"\ud83c\uddec\ud83c\udde7adventures in the forgotten realms draft booster - Worlds Of Magic\",\"isPartOf\":{\"@id\":\"https:\/\/worldsofmagic.net\/#website\"},\"primaryImageOfPage\":{\"@id\":\"https:\/\/worldsofmagic.net\/product\/adventures-in-the-forgotten-realms-draft-booster\/#primaryimage\"},\"image\":{\"@id\":\"https:\/\/worldsofmagic.net\/product\/adventures-in-the-forgotten-realms-draft-booster\/#primaryimage\"},\"thumbnailUrl\":\"https:\/\/worldsofmagic.net\/wp-content\/uploads\/2024\/11\/adventures-in-the-forgotten-realms-draft-booster.png\",\"datePublished\":\"2024-11-06T09:03:13+00:00\",\"dateModified\":\"2025-07-13T13:13:38+00:00\",\"breadcrumb\":{\"@id\":\"https:\/\/worldsofmagic.net\/product\/adventures-in-the-forgotten-realms-draft-booster\/#breadcrumb\"},\"inLanguage\":\"fr-FR\",\"potentialAction\":[{\"@type\":\"ReadAction\",\"target\":[\"https:\/\/worldsofmagic.net\/product\/adventures-in-the-forgotten-realms-draft-booster\/\"]}]},{\"@type\":\"ImageObject\",\"inLanguage\":\"fr-FR\",\"@id\":\"https:\/\/worldsofmagic.net\/product\/adventures-in-the-forgotten-realms-draft-booster\/#primaryimage\",\"url\":\"https:\/\/worldsofmagic.net\/wp-content\/uploads\/2024\/11\/adventures-in-the-forgotten-realms-draft-booster.png\",\"contentUrl\":\"https:\/\/worldsofmagic.net\/wp-content\/uploads\/2024\/11\/adventures-in-the-forgotten-realms-draft-booster.png\",\"width\":300,\"height\":300},{\"@type\":\"BreadcrumbList\",\"@id\":\"https:\/\/worldsofmagic.net\/product\/adventures-in-the-forgotten-realms-draft-booster\/#breadcrumb\",\"itemListElement\":[{\"@type\":\"ListItem\",\"position\":1,\"name\":\"Accueil\",\"item\":\"https:\/\/worldsofmagic.net\/\"},{\"@type\":\"ListItem\",\"position\":2,\"name\":\"Shop\",\"item\":\"https:\/\/worldsofmagic.net\/shop\/\"},{\"@type\":\"ListItem\",\"position\":3,\"name\":\"\ud83c\uddec\ud83c\udde7adventures in the forgotten realms draft booster\"}]},{\"@type\":\"WebSite\",\"@id\":\"https:\/\/worldsofmagic.net\/#website\",\"url\":\"https:\/\/worldsofmagic.net\/\",\"name\":\"Worlds Of Magic\",\"description\":\"\",\"publisher\":{\"@id\":\"https:\/\/worldsofmagic.net\/#organization\"},\"potentialAction\":[{\"@type\":\"SearchAction\",\"target\":{\"@type\":\"EntryPoint\",\"urlTemplate\":\"https:\/\/worldsofmagic.net\/?s={search_term_string}\"},\"query-input\":{\"@type\":\"PropertyValueSpecification\",\"valueRequired\":true,\"valueName\":\"search_term_string\"}}],\"inLanguage\":\"fr-FR\"},{\"@type\":\"Organization\",\"@id\":\"https:\/\/worldsofmagic.net\/#organization\",\"name\":\"Worlds Of Magic\",\"alternateName\":\"Worlds Of Magic\",\"url\":\"https:\/\/worldsofmagic.net\/\",\"logo\":{\"@type\":\"ImageObject\",\"inLanguage\":\"fr-FR\",\"@id\":\"https:\/\/worldsofmagic.net\/#\/schema\/logo\/image\/\",\"url\":\"https:\/\/worldsofmagic.net\/wp-content\/uploads\/2024\/07\/image.png\",\"contentUrl\":\"https:\/\/worldsofmagic.net\/wp-content\/uploads\/2024\/07\/image.png\",\"width\":1072,\"height\":341,\"caption\":\"Worlds Of Magic\"},\"image\":{\"@id\":\"https:\/\/worldsofmagic.net\/#\/schema\/logo\/image\/\"}}]}<\/script>\n<!-- \/ Yoast SEO plugin. -->","yoast_head_json":{"title":"\ud83c\uddec\ud83c\udde7adventures in the forgotten realms draft booster - Worlds Of Magic","robots":{"index":"index","follow":"follow","max-snippet":"max-snippet:-1","max-image-preview":"max-image-preview:large","max-video-preview":"max-video-preview:-1"},"canonical":"https:\/\/worldsofmagic.net\/fr\/produit\/adventures-in-the-forgotten-realms-draft-booster\/","og_locale":"fr_FR","og_type":"article","og_title":"\ud83c\uddec\ud83c\udde7adventures in the forgotten realms draft booster - Worlds Of Magic","og_description":"Each D&amp;D : Adventures in the Forgotten Realms Draft Booster Pack in English contains: 1 rare or mythic rare 3 uncommons 10 commons 1 basic land 1 token From time to time, you may find a foil card instead of a common. In addition, a Collector card (borderless or showcase) can also replace a card [&hellip;]","og_url":"https:\/\/worldsofmagic.net\/fr\/produit\/adventures-in-the-forgotten-realms-draft-booster\/","og_site_name":"Worlds Of Magic","article_modified_time":"2025-07-13T13:13:38+00:00","og_image":[{"width":300,"height":300,"url":"https:\/\/worldsofmagic.net\/wp-content\/uploads\/2024\/11\/adventures-in-the-forgotten-realms-draft-booster.png","type":"image\/png"}],"twitter_card":"summary_large_image","twitter_misc":{"Dur\u00e9e de lecture estim\u00e9e":"1 minute"},"schema":{"@context":"https:\/\/schema.org","@graph":[{"@type":"WebPage","@id":"https:\/\/worldsofmagic.net\/product\/adventures-in-the-forgotten-realms-draft-booster\/","url":"https:\/\/worldsofmagic.net\/product\/adventures-in-the-forgotten-realms-draft-booster\/","name":"\ud83c\uddec\ud83c\udde7adventures in the forgotten realms draft booster - Worlds Of Magic","isPartOf":{"@id":"https:\/\/worldsofmagic.net\/#website"},"primaryImageOfPage":{"@id":"https:\/\/worldsofmagic.net\/product\/adventures-in-the-forgotten-realms-draft-booster\/#primaryimage"},"image":{"@id":"https:\/\/worldsofmagic.net\/product\/adventures-in-the-forgotten-realms-draft-booster\/#primaryimage"},"thumbnailUrl":"https:\/\/worldsofmagic.net\/wp-content\/uploads\/2024\/11\/adventures-in-the-forgotten-realms-draft-booster.png","datePublished":"2024-11-06T09:03:13+00:00","dateModified":"2025-07-13T13:13:38+00:00","breadcrumb":{"@id":"https:\/\/worldsofmagic.net\/product\/adventures-in-the-forgotten-realms-draft-booster\/#breadcrumb"},"inLanguage":"fr-FR","potentialAction":[{"@type":"ReadAction","target":["https:\/\/worldsofmagic.net\/product\/adventures-in-the-forgotten-realms-draft-booster\/"]}]},{"@type":"ImageObject","inLanguage":"fr-FR","@id":"https:\/\/worldsofmagic.net\/product\/adventures-in-the-forgotten-realms-draft-booster\/#primaryimage","url":"https:\/\/worldsofmagic.net\/wp-content\/uploads\/2024\/11\/adventures-in-the-forgotten-realms-draft-booster.png","contentUrl":"https:\/\/worldsofmagic.net\/wp-content\/uploads\/2024\/11\/adventures-in-the-forgotten-realms-draft-booster.png","width":300,"height":300},{"@type":"BreadcrumbList","@id":"https:\/\/worldsofmagic.net\/product\/adventures-in-the-forgotten-realms-draft-booster\/#breadcrumb","itemListElement":[{"@type":"ListItem","position":1,"name":"Accueil","item":"https:\/\/worldsofmagic.net\/"},{"@type":"ListItem","position":2,"name":"Shop","item":"https:\/\/worldsofmagic.net\/shop\/"},{"@type":"ListItem","position":3,"name":"\ud83c\uddec\ud83c\udde7adventures in the forgotten realms draft booster"}]},{"@type":"WebSite","@id":"https:\/\/worldsofmagic.net\/#website","url":"https:\/\/worldsofmagic.net\/","name":"Worlds Of Magic","description":"","publisher":{"@id":"https:\/\/worldsofmagic.net\/#organization"},"potentialAction":[{"@type":"SearchAction","target":{"@type":"EntryPoint","urlTemplate":"https:\/\/worldsofmagic.net\/?s={search_term_string}"},"query-input":{"@type":"PropertyValueSpecification","valueRequired":true,"valueName":"search_term_string"}}],"inLanguage":"fr-FR"},{"@type":"Organization","@id":"https:\/\/worldsofmagic.net\/#organization","name":"Worlds Of Magic","alternateName":"Worlds Of Magic","url":"https:\/\/worldsofmagic.net\/","logo":{"@type":"ImageObject","inLanguage":"fr-FR","@id":"https:\/\/worldsofmagic.net\/#\/schema\/logo\/image\/","url":"https:\/\/worldsofmagic.net\/wp-content\/uploads\/2024\/07\/image.png","contentUrl":"https:\/\/worldsofmagic.net\/wp-content\/uploads\/2024\/07\/image.png","width":1072,"height":341,"caption":"Worlds Of Magic"},"image":{"@id":"https:\/\/worldsofmagic.net\/#\/schema\/logo\/image\/"}}]}},"jetpack_sharing_enabled":true,"_links":{"self":[{"href":"https:\/\/worldsofmagic.net\/fr\/wp-json\/wp\/v2\/product\/2155"}],"collection":[{"href":"https:\/\/worldsofmagic.net\/fr\/wp-json\/wp\/v2\/product"}],"about":[{"href":"https:\/\/worldsofmagic.net\/fr\/wp-json\/wp\/v2\/types\/product"}],"replies":[{"embeddable":true,"href":"https:\/\/worldsofmagic.net\/fr\/wp-json\/wp\/v2\/comments?post=2155"}],"wp:featuredmedia":[{"embeddable":true,"href":"https:\/\/worldsofmagic.net\/fr\/wp-json\/wp\/v2\/media\/2156"}],"wp:attachment":[{"href":"https:\/\/worldsofmagic.net\/fr\/wp-json\/wp\/v2\/media?parent=2155"}],"wp:term":[{"taxonomy":"product_cat","embeddable":true,"href":"https:\/\/worldsofmagic.net\/fr\/wp-json\/wp\/v2\/product_cat?post=2155"},{"taxonomy":"product_tag","embeddable":true,"href":"https:\/\/worldsofmagic.net\/fr\/wp-json\/wp\/v2\/product_tag?post=2155"}],"curies":[{"name":"wp","href":"https:\/\/api.w.org\/{rel}","templated":true}]}}