{"id":2163,"date":"2024-11-06T17:06:32","date_gmt":"2024-11-06T17:06:32","guid":{"rendered":"https:\/\/worldsofmagic.net\/?post_type=product&#038;p=2163"},"modified":"2025-07-13T13:11:29","modified_gmt":"2025-07-13T13:11:29","slug":"dominaria-united-draft-booster-box","status":"publish","type":"product","link":"https:\/\/worldsofmagic.net\/fr\/produit\/dominaria-united-draft-booster-box\/","title":{"rendered":"Bo\u00eete de boosters Dominaria United Draft\ud83c\uddec\ud83c\udde7"},"content":{"rendered":"<ul class=\"a-unordered-list a-vertical a-spacing-mini\">\n<li class=\"a-spacing-mini\"><span class=\"a-list-item\">36 boosters Dominaria United MTG Draft + 1 carte brillante Box Topper<\/span><\/li>\n<li class=\"a-spacing-mini\"><span class=\"a-list-item\">Meilleurs boosters pour drafter Dominaria United<\/span><\/li>\n<li class=\"a-spacing-mini\"><span class=\"a-list-item\">15 cartes Magic par booster<\/span><\/li>\n<li class=\"a-spacing-mini\"><span class=\"a-list-item\">1 cr\u00e9ature l\u00e9gendaire dans chaque pack<\/span><\/li>\n<li class=\"a-spacing-mini\"><span class=\"a-list-item\">1 carte Foil traditionnelle dans 33% de paquets<\/span><\/li>\n<li class=\"a-spacing-mini\"><span class=\"a-list-item\">Retournez sur le plan d&#039;origine de Magic dans un ensemble rempli de vos l\u00e9gendes et h\u00e9ros MTG pr\u00e9f\u00e9r\u00e9s<\/span><\/li>\n<\/ul>","protected":false},"excerpt":{"rendered":"<p>36 boosters de draft MTG Dominaria United + 1 carte foil Box Topper Meilleurs boosters pour drafter Dominaria United 15 cartes Magic par booster 1 cr\u00e9ature l\u00e9gendaire dans chaque pack 1 carte foil traditionnelle dans 33% de packs Retournez sur le plan d&#039;origine de Magic dans un ensemble rempli de vos l\u00e9gendes et h\u00e9ros MTG pr\u00e9f\u00e9r\u00e9s<\/p>","protected":false},"featured_media":2164,"comment_status":"open","ping_status":"closed","template":"","meta":[],"product_cat":[27,84,21],"product_tag":[],"class_list":{"0":"post-2163","1":"product","2":"type-product","3":"status-publish","4":"has-post-thumbnail","6":"product_cat-boosterboxes","7":"product_cat-english-boosterboxes","8":"product_cat-magic-the-gathering","9":"pa_language-english","10":"pa_mtg-edition-dominaria-united","12":"first","13":"instock","14":"purchasable","15":"product-type-simple"},"yoast_head":"<!-- This site is optimized with the Yoast SEO plugin v23.6 - https:\/\/yoast.com\/wordpress\/plugins\/seo\/ -->\n<title>\ud83c\uddec\ud83c\udde7Dominaria United Draft Booster Box - Worlds Of Magic<\/title>\n<meta name=\"robots\" content=\"index, follow, max-snippet:-1, max-image-preview:large, max-video-preview:-1\" \/>\n<link rel=\"canonical\" href=\"https:\/\/worldsofmagic.net\/fr\/produit\/dominaria-united-draft-booster-box\/\" \/>\n<meta property=\"og:locale\" content=\"fr_FR\" \/>\n<meta property=\"og:type\" content=\"article\" \/>\n<meta property=\"og:title\" content=\"\ud83c\uddec\ud83c\udde7Dominaria United Draft Booster Box - Worlds Of Magic\" \/>\n<meta property=\"og:description\" content=\"36 Dominaria United MTG Draft Boosters + 1 foil Box Topper card Best boosters for drafting Dominaria United 15 Magic cards per booster 1 Legendary Creature in every pack 1 Traditional Foil card in 33% of packs Return to Magic\u2019s home plane in a set full of your favorite MTG legends and heroes\" \/>\n<meta property=\"og:url\" content=\"https:\/\/worldsofmagic.net\/fr\/produit\/dominaria-united-draft-booster-box\/\" \/>\n<meta property=\"og:site_name\" content=\"Worlds Of Magic\" \/>\n<meta property=\"article:modified_time\" content=\"2025-07-13T13:11:29+00:00\" \/>\n<meta property=\"og:image\" content=\"https:\/\/worldsofmagic.net\/wp-content\/uploads\/2024\/11\/657417.png\" \/>\n\t<meta property=\"og:image:width\" content=\"300\" \/>\n\t<meta property=\"og:image:height\" content=\"300\" \/>\n\t<meta property=\"og:image:type\" content=\"image\/png\" \/>\n<meta name=\"twitter:card\" content=\"summary_large_image\" \/>\n<meta name=\"twitter:label1\" content=\"Dur\u00e9e de lecture estim\u00e9e\" \/>\n\t<meta name=\"twitter:data1\" content=\"1 minute\" \/>\n<script type=\"application\/ld+json\" class=\"yoast-schema-graph\">{\"@context\":\"https:\/\/schema.org\",\"@graph\":[{\"@type\":\"WebPage\",\"@id\":\"https:\/\/worldsofmagic.net\/product\/dominaria-united-draft-booster-box\/\",\"url\":\"https:\/\/worldsofmagic.net\/product\/dominaria-united-draft-booster-box\/\",\"name\":\"\ud83c\uddec\ud83c\udde7Dominaria United Draft Booster Box - Worlds Of Magic\",\"isPartOf\":{\"@id\":\"https:\/\/worldsofmagic.net\/#website\"},\"primaryImageOfPage\":{\"@id\":\"https:\/\/worldsofmagic.net\/product\/dominaria-united-draft-booster-box\/#primaryimage\"},\"image\":{\"@id\":\"https:\/\/worldsofmagic.net\/product\/dominaria-united-draft-booster-box\/#primaryimage\"},\"thumbnailUrl\":\"https:\/\/worldsofmagic.net\/wp-content\/uploads\/2024\/11\/657417.png\",\"datePublished\":\"2024-11-06T17:06:32+00:00\",\"dateModified\":\"2025-07-13T13:11:29+00:00\",\"breadcrumb\":{\"@id\":\"https:\/\/worldsofmagic.net\/product\/dominaria-united-draft-booster-box\/#breadcrumb\"},\"inLanguage\":\"fr-FR\",\"potentialAction\":[{\"@type\":\"ReadAction\",\"target\":[\"https:\/\/worldsofmagic.net\/product\/dominaria-united-draft-booster-box\/\"]}]},{\"@type\":\"ImageObject\",\"inLanguage\":\"fr-FR\",\"@id\":\"https:\/\/worldsofmagic.net\/product\/dominaria-united-draft-booster-box\/#primaryimage\",\"url\":\"https:\/\/worldsofmagic.net\/wp-content\/uploads\/2024\/11\/657417.png\",\"contentUrl\":\"https:\/\/worldsofmagic.net\/wp-content\/uploads\/2024\/11\/657417.png\",\"width\":300,\"height\":300},{\"@type\":\"BreadcrumbList\",\"@id\":\"https:\/\/worldsofmagic.net\/product\/dominaria-united-draft-booster-box\/#breadcrumb\",\"itemListElement\":[{\"@type\":\"ListItem\",\"position\":1,\"name\":\"Accueil\",\"item\":\"https:\/\/worldsofmagic.net\/\"},{\"@type\":\"ListItem\",\"position\":2,\"name\":\"Shop\",\"item\":\"https:\/\/worldsofmagic.net\/shop\/\"},{\"@type\":\"ListItem\",\"position\":3,\"name\":\"\ud83c\uddec\ud83c\udde7Dominaria United Draft Booster Box\"}]},{\"@type\":\"WebSite\",\"@id\":\"https:\/\/worldsofmagic.net\/#website\",\"url\":\"https:\/\/worldsofmagic.net\/\",\"name\":\"Worlds Of Magic\",\"description\":\"\",\"publisher\":{\"@id\":\"https:\/\/worldsofmagic.net\/#organization\"},\"potentialAction\":[{\"@type\":\"SearchAction\",\"target\":{\"@type\":\"EntryPoint\",\"urlTemplate\":\"https:\/\/worldsofmagic.net\/?s={search_term_string}\"},\"query-input\":{\"@type\":\"PropertyValueSpecification\",\"valueRequired\":true,\"valueName\":\"search_term_string\"}}],\"inLanguage\":\"fr-FR\"},{\"@type\":\"Organization\",\"@id\":\"https:\/\/worldsofmagic.net\/#organization\",\"name\":\"Worlds Of Magic\",\"alternateName\":\"Worlds Of Magic\",\"url\":\"https:\/\/worldsofmagic.net\/\",\"logo\":{\"@type\":\"ImageObject\",\"inLanguage\":\"fr-FR\",\"@id\":\"https:\/\/worldsofmagic.net\/#\/schema\/logo\/image\/\",\"url\":\"https:\/\/worldsofmagic.net\/wp-content\/uploads\/2024\/07\/image.png\",\"contentUrl\":\"https:\/\/worldsofmagic.net\/wp-content\/uploads\/2024\/07\/image.png\",\"width\":1072,\"height\":341,\"caption\":\"Worlds Of Magic\"},\"image\":{\"@id\":\"https:\/\/worldsofmagic.net\/#\/schema\/logo\/image\/\"}}]}<\/script>\n<!-- \/ Yoast SEO plugin. -->","yoast_head_json":{"title":"\ud83c\uddec\ud83c\udde7Dominaria United Draft Booster Box - Worlds Of Magic","robots":{"index":"index","follow":"follow","max-snippet":"max-snippet:-1","max-image-preview":"max-image-preview:large","max-video-preview":"max-video-preview:-1"},"canonical":"https:\/\/worldsofmagic.net\/fr\/produit\/dominaria-united-draft-booster-box\/","og_locale":"fr_FR","og_type":"article","og_title":"\ud83c\uddec\ud83c\udde7Dominaria United Draft Booster Box - Worlds Of Magic","og_description":"36 Dominaria United MTG Draft Boosters + 1 foil Box Topper card Best boosters for drafting Dominaria United 15 Magic cards per booster 1 Legendary Creature in every pack 1 Traditional Foil card in 33% of packs Return to Magic\u2019s home plane in a set full of your favorite MTG legends and heroes","og_url":"https:\/\/worldsofmagic.net\/fr\/produit\/dominaria-united-draft-booster-box\/","og_site_name":"Worlds Of Magic","article_modified_time":"2025-07-13T13:11:29+00:00","og_image":[{"width":300,"height":300,"url":"https:\/\/worldsofmagic.net\/wp-content\/uploads\/2024\/11\/657417.png","type":"image\/png"}],"twitter_card":"summary_large_image","twitter_misc":{"Dur\u00e9e de lecture estim\u00e9e":"1 minute"},"schema":{"@context":"https:\/\/schema.org","@graph":[{"@type":"WebPage","@id":"https:\/\/worldsofmagic.net\/product\/dominaria-united-draft-booster-box\/","url":"https:\/\/worldsofmagic.net\/product\/dominaria-united-draft-booster-box\/","name":"\ud83c\uddec\ud83c\udde7Dominaria United Draft Booster Box - Worlds Of Magic","isPartOf":{"@id":"https:\/\/worldsofmagic.net\/#website"},"primaryImageOfPage":{"@id":"https:\/\/worldsofmagic.net\/product\/dominaria-united-draft-booster-box\/#primaryimage"},"image":{"@id":"https:\/\/worldsofmagic.net\/product\/dominaria-united-draft-booster-box\/#primaryimage"},"thumbnailUrl":"https:\/\/worldsofmagic.net\/wp-content\/uploads\/2024\/11\/657417.png","datePublished":"2024-11-06T17:06:32+00:00","dateModified":"2025-07-13T13:11:29+00:00","breadcrumb":{"@id":"https:\/\/worldsofmagic.net\/product\/dominaria-united-draft-booster-box\/#breadcrumb"},"inLanguage":"fr-FR","potentialAction":[{"@type":"ReadAction","target":["https:\/\/worldsofmagic.net\/product\/dominaria-united-draft-booster-box\/"]}]},{"@type":"ImageObject","inLanguage":"fr-FR","@id":"https:\/\/worldsofmagic.net\/product\/dominaria-united-draft-booster-box\/#primaryimage","url":"https:\/\/worldsofmagic.net\/wp-content\/uploads\/2024\/11\/657417.png","contentUrl":"https:\/\/worldsofmagic.net\/wp-content\/uploads\/2024\/11\/657417.png","width":300,"height":300},{"@type":"BreadcrumbList","@id":"https:\/\/worldsofmagic.net\/product\/dominaria-united-draft-booster-box\/#breadcrumb","itemListElement":[{"@type":"ListItem","position":1,"name":"Accueil","item":"https:\/\/worldsofmagic.net\/"},{"@type":"ListItem","position":2,"name":"Shop","item":"https:\/\/worldsofmagic.net\/shop\/"},{"@type":"ListItem","position":3,"name":"\ud83c\uddec\ud83c\udde7Dominaria United Draft Booster Box"}]},{"@type":"WebSite","@id":"https:\/\/worldsofmagic.net\/#website","url":"https:\/\/worldsofmagic.net\/","name":"Worlds Of Magic","description":"","publisher":{"@id":"https:\/\/worldsofmagic.net\/#organization"},"potentialAction":[{"@type":"SearchAction","target":{"@type":"EntryPoint","urlTemplate":"https:\/\/worldsofmagic.net\/?s={search_term_string}"},"query-input":{"@type":"PropertyValueSpecification","valueRequired":true,"valueName":"search_term_string"}}],"inLanguage":"fr-FR"},{"@type":"Organization","@id":"https:\/\/worldsofmagic.net\/#organization","name":"Worlds Of Magic","alternateName":"Worlds Of Magic","url":"https:\/\/worldsofmagic.net\/","logo":{"@type":"ImageObject","inLanguage":"fr-FR","@id":"https:\/\/worldsofmagic.net\/#\/schema\/logo\/image\/","url":"https:\/\/worldsofmagic.net\/wp-content\/uploads\/2024\/07\/image.png","contentUrl":"https:\/\/worldsofmagic.net\/wp-content\/uploads\/2024\/07\/image.png","width":1072,"height":341,"caption":"Worlds Of Magic"},"image":{"@id":"https:\/\/worldsofmagic.net\/#\/schema\/logo\/image\/"}}]}},"jetpack_sharing_enabled":true,"_links":{"self":[{"href":"https:\/\/worldsofmagic.net\/fr\/wp-json\/wp\/v2\/product\/2163"}],"collection":[{"href":"https:\/\/worldsofmagic.net\/fr\/wp-json\/wp\/v2\/product"}],"about":[{"href":"https:\/\/worldsofmagic.net\/fr\/wp-json\/wp\/v2\/types\/product"}],"replies":[{"embeddable":true,"href":"https:\/\/worldsofmagic.net\/fr\/wp-json\/wp\/v2\/comments?post=2163"}],"wp:featuredmedia":[{"embeddable":true,"href":"https:\/\/worldsofmagic.net\/fr\/wp-json\/wp\/v2\/media\/2164"}],"wp:attachment":[{"href":"https:\/\/worldsofmagic.net\/fr\/wp-json\/wp\/v2\/media?parent=2163"}],"wp:term":[{"taxonomy":"product_cat","embeddable":true,"href":"https:\/\/worldsofmagic.net\/fr\/wp-json\/wp\/v2\/product_cat?post=2163"},{"taxonomy":"product_tag","embeddable":true,"href":"https:\/\/worldsofmagic.net\/fr\/wp-json\/wp\/v2\/product_tag?post=2163"}],"curies":[{"name":"wp","href":"https:\/\/api.w.org\/{rel}","templated":true}]}}